{"id":4402,"date":"2025-04-10T16:23:18","date_gmt":"2025-04-10T16:23:18","guid":{"rendered":"https:\/\/api.croghan.bank\/calculadora-de-prestamos-hipotecarios\/"},"modified":"2026-04-22T12:42:49","modified_gmt":"2026-04-22T12:42:49","slug":"calculadora-de-prestamos-hipotecarios","status":"publish","type":"page","link":"https:\/\/api.croghan.bank\/es\/recursos\/calculadoras\/calculadora-de-prestamos-hipotecarios\/","title":{"rendered":"Calculadora de pr\u00e9stamos hipotecarios"},"content":{"rendered":"","protected":false},"excerpt":{"rendered":"","protected":false},"author":1,"featured_media":0,"parent":4426,"menu_order":0,"comment_status":"closed","ping_status":"closed","template":"","meta":{"_acf_changed":false,"inline_featured_image":false,"footnotes":""},"categories":[],"tags":[],"class_list":["post-4402","page","type-page","status-publish","hentry"],"acf":{"modules":[{"acf_fc_layout":"bread_crumb_nav_hero","title":"<h1>Calculadora de pr\u00e9stamos hipotecarios<\/h1>","subtitle":"","content":"<div>\n<div>Utilice esta calculadora de hipotecas para determinar su pago mensual y generar un cronograma de amortizaci\u00f3n estimado. Vea r\u00e1pidamente cu\u00e1nto inter\u00e9s podr\u00eda pagar y sus saldos de capital estimados. Ingrese los montos de pago anticipado para calcular su impacto en su hipoteca.  <\/div>\n<\/div>","buttons":[{"button":{"link":{"title":"Cont\u00e1ctenos","url":"\/contact-us","target":""},"button_style":"solid","button_color":"blue","opens_modal":false,"video":null}}],"module_anchor_id":"","module_padding_inner":"noPaddingInner","module_spacing_after":"defaultSpacingAfter"},{"acf_fc_layout":"basic_content","content":"<div id=\"KJEAllContent\"><\/div>\n<script type=\"text\/javascript\" src=\"\/calculator\/KJE.js\"><\/script>\n<script type=\"text\/javascript\" src=\"\/calculator\/KJESiteSpecific.js\"><\/script>\n<script type=\"text\/javascript\" src=\"\/calculator\/MortgageLoan.js\"><\/script>\n<script type=\"text\/javascript\" src=\"\/calculator\/MortgageLoanParams.js\"><\/script>","module_background_color":"white","module_anchor_id":"","module_padding_inner":"noPaddingInner","module_spacing_after":"defaultSpacingAfter"}]},"yoast_head":"<!-- This site is optimized with the Yoast SEO plugin v27.5 - https:\/\/yoast.com\/product\/yoast-seo-wordpress\/ -->\n<title>Calculadora de pr\u00e9stamos hipotecarios | Banco Colonial Croghan<\/title>\n<meta name=\"description\" content=\"Estima tu pago mensual de la hipoteca y genera un calendario de amortizaci\u00f3n con la calculadora hipotecaria gratuita de Croghan. Planifica con confianza antes de postularte.\" \/>\n<meta name=\"robots\" content=\"noindex, follow, max-snippet:-1, max-image-preview:large, max-video-preview:-1\" \/>\n<meta property=\"og:locale\" content=\"es_ES\" \/>\n<meta property=\"og:type\" content=\"article\" \/>\n<meta property=\"og:title\" content=\"Calculadora de pr\u00e9stamos hipotecarios | Banco Colonial Croghan\" \/>\n<meta property=\"og:description\" content=\"Estima tu pago mensual de la hipoteca y genera un calendario de amortizaci\u00f3n con la calculadora hipotecaria gratuita de Croghan. Planifica con confianza antes de postularte.\" \/>\n<meta property=\"og:url\" content=\"https:\/\/api.croghan.bank\/es\/recursos\/calculadoras\/calculadora-de-prestamos-hipotecarios\/\" \/>\n<meta property=\"og:site_name\" content=\"Banco Croghan sin cabeza\" \/>\n<meta property=\"article:modified_time\" content=\"2026-04-22T12:42:49+00:00\" \/>\n<meta name=\"twitter:card\" content=\"summary_large_image\" \/>\n<script type=\"application\/ld+json\" class=\"yoast-schema-graph\">{\"@context\":\"https:\\\/\\\/schema.org\",\"@graph\":[{\"@type\":\"WebPage\",\"@id\":\"https:\\\/\\\/api.croghan.bank\\\/es\\\/recursos\\\/calculadoras\\\/calculadora-de-prestamos-hipotecarios\\\/\",\"url\":\"https:\\\/\\\/api.croghan.bank\\\/es\\\/recursos\\\/calculadoras\\\/calculadora-de-prestamos-hipotecarios\\\/\",\"name\":\"Calculadora de pr\u00e9stamos hipotecarios | Banco Colonial Croghan\",\"isPartOf\":{\"@id\":\"https:\\\/\\\/api.croghan.bank\\\/es\\\/#website\"},\"datePublished\":\"2025-04-10T16:23:18+00:00\",\"dateModified\":\"2026-04-22T12:42:49+00:00\",\"description\":\"Estima tu pago mensual de la hipoteca y genera un calendario de amortizaci\u00f3n con la calculadora hipotecaria gratuita de Croghan. Planifica con confianza antes de postularte.\",\"breadcrumb\":{\"@id\":\"https:\\\/\\\/api.croghan.bank\\\/es\\\/recursos\\\/calculadoras\\\/calculadora-de-prestamos-hipotecarios\\\/#breadcrumb\"},\"inLanguage\":\"es\",\"potentialAction\":[{\"@type\":\"ReadAction\",\"target\":[\"https:\\\/\\\/api.croghan.bank\\\/es\\\/recursos\\\/calculadoras\\\/calculadora-de-prestamos-hipotecarios\\\/\"]}]},{\"@type\":\"BreadcrumbList\",\"@id\":\"https:\\\/\\\/api.croghan.bank\\\/es\\\/recursos\\\/calculadoras\\\/calculadora-de-prestamos-hipotecarios\\\/#breadcrumb\",\"itemListElement\":[{\"@type\":\"ListItem\",\"position\":1,\"name\":\"Hogar\",\"item\":\"https:\\\/\\\/api.croghan.bank\\\/es\\\/\"},{\"@type\":\"ListItem\",\"position\":2,\"name\":\"Recursos\",\"item\":\"https:\\\/\\\/api.croghan.bank\\\/es\\\/recursos\\\/\"},{\"@type\":\"ListItem\",\"position\":3,\"name\":\"Calculadoras\",\"item\":\"https:\\\/\\\/api.croghan.bank\\\/es\\\/recursos\\\/calculadoras\\\/\"},{\"@type\":\"ListItem\",\"position\":4,\"name\":\"Calculadora de pr\u00e9stamos hipotecarios\"}]},{\"@type\":\"WebSite\",\"@id\":\"https:\\\/\\\/api.croghan.bank\\\/es\\\/#website\",\"url\":\"https:\\\/\\\/api.croghan.bank\\\/es\\\/\",\"name\":\"Banco Croghan sin cabeza\",\"description\":\"\",\"potentialAction\":[{\"@type\":\"SearchAction\",\"target\":{\"@type\":\"EntryPoint\",\"urlTemplate\":\"https:\\\/\\\/api.croghan.bank\\\/es\\\/?s={search_term_string}\"},\"query-input\":{\"@type\":\"PropertyValueSpecification\",\"valueRequired\":true,\"valueName\":\"search_term_string\"}}],\"inLanguage\":\"es\"}]}<\/script>\n<!-- \/ Yoast SEO plugin. -->","yoast_head_json":{"title":"Calculadora de pr\u00e9stamos hipotecarios | Banco Colonial Croghan","description":"Estima tu pago mensual de la hipoteca y genera un calendario de amortizaci\u00f3n con la calculadora hipotecaria gratuita de Croghan. Planifica con confianza antes de postularte.","robots":{"index":"noindex","follow":"follow","max-snippet":"max-snippet:-1","max-image-preview":"max-image-preview:large","max-video-preview":"max-video-preview:-1"},"og_locale":"es_ES","og_type":"article","og_title":"Calculadora de pr\u00e9stamos hipotecarios | Banco Colonial Croghan","og_description":"Estima tu pago mensual de la hipoteca y genera un calendario de amortizaci\u00f3n con la calculadora hipotecaria gratuita de Croghan. Planifica con confianza antes de postularte.","og_url":"https:\/\/api.croghan.bank\/es\/recursos\/calculadoras\/calculadora-de-prestamos-hipotecarios\/","og_site_name":"Banco Croghan sin cabeza","article_modified_time":"2026-04-22T12:42:49+00:00","twitter_card":"summary_large_image","schema":{"@context":"https:\/\/schema.org","@graph":[{"@type":"WebPage","@id":"https:\/\/api.croghan.bank\/es\/recursos\/calculadoras\/calculadora-de-prestamos-hipotecarios\/","url":"https:\/\/api.croghan.bank\/es\/recursos\/calculadoras\/calculadora-de-prestamos-hipotecarios\/","name":"Calculadora de pr\u00e9stamos hipotecarios | Banco Colonial Croghan","isPartOf":{"@id":"https:\/\/api.croghan.bank\/es\/#website"},"datePublished":"2025-04-10T16:23:18+00:00","dateModified":"2026-04-22T12:42:49+00:00","description":"Estima tu pago mensual de la hipoteca y genera un calendario de amortizaci\u00f3n con la calculadora hipotecaria gratuita de Croghan. Planifica con confianza antes de postularte.","breadcrumb":{"@id":"https:\/\/api.croghan.bank\/es\/recursos\/calculadoras\/calculadora-de-prestamos-hipotecarios\/#breadcrumb"},"inLanguage":"es","potentialAction":[{"@type":"ReadAction","target":["https:\/\/api.croghan.bank\/es\/recursos\/calculadoras\/calculadora-de-prestamos-hipotecarios\/"]}]},{"@type":"BreadcrumbList","@id":"https:\/\/api.croghan.bank\/es\/recursos\/calculadoras\/calculadora-de-prestamos-hipotecarios\/#breadcrumb","itemListElement":[{"@type":"ListItem","position":1,"name":"Hogar","item":"https:\/\/api.croghan.bank\/es\/"},{"@type":"ListItem","position":2,"name":"Recursos","item":"https:\/\/api.croghan.bank\/es\/recursos\/"},{"@type":"ListItem","position":3,"name":"Calculadoras","item":"https:\/\/api.croghan.bank\/es\/recursos\/calculadoras\/"},{"@type":"ListItem","position":4,"name":"Calculadora de pr\u00e9stamos hipotecarios"}]},{"@type":"WebSite","@id":"https:\/\/api.croghan.bank\/es\/#website","url":"https:\/\/api.croghan.bank\/es\/","name":"Banco Croghan sin cabeza","description":"","potentialAction":[{"@type":"SearchAction","target":{"@type":"EntryPoint","urlTemplate":"https:\/\/api.croghan.bank\/es\/?s={search_term_string}"},"query-input":{"@type":"PropertyValueSpecification","valueRequired":true,"valueName":"search_term_string"}}],"inLanguage":"es"}]}},"_links":{"self":[{"href":"https:\/\/api.croghan.bank\/es\/wp-json\/wp\/v2\/pages\/4402","targetHints":{"allow":["GET"]}}],"collection":[{"href":"https:\/\/api.croghan.bank\/es\/wp-json\/wp\/v2\/pages"}],"about":[{"href":"https:\/\/api.croghan.bank\/es\/wp-json\/wp\/v2\/types\/page"}],"author":[{"embeddable":true,"href":"https:\/\/api.croghan.bank\/es\/wp-json\/wp\/v2\/users\/1"}],"replies":[{"embeddable":true,"href":"https:\/\/api.croghan.bank\/es\/wp-json\/wp\/v2\/comments?post=4402"}],"version-history":[{"count":1,"href":"https:\/\/api.croghan.bank\/es\/wp-json\/wp\/v2\/pages\/4402\/revisions"}],"predecessor-version":[{"id":7630,"href":"https:\/\/api.croghan.bank\/es\/wp-json\/wp\/v2\/pages\/4402\/revisions\/7630"}],"up":[{"embeddable":true,"href":"https:\/\/api.croghan.bank\/es\/wp-json\/wp\/v2\/pages\/4426"}],"wp:attachment":[{"href":"https:\/\/api.croghan.bank\/es\/wp-json\/wp\/v2\/media?parent=4402"}],"wp:term":[{"taxonomy":"category","embeddable":true,"href":"https:\/\/api.croghan.bank\/es\/wp-json\/wp\/v2\/categories?post=4402"},{"taxonomy":"post_tag","embeddable":true,"href":"https:\/\/api.croghan.bank\/es\/wp-json\/wp\/v2\/tags?post=4402"}],"curies":[{"name":"wp","href":"https:\/\/api.w.org\/{rel}","templated":true}]}}