{"id":4405,"date":"2025-04-25T18:17:46","date_gmt":"2025-04-25T18:17:46","guid":{"rendered":"https:\/\/api.croghan.bank\/opciones-de-mejoras-para-el-hogar\/"},"modified":"2026-04-21T19:43:03","modified_gmt":"2026-04-21T19:43:03","slug":"opciones-de-mejoras-para-el-hogar","status":"publish","type":"page","link":"https:\/\/api.croghan.bank\/es\/personal\/prestamos-personales\/opciones-de-mejoras-para-el-hogar\/","title":{"rendered":"Opciones de mejoras para el hogar"},"content":{"rendered":"","protected":false},"excerpt":{"rendered":"","protected":false},"author":5,"featured_media":0,"parent":4491,"menu_order":0,"comment_status":"closed","ping_status":"closed","template":"","meta":{"_acf_changed":false,"inline_featured_image":false,"footnotes":""},"categories":[],"tags":[],"class_list":["post-4405","page","type-page","status-publish","hentry"],"acf":{"modules":[{"acf_fc_layout":"bread_crumb_nav_hero","title":"<h1>Opciones de mejoras para el hogar<\/h1>","subtitle":"","content":"Si est\u00e1 buscando acceder al valor neto de su vivienda, Croghan Colonial Bank puede ayudarlo a elegir entre una l\u00ednea de cr\u00e9dito con garant\u00eda hipotecaria (HELOC) y un pr\u00e9stamo para mejoras en el hogar. Estas opciones de pr\u00e9stamo proporcionan fondos para una variedad de prop\u00f3sitos, incluidas las renovaciones de la vivienda, la consolidaci\u00f3n de deudas, los gastos universitarios, las compras importantes o cualquier otro gasto que pueda tener. No hay restricciones sobre c\u00f3mo puede usar los fondos, y est\u00e1n disponibles cuando los necesite.  ","buttons":[{"button":{"link":{"title":"Cont\u00e1ctenos","url":"\/contact-us","target":""},"button_style":"solid","button_color":"dBlue","opens_modal":false,"video":null}},{"button":{"link":{"title":"Buscar una ubicaci\u00f3n","url":"\/locations","target":""},"button_style":"outlined","button_color":"dBlue","opens_modal":false,"video":null}}],"module_anchor_id":"","module_padding_inner":"noPaddingInner","module_spacing_after":"defaultSpacingAfter"},{"acf_fc_layout":"full_width_media","media_type":"image","image":3632,"video":null,"video_youtube":"","video_poster_image":null,"module_upper_half_background_color":"blue","module_lower_half_background_color":"white","module_anchor_id":"","module_padding_inner":"noPaddingInner","module_spacing_after":"noSpacingAfter"},{"acf_fc_layout":"comparison_cards","eyebrow":"","title":"<h2>Mejoras para el hogar vs. HELOC: \u00bfCu\u00e1l es el adecuado para usted?<\/h2>","content":"Elegir entre una HELOC y un pr\u00e9stamo para mejoras en el hogar depende de su situaci\u00f3n financiera \u00fanica:","comparison_cards":[{"icon":3716,"icon_dark_mode":null,"content":"<h3>Pr\u00e9stamo para mejoras en el hogar<\/h3>\nUn pr\u00e9stamo para mejoras en el hogar le permite utilizar dos opciones diferentes. <strong>Use el valor neto de su vivienda <\/strong>para pedir dinero prestado para su proyecto de mejoras para el hogar en funci\u00f3n del valor actual o proyectado de su vivienda. <strong>El Valor Proyectado<\/strong> nos ayuda a evaluar c\u00f3mo las mejoras planificadas para el hogar mejorar\u00e1n el valor de su vivienda, lo que le permite utilizar estos fondos anticipados para completar su proyecto de mejoras para el hogar. Utilice un <strong>pr\u00e9stamo personal sin garant\u00eda para mejoras en el hogar<\/strong>, que le permite pedir prestado hasta $20,000.00.   "},{"icon":3716,"icon_dark_mode":null,"content":"<h3>HELOC<\/h3>\nUna HELOC funciona como una l\u00ednea de cr\u00e9dito renovable garantizada por el valor neto de su vivienda. Con nuestra <strong>funci\u00f3n de bloqueo<\/strong>, puede convertir partes de su saldo en un pr\u00e9stamo de tasa fija en cualquier momento, lo que garantiza pagos mensuales predecibles. Puede tener hasta tres saldos bloqueados separados a la vez. La elegibilidad puede depender de factores como el valor neto de la vivienda, el puntaje de cr\u00e9dito y la relaci\u00f3n deuda-ingreso (DTI).   "}],"module_anchor_id":"","module_padding_inner":"noPaddingInner","module_spacing_after":"defaultSpacingAfter"},{"acf_fc_layout":"floating_cards","eyebrow":"","title":"<h2>Beneficios de HELOC<\/h2>","content":"","buttons":null,"cards_alignment":"cardsLeft","card_style_type":"cardTypeBasic","floating_cards":[{"icon":"","icon_dark_mode":null,"eyebrow":"","title":"<h3>Endeudamiento flexible<\/h3>","description":"Acceda a los fondos seg\u00fan sea necesario.","image":null,"link":null},{"icon":"","icon_dark_mode":null,"eyebrow":"","title":"<h3>Funci\u00f3n de bloqueo<\/h3>","description":"Convierta todo o parte de su saldo a una tasa fija para pagos predecibles.","image":null,"link":null},{"icon":"","icon_dark_mode":null,"eyebrow":"","title":"<h3>Cr\u00e9dito Rotativo<\/h3>","description":"A medida que paga, los fondos est\u00e1n disponibles para volver a pedir prestado.","image":null,"link":null},{"icon":"","icon_dark_mode":null,"eyebrow":"","title":"<h3>Pagos de solo intereses<\/h3>","description":"Pague solo los intereses durante el per\u00edodo de retiro, con la opci\u00f3n de pagar el capital antes de tiempo.","image":null,"link":null}],"module_background_style":"accentTriangle","module_anchor_id":"","module_padding_inner":"noPaddingInner","module_spacing_after":"noSpacingAfter"},{"acf_fc_layout":"floating_cards","eyebrow":"","title":"<h2>Beneficios de mejoras para el hogar<\/h2>","content":"","buttons":null,"cards_alignment":"cardsRight","card_style_type":"cardTypeBasic","floating_cards":[{"icon":"","icon_dark_mode":null,"eyebrow":"","title":"<h3>Acceso r\u00e1pido a los fondos<\/h3>","description":"El acceso r\u00e1pido a los fondos necesarios para los proyectos de mejoras para el hogar permite a los propietarios comenzar las renovaciones antes.","image":null,"link":null},{"icon":"","icon_dark_mode":null,"eyebrow":"","title":"<h3>Aumento del valor de la vivienda<\/h3>","description":"Las mejoras en el hogar pueden aumentar el valor de su casa, lo que las convierte en una inversi\u00f3n que vale la pena.<span class=\"pjBG2e\" data-cid=\"6c705748-0ef4-4f49-b940-d7809c224620\"><span class=\"UV3uM\"> <\/span><\/span>","image":null,"link":null},{"icon":"","icon_dark_mode":null,"eyebrow":"","title":"<h3>Tasas de inter\u00e9s fijas<\/h3>","description":"Los pr\u00e9stamos para mejoras en el hogar ofrecen tasas de inter\u00e9s fijas, lo que brinda previsibilidad y facilita el presupuesto de los pagos del pr\u00e9stamo.<span class=\"pjBG2e\" data-cid=\"ad99b5e0-d532-4e22-af94-51ff5365af05\"><span class=\"UV3uM\"> <\/span><\/span>","image":null,"link":null}],"module_background_style":"accentTriangle","module_anchor_id":"","module_padding_inner":"noPaddingInner","module_spacing_after":"noSpacingAfter"},{"acf_fc_layout":"content_and_cards_row","title":"<h3>Costo del Proyecto de Hogar Com\u00fan<\/h3>","content":"Una planificaci\u00f3n adecuada garantiza que dispones de la financiaci\u00f3n adecuada antes de empezar tu proyecto. Aqu\u00ed hay un vistazo a los costos promedio de las renovaciones comunes: ","cards_row":[{"icon":"","icon_dark_mode":null,"eyebrow":"","title":"<h4>Remodelaci\u00f3n menor de la cocina<\/h4>","content":"$23,452","link":null},{"icon":"","icon_dark_mode":null,"eyebrow":"","title":"<h4>Remodelaci\u00f3n importante de la cocina<\/h4>","content":"$68,490","link":null},{"icon":"","icon_dark_mode":null,"eyebrow":"","title":"<h4>Reemplazo de puerta de garaje<\/h4>","content":"$3,695","link":null},{"icon":"","icon_dark_mode":null,"eyebrow":"","title":"<h4>Reemplazo de techo<\/h4>","content":"$24,700","link":null}],"module_stacked_rows":false,"module_upper-half_background_color":"blue","module_lower-half_background_color":"white","module_anchor_id":"","module_padding_inner":"noPaddingInner","module_spacing_after":"defaultSpacingAfter"},{"acf_fc_layout":"floating_cards","eyebrow":"","title":"<h2>Lo que puedes esperar de Croghan<\/h2>","content":"Cuando elige Croghan para su pr\u00e9stamo de la FHA o VA, se est\u00e1 asociando con un prestamista de confianza comprometido con el \u00e9xito de su propiedad de vivienda.","buttons":null,"cards_alignment":"cardsLeft","card_style_type":"cardTypeBasic","floating_cards":[{"icon":3675,"icon_dark_mode":null,"eyebrow":"","title":"<h3>Proceso simple y transparente<\/h3>","description":"Lo guiaremos a trav\u00e9s de cada paso de su solicitud de pr\u00e9stamo, asegur\u00e1ndonos de que comprenda los t\u00e9rminos y se sienta seguro en cada paso del camino.","image":null,"link":null},{"icon":3717,"icon_dark_mode":null,"eyebrow":"","title":"<h3>Soporte Personalizado<\/h3>","description":"Desde la aprobaci\u00f3n previa hasta el d\u00eda del cierre, nuestro equipo est\u00e1 aqu\u00ed para ofrecer apoyo personalizado, haciendo que el proceso de compra de una vivienda sea lo m\u00e1s fluido y eficiente posible.","image":null,"link":null},{"icon":3719,"icon_dark_mode":null,"eyebrow":"","title":"<h3>Expertos locales<\/h3>","description":"Con a\u00f1os de experiencia sirviendo a nuestra comunidad, brindamos asesoramiento y apoyo personalizados adaptados a sus necesidades \u00fanicas.","image":null,"link":null}],"module_background_style":"accentTriangle","module_anchor_id":"","module_padding_inner":"noPaddingInner","module_spacing_after":"defaultSpacingAfter"},{"acf_fc_layout":"content_card_pattern_accent","image":4022,"eyebrow":"","title":"<h2>\u00bfListo para empezar?<\/h2>","content":"Comience a convertir sus planes de mejoras para el hogar en realidad hoy.","buttons":[{"button":{"link":{"title":"Ll\u00e1manos","url":"tel:8882764426","target":"_blank"},"button_style":"solid","button_color":"dBlue","opens_modal":false,"video":null}},{"button":{"link":{"title":"Cont\u00e1ctenos","url":"\/contact-us","target":""},"button_style":"outlined","button_color":"dBlue","opens_modal":false,"video":null}}],"disclaimer":"","module_image_alignment":"imageLeft","module_card_background_color":"cardBackgroundGrey","module_anchor_id":"","module_padding_inner":"paddingInnerBottom","module_spacing_after":"compactSpacingAfter"},{"acf_fc_layout":"accordion","eyebrow":null,"accordion_items":null,"module_anchor_id":null,"module_padding_inner":null,"module_spacing_after":null},{"acf_fc_layout":"location_pre_footer","module_anchor_id":"","module_padding_inner":"noPaddingInner","module_spacing_after":"defaultSpacingAfter"}]},"yoast_head":"<!-- This site is optimized with the Yoast SEO plugin v27.5 - https:\/\/yoast.com\/product\/yoast-seo-wordpress\/ -->\n<title>Pr\u00e9stamos para mejoras del hogar | Pr\u00e9stamos HELOC | Croghan<\/title>\n<meta name=\"description\" content=\"Aprovecha el valor de tu vivienda con una l\u00ednea de cr\u00e9dito de Croghan o un pr\u00e9stamo para mejoras del hogar sin garant\u00eda. Tarifas competitivas para reformas, reparaciones y proyectos de vivienda de gran valor.\" \/>\n<meta name=\"robots\" content=\"noindex, follow, max-snippet:-1, max-image-preview:large, max-video-preview:-1\" \/>\n<meta property=\"og:locale\" content=\"es_ES\" \/>\n<meta property=\"og:type\" content=\"article\" \/>\n<meta property=\"og:title\" content=\"Pr\u00e9stamos para mejoras del hogar | Pr\u00e9stamos HELOC | Croghan\" \/>\n<meta property=\"og:description\" content=\"Aprovecha el valor de tu vivienda con una l\u00ednea de cr\u00e9dito de Croghan o un pr\u00e9stamo para mejoras del hogar sin garant\u00eda. Tarifas competitivas para reformas, reparaciones y proyectos de vivienda de gran valor.\" \/>\n<meta property=\"og:url\" content=\"https:\/\/api.croghan.bank\/es\/personal\/prestamos-personales\/opciones-de-mejoras-para-el-hogar\/\" \/>\n<meta property=\"og:site_name\" content=\"Banco Croghan sin cabeza\" \/>\n<meta property=\"article:modified_time\" content=\"2026-04-21T19:43:03+00:00\" \/>\n<meta name=\"twitter:card\" content=\"summary_large_image\" \/>\n<script type=\"application\/ld+json\" class=\"yoast-schema-graph\">{\"@context\":\"https:\\\/\\\/schema.org\",\"@graph\":[{\"@type\":\"WebPage\",\"@id\":\"https:\\\/\\\/api.croghan.bank\\\/es\\\/personal\\\/prestamos-personales\\\/opciones-de-mejoras-para-el-hogar\\\/\",\"url\":\"https:\\\/\\\/api.croghan.bank\\\/es\\\/personal\\\/prestamos-personales\\\/opciones-de-mejoras-para-el-hogar\\\/\",\"name\":\"Pr\u00e9stamos para mejoras del hogar | Pr\u00e9stamos HELOC | Croghan\",\"isPartOf\":{\"@id\":\"https:\\\/\\\/api.croghan.bank\\\/es\\\/#website\"},\"datePublished\":\"2025-04-25T18:17:46+00:00\",\"dateModified\":\"2026-04-21T19:43:03+00:00\",\"description\":\"Aprovecha el valor de tu vivienda con una l\u00ednea de cr\u00e9dito de Croghan o un pr\u00e9stamo para mejoras del hogar sin garant\u00eda. Tarifas competitivas para reformas, reparaciones y proyectos de vivienda de gran valor.\",\"breadcrumb\":{\"@id\":\"https:\\\/\\\/api.croghan.bank\\\/es\\\/personal\\\/prestamos-personales\\\/opciones-de-mejoras-para-el-hogar\\\/#breadcrumb\"},\"inLanguage\":\"es\",\"potentialAction\":[{\"@type\":\"ReadAction\",\"target\":[\"https:\\\/\\\/api.croghan.bank\\\/es\\\/personal\\\/prestamos-personales\\\/opciones-de-mejoras-para-el-hogar\\\/\"]}]},{\"@type\":\"BreadcrumbList\",\"@id\":\"https:\\\/\\\/api.croghan.bank\\\/es\\\/personal\\\/prestamos-personales\\\/opciones-de-mejoras-para-el-hogar\\\/#breadcrumb\",\"itemListElement\":[{\"@type\":\"ListItem\",\"position\":1,\"name\":\"Hogar\",\"item\":\"https:\\\/\\\/api.croghan.bank\\\/es\\\/\"},{\"@type\":\"ListItem\",\"position\":2,\"name\":\"Personal\",\"item\":\"https:\\\/\\\/api.croghan.bank\\\/es\\\/personal\\\/\"},{\"@type\":\"ListItem\",\"position\":3,\"name\":\"Pr\u00e9stamos Personales\",\"item\":\"https:\\\/\\\/api.croghan.bank\\\/es\\\/personal\\\/prestamos-personales\\\/\"},{\"@type\":\"ListItem\",\"position\":4,\"name\":\"Opciones de mejoras para el hogar\"}]},{\"@type\":\"WebSite\",\"@id\":\"https:\\\/\\\/api.croghan.bank\\\/es\\\/#website\",\"url\":\"https:\\\/\\\/api.croghan.bank\\\/es\\\/\",\"name\":\"Banco Croghan sin cabeza\",\"description\":\"\",\"potentialAction\":[{\"@type\":\"SearchAction\",\"target\":{\"@type\":\"EntryPoint\",\"urlTemplate\":\"https:\\\/\\\/api.croghan.bank\\\/es\\\/?s={search_term_string}\"},\"query-input\":{\"@type\":\"PropertyValueSpecification\",\"valueRequired\":true,\"valueName\":\"search_term_string\"}}],\"inLanguage\":\"es\"}]}<\/script>\n<!-- \/ Yoast SEO plugin. -->","yoast_head_json":{"title":"Pr\u00e9stamos para mejoras del hogar | Pr\u00e9stamos HELOC | Croghan","description":"Aprovecha el valor de tu vivienda con una l\u00ednea de cr\u00e9dito de Croghan o un pr\u00e9stamo para mejoras del hogar sin garant\u00eda. Tarifas competitivas para reformas, reparaciones y proyectos de vivienda de gran valor.","robots":{"index":"noindex","follow":"follow","max-snippet":"max-snippet:-1","max-image-preview":"max-image-preview:large","max-video-preview":"max-video-preview:-1"},"og_locale":"es_ES","og_type":"article","og_title":"Pr\u00e9stamos para mejoras del hogar | Pr\u00e9stamos HELOC | Croghan","og_description":"Aprovecha el valor de tu vivienda con una l\u00ednea de cr\u00e9dito de Croghan o un pr\u00e9stamo para mejoras del hogar sin garant\u00eda. Tarifas competitivas para reformas, reparaciones y proyectos de vivienda de gran valor.","og_url":"https:\/\/api.croghan.bank\/es\/personal\/prestamos-personales\/opciones-de-mejoras-para-el-hogar\/","og_site_name":"Banco Croghan sin cabeza","article_modified_time":"2026-04-21T19:43:03+00:00","twitter_card":"summary_large_image","schema":{"@context":"https:\/\/schema.org","@graph":[{"@type":"WebPage","@id":"https:\/\/api.croghan.bank\/es\/personal\/prestamos-personales\/opciones-de-mejoras-para-el-hogar\/","url":"https:\/\/api.croghan.bank\/es\/personal\/prestamos-personales\/opciones-de-mejoras-para-el-hogar\/","name":"Pr\u00e9stamos para mejoras del hogar | Pr\u00e9stamos HELOC | Croghan","isPartOf":{"@id":"https:\/\/api.croghan.bank\/es\/#website"},"datePublished":"2025-04-25T18:17:46+00:00","dateModified":"2026-04-21T19:43:03+00:00","description":"Aprovecha el valor de tu vivienda con una l\u00ednea de cr\u00e9dito de Croghan o un pr\u00e9stamo para mejoras del hogar sin garant\u00eda. Tarifas competitivas para reformas, reparaciones y proyectos de vivienda de gran valor.","breadcrumb":{"@id":"https:\/\/api.croghan.bank\/es\/personal\/prestamos-personales\/opciones-de-mejoras-para-el-hogar\/#breadcrumb"},"inLanguage":"es","potentialAction":[{"@type":"ReadAction","target":["https:\/\/api.croghan.bank\/es\/personal\/prestamos-personales\/opciones-de-mejoras-para-el-hogar\/"]}]},{"@type":"BreadcrumbList","@id":"https:\/\/api.croghan.bank\/es\/personal\/prestamos-personales\/opciones-de-mejoras-para-el-hogar\/#breadcrumb","itemListElement":[{"@type":"ListItem","position":1,"name":"Hogar","item":"https:\/\/api.croghan.bank\/es\/"},{"@type":"ListItem","position":2,"name":"Personal","item":"https:\/\/api.croghan.bank\/es\/personal\/"},{"@type":"ListItem","position":3,"name":"Pr\u00e9stamos Personales","item":"https:\/\/api.croghan.bank\/es\/personal\/prestamos-personales\/"},{"@type":"ListItem","position":4,"name":"Opciones de mejoras para el hogar"}]},{"@type":"WebSite","@id":"https:\/\/api.croghan.bank\/es\/#website","url":"https:\/\/api.croghan.bank\/es\/","name":"Banco Croghan sin cabeza","description":"","potentialAction":[{"@type":"SearchAction","target":{"@type":"EntryPoint","urlTemplate":"https:\/\/api.croghan.bank\/es\/?s={search_term_string}"},"query-input":{"@type":"PropertyValueSpecification","valueRequired":true,"valueName":"search_term_string"}}],"inLanguage":"es"}]}},"_links":{"self":[{"href":"https:\/\/api.croghan.bank\/es\/wp-json\/wp\/v2\/pages\/4405","targetHints":{"allow":["GET"]}}],"collection":[{"href":"https:\/\/api.croghan.bank\/es\/wp-json\/wp\/v2\/pages"}],"about":[{"href":"https:\/\/api.croghan.bank\/es\/wp-json\/wp\/v2\/types\/page"}],"author":[{"embeddable":true,"href":"https:\/\/api.croghan.bank\/es\/wp-json\/wp\/v2\/users\/5"}],"replies":[{"embeddable":true,"href":"https:\/\/api.croghan.bank\/es\/wp-json\/wp\/v2\/comments?post=4405"}],"version-history":[{"count":1,"href":"https:\/\/api.croghan.bank\/es\/wp-json\/wp\/v2\/pages\/4405\/revisions"}],"predecessor-version":[{"id":7592,"href":"https:\/\/api.croghan.bank\/es\/wp-json\/wp\/v2\/pages\/4405\/revisions\/7592"}],"up":[{"embeddable":true,"href":"https:\/\/api.croghan.bank\/es\/wp-json\/wp\/v2\/pages\/4491"}],"wp:attachment":[{"href":"https:\/\/api.croghan.bank\/es\/wp-json\/wp\/v2\/media?parent=4405"}],"wp:term":[{"taxonomy":"category","embeddable":true,"href":"https:\/\/api.croghan.bank\/es\/wp-json\/wp\/v2\/categories?post=4405"},{"taxonomy":"post_tag","embeddable":true,"href":"https:\/\/api.croghan.bank\/es\/wp-json\/wp\/v2\/tags?post=4405"}],"curies":[{"name":"wp","href":"https:\/\/api.w.org\/{rel}","templated":true}]}}