{"id":4408,"date":"2025-04-10T16:27:44","date_gmt":"2025-04-10T16:27:44","guid":{"rendered":"https:\/\/api.croghan.bank\/calculadora-de-planificacion-para-la-jubilacion\/"},"modified":"2026-04-22T12:42:50","modified_gmt":"2026-04-22T12:42:50","slug":"calculadora-de-planificacion-para-la-jubilacion","status":"publish","type":"page","link":"https:\/\/api.croghan.bank\/es\/recursos\/calculadoras\/calculadora-de-planificacion-para-la-jubilacion\/","title":{"rendered":"Calculadora de Planificaci\u00f3n para la Jubilaci\u00f3n"},"content":{"rendered":"","protected":false},"excerpt":{"rendered":"","protected":false},"author":1,"featured_media":0,"parent":4426,"menu_order":0,"comment_status":"closed","ping_status":"closed","template":"","meta":{"_acf_changed":false,"inline_featured_image":false,"footnotes":""},"categories":[],"tags":[],"class_list":["post-4408","page","type-page","status-publish","hentry"],"acf":{"modules":[{"acf_fc_layout":"bread_crumb_nav_hero","title":"<div>\n<h1>Calculadora de Planificaci\u00f3n para la Jubilaci\u00f3n<\/h1>\n<\/div>","subtitle":"","content":"<div>\n<div>\u00bfSabes lo que se necesita para trabajar hacia una jubilaci\u00f3n segura? Use esta calculadora para ayudarle a crear su plan de jubilaci\u00f3n. Vea el saldo de sus ahorros para la jubilaci\u00f3n y sus retiros de cada a\u00f1o hasta el final de su jubilaci\u00f3n. El Seguro Social se calcula en una escala m\u00f3vil basada en sus ingresos. Incluir a un c\u00f3nyuge que no trabaja en su plan aumenta sus beneficios del Seguro Social hasta, pero no m\u00e1s, el m\u00e1ximo.    <\/div>\n<\/div>","buttons":[{"button":{"link":{"title":"Cont\u00e1ctenos","url":"\/contact-us","target":""},"button_style":"solid","button_color":"blue","opens_modal":false,"video":null}}],"module_anchor_id":"","module_padding_inner":"noPaddingInner","module_spacing_after":"defaultSpacingAfter"},{"acf_fc_layout":"basic_content","content":"<div id=\"KJEAllContent\"><\/div>\n<script type=\"text\/javascript\" src=\"\/calculator\/KJE.js\"><\/script>\n<script type=\"text\/javascript\" src=\"\/calculator\/KJESiteSpecific.js\"><\/script>\n<script type=\"text\/javascript\" src=\"\/calculator\/RetirementPlan.js\"><\/script>\n<script type=\"text\/javascript\" src=\"\/calculator\/RetirementPlanParams.js\"><\/script>","module_background_color":"white","module_anchor_id":"","module_padding_inner":"noPaddingInner","module_spacing_after":"defaultSpacingAfter"}]},"yoast_head":"<!-- This site is optimized with the Yoast SEO plugin v27.5 - https:\/\/yoast.com\/product\/yoast-seo-wordpress\/ -->\n<title>Calculadora de planificaci\u00f3n de la jubilaci\u00f3n | Croghan<\/title>\n<meta name=\"description\" content=\"Estima cu\u00e1nto necesitas ahorrar para una jubilaci\u00f3n segura con la calculadora de jubilaci\u00f3n de Croghan. Establece un objetivo mensual de ahorro y haz un seguimiento de tu progreso.\" \/>\n<meta name=\"robots\" content=\"noindex, follow, max-snippet:-1, max-image-preview:large, max-video-preview:-1\" \/>\n<meta property=\"og:locale\" content=\"es_ES\" \/>\n<meta property=\"og:type\" content=\"article\" \/>\n<meta property=\"og:title\" content=\"Calculadora de planificaci\u00f3n de la jubilaci\u00f3n | Croghan\" \/>\n<meta property=\"og:description\" content=\"Estima cu\u00e1nto necesitas ahorrar para una jubilaci\u00f3n segura con la calculadora de jubilaci\u00f3n de Croghan. Establece un objetivo mensual de ahorro y haz un seguimiento de tu progreso.\" \/>\n<meta property=\"og:url\" content=\"https:\/\/api.croghan.bank\/es\/recursos\/calculadoras\/calculadora-de-planificacion-para-la-jubilacion\/\" \/>\n<meta property=\"og:site_name\" content=\"Banco Croghan sin cabeza\" \/>\n<meta property=\"article:modified_time\" content=\"2026-04-22T12:42:50+00:00\" \/>\n<meta name=\"twitter:card\" content=\"summary_large_image\" \/>\n<script type=\"application\/ld+json\" class=\"yoast-schema-graph\">{\"@context\":\"https:\\\/\\\/schema.org\",\"@graph\":[{\"@type\":\"WebPage\",\"@id\":\"https:\\\/\\\/api.croghan.bank\\\/es\\\/recursos\\\/calculadoras\\\/calculadora-de-planificacion-para-la-jubilacion\\\/\",\"url\":\"https:\\\/\\\/api.croghan.bank\\\/es\\\/recursos\\\/calculadoras\\\/calculadora-de-planificacion-para-la-jubilacion\\\/\",\"name\":\"Calculadora de planificaci\u00f3n de la jubilaci\u00f3n | Croghan\",\"isPartOf\":{\"@id\":\"https:\\\/\\\/api.croghan.bank\\\/es\\\/#website\"},\"datePublished\":\"2025-04-10T16:27:44+00:00\",\"dateModified\":\"2026-04-22T12:42:50+00:00\",\"description\":\"Estima cu\u00e1nto necesitas ahorrar para una jubilaci\u00f3n segura con la calculadora de jubilaci\u00f3n de Croghan. Establece un objetivo mensual de ahorro y haz un seguimiento de tu progreso.\",\"breadcrumb\":{\"@id\":\"https:\\\/\\\/api.croghan.bank\\\/es\\\/recursos\\\/calculadoras\\\/calculadora-de-planificacion-para-la-jubilacion\\\/#breadcrumb\"},\"inLanguage\":\"es\",\"potentialAction\":[{\"@type\":\"ReadAction\",\"target\":[\"https:\\\/\\\/api.croghan.bank\\\/es\\\/recursos\\\/calculadoras\\\/calculadora-de-planificacion-para-la-jubilacion\\\/\"]}]},{\"@type\":\"BreadcrumbList\",\"@id\":\"https:\\\/\\\/api.croghan.bank\\\/es\\\/recursos\\\/calculadoras\\\/calculadora-de-planificacion-para-la-jubilacion\\\/#breadcrumb\",\"itemListElement\":[{\"@type\":\"ListItem\",\"position\":1,\"name\":\"Hogar\",\"item\":\"https:\\\/\\\/api.croghan.bank\\\/es\\\/\"},{\"@type\":\"ListItem\",\"position\":2,\"name\":\"Recursos\",\"item\":\"https:\\\/\\\/api.croghan.bank\\\/es\\\/recursos\\\/\"},{\"@type\":\"ListItem\",\"position\":3,\"name\":\"Calculadoras\",\"item\":\"https:\\\/\\\/api.croghan.bank\\\/es\\\/recursos\\\/calculadoras\\\/\"},{\"@type\":\"ListItem\",\"position\":4,\"name\":\"Calculadora de Planificaci\u00f3n para la Jubilaci\u00f3n\"}]},{\"@type\":\"WebSite\",\"@id\":\"https:\\\/\\\/api.croghan.bank\\\/es\\\/#website\",\"url\":\"https:\\\/\\\/api.croghan.bank\\\/es\\\/\",\"name\":\"Banco Croghan sin cabeza\",\"description\":\"\",\"potentialAction\":[{\"@type\":\"SearchAction\",\"target\":{\"@type\":\"EntryPoint\",\"urlTemplate\":\"https:\\\/\\\/api.croghan.bank\\\/es\\\/?s={search_term_string}\"},\"query-input\":{\"@type\":\"PropertyValueSpecification\",\"valueRequired\":true,\"valueName\":\"search_term_string\"}}],\"inLanguage\":\"es\"}]}<\/script>\n<!-- \/ Yoast SEO plugin. -->","yoast_head_json":{"title":"Calculadora de planificaci\u00f3n de la jubilaci\u00f3n | Croghan","description":"Estima cu\u00e1nto necesitas ahorrar para una jubilaci\u00f3n segura con la calculadora de jubilaci\u00f3n de Croghan. Establece un objetivo mensual de ahorro y haz un seguimiento de tu progreso.","robots":{"index":"noindex","follow":"follow","max-snippet":"max-snippet:-1","max-image-preview":"max-image-preview:large","max-video-preview":"max-video-preview:-1"},"og_locale":"es_ES","og_type":"article","og_title":"Calculadora de planificaci\u00f3n de la jubilaci\u00f3n | Croghan","og_description":"Estima cu\u00e1nto necesitas ahorrar para una jubilaci\u00f3n segura con la calculadora de jubilaci\u00f3n de Croghan. Establece un objetivo mensual de ahorro y haz un seguimiento de tu progreso.","og_url":"https:\/\/api.croghan.bank\/es\/recursos\/calculadoras\/calculadora-de-planificacion-para-la-jubilacion\/","og_site_name":"Banco Croghan sin cabeza","article_modified_time":"2026-04-22T12:42:50+00:00","twitter_card":"summary_large_image","schema":{"@context":"https:\/\/schema.org","@graph":[{"@type":"WebPage","@id":"https:\/\/api.croghan.bank\/es\/recursos\/calculadoras\/calculadora-de-planificacion-para-la-jubilacion\/","url":"https:\/\/api.croghan.bank\/es\/recursos\/calculadoras\/calculadora-de-planificacion-para-la-jubilacion\/","name":"Calculadora de planificaci\u00f3n de la jubilaci\u00f3n | Croghan","isPartOf":{"@id":"https:\/\/api.croghan.bank\/es\/#website"},"datePublished":"2025-04-10T16:27:44+00:00","dateModified":"2026-04-22T12:42:50+00:00","description":"Estima cu\u00e1nto necesitas ahorrar para una jubilaci\u00f3n segura con la calculadora de jubilaci\u00f3n de Croghan. Establece un objetivo mensual de ahorro y haz un seguimiento de tu progreso.","breadcrumb":{"@id":"https:\/\/api.croghan.bank\/es\/recursos\/calculadoras\/calculadora-de-planificacion-para-la-jubilacion\/#breadcrumb"},"inLanguage":"es","potentialAction":[{"@type":"ReadAction","target":["https:\/\/api.croghan.bank\/es\/recursos\/calculadoras\/calculadora-de-planificacion-para-la-jubilacion\/"]}]},{"@type":"BreadcrumbList","@id":"https:\/\/api.croghan.bank\/es\/recursos\/calculadoras\/calculadora-de-planificacion-para-la-jubilacion\/#breadcrumb","itemListElement":[{"@type":"ListItem","position":1,"name":"Hogar","item":"https:\/\/api.croghan.bank\/es\/"},{"@type":"ListItem","position":2,"name":"Recursos","item":"https:\/\/api.croghan.bank\/es\/recursos\/"},{"@type":"ListItem","position":3,"name":"Calculadoras","item":"https:\/\/api.croghan.bank\/es\/recursos\/calculadoras\/"},{"@type":"ListItem","position":4,"name":"Calculadora de Planificaci\u00f3n para la Jubilaci\u00f3n"}]},{"@type":"WebSite","@id":"https:\/\/api.croghan.bank\/es\/#website","url":"https:\/\/api.croghan.bank\/es\/","name":"Banco Croghan sin cabeza","description":"","potentialAction":[{"@type":"SearchAction","target":{"@type":"EntryPoint","urlTemplate":"https:\/\/api.croghan.bank\/es\/?s={search_term_string}"},"query-input":{"@type":"PropertyValueSpecification","valueRequired":true,"valueName":"search_term_string"}}],"inLanguage":"es"}]}},"_links":{"self":[{"href":"https:\/\/api.croghan.bank\/es\/wp-json\/wp\/v2\/pages\/4408","targetHints":{"allow":["GET"]}}],"collection":[{"href":"https:\/\/api.croghan.bank\/es\/wp-json\/wp\/v2\/pages"}],"about":[{"href":"https:\/\/api.croghan.bank\/es\/wp-json\/wp\/v2\/types\/page"}],"author":[{"embeddable":true,"href":"https:\/\/api.croghan.bank\/es\/wp-json\/wp\/v2\/users\/1"}],"replies":[{"embeddable":true,"href":"https:\/\/api.croghan.bank\/es\/wp-json\/wp\/v2\/comments?post=4408"}],"version-history":[{"count":1,"href":"https:\/\/api.croghan.bank\/es\/wp-json\/wp\/v2\/pages\/4408\/revisions"}],"predecessor-version":[{"id":7632,"href":"https:\/\/api.croghan.bank\/es\/wp-json\/wp\/v2\/pages\/4408\/revisions\/7632"}],"up":[{"embeddable":true,"href":"https:\/\/api.croghan.bank\/es\/wp-json\/wp\/v2\/pages\/4426"}],"wp:attachment":[{"href":"https:\/\/api.croghan.bank\/es\/wp-json\/wp\/v2\/media?parent=4408"}],"wp:term":[{"taxonomy":"category","embeddable":true,"href":"https:\/\/api.croghan.bank\/es\/wp-json\/wp\/v2\/categories?post=4408"},{"taxonomy":"post_tag","embeddable":true,"href":"https:\/\/api.croghan.bank\/es\/wp-json\/wp\/v2\/tags?post=4408"}],"curies":[{"name":"wp","href":"https:\/\/api.w.org\/{rel}","templated":true}]}}