{"id":4411,"date":"2025-03-31T17:50:14","date_gmt":"2025-03-31T17:50:14","guid":{"rendered":"https:\/\/api.croghan.bank\/mercado-monetario-plus\/"},"modified":"2026-04-21T19:42:58","modified_gmt":"2026-04-21T19:42:58","slug":"mercado-monetario-plus","status":"publish","type":"page","link":"https:\/\/api.croghan.bank\/es\/negocio\/cuentas-de-ahorro\/mercado-monetario-plus\/","title":{"rendered":"Mercado Monetario Plus"},"content":{"rendered":"","protected":false},"excerpt":{"rendered":"","protected":false},"author":1,"featured_media":0,"parent":4416,"menu_order":0,"comment_status":"closed","ping_status":"closed","template":"","meta":{"_acf_changed":false,"inline_featured_image":false,"footnotes":""},"categories":[],"tags":[],"class_list":["post-4411","page","type-page","status-publish","hentry"],"acf":{"modules":[{"acf_fc_layout":"bread_crumb_nav_hero","title":"<h1>Mercado Monetario Plus<\/h1>","subtitle":"","content":"Para las empresas que buscan una opci\u00f3n de ahorro de mayor rendimiento, la cuenta Money Market Plus ofrece intereses escalonados y f\u00e1cil acceso a sus fondos.","buttons":[{"button":{"link":{"title":"Cont\u00e1ctenos","url":"\/contact-us","target":""},"button_style":"solid","button_color":"dBlue","opens_modal":false,"video":null}}],"module_anchor_id":"","module_padding_inner":"noPaddingInner","module_spacing_after":"defaultSpacingAfter"},{"acf_fc_layout":"floating_cards","eyebrow":"","title":"<h2>Caracter\u00edsticas y beneficios de la cuenta<\/h2>","content":"Una cuenta Money Market Plus le ofrece a su empresa una forma sencilla de acumular ahorros con facilidad. Utilice la cuenta para ayudarle a aumentar su saldo y asegurarse de que sus fondos permanezcan accesibles. ","buttons":null,"cards_alignment":"cardsRight","card_style_type":"cardTypeBasic","floating_cards":[{"icon":"","icon_dark_mode":"","eyebrow":"","title":"<h3>Tasas de inter\u00e9s competitivas<\/h3>","description":"Gane m\u00e1s con intereses escalonados en funci\u00f3n de su saldo.","image":null,"link":null},{"icon":"","icon_dark_mode":"","eyebrow":"","title":"<h3>Acceso conveniente<\/h3>","description":"Administre fondos con banca en l\u00ednea y m\u00f3vil, alertas de cuenta y estados de cuenta electr\u00f3nicos.","image":null,"link":null},{"icon":"","icon_dark_mode":"","eyebrow":"","title":"<h3>Asegurado por la FDIC<\/h3>","description":"Asegurado por la FDIC hasta el m\u00e1ximo permitido por la ley.","image":null,"link":null}],"module_background_style":"solidColorBlue","module_anchor_id":"","module_padding_inner":"noPaddingInner","module_spacing_after":"defaultSpacingAfter"},{"acf_fc_layout":"fifty_fifty_table_and_image","image":4163,"title":"<h2>Detalles de la cuenta<\/h2>","content_above_table":"","table_layout_columns":"tableTwoColumns","table_formatting_bold":"boldFirstColumn","table_2_column":[{"column_1":"M\u00ednimo para abrir:","column_2":"$1,000.00"},{"column_1":"Cargo mensual por servicio:","column_2":"$3.00  "},{"column_1":"C\u00f3mo evitar el cargo mensual por servicio:  ","column_2":"Mantener un saldo m\u00ednimo de $1,000.00"},{"column_1":"Intereses pagados:","column_2":"S\u00ed, con intereses escalonados en todos los saldos."},{"column_1":"Los beneficios digitales incluyen:","column_2":"Banca en l\u00ednea para empresas, banca m\u00f3vil, estados de cuenta electr\u00f3nicos, alertas de cuenta"},{"column_1":"Pago de facturas comerciales:","column_2":"$10.00"}],"table_3_column":null,"table_4_column":null,"table_5_column":null,"content_below_table":"","module_background_color":"white","module_image_alignment":"imageLeft","module_anchor_id":"","module_padding_inner":"noPaddingInner","module_spacing_after":"defaultSpacingAfter"},{"acf_fc_layout":"content_card_pattern_accent","image":4164,"eyebrow":"","title":"<h2>\u00bfPor qu\u00e9 elegir Money Market Plus?<\/h2>","content":"Cuando se trata de ahorros comerciales, la simplicidad importa. Nuestra cuenta Money Market Plus es ideal si su empresa est\u00e1 buscando: \n<ul>\n \t<li>Mantenga los fondos disponibles para las necesidades comerciales diarias o gastos inesperados.<\/li>\n \t<li>Haga crecer sus ahorros a trav\u00e9s de pagos regulares de intereses.<\/li>\n \t<li>Administre su cuenta sin esfuerzo con herramientas sencillas y soporte personalizado.<\/li>\n<\/ul>","buttons":null,"disclaimer":"","module_image_alignment":"imageLeft","module_card_background_color":"cardBackgroundBlue","module_anchor_id":"","module_padding_inner":"noPaddingInner","module_spacing_after":"defaultSpacingAfter"},{"acf_fc_layout":"floating_cards","eyebrow":"","title":"<h2>Lo que puedes esperar de Croghan<\/h2>","content":"Elegir la cuenta Money Market Plus significa asociarse con un banco confiable y centrado en la comunidad que entiende las necesidades de su negocio.","buttons":null,"cards_alignment":"cardsLeft","card_style_type":"cardTypeBasic","floating_cards":[{"icon":3675,"icon_dark_mode":4352,"eyebrow":"","title":"<h3>Banca transparente y accesible<\/h3>","description":"Creemos en proporcionar una banca clara y sencilla. Con la cuenta Money Market Plus, disfrutar\u00e1 de intereses escalonados en todos los saldos y la posibilidad de retirar fondos seg\u00fan sea necesario, sin complicaciones. ","image":null,"link":null},{"icon":3719,"icon_dark_mode":4354,"eyebrow":"","title":"<h3>Soporte cuando lo necesite<\/h3>","description":"Nuestro equipo siempre est\u00e1 listo para ayudarlo con la administraci\u00f3n de su cuenta, ofreciendo un servicio personalizado para garantizar que su experiencia bancaria comercial sea fluida y eficiente.","image":null,"link":null},{"icon":3707,"icon_dark_mode":4353,"eyebrow":"","title":"<h3>Acceso conveniente en cualquier momento<\/h3>","description":"Administre sus fondos a trav\u00e9s de nuestras plataformas seguras de banca m\u00f3vil y en l\u00ednea.","image":null,"link":null}],"module_background_style":"accentTriangle","module_anchor_id":"","module_padding_inner":"noPaddingInner","module_spacing_after":"noSpacingAfter"},{"acf_fc_layout":"content_card_pattern_accent","image":3808,"eyebrow":"","title":"<h2>Abra su cuenta Money Market Plus hoy mismo<\/h2>","content":"Haz crecer los fondos de tu negocio con facilidad. Ll\u00e1menos o visite la sucursal de Croghan Colonial Bank m\u00e1s cercana para comenzar. Nuestro equipo est\u00e1 aqu\u00ed para ayudarlo a obtener mayores rendimientos para su negocio.  ","buttons":[{"button":{"link":{"title":"Ll\u00e1manos","url":"tel:8882764426","target":""},"button_style":"solid","button_color":"dBlue","opens_modal":false,"video":null}},{"button":{"link":{"title":"Buscar una ubicaci\u00f3n","url":"\/locations","target":""},"button_style":"outlined","button_color":"dBlue","opens_modal":false,"video":null}}],"disclaimer":"","module_image_alignment":"imageLeft","module_card_background_color":"cardBackgroundGrey","module_anchor_id":"","module_padding_inner":"noPaddingInner","module_spacing_after":"defaultSpacingAfter"},{"acf_fc_layout":"accordion","eyebrow":null,"accordion_items":null,"module_anchor_id":null,"module_padding_inner":null,"module_spacing_after":null},{"acf_fc_layout":"location_pre_footer","module_anchor_id":"","module_padding_inner":"noPaddingInner","module_spacing_after":"noSpacingAfter"}]},"yoast_head":"<!-- This site is optimized with the Yoast SEO plugin v27.5 - https:\/\/yoast.com\/product\/yoast-seo-wordpress\/ -->\n<title>Cuenta de ahorro empresarial Money Market Plus | Croghan<\/title>\n<meta name=\"description\" content=\"Money Market Plus combina intereses escalonados con acceso a la emisi\u00f3n de cheques \u2014 ideal para empresas de Ohio que quieren que las reservas l\u00edquidas trabajen m\u00e1s duro.\" \/>\n<meta name=\"robots\" content=\"noindex, follow, max-snippet:-1, max-image-preview:large, max-video-preview:-1\" \/>\n<meta property=\"og:locale\" content=\"es_ES\" \/>\n<meta property=\"og:type\" content=\"article\" \/>\n<meta property=\"og:title\" content=\"Cuenta de ahorro empresarial Money Market Plus | Croghan\" \/>\n<meta property=\"og:description\" content=\"Money Market Plus combina intereses escalonados con acceso a la emisi\u00f3n de cheques \u2014 ideal para empresas de Ohio que quieren que las reservas l\u00edquidas trabajen m\u00e1s duro.\" \/>\n<meta property=\"og:url\" content=\"https:\/\/api.croghan.bank\/es\/negocio\/cuentas-de-ahorro\/mercado-monetario-plus\/\" \/>\n<meta property=\"og:site_name\" content=\"Banco Croghan sin cabeza\" \/>\n<meta property=\"article:modified_time\" content=\"2026-04-21T19:42:58+00:00\" \/>\n<meta name=\"twitter:card\" content=\"summary_large_image\" \/>\n<script type=\"application\/ld+json\" class=\"yoast-schema-graph\">{\"@context\":\"https:\\\/\\\/schema.org\",\"@graph\":[{\"@type\":\"WebPage\",\"@id\":\"https:\\\/\\\/api.croghan.bank\\\/es\\\/negocio\\\/cuentas-de-ahorro\\\/mercado-monetario-plus\\\/\",\"url\":\"https:\\\/\\\/api.croghan.bank\\\/es\\\/negocio\\\/cuentas-de-ahorro\\\/mercado-monetario-plus\\\/\",\"name\":\"Cuenta de ahorro empresarial Money Market Plus | Croghan\",\"isPartOf\":{\"@id\":\"https:\\\/\\\/api.croghan.bank\\\/es\\\/#website\"},\"datePublished\":\"2025-03-31T17:50:14+00:00\",\"dateModified\":\"2026-04-21T19:42:58+00:00\",\"description\":\"Money Market Plus combina intereses escalonados con acceso a la emisi\u00f3n de cheques \u2014 ideal para empresas de Ohio que quieren que las reservas l\u00edquidas trabajen m\u00e1s duro.\",\"breadcrumb\":{\"@id\":\"https:\\\/\\\/api.croghan.bank\\\/es\\\/negocio\\\/cuentas-de-ahorro\\\/mercado-monetario-plus\\\/#breadcrumb\"},\"inLanguage\":\"es\",\"potentialAction\":[{\"@type\":\"ReadAction\",\"target\":[\"https:\\\/\\\/api.croghan.bank\\\/es\\\/negocio\\\/cuentas-de-ahorro\\\/mercado-monetario-plus\\\/\"]}]},{\"@type\":\"BreadcrumbList\",\"@id\":\"https:\\\/\\\/api.croghan.bank\\\/es\\\/negocio\\\/cuentas-de-ahorro\\\/mercado-monetario-plus\\\/#breadcrumb\",\"itemListElement\":[{\"@type\":\"ListItem\",\"position\":1,\"name\":\"Hogar\",\"item\":\"https:\\\/\\\/api.croghan.bank\\\/es\\\/\"},{\"@type\":\"ListItem\",\"position\":2,\"name\":\"Negocio\",\"item\":\"https:\\\/\\\/api.croghan.bank\\\/es\\\/negocio\\\/\"},{\"@type\":\"ListItem\",\"position\":3,\"name\":\"Cuentas de Ahorro\",\"item\":\"https:\\\/\\\/api.croghan.bank\\\/es\\\/negocio\\\/cuentas-de-ahorro\\\/\"},{\"@type\":\"ListItem\",\"position\":4,\"name\":\"Mercado Monetario Plus\"}]},{\"@type\":\"WebSite\",\"@id\":\"https:\\\/\\\/api.croghan.bank\\\/es\\\/#website\",\"url\":\"https:\\\/\\\/api.croghan.bank\\\/es\\\/\",\"name\":\"Banco Croghan sin cabeza\",\"description\":\"\",\"potentialAction\":[{\"@type\":\"SearchAction\",\"target\":{\"@type\":\"EntryPoint\",\"urlTemplate\":\"https:\\\/\\\/api.croghan.bank\\\/es\\\/?s={search_term_string}\"},\"query-input\":{\"@type\":\"PropertyValueSpecification\",\"valueRequired\":true,\"valueName\":\"search_term_string\"}}],\"inLanguage\":\"es\"}]}<\/script>\n<!-- \/ Yoast SEO plugin. -->","yoast_head_json":{"title":"Cuenta de ahorro empresarial Money Market Plus | Croghan","description":"Money Market Plus combina intereses escalonados con acceso a la emisi\u00f3n de cheques \u2014 ideal para empresas de Ohio que quieren que las reservas l\u00edquidas trabajen m\u00e1s duro.","robots":{"index":"noindex","follow":"follow","max-snippet":"max-snippet:-1","max-image-preview":"max-image-preview:large","max-video-preview":"max-video-preview:-1"},"og_locale":"es_ES","og_type":"article","og_title":"Cuenta de ahorro empresarial Money Market Plus | Croghan","og_description":"Money Market Plus combina intereses escalonados con acceso a la emisi\u00f3n de cheques \u2014 ideal para empresas de Ohio que quieren que las reservas l\u00edquidas trabajen m\u00e1s duro.","og_url":"https:\/\/api.croghan.bank\/es\/negocio\/cuentas-de-ahorro\/mercado-monetario-plus\/","og_site_name":"Banco Croghan sin cabeza","article_modified_time":"2026-04-21T19:42:58+00:00","twitter_card":"summary_large_image","schema":{"@context":"https:\/\/schema.org","@graph":[{"@type":"WebPage","@id":"https:\/\/api.croghan.bank\/es\/negocio\/cuentas-de-ahorro\/mercado-monetario-plus\/","url":"https:\/\/api.croghan.bank\/es\/negocio\/cuentas-de-ahorro\/mercado-monetario-plus\/","name":"Cuenta de ahorro empresarial Money Market Plus | Croghan","isPartOf":{"@id":"https:\/\/api.croghan.bank\/es\/#website"},"datePublished":"2025-03-31T17:50:14+00:00","dateModified":"2026-04-21T19:42:58+00:00","description":"Money Market Plus combina intereses escalonados con acceso a la emisi\u00f3n de cheques \u2014 ideal para empresas de Ohio que quieren que las reservas l\u00edquidas trabajen m\u00e1s duro.","breadcrumb":{"@id":"https:\/\/api.croghan.bank\/es\/negocio\/cuentas-de-ahorro\/mercado-monetario-plus\/#breadcrumb"},"inLanguage":"es","potentialAction":[{"@type":"ReadAction","target":["https:\/\/api.croghan.bank\/es\/negocio\/cuentas-de-ahorro\/mercado-monetario-plus\/"]}]},{"@type":"BreadcrumbList","@id":"https:\/\/api.croghan.bank\/es\/negocio\/cuentas-de-ahorro\/mercado-monetario-plus\/#breadcrumb","itemListElement":[{"@type":"ListItem","position":1,"name":"Hogar","item":"https:\/\/api.croghan.bank\/es\/"},{"@type":"ListItem","position":2,"name":"Negocio","item":"https:\/\/api.croghan.bank\/es\/negocio\/"},{"@type":"ListItem","position":3,"name":"Cuentas de Ahorro","item":"https:\/\/api.croghan.bank\/es\/negocio\/cuentas-de-ahorro\/"},{"@type":"ListItem","position":4,"name":"Mercado Monetario Plus"}]},{"@type":"WebSite","@id":"https:\/\/api.croghan.bank\/es\/#website","url":"https:\/\/api.croghan.bank\/es\/","name":"Banco Croghan sin cabeza","description":"","potentialAction":[{"@type":"SearchAction","target":{"@type":"EntryPoint","urlTemplate":"https:\/\/api.croghan.bank\/es\/?s={search_term_string}"},"query-input":{"@type":"PropertyValueSpecification","valueRequired":true,"valueName":"search_term_string"}}],"inLanguage":"es"}]}},"_links":{"self":[{"href":"https:\/\/api.croghan.bank\/es\/wp-json\/wp\/v2\/pages\/4411","targetHints":{"allow":["GET"]}}],"collection":[{"href":"https:\/\/api.croghan.bank\/es\/wp-json\/wp\/v2\/pages"}],"about":[{"href":"https:\/\/api.croghan.bank\/es\/wp-json\/wp\/v2\/types\/page"}],"author":[{"embeddable":true,"href":"https:\/\/api.croghan.bank\/es\/wp-json\/wp\/v2\/users\/1"}],"replies":[{"embeddable":true,"href":"https:\/\/api.croghan.bank\/es\/wp-json\/wp\/v2\/comments?post=4411"}],"version-history":[{"count":1,"href":"https:\/\/api.croghan.bank\/es\/wp-json\/wp\/v2\/pages\/4411\/revisions"}],"predecessor-version":[{"id":7582,"href":"https:\/\/api.croghan.bank\/es\/wp-json\/wp\/v2\/pages\/4411\/revisions\/7582"}],"up":[{"embeddable":true,"href":"https:\/\/api.croghan.bank\/es\/wp-json\/wp\/v2\/pages\/4416"}],"wp:attachment":[{"href":"https:\/\/api.croghan.bank\/es\/wp-json\/wp\/v2\/media?parent=4411"}],"wp:term":[{"taxonomy":"category","embeddable":true,"href":"https:\/\/api.croghan.bank\/es\/wp-json\/wp\/v2\/categories?post=4411"},{"taxonomy":"post_tag","embeddable":true,"href":"https:\/\/api.croghan.bank\/es\/wp-json\/wp\/v2\/tags?post=4411"}],"curies":[{"name":"wp","href":"https:\/\/api.w.org\/{rel}","templated":true}]}}