{"id":4412,"date":"2025-01-15T22:53:20","date_gmt":"2025-01-15T22:53:20","guid":{"rendered":"https:\/\/api.croghan.bank\/prestamos-para-automoviles\/"},"modified":"2026-04-21T19:43:04","modified_gmt":"2026-04-21T19:43:04","slug":"prestamos-para-automoviles","status":"publish","type":"page","link":"https:\/\/api.croghan.bank\/es\/personal\/prestamos-personales\/prestamos-para-automoviles\/","title":{"rendered":"Pr\u00e9stamos para autom\u00f3viles"},"content":{"rendered":"","protected":false},"excerpt":{"rendered":"","protected":false},"author":1,"featured_media":0,"parent":4491,"menu_order":0,"comment_status":"closed","ping_status":"closed","template":"","meta":{"_acf_changed":false,"inline_featured_image":false,"footnotes":""},"categories":[],"tags":[],"class_list":["post-4412","page","type-page","status-publish","hentry"],"acf":{"modules":[{"acf_fc_layout":"bread_crumb_nav_hero","title":"<h1>Pr\u00e9stamos para autom\u00f3viles<\/h1>","subtitle":"","content":"\u00bfBusca una forma flexible y asequible de financiar su pr\u00f3ximo veh\u00edculo? Un pr\u00e9stamo para autom\u00f3vil ofrece tasas competitivas, t\u00e9rminos flexibles y un proceso de solicitud r\u00e1pido para que pueda ponerse al volante con confianza. ","buttons":[{"button":{"link":{"title":"Cont\u00e1ctenos","url":"\/contact-us","target":""},"button_style":"solid","button_color":"dBlue","opens_modal":false,"video":null}},{"button":{"link":{"title":"Buscar una ubicaci\u00f3n","url":"\/locations","target":""},"button_style":"outlined","button_color":"dBlue","opens_modal":false,"video":null}}],"module_anchor_id":"","module_padding_inner":"noPaddingInner","module_spacing_after":"defaultSpacingAfter"},{"acf_fc_layout":"floating_cards","eyebrow":"","title":"<h2>Caracter\u00edsticas y beneficios del pr\u00e9stamo para autom\u00f3vil<\/h2>","content":"Un pr\u00e9stamo para autom\u00f3vil proporciona financiamiento que se ajusta a su presupuesto y estilo de vida:","buttons":null,"cards_alignment":"cardsRight","card_style_type":"cardTypeBasic","floating_cards":[{"icon":"","icon_dark_mode":null,"eyebrow":"","title":"<h3>Pr\u00e9stamos desde $2,500<\/h3>","description":"Ya sea que est\u00e9 interesado en financiar veh\u00edculos nuevos o usados o si est\u00e1 listo para proceder con una compra de arrendamiento, Croghan lo tiene cubierto.","image":null,"link":null},{"icon":"","icon_dark_mode":null,"eyebrow":"","title":"<h3>Socios de concesionarios locales<\/h3>","description":"Nos asociamos con concesionarios de confianza para brindar una experiencia perfecta.","image":null,"link":null},{"icon":"","icon_dark_mode":null,"eyebrow":"","title":"<h3>Tasas de inter\u00e9s fijas<\/h3>","description":"Pagos mensuales predecibles sin sorpresas.","image":null,"link":null},{"icon":"","icon_dark_mode":null,"eyebrow":"","title":"<h3>T\u00e9rminos de pr\u00e9stamo flexibles<\/h3>","description":"Elija una longitud de plazo que funcione para usted.","image":null,"link":null}],"module_background_style":"solidColorBlue","module_anchor_id":"","module_padding_inner":"noPaddingInner","module_spacing_after":"noSpacingAfter"},{"acf_fc_layout":"full_width_media","media_type":"image","image":3956,"video":null,"video_youtube":"","video_poster_image":null,"module_upper_half_background_color":"blue","module_lower_half_background_color":"white","module_anchor_id":"","module_padding_inner":"noPaddingInner","module_spacing_after":"defaultSpacingAfter"},{"acf_fc_layout":"basic_content","content":"<h2 style=\"text-align: center;\">Encuentre un concesionario cerca de usted<\/h2>","module_background_color":"white","module_anchor_id":"dealership","module_padding_inner":"noPaddingInner","module_spacing_after":"defaultSpacingAfter"},{"acf_fc_layout":"dealership_search","title":"<h2>Socios de concesionarios<\/h2>","content":"Aseg\u00farese de preguntar sobre el financiamiento de Croghan mientras est\u00e9 en el concesionario. Croghan se asocia con numerosos concesionarios locales en varios condados para garantizar una experiencia de compra de autom\u00f3viles sin problemas. ","module_anchor_id":"","module_padding_inner":"noPaddingInner","module_spacing_after":"defaultSpacingAfter"},{"acf_fc_layout":"floating_cards","eyebrow":"","title":"<h2>Lo que puedes esperar de Croghan<\/h2>","content":"Elegir Croghan Colonial Bank significa que se est\u00e1 asociando con un prestamista confiable y centrado en la comunidad.","buttons":null,"cards_alignment":"cardsLeft","card_style_type":"cardTypeBasic","floating_cards":[{"icon":3675,"icon_dark_mode":null,"eyebrow":"","title":"<h3>Proceso simple y transparente<\/h3>","description":"Nuestro equipo lo guiar\u00e1 a trav\u00e9s de cada paso de su solicitud de pr\u00e9stamo para autom\u00f3vil, asegur\u00e1ndose de que comprenda los t\u00e9rminos y se sienta seguro de su decisi\u00f3n de financiamiento.","image":null,"link":null},{"icon":3717,"icon_dark_mode":null,"eyebrow":"","title":"<h3>Soporte Personalizado<\/h3>","description":"Desde la solicitud hasta la aprobaci\u00f3n, ofrecemos soporte personalizado, asegur\u00e1ndonos de que el proceso sea fluido y sin estr\u00e9s.","image":null,"link":null},{"icon":3719,"icon_dark_mode":null,"eyebrow":"","title":"<h3>Experiencia local<\/h3>","description":"Con a\u00f1os de experiencia sirviendo a la comunidad, entendemos el mercado local y brindamos el apoyo que necesita para tomar las mejores decisiones financieras.","image":null,"link":null}],"module_background_style":"accentTriangle","module_anchor_id":"","module_padding_inner":"noPaddingInner","module_spacing_after":"defaultSpacingAfter"},{"acf_fc_layout":"content_card_pattern_accent","image":3957,"eyebrow":"","title":"<h2>Obtenga su pr\u00e9stamo para autom\u00f3vil hoy mismo<\/h2>","content":"\u00bfEst\u00e1 listo para financiar su pr\u00f3ximo autom\u00f3vil o proceder con la compra de un contrato de arrendamiento? Visite una oficina o p\u00f3ngase en contacto con nosotros hoy mismo para empezar. ","buttons":[{"button":{"link":{"title":"Cont\u00e1ctenos","url":"\/contact-us","target":""},"button_style":"solid","button_color":"dBlue","opens_modal":false,"video":null}},{"button":{"link":{"title":"Buscar una ubicaci\u00f3n","url":"\/locations","target":""},"button_style":"outlined","button_color":"dBlue","opens_modal":false,"video":null}}],"disclaimer":"","module_image_alignment":"imageRight","module_card_background_color":"cardBackgroundGrey","module_anchor_id":"","module_padding_inner":"noPaddingInner","module_spacing_after":"compactSpacingAfter"},{"acf_fc_layout":"accordion","eyebrow":null,"accordion_items":null,"module_anchor_id":null,"module_padding_inner":null,"module_spacing_after":null},{"acf_fc_layout":"location_pre_footer","module_anchor_id":"","module_padding_inner":"noPaddingInner","module_spacing_after":"defaultSpacingAfter"}]},"yoast_head":"<!-- This site is optimized with the Yoast SEO plugin v27.5 - https:\/\/yoast.com\/product\/yoast-seo-wordpress\/ -->\n<title>Pr\u00e9stamo para autom\u00f3viles | Banco Colonial Croghan<\/title>\n<meta name=\"description\" content=\"Financia tu pr\u00f3ximo coche nuevo o de segunda mano con un pr\u00e9stamo de coche Croghan. Tipos competitivos, condiciones flexibles y una decisi\u00f3n local r\u00e1pida de un banquero al que realmente puedas contactar.\" \/>\n<meta name=\"robots\" content=\"noindex, follow, max-snippet:-1, max-image-preview:large, max-video-preview:-1\" \/>\n<meta property=\"og:locale\" content=\"es_ES\" \/>\n<meta property=\"og:type\" content=\"article\" \/>\n<meta property=\"og:title\" content=\"Pr\u00e9stamo para autom\u00f3viles | Banco Colonial Croghan\" \/>\n<meta property=\"og:description\" content=\"Financia tu pr\u00f3ximo coche nuevo o de segunda mano con un pr\u00e9stamo de coche Croghan. Tipos competitivos, condiciones flexibles y una decisi\u00f3n local r\u00e1pida de un banquero al que realmente puedas contactar.\" \/>\n<meta property=\"og:url\" content=\"https:\/\/api.croghan.bank\/es\/personal\/prestamos-personales\/prestamos-para-automoviles\/\" \/>\n<meta property=\"og:site_name\" content=\"Banco Croghan sin cabeza\" \/>\n<meta property=\"article:modified_time\" content=\"2026-04-21T19:43:04+00:00\" \/>\n<meta name=\"twitter:card\" content=\"summary_large_image\" \/>\n<script type=\"application\/ld+json\" class=\"yoast-schema-graph\">{\"@context\":\"https:\\\/\\\/schema.org\",\"@graph\":[{\"@type\":\"WebPage\",\"@id\":\"https:\\\/\\\/api.croghan.bank\\\/es\\\/personal\\\/prestamos-personales\\\/prestamos-para-automoviles\\\/\",\"url\":\"https:\\\/\\\/api.croghan.bank\\\/es\\\/personal\\\/prestamos-personales\\\/prestamos-para-automoviles\\\/\",\"name\":\"Pr\u00e9stamo para autom\u00f3viles | Banco Colonial Croghan\",\"isPartOf\":{\"@id\":\"https:\\\/\\\/api.croghan.bank\\\/es\\\/#website\"},\"datePublished\":\"2025-01-15T22:53:20+00:00\",\"dateModified\":\"2026-04-21T19:43:04+00:00\",\"description\":\"Financia tu pr\u00f3ximo coche nuevo o de segunda mano con un pr\u00e9stamo de coche Croghan. Tipos competitivos, condiciones flexibles y una decisi\u00f3n local r\u00e1pida de un banquero al que realmente puedas contactar.\",\"breadcrumb\":{\"@id\":\"https:\\\/\\\/api.croghan.bank\\\/es\\\/personal\\\/prestamos-personales\\\/prestamos-para-automoviles\\\/#breadcrumb\"},\"inLanguage\":\"es\",\"potentialAction\":[{\"@type\":\"ReadAction\",\"target\":[\"https:\\\/\\\/api.croghan.bank\\\/es\\\/personal\\\/prestamos-personales\\\/prestamos-para-automoviles\\\/\"]}]},{\"@type\":\"BreadcrumbList\",\"@id\":\"https:\\\/\\\/api.croghan.bank\\\/es\\\/personal\\\/prestamos-personales\\\/prestamos-para-automoviles\\\/#breadcrumb\",\"itemListElement\":[{\"@type\":\"ListItem\",\"position\":1,\"name\":\"Hogar\",\"item\":\"https:\\\/\\\/api.croghan.bank\\\/es\\\/\"},{\"@type\":\"ListItem\",\"position\":2,\"name\":\"Personal\",\"item\":\"https:\\\/\\\/api.croghan.bank\\\/es\\\/personal\\\/\"},{\"@type\":\"ListItem\",\"position\":3,\"name\":\"Pr\u00e9stamos Personales\",\"item\":\"https:\\\/\\\/api.croghan.bank\\\/es\\\/personal\\\/prestamos-personales\\\/\"},{\"@type\":\"ListItem\",\"position\":4,\"name\":\"Pr\u00e9stamos para autom\u00f3viles\"}]},{\"@type\":\"WebSite\",\"@id\":\"https:\\\/\\\/api.croghan.bank\\\/es\\\/#website\",\"url\":\"https:\\\/\\\/api.croghan.bank\\\/es\\\/\",\"name\":\"Banco Croghan sin cabeza\",\"description\":\"\",\"potentialAction\":[{\"@type\":\"SearchAction\",\"target\":{\"@type\":\"EntryPoint\",\"urlTemplate\":\"https:\\\/\\\/api.croghan.bank\\\/es\\\/?s={search_term_string}\"},\"query-input\":{\"@type\":\"PropertyValueSpecification\",\"valueRequired\":true,\"valueName\":\"search_term_string\"}}],\"inLanguage\":\"es\"}]}<\/script>\n<!-- \/ Yoast SEO plugin. -->","yoast_head_json":{"title":"Pr\u00e9stamo para autom\u00f3viles | Banco Colonial Croghan","description":"Financia tu pr\u00f3ximo coche nuevo o de segunda mano con un pr\u00e9stamo de coche Croghan. Tipos competitivos, condiciones flexibles y una decisi\u00f3n local r\u00e1pida de un banquero al que realmente puedas contactar.","robots":{"index":"noindex","follow":"follow","max-snippet":"max-snippet:-1","max-image-preview":"max-image-preview:large","max-video-preview":"max-video-preview:-1"},"og_locale":"es_ES","og_type":"article","og_title":"Pr\u00e9stamo para autom\u00f3viles | Banco Colonial Croghan","og_description":"Financia tu pr\u00f3ximo coche nuevo o de segunda mano con un pr\u00e9stamo de coche Croghan. Tipos competitivos, condiciones flexibles y una decisi\u00f3n local r\u00e1pida de un banquero al que realmente puedas contactar.","og_url":"https:\/\/api.croghan.bank\/es\/personal\/prestamos-personales\/prestamos-para-automoviles\/","og_site_name":"Banco Croghan sin cabeza","article_modified_time":"2026-04-21T19:43:04+00:00","twitter_card":"summary_large_image","schema":{"@context":"https:\/\/schema.org","@graph":[{"@type":"WebPage","@id":"https:\/\/api.croghan.bank\/es\/personal\/prestamos-personales\/prestamos-para-automoviles\/","url":"https:\/\/api.croghan.bank\/es\/personal\/prestamos-personales\/prestamos-para-automoviles\/","name":"Pr\u00e9stamo para autom\u00f3viles | Banco Colonial Croghan","isPartOf":{"@id":"https:\/\/api.croghan.bank\/es\/#website"},"datePublished":"2025-01-15T22:53:20+00:00","dateModified":"2026-04-21T19:43:04+00:00","description":"Financia tu pr\u00f3ximo coche nuevo o de segunda mano con un pr\u00e9stamo de coche Croghan. Tipos competitivos, condiciones flexibles y una decisi\u00f3n local r\u00e1pida de un banquero al que realmente puedas contactar.","breadcrumb":{"@id":"https:\/\/api.croghan.bank\/es\/personal\/prestamos-personales\/prestamos-para-automoviles\/#breadcrumb"},"inLanguage":"es","potentialAction":[{"@type":"ReadAction","target":["https:\/\/api.croghan.bank\/es\/personal\/prestamos-personales\/prestamos-para-automoviles\/"]}]},{"@type":"BreadcrumbList","@id":"https:\/\/api.croghan.bank\/es\/personal\/prestamos-personales\/prestamos-para-automoviles\/#breadcrumb","itemListElement":[{"@type":"ListItem","position":1,"name":"Hogar","item":"https:\/\/api.croghan.bank\/es\/"},{"@type":"ListItem","position":2,"name":"Personal","item":"https:\/\/api.croghan.bank\/es\/personal\/"},{"@type":"ListItem","position":3,"name":"Pr\u00e9stamos Personales","item":"https:\/\/api.croghan.bank\/es\/personal\/prestamos-personales\/"},{"@type":"ListItem","position":4,"name":"Pr\u00e9stamos para autom\u00f3viles"}]},{"@type":"WebSite","@id":"https:\/\/api.croghan.bank\/es\/#website","url":"https:\/\/api.croghan.bank\/es\/","name":"Banco Croghan sin cabeza","description":"","potentialAction":[{"@type":"SearchAction","target":{"@type":"EntryPoint","urlTemplate":"https:\/\/api.croghan.bank\/es\/?s={search_term_string}"},"query-input":{"@type":"PropertyValueSpecification","valueRequired":true,"valueName":"search_term_string"}}],"inLanguage":"es"}]}},"_links":{"self":[{"href":"https:\/\/api.croghan.bank\/es\/wp-json\/wp\/v2\/pages\/4412","targetHints":{"allow":["GET"]}}],"collection":[{"href":"https:\/\/api.croghan.bank\/es\/wp-json\/wp\/v2\/pages"}],"about":[{"href":"https:\/\/api.croghan.bank\/es\/wp-json\/wp\/v2\/types\/page"}],"author":[{"embeddable":true,"href":"https:\/\/api.croghan.bank\/es\/wp-json\/wp\/v2\/users\/1"}],"replies":[{"embeddable":true,"href":"https:\/\/api.croghan.bank\/es\/wp-json\/wp\/v2\/comments?post=4412"}],"version-history":[{"count":1,"href":"https:\/\/api.croghan.bank\/es\/wp-json\/wp\/v2\/pages\/4412\/revisions"}],"predecessor-version":[{"id":7594,"href":"https:\/\/api.croghan.bank\/es\/wp-json\/wp\/v2\/pages\/4412\/revisions\/7594"}],"up":[{"embeddable":true,"href":"https:\/\/api.croghan.bank\/es\/wp-json\/wp\/v2\/pages\/4491"}],"wp:attachment":[{"href":"https:\/\/api.croghan.bank\/es\/wp-json\/wp\/v2\/media?parent=4412"}],"wp:term":[{"taxonomy":"category","embeddable":true,"href":"https:\/\/api.croghan.bank\/es\/wp-json\/wp\/v2\/categories?post=4412"},{"taxonomy":"post_tag","embeddable":true,"href":"https:\/\/api.croghan.bank\/es\/wp-json\/wp\/v2\/tags?post=4412"}],"curies":[{"name":"wp","href":"https:\/\/api.w.org\/{rel}","templated":true}]}}