{"id":4413,"date":"2025-01-15T21:53:25","date_gmt":"2025-01-15T21:53:25","guid":{"rendered":"https:\/\/api.croghan.bank\/ahorros-de-alto-rendimiento\/"},"modified":"2026-04-21T19:43:14","modified_gmt":"2026-04-21T19:43:14","slug":"ahorros-de-alto-rendimiento","status":"publish","type":"page","link":"https:\/\/api.croghan.bank\/es\/personal\/cuentas-de-ahorro\/ahorros-de-alto-rendimiento\/","title":{"rendered":"Ahorros de alto rendimiento"},"content":{"rendered":"","protected":false},"excerpt":{"rendered":"","protected":false},"author":1,"featured_media":0,"parent":4497,"menu_order":0,"comment_status":"closed","ping_status":"closed","template":"","meta":{"_acf_changed":false,"inline_featured_image":false,"footnotes":""},"categories":[50],"tags":[],"class_list":["post-4413","page","type-page","status-publish","hentry","category-personal-es"],"acf":{"modules":[{"acf_fc_layout":"bread_crumb_nav_hero","title":"<h1>Ahorros de alto rendimiento<\/h1>","subtitle":"","content":"Has trabajado duro por tu dinero, y ahora es el momento de hacer que trabaje m\u00e1s duro para ti. Con una cuenta de ahorros de alto rendimiento, puede aumentar sus ahorros con una tasa de inter\u00e9s competitiva y disfrutar de la tranquilidad de saber que sus fondos est\u00e1n asegurados por la FDIC. ","buttons":[{"button":{"link":{"title":"Cont\u00e1ctenos","url":"\/contact-us","target":"_blank"},"button_style":"solid","button_color":"blue","opens_modal":false,"video":null}}],"module_anchor_id":"","module_padding_inner":"noPaddingInner","module_spacing_after":"noSpacingAfter"},{"acf_fc_layout":"floating_cards","eyebrow":"","title":"<h2>Caracter\u00edsticas de ahorro de alto rendimiento<\/h2>","content":"En Croghan Colonial Bank, hemos dise\u00f1ado nuestra cuenta de ahorros de alto rendimiento para ofrecerle un rendimiento competitivo de sus ahorros con el m\u00ednimo esfuerzo.","buttons":null,"cards_alignment":"cardsRight","card_style_type":"cardTypeBasic","floating_cards":[{"icon":null,"icon_dark_mode":null,"eyebrow":"","title":"<h3>Tarifas competitivas<\/h3>","description":"Haga crecer sus ahorros m\u00e1s r\u00e1pido con nuestros intereses de alto rendimiento, dise\u00f1ados para ayudarlo a alcanzar sus metas financieras.","image":null,"link":null},{"icon":null,"icon_dark_mode":null,"eyebrow":"","title":"<h3>Acceso conveniente<\/h3>","description":"Administre f\u00e1cilmente su cuenta a trav\u00e9s de la banca en l\u00ednea y m\u00f3vil, lo que le brinda acceso a sus ahorros dondequiera que est\u00e9.","image":null,"link":null},{"icon":null,"icon_dark_mode":null,"eyebrow":"","title":"<h3>Asegurado por la FDIC<\/h3>","description":"Su dinero est\u00e1 seguro, con el seguro de la FDIC hasta la cantidad m\u00e1xima permitida por la ley.","image":null,"link":null}],"module_background_style":"accentTriangle","module_anchor_id":"","module_padding_inner":"noPaddingInner","module_spacing_after":"compactSpacingAfter"},{"acf_fc_layout":"fifty_fifty_table_and_image","image":null,"title":"<h2>Caracter\u00edsticas de ahorro de alto rendimiento<\/h2>","content_above_table":"","table_layout_columns":"tableTwoColumns","table_formatting_bold":"boldFirstRow","table_2_column":null,"table_3_column":null,"table_4_column":null,"table_5_column":null,"content_below_table":"","module_background_color":"white","module_image_alignment":"imageRight","module_anchor_id":"","module_padding_inner":"noPaddingInner","module_spacing_after":"defaultSpacingAfter"},{"acf_fc_layout":"six_column_icon_cards","section_title":"<h2>Beneficios digitales incluidos:<\/h2>","cards":[{"icon":null,"icon_dark_mode":null,"title":"Banca en l\u00ednea","link_url":""},{"icon":null,"icon_dark_mode":null,"title":"Banca M\u00f3vil","link_url":""},{"icon":null,"icon_dark_mode":null,"title":"Estados de cuenta electr\u00f3nicos","link_url":""}],"module_anchor_id":"","module_padding_inner":"noPaddingInner","module_spacing_after":"noSpacingAfter"},{"acf_fc_layout":"floating_cards","eyebrow":"","title":"<h2>Lo que puedes esperar de Croghan<\/h2>","content":"Cuando eliges una cuenta de ahorros de alto rendimiento en Croghan, te est\u00e1s asociando con un banco local de confianza que est\u00e1 comprometido a ayudarte a alcanzar tus metas de ahorro.","buttons":null,"cards_alignment":"cardsRight","card_style_type":"cardTypeBasic","floating_cards":[{"icon":null,"icon_dark_mode":null,"eyebrow":"","title":"<h3>Proceso simple y transparente<\/h3>","description":"Hacemos que sea f\u00e1cil abrir su cuenta de ahorros de alto rendimiento y comenzar a ganar m\u00e1s con sus ahorros. Nuestro amable equipo lo guiar\u00e1 a trav\u00e9s del proceso y responder\u00e1 cualquier pregunta que tenga en el camino. ","image":null,"link":null},{"icon":null,"icon_dark_mode":null,"eyebrow":"","title":"<h3>Experiencia y apoyo local<\/h3>","description":"Como banco centrado en la comunidad, nos enorgullecemos de ofrecer un servicio personalizado a nuestros clientes. Nuestro equipo est\u00e1 aqu\u00ed para apoyarte y ayudarte a sacar el m\u00e1ximo partido a tus ahorros. ","image":null,"link":null},{"icon":null,"icon_dark_mode":null,"eyebrow":"","title":"<h3>Accede a tus ahorros en cualquier momento<\/h3>","description":"Con acceso las 24 horas del d\u00eda, los 7 d\u00edas de la semana a trav\u00e9s de los servicios de banca digital, puede monitorear y administrar sus ahorros en cualquier momento y en cualquier lugar.","image":null,"link":null}],"module_background_style":"accentTriangle","module_anchor_id":"","module_padding_inner":"noPaddingInner","module_spacing_after":"defaultSpacingAfter"},{"acf_fc_layout":"content_card_pattern_accent","image":null,"eyebrow":"","title":"<h2>Lo que puedes esperar de Croghan<\/h2>","content":"Cuando eliges una cuenta de ahorros de alto rendimiento en Croghan, te est\u00e1s asociando con un banco local de confianza que est\u00e1 comprometido a ayudarte a alcanzar tus metas de ahorro.","buttons":[{"button":{"link":{"title":"Ll\u00e1manos","url":"tel:8882764426","target":"_blank"},"button_style":"solid","button_color":"blue","opens_modal":false,"video":null}}],"disclaimer":"","module_image_alignment":"imageLeft","module_card_background_color":"cardBackgroundBlue","module_anchor_id":"","module_padding_inner":"noPaddingInner","module_spacing_after":"defaultSpacingAfter"},{"acf_fc_layout":"accordion","eyebrow":null,"accordion_items":null,"module_anchor_id":null,"module_padding_inner":null,"module_spacing_after":null},{"acf_fc_layout":"location_pre_footer","module_anchor_id":"","module_padding_inner":"noPaddingInner","module_spacing_after":"defaultSpacingAfter"}]},"yoast_head":"<!-- This site is optimized with the Yoast SEO plugin v27.5 - https:\/\/yoast.com\/product\/yoast-seo-wordpress\/ -->\n<title>Cuenta de Ahorro de Alto Rendimiento | Banco Colonial Croghan<\/title>\n<meta name=\"description\" content=\"Haz crecer tus ahorros m\u00e1s r\u00e1pido con una cuenta de alto rendimiento de intereses que generan intereses. Tarifas competitivas por niveles, acceso online y protecci\u00f3n asegurada por la FDIC en Croghan.\" \/>\n<meta name=\"robots\" content=\"noindex, follow, max-snippet:-1, max-image-preview:large, max-video-preview:-1\" \/>\n<meta property=\"og:locale\" content=\"es_ES\" \/>\n<meta property=\"og:type\" content=\"article\" \/>\n<meta property=\"og:title\" content=\"Cuenta de Ahorro de Alto Rendimiento | Banco Colonial Croghan\" \/>\n<meta property=\"og:description\" content=\"Haz crecer tus ahorros m\u00e1s r\u00e1pido con una cuenta de alto rendimiento de intereses que generan intereses. Tarifas competitivas por niveles, acceso online y protecci\u00f3n asegurada por la FDIC en Croghan.\" \/>\n<meta property=\"og:url\" content=\"https:\/\/api.croghan.bank\/es\/personal\/cuentas-de-ahorro\/ahorros-de-alto-rendimiento\/\" \/>\n<meta property=\"og:site_name\" content=\"Banco Croghan sin cabeza\" \/>\n<meta property=\"article:modified_time\" content=\"2026-04-21T19:43:14+00:00\" \/>\n<meta name=\"twitter:card\" content=\"summary_large_image\" \/>\n<script type=\"application\/ld+json\" class=\"yoast-schema-graph\">{\"@context\":\"https:\\\/\\\/schema.org\",\"@graph\":[{\"@type\":\"WebPage\",\"@id\":\"https:\\\/\\\/api.croghan.bank\\\/es\\\/personal\\\/cuentas-de-ahorro\\\/ahorros-de-alto-rendimiento\\\/\",\"url\":\"https:\\\/\\\/api.croghan.bank\\\/es\\\/personal\\\/cuentas-de-ahorro\\\/ahorros-de-alto-rendimiento\\\/\",\"name\":\"Cuenta de Ahorro de Alto Rendimiento | Banco Colonial Croghan\",\"isPartOf\":{\"@id\":\"https:\\\/\\\/api.croghan.bank\\\/es\\\/#website\"},\"datePublished\":\"2025-01-15T21:53:25+00:00\",\"dateModified\":\"2026-04-21T19:43:14+00:00\",\"description\":\"Haz crecer tus ahorros m\u00e1s r\u00e1pido con una cuenta de alto rendimiento de intereses que generan intereses. Tarifas competitivas por niveles, acceso online y protecci\u00f3n asegurada por la FDIC en Croghan.\",\"breadcrumb\":{\"@id\":\"https:\\\/\\\/api.croghan.bank\\\/es\\\/personal\\\/cuentas-de-ahorro\\\/ahorros-de-alto-rendimiento\\\/#breadcrumb\"},\"inLanguage\":\"es\",\"potentialAction\":[{\"@type\":\"ReadAction\",\"target\":[\"https:\\\/\\\/api.croghan.bank\\\/es\\\/personal\\\/cuentas-de-ahorro\\\/ahorros-de-alto-rendimiento\\\/\"]}]},{\"@type\":\"BreadcrumbList\",\"@id\":\"https:\\\/\\\/api.croghan.bank\\\/es\\\/personal\\\/cuentas-de-ahorro\\\/ahorros-de-alto-rendimiento\\\/#breadcrumb\",\"itemListElement\":[{\"@type\":\"ListItem\",\"position\":1,\"name\":\"Hogar\",\"item\":\"https:\\\/\\\/api.croghan.bank\\\/es\\\/\"},{\"@type\":\"ListItem\",\"position\":2,\"name\":\"Personal\",\"item\":\"https:\\\/\\\/api.croghan.bank\\\/es\\\/personal\\\/\"},{\"@type\":\"ListItem\",\"position\":3,\"name\":\"Cuentas de Ahorro\",\"item\":\"https:\\\/\\\/api.croghan.bank\\\/es\\\/personal\\\/cuentas-de-ahorro\\\/\"},{\"@type\":\"ListItem\",\"position\":4,\"name\":\"Ahorros de alto rendimiento\"}]},{\"@type\":\"WebSite\",\"@id\":\"https:\\\/\\\/api.croghan.bank\\\/es\\\/#website\",\"url\":\"https:\\\/\\\/api.croghan.bank\\\/es\\\/\",\"name\":\"Banco Croghan sin cabeza\",\"description\":\"\",\"potentialAction\":[{\"@type\":\"SearchAction\",\"target\":{\"@type\":\"EntryPoint\",\"urlTemplate\":\"https:\\\/\\\/api.croghan.bank\\\/es\\\/?s={search_term_string}\"},\"query-input\":{\"@type\":\"PropertyValueSpecification\",\"valueRequired\":true,\"valueName\":\"search_term_string\"}}],\"inLanguage\":\"es\"}]}<\/script>\n<!-- \/ Yoast SEO plugin. -->","yoast_head_json":{"title":"Cuenta de Ahorro de Alto Rendimiento | Banco Colonial Croghan","description":"Haz crecer tus ahorros m\u00e1s r\u00e1pido con una cuenta de alto rendimiento de intereses que generan intereses. Tarifas competitivas por niveles, acceso online y protecci\u00f3n asegurada por la FDIC en Croghan.","robots":{"index":"noindex","follow":"follow","max-snippet":"max-snippet:-1","max-image-preview":"max-image-preview:large","max-video-preview":"max-video-preview:-1"},"og_locale":"es_ES","og_type":"article","og_title":"Cuenta de Ahorro de Alto Rendimiento | Banco Colonial Croghan","og_description":"Haz crecer tus ahorros m\u00e1s r\u00e1pido con una cuenta de alto rendimiento de intereses que generan intereses. Tarifas competitivas por niveles, acceso online y protecci\u00f3n asegurada por la FDIC en Croghan.","og_url":"https:\/\/api.croghan.bank\/es\/personal\/cuentas-de-ahorro\/ahorros-de-alto-rendimiento\/","og_site_name":"Banco Croghan sin cabeza","article_modified_time":"2026-04-21T19:43:14+00:00","twitter_card":"summary_large_image","schema":{"@context":"https:\/\/schema.org","@graph":[{"@type":"WebPage","@id":"https:\/\/api.croghan.bank\/es\/personal\/cuentas-de-ahorro\/ahorros-de-alto-rendimiento\/","url":"https:\/\/api.croghan.bank\/es\/personal\/cuentas-de-ahorro\/ahorros-de-alto-rendimiento\/","name":"Cuenta de Ahorro de Alto Rendimiento | Banco Colonial Croghan","isPartOf":{"@id":"https:\/\/api.croghan.bank\/es\/#website"},"datePublished":"2025-01-15T21:53:25+00:00","dateModified":"2026-04-21T19:43:14+00:00","description":"Haz crecer tus ahorros m\u00e1s r\u00e1pido con una cuenta de alto rendimiento de intereses que generan intereses. Tarifas competitivas por niveles, acceso online y protecci\u00f3n asegurada por la FDIC en Croghan.","breadcrumb":{"@id":"https:\/\/api.croghan.bank\/es\/personal\/cuentas-de-ahorro\/ahorros-de-alto-rendimiento\/#breadcrumb"},"inLanguage":"es","potentialAction":[{"@type":"ReadAction","target":["https:\/\/api.croghan.bank\/es\/personal\/cuentas-de-ahorro\/ahorros-de-alto-rendimiento\/"]}]},{"@type":"BreadcrumbList","@id":"https:\/\/api.croghan.bank\/es\/personal\/cuentas-de-ahorro\/ahorros-de-alto-rendimiento\/#breadcrumb","itemListElement":[{"@type":"ListItem","position":1,"name":"Hogar","item":"https:\/\/api.croghan.bank\/es\/"},{"@type":"ListItem","position":2,"name":"Personal","item":"https:\/\/api.croghan.bank\/es\/personal\/"},{"@type":"ListItem","position":3,"name":"Cuentas de Ahorro","item":"https:\/\/api.croghan.bank\/es\/personal\/cuentas-de-ahorro\/"},{"@type":"ListItem","position":4,"name":"Ahorros de alto rendimiento"}]},{"@type":"WebSite","@id":"https:\/\/api.croghan.bank\/es\/#website","url":"https:\/\/api.croghan.bank\/es\/","name":"Banco Croghan sin cabeza","description":"","potentialAction":[{"@type":"SearchAction","target":{"@type":"EntryPoint","urlTemplate":"https:\/\/api.croghan.bank\/es\/?s={search_term_string}"},"query-input":{"@type":"PropertyValueSpecification","valueRequired":true,"valueName":"search_term_string"}}],"inLanguage":"es"}]}},"_links":{"self":[{"href":"https:\/\/api.croghan.bank\/es\/wp-json\/wp\/v2\/pages\/4413","targetHints":{"allow":["GET"]}}],"collection":[{"href":"https:\/\/api.croghan.bank\/es\/wp-json\/wp\/v2\/pages"}],"about":[{"href":"https:\/\/api.croghan.bank\/es\/wp-json\/wp\/v2\/types\/page"}],"author":[{"embeddable":true,"href":"https:\/\/api.croghan.bank\/es\/wp-json\/wp\/v2\/users\/1"}],"replies":[{"embeddable":true,"href":"https:\/\/api.croghan.bank\/es\/wp-json\/wp\/v2\/comments?post=4413"}],"version-history":[{"count":1,"href":"https:\/\/api.croghan.bank\/es\/wp-json\/wp\/v2\/pages\/4413\/revisions"}],"predecessor-version":[{"id":7612,"href":"https:\/\/api.croghan.bank\/es\/wp-json\/wp\/v2\/pages\/4413\/revisions\/7612"}],"up":[{"embeddable":true,"href":"https:\/\/api.croghan.bank\/es\/wp-json\/wp\/v2\/pages\/4497"}],"wp:attachment":[{"href":"https:\/\/api.croghan.bank\/es\/wp-json\/wp\/v2\/media?parent=4413"}],"wp:term":[{"taxonomy":"category","embeddable":true,"href":"https:\/\/api.croghan.bank\/es\/wp-json\/wp\/v2\/categories?post=4413"},{"taxonomy":"post_tag","embeddable":true,"href":"https:\/\/api.croghan.bank\/es\/wp-json\/wp\/v2\/tags?post=4413"}],"curies":[{"name":"wp","href":"https:\/\/api.w.org\/{rel}","templated":true}]}}