{"id":4415,"date":"2025-01-15T21:53:48","date_gmt":"2025-01-15T21:53:48","guid":{"rendered":"https:\/\/api.croghan.bank\/ahorros-para-las-fiestas\/"},"modified":"2026-04-21T19:43:09","modified_gmt":"2026-04-21T19:43:09","slug":"ahorros-para-las-fiestas","status":"publish","type":"page","link":"https:\/\/api.croghan.bank\/es\/personal\/cuentas-de-ahorro\/ahorros-para-las-fiestas\/","title":{"rendered":"Ahorro para las fiestas"},"content":{"rendered":"","protected":false},"excerpt":{"rendered":"","protected":false},"author":1,"featured_media":0,"parent":4497,"menu_order":0,"comment_status":"closed","ping_status":"closed","template":"","meta":{"_acf_changed":false,"inline_featured_image":false,"footnotes":""},"categories":[],"tags":[],"class_list":["post-4415","page","type-page","status-publish","hentry"],"acf":{"modules":[{"acf_fc_layout":"bread_crumb_nav_hero","title":"<h1>Ahorro para las fiestas<\/h1>","subtitle":"","content":"Ahorrar para las fiestas o una ocasi\u00f3n especial puede resultar abrumador, pero las peque\u00f1as contribuciones se suman. Una cuenta de ahorros para las fiestas mantiene los fondos separados, genera intereses y se transfiere autom\u00e1ticamente a su cuenta de Croghan a fines de septiembre, \u00a1justo a tiempo para compras o viajes! Tu cuenta permanecer\u00e1 abierta despu\u00e9s de la transferencia anual, por lo que podr\u00e1s seguir ahorrando para momentos especiales cada a\u00f1o.  ","buttons":[{"button":{"link":{"title":"Cont\u00e1ctenos","url":"\/contact-us","target":""},"button_style":"solid","button_color":"blue","opens_modal":false,"video":null}},{"button":{"link":{"title":"Ver Tarifas","url":"\/resources\/rates","target":""},"button_style":"solid","button_color":"blue","opens_modal":false,"video":null}}],"module_anchor_id":"","module_padding_inner":"noPaddingInner","module_spacing_after":"noSpacingAfter"},{"acf_fc_layout":"floating_cards","eyebrow":"","title":"<h2>Caracter\u00edsticas y beneficios clave<\/h2>","content":"Una Cuenta de Ahorros para las Fiestas hace que sea f\u00e1cil ahorrar durante todo el a\u00f1o con:","buttons":null,"cards_alignment":"cardsRight","card_style_type":"cardTypeBasic","floating_cards":[{"icon":null,"icon_dark_mode":null,"eyebrow":"","title":"<h3>Ahorro durante todo el a\u00f1o<\/h3>","description":"Reserva dinero para regalos, viajes u ocasiones especiales.","image":null,"link":null},{"icon":null,"icon_dark_mode":null,"eyebrow":"","title":"<h3>Gana intereses<\/h3>","description":"Observa c\u00f3mo crecen tus ahorros mientras mantienes el dinero separado.","image":null,"link":null},{"icon":null,"icon_dark_mode":null,"eyebrow":"","title":"<h3>Transferencias autom\u00e1ticas<\/h3>","description":"Transferencia de fondos a su cuenta de Croghan a finales de septiembre.","image":null,"link":null},{"icon":null,"icon_dark_mode":null,"eyebrow":"","title":"<h3>Opciones de contribuci\u00f3n flexibles<\/h3>","description":"Ahorra a tu propio ritmo con transferencias autom\u00e1ticas o dep\u00f3sitos manuales.","image":null,"link":null}],"module_background_style":"accentTriangle","module_anchor_id":"","module_padding_inner":"noPaddingInner","module_spacing_after":"compactSpacingAfter"},{"acf_fc_layout":"fifty_fifty_table_and_image","image":null,"title":"<h2>Caracter\u00edsticas y beneficios clave<\/h2>","content_above_table":"Esto es lo que necesita saber sobre c\u00f3mo abrir una Cuenta de Ahorros para las Fiestas:","table_layout_columns":"tableTwoColumns","table_formatting_bold":"boldFirstRow","table_2_column":null,"table_3_column":null,"table_4_column":null,"table_5_column":null,"content_below_table":"","module_background_color":"white","module_image_alignment":"imageRight","module_anchor_id":"","module_padding_inner":"noPaddingInner","module_spacing_after":"defaultSpacingAfter"},{"acf_fc_layout":"content_card_pattern_accent","image":3906,"eyebrow":"","title":"<h3>Detalles de la cuenta<\/h3>","content":"\u00bfNo est\u00e1s seguro de cu\u00e1nto reservar? Comience con algo peque\u00f1o y observe c\u00f3mo crecen sus ahorros: \n<ul>\n \t<li><strong>Ahorre $1 la primera semana<\/strong>, luego agregue $1 cada semana para llegar a $1,378 en 52 semanas.<\/li>\n \t<li><strong>Transfiere $25 por cheque de pago<\/strong> y tendr\u00e1s $300 ahorrados en seis meses.<\/li>\n \t<li><strong>Configura transferencias autom\u00e1ticas<\/strong> cada d\u00eda de pago para ahorrar sin esfuerzo.<\/li>\n<\/ul>","buttons":null,"disclaimer":"","module_image_alignment":"imageRight","module_card_background_color":"cardBackgroundBlue","module_anchor_id":"","module_padding_inner":"noPaddingInner","module_spacing_after":"defaultSpacingAfter"},{"acf_fc_layout":"floating_cards","eyebrow":"","title":"<h2>\u00bfCu\u00e1nto debo ahorrar?<\/h2>","content":"\u00bfNo est\u00e1s seguro de cu\u00e1nto reservar? Comience con algo peque\u00f1o y observe c\u00f3mo crecen sus ahorros: \n<ul>\n \t<li><strong>Ahorre $1 la primera semana<\/strong>, luego agregue $1 cada semana para llegar a $1,378 en 52 semanas.<\/li>\n \t<li><strong>Transfiere $25 por cheque de pago<\/strong> y tendr\u00e1s $300 ahorrados en seis meses.<\/li>\n \t<li><strong>Configura transferencias autom\u00e1ticas<\/strong> cada d\u00eda de pago para ahorrar sin esfuerzo.<\/li>\n<\/ul>","buttons":null,"cards_alignment":"cardsRight","card_style_type":"cardTypeBasic","floating_cards":[{"icon":null,"icon_dark_mode":null,"eyebrow":"","title":"<h3>Ahorro sin esfuerzo<\/h3>","description":"Hacemos que ahorrar para las fiestas sea sencillo con transferencias autom\u00e1ticas que facilitan apartar dinero sin pensar en ello. Adem\u00e1s, nuestros servicios de banca digital segura le permiten realizar un seguimiento de su progreso en cualquier momento. ","image":null,"link":null},{"icon":null,"icon_dark_mode":null,"eyebrow":"","title":"<h3>Soporte Dedicado<\/h3>","description":"Nuestro amable equipo est\u00e1 aqu\u00ed para ayudarlo a planificar y administrar sus ahorros. Ya sea que necesites orientaci\u00f3n sobre c\u00f3mo configurar transferencias o tengas preguntas sobre tu cuenta, siempre estamos listos para ayudarte. ","image":null,"link":null},{"icon":null,"icon_dark_mode":null,"eyebrow":"","title":"<h3>Banca transparente y sencilla<\/h3>","description":"Abrir una Cuenta de Ahorros para las Fiestas es sencillo. Siempre sabr\u00e1s exactamente a d\u00f3nde va tu dinero y, sin cargos ocultos, puedes concentrarte en ahorrar para tus objetivos. ","image":null,"link":null}],"module_background_style":"accentTriangle","module_anchor_id":"","module_padding_inner":"paddingInnerBottom","module_spacing_after":"compactSpacingAfter"},{"acf_fc_layout":"content_card_pattern_accent","image":null,"eyebrow":"","title":"<h2>Lo que puedes esperar de Croghan<\/h2>","content":"En Croghan Colonial Bank, creemos que ahorrar para ocasiones especiales debe ser f\u00e1cil y gratificante.","buttons":[{"button":{"link":{"title":"Ll\u00e1manos","url":"tel:8882764426","target":"_blank"},"button_style":"solid","button_color":"blue","opens_modal":false,"video":null}}],"disclaimer":"","module_image_alignment":"imageLeft","module_card_background_color":"cardBackgroundBlue","module_anchor_id":"","module_padding_inner":"noPaddingInner","module_spacing_after":"defaultSpacingAfter"},{"acf_fc_layout":"accordion","eyebrow":null,"accordion_items":null,"module_anchor_id":null,"module_padding_inner":null,"module_spacing_after":null},{"acf_fc_layout":"location_pre_footer","module_anchor_id":"","module_padding_inner":"noPaddingInner","module_spacing_after":"defaultSpacingAfter"}]},"yoast_head":"<!-- This site is optimized with the Yoast SEO plugin v27.5 - https:\/\/yoast.com\/product\/yoast-seo-wordpress\/ -->\n<title>Cuenta de Ahorro para las Fiestas | Banco Colonial Croghan<\/title>\n<meta name=\"description\" content=\"Ahorra todo el a\u00f1o para regalos y viaja con una cuenta de Ahorros para las Fiestas. M\u00ednimo 20 d\u00f3lares, generan intereses y se transfieren autom\u00e1ticamente a la cuenta corriente cada septiembre.\" \/>\n<meta name=\"robots\" content=\"noindex, follow, max-snippet:-1, max-image-preview:large, max-video-preview:-1\" \/>\n<meta property=\"og:locale\" content=\"es_ES\" \/>\n<meta property=\"og:type\" content=\"article\" \/>\n<meta property=\"og:title\" content=\"Cuenta de Ahorro para las Fiestas | Banco Colonial Croghan\" \/>\n<meta property=\"og:description\" content=\"Ahorra todo el a\u00f1o para regalos y viaja con una cuenta de Ahorros para las Fiestas. M\u00ednimo 20 d\u00f3lares, generan intereses y se transfieren autom\u00e1ticamente a la cuenta corriente cada septiembre.\" \/>\n<meta property=\"og:url\" content=\"https:\/\/api.croghan.bank\/es\/personal\/cuentas-de-ahorro\/ahorros-para-las-fiestas\/\" \/>\n<meta property=\"og:site_name\" content=\"Banco Croghan sin cabeza\" \/>\n<meta property=\"article:modified_time\" content=\"2026-04-21T19:43:09+00:00\" \/>\n<meta name=\"twitter:card\" content=\"summary_large_image\" \/>\n<script type=\"application\/ld+json\" class=\"yoast-schema-graph\">{\"@context\":\"https:\\\/\\\/schema.org\",\"@graph\":[{\"@type\":\"WebPage\",\"@id\":\"https:\\\/\\\/api.croghan.bank\\\/es\\\/personal\\\/cuentas-de-ahorro\\\/ahorros-para-las-fiestas\\\/\",\"url\":\"https:\\\/\\\/api.croghan.bank\\\/es\\\/personal\\\/cuentas-de-ahorro\\\/ahorros-para-las-fiestas\\\/\",\"name\":\"Cuenta de Ahorro para las Fiestas | Banco Colonial Croghan\",\"isPartOf\":{\"@id\":\"https:\\\/\\\/api.croghan.bank\\\/es\\\/#website\"},\"datePublished\":\"2025-01-15T21:53:48+00:00\",\"dateModified\":\"2026-04-21T19:43:09+00:00\",\"description\":\"Ahorra todo el a\u00f1o para regalos y viaja con una cuenta de Ahorros para las Fiestas. M\u00ednimo 20 d\u00f3lares, generan intereses y se transfieren autom\u00e1ticamente a la cuenta corriente cada septiembre.\",\"breadcrumb\":{\"@id\":\"https:\\\/\\\/api.croghan.bank\\\/es\\\/personal\\\/cuentas-de-ahorro\\\/ahorros-para-las-fiestas\\\/#breadcrumb\"},\"inLanguage\":\"es\",\"potentialAction\":[{\"@type\":\"ReadAction\",\"target\":[\"https:\\\/\\\/api.croghan.bank\\\/es\\\/personal\\\/cuentas-de-ahorro\\\/ahorros-para-las-fiestas\\\/\"]}]},{\"@type\":\"BreadcrumbList\",\"@id\":\"https:\\\/\\\/api.croghan.bank\\\/es\\\/personal\\\/cuentas-de-ahorro\\\/ahorros-para-las-fiestas\\\/#breadcrumb\",\"itemListElement\":[{\"@type\":\"ListItem\",\"position\":1,\"name\":\"Hogar\",\"item\":\"https:\\\/\\\/api.croghan.bank\\\/es\\\/\"},{\"@type\":\"ListItem\",\"position\":2,\"name\":\"Personal\",\"item\":\"https:\\\/\\\/api.croghan.bank\\\/es\\\/personal\\\/\"},{\"@type\":\"ListItem\",\"position\":3,\"name\":\"Cuentas de Ahorro\",\"item\":\"https:\\\/\\\/api.croghan.bank\\\/es\\\/personal\\\/cuentas-de-ahorro\\\/\"},{\"@type\":\"ListItem\",\"position\":4,\"name\":\"Ahorro para las fiestas\"}]},{\"@type\":\"WebSite\",\"@id\":\"https:\\\/\\\/api.croghan.bank\\\/es\\\/#website\",\"url\":\"https:\\\/\\\/api.croghan.bank\\\/es\\\/\",\"name\":\"Banco Croghan sin cabeza\",\"description\":\"\",\"potentialAction\":[{\"@type\":\"SearchAction\",\"target\":{\"@type\":\"EntryPoint\",\"urlTemplate\":\"https:\\\/\\\/api.croghan.bank\\\/es\\\/?s={search_term_string}\"},\"query-input\":{\"@type\":\"PropertyValueSpecification\",\"valueRequired\":true,\"valueName\":\"search_term_string\"}}],\"inLanguage\":\"es\"}]}<\/script>\n<!-- \/ Yoast SEO plugin. -->","yoast_head_json":{"title":"Cuenta de Ahorro para las Fiestas | Banco Colonial Croghan","description":"Ahorra todo el a\u00f1o para regalos y viaja con una cuenta de Ahorros para las Fiestas. M\u00ednimo 20 d\u00f3lares, generan intereses y se transfieren autom\u00e1ticamente a la cuenta corriente cada septiembre.","robots":{"index":"noindex","follow":"follow","max-snippet":"max-snippet:-1","max-image-preview":"max-image-preview:large","max-video-preview":"max-video-preview:-1"},"og_locale":"es_ES","og_type":"article","og_title":"Cuenta de Ahorro para las Fiestas | Banco Colonial Croghan","og_description":"Ahorra todo el a\u00f1o para regalos y viaja con una cuenta de Ahorros para las Fiestas. M\u00ednimo 20 d\u00f3lares, generan intereses y se transfieren autom\u00e1ticamente a la cuenta corriente cada septiembre.","og_url":"https:\/\/api.croghan.bank\/es\/personal\/cuentas-de-ahorro\/ahorros-para-las-fiestas\/","og_site_name":"Banco Croghan sin cabeza","article_modified_time":"2026-04-21T19:43:09+00:00","twitter_card":"summary_large_image","schema":{"@context":"https:\/\/schema.org","@graph":[{"@type":"WebPage","@id":"https:\/\/api.croghan.bank\/es\/personal\/cuentas-de-ahorro\/ahorros-para-las-fiestas\/","url":"https:\/\/api.croghan.bank\/es\/personal\/cuentas-de-ahorro\/ahorros-para-las-fiestas\/","name":"Cuenta de Ahorro para las Fiestas | Banco Colonial Croghan","isPartOf":{"@id":"https:\/\/api.croghan.bank\/es\/#website"},"datePublished":"2025-01-15T21:53:48+00:00","dateModified":"2026-04-21T19:43:09+00:00","description":"Ahorra todo el a\u00f1o para regalos y viaja con una cuenta de Ahorros para las Fiestas. M\u00ednimo 20 d\u00f3lares, generan intereses y se transfieren autom\u00e1ticamente a la cuenta corriente cada septiembre.","breadcrumb":{"@id":"https:\/\/api.croghan.bank\/es\/personal\/cuentas-de-ahorro\/ahorros-para-las-fiestas\/#breadcrumb"},"inLanguage":"es","potentialAction":[{"@type":"ReadAction","target":["https:\/\/api.croghan.bank\/es\/personal\/cuentas-de-ahorro\/ahorros-para-las-fiestas\/"]}]},{"@type":"BreadcrumbList","@id":"https:\/\/api.croghan.bank\/es\/personal\/cuentas-de-ahorro\/ahorros-para-las-fiestas\/#breadcrumb","itemListElement":[{"@type":"ListItem","position":1,"name":"Hogar","item":"https:\/\/api.croghan.bank\/es\/"},{"@type":"ListItem","position":2,"name":"Personal","item":"https:\/\/api.croghan.bank\/es\/personal\/"},{"@type":"ListItem","position":3,"name":"Cuentas de Ahorro","item":"https:\/\/api.croghan.bank\/es\/personal\/cuentas-de-ahorro\/"},{"@type":"ListItem","position":4,"name":"Ahorro para las fiestas"}]},{"@type":"WebSite","@id":"https:\/\/api.croghan.bank\/es\/#website","url":"https:\/\/api.croghan.bank\/es\/","name":"Banco Croghan sin cabeza","description":"","potentialAction":[{"@type":"SearchAction","target":{"@type":"EntryPoint","urlTemplate":"https:\/\/api.croghan.bank\/es\/?s={search_term_string}"},"query-input":{"@type":"PropertyValueSpecification","valueRequired":true,"valueName":"search_term_string"}}],"inLanguage":"es"}]}},"_links":{"self":[{"href":"https:\/\/api.croghan.bank\/es\/wp-json\/wp\/v2\/pages\/4415","targetHints":{"allow":["GET"]}}],"collection":[{"href":"https:\/\/api.croghan.bank\/es\/wp-json\/wp\/v2\/pages"}],"about":[{"href":"https:\/\/api.croghan.bank\/es\/wp-json\/wp\/v2\/types\/page"}],"author":[{"embeddable":true,"href":"https:\/\/api.croghan.bank\/es\/wp-json\/wp\/v2\/users\/1"}],"replies":[{"embeddable":true,"href":"https:\/\/api.croghan.bank\/es\/wp-json\/wp\/v2\/comments?post=4415"}],"version-history":[{"count":1,"href":"https:\/\/api.croghan.bank\/es\/wp-json\/wp\/v2\/pages\/4415\/revisions"}],"predecessor-version":[{"id":7603,"href":"https:\/\/api.croghan.bank\/es\/wp-json\/wp\/v2\/pages\/4415\/revisions\/7603"}],"up":[{"embeddable":true,"href":"https:\/\/api.croghan.bank\/es\/wp-json\/wp\/v2\/pages\/4497"}],"wp:attachment":[{"href":"https:\/\/api.croghan.bank\/es\/wp-json\/wp\/v2\/media?parent=4415"}],"wp:term":[{"taxonomy":"category","embeddable":true,"href":"https:\/\/api.croghan.bank\/es\/wp-json\/wp\/v2\/categories?post=4415"},{"taxonomy":"post_tag","embeddable":true,"href":"https:\/\/api.croghan.bank\/es\/wp-json\/wp\/v2\/tags?post=4415"}],"curies":[{"name":"wp","href":"https:\/\/api.w.org\/{rel}","templated":true}]}}