{"id":4416,"date":"2025-01-16T20:35:48","date_gmt":"2025-01-16T20:35:48","guid":{"rendered":"https:\/\/api.croghan.bank\/cuentas-de-ahorro\/"},"modified":"2026-04-21T19:43:03","modified_gmt":"2026-04-21T19:43:03","slug":"cuentas-de-ahorro","status":"publish","type":"page","link":"https:\/\/api.croghan.bank\/es\/negocio\/cuentas-de-ahorro\/","title":{"rendered":"Cuentas de Ahorro"},"content":{"rendered":"","protected":false},"excerpt":{"rendered":"","protected":false},"author":1,"featured_media":0,"parent":4487,"menu_order":0,"comment_status":"closed","ping_status":"closed","template":"","meta":{"_acf_changed":false,"inline_featured_image":false,"footnotes":""},"categories":[51],"tags":[],"class_list":["post-4416","page","type-page","status-publish","hentry","category-negocio"],"acf":{"modules":[{"acf_fc_layout":"bread_crumb_nav_hero","title":"<h1>Encuentre la cuenta de ahorros para empresas que se adapte a sus necesidades<\/h1>","subtitle":"","content":"En Croghan Colonial Bank, sabemos que cada negocio es \u00fanico. Ofrecemos una variedad de cuentas de ahorros comerciales dise\u00f1adas con flexibilidad y facilidad. Estamos aqu\u00ed para ayudarte a elegir la mejor opci\u00f3n para tu negocio, ya sea que seas una peque\u00f1a empresa emergente o una organizaci\u00f3n establecida que busca optimizar tus ahorros.  ","buttons":null,"module_anchor_id":"","module_padding_inner":"noPaddingInner","module_spacing_after":"defaultSpacingAfter"},{"acf_fc_layout":"sidebar_links_and_content","functionality_type":"static","selected_menu":"4","selected_menu_item":"83","content_items":[{"card_type":"B\u00e1sico","sidebar_label":"Ahorros en el estado de cuenta","image":3813,"title":"F\u00e1cil y accesible","content":"Nuestra cuenta de ahorros Statement Savings ofrece simplicidad y flexibilidad para las empresas. Con f\u00e1cil acceso a la banca en l\u00ednea, puede administrar sus ahorros sin esfuerzo. ","buttons":[{"button":{"link":{"title":"Aprende m\u00e1s","url":"\/business\/savings-accounts\/statement-savings","target":""},"button_style":"solid","button_color":"dBlue","opens_modal":false,"video":null},"open_flyout":false}],"flyout_content":{"interactive_flyout_modules":{"interactive_flyout":null}}},{"card_type":"B\u00e1sico","sidebar_label":"Ahorros de alto rendimiento","image":3995,"title":"Gana m\u00e1s con tus ahorros","content":"La cuenta de ahorros High Yield te ayuda a maximizar los ahorros de tu negocio con tasas de inter\u00e9s escalonadas. Perfecta para empresas con saldos m\u00e1s grandes, esta cuenta ofrece tasas de inter\u00e9s m\u00e1s altas y servicios digitales como banca en l\u00ednea, banca m\u00f3vil y alertas. Puede hacer que sus ahorros trabajen m\u00e1s mientras mantiene un f\u00e1cil acceso a sus fondos.  ","buttons":[{"button":{"link":{"title":"Aprende m\u00e1s","url":"\/business\/savings-accounts\/high-yield-savings","target":""},"button_style":"solid","button_color":"dBlue","opens_modal":false,"video":null},"open_flyout":false}],"flyout_content":{"interactive_flyout_modules":{"interactive_flyout":null}}},{"card_type":"B\u00e1sico","sidebar_label":"Mercado Monetario Plus","image":3983,"title":"Ahorros inteligentes","content":"La cuenta Money Market Plus ofrece tasas de inter\u00e9s escalonadas para ayudar a que los ahorros de tu negocio crezcan. Con la banca en l\u00ednea, es una opci\u00f3n flexible y segura para las empresas listas para maximizar su potencial de ganancias. Mantenga sus fondos accesibles mientras disfruta de los beneficios de las tasas competitivas.  ","buttons":[{"button":{"link":{"title":"Aprende m\u00e1s","url":"\/business\/savings-accounts\/money-market-plus","target":""},"button_style":"solid","button_color":"dBlue","opens_modal":false,"video":null},"open_flyout":false}],"flyout_content":{"interactive_flyout_modules":{"interactive_flyout":null}}}],"module_anchor_id":"","module_padding_inner":"noPaddingInner","module_spacing_after":"defaultSpacingAfter"},{"acf_fc_layout":"content_card_pattern_accent","image":3816,"eyebrow":"","title":"<h2>Navegando por el flujo de caja estacional<\/h2>","content":"Administrar el flujo de efectivo a trav\u00e9s de las fluctuaciones estacionales puede ser un desaf\u00edo, pero con la estrategia correcta, su empresa puede mantenerse a la vanguardia. Comprender sus ciclos de ingresos, acumular reservas y aprovechar las herramientas financieras puede ayudarlo a mantener la estabilidad durante todo el a\u00f1o. \n\n<strong>\"Es esencial que las empresas anticipen tanto las ca\u00eddas como los picos de flujo de efectivo a lo largo del a\u00f1o\", <\/strong>dice Shantel Laird, vicepresidenta ejecutiva y oficial s\u00e9nior de dep\u00f3sitos comerciales de Croghan. <strong> \"Al planificar con anticipaci\u00f3n, las empresas pueden mantener operaciones fluidas incluso durante las temporadas m\u00e1s lentas\".<\/strong>\n\nDesde la optimizaci\u00f3n de las reservas de efectivo y la utilizaci\u00f3n de los mercados monetarios hasta la racionalizaci\u00f3n de la recaudaci\u00f3n de ingresos a trav\u00e9s de los pagos ACH, hay muchas maneras de fortalecer su posici\u00f3n financiera. En Croghan, trabajamos con las empresas para crear estrategias de flujo de caja personalizadas que equilibren la liquidez con el crecimiento. ","buttons":[{"button":{"link":{"title":"Visite el Centro Educativo","url":"\/resources\/education-center","target":""},"button_style":"solid","button_color":"dBlue","opens_modal":false,"video":null}}],"disclaimer":"","module_image_alignment":"imageLeft","module_card_background_color":"cardBackgroundGrey","module_anchor_id":"","module_padding_inner":"noPaddingInner","module_spacing_after":"defaultSpacingAfter"},{"acf_fc_layout":"horizontal_cards_slider","eyebrow":"","title":"<h2>Rese\u00f1as que hablan por s\u00ed mismas.<\/h2>","content":"","slider_cards":[{"card_type":"testimonial","card_media_type":"image","rating":5,"number":"","content":"Al trabajar con Croghan, es m\u00e1s dinero que podemos invertir en la comunidad local. Trabajar con una empresa local ha significado una experiencia mucho m\u00e1s personalizada para nosotros, lo cual es tan raro en los tiempos que corren. ","author":"Holger Wissel, CFO, Borgers U.S. Holding LP","image":null,"video":null,"video_poster_image":null,"links":null},{"card_type":"media","card_media_type":"video","rating":5,"number":"","content":"<strong>Marcos Gordon<\/strong>\nAduanas de Acci\u00f3n Corta","author":"Madisyn K.","image":null,"video":4240,"video_poster_image":4241,"links":null},{"card_type":"testimonial","card_media_type":"image","rating":5,"number":"","content":"Nunca pens\u00e9 que este acuerdo se llevar\u00eda a cabo, pero la comunicaci\u00f3n constante, la orientaci\u00f3n y el impulso del equipo de Croghan nos dieron la confianza para intentarlo. \u00a1Y juntos, lo hicimos! ","author":"Darlene Long, L&K Auto and Truck Service","image":null,"video":null,"video_poster_image":null,"links":null}],"module_background_color":"white","module_anchor_id":"","module_padding_inner":"noPaddingInner","module_spacing_after":"defaultSpacingAfter"},{"acf_fc_layout":"accordion","eyebrow":null,"accordion_items":null,"module_anchor_id":null,"module_padding_inner":null,"module_spacing_after":null},{"acf_fc_layout":"location_pre_footer","module_anchor_id":"","module_padding_inner":"noPaddingInner","module_spacing_after":"defaultSpacingAfter"}]},"yoast_head":"<!-- This site is optimized with the Yoast SEO plugin v27.5 - https:\/\/yoast.com\/product\/yoast-seo-wordpress\/ -->\n<title>Cuentas de ahorro para empresas | Banco Colonial Croghan<\/title>\n<meta name=\"description\" content=\"Cuentas de declaraci\u00f3n, alto rendimiento y Money Market Plus para empresas de Ohio. Ganar intereses sobre las reservas mientras mantienes los fondos l\u00edquidos en Croghan Colonial Bank.\" \/>\n<meta name=\"robots\" content=\"noindex, follow, max-snippet:-1, max-image-preview:large, max-video-preview:-1\" \/>\n<meta property=\"og:locale\" content=\"es_ES\" \/>\n<meta property=\"og:type\" content=\"article\" \/>\n<meta property=\"og:title\" content=\"Cuentas de ahorro para empresas | Banco Colonial Croghan\" \/>\n<meta property=\"og:description\" content=\"Cuentas de declaraci\u00f3n, alto rendimiento y Money Market Plus para empresas de Ohio. Ganar intereses sobre las reservas mientras mantienes los fondos l\u00edquidos en Croghan Colonial Bank.\" \/>\n<meta property=\"og:url\" content=\"https:\/\/api.croghan.bank\/es\/negocio\/cuentas-de-ahorro\/\" \/>\n<meta property=\"og:site_name\" content=\"Banco Croghan sin cabeza\" \/>\n<meta property=\"article:modified_time\" content=\"2026-04-21T19:43:03+00:00\" \/>\n<meta name=\"twitter:card\" content=\"summary_large_image\" \/>\n<script type=\"application\/ld+json\" class=\"yoast-schema-graph\">{\"@context\":\"https:\\\/\\\/schema.org\",\"@graph\":[{\"@type\":\"WebPage\",\"@id\":\"https:\\\/\\\/api.croghan.bank\\\/es\\\/negocio\\\/cuentas-de-ahorro\\\/\",\"url\":\"https:\\\/\\\/api.croghan.bank\\\/es\\\/negocio\\\/cuentas-de-ahorro\\\/\",\"name\":\"Cuentas de ahorro para empresas | Banco Colonial Croghan\",\"isPartOf\":{\"@id\":\"https:\\\/\\\/api.croghan.bank\\\/es\\\/#website\"},\"datePublished\":\"2025-01-16T20:35:48+00:00\",\"dateModified\":\"2026-04-21T19:43:03+00:00\",\"description\":\"Cuentas de declaraci\u00f3n, alto rendimiento y Money Market Plus para empresas de Ohio. Ganar intereses sobre las reservas mientras mantienes los fondos l\u00edquidos en Croghan Colonial Bank.\",\"breadcrumb\":{\"@id\":\"https:\\\/\\\/api.croghan.bank\\\/es\\\/negocio\\\/cuentas-de-ahorro\\\/#breadcrumb\"},\"inLanguage\":\"es\",\"potentialAction\":[{\"@type\":\"ReadAction\",\"target\":[\"https:\\\/\\\/api.croghan.bank\\\/es\\\/negocio\\\/cuentas-de-ahorro\\\/\"]}]},{\"@type\":\"BreadcrumbList\",\"@id\":\"https:\\\/\\\/api.croghan.bank\\\/es\\\/negocio\\\/cuentas-de-ahorro\\\/#breadcrumb\",\"itemListElement\":[{\"@type\":\"ListItem\",\"position\":1,\"name\":\"Hogar\",\"item\":\"https:\\\/\\\/api.croghan.bank\\\/es\\\/\"},{\"@type\":\"ListItem\",\"position\":2,\"name\":\"Negocio\",\"item\":\"https:\\\/\\\/api.croghan.bank\\\/es\\\/negocio\\\/\"},{\"@type\":\"ListItem\",\"position\":3,\"name\":\"Cuentas de Ahorro\"}]},{\"@type\":\"WebSite\",\"@id\":\"https:\\\/\\\/api.croghan.bank\\\/es\\\/#website\",\"url\":\"https:\\\/\\\/api.croghan.bank\\\/es\\\/\",\"name\":\"Banco Croghan sin cabeza\",\"description\":\"\",\"potentialAction\":[{\"@type\":\"SearchAction\",\"target\":{\"@type\":\"EntryPoint\",\"urlTemplate\":\"https:\\\/\\\/api.croghan.bank\\\/es\\\/?s={search_term_string}\"},\"query-input\":{\"@type\":\"PropertyValueSpecification\",\"valueRequired\":true,\"valueName\":\"search_term_string\"}}],\"inLanguage\":\"es\"}]}<\/script>\n<!-- \/ Yoast SEO plugin. -->","yoast_head_json":{"title":"Cuentas de ahorro para empresas | Banco Colonial Croghan","description":"Cuentas de declaraci\u00f3n, alto rendimiento y Money Market Plus para empresas de Ohio. Ganar intereses sobre las reservas mientras mantienes los fondos l\u00edquidos en Croghan Colonial Bank.","robots":{"index":"noindex","follow":"follow","max-snippet":"max-snippet:-1","max-image-preview":"max-image-preview:large","max-video-preview":"max-video-preview:-1"},"og_locale":"es_ES","og_type":"article","og_title":"Cuentas de ahorro para empresas | Banco Colonial Croghan","og_description":"Cuentas de declaraci\u00f3n, alto rendimiento y Money Market Plus para empresas de Ohio. Ganar intereses sobre las reservas mientras mantienes los fondos l\u00edquidos en Croghan Colonial Bank.","og_url":"https:\/\/api.croghan.bank\/es\/negocio\/cuentas-de-ahorro\/","og_site_name":"Banco Croghan sin cabeza","article_modified_time":"2026-04-21T19:43:03+00:00","twitter_card":"summary_large_image","schema":{"@context":"https:\/\/schema.org","@graph":[{"@type":"WebPage","@id":"https:\/\/api.croghan.bank\/es\/negocio\/cuentas-de-ahorro\/","url":"https:\/\/api.croghan.bank\/es\/negocio\/cuentas-de-ahorro\/","name":"Cuentas de ahorro para empresas | Banco Colonial Croghan","isPartOf":{"@id":"https:\/\/api.croghan.bank\/es\/#website"},"datePublished":"2025-01-16T20:35:48+00:00","dateModified":"2026-04-21T19:43:03+00:00","description":"Cuentas de declaraci\u00f3n, alto rendimiento y Money Market Plus para empresas de Ohio. Ganar intereses sobre las reservas mientras mantienes los fondos l\u00edquidos en Croghan Colonial Bank.","breadcrumb":{"@id":"https:\/\/api.croghan.bank\/es\/negocio\/cuentas-de-ahorro\/#breadcrumb"},"inLanguage":"es","potentialAction":[{"@type":"ReadAction","target":["https:\/\/api.croghan.bank\/es\/negocio\/cuentas-de-ahorro\/"]}]},{"@type":"BreadcrumbList","@id":"https:\/\/api.croghan.bank\/es\/negocio\/cuentas-de-ahorro\/#breadcrumb","itemListElement":[{"@type":"ListItem","position":1,"name":"Hogar","item":"https:\/\/api.croghan.bank\/es\/"},{"@type":"ListItem","position":2,"name":"Negocio","item":"https:\/\/api.croghan.bank\/es\/negocio\/"},{"@type":"ListItem","position":3,"name":"Cuentas de Ahorro"}]},{"@type":"WebSite","@id":"https:\/\/api.croghan.bank\/es\/#website","url":"https:\/\/api.croghan.bank\/es\/","name":"Banco Croghan sin cabeza","description":"","potentialAction":[{"@type":"SearchAction","target":{"@type":"EntryPoint","urlTemplate":"https:\/\/api.croghan.bank\/es\/?s={search_term_string}"},"query-input":{"@type":"PropertyValueSpecification","valueRequired":true,"valueName":"search_term_string"}}],"inLanguage":"es"}]}},"_links":{"self":[{"href":"https:\/\/api.croghan.bank\/es\/wp-json\/wp\/v2\/pages\/4416","targetHints":{"allow":["GET"]}}],"collection":[{"href":"https:\/\/api.croghan.bank\/es\/wp-json\/wp\/v2\/pages"}],"about":[{"href":"https:\/\/api.croghan.bank\/es\/wp-json\/wp\/v2\/types\/page"}],"author":[{"embeddable":true,"href":"https:\/\/api.croghan.bank\/es\/wp-json\/wp\/v2\/users\/1"}],"replies":[{"embeddable":true,"href":"https:\/\/api.croghan.bank\/es\/wp-json\/wp\/v2\/comments?post=4416"}],"version-history":[{"count":1,"href":"https:\/\/api.croghan.bank\/es\/wp-json\/wp\/v2\/pages\/4416\/revisions"}],"predecessor-version":[{"id":7593,"href":"https:\/\/api.croghan.bank\/es\/wp-json\/wp\/v2\/pages\/4416\/revisions\/7593"}],"up":[{"embeddable":true,"href":"https:\/\/api.croghan.bank\/es\/wp-json\/wp\/v2\/pages\/4487"}],"wp:attachment":[{"href":"https:\/\/api.croghan.bank\/es\/wp-json\/wp\/v2\/media?parent=4416"}],"wp:term":[{"taxonomy":"category","embeddable":true,"href":"https:\/\/api.croghan.bank\/es\/wp-json\/wp\/v2\/categories?post=4416"},{"taxonomy":"post_tag","embeddable":true,"href":"https:\/\/api.croghan.bank\/es\/wp-json\/wp\/v2\/tags?post=4416"}],"curies":[{"name":"wp","href":"https:\/\/api.w.org\/{rel}","templated":true}]}}