{"id":4418,"date":"2025-01-16T20:36:04","date_gmt":"2025-01-16T20:36:04","guid":{"rendered":"https:\/\/api.croghan.bank\/tarjetas-de-credito-y-debito\/"},"modified":"2026-04-21T19:42:58","modified_gmt":"2026-04-21T19:42:58","slug":"tarjetas-de-credito-y-debito","status":"publish","type":"page","link":"https:\/\/api.croghan.bank\/es\/negocio\/tarjetas-de-credito-y-debito\/","title":{"rendered":"Tarjetas de cr\u00e9dito y d\u00e9bito"},"content":{"rendered":"","protected":false},"excerpt":{"rendered":"","protected":false},"author":1,"featured_media":0,"parent":4487,"menu_order":0,"comment_status":"closed","ping_status":"closed","template":"","meta":{"_acf_changed":false,"inline_featured_image":false,"footnotes":""},"categories":[51],"tags":[],"class_list":["post-4418","page","type-page","status-publish","hentry","category-negocio"],"acf":{"modules":[{"acf_fc_layout":"bread_crumb_nav_hero","title":"<h1>Opciones de pago comerciales convenientes y seguras<\/h1>","subtitle":"","content":"En Croghan Colonial Bank, ofrecemos tarjetas de d\u00e9bito y cr\u00e9dito comerciales f\u00e1ciles de usar que agilizan los pagos y aumentan la seguridad. Ya sea que necesite realizar compras o realizar un seguimiento de los gastos, nuestras tarjetas brindan flexibilidad, seguridad y tranquilidad. ","buttons":[{"button":{"link":{"title":"Paga tu tarjeta de cr\u00e9dito","url":"https:\/\/spendtrack.fiservapp.com\/croghan-colonial-bank-mc\/","target":"_blank"},"button_style":"solid","button_color":"dBlue","opens_modal":false,"video":null}}],"module_anchor_id":"","module_padding_inner":"noPaddingInner","module_spacing_after":"defaultSpacingAfter"},{"acf_fc_layout":"interactive_cards_slider","cards":[{"card_type":"interactive","image":3908,"eyebrow":"Tarjetas de cr\u00e9dito comerciales","title":"Flexible y fiable","preview_content":"Elija entre las tarjetas VISA\u00ae Business o Mastercard\u00ae Business. Ambos ofrecen la tecnolog\u00eda EMV Smart Chip para mayor seguridad y acceso a la cuenta en l\u00ednea, para que pueda realizar un seguimiento de su actividad y saldo en cualquier momento. Con tasas de inter\u00e9s fijas y variables y aceptaci\u00f3n en todo el mundo, nuestras tarjetas de cr\u00e9dito comerciales satisfacen las necesidades financieras de su empresa.  ","buttons":[{"button":{"link":{"title":"Aprende m\u00e1s","url":"","target":""},"button_style":"solid","button_color":"dBlue","opens_modal":false,"video":null},"open_flyout":true}],"flyout_content":{"interactive_flyout_modules":{"interactive_flyout":[{"acf_fc_layout":"content_rows","title":"<h3>Caracter\u00edsticas y detalles de la tarjeta de cr\u00e9dito comercial<\/h3>","rows":[{"content":"Tecnolog\u00eda \n <strong>de chip inteligente EMV<\/strong>Para mejorar la seguridad y la prevenci\u00f3n del fraude en cada transacci\u00f3n."},{"content":"Aceptaci\u00f3n \n de <strong>tarjetas en todo el mundo<\/strong>Tanto VISA\u00ae como Mastercard\u00ae son aceptadas en todo el mundo para la conveniencia de su negocio."},{"content":"<strong>Tasas de inter\u00e9s fijas<\/strong>\nDisfrute de costos predecibles con tasas fijas en todas las compras con tarjeta de cr\u00e9dito."},{"content":"<div class=\"WaaZC\">\n<div class=\"RJPOee EIJn2\">\n<div class=\"zMgcWd dSKvsb\" data-il=\"\">\n<div data-crb-p=\"\">\n<div class=\"xFTqob\">\n<div class=\"vM0jzc\"><span data-huuid=\"6428006720964622119\"><strong>Tasas de inter\u00e9s variables<\/strong><\/span><\/div>\n<div class=\"vM0jzc\">Las tasas variables ofrecen la ventaja de adaptarse a las condiciones econ\u00f3micas cambiantes, lo que permite a los prestatarios aprovechar las tasas de mercado m\u00e1s bajas cuando se vuelven favorables.<\/div>\n<\/div>\n<\/div>\n<\/div>\n<\/div>\n<\/div>"},{"content":"<strong>Acceso seguro a<\/strong>\n la cuenta en l\u00edneaControle su actividad y saldo con acceso a la banca en l\u00ednea en cualquier momento."},{"content":"<strong>Apoyo al cliente<\/strong>\nDisponible para la activaci\u00f3n de tarjetas, la denuncia de tarjetas perdidas o robadas o cualquier consulta.\nMastercard\u00ae:<a href=\"tel:8006278372\"> (800) 627-8372 <\/a>\nVISA:\u00ae <a href=\"tel:8008472911\">(800) 847-2911<\/a>"}]}]}}},{"card_type":"interactive","image":3909,"eyebrow":"Tarjetas de d\u00e9bito comerciales","title":"Seguro y conveniente","preview_content":"Nuestras tarjetas de d\u00e9bito comerciales EMV est\u00e1n vinculadas directamente a su cuenta de cheques comercial Croghan. Con tecnolog\u00eda habilitada para chip, brindan una seguridad mejorada para cada transacci\u00f3n, lo que reduce el riesgo de fraude. \u00daselos f\u00e1cilmente en terminales de punto de venta (POS) y cajeros autom\u00e1ticos para un acceso r\u00e1pido y seguro a los fondos de su empresa.  ","buttons":[{"button":{"link":{"title":"Aprende m\u00e1s","url":"","target":""},"button_style":"solid","button_color":"dBlue","opens_modal":false,"video":null},"open_flyout":true}],"flyout_content":{"interactive_flyout_modules":{"interactive_flyout":[{"acf_fc_layout":"content_rows","title":"<h3>Caracter\u00edsticas y detalles de la tarjeta de d\u00e9bito comercial<\/h3>","rows":[{"content":"Tecnolog\u00eda \n <strong>habilitada para chip<\/strong>Ofrece seguridad adicional para minimizar el riesgo de fraude durante las transacciones."},{"content":"<strong>Enlace directo a la cuenta<\/strong>\n de cheques comercialAcceda f\u00e1cilmente a sus fondos directamente desde su cuenta de cheques comercial."},{"content":"<strong>Ampliamente aceptado en puntos de venta y cajeros autom\u00e1ticos<\/strong>\nUso conveniente en todo el mundo, asegurando el acceso a los fondos cuando los necesite."},{"content":"<strong>Apoyo al cliente<\/strong>\nDisponible para la activaci\u00f3n de tarjetas, la denuncia de tarjetas perdidas o robadas o cualquier consulta.\nMastercard\u00ae: <a href=\"tel:8006278372\">(800) 627-8372 <\/a>\nVISA:\u00ae <a href=\"tel:8008472911\">(800) 847-2911<\/a>"}]}]}}}],"card_image_alignment":"imageRight","module_anchor_id":"","module_padding_inner":"noPaddingInner","module_spacing_after":"noSpacingAfter"},{"acf_fc_layout":"floating_cards","eyebrow":"","title":"<h2>Caracter\u00edsticas de la tarjeta de visita<\/h2>","content":"Nuestras tarjetas de d\u00e9bito y cr\u00e9dito comerciales est\u00e1n dise\u00f1adas para simplificar su gesti\u00f3n financiera y brindar mayor seguridad a las transacciones de su empresa. Esto es lo que puedes esperar: ","buttons":null,"cards_alignment":"cardsLeft","card_style_type":"cardTypeBasic","floating_cards":[{"icon":3669,"icon_dark_mode":4368,"eyebrow":"","title":"<h3>Tecnolog\u00eda de chip inteligente EMV<\/h3>","description":"","image":null,"link":null},{"icon":3681,"icon_dark_mode":4375,"eyebrow":"","title":"<h3>Opciones de pago convenientes<\/h3>","description":"","image":null,"link":null},{"icon":3670,"icon_dark_mode":4361,"eyebrow":"","title":"<h3>Aceptaci\u00f3n de tarjetas en todo el mundo<\/h3>","description":"","image":null,"link":null},{"icon":3717,"icon_dark_mode":4380,"eyebrow":"","title":"<h3>Atenci\u00f3n al cliente dedicada<\/h3>","description":"","image":null,"link":null},{"icon":3680,"icon_dark_mode":4362,"eyebrow":"","title":"<h3>Acceso seguro a la cuenta en l\u00ednea<\/h3>","description":"","image":null,"link":null}],"module_background_style":"accentTriangle","module_anchor_id":"","module_padding_inner":"noPaddingInner","module_spacing_after":"defaultSpacingAfter"},{"acf_fc_layout":"content_card_pattern_accent","image":4162,"eyebrow":"SpendTrack GESTI\u00d3N DE TARJETAS","title":"<h2>Mant\u00e9n el control de tus tarjetas Croghan<\/h2>","content":"Acceda a la informaci\u00f3n de su tarjeta de cr\u00e9dito a trav\u00e9s de este conveniente servicio en l\u00ednea. Si tiene una cuenta Croghan, puede ver la informaci\u00f3n de su tarjeta dentro de la banca en l\u00ednea para empresas. Una vez iniciada la sesi\u00f3n, est\u00e1n disponibles estas interesantes funciones:  \n<ul>\n \t<li>Ver el saldo de la cuenta<\/li>\n \t<li>Consultar cr\u00e9dito disponible<\/li>\n \t<li>Ver estados de cuenta actuales y pasados<\/li>\n \t<li>Realizar pagos en l\u00ednea<\/li>\n \t<li>Descargar el historial de transacciones en el software financiero<\/li>\n \t<li>Administrar varias cuentas<\/li>\n \t<li>Configurar pagos recurrentes<\/li>\n<\/ul>","buttons":[{"button":{"link":{"title":"Administra tus tarjetas","url":"https:\/\/spendtrack.fiservapp.com\/croghan-colonial-bank-mc\/login","target":"_blank"},"button_style":"solid","button_color":"dBlue","opens_modal":false,"video":null}}],"disclaimer":"","module_image_alignment":"imageLeft","module_card_background_color":"cardBackgroundBlue","module_anchor_id":"","module_padding_inner":"noPaddingInner","module_spacing_after":"defaultSpacingAfter"},{"acf_fc_layout":"comparison_cards","eyebrow":"LO QUE SE DEBE Y LO QUE NO SE DEBE HACER CON LAS CARTAS","title":"<h2>S\u00e1cale el m\u00e1ximo partido a tu tarjeta Croghan<\/h2>","content":"","comparison_cards":[{"icon":3716,"icon_dark_mode":4371,"content":"<h3>Hacer<\/h3>\n<ul>\n \t<li>Realice un seguimiento regular de los gastos a trav\u00e9s de la banca en l\u00ednea para empresas<\/li>\n \t<li>Aproveche los servicios y alertas de protecci\u00f3n contra fraudes<\/li>\n \t<li>Utilice las transacciones con chip en la tienda para obtener una opci\u00f3n de compra m\u00e1s segura<\/li>\n<\/ul>"},{"icon":3718,"icon_dark_mode":4369,"content":"<h3>No<\/h3>\n<ul>\n \t<li>Compartir en exceso la informaci\u00f3n de la tarjeta<\/li>\n \t<li>Proporcione informaci\u00f3n confidencial como su n\u00famero PIN<\/li>\n \t<li>D\u00e9jate enga\u00f1ar, si el lector de tarjetas parece sospechoso, no lo uses<\/li>\n<\/ul>"}],"module_anchor_id":"","module_padding_inner":"noPaddingInner","module_spacing_after":"defaultSpacingAfter"},{"acf_fc_layout":"accordion","eyebrow":null,"accordion_items":null,"module_anchor_id":null,"module_padding_inner":null,"module_spacing_after":null},{"acf_fc_layout":"location_pre_footer","module_anchor_id":"","module_padding_inner":"noPaddingInner","module_spacing_after":"noSpacingAfter"}]},"yoast_head":"<!-- This site is optimized with the Yoast SEO plugin v27.5 - https:\/\/yoast.com\/product\/yoast-seo-wordpress\/ -->\n<title>Tarjetas de cr\u00e9dito y d\u00e9bito comerciales | Banco Colonial Croghan<\/title>\n<meta name=\"description\" content=\"Gestiona el gasto y controla el acceso con tarjetas de d\u00e9bito empresarial Croghan y Mastercard. Opciones de recompensas, protecci\u00f3n contra fraudes y visibilidad de gastos integradas.\" \/>\n<meta name=\"robots\" content=\"noindex, follow, max-snippet:-1, max-image-preview:large, max-video-preview:-1\" \/>\n<meta property=\"og:locale\" content=\"es_ES\" \/>\n<meta property=\"og:type\" content=\"article\" \/>\n<meta property=\"og:title\" content=\"Tarjetas de cr\u00e9dito y d\u00e9bito comerciales | Banco Colonial Croghan\" \/>\n<meta property=\"og:description\" content=\"Gestiona el gasto y controla el acceso con tarjetas de d\u00e9bito empresarial Croghan y Mastercard. Opciones de recompensas, protecci\u00f3n contra fraudes y visibilidad de gastos integradas.\" \/>\n<meta property=\"og:url\" content=\"https:\/\/api.croghan.bank\/es\/negocio\/tarjetas-de-credito-y-debito\/\" \/>\n<meta property=\"og:site_name\" content=\"Banco Croghan sin cabeza\" \/>\n<meta property=\"article:modified_time\" content=\"2026-04-21T19:42:58+00:00\" \/>\n<meta name=\"twitter:card\" content=\"summary_large_image\" \/>\n<script type=\"application\/ld+json\" class=\"yoast-schema-graph\">{\"@context\":\"https:\\\/\\\/schema.org\",\"@graph\":[{\"@type\":\"WebPage\",\"@id\":\"https:\\\/\\\/api.croghan.bank\\\/es\\\/negocio\\\/tarjetas-de-credito-y-debito\\\/\",\"url\":\"https:\\\/\\\/api.croghan.bank\\\/es\\\/negocio\\\/tarjetas-de-credito-y-debito\\\/\",\"name\":\"Tarjetas de cr\u00e9dito y d\u00e9bito comerciales | Banco Colonial Croghan\",\"isPartOf\":{\"@id\":\"https:\\\/\\\/api.croghan.bank\\\/es\\\/#website\"},\"datePublished\":\"2025-01-16T20:36:04+00:00\",\"dateModified\":\"2026-04-21T19:42:58+00:00\",\"description\":\"Gestiona el gasto y controla el acceso con tarjetas de d\u00e9bito empresarial Croghan y Mastercard. Opciones de recompensas, protecci\u00f3n contra fraudes y visibilidad de gastos integradas.\",\"breadcrumb\":{\"@id\":\"https:\\\/\\\/api.croghan.bank\\\/es\\\/negocio\\\/tarjetas-de-credito-y-debito\\\/#breadcrumb\"},\"inLanguage\":\"es\",\"potentialAction\":[{\"@type\":\"ReadAction\",\"target\":[\"https:\\\/\\\/api.croghan.bank\\\/es\\\/negocio\\\/tarjetas-de-credito-y-debito\\\/\"]}]},{\"@type\":\"BreadcrumbList\",\"@id\":\"https:\\\/\\\/api.croghan.bank\\\/es\\\/negocio\\\/tarjetas-de-credito-y-debito\\\/#breadcrumb\",\"itemListElement\":[{\"@type\":\"ListItem\",\"position\":1,\"name\":\"Hogar\",\"item\":\"https:\\\/\\\/api.croghan.bank\\\/es\\\/\"},{\"@type\":\"ListItem\",\"position\":2,\"name\":\"Negocio\",\"item\":\"https:\\\/\\\/api.croghan.bank\\\/es\\\/negocio\\\/\"},{\"@type\":\"ListItem\",\"position\":3,\"name\":\"Tarjetas de cr\u00e9dito y d\u00e9bito\"}]},{\"@type\":\"WebSite\",\"@id\":\"https:\\\/\\\/api.croghan.bank\\\/es\\\/#website\",\"url\":\"https:\\\/\\\/api.croghan.bank\\\/es\\\/\",\"name\":\"Banco Croghan sin cabeza\",\"description\":\"\",\"potentialAction\":[{\"@type\":\"SearchAction\",\"target\":{\"@type\":\"EntryPoint\",\"urlTemplate\":\"https:\\\/\\\/api.croghan.bank\\\/es\\\/?s={search_term_string}\"},\"query-input\":{\"@type\":\"PropertyValueSpecification\",\"valueRequired\":true,\"valueName\":\"search_term_string\"}}],\"inLanguage\":\"es\"}]}<\/script>\n<!-- \/ Yoast SEO plugin. -->","yoast_head_json":{"title":"Tarjetas de cr\u00e9dito y d\u00e9bito comerciales | Banco Colonial Croghan","description":"Gestiona el gasto y controla el acceso con tarjetas de d\u00e9bito empresarial Croghan y Mastercard. Opciones de recompensas, protecci\u00f3n contra fraudes y visibilidad de gastos integradas.","robots":{"index":"noindex","follow":"follow","max-snippet":"max-snippet:-1","max-image-preview":"max-image-preview:large","max-video-preview":"max-video-preview:-1"},"og_locale":"es_ES","og_type":"article","og_title":"Tarjetas de cr\u00e9dito y d\u00e9bito comerciales | Banco Colonial Croghan","og_description":"Gestiona el gasto y controla el acceso con tarjetas de d\u00e9bito empresarial Croghan y Mastercard. Opciones de recompensas, protecci\u00f3n contra fraudes y visibilidad de gastos integradas.","og_url":"https:\/\/api.croghan.bank\/es\/negocio\/tarjetas-de-credito-y-debito\/","og_site_name":"Banco Croghan sin cabeza","article_modified_time":"2026-04-21T19:42:58+00:00","twitter_card":"summary_large_image","schema":{"@context":"https:\/\/schema.org","@graph":[{"@type":"WebPage","@id":"https:\/\/api.croghan.bank\/es\/negocio\/tarjetas-de-credito-y-debito\/","url":"https:\/\/api.croghan.bank\/es\/negocio\/tarjetas-de-credito-y-debito\/","name":"Tarjetas de cr\u00e9dito y d\u00e9bito comerciales | Banco Colonial Croghan","isPartOf":{"@id":"https:\/\/api.croghan.bank\/es\/#website"},"datePublished":"2025-01-16T20:36:04+00:00","dateModified":"2026-04-21T19:42:58+00:00","description":"Gestiona el gasto y controla el acceso con tarjetas de d\u00e9bito empresarial Croghan y Mastercard. Opciones de recompensas, protecci\u00f3n contra fraudes y visibilidad de gastos integradas.","breadcrumb":{"@id":"https:\/\/api.croghan.bank\/es\/negocio\/tarjetas-de-credito-y-debito\/#breadcrumb"},"inLanguage":"es","potentialAction":[{"@type":"ReadAction","target":["https:\/\/api.croghan.bank\/es\/negocio\/tarjetas-de-credito-y-debito\/"]}]},{"@type":"BreadcrumbList","@id":"https:\/\/api.croghan.bank\/es\/negocio\/tarjetas-de-credito-y-debito\/#breadcrumb","itemListElement":[{"@type":"ListItem","position":1,"name":"Hogar","item":"https:\/\/api.croghan.bank\/es\/"},{"@type":"ListItem","position":2,"name":"Negocio","item":"https:\/\/api.croghan.bank\/es\/negocio\/"},{"@type":"ListItem","position":3,"name":"Tarjetas de cr\u00e9dito y d\u00e9bito"}]},{"@type":"WebSite","@id":"https:\/\/api.croghan.bank\/es\/#website","url":"https:\/\/api.croghan.bank\/es\/","name":"Banco Croghan sin cabeza","description":"","potentialAction":[{"@type":"SearchAction","target":{"@type":"EntryPoint","urlTemplate":"https:\/\/api.croghan.bank\/es\/?s={search_term_string}"},"query-input":{"@type":"PropertyValueSpecification","valueRequired":true,"valueName":"search_term_string"}}],"inLanguage":"es"}]}},"_links":{"self":[{"href":"https:\/\/api.croghan.bank\/es\/wp-json\/wp\/v2\/pages\/4418","targetHints":{"allow":["GET"]}}],"collection":[{"href":"https:\/\/api.croghan.bank\/es\/wp-json\/wp\/v2\/pages"}],"about":[{"href":"https:\/\/api.croghan.bank\/es\/wp-json\/wp\/v2\/types\/page"}],"author":[{"embeddable":true,"href":"https:\/\/api.croghan.bank\/es\/wp-json\/wp\/v2\/users\/1"}],"replies":[{"embeddable":true,"href":"https:\/\/api.croghan.bank\/es\/wp-json\/wp\/v2\/comments?post=4418"}],"version-history":[{"count":1,"href":"https:\/\/api.croghan.bank\/es\/wp-json\/wp\/v2\/pages\/4418\/revisions"}],"predecessor-version":[{"id":7327,"href":"https:\/\/api.croghan.bank\/es\/wp-json\/wp\/v2\/pages\/4418\/revisions\/7327"}],"up":[{"embeddable":true,"href":"https:\/\/api.croghan.bank\/es\/wp-json\/wp\/v2\/pages\/4487"}],"wp:attachment":[{"href":"https:\/\/api.croghan.bank\/es\/wp-json\/wp\/v2\/media?parent=4418"}],"wp:term":[{"taxonomy":"category","embeddable":true,"href":"https:\/\/api.croghan.bank\/es\/wp-json\/wp\/v2\/categories?post=4418"},{"taxonomy":"post_tag","embeddable":true,"href":"https:\/\/api.croghan.bank\/es\/wp-json\/wp\/v2\/tags?post=4418"}],"curies":[{"name":"wp","href":"https:\/\/api.w.org\/{rel}","templated":true}]}}