{"id":4420,"date":"2025-04-10T16:10:23","date_gmt":"2025-04-10T16:10:23","guid":{"rendered":"https:\/\/api.croghan.bank\/calculadora-de-linea-de-credito\/"},"modified":"2026-04-22T12:42:49","modified_gmt":"2026-04-22T12:42:49","slug":"calculadora-de-linea-de-credito","status":"publish","type":"page","link":"https:\/\/api.croghan.bank\/es\/recursos\/calculadoras\/calculadora-de-linea-de-credito\/","title":{"rendered":"Calculadora de l\u00ednea de cr\u00e9dito"},"content":{"rendered":"","protected":false},"excerpt":{"rendered":"","protected":false},"author":1,"featured_media":0,"parent":4426,"menu_order":0,"comment_status":"closed","ping_status":"closed","template":"","meta":{"_acf_changed":false,"inline_featured_image":false,"footnotes":""},"categories":[],"tags":[],"class_list":["post-4420","page","type-page","status-publish","hentry"],"acf":{"modules":[{"acf_fc_layout":"bread_crumb_nav_hero","title":"<h1>Calculadora de l\u00ednea de cr\u00e9dito<\/h1>","subtitle":"","content":"Use esta calculadora para determinar el monto de la l\u00ednea de cr\u00e9dito con garant\u00eda hipotecaria para el que puede calificar. La l\u00ednea de cr\u00e9dito se basa en un porcentaje del valor de su vivienda. Cuanto m\u00e1s valga su casa, mayor ser\u00e1 la l\u00ednea de cr\u00e9dito. Por supuesto, la \u00faltima l\u00ednea de cr\u00e9dito que recibas tendr\u00e1 en cuenta las hipotecas pendientes que puedas tener. Esto incluye primeras hipotecas, segundas hipotecas y cualquier otra deuda que tenga garantizada por su casa.    ","buttons":[{"button":{"link":{"title":"Cont\u00e1ctenos","url":"\/contact-us","target":""},"button_style":"solid","button_color":"blue","opens_modal":false,"video":null}}],"module_anchor_id":"","module_padding_inner":"noPaddingInner","module_spacing_after":"defaultSpacingAfter"},{"acf_fc_layout":"basic_content","content":"<div id=\"KJEAllContent\"><\/div>\n<script type=\"text\/javascript\" src=\"\/calculator\/KJE.js\"><\/script>\n<script type=\"text\/javascript\" src=\"\/calculator\/KJESiteSpecific.js\"><\/script>\n<script type=\"text\/javascript\" src=\"\/calculator\/CreditLine.js\"><\/script>\n<script type=\"text\/javascript\" src=\"\/calculator\/CreditLineParams.js\"><\/script>","module_background_color":"white","module_anchor_id":"","module_padding_inner":"noPaddingInner","module_spacing_after":"defaultSpacingAfter"}]},"yoast_head":"<!-- This site is optimized with the Yoast SEO plugin v27.5 - https:\/\/yoast.com\/product\/yoast-seo-wordpress\/ -->\n<title>Calculadora de l\u00edneas de cr\u00e9dito sobre el valor de la vivienda | Croghan<\/title>\n<meta name=\"description\" content=\"Utiliza la calculadora de l\u00edneas de cr\u00e9dito de Croghan para estimar la l\u00ednea de cr\u00e9dito sobre el valor de la vivienda a la que podr\u00edas optar en funci\u00f3n del valor de tu vivienda y del saldo actual de la hipoteca.\" \/>\n<meta name=\"robots\" content=\"noindex, follow, max-snippet:-1, max-image-preview:large, max-video-preview:-1\" \/>\n<meta property=\"og:locale\" content=\"es_ES\" \/>\n<meta property=\"og:type\" content=\"article\" \/>\n<meta property=\"og:title\" content=\"Calculadora de l\u00edneas de cr\u00e9dito sobre el valor de la vivienda | Croghan\" \/>\n<meta property=\"og:description\" content=\"Utiliza la calculadora de l\u00edneas de cr\u00e9dito de Croghan para estimar la l\u00ednea de cr\u00e9dito sobre el valor de la vivienda a la que podr\u00edas optar en funci\u00f3n del valor de tu vivienda y del saldo actual de la hipoteca.\" \/>\n<meta property=\"og:url\" content=\"https:\/\/api.croghan.bank\/es\/recursos\/calculadoras\/calculadora-de-linea-de-credito\/\" \/>\n<meta property=\"og:site_name\" content=\"Banco Croghan sin cabeza\" \/>\n<meta property=\"article:modified_time\" content=\"2026-04-22T12:42:49+00:00\" \/>\n<meta name=\"twitter:card\" content=\"summary_large_image\" \/>\n<script type=\"application\/ld+json\" class=\"yoast-schema-graph\">{\"@context\":\"https:\\\/\\\/schema.org\",\"@graph\":[{\"@type\":\"WebPage\",\"@id\":\"https:\\\/\\\/api.croghan.bank\\\/es\\\/recursos\\\/calculadoras\\\/calculadora-de-linea-de-credito\\\/\",\"url\":\"https:\\\/\\\/api.croghan.bank\\\/es\\\/recursos\\\/calculadoras\\\/calculadora-de-linea-de-credito\\\/\",\"name\":\"Calculadora de l\u00edneas de cr\u00e9dito sobre el valor de la vivienda | Croghan\",\"isPartOf\":{\"@id\":\"https:\\\/\\\/api.croghan.bank\\\/es\\\/#website\"},\"datePublished\":\"2025-04-10T16:10:23+00:00\",\"dateModified\":\"2026-04-22T12:42:49+00:00\",\"description\":\"Utiliza la calculadora de l\u00edneas de cr\u00e9dito de Croghan para estimar la l\u00ednea de cr\u00e9dito sobre el valor de la vivienda a la que podr\u00edas optar en funci\u00f3n del valor de tu vivienda y del saldo actual de la hipoteca.\",\"breadcrumb\":{\"@id\":\"https:\\\/\\\/api.croghan.bank\\\/es\\\/recursos\\\/calculadoras\\\/calculadora-de-linea-de-credito\\\/#breadcrumb\"},\"inLanguage\":\"es\",\"potentialAction\":[{\"@type\":\"ReadAction\",\"target\":[\"https:\\\/\\\/api.croghan.bank\\\/es\\\/recursos\\\/calculadoras\\\/calculadora-de-linea-de-credito\\\/\"]}]},{\"@type\":\"BreadcrumbList\",\"@id\":\"https:\\\/\\\/api.croghan.bank\\\/es\\\/recursos\\\/calculadoras\\\/calculadora-de-linea-de-credito\\\/#breadcrumb\",\"itemListElement\":[{\"@type\":\"ListItem\",\"position\":1,\"name\":\"Hogar\",\"item\":\"https:\\\/\\\/api.croghan.bank\\\/es\\\/\"},{\"@type\":\"ListItem\",\"position\":2,\"name\":\"Recursos\",\"item\":\"https:\\\/\\\/api.croghan.bank\\\/es\\\/recursos\\\/\"},{\"@type\":\"ListItem\",\"position\":3,\"name\":\"Calculadoras\",\"item\":\"https:\\\/\\\/api.croghan.bank\\\/es\\\/recursos\\\/calculadoras\\\/\"},{\"@type\":\"ListItem\",\"position\":4,\"name\":\"Calculadora de l\u00ednea de cr\u00e9dito\"}]},{\"@type\":\"WebSite\",\"@id\":\"https:\\\/\\\/api.croghan.bank\\\/es\\\/#website\",\"url\":\"https:\\\/\\\/api.croghan.bank\\\/es\\\/\",\"name\":\"Banco Croghan sin cabeza\",\"description\":\"\",\"potentialAction\":[{\"@type\":\"SearchAction\",\"target\":{\"@type\":\"EntryPoint\",\"urlTemplate\":\"https:\\\/\\\/api.croghan.bank\\\/es\\\/?s={search_term_string}\"},\"query-input\":{\"@type\":\"PropertyValueSpecification\",\"valueRequired\":true,\"valueName\":\"search_term_string\"}}],\"inLanguage\":\"es\"}]}<\/script>\n<!-- \/ Yoast SEO plugin. -->","yoast_head_json":{"title":"Calculadora de l\u00edneas de cr\u00e9dito sobre el valor de la vivienda | Croghan","description":"Utiliza la calculadora de l\u00edneas de cr\u00e9dito de Croghan para estimar la l\u00ednea de cr\u00e9dito sobre el valor de la vivienda a la que podr\u00edas optar en funci\u00f3n del valor de tu vivienda y del saldo actual de la hipoteca.","robots":{"index":"noindex","follow":"follow","max-snippet":"max-snippet:-1","max-image-preview":"max-image-preview:large","max-video-preview":"max-video-preview:-1"},"og_locale":"es_ES","og_type":"article","og_title":"Calculadora de l\u00edneas de cr\u00e9dito sobre el valor de la vivienda | Croghan","og_description":"Utiliza la calculadora de l\u00edneas de cr\u00e9dito de Croghan para estimar la l\u00ednea de cr\u00e9dito sobre el valor de la vivienda a la que podr\u00edas optar en funci\u00f3n del valor de tu vivienda y del saldo actual de la hipoteca.","og_url":"https:\/\/api.croghan.bank\/es\/recursos\/calculadoras\/calculadora-de-linea-de-credito\/","og_site_name":"Banco Croghan sin cabeza","article_modified_time":"2026-04-22T12:42:49+00:00","twitter_card":"summary_large_image","schema":{"@context":"https:\/\/schema.org","@graph":[{"@type":"WebPage","@id":"https:\/\/api.croghan.bank\/es\/recursos\/calculadoras\/calculadora-de-linea-de-credito\/","url":"https:\/\/api.croghan.bank\/es\/recursos\/calculadoras\/calculadora-de-linea-de-credito\/","name":"Calculadora de l\u00edneas de cr\u00e9dito sobre el valor de la vivienda | Croghan","isPartOf":{"@id":"https:\/\/api.croghan.bank\/es\/#website"},"datePublished":"2025-04-10T16:10:23+00:00","dateModified":"2026-04-22T12:42:49+00:00","description":"Utiliza la calculadora de l\u00edneas de cr\u00e9dito de Croghan para estimar la l\u00ednea de cr\u00e9dito sobre el valor de la vivienda a la que podr\u00edas optar en funci\u00f3n del valor de tu vivienda y del saldo actual de la hipoteca.","breadcrumb":{"@id":"https:\/\/api.croghan.bank\/es\/recursos\/calculadoras\/calculadora-de-linea-de-credito\/#breadcrumb"},"inLanguage":"es","potentialAction":[{"@type":"ReadAction","target":["https:\/\/api.croghan.bank\/es\/recursos\/calculadoras\/calculadora-de-linea-de-credito\/"]}]},{"@type":"BreadcrumbList","@id":"https:\/\/api.croghan.bank\/es\/recursos\/calculadoras\/calculadora-de-linea-de-credito\/#breadcrumb","itemListElement":[{"@type":"ListItem","position":1,"name":"Hogar","item":"https:\/\/api.croghan.bank\/es\/"},{"@type":"ListItem","position":2,"name":"Recursos","item":"https:\/\/api.croghan.bank\/es\/recursos\/"},{"@type":"ListItem","position":3,"name":"Calculadoras","item":"https:\/\/api.croghan.bank\/es\/recursos\/calculadoras\/"},{"@type":"ListItem","position":4,"name":"Calculadora de l\u00ednea de cr\u00e9dito"}]},{"@type":"WebSite","@id":"https:\/\/api.croghan.bank\/es\/#website","url":"https:\/\/api.croghan.bank\/es\/","name":"Banco Croghan sin cabeza","description":"","potentialAction":[{"@type":"SearchAction","target":{"@type":"EntryPoint","urlTemplate":"https:\/\/api.croghan.bank\/es\/?s={search_term_string}"},"query-input":{"@type":"PropertyValueSpecification","valueRequired":true,"valueName":"search_term_string"}}],"inLanguage":"es"}]}},"_links":{"self":[{"href":"https:\/\/api.croghan.bank\/es\/wp-json\/wp\/v2\/pages\/4420","targetHints":{"allow":["GET"]}}],"collection":[{"href":"https:\/\/api.croghan.bank\/es\/wp-json\/wp\/v2\/pages"}],"about":[{"href":"https:\/\/api.croghan.bank\/es\/wp-json\/wp\/v2\/types\/page"}],"author":[{"embeddable":true,"href":"https:\/\/api.croghan.bank\/es\/wp-json\/wp\/v2\/users\/1"}],"replies":[{"embeddable":true,"href":"https:\/\/api.croghan.bank\/es\/wp-json\/wp\/v2\/comments?post=4420"}],"version-history":[{"count":1,"href":"https:\/\/api.croghan.bank\/es\/wp-json\/wp\/v2\/pages\/4420\/revisions"}],"predecessor-version":[{"id":7631,"href":"https:\/\/api.croghan.bank\/es\/wp-json\/wp\/v2\/pages\/4420\/revisions\/7631"}],"up":[{"embeddable":true,"href":"https:\/\/api.croghan.bank\/es\/wp-json\/wp\/v2\/pages\/4426"}],"wp:attachment":[{"href":"https:\/\/api.croghan.bank\/es\/wp-json\/wp\/v2\/media?parent=4420"}],"wp:term":[{"taxonomy":"category","embeddable":true,"href":"https:\/\/api.croghan.bank\/es\/wp-json\/wp\/v2\/categories?post=4420"},{"taxonomy":"post_tag","embeddable":true,"href":"https:\/\/api.croghan.bank\/es\/wp-json\/wp\/v2\/tags?post=4420"}],"curies":[{"name":"wp","href":"https:\/\/api.w.org\/{rel}","templated":true}]}}