{"id":4422,"date":"2025-01-16T20:39:32","date_gmt":"2025-01-16T20:39:32","guid":{"rendered":"https:\/\/api.croghan.bank\/gestion-patrimonial\/"},"modified":"2026-04-21T19:42:58","modified_gmt":"2026-04-21T19:42:58","slug":"gestion-patrimonial","status":"publish","type":"page","link":"https:\/\/api.croghan.bank\/es\/gestion-patrimonial\/","title":{"rendered":"Gesti\u00f3n Patrimonial"},"content":{"rendered":"","protected":false},"excerpt":{"rendered":"","protected":false},"author":1,"featured_media":0,"parent":0,"menu_order":0,"comment_status":"closed","ping_status":"closed","template":"","meta":{"_acf_changed":false,"inline_featured_image":false,"footnotes":""},"categories":[52],"tags":[],"class_list":["post-4422","page","type-page","status-publish","hentry","category-gestion-patrimonial"],"acf":{"modules":[{"acf_fc_layout":"bread_crumb_nav_hero","title":"<h1>Soluciones financieras, dise\u00f1adas para su futuro<\/h1>","subtitle":"","content":"La gesti\u00f3n patrimonial consiste en crear una estrategia personalizada que se alinee con sus objetivos \u00fanicos. Colabore con nuestros asesores de confianza para desarrollar carteras personalizadas que prioricen el rendimiento, la gesti\u00f3n de riesgos y la eficiencia fiscal. Perm\u00edtanos ayudarlo a asegurar su futuro financiero.  ","buttons":null,"module_anchor_id":"","module_padding_inner":"noPaddingInner","module_spacing_after":"defaultSpacingAfter"},{"acf_fc_layout":"secondary_navigation","links":[{"link":{"title":"Planificaci\u00f3n financiera","url":"\/wealth-management#planning","target":""}},{"link":{"title":"Inversiones","url":"\/wealth-management#investment","target":""}},{"link":{"title":"Fideicomiso\/Patrimonio","url":"\/wealth-management#trust","target":""}},{"link":{"title":"Planes de beneficios para empleados","url":"\/wealth-management#employee","target":""}},{"link":{"title":"Planificaci\u00f3n de la sucesi\u00f3n","url":"\/wealth-management#succession","target":""}},{"link":{"title":"Seguro","url":"\/wealth-management#insurance","target":""}}]},{"acf_fc_layout":"fifty_fifty_floating_callout","eyebrow":"Planificaci\u00f3n financiera","title":"<h2>Planifique su futuro<\/h2>","content":"Ofrecemos servicios integrales de planificaci\u00f3n financiera adaptados a los objetivos de su vida. Desde la elaboraci\u00f3n de presupuestos y la reducci\u00f3n de deudas hasta las estrategias fiscales y de jubilaci\u00f3n, nuestro proceso de planificaci\u00f3n garantiza que todos los aspectos de su futuro financiero est\u00e9n cubiertos. Trabajamos en estrecha colaboraci\u00f3n con usted para construir una estrategia que evolucione con su vida.  ","buttons":[{"button":{"link":{"title":"Aprende m\u00e1s","url":"\/wealth-management\/financial-planning","target":""},"button_style":"solid","button_color":"dBlue","opens_modal":false,"video":null}}],"background_image":3944,"module_image_alignment":"imageLeft","module_anchor_id":"planning","module_padding_inner":"noPaddingInner","module_spacing_after":"defaultSpacingAfter"},{"acf_fc_layout":"fifty_fifty_floating_callout","eyebrow":"Gesti\u00f3n de Inversiones","title":"Invertir de forma sencilla","content":"Adoptamos un enfoque personalizado para invertir, ayud\u00e1ndole a alcanzar sus objetivos financieros a largo plazo. Tanto si es nuevo en el mundo de las inversiones como si busca diversificar su cartera, nuestro equipo ofrece orientaci\u00f3n experta sobre c\u00f3mo crear una estrategia de inversi\u00f3n que se alinee con sus objetivos financieros. ","buttons":[{"button":{"link":{"title":"Aprende m\u00e1s","url":"\/wealth-management\/investment-management","target":""},"button_style":"solid","button_color":"dBlue","opens_modal":false,"video":null}}],"background_image":3943,"module_image_alignment":"imageRight","module_anchor_id":"investment","module_padding_inner":"noPaddingInner","module_spacing_after":"defaultSpacingAfter"},{"acf_fc_layout":"fifty_fifty_floating_callout","eyebrow":"Gesti\u00f3n de Fideicomisos y Patrimonios","title":"<h2>Confianza simplificada<\/h2>","content":"En Croghan, creemos que ser fideicomisario es tanto un honor como una responsabilidad. Ofrecemos una administraci\u00f3n experta de fideicomisos, desde fideicomisos en vida revocables hasta fideicomisos ben\u00e9ficos y para necesidades especiales. Nuestro objetivo es proporcionar una gesti\u00f3n proactiva y un apoyo personalizado, asegurando que sus necesidades de fideicomiso y patrimonio se manejen de manera eficiente e imparcial.  ","buttons":[{"button":{"link":{"title":"Aprende m\u00e1s","url":"\/wealth-management\/trust-estate-management","target":""},"button_style":"solid","button_color":"dBlue","opens_modal":false,"video":null}}],"background_image":3942,"module_image_alignment":"imageLeft","module_anchor_id":"trust","module_padding_inner":"noPaddingInner","module_spacing_after":"defaultSpacingAfter"},{"acf_fc_layout":"fifty_fifty_floating_callout","eyebrow":"Planes de beneficios para empleados","title":"<h2>Empoderar a su fuerza laboral<\/h2>","content":"Ayudamos a las empresas a dise\u00f1ar y gestionar planes de beneficios para empleados que atraigan y retengan a los mejores talentos. Con nuestra asociaci\u00f3n, puede garantizar el cumplimiento de las regulaciones del IRS y el Departamento de Trabajo, al mismo tiempo que ofrece a sus empleados asesoramiento sobre bienestar financiero y opciones de inversi\u00f3n que les ayuden a asegurar su futuro. ","buttons":[{"button":{"link":{"title":"Aprende m\u00e1s","url":"\/wealth-management\/employee-benefit-plans","target":""},"button_style":"solid","button_color":"dBlue","opens_modal":false,"video":null}}],"background_image":3947,"module_image_alignment":"imageRight","module_anchor_id":"employee","module_padding_inner":"noPaddingInner","module_spacing_after":"defaultSpacingAfter"},{"acf_fc_layout":"fifty_fifty_floating_callout","eyebrow":"Planificaci\u00f3n de la Sucesi\u00f3n Empresarial","title":"<h2>Protegiendo su legado<\/h2>","content":"La planificaci\u00f3n de la sucesi\u00f3n es fundamental para garantizar la continuidad de su negocio. Le ayudamos a desarrollar estrategias para realizar una transici\u00f3n fluida de la propiedad, asegurar los activos y minimizar los impuestos. Ya sea que est\u00e9 planeando jubilarse o pasar el negocio a la pr\u00f3xima generaci\u00f3n, nuestro equipo est\u00e1 aqu\u00ed para guiarlo en cada paso del camino.  ","buttons":[{"button":{"link":{"title":"Aprende m\u00e1s","url":"\/wealth-management\/business-succession-planning","target":""},"button_style":"solid","button_color":"dBlue","opens_modal":false,"video":null}}],"background_image":3946,"module_image_alignment":"imageLeft","module_anchor_id":"succession","module_padding_inner":"noPaddingInner","module_spacing_after":"defaultSpacingAfter"},{"acf_fc_layout":"fifty_fifty_floating_callout","eyebrow":"Servicios de Inversi\u00f3n y Seguros","title":"<h2>Cobertura para su futuro<\/h2>","content":"Desde anualidades y planes de ahorro para la universidad hasta seguros de vida y atenci\u00f3n a largo plazo, Croghan ofrece una variedad de servicios de inversi\u00f3n y seguros para ayudar a salvaguardar su futuro financiero. Ofrecemos asesoramiento personalizado para ayudarle a proteger sus activos mientras acumula riqueza. ","buttons":[{"button":{"link":{"title":"Aprende m\u00e1s","url":"\/wealth-management\/investment-insurance-services","target":""},"button_style":"solid","button_color":"dBlue","opens_modal":false,"video":null}}],"background_image":3948,"module_image_alignment":"imageRight","module_anchor_id":"insurance","module_padding_inner":"noPaddingInner","module_spacing_after":"defaultSpacingAfter"},{"acf_fc_layout":"location_pre_footer","module_anchor_id":"","module_padding_inner":"noPaddingInner","module_spacing_after":"defaultSpacingAfter"}]},"yoast_head":"<!-- This site is optimized with the Yoast SEO plugin v27.5 - https:\/\/yoast.com\/product\/yoast-seo-wordpress\/ -->\n<title>Gesti\u00f3n de Patrimonios | Banco Colonial Croghan<\/title>\n<meta name=\"description\" content=\"Planificaci\u00f3n financiera, gesti\u00f3n de inversiones, fideicomisos y orientaci\u00f3n para la jubilaci\u00f3n de los asesores de patrimonio CFP y CPA acreditados de Croghan Colonial Bank.\" \/>\n<meta name=\"robots\" content=\"noindex, follow, max-snippet:-1, max-image-preview:large, max-video-preview:-1\" \/>\n<meta property=\"og:locale\" content=\"es_ES\" \/>\n<meta property=\"og:type\" content=\"article\" \/>\n<meta property=\"og:title\" content=\"Gesti\u00f3n de Patrimonios | Banco Colonial Croghan\" \/>\n<meta property=\"og:description\" content=\"Planificaci\u00f3n financiera, gesti\u00f3n de inversiones, fideicomisos y orientaci\u00f3n para la jubilaci\u00f3n de los asesores de patrimonio CFP y CPA acreditados de Croghan Colonial Bank.\" \/>\n<meta property=\"og:url\" content=\"https:\/\/api.croghan.bank\/es\/gestion-patrimonial\/\" \/>\n<meta property=\"og:site_name\" content=\"Banco Croghan sin cabeza\" \/>\n<meta property=\"article:modified_time\" content=\"2026-04-21T19:42:58+00:00\" \/>\n<meta name=\"twitter:card\" content=\"summary_large_image\" \/>\n<script type=\"application\/ld+json\" class=\"yoast-schema-graph\">{\"@context\":\"https:\\\/\\\/schema.org\",\"@graph\":[{\"@type\":\"WebPage\",\"@id\":\"https:\\\/\\\/api.croghan.bank\\\/es\\\/gestion-patrimonial\\\/\",\"url\":\"https:\\\/\\\/api.croghan.bank\\\/es\\\/gestion-patrimonial\\\/\",\"name\":\"Gesti\u00f3n de Patrimonios | Banco Colonial Croghan\",\"isPartOf\":{\"@id\":\"https:\\\/\\\/api.croghan.bank\\\/es\\\/#website\"},\"datePublished\":\"2025-01-16T20:39:32+00:00\",\"dateModified\":\"2026-04-21T19:42:58+00:00\",\"description\":\"Planificaci\u00f3n financiera, gesti\u00f3n de inversiones, fideicomisos y orientaci\u00f3n para la jubilaci\u00f3n de los asesores de patrimonio CFP y CPA acreditados de Croghan Colonial Bank.\",\"breadcrumb\":{\"@id\":\"https:\\\/\\\/api.croghan.bank\\\/es\\\/gestion-patrimonial\\\/#breadcrumb\"},\"inLanguage\":\"es\",\"potentialAction\":[{\"@type\":\"ReadAction\",\"target\":[\"https:\\\/\\\/api.croghan.bank\\\/es\\\/gestion-patrimonial\\\/\"]}]},{\"@type\":\"BreadcrumbList\",\"@id\":\"https:\\\/\\\/api.croghan.bank\\\/es\\\/gestion-patrimonial\\\/#breadcrumb\",\"itemListElement\":[{\"@type\":\"ListItem\",\"position\":1,\"name\":\"Hogar\",\"item\":\"https:\\\/\\\/api.croghan.bank\\\/es\\\/\"},{\"@type\":\"ListItem\",\"position\":2,\"name\":\"Gesti\u00f3n Patrimonial\"}]},{\"@type\":\"WebSite\",\"@id\":\"https:\\\/\\\/api.croghan.bank\\\/es\\\/#website\",\"url\":\"https:\\\/\\\/api.croghan.bank\\\/es\\\/\",\"name\":\"Banco Croghan sin cabeza\",\"description\":\"\",\"potentialAction\":[{\"@type\":\"SearchAction\",\"target\":{\"@type\":\"EntryPoint\",\"urlTemplate\":\"https:\\\/\\\/api.croghan.bank\\\/es\\\/?s={search_term_string}\"},\"query-input\":{\"@type\":\"PropertyValueSpecification\",\"valueRequired\":true,\"valueName\":\"search_term_string\"}}],\"inLanguage\":\"es\"}]}<\/script>\n<!-- \/ Yoast SEO plugin. -->","yoast_head_json":{"title":"Gesti\u00f3n de Patrimonios | Banco Colonial Croghan","description":"Planificaci\u00f3n financiera, gesti\u00f3n de inversiones, fideicomisos y orientaci\u00f3n para la jubilaci\u00f3n de los asesores de patrimonio CFP y CPA acreditados de Croghan Colonial Bank.","robots":{"index":"noindex","follow":"follow","max-snippet":"max-snippet:-1","max-image-preview":"max-image-preview:large","max-video-preview":"max-video-preview:-1"},"og_locale":"es_ES","og_type":"article","og_title":"Gesti\u00f3n de Patrimonios | Banco Colonial Croghan","og_description":"Planificaci\u00f3n financiera, gesti\u00f3n de inversiones, fideicomisos y orientaci\u00f3n para la jubilaci\u00f3n de los asesores de patrimonio CFP y CPA acreditados de Croghan Colonial Bank.","og_url":"https:\/\/api.croghan.bank\/es\/gestion-patrimonial\/","og_site_name":"Banco Croghan sin cabeza","article_modified_time":"2026-04-21T19:42:58+00:00","twitter_card":"summary_large_image","schema":{"@context":"https:\/\/schema.org","@graph":[{"@type":"WebPage","@id":"https:\/\/api.croghan.bank\/es\/gestion-patrimonial\/","url":"https:\/\/api.croghan.bank\/es\/gestion-patrimonial\/","name":"Gesti\u00f3n de Patrimonios | Banco Colonial Croghan","isPartOf":{"@id":"https:\/\/api.croghan.bank\/es\/#website"},"datePublished":"2025-01-16T20:39:32+00:00","dateModified":"2026-04-21T19:42:58+00:00","description":"Planificaci\u00f3n financiera, gesti\u00f3n de inversiones, fideicomisos y orientaci\u00f3n para la jubilaci\u00f3n de los asesores de patrimonio CFP y CPA acreditados de Croghan Colonial Bank.","breadcrumb":{"@id":"https:\/\/api.croghan.bank\/es\/gestion-patrimonial\/#breadcrumb"},"inLanguage":"es","potentialAction":[{"@type":"ReadAction","target":["https:\/\/api.croghan.bank\/es\/gestion-patrimonial\/"]}]},{"@type":"BreadcrumbList","@id":"https:\/\/api.croghan.bank\/es\/gestion-patrimonial\/#breadcrumb","itemListElement":[{"@type":"ListItem","position":1,"name":"Hogar","item":"https:\/\/api.croghan.bank\/es\/"},{"@type":"ListItem","position":2,"name":"Gesti\u00f3n Patrimonial"}]},{"@type":"WebSite","@id":"https:\/\/api.croghan.bank\/es\/#website","url":"https:\/\/api.croghan.bank\/es\/","name":"Banco Croghan sin cabeza","description":"","potentialAction":[{"@type":"SearchAction","target":{"@type":"EntryPoint","urlTemplate":"https:\/\/api.croghan.bank\/es\/?s={search_term_string}"},"query-input":{"@type":"PropertyValueSpecification","valueRequired":true,"valueName":"search_term_string"}}],"inLanguage":"es"}]}},"_links":{"self":[{"href":"https:\/\/api.croghan.bank\/es\/wp-json\/wp\/v2\/pages\/4422","targetHints":{"allow":["GET"]}}],"collection":[{"href":"https:\/\/api.croghan.bank\/es\/wp-json\/wp\/v2\/pages"}],"about":[{"href":"https:\/\/api.croghan.bank\/es\/wp-json\/wp\/v2\/types\/page"}],"author":[{"embeddable":true,"href":"https:\/\/api.croghan.bank\/es\/wp-json\/wp\/v2\/users\/1"}],"replies":[{"embeddable":true,"href":"https:\/\/api.croghan.bank\/es\/wp-json\/wp\/v2\/comments?post=4422"}],"version-history":[{"count":1,"href":"https:\/\/api.croghan.bank\/es\/wp-json\/wp\/v2\/pages\/4422\/revisions"}],"predecessor-version":[{"id":7581,"href":"https:\/\/api.croghan.bank\/es\/wp-json\/wp\/v2\/pages\/4422\/revisions\/7581"}],"wp:attachment":[{"href":"https:\/\/api.croghan.bank\/es\/wp-json\/wp\/v2\/media?parent=4422"}],"wp:term":[{"taxonomy":"category","embeddable":true,"href":"https:\/\/api.croghan.bank\/es\/wp-json\/wp\/v2\/categories?post=4422"},{"taxonomy":"post_tag","embeddable":true,"href":"https:\/\/api.croghan.bank\/es\/wp-json\/wp\/v2\/tags?post=4422"}],"curies":[{"name":"wp","href":"https:\/\/api.w.org\/{rel}","templated":true}]}}