{"id":4425,"date":"2025-01-16T20:31:45","date_gmt":"2025-01-16T20:31:45","guid":{"rendered":"https:\/\/api.croghan.bank\/perspectivas-del-mercado\/"},"modified":"2026-04-21T19:42:45","modified_gmt":"2026-04-21T19:42:45","slug":"perspectivas-del-mercado","status":"publish","type":"page","link":"https:\/\/api.croghan.bank\/es\/recursos\/perspectivas-del-mercado\/","title":{"rendered":"Perspectivas de mercado"},"content":{"rendered":"","protected":false},"excerpt":{"rendered":"","protected":false},"author":1,"featured_media":0,"parent":4469,"menu_order":0,"comment_status":"closed","ping_status":"closed","template":"","meta":{"_acf_changed":false,"inline_featured_image":false,"footnotes":""},"categories":[52],"tags":[],"class_list":["post-4425","page","type-page","status-publish","hentry","category-gestion-patrimonial"],"acf":{"modules":[{"acf_fc_layout":"bread_crumb_nav_hero","title":"<h1>Las \u00faltimas perspectivas del mercado<\/h1>","subtitle":"Octubre 2025","content":"","buttons":null,"module_anchor_id":"","module_padding_inner":"noPaddingInner","module_spacing_after":"defaultSpacingAfter"},{"acf_fc_layout":"fifty_fifty_floating_callout","eyebrow":"","title":"Mercados Globales de Renta Variable","content":"Los mercados burs\u00e1tiles globales avanzaron en octubre, con el S&P 500 subiendo aproximadamente un 2,3%, impulsado por el entusiasmo continuo por la inteligencia artificial, los s\u00f3lidos beneficios corporativos y las expectativas de flexibilizaci\u00f3n monetaria. El Nasdaq super\u00f3, ganando casi un 4,7%, mientras que el Dow Jones Industrial Average registr\u00f3 una subida del 2,6%. La rotaci\u00f3n sectorial se ampli\u00f3, con la participaci\u00f3n de c\u00edclicos y acciones de valor junto con la tecnolog\u00eda. Los mercados burs\u00e1tiles experimentaron rendimientos variados, con las grandes y peque\u00f1as acciones mejor que las de mediana capitalizaci\u00f3n. El crecimiento sigui\u00f3 dominando durante el mes.    ","buttons":null,"background_image":6507,"module_image_alignment":"imageRight","module_anchor_id":"","module_padding_inner":"noPaddingInner","module_spacing_after":"defaultSpacingAfter"},{"acf_fc_layout":"fifty_fifty_floating_callout","eyebrow":"","title":"Mercados internacionales","content":"<p style=\"margin: 0in; text-align: justify;\"><span style=\"font-size: 11.0pt; font-family: 'Calibri',sans-serif;\">Los mercados internacionales tambi\u00e9n fueron positivos, con mercados emergentes desempe\u00f1\u00e1ndose casi tan bien como el Nasdaq nacional, orientado a la tecnolog\u00eda. Corea del Sur sigui\u00f3 dominando con un aumento de un ~15% en el mes y un ~90% acumulado.   <\/span><\/p>","buttons":null,"background_image":6505,"module_image_alignment":"imageLeft","module_anchor_id":"","module_padding_inner":"noPaddingInner","module_spacing_after":"defaultSpacingAfter"},{"acf_fc_layout":"fifty_fifty_floating_callout","eyebrow":"","title":"Reserva Federal de EE. UU.","content":"La Reserva Federal de EE. UU. recort\u00f3 los tipos de inter\u00e9s en 25 puntos b\u00e1sicos, elevando el rango objetivo de fondos federales a 3,75\u20134,00%. La Fed tambi\u00e9n anunci\u00f3 el fin de la reducci\u00f3n del balance para diciembre. El BCE mantuvo los tipos estables, mientras que otros bancos centrales, incluidos el Banco de Canad\u00e1 y el Banco de Jap\u00f3n, mantuvieron sus posturas actuales.  ","buttons":null,"background_image":6509,"module_image_alignment":"imageRight","module_anchor_id":"","module_padding_inner":"noPaddingInner","module_spacing_after":"defaultSpacingAfter"},{"acf_fc_layout":"fifty_fifty_floating_callout","eyebrow":"","title":"Gobierno de EE. UU.","content":"Debido al cierre en curso del Gobierno de EE. UU., el acceso a ciertos datos econ\u00f3micos y financieros ha sido restringido temporalmente. Los informes clave \u2014como estad\u00edsticas de empleo, actualizaciones de inflaci\u00f3n y otros comunicados federales\u2014 pueden retrasarse o no estar disponibles hasta que se reanuden las operaciones gubernamentales. Esta brecha de datos introduce incertidumbre en el an\u00e1lisis y la previsi\u00f3n de mercado, ya que muchas decisiones de inversi\u00f3n dependen de indicadores econ\u00f3micos oportunos y completos. Aunque fuentes privadas y estatales pueden ofrecer informaci\u00f3n parcial, la ausencia de datos federales podr\u00eda afectar a la planificaci\u00f3n a corto plazo y a las evaluaciones de riesgos en todo el sector financiero.   \n\nLas relaciones comerciales mostraron signos de mejora durante el mes, especialmente entre Estados Unidos y China, donde el progreso diplom\u00e1tico ayud\u00f3 a aliviar las tensiones. A pesar de este impulso positivo, las cadenas de suministro globales siguen en constante cambio, reflejando realineamientos continuos y cambios regionales en la producci\u00f3n y la log\u00edstica. Las incertidumbres geopol\u00edticas \u2014incluidos conflictos, cambios de pol\u00edtica e inestabilidad regional\u2014 siguen suponiendo riesgos para el comercio global y los flujos de inversi\u00f3n.  \n\nLos mercados emergentes fueron de los principales beneficiarios del entorno actual, atrayendo entradas de capital impulsadas por diferenciales de rendimiento favorables y el apetito de los inversores por la diversificaci\u00f3n. Estos mercados siguen ofreciendo oportunidades atractivas, especialmente en regiones con gobernanza estable y fundamentos econ\u00f3micos en mejora. \n\nLos mercados de bonos se repuntaron a nivel global. Los rendimientos del Tesoro estadounidense disminuyeron, con el rendimiento a 10 a\u00f1os terminando cerca del 4,11%. Las curvas de rendimientos se intensificaron y los bonos municipales registraron fuertes rendimientos. Los rendimientos de los bonos internacionales tuvieron un rendimiento inferior a los de los bonos nacionales. Esto ocurre tras un s\u00f3lido desempe\u00f1o acumulado en el \u00e1mbito internacional.    \n\nLa inflaci\u00f3n se mantuvo moderada. El IPC estadounidense subi\u00f3 un 0,3% mes a mes, con una inflaci\u00f3n subyacente del 3,0% interanual. La tasa de inflaci\u00f3n entre 1914 y 2025 fue del 3,29%, superior a la tasa objetivo del FOMC. Seg\u00fan las cifras hist\u00f3ricas, la inflaci\u00f3n sigue bajo control.   ","buttons":[{"button":{"link":{"title":"Cont\u00e1ctenos","url":"mailto:wealthmanagement@croghan.com","target":""},"button_style":"solid","button_color":"blue","opens_modal":false,"video":null}}],"background_image":6512,"module_image_alignment":"imageLeft","module_anchor_id":"","module_padding_inner":"noPaddingInner","module_spacing_after":"defaultSpacingAfter"},{"acf_fc_layout":"content_card_pattern_accent","image":null,"eyebrow":"","title":"Inflaci\u00f3n","content":"Debido al cierre en curso del Gobierno de EE. UU., el acceso a ciertos datos econ\u00f3micos y financieros ha sido restringido temporalmente. Los informes clave \u2014como estad\u00edsticas de empleo, actualizaciones de inflaci\u00f3n y otros comunicados federales\u2014 pueden retrasarse o no estar disponibles hasta que se reanuden las operaciones gubernamentales. Esta brecha de datos introduce incertidumbre en el an\u00e1lisis y la previsi\u00f3n de mercado, ya que muchas decisiones de inversi\u00f3n dependen de indicadores econ\u00f3micos oportunos y completos. Aunque fuentes privadas y estatales pueden ofrecer informaci\u00f3n parcial, la ausencia de datos federales podr\u00eda afectar a la planificaci\u00f3n a corto plazo y a las evaluaciones de riesgos en todo el sector financiero.   \n\nLas relaciones comerciales mostraron signos de mejora durante el mes, especialmente entre Estados Unidos y China, donde el progreso diplom\u00e1tico ayud\u00f3 a aliviar las tensiones. A pesar de este impulso positivo, las cadenas de suministro globales siguen en constante cambio, reflejando realineamientos continuos y cambios regionales en la producci\u00f3n y la log\u00edstica. Las incertidumbres geopol\u00edticas \u2014incluidos conflictos, cambios de pol\u00edtica e inestabilidad regional\u2014 siguen suponiendo riesgos para el comercio global y los flujos de inversi\u00f3n.  \n\nLos mercados emergentes fueron de los principales beneficiarios del entorno actual, atrayendo entradas de capital impulsadas por diferenciales de rendimiento favorables y el apetito de los inversores por la diversificaci\u00f3n. Estos mercados siguen ofreciendo oportunidades atractivas, especialmente en regiones con gobernanza estable y fundamentos econ\u00f3micos en mejora. \n\nDesde un punto de vista estrat\u00e9gico, nuestro enfoque de inversi\u00f3n sigue ancl\u00e1ndose en la diversificaci\u00f3n. Seguimos enfatizando una asignaci\u00f3n equilibrada entre renta variable de crecimiento y de valor, con una mayor atenci\u00f3n a la exposici\u00f3n internacional. Cabe destacar que nuestras carteras actuales sobreponderan las acciones internacionales en relaci\u00f3n con las normas hist\u00f3ricas, reflejando tanto oportunidades de valoraci\u00f3n como una posici\u00f3n macroecon\u00f3mica m\u00e1s amplia.  \n\nEn el \u00e1mbito de renta fija, mantenemos una duraci\u00f3n de bonos que supera el \u00edndice de referencia. Esta posici\u00f3n es intencionada, dado el potencial de nuevos recortes de tipos de inter\u00e9s y la forma actual de la curva de rendimientos. Con los rendimientos a medio plazo situados por debajo de los tipos a corto y largo plazo \u2014una inversi\u00f3n que distorsiona las estrategias tradicionales de duraci\u00f3n\u2014, nuestro enfoque busca captar rendimientos m\u00e1s favorables mientras gestionamos el riesgo de tipos de inter\u00e9s.  ","buttons":[{"button":{"link":{"title":"Cont\u00e1ctenos","url":"mailto:wealthmanagement@croghan.com","target":""},"button_style":"solid","button_color":"blue","opens_modal":false,"video":null}}],"disclaimer":"","module_image_alignment":"imageLeft","module_card_background_color":"cardBackgroundBlue","module_anchor_id":"","module_padding_inner":"noPaddingInner","module_spacing_after":"defaultSpacingAfter"},{"acf_fc_layout":"accordion","eyebrow":null,"accordion_items":null,"module_anchor_id":null,"module_padding_inner":null,"module_spacing_after":null},{"acf_fc_layout":"location_pre_footer","module_anchor_id":"","module_padding_inner":"noPaddingInner","module_spacing_after":"defaultSpacingAfter"}]},"yoast_head":"<!-- This site is optimized with the Yoast SEO plugin v27.5 - https:\/\/yoast.com\/product\/yoast-seo-wordpress\/ -->\n<title>Perspectivas de mercado | Banco Colonial Croghan<\/title>\n<meta name=\"description\" content=\"Comentarios econ\u00f3micos y de mercado de los socios BTC Capital Management de Croghan \u2014 an\u00e1lisis claro sobre tipos, renta variable y lo que esto significa para los ahorradores de Ohio.\" \/>\n<meta name=\"robots\" content=\"noindex, follow, max-snippet:-1, max-image-preview:large, max-video-preview:-1\" \/>\n<meta property=\"og:locale\" content=\"es_ES\" \/>\n<meta property=\"og:type\" content=\"article\" \/>\n<meta property=\"og:title\" content=\"Perspectivas de mercado | Banco Colonial Croghan\" \/>\n<meta property=\"og:description\" content=\"Comentarios econ\u00f3micos y de mercado de los socios BTC Capital Management de Croghan \u2014 an\u00e1lisis claro sobre tipos, renta variable y lo que esto significa para los ahorradores de Ohio.\" \/>\n<meta property=\"og:url\" content=\"https:\/\/api.croghan.bank\/es\/recursos\/perspectivas-del-mercado\/\" \/>\n<meta property=\"og:site_name\" content=\"Banco Croghan sin cabeza\" \/>\n<meta property=\"article:modified_time\" content=\"2026-04-21T19:42:45+00:00\" \/>\n<meta name=\"twitter:card\" content=\"summary_large_image\" \/>\n<script type=\"application\/ld+json\" class=\"yoast-schema-graph\">{\"@context\":\"https:\\\/\\\/schema.org\",\"@graph\":[{\"@type\":\"WebPage\",\"@id\":\"https:\\\/\\\/api.croghan.bank\\\/es\\\/recursos\\\/perspectivas-del-mercado\\\/\",\"url\":\"https:\\\/\\\/api.croghan.bank\\\/es\\\/recursos\\\/perspectivas-del-mercado\\\/\",\"name\":\"Perspectivas de mercado | Banco Colonial Croghan\",\"isPartOf\":{\"@id\":\"https:\\\/\\\/api.croghan.bank\\\/es\\\/#website\"},\"datePublished\":\"2025-01-16T20:31:45+00:00\",\"dateModified\":\"2026-04-21T19:42:45+00:00\",\"description\":\"Comentarios econ\u00f3micos y de mercado de los socios BTC Capital Management de Croghan \u2014 an\u00e1lisis claro sobre tipos, renta variable y lo que esto significa para los ahorradores de Ohio.\",\"breadcrumb\":{\"@id\":\"https:\\\/\\\/api.croghan.bank\\\/es\\\/recursos\\\/perspectivas-del-mercado\\\/#breadcrumb\"},\"inLanguage\":\"es\",\"potentialAction\":[{\"@type\":\"ReadAction\",\"target\":[\"https:\\\/\\\/api.croghan.bank\\\/es\\\/recursos\\\/perspectivas-del-mercado\\\/\"]}]},{\"@type\":\"BreadcrumbList\",\"@id\":\"https:\\\/\\\/api.croghan.bank\\\/es\\\/recursos\\\/perspectivas-del-mercado\\\/#breadcrumb\",\"itemListElement\":[{\"@type\":\"ListItem\",\"position\":1,\"name\":\"Hogar\",\"item\":\"https:\\\/\\\/api.croghan.bank\\\/es\\\/\"},{\"@type\":\"ListItem\",\"position\":2,\"name\":\"Recursos\",\"item\":\"https:\\\/\\\/api.croghan.bank\\\/es\\\/recursos\\\/\"},{\"@type\":\"ListItem\",\"position\":3,\"name\":\"Perspectivas de mercado\"}]},{\"@type\":\"WebSite\",\"@id\":\"https:\\\/\\\/api.croghan.bank\\\/es\\\/#website\",\"url\":\"https:\\\/\\\/api.croghan.bank\\\/es\\\/\",\"name\":\"Banco Croghan sin cabeza\",\"description\":\"\",\"potentialAction\":[{\"@type\":\"SearchAction\",\"target\":{\"@type\":\"EntryPoint\",\"urlTemplate\":\"https:\\\/\\\/api.croghan.bank\\\/es\\\/?s={search_term_string}\"},\"query-input\":{\"@type\":\"PropertyValueSpecification\",\"valueRequired\":true,\"valueName\":\"search_term_string\"}}],\"inLanguage\":\"es\"}]}<\/script>\n<!-- \/ Yoast SEO plugin. -->","yoast_head_json":{"title":"Perspectivas de mercado | Banco Colonial Croghan","description":"Comentarios econ\u00f3micos y de mercado de los socios BTC Capital Management de Croghan \u2014 an\u00e1lisis claro sobre tipos, renta variable y lo que esto significa para los ahorradores de Ohio.","robots":{"index":"noindex","follow":"follow","max-snippet":"max-snippet:-1","max-image-preview":"max-image-preview:large","max-video-preview":"max-video-preview:-1"},"og_locale":"es_ES","og_type":"article","og_title":"Perspectivas de mercado | Banco Colonial Croghan","og_description":"Comentarios econ\u00f3micos y de mercado de los socios BTC Capital Management de Croghan \u2014 an\u00e1lisis claro sobre tipos, renta variable y lo que esto significa para los ahorradores de Ohio.","og_url":"https:\/\/api.croghan.bank\/es\/recursos\/perspectivas-del-mercado\/","og_site_name":"Banco Croghan sin cabeza","article_modified_time":"2026-04-21T19:42:45+00:00","twitter_card":"summary_large_image","schema":{"@context":"https:\/\/schema.org","@graph":[{"@type":"WebPage","@id":"https:\/\/api.croghan.bank\/es\/recursos\/perspectivas-del-mercado\/","url":"https:\/\/api.croghan.bank\/es\/recursos\/perspectivas-del-mercado\/","name":"Perspectivas de mercado | Banco Colonial Croghan","isPartOf":{"@id":"https:\/\/api.croghan.bank\/es\/#website"},"datePublished":"2025-01-16T20:31:45+00:00","dateModified":"2026-04-21T19:42:45+00:00","description":"Comentarios econ\u00f3micos y de mercado de los socios BTC Capital Management de Croghan \u2014 an\u00e1lisis claro sobre tipos, renta variable y lo que esto significa para los ahorradores de Ohio.","breadcrumb":{"@id":"https:\/\/api.croghan.bank\/es\/recursos\/perspectivas-del-mercado\/#breadcrumb"},"inLanguage":"es","potentialAction":[{"@type":"ReadAction","target":["https:\/\/api.croghan.bank\/es\/recursos\/perspectivas-del-mercado\/"]}]},{"@type":"BreadcrumbList","@id":"https:\/\/api.croghan.bank\/es\/recursos\/perspectivas-del-mercado\/#breadcrumb","itemListElement":[{"@type":"ListItem","position":1,"name":"Hogar","item":"https:\/\/api.croghan.bank\/es\/"},{"@type":"ListItem","position":2,"name":"Recursos","item":"https:\/\/api.croghan.bank\/es\/recursos\/"},{"@type":"ListItem","position":3,"name":"Perspectivas de mercado"}]},{"@type":"WebSite","@id":"https:\/\/api.croghan.bank\/es\/#website","url":"https:\/\/api.croghan.bank\/es\/","name":"Banco Croghan sin cabeza","description":"","potentialAction":[{"@type":"SearchAction","target":{"@type":"EntryPoint","urlTemplate":"https:\/\/api.croghan.bank\/es\/?s={search_term_string}"},"query-input":{"@type":"PropertyValueSpecification","valueRequired":true,"valueName":"search_term_string"}}],"inLanguage":"es"}]}},"_links":{"self":[{"href":"https:\/\/api.croghan.bank\/es\/wp-json\/wp\/v2\/pages\/4425","targetHints":{"allow":["GET"]}}],"collection":[{"href":"https:\/\/api.croghan.bank\/es\/wp-json\/wp\/v2\/pages"}],"about":[{"href":"https:\/\/api.croghan.bank\/es\/wp-json\/wp\/v2\/types\/page"}],"author":[{"embeddable":true,"href":"https:\/\/api.croghan.bank\/es\/wp-json\/wp\/v2\/users\/1"}],"replies":[{"embeddable":true,"href":"https:\/\/api.croghan.bank\/es\/wp-json\/wp\/v2\/comments?post=4425"}],"version-history":[{"count":0,"href":"https:\/\/api.croghan.bank\/es\/wp-json\/wp\/v2\/pages\/4425\/revisions"}],"up":[{"embeddable":true,"href":"https:\/\/api.croghan.bank\/es\/wp-json\/wp\/v2\/pages\/4469"}],"wp:attachment":[{"href":"https:\/\/api.croghan.bank\/es\/wp-json\/wp\/v2\/media?parent=4425"}],"wp:term":[{"taxonomy":"category","embeddable":true,"href":"https:\/\/api.croghan.bank\/es\/wp-json\/wp\/v2\/categories?post=4425"},{"taxonomy":"post_tag","embeddable":true,"href":"https:\/\/api.croghan.bank\/es\/wp-json\/wp\/v2\/tags?post=4425"}],"curies":[{"name":"wp","href":"https:\/\/api.w.org\/{rel}","templated":true}]}}