{"id":4434,"date":"2025-01-16T20:25:42","date_gmt":"2025-01-16T20:25:42","guid":{"rendered":"https:\/\/api.croghan.bank\/participacion-de-la-comunidad\/"},"modified":"2026-04-21T19:42:53","modified_gmt":"2026-04-21T19:42:53","slug":"participacion-de-la-comunidad","status":"publish","type":"page","link":"https:\/\/api.croghan.bank\/es\/sobre-nosotros\/participacion-de-la-comunidad\/","title":{"rendered":"Participaci\u00f3n de la comunidad"},"content":{"rendered":"","protected":false},"excerpt":{"rendered":"","protected":false},"author":1,"featured_media":0,"parent":4470,"menu_order":0,"comment_status":"closed","ping_status":"closed","template":"","meta":{"_acf_changed":false,"inline_featured_image":false,"footnotes":""},"categories":[],"tags":[],"class_list":["post-4434","page","type-page","status-publish","hentry"],"acf":{"modules":[{"acf_fc_layout":"bread_crumb_nav_hero","title":"<h1>Participaci\u00f3n de la comunidad<\/h1>","subtitle":"","content":"En Croghan Colonial Bank, creemos en la construcci\u00f3n de comunidades m\u00e1s fuertes invirtiendo en las personas, las empresas y las organizaciones que las hacen prosperar. Nuestro compromiso de ayudar a las buenas personas a tomar buenas decisiones se extiende m\u00e1s all\u00e1 de la banca: participamos activamente en programas, asociaciones y eventos que tienen un impacto duradero. ","buttons":null,"module_anchor_id":"","module_padding_inner":"noPaddingInner","module_spacing_after":"defaultSpacingAfter"},{"acf_fc_layout":"fifty_fifty_floating_callout","eyebrow":"","title":"<h2>Apoyo a los locales<\/h2>","content":"Durante m\u00e1s de 135 a\u00f1os, Croghan ha sido un socio de confianza en nuestras comunidades locales. Creemos en fomentar el crecimiento, celebrar los logros y proporcionar el conocimiento y los recursos financieros que empoderan a las personas y las empresas para tener \u00e9xito. \n\nNuestro equipo est\u00e1 profundamente involucrado en varias organizaciones comunitarias, organizaciones sin fines de lucro y eventos, asegur\u00e1ndose de que retribuyamos de manera significativa. Desde la educaci\u00f3n financiera hasta los esfuerzos pr\u00e1cticos de voluntariado, nos dedicamos a marcar la diferencia. ","buttons":null,"background_image":3775,"module_image_alignment":"imageLeft","module_anchor_id":"","module_padding_inner":"noPaddingInner","module_spacing_after":"noSpacingAfter"},{"acf_fc_layout":"content_and_cards_row","title":"<h2>S\u00edguenos en las redes sociales<\/h2>","content":"Mantente al d\u00eda sobre nuestra participaci\u00f3n en la comunidad siguiendo a Croghan en Facebook, Instagram, LinkedIn y YouTube.","cards_row":[{"icon":3724,"icon_dark_mode":4398,"eyebrow":"","title":"","content":"<strong>Facebook (en ingl\u00e9s)<\/strong>","link":{"title":"S\u00edguenos","url":"https:\/\/www.facebook.com\/CroghanColonial\/","target":""}},{"icon":3726,"icon_dark_mode":4399,"eyebrow":"","title":"","content":"<strong>Instagram (en ingl\u00e9s)<\/strong>","link":{"title":"S\u00edguenos","url":"https:\/\/www.instagram.com\/croghancolonialbank\/","target":""}},{"icon":3725,"icon_dark_mode":4400,"eyebrow":"","title":"","content":"<strong>LinkedIn (en ingl\u00e9s)<\/strong>","link":{"title":"S\u00edguenos","url":"https:\/\/www.linkedin.com\/company\/croghan-colonial-bank\/","target":""}},{"icon":4089,"icon_dark_mode":4401,"eyebrow":"","title":"<strong>YouTube (en ingl\u00e9s)<\/strong>","content":"","link":{"title":"S\u00edguenos","url":"https:\/\/www.youtube.com\/channel\/UC5oDTTcv58QRCTTwkIphgeg","target":"_blank"}}],"module_stacked_rows":false,"module_upper-half_background_color":"blue","module_lower-half_background_color":"white","module_anchor_id":"","module_padding_inner":"noPaddingInner","module_spacing_after":"defaultSpacingAfter"},{"acf_fc_layout":"floating_cards","eyebrow":"","title":"<h2>Croghan Cares: Retribuir<\/h2>","content":"A trav\u00e9s de nuestra iniciativa Croghan Cares, apoyamos programas y eventos locales que unen a nuestras comunidades. Estas son solo algunas de las formas en que estamos teniendo un impacto: ","buttons":null,"cards_alignment":"cardsRight","card_style_type":"cardTypeMedia","floating_cards":[{"icon":null,"icon_dark_mode":null,"eyebrow":"","title":"<h3>Feria del Condado de Sandusky<\/h3>","description":"","image":4242,"link":null},{"icon":null,"icon_dark_mode":null,"eyebrow":"","title":"<h3>Fiesta de regreso a la escuela (Clyde)<\/h3>","description":"","image":4243,"link":null},{"icon":null,"icon_dark_mode":null,"eyebrow":"","title":"<h3>Festival del Mel\u00f3n de Mil\u00e1n<\/h3>","description":"","image":4244,"link":null},{"icon":null,"icon_dark_mode":null,"eyebrow":"","title":"<h3>Mini Calle Principal (Monroeville)<\/h3>","description":"","image":4245,"link":null}],"module_background_style":"accentTriangle","module_anchor_id":"","module_padding_inner":"noPaddingInner","module_spacing_after":"compactSpacingAfter"},{"acf_fc_layout":"floating_cards","eyebrow":"","title":"<h2>Participaci\u00f3n de los empleados y voluntariado<\/h2>","content":"En Croghan, nuestros empleados son m\u00e1s que expertos financieros: son vecinos, mentores y defensores de la comunidad. Alentamos a los miembros de nuestro equipo a tomar un papel activo en organizaciones y eventos locales, utilizando su tiempo y habilidades para crear un cambio positivo. ","buttons":null,"cards_alignment":"cardsLeft","card_style_type":"cardTypeMedia","floating_cards":[{"icon":null,"icon_dark_mode":null,"eyebrow":"","title":"<h3>Donaciones de \u00fatiles escolares<\/h3>","description":"","image":4246,"link":null},{"icon":null,"icon_dark_mode":null,"eyebrow":"","title":"<h3>Melod\u00edas de Tiffin<\/h3>","description":"","image":4247,"link":null},{"icon":null,"icon_dark_mode":null,"eyebrow":"","title":"<h3>Almuerzo para Lu Lu (Iniciativa del Equipo Hipotecario)<\/h3>","description":"","image":4248,"link":null},{"icon":null,"icon_dark_mode":null,"eyebrow":"","title":"<h3>Desfile del D\u00eda de los Ni\u00f1os (Oreg\u00f3n)<\/h3>","description":"","image":4249,"link":null}],"module_background_style":"accentTriangle","module_anchor_id":"","module_padding_inner":"noPaddingInner","module_spacing_after":"compactSpacingAfter"},{"acf_fc_layout":"floating_cards","eyebrow":"","title":"<h2>Una apuesta por la educaci\u00f3n financiera<\/h2>","content":"Creemos que la educaci\u00f3n financiera es una piedra angular del crecimiento personal y econ\u00f3mico. Es por eso que ofrecemos recursos educativos, talleres y orientaci\u00f3n personalizada para ayudar a las personas y empresas a tomar decisiones financieras informadas. ","buttons":null,"cards_alignment":"cardsRight","card_style_type":"cardTypeMedia","floating_cards":[{"icon":null,"icon_dark_mode":null,"eyebrow":"","title":"<h3>Premios de la C\u00e1mara del Condado de Ottawa (Port Clinton)<\/h3>","description":"","image":4152,"link":null},{"icon":null,"icon_dark_mode":null,"eyebrow":"","title":"<h3>Alimenta a la banda (Fremont)<\/h3>","description":"","image":4217,"link":null},{"icon":null,"icon_dark_mode":null,"eyebrow":"","title":"<h3>Semana de Agradecimiento a la Polic\u00eda (Norwalk)<\/h3>","description":"","image":4155,"link":null},{"icon":null,"icon_dark_mode":null,"eyebrow":"","title":"<h3>Proyecto 419 (Iniciativa de Equipo de Confianza)<\/h3>","description":"","image":4154,"link":null}],"module_background_style":"accentTriangle","module_anchor_id":"","module_padding_inner":"noPaddingInner","module_spacing_after":"compactSpacingAfter"},{"acf_fc_layout":"content_card_pattern_accent","image":3788,"eyebrow":"","title":"<h2>\u00danase a nosotros para tener un impacto<\/h2>","content":"En Croghan Colonial Bank, estamos orgullosos de estar al lado de nuestros clientes, empleados y socios comunitarios para crear un futuro mejor. Ya sea a trav\u00e9s del voluntariado, el patrocinio o la educaci\u00f3n financiera, seguimos comprometidos a marcar una diferencia significativa. \n\n\u00bfBuscas formas de involucrarte o colaborar con Croghan en una iniciativa comunitaria?","buttons":[{"button":{"link":{"title":"Cont\u00e1ctenos","url":"\/contact-us","target":""},"button_style":"solid","button_color":"dBlue","opens_modal":false,"video":null}}],"disclaimer":"","module_image_alignment":"imageLeft","module_card_background_color":"cardBackgroundBlue","module_anchor_id":"","module_padding_inner":"paddingInnerBottom","module_spacing_after":"compactSpacingAfter"},{"acf_fc_layout":"location_pre_footer","module_anchor_id":"","module_padding_inner":"noPaddingInner","module_spacing_after":"noSpacingAfter"}]},"yoast_head":"<!-- This site is optimized with the Yoast SEO plugin v27.5 - https:\/\/yoast.com\/product\/yoast-seo-wordpress\/ -->\n<title>Participaci\u00f3n comunitaria | Banco Colonial Croghan<\/title>\n<meta name=\"description\" content=\"Croghan invierte en el noroeste de Ohio a trav\u00e9s de donaciones, voluntariado y colaboraciones con escuelas locales, organizaciones sin \u00e1nimo de lucro y grupos de desarrollo econ\u00f3mico.\" \/>\n<meta name=\"robots\" content=\"noindex, follow, max-snippet:-1, max-image-preview:large, max-video-preview:-1\" \/>\n<meta property=\"og:locale\" content=\"es_ES\" \/>\n<meta property=\"og:type\" content=\"article\" \/>\n<meta property=\"og:title\" content=\"Participaci\u00f3n comunitaria | Banco Colonial Croghan\" \/>\n<meta property=\"og:description\" content=\"Croghan invierte en el noroeste de Ohio a trav\u00e9s de donaciones, voluntariado y colaboraciones con escuelas locales, organizaciones sin \u00e1nimo de lucro y grupos de desarrollo econ\u00f3mico.\" \/>\n<meta property=\"og:url\" content=\"https:\/\/api.croghan.bank\/es\/sobre-nosotros\/participacion-de-la-comunidad\/\" \/>\n<meta property=\"og:site_name\" content=\"Banco Croghan sin cabeza\" \/>\n<meta property=\"article:modified_time\" content=\"2026-04-21T19:42:53+00:00\" \/>\n<meta name=\"twitter:card\" content=\"summary_large_image\" \/>\n<script type=\"application\/ld+json\" class=\"yoast-schema-graph\">{\"@context\":\"https:\\\/\\\/schema.org\",\"@graph\":[{\"@type\":\"WebPage\",\"@id\":\"https:\\\/\\\/api.croghan.bank\\\/es\\\/sobre-nosotros\\\/participacion-de-la-comunidad\\\/\",\"url\":\"https:\\\/\\\/api.croghan.bank\\\/es\\\/sobre-nosotros\\\/participacion-de-la-comunidad\\\/\",\"name\":\"Participaci\u00f3n comunitaria | Banco Colonial Croghan\",\"isPartOf\":{\"@id\":\"https:\\\/\\\/api.croghan.bank\\\/es\\\/#website\"},\"datePublished\":\"2025-01-16T20:25:42+00:00\",\"dateModified\":\"2026-04-21T19:42:53+00:00\",\"description\":\"Croghan invierte en el noroeste de Ohio a trav\u00e9s de donaciones, voluntariado y colaboraciones con escuelas locales, organizaciones sin \u00e1nimo de lucro y grupos de desarrollo econ\u00f3mico.\",\"breadcrumb\":{\"@id\":\"https:\\\/\\\/api.croghan.bank\\\/es\\\/sobre-nosotros\\\/participacion-de-la-comunidad\\\/#breadcrumb\"},\"inLanguage\":\"es\",\"potentialAction\":[{\"@type\":\"ReadAction\",\"target\":[\"https:\\\/\\\/api.croghan.bank\\\/es\\\/sobre-nosotros\\\/participacion-de-la-comunidad\\\/\"]}]},{\"@type\":\"BreadcrumbList\",\"@id\":\"https:\\\/\\\/api.croghan.bank\\\/es\\\/sobre-nosotros\\\/participacion-de-la-comunidad\\\/#breadcrumb\",\"itemListElement\":[{\"@type\":\"ListItem\",\"position\":1,\"name\":\"Hogar\",\"item\":\"https:\\\/\\\/api.croghan.bank\\\/es\\\/\"},{\"@type\":\"ListItem\",\"position\":2,\"name\":\"Sobre nosotros\",\"item\":\"https:\\\/\\\/api.croghan.bank\\\/es\\\/sobre-nosotros\\\/\"},{\"@type\":\"ListItem\",\"position\":3,\"name\":\"Participaci\u00f3n de la comunidad\"}]},{\"@type\":\"WebSite\",\"@id\":\"https:\\\/\\\/api.croghan.bank\\\/es\\\/#website\",\"url\":\"https:\\\/\\\/api.croghan.bank\\\/es\\\/\",\"name\":\"Banco Croghan sin cabeza\",\"description\":\"\",\"potentialAction\":[{\"@type\":\"SearchAction\",\"target\":{\"@type\":\"EntryPoint\",\"urlTemplate\":\"https:\\\/\\\/api.croghan.bank\\\/es\\\/?s={search_term_string}\"},\"query-input\":{\"@type\":\"PropertyValueSpecification\",\"valueRequired\":true,\"valueName\":\"search_term_string\"}}],\"inLanguage\":\"es\"}]}<\/script>\n<!-- \/ Yoast SEO plugin. -->","yoast_head_json":{"title":"Participaci\u00f3n comunitaria | Banco Colonial Croghan","description":"Croghan invierte en el noroeste de Ohio a trav\u00e9s de donaciones, voluntariado y colaboraciones con escuelas locales, organizaciones sin \u00e1nimo de lucro y grupos de desarrollo econ\u00f3mico.","robots":{"index":"noindex","follow":"follow","max-snippet":"max-snippet:-1","max-image-preview":"max-image-preview:large","max-video-preview":"max-video-preview:-1"},"og_locale":"es_ES","og_type":"article","og_title":"Participaci\u00f3n comunitaria | Banco Colonial Croghan","og_description":"Croghan invierte en el noroeste de Ohio a trav\u00e9s de donaciones, voluntariado y colaboraciones con escuelas locales, organizaciones sin \u00e1nimo de lucro y grupos de desarrollo econ\u00f3mico.","og_url":"https:\/\/api.croghan.bank\/es\/sobre-nosotros\/participacion-de-la-comunidad\/","og_site_name":"Banco Croghan sin cabeza","article_modified_time":"2026-04-21T19:42:53+00:00","twitter_card":"summary_large_image","schema":{"@context":"https:\/\/schema.org","@graph":[{"@type":"WebPage","@id":"https:\/\/api.croghan.bank\/es\/sobre-nosotros\/participacion-de-la-comunidad\/","url":"https:\/\/api.croghan.bank\/es\/sobre-nosotros\/participacion-de-la-comunidad\/","name":"Participaci\u00f3n comunitaria | Banco Colonial Croghan","isPartOf":{"@id":"https:\/\/api.croghan.bank\/es\/#website"},"datePublished":"2025-01-16T20:25:42+00:00","dateModified":"2026-04-21T19:42:53+00:00","description":"Croghan invierte en el noroeste de Ohio a trav\u00e9s de donaciones, voluntariado y colaboraciones con escuelas locales, organizaciones sin \u00e1nimo de lucro y grupos de desarrollo econ\u00f3mico.","breadcrumb":{"@id":"https:\/\/api.croghan.bank\/es\/sobre-nosotros\/participacion-de-la-comunidad\/#breadcrumb"},"inLanguage":"es","potentialAction":[{"@type":"ReadAction","target":["https:\/\/api.croghan.bank\/es\/sobre-nosotros\/participacion-de-la-comunidad\/"]}]},{"@type":"BreadcrumbList","@id":"https:\/\/api.croghan.bank\/es\/sobre-nosotros\/participacion-de-la-comunidad\/#breadcrumb","itemListElement":[{"@type":"ListItem","position":1,"name":"Hogar","item":"https:\/\/api.croghan.bank\/es\/"},{"@type":"ListItem","position":2,"name":"Sobre nosotros","item":"https:\/\/api.croghan.bank\/es\/sobre-nosotros\/"},{"@type":"ListItem","position":3,"name":"Participaci\u00f3n de la comunidad"}]},{"@type":"WebSite","@id":"https:\/\/api.croghan.bank\/es\/#website","url":"https:\/\/api.croghan.bank\/es\/","name":"Banco Croghan sin cabeza","description":"","potentialAction":[{"@type":"SearchAction","target":{"@type":"EntryPoint","urlTemplate":"https:\/\/api.croghan.bank\/es\/?s={search_term_string}"},"query-input":{"@type":"PropertyValueSpecification","valueRequired":true,"valueName":"search_term_string"}}],"inLanguage":"es"}]}},"_links":{"self":[{"href":"https:\/\/api.croghan.bank\/es\/wp-json\/wp\/v2\/pages\/4434","targetHints":{"allow":["GET"]}}],"collection":[{"href":"https:\/\/api.croghan.bank\/es\/wp-json\/wp\/v2\/pages"}],"about":[{"href":"https:\/\/api.croghan.bank\/es\/wp-json\/wp\/v2\/types\/page"}],"author":[{"embeddable":true,"href":"https:\/\/api.croghan.bank\/es\/wp-json\/wp\/v2\/users\/1"}],"replies":[{"embeddable":true,"href":"https:\/\/api.croghan.bank\/es\/wp-json\/wp\/v2\/comments?post=4434"}],"version-history":[{"count":1,"href":"https:\/\/api.croghan.bank\/es\/wp-json\/wp\/v2\/pages\/4434\/revisions"}],"predecessor-version":[{"id":7574,"href":"https:\/\/api.croghan.bank\/es\/wp-json\/wp\/v2\/pages\/4434\/revisions\/7574"}],"up":[{"embeddable":true,"href":"https:\/\/api.croghan.bank\/es\/wp-json\/wp\/v2\/pages\/4470"}],"wp:attachment":[{"href":"https:\/\/api.croghan.bank\/es\/wp-json\/wp\/v2\/media?parent=4434"}],"wp:term":[{"taxonomy":"category","embeddable":true,"href":"https:\/\/api.croghan.bank\/es\/wp-json\/wp\/v2\/categories?post=4434"},{"taxonomy":"post_tag","embeddable":true,"href":"https:\/\/api.croghan.bank\/es\/wp-json\/wp\/v2\/tags?post=4434"}],"curies":[{"name":"wp","href":"https:\/\/api.w.org\/{rel}","templated":true}]}}