{"id":4435,"date":"2025-01-15T22:59:41","date_gmt":"2025-01-15T22:59:41","guid":{"rendered":"https:\/\/api.croghan.bank\/desarrollo-rural-del-usda\/"},"modified":"2026-04-21T19:43:07","modified_gmt":"2026-04-21T19:43:07","slug":"desarrollo-rural-del-usda","status":"publish","type":"page","link":"https:\/\/api.croghan.bank\/es\/personal\/prestamos-hipotecarios\/desarrollo-rural-del-usda\/","title":{"rendered":"Desarrollo Rural del USDA"},"content":{"rendered":"","protected":false},"excerpt":{"rendered":"","protected":false},"author":1,"featured_media":0,"parent":4446,"menu_order":0,"comment_status":"closed","ping_status":"closed","template":"","meta":{"_acf_changed":false,"inline_featured_image":false,"footnotes":""},"categories":[],"tags":[],"class_list":["post-4435","page","type-page","status-publish","hentry"],"acf":{"modules":[{"acf_fc_layout":"bread_crumb_nav_hero","title":"<h1>Programa de Pr\u00e9stamos para Viviendas Rurales del USDA<\/h1>","subtitle":"","content":"\u00bfEst\u00e1 buscando ser propietario de una casa en una zona rural o suburbana? El Programa de Pr\u00e9stamos para Viviendas Rurales del USDA ofrece una oportunidad \u00fanica a los compradores de viviendas con ingresos bajos a moderados, ya que brinda acceso a la propiedad de una vivienda asequible con un pago inicial de $0. Es posible que se sorprenda de la cantidad de \u00e1reas que califican para este programa, lo que lo ayuda a lograr su sue\u00f1o de ser propietario de una casa en un \u00e1rea rural o suburbana elegible.  ","buttons":[{"button":{"link":{"title":"Aplica hoy","url":"https:\/\/croghancolonialbank.flexapp1003.com\/loanportal\/login","target":"_blank"},"button_style":"solid","button_color":"dBlue","opens_modal":false,"video":null}},{"button":{"link":{"title":"Cont\u00e1ctenos","url":"\/contact-us","target":""},"button_style":"outlined","button_color":"dBlue","opens_modal":false,"video":null}}],"module_anchor_id":"","module_padding_inner":"noPaddingInner","module_spacing_after":"defaultSpacingAfter"},{"acf_fc_layout":"floating_cards","eyebrow":"","title":"<h2>Aspectos destacados de las hipotecas del USDA<\/h2>","content":"El Programa de Pr\u00e9stamos para Viviendas Rurales del USDA est\u00e1 dise\u00f1ado para hacer que la propiedad de vivienda sea m\u00e1s accesible para las familias en \u00e1reas rurales y suburbanas elegibles. Sin necesidad de pago inicial, este programa ofrece una opci\u00f3n fant\u00e1stica para aquellos que cumplen con los criterios de ingresos y propiedad. ","buttons":null,"cards_alignment":"cardsRight","card_style_type":"cardTypeBasic","floating_cards":[{"icon":"","icon_dark_mode":"","eyebrow":"","title":"<h3>Restricciones de ingresos y propiedad<\/h3>","description":"Puede verificar la elegibilidad de la propiedad en el sitio web del USDA para ver si el \u00e1rea que le interesa califica.","image":null,"link":null},{"icon":"","icon_dark_mode":"","eyebrow":"","title":"<h3>Solo Residencias Principales<\/h3>","description":"Disponible solo para financiar viviendas principales, su lugar de residencia principal.","image":null,"link":null},{"icon":"","icon_dark_mode":"","eyebrow":"","title":"<h3>Hipotecas a tipo fijo<\/h3>","description":"Ofrecemos opciones de hipotecas de tasa fija, para que tenga pagos mensuales estables.","image":null,"link":null},{"icon":"","icon_dark_mode":"","eyebrow":"","title":"<h3>Requisitos flexibles de puntaje de cr\u00e9dito<\/h3>","description":"En comparaci\u00f3n con otros programas hipotecarios, el pr\u00e9stamo del USDA tiene requisitos de puntaje de cr\u00e9dito m\u00e1s flexibles, lo que facilita que muchos compradores califiquen.","image":null,"link":null}],"module_background_style":"solidColorBlue","module_anchor_id":"","module_padding_inner":"noPaddingInner","module_spacing_after":"noSpacingAfter"},{"acf_fc_layout":"full_width_media","media_type":"image","image":4027,"video":null,"video_youtube":"","video_poster_image":null,"module_upper_half_background_color":"blue","module_lower_half_background_color":"white","module_anchor_id":"","module_padding_inner":"noPaddingInner","module_spacing_after":"noSpacingAfter"},{"acf_fc_layout":"floating_cards","eyebrow":"","title":"<h2>Pr\u00e9stamos mejorados por el gobierno y pr\u00e9stamos especializados<\/h2>","content":"En Croghan Colonial Bank, entendemos la importancia de apoyar su proceso de compra de vivienda, y los programas de pr\u00e9stamos mejorados por el gobierno, como el Pr\u00e9stamo para Vivienda Rural del USDA, ofrecen asistencia vital para los compradores rurales y suburbanos.\n\nEstos pr\u00e9stamos est\u00e1n respaldados por fondos federales y estatales, lo que brinda la oportunidad de financiar la casa de sus sue\u00f1os con t\u00e9rminos m\u00e1s favorables que los pr\u00e9stamos tradicionales.","buttons":null,"cards_alignment":"cardsLeft","card_style_type":"cardTypeBasic","floating_cards":[{"icon":"","icon_dark_mode":"","eyebrow":"","title":"<h3>Tarifas fijas y competitivas<\/h3>","description":"Los pr\u00e9stamos del USDA ofrecen un financiamiento competitivo a tasa fija que le brinda tranquilidad con pagos mensuales predecibles.","image":null,"link":null},{"icon":"","icon_dark_mode":"","eyebrow":"","title":"<h3>Pago inicial cero<\/h3>","description":"A diferencia de la mayor\u00eda de los programas de pr\u00e9stamos tradicionales, los pr\u00e9stamos del USDA requieren un pago inicial de $0, lo que hace que la propiedad de la vivienda sea m\u00e1s accesible para muchas familias.","image":null,"link":null},{"icon":"","icon_dark_mode":"","eyebrow":"","title":"<h3>Requisitos de cr\u00e9dito flexibles<\/h3>","description":"Con requisitos de puntaje de cr\u00e9dito m\u00e1s indulgentes, este programa es ideal para compradores que pueden tener un cr\u00e9dito menos que perfecto.","image":null,"link":null}],"module_background_style":"accentTriangle","module_anchor_id":"","module_padding_inner":"noPaddingInner","module_spacing_after":"defaultSpacingAfter"},{"acf_fc_layout":"fifty_fifty_content","eyebrow":"","title":"<h2>Pago inicial de $0 para compradores de vivienda rurales y suburbanas cerca de usted<\/h2>","content":"Ya sea que est\u00e9 so\u00f1ando con una casa unifamiliar, un condominio o incluso una casa m\u00f3vil, el programa de pr\u00e9stamos del USDA de Croghan Colonial Bank puede ayudarlo a hacer realidad ese sue\u00f1o con un pago inicial de $0. Esto es lo que puedes financiar con un pr\u00e9stamo del USDA: \n<ul>\n \t<li><strong>Unifamiliar<\/strong><\/li>\n \t<li><strong>Condominio<\/strong><\/li>\n \t<li><strong>Casa Adosada<\/strong><\/li>\n \t<li><strong>Multifamiliar<\/strong><\/li>\n \t<li><strong>Casas m\u00f3viles \/ prefabricadas<\/strong><\/li>\n \t<li><strong>Nueva construcci\u00f3n<\/strong><\/li>\n \t<li><strong>Comprar Terreno y Construir<\/strong><\/li>\n<\/ul>\nSi ha estado considerando ser propietario de una vivienda, ahora es el momento de explorar las opciones de pr\u00e9stamos del USDA y ver c\u00f3mo podemos hacerlo realidad para usted.","buttons":null,"module_background_color":"white","module_anchor_id":"","module_padding_inner":"noPaddingInner","module_spacing_after":"defaultSpacingAfter"},{"acf_fc_layout":"floating_cards","eyebrow":"","title":"<h2>Lo que puedes esperar de Croghan<\/h2>","content":"Cuando elige Croghan para su pr\u00e9stamo del USDA, se est\u00e1 asociando con un prestamista de confianza que brinda apoyo transparente y personalizado a lo largo de su proceso de compra de vivienda.","buttons":null,"cards_alignment":"cardsRight","card_style_type":"cardTypeBasic","floating_cards":[{"icon":3675,"icon_dark_mode":4352,"eyebrow":"","title":"<h3>Proceso simple y transparente<\/h3>","description":"Nuestro equipo lo guiar\u00e1 en cada paso del camino, asegur\u00e1ndose de que comprenda todos los t\u00e9rminos y requisitos.","image":null,"link":null},{"icon":3717,"icon_dark_mode":4380,"eyebrow":"","title":"<h3>Soporte Personalizado<\/h3>","description":"Desde la preaprobaci\u00f3n hasta el cierre, nuestros expertos en hipotecas est\u00e1n aqu\u00ed para apoyarlo, haciendo que el proceso sea lo m\u00e1s sencillo posible.","image":null,"link":null},{"icon":3719,"icon_dark_mode":4354,"eyebrow":"","title":"<h3>Expertos locales<\/h3>","description":"Con a\u00f1os de experiencia en el mercado local, brindamos orientaci\u00f3n personalizada para ayudarlo a tomar decisiones informadas.","image":null,"link":null}],"module_background_style":"accentTriangle","module_anchor_id":"","module_padding_inner":"noPaddingInner","module_spacing_after":"defaultSpacingAfter"},{"acf_fc_layout":"content_card_pattern_accent","image":4030,"eyebrow":"","title":"<h2>Comience su solicitud ahora<\/h2>","content":"\u00bfListo para hacer realidad la propiedad de una vivienda? Solicite su pr\u00e9stamo del USDA hoy con Croghan, en l\u00ednea o en persona en una de nuestras oficinas locales. Con un pago inicial de $0 y t\u00e9rminos flexibles, facilitamos la compra de su casa en \u00e1reas rurales y suburbanas elegibles. No esperes, \u00a1tu nuevo hogar est\u00e1 a solo unos pasos de distancia!   ","buttons":[{"button":{"link":{"title":"Aplica hoy","url":"http:\/\/croghancolonialbank.flexapp1003.com\/loanportal\/","target":"_blank"},"button_style":"solid","button_color":"dBlue","opens_modal":false,"video":null}},{"button":{"link":{"title":"Cont\u00e1ctenos","url":"\/contact-us","target":""},"button_style":"outlined","button_color":"dBlue","opens_modal":false,"video":null}}],"disclaimer":"","module_image_alignment":"imageRight","module_card_background_color":"cardBackgroundGrey","module_anchor_id":"","module_padding_inner":"paddingInnerBottom","module_spacing_after":"compactSpacingAfter"},{"acf_fc_layout":"accordion","eyebrow":null,"accordion_items":null,"module_anchor_id":null,"module_padding_inner":null,"module_spacing_after":null},{"acf_fc_layout":"location_pre_footer","module_anchor_id":"","module_padding_inner":"noPaddingInner","module_spacing_after":"noSpacingAfter"}]},"yoast_head":"<!-- This site is optimized with the Yoast SEO plugin v27.5 - https:\/\/yoast.com\/product\/yoast-seo-wordpress\/ -->\n<title>Pr\u00e9stamo para el Desarrollo Rural del USDA | Banco Croghan<\/title>\n<meta name=\"description\" content=\"Los pr\u00e9stamos USDA para Desarrollo Rural en Croghan ofrecen 0 d\u00f3lares de entrada y tipos competitivos para compradores rurales elegibles de Ohio. Mira si la casa de tus sue\u00f1os cumple los requisitos.\" \/>\n<meta name=\"robots\" content=\"noindex, follow, max-snippet:-1, max-image-preview:large, max-video-preview:-1\" \/>\n<meta property=\"og:locale\" content=\"es_ES\" \/>\n<meta property=\"og:type\" content=\"article\" \/>\n<meta property=\"og:title\" content=\"Pr\u00e9stamo para el Desarrollo Rural del USDA | Banco Croghan\" \/>\n<meta property=\"og:description\" content=\"Los pr\u00e9stamos USDA para Desarrollo Rural en Croghan ofrecen 0 d\u00f3lares de entrada y tipos competitivos para compradores rurales elegibles de Ohio. Mira si la casa de tus sue\u00f1os cumple los requisitos.\" \/>\n<meta property=\"og:url\" content=\"https:\/\/api.croghan.bank\/es\/personal\/prestamos-hipotecarios\/desarrollo-rural-del-usda\/\" \/>\n<meta property=\"og:site_name\" content=\"Banco Croghan sin cabeza\" \/>\n<meta property=\"article:modified_time\" content=\"2026-04-21T19:43:07+00:00\" \/>\n<meta name=\"twitter:card\" content=\"summary_large_image\" \/>\n<script type=\"application\/ld+json\" class=\"yoast-schema-graph\">{\"@context\":\"https:\\\/\\\/schema.org\",\"@graph\":[{\"@type\":\"WebPage\",\"@id\":\"https:\\\/\\\/api.croghan.bank\\\/es\\\/personal\\\/prestamos-hipotecarios\\\/desarrollo-rural-del-usda\\\/\",\"url\":\"https:\\\/\\\/api.croghan.bank\\\/es\\\/personal\\\/prestamos-hipotecarios\\\/desarrollo-rural-del-usda\\\/\",\"name\":\"Pr\u00e9stamo para el Desarrollo Rural del USDA | Banco Croghan\",\"isPartOf\":{\"@id\":\"https:\\\/\\\/api.croghan.bank\\\/es\\\/#website\"},\"datePublished\":\"2025-01-15T22:59:41+00:00\",\"dateModified\":\"2026-04-21T19:43:07+00:00\",\"description\":\"Los pr\u00e9stamos USDA para Desarrollo Rural en Croghan ofrecen 0 d\u00f3lares de entrada y tipos competitivos para compradores rurales elegibles de Ohio. Mira si la casa de tus sue\u00f1os cumple los requisitos.\",\"breadcrumb\":{\"@id\":\"https:\\\/\\\/api.croghan.bank\\\/es\\\/personal\\\/prestamos-hipotecarios\\\/desarrollo-rural-del-usda\\\/#breadcrumb\"},\"inLanguage\":\"es\",\"potentialAction\":[{\"@type\":\"ReadAction\",\"target\":[\"https:\\\/\\\/api.croghan.bank\\\/es\\\/personal\\\/prestamos-hipotecarios\\\/desarrollo-rural-del-usda\\\/\"]}]},{\"@type\":\"BreadcrumbList\",\"@id\":\"https:\\\/\\\/api.croghan.bank\\\/es\\\/personal\\\/prestamos-hipotecarios\\\/desarrollo-rural-del-usda\\\/#breadcrumb\",\"itemListElement\":[{\"@type\":\"ListItem\",\"position\":1,\"name\":\"Hogar\",\"item\":\"https:\\\/\\\/api.croghan.bank\\\/es\\\/\"},{\"@type\":\"ListItem\",\"position\":2,\"name\":\"Personal\",\"item\":\"https:\\\/\\\/api.croghan.bank\\\/es\\\/personal\\\/\"},{\"@type\":\"ListItem\",\"position\":3,\"name\":\"Pr\u00e9stamos Hipotecarios\",\"item\":\"https:\\\/\\\/api.croghan.bank\\\/es\\\/personal\\\/prestamos-hipotecarios\\\/\"},{\"@type\":\"ListItem\",\"position\":4,\"name\":\"Desarrollo Rural del USDA\"}]},{\"@type\":\"WebSite\",\"@id\":\"https:\\\/\\\/api.croghan.bank\\\/es\\\/#website\",\"url\":\"https:\\\/\\\/api.croghan.bank\\\/es\\\/\",\"name\":\"Banco Croghan sin cabeza\",\"description\":\"\",\"potentialAction\":[{\"@type\":\"SearchAction\",\"target\":{\"@type\":\"EntryPoint\",\"urlTemplate\":\"https:\\\/\\\/api.croghan.bank\\\/es\\\/?s={search_term_string}\"},\"query-input\":{\"@type\":\"PropertyValueSpecification\",\"valueRequired\":true,\"valueName\":\"search_term_string\"}}],\"inLanguage\":\"es\"}]}<\/script>\n<!-- \/ Yoast SEO plugin. -->","yoast_head_json":{"title":"Pr\u00e9stamo para el Desarrollo Rural del USDA | Banco Croghan","description":"Los pr\u00e9stamos USDA para Desarrollo Rural en Croghan ofrecen 0 d\u00f3lares de entrada y tipos competitivos para compradores rurales elegibles de Ohio. Mira si la casa de tus sue\u00f1os cumple los requisitos.","robots":{"index":"noindex","follow":"follow","max-snippet":"max-snippet:-1","max-image-preview":"max-image-preview:large","max-video-preview":"max-video-preview:-1"},"og_locale":"es_ES","og_type":"article","og_title":"Pr\u00e9stamo para el Desarrollo Rural del USDA | Banco Croghan","og_description":"Los pr\u00e9stamos USDA para Desarrollo Rural en Croghan ofrecen 0 d\u00f3lares de entrada y tipos competitivos para compradores rurales elegibles de Ohio. Mira si la casa de tus sue\u00f1os cumple los requisitos.","og_url":"https:\/\/api.croghan.bank\/es\/personal\/prestamos-hipotecarios\/desarrollo-rural-del-usda\/","og_site_name":"Banco Croghan sin cabeza","article_modified_time":"2026-04-21T19:43:07+00:00","twitter_card":"summary_large_image","schema":{"@context":"https:\/\/schema.org","@graph":[{"@type":"WebPage","@id":"https:\/\/api.croghan.bank\/es\/personal\/prestamos-hipotecarios\/desarrollo-rural-del-usda\/","url":"https:\/\/api.croghan.bank\/es\/personal\/prestamos-hipotecarios\/desarrollo-rural-del-usda\/","name":"Pr\u00e9stamo para el Desarrollo Rural del USDA | Banco Croghan","isPartOf":{"@id":"https:\/\/api.croghan.bank\/es\/#website"},"datePublished":"2025-01-15T22:59:41+00:00","dateModified":"2026-04-21T19:43:07+00:00","description":"Los pr\u00e9stamos USDA para Desarrollo Rural en Croghan ofrecen 0 d\u00f3lares de entrada y tipos competitivos para compradores rurales elegibles de Ohio. Mira si la casa de tus sue\u00f1os cumple los requisitos.","breadcrumb":{"@id":"https:\/\/api.croghan.bank\/es\/personal\/prestamos-hipotecarios\/desarrollo-rural-del-usda\/#breadcrumb"},"inLanguage":"es","potentialAction":[{"@type":"ReadAction","target":["https:\/\/api.croghan.bank\/es\/personal\/prestamos-hipotecarios\/desarrollo-rural-del-usda\/"]}]},{"@type":"BreadcrumbList","@id":"https:\/\/api.croghan.bank\/es\/personal\/prestamos-hipotecarios\/desarrollo-rural-del-usda\/#breadcrumb","itemListElement":[{"@type":"ListItem","position":1,"name":"Hogar","item":"https:\/\/api.croghan.bank\/es\/"},{"@type":"ListItem","position":2,"name":"Personal","item":"https:\/\/api.croghan.bank\/es\/personal\/"},{"@type":"ListItem","position":3,"name":"Pr\u00e9stamos Hipotecarios","item":"https:\/\/api.croghan.bank\/es\/personal\/prestamos-hipotecarios\/"},{"@type":"ListItem","position":4,"name":"Desarrollo Rural del USDA"}]},{"@type":"WebSite","@id":"https:\/\/api.croghan.bank\/es\/#website","url":"https:\/\/api.croghan.bank\/es\/","name":"Banco Croghan sin cabeza","description":"","potentialAction":[{"@type":"SearchAction","target":{"@type":"EntryPoint","urlTemplate":"https:\/\/api.croghan.bank\/es\/?s={search_term_string}"},"query-input":{"@type":"PropertyValueSpecification","valueRequired":true,"valueName":"search_term_string"}}],"inLanguage":"es"}]}},"_links":{"self":[{"href":"https:\/\/api.croghan.bank\/es\/wp-json\/wp\/v2\/pages\/4435","targetHints":{"allow":["GET"]}}],"collection":[{"href":"https:\/\/api.croghan.bank\/es\/wp-json\/wp\/v2\/pages"}],"about":[{"href":"https:\/\/api.croghan.bank\/es\/wp-json\/wp\/v2\/types\/page"}],"author":[{"embeddable":true,"href":"https:\/\/api.croghan.bank\/es\/wp-json\/wp\/v2\/users\/1"}],"replies":[{"embeddable":true,"href":"https:\/\/api.croghan.bank\/es\/wp-json\/wp\/v2\/comments?post=4435"}],"version-history":[{"count":1,"href":"https:\/\/api.croghan.bank\/es\/wp-json\/wp\/v2\/pages\/4435\/revisions"}],"predecessor-version":[{"id":7600,"href":"https:\/\/api.croghan.bank\/es\/wp-json\/wp\/v2\/pages\/4435\/revisions\/7600"}],"up":[{"embeddable":true,"href":"https:\/\/api.croghan.bank\/es\/wp-json\/wp\/v2\/pages\/4446"}],"wp:attachment":[{"href":"https:\/\/api.croghan.bank\/es\/wp-json\/wp\/v2\/media?parent=4435"}],"wp:term":[{"taxonomy":"category","embeddable":true,"href":"https:\/\/api.croghan.bank\/es\/wp-json\/wp\/v2\/categories?post=4435"},{"taxonomy":"post_tag","embeddable":true,"href":"https:\/\/api.croghan.bank\/es\/wp-json\/wp\/v2\/tags?post=4435"}],"curies":[{"name":"wp","href":"https:\/\/api.w.org\/{rel}","templated":true}]}}