{"id":4439,"date":"2025-01-15T21:54:26","date_gmt":"2025-01-15T21:54:26","guid":{"rendered":"https:\/\/api.croghan.bank\/ahorros-en-el-estado-de-cuenta\/"},"modified":"2026-04-21T19:43:11","modified_gmt":"2026-04-21T19:43:11","slug":"ahorros-en-el-estado-de-cuenta","status":"publish","type":"page","link":"https:\/\/api.croghan.bank\/es\/personal\/cuentas-de-ahorro\/ahorros-en-el-estado-de-cuenta\/","title":{"rendered":"Ahorros en el estado de cuenta"},"content":{"rendered":"","protected":false},"excerpt":{"rendered":"","protected":false},"author":1,"featured_media":0,"parent":4497,"menu_order":0,"comment_status":"closed","ping_status":"closed","template":"","meta":{"_acf_changed":false,"inline_featured_image":false,"footnotes":""},"categories":[50],"tags":[],"class_list":["post-4439","page","type-page","status-publish","hentry","category-personal-es"],"acf":{"modules":[{"acf_fc_layout":"bread_crumb_nav_hero","title":"<h1>Ahorros en el estado de cuenta<\/h1>","subtitle":"","content":"\u00bfBusca aumentar sus ahorros sin complicaciones? Una cuenta de ahorros con estado de cuenta es el lugar perfecto para comenzar. Con f\u00e1cil acceso a trav\u00e9s de la banca en l\u00ednea y m\u00f3vil, puede transferir fondos de su cuenta de cheques Croghan a sus ahorros, lo que lo ayuda a ahorrar dinero para necesidades futuras.  ","buttons":[{"button":{"link":{"title":"Abrir una cuenta","url":"\/open-an-account","target":"_blank"},"button_style":"solid","button_color":"blue","opens_modal":false,"video":null}},{"button":{"link":{"title":"Cont\u00e1ctenos","url":"\/contact-us","target":""},"button_style":"solid","button_color":"blue","opens_modal":false,"video":null}}],"module_anchor_id":"","module_padding_inner":"noPaddingInner","module_spacing_after":"noSpacingAfter"},{"acf_fc_layout":"floating_cards","eyebrow":"","title":"<h2>Caracter\u00edsticas de Ahorros en el Estado de Cuenta<\/h2>","content":"En Croghan Colonial Bank, hemos dise\u00f1ado nuestra cuenta de ahorros con el estado de cuenta teniendo en cuenta la simplicidad y la accesibilidad.","buttons":null,"cards_alignment":"cardsRight","card_style_type":"cardTypeBasic","floating_cards":[{"icon":null,"icon_dark_mode":null,"eyebrow":"","title":"<h3>M\u00ednimo bajo para abrir<\/h3>","description":"Comience a ahorrar con solo $20.00","image":null,"link":null},{"icon":null,"icon_dark_mode":null,"eyebrow":"","title":"<h3>C\u00f3modo acceso digital<\/h3>","description":"Administre su cuenta a trav\u00e9s de la banca en l\u00ednea y m\u00f3vil en cualquier momento y en cualquier lugar.","image":null,"link":null},{"icon":null,"icon_dark_mode":null,"eyebrow":"","title":"<h3>Asegurado por la FDIC<\/h3>","description":"Sus dep\u00f3sitos est\u00e1n seguros y asegurados hasta el m\u00e1ximo permitido por la ley.","image":null,"link":null}],"module_background_style":"accentTriangle","module_anchor_id":"","module_padding_inner":"noPaddingInner","module_spacing_after":"compactSpacingAfter"},{"acf_fc_layout":"fifty_fifty_table_and_image","image":null,"title":"<h2>Caracter\u00edsticas de Ahorros en el Estado de Cuenta<\/h2>","content_above_table":"","table_layout_columns":"tableTwoColumns","table_formatting_bold":"boldFirstRow","table_2_column":null,"table_3_column":null,"table_4_column":null,"table_5_column":null,"content_below_table":"","module_background_color":"white","module_image_alignment":"imageRight","module_anchor_id":"","module_padding_inner":"noPaddingInner","module_spacing_after":"defaultSpacingAfter"},{"acf_fc_layout":"six_column_icon_cards","section_title":"<h2>Beneficios digitales incluidos:<\/h2>","cards":[{"icon":null,"icon_dark_mode":null,"title":"Banca en l\u00ednea","link_url":""},{"icon":null,"icon_dark_mode":null,"title":"Banca M\u00f3vil","link_url":""}],"module_anchor_id":"","module_padding_inner":"noPaddingInner","module_spacing_after":"noSpacingAfter"},{"acf_fc_layout":"floating_cards","eyebrow":"","title":"<h2>Lo que puedes esperar de Croghan<\/h2>","content":"Cuando elige una cuenta de ahorros con estado de cuenta en Croghan Colonial Bank, est\u00e1 eligiendo un socio financiero local de confianza que est\u00e1 comprometido a ayudarlo a alcanzar sus metas de ahorro.","buttons":null,"cards_alignment":"cardsRight","card_style_type":"cardTypeBasic","floating_cards":[{"icon":null,"icon_dark_mode":null,"eyebrow":"","title":"<h3>Proceso simple y transparente<\/h3>","description":"Nuestro equipo lo guiar\u00e1 a trav\u00e9s de cada paso de la configuraci\u00f3n de su cuenta. Desde la apertura en l\u00ednea hasta la administraci\u00f3n de su saldo, hacemos que sea f\u00e1cil ahorrar y realizar un seguimiento de su progreso. ","image":null,"link":null},{"icon":null,"icon_dark_mode":null,"eyebrow":"","title":"<h3>Servicio local y personalizado<\/h3>","description":"En Croghan, nos enorgullecemos de ofrecer un servicio al cliente personalizado. Nuestro equipo est\u00e1 aqu\u00ed para apoyarlo y garantizar que su experiencia con nosotros sea fluida y sencilla. ","image":null,"link":null},{"icon":null,"icon_dark_mode":null,"eyebrow":"","title":"<h3>Accede a tu dinero en cualquier momento<\/h3>","description":"Ya sea que est\u00e9 en casa, en movimiento o en una de nuestras oficinas, siempre tendr\u00e1 acceso conveniente a su dinero.","image":null,"link":null}],"module_background_style":"accentTriangle","module_anchor_id":"","module_padding_inner":"noPaddingInner","module_spacing_after":"defaultSpacingAfter"},{"acf_fc_layout":"content_card_pattern_accent","image":null,"eyebrow":"","title":"<h2>Lo que puedes esperar de Croghan<\/h2>","content":"Cuando elige una cuenta de ahorros con estado de cuenta en Croghan Colonial Bank, est\u00e1 eligiendo un socio financiero local de confianza que est\u00e1 comprometido a ayudarlo a alcanzar sus metas de ahorro.","buttons":[{"button":{"link":{"title":"Abrir una cuenta","url":"\/open-an-account","target":"_blank"},"button_style":"solid","button_color":"blue","opens_modal":false,"video":null}},{"button":{"link":{"title":"Ll\u00e1manos","url":"tel:8882764426","target":""},"button_style":"solid","button_color":"blue","opens_modal":false,"video":null}}],"disclaimer":"","module_image_alignment":"imageLeft","module_card_background_color":"cardBackgroundBlue","module_anchor_id":"","module_padding_inner":"noPaddingInner","module_spacing_after":"defaultSpacingAfter"},{"acf_fc_layout":"accordion","eyebrow":null,"accordion_items":null,"module_anchor_id":null,"module_padding_inner":null,"module_spacing_after":null},{"acf_fc_layout":"location_pre_footer","module_anchor_id":"","module_padding_inner":"noPaddingInner","module_spacing_after":"defaultSpacingAfter"}]},"yoast_head":"<!-- This site is optimized with the Yoast SEO plugin v27.5 - https:\/\/yoast.com\/product\/yoast-seo-wordpress\/ -->\n<title>Cuenta de Ahorros | Ahorro en el estado de cuenta | Croghan<\/title>\n<meta name=\"description\" content=\"Abre una cuenta de ahorro con solo 50 d\u00f3lares. Gana intereses, controla saldos online y mueve dinero f\u00e1cilmente entre cuentas Croghan \u2014 sin cuota mensual.\" \/>\n<meta name=\"robots\" content=\"noindex, follow, max-snippet:-1, max-image-preview:large, max-video-preview:-1\" \/>\n<meta property=\"og:locale\" content=\"es_ES\" \/>\n<meta property=\"og:type\" content=\"article\" \/>\n<meta property=\"og:title\" content=\"Cuenta de Ahorros | Ahorro en el estado de cuenta | Croghan\" \/>\n<meta property=\"og:description\" content=\"Abre una cuenta de ahorro con solo 50 d\u00f3lares. Gana intereses, controla saldos online y mueve dinero f\u00e1cilmente entre cuentas Croghan \u2014 sin cuota mensual.\" \/>\n<meta property=\"og:url\" content=\"https:\/\/api.croghan.bank\/es\/personal\/cuentas-de-ahorro\/ahorros-en-el-estado-de-cuenta\/\" \/>\n<meta property=\"og:site_name\" content=\"Banco Croghan sin cabeza\" \/>\n<meta property=\"article:modified_time\" content=\"2026-04-21T19:43:11+00:00\" \/>\n<meta name=\"twitter:card\" content=\"summary_large_image\" \/>\n<script type=\"application\/ld+json\" class=\"yoast-schema-graph\">{\"@context\":\"https:\\\/\\\/schema.org\",\"@graph\":[{\"@type\":\"WebPage\",\"@id\":\"https:\\\/\\\/api.croghan.bank\\\/es\\\/personal\\\/cuentas-de-ahorro\\\/ahorros-en-el-estado-de-cuenta\\\/\",\"url\":\"https:\\\/\\\/api.croghan.bank\\\/es\\\/personal\\\/cuentas-de-ahorro\\\/ahorros-en-el-estado-de-cuenta\\\/\",\"name\":\"Cuenta de Ahorros | Ahorro en el estado de cuenta | Croghan\",\"isPartOf\":{\"@id\":\"https:\\\/\\\/api.croghan.bank\\\/es\\\/#website\"},\"datePublished\":\"2025-01-15T21:54:26+00:00\",\"dateModified\":\"2026-04-21T19:43:11+00:00\",\"description\":\"Abre una cuenta de ahorro con solo 50 d\u00f3lares. Gana intereses, controla saldos online y mueve dinero f\u00e1cilmente entre cuentas Croghan \u2014 sin cuota mensual.\",\"breadcrumb\":{\"@id\":\"https:\\\/\\\/api.croghan.bank\\\/es\\\/personal\\\/cuentas-de-ahorro\\\/ahorros-en-el-estado-de-cuenta\\\/#breadcrumb\"},\"inLanguage\":\"es\",\"potentialAction\":[{\"@type\":\"ReadAction\",\"target\":[\"https:\\\/\\\/api.croghan.bank\\\/es\\\/personal\\\/cuentas-de-ahorro\\\/ahorros-en-el-estado-de-cuenta\\\/\"]}]},{\"@type\":\"BreadcrumbList\",\"@id\":\"https:\\\/\\\/api.croghan.bank\\\/es\\\/personal\\\/cuentas-de-ahorro\\\/ahorros-en-el-estado-de-cuenta\\\/#breadcrumb\",\"itemListElement\":[{\"@type\":\"ListItem\",\"position\":1,\"name\":\"Hogar\",\"item\":\"https:\\\/\\\/api.croghan.bank\\\/es\\\/\"},{\"@type\":\"ListItem\",\"position\":2,\"name\":\"Personal\",\"item\":\"https:\\\/\\\/api.croghan.bank\\\/es\\\/personal\\\/\"},{\"@type\":\"ListItem\",\"position\":3,\"name\":\"Cuentas de Ahorro\",\"item\":\"https:\\\/\\\/api.croghan.bank\\\/es\\\/personal\\\/cuentas-de-ahorro\\\/\"},{\"@type\":\"ListItem\",\"position\":4,\"name\":\"Ahorros en el estado de cuenta\"}]},{\"@type\":\"WebSite\",\"@id\":\"https:\\\/\\\/api.croghan.bank\\\/es\\\/#website\",\"url\":\"https:\\\/\\\/api.croghan.bank\\\/es\\\/\",\"name\":\"Banco Croghan sin cabeza\",\"description\":\"\",\"potentialAction\":[{\"@type\":\"SearchAction\",\"target\":{\"@type\":\"EntryPoint\",\"urlTemplate\":\"https:\\\/\\\/api.croghan.bank\\\/es\\\/?s={search_term_string}\"},\"query-input\":{\"@type\":\"PropertyValueSpecification\",\"valueRequired\":true,\"valueName\":\"search_term_string\"}}],\"inLanguage\":\"es\"}]}<\/script>\n<!-- \/ Yoast SEO plugin. -->","yoast_head_json":{"title":"Cuenta de Ahorros | Ahorro en el estado de cuenta | Croghan","description":"Abre una cuenta de ahorro con solo 50 d\u00f3lares. Gana intereses, controla saldos online y mueve dinero f\u00e1cilmente entre cuentas Croghan \u2014 sin cuota mensual.","robots":{"index":"noindex","follow":"follow","max-snippet":"max-snippet:-1","max-image-preview":"max-image-preview:large","max-video-preview":"max-video-preview:-1"},"og_locale":"es_ES","og_type":"article","og_title":"Cuenta de Ahorros | Ahorro en el estado de cuenta | Croghan","og_description":"Abre una cuenta de ahorro con solo 50 d\u00f3lares. Gana intereses, controla saldos online y mueve dinero f\u00e1cilmente entre cuentas Croghan \u2014 sin cuota mensual.","og_url":"https:\/\/api.croghan.bank\/es\/personal\/cuentas-de-ahorro\/ahorros-en-el-estado-de-cuenta\/","og_site_name":"Banco Croghan sin cabeza","article_modified_time":"2026-04-21T19:43:11+00:00","twitter_card":"summary_large_image","schema":{"@context":"https:\/\/schema.org","@graph":[{"@type":"WebPage","@id":"https:\/\/api.croghan.bank\/es\/personal\/cuentas-de-ahorro\/ahorros-en-el-estado-de-cuenta\/","url":"https:\/\/api.croghan.bank\/es\/personal\/cuentas-de-ahorro\/ahorros-en-el-estado-de-cuenta\/","name":"Cuenta de Ahorros | Ahorro en el estado de cuenta | Croghan","isPartOf":{"@id":"https:\/\/api.croghan.bank\/es\/#website"},"datePublished":"2025-01-15T21:54:26+00:00","dateModified":"2026-04-21T19:43:11+00:00","description":"Abre una cuenta de ahorro con solo 50 d\u00f3lares. Gana intereses, controla saldos online y mueve dinero f\u00e1cilmente entre cuentas Croghan \u2014 sin cuota mensual.","breadcrumb":{"@id":"https:\/\/api.croghan.bank\/es\/personal\/cuentas-de-ahorro\/ahorros-en-el-estado-de-cuenta\/#breadcrumb"},"inLanguage":"es","potentialAction":[{"@type":"ReadAction","target":["https:\/\/api.croghan.bank\/es\/personal\/cuentas-de-ahorro\/ahorros-en-el-estado-de-cuenta\/"]}]},{"@type":"BreadcrumbList","@id":"https:\/\/api.croghan.bank\/es\/personal\/cuentas-de-ahorro\/ahorros-en-el-estado-de-cuenta\/#breadcrumb","itemListElement":[{"@type":"ListItem","position":1,"name":"Hogar","item":"https:\/\/api.croghan.bank\/es\/"},{"@type":"ListItem","position":2,"name":"Personal","item":"https:\/\/api.croghan.bank\/es\/personal\/"},{"@type":"ListItem","position":3,"name":"Cuentas de Ahorro","item":"https:\/\/api.croghan.bank\/es\/personal\/cuentas-de-ahorro\/"},{"@type":"ListItem","position":4,"name":"Ahorros en el estado de cuenta"}]},{"@type":"WebSite","@id":"https:\/\/api.croghan.bank\/es\/#website","url":"https:\/\/api.croghan.bank\/es\/","name":"Banco Croghan sin cabeza","description":"","potentialAction":[{"@type":"SearchAction","target":{"@type":"EntryPoint","urlTemplate":"https:\/\/api.croghan.bank\/es\/?s={search_term_string}"},"query-input":{"@type":"PropertyValueSpecification","valueRequired":true,"valueName":"search_term_string"}}],"inLanguage":"es"}]}},"_links":{"self":[{"href":"https:\/\/api.croghan.bank\/es\/wp-json\/wp\/v2\/pages\/4439","targetHints":{"allow":["GET"]}}],"collection":[{"href":"https:\/\/api.croghan.bank\/es\/wp-json\/wp\/v2\/pages"}],"about":[{"href":"https:\/\/api.croghan.bank\/es\/wp-json\/wp\/v2\/types\/page"}],"author":[{"embeddable":true,"href":"https:\/\/api.croghan.bank\/es\/wp-json\/wp\/v2\/users\/1"}],"replies":[{"embeddable":true,"href":"https:\/\/api.croghan.bank\/es\/wp-json\/wp\/v2\/comments?post=4439"}],"version-history":[{"count":1,"href":"https:\/\/api.croghan.bank\/es\/wp-json\/wp\/v2\/pages\/4439\/revisions"}],"predecessor-version":[{"id":7607,"href":"https:\/\/api.croghan.bank\/es\/wp-json\/wp\/v2\/pages\/4439\/revisions\/7607"}],"up":[{"embeddable":true,"href":"https:\/\/api.croghan.bank\/es\/wp-json\/wp\/v2\/pages\/4497"}],"wp:attachment":[{"href":"https:\/\/api.croghan.bank\/es\/wp-json\/wp\/v2\/media?parent=4439"}],"wp:term":[{"taxonomy":"category","embeddable":true,"href":"https:\/\/api.croghan.bank\/es\/wp-json\/wp\/v2\/categories?post=4439"},{"taxonomy":"post_tag","embeddable":true,"href":"https:\/\/api.croghan.bank\/es\/wp-json\/wp\/v2\/tags?post=4439"}],"curies":[{"name":"wp","href":"https:\/\/api.w.org\/{rel}","templated":true}]}}