{"id":4440,"date":"2025-01-15T21:54:43","date_gmt":"2025-01-15T21:54:43","guid":{"rendered":"https:\/\/api.croghan.bank\/genave\/"},"modified":"2026-04-21T19:43:14","modified_gmt":"2026-04-21T19:43:14","slug":"genave","status":"publish","type":"page","link":"https:\/\/api.croghan.bank\/es\/personal\/cuentas-de-ahorro\/genave\/","title":{"rendered":"Gen$ave"},"content":{"rendered":"","protected":false},"excerpt":{"rendered":"","protected":false},"author":1,"featured_media":0,"parent":4497,"menu_order":0,"comment_status":"closed","ping_status":"closed","template":"","meta":{"_acf_changed":false,"inline_featured_image":false,"footnotes":""},"categories":[],"tags":[],"class_list":["post-4440","page","type-page","status-publish","hentry"],"acf":{"modules":[{"acf_fc_layout":"bread_crumb_nav_hero","title":"<h1>Cuenta Gen$ave<\/h1>","subtitle":"","content":"Ahorrar para el futuro comienza hoy. La cuenta Gen$ave est\u00e1 dise\u00f1ada para ayudar a las personas de 0 a 22 a\u00f1os a desarrollar h\u00e1bitos de ahorro inteligentes mientras disfrutan de los beneficios de la banca digital, las ganancias de intereses y la educaci\u00f3n financiera. \n\nPara los titulares de cuentas menores de 17 a\u00f1os, un padre o tutor legal debe ser copropietario. La cuenta se convierte autom\u00e1ticamente en una cuenta de ahorros con estado de cuenta el mes despu\u00e9s de que el titular de la cuenta cumple 25 a\u00f1os. ","buttons":[{"button":{"link":{"title":"Cont\u00e1ctenos","url":"\/contact-us","target":"_blank"},"button_style":"solid","button_color":"blue","opens_modal":false,"video":null}}],"module_anchor_id":"","module_padding_inner":"noPaddingInner","module_spacing_after":"noSpacingAfter"},{"acf_fc_layout":"floating_cards","eyebrow":"","title":"<h2>Caracter\u00edsticas y beneficios de Gen$ave<\/h2>","content":"La cuenta Gen$ave hace que ahorrar sea simple y gratificante con estos grandes beneficios:","buttons":null,"cards_alignment":"cardsRight","card_style_type":"cardTypeBasic","floating_cards":[{"icon":null,"icon_dark_mode":null,"eyebrow":"","title":"<h3>Sin saldo mensual m\u00ednimo<\/h3>","description":"Disfruta de la flexibilidad de ahorrar a tu propio ritmo.","image":null,"link":null},{"icon":null,"icon_dark_mode":null,"eyebrow":"","title":"<h3>Acceso a la banca digital<\/h3>","description":"Administre sus ahorros en cualquier momento con la banca en l\u00ednea y m\u00f3vil.","image":null,"link":null},{"icon":null,"icon_dark_mode":null,"eyebrow":"","title":"<h3>Asegurado por la FDIC<\/h3>","description":"Sus fondos est\u00e1n seguros y protegidos hasta el m\u00e1ximo permitido por la ley.","image":null,"link":null}],"module_background_style":"accentTriangle","module_anchor_id":"","module_padding_inner":"noPaddingInner","module_spacing_after":"compactSpacingAfter"},{"acf_fc_layout":"fifty_fifty_table_and_image","image":null,"title":"<h2>Caracter\u00edsticas y beneficios de Gen$ave<\/h2>","content_above_table":"","table_layout_columns":"tableTwoColumns","table_formatting_bold":"boldFirstRow","table_2_column":null,"table_3_column":null,"table_4_column":null,"table_5_column":null,"content_below_table":"","module_background_color":"white","module_image_alignment":"imageRight","module_anchor_id":"","module_padding_inner":"noPaddingInner","module_spacing_after":"defaultSpacingAfter"},{"acf_fc_layout":"six_column_icon_cards","section_title":"<h2>Beneficios digitales incluidos:<\/h2>","cards":[{"icon":null,"icon_dark_mode":null,"title":"Banca en l\u00ednea","link_url":""},{"icon":null,"icon_dark_mode":null,"title":"Banca M\u00f3vil","link_url":""},{"icon":null,"icon_dark_mode":null,"title":"Estados de cuenta electr\u00f3nicos","link_url":""}],"module_anchor_id":"","module_padding_inner":"noPaddingInner","module_spacing_after":"noSpacingAfter"},{"acf_fc_layout":"floating_cards","eyebrow":"","title":"<h2>Lo que puedes esperar de Croghan<\/h2>","content":"En Croghan Colonial Bank, creemos en hacer que ahorrar sea f\u00e1cil y gratificante. Con la cuenta Gen$ave, proporcionamos las herramientas y el apoyo para ayudar a los j\u00f3venes ahorradores a desarrollar h\u00e1bitos financieros s\u00f3lidos desde una edad temprana. ","buttons":null,"cards_alignment":"cardsRight","card_style_type":"cardTypeBasic","floating_cards":[{"icon":null,"icon_dark_mode":null,"eyebrow":"","title":"<h3>Proceso simple y transparente<\/h3>","description":"Abrir una cuenta Gen$ave es r\u00e1pido y f\u00e1cil, sin comisiones ocultas, solo una forma sencilla de empezar a ahorrar. Nuestro equipo est\u00e1 aqu\u00ed para guiarlo en cada paso del camino. ","image":null,"link":null},{"icon":null,"icon_dark_mode":null,"eyebrow":"","title":"<h3>Soporte Personalizado<\/h3>","description":"\u00bfNecesitas ayuda? Ya sea que est\u00e9 abriendo una cuenta para su hijo o estableciendo metas de ahorro, nuestro amable equipo siempre est\u00e1 disponible para ayudarlo. ","image":null,"link":null},{"icon":null,"icon_dark_mode":null,"eyebrow":"","title":"<h3>Acceso f\u00e1cil y conveniente<\/h3>","description":"Con la banca m\u00f3vil y en l\u00ednea segura, puede realizar un seguimiento de sus ahorros, establecer metas financieras y administrar sus fondos en cualquier momento.","image":null,"link":null}],"module_background_style":"accentTriangle","module_anchor_id":"","module_padding_inner":"noPaddingInner","module_spacing_after":"defaultSpacingAfter"},{"acf_fc_layout":"content_card_pattern_accent","image":null,"eyebrow":"","title":"<h2>Lo que puedes esperar de Croghan<\/h2>","content":"En Croghan Colonial Bank, creemos en hacer que ahorrar sea f\u00e1cil y gratificante. Con la cuenta Gen$ave, proporcionamos las herramientas y el apoyo para ayudar a los j\u00f3venes ahorradores a desarrollar h\u00e1bitos financieros s\u00f3lidos desde una edad temprana. ","buttons":[{"button":{"link":{"title":"Ll\u00e1manos","url":"tel:8882764426","target":"_blank"},"button_style":"solid","button_color":"blue","opens_modal":false,"video":null}}],"disclaimer":"","module_image_alignment":"imageLeft","module_card_background_color":"cardBackgroundBlue","module_anchor_id":"","module_padding_inner":"noPaddingInner","module_spacing_after":"defaultSpacingAfter"},{"acf_fc_layout":"accordion","eyebrow":null,"accordion_items":null,"module_anchor_id":null,"module_padding_inner":null,"module_spacing_after":null},{"acf_fc_layout":"location_pre_footer","module_anchor_id":"","module_padding_inner":"noPaddingInner","module_spacing_after":"defaultSpacingAfter"}]},"yoast_head":"<!-- This site is optimized with the Yoast SEO plugin v27.5 - https:\/\/yoast.com\/product\/yoast-seo-wordpress\/ -->\n<title>Cuenta de Ahorro para Ni\u00f1os | Gen$ave | Banco Colonial Croghan<\/title>\n<meta name=\"description\" content=\"Gen$ave ayuda a j\u00f3venes de 13 a 22 a\u00f1os a empezar a ahorrar sin cuota mensual, con un dep\u00f3sito inicial bajo de 5 d\u00f3lares y herramientas online para desarrollar h\u00e1bitos financieros de por vida.\" \/>\n<meta name=\"robots\" content=\"noindex, follow, max-snippet:-1, max-image-preview:large, max-video-preview:-1\" \/>\n<meta property=\"og:locale\" content=\"es_ES\" \/>\n<meta property=\"og:type\" content=\"article\" \/>\n<meta property=\"og:title\" content=\"Cuenta de Ahorro para Ni\u00f1os | Gen$ave | Banco Colonial Croghan\" \/>\n<meta property=\"og:description\" content=\"Gen$ave ayuda a j\u00f3venes de 13 a 22 a\u00f1os a empezar a ahorrar sin cuota mensual, con un dep\u00f3sito inicial bajo de 5 d\u00f3lares y herramientas online para desarrollar h\u00e1bitos financieros de por vida.\" \/>\n<meta property=\"og:url\" content=\"https:\/\/api.croghan.bank\/es\/personal\/cuentas-de-ahorro\/genave\/\" \/>\n<meta property=\"og:site_name\" content=\"Banco Croghan sin cabeza\" \/>\n<meta property=\"article:modified_time\" content=\"2026-04-21T19:43:14+00:00\" \/>\n<meta name=\"twitter:card\" content=\"summary_large_image\" \/>\n<script type=\"application\/ld+json\" class=\"yoast-schema-graph\">{\"@context\":\"https:\\\/\\\/schema.org\",\"@graph\":[{\"@type\":\"WebPage\",\"@id\":\"https:\\\/\\\/api.croghan.bank\\\/es\\\/personal\\\/cuentas-de-ahorro\\\/genave\\\/\",\"url\":\"https:\\\/\\\/api.croghan.bank\\\/es\\\/personal\\\/cuentas-de-ahorro\\\/genave\\\/\",\"name\":\"Cuenta de Ahorro para Ni\u00f1os | Gen$ave | Banco Colonial Croghan\",\"isPartOf\":{\"@id\":\"https:\\\/\\\/api.croghan.bank\\\/es\\\/#website\"},\"datePublished\":\"2025-01-15T21:54:43+00:00\",\"dateModified\":\"2026-04-21T19:43:14+00:00\",\"description\":\"Gen$ave ayuda a j\u00f3venes de 13 a 22 a\u00f1os a empezar a ahorrar sin cuota mensual, con un dep\u00f3sito inicial bajo de 5 d\u00f3lares y herramientas online para desarrollar h\u00e1bitos financieros de por vida.\",\"breadcrumb\":{\"@id\":\"https:\\\/\\\/api.croghan.bank\\\/es\\\/personal\\\/cuentas-de-ahorro\\\/genave\\\/#breadcrumb\"},\"inLanguage\":\"es\",\"potentialAction\":[{\"@type\":\"ReadAction\",\"target\":[\"https:\\\/\\\/api.croghan.bank\\\/es\\\/personal\\\/cuentas-de-ahorro\\\/genave\\\/\"]}]},{\"@type\":\"BreadcrumbList\",\"@id\":\"https:\\\/\\\/api.croghan.bank\\\/es\\\/personal\\\/cuentas-de-ahorro\\\/genave\\\/#breadcrumb\",\"itemListElement\":[{\"@type\":\"ListItem\",\"position\":1,\"name\":\"Hogar\",\"item\":\"https:\\\/\\\/api.croghan.bank\\\/es\\\/\"},{\"@type\":\"ListItem\",\"position\":2,\"name\":\"Personal\",\"item\":\"https:\\\/\\\/api.croghan.bank\\\/es\\\/personal\\\/\"},{\"@type\":\"ListItem\",\"position\":3,\"name\":\"Cuentas de Ahorro\",\"item\":\"https:\\\/\\\/api.croghan.bank\\\/es\\\/personal\\\/cuentas-de-ahorro\\\/\"},{\"@type\":\"ListItem\",\"position\":4,\"name\":\"Gen$ave\"}]},{\"@type\":\"WebSite\",\"@id\":\"https:\\\/\\\/api.croghan.bank\\\/es\\\/#website\",\"url\":\"https:\\\/\\\/api.croghan.bank\\\/es\\\/\",\"name\":\"Banco Croghan sin cabeza\",\"description\":\"\",\"potentialAction\":[{\"@type\":\"SearchAction\",\"target\":{\"@type\":\"EntryPoint\",\"urlTemplate\":\"https:\\\/\\\/api.croghan.bank\\\/es\\\/?s={search_term_string}\"},\"query-input\":{\"@type\":\"PropertyValueSpecification\",\"valueRequired\":true,\"valueName\":\"search_term_string\"}}],\"inLanguage\":\"es\"}]}<\/script>\n<!-- \/ Yoast SEO plugin. -->","yoast_head_json":{"title":"Cuenta de Ahorro para Ni\u00f1os | Gen$ave | Banco Colonial Croghan","description":"Gen$ave ayuda a j\u00f3venes de 13 a 22 a\u00f1os a empezar a ahorrar sin cuota mensual, con un dep\u00f3sito inicial bajo de 5 d\u00f3lares y herramientas online para desarrollar h\u00e1bitos financieros de por vida.","robots":{"index":"noindex","follow":"follow","max-snippet":"max-snippet:-1","max-image-preview":"max-image-preview:large","max-video-preview":"max-video-preview:-1"},"og_locale":"es_ES","og_type":"article","og_title":"Cuenta de Ahorro para Ni\u00f1os | Gen$ave | Banco Colonial Croghan","og_description":"Gen$ave ayuda a j\u00f3venes de 13 a 22 a\u00f1os a empezar a ahorrar sin cuota mensual, con un dep\u00f3sito inicial bajo de 5 d\u00f3lares y herramientas online para desarrollar h\u00e1bitos financieros de por vida.","og_url":"https:\/\/api.croghan.bank\/es\/personal\/cuentas-de-ahorro\/genave\/","og_site_name":"Banco Croghan sin cabeza","article_modified_time":"2026-04-21T19:43:14+00:00","twitter_card":"summary_large_image","schema":{"@context":"https:\/\/schema.org","@graph":[{"@type":"WebPage","@id":"https:\/\/api.croghan.bank\/es\/personal\/cuentas-de-ahorro\/genave\/","url":"https:\/\/api.croghan.bank\/es\/personal\/cuentas-de-ahorro\/genave\/","name":"Cuenta de Ahorro para Ni\u00f1os | Gen$ave | Banco Colonial Croghan","isPartOf":{"@id":"https:\/\/api.croghan.bank\/es\/#website"},"datePublished":"2025-01-15T21:54:43+00:00","dateModified":"2026-04-21T19:43:14+00:00","description":"Gen$ave ayuda a j\u00f3venes de 13 a 22 a\u00f1os a empezar a ahorrar sin cuota mensual, con un dep\u00f3sito inicial bajo de 5 d\u00f3lares y herramientas online para desarrollar h\u00e1bitos financieros de por vida.","breadcrumb":{"@id":"https:\/\/api.croghan.bank\/es\/personal\/cuentas-de-ahorro\/genave\/#breadcrumb"},"inLanguage":"es","potentialAction":[{"@type":"ReadAction","target":["https:\/\/api.croghan.bank\/es\/personal\/cuentas-de-ahorro\/genave\/"]}]},{"@type":"BreadcrumbList","@id":"https:\/\/api.croghan.bank\/es\/personal\/cuentas-de-ahorro\/genave\/#breadcrumb","itemListElement":[{"@type":"ListItem","position":1,"name":"Hogar","item":"https:\/\/api.croghan.bank\/es\/"},{"@type":"ListItem","position":2,"name":"Personal","item":"https:\/\/api.croghan.bank\/es\/personal\/"},{"@type":"ListItem","position":3,"name":"Cuentas de Ahorro","item":"https:\/\/api.croghan.bank\/es\/personal\/cuentas-de-ahorro\/"},{"@type":"ListItem","position":4,"name":"Gen$ave"}]},{"@type":"WebSite","@id":"https:\/\/api.croghan.bank\/es\/#website","url":"https:\/\/api.croghan.bank\/es\/","name":"Banco Croghan sin cabeza","description":"","potentialAction":[{"@type":"SearchAction","target":{"@type":"EntryPoint","urlTemplate":"https:\/\/api.croghan.bank\/es\/?s={search_term_string}"},"query-input":{"@type":"PropertyValueSpecification","valueRequired":true,"valueName":"search_term_string"}}],"inLanguage":"es"}]}},"_links":{"self":[{"href":"https:\/\/api.croghan.bank\/es\/wp-json\/wp\/v2\/pages\/4440","targetHints":{"allow":["GET"]}}],"collection":[{"href":"https:\/\/api.croghan.bank\/es\/wp-json\/wp\/v2\/pages"}],"about":[{"href":"https:\/\/api.croghan.bank\/es\/wp-json\/wp\/v2\/types\/page"}],"author":[{"embeddable":true,"href":"https:\/\/api.croghan.bank\/es\/wp-json\/wp\/v2\/users\/1"}],"replies":[{"embeddable":true,"href":"https:\/\/api.croghan.bank\/es\/wp-json\/wp\/v2\/comments?post=4440"}],"version-history":[{"count":1,"href":"https:\/\/api.croghan.bank\/es\/wp-json\/wp\/v2\/pages\/4440\/revisions"}],"predecessor-version":[{"id":7610,"href":"https:\/\/api.croghan.bank\/es\/wp-json\/wp\/v2\/pages\/4440\/revisions\/7610"}],"up":[{"embeddable":true,"href":"https:\/\/api.croghan.bank\/es\/wp-json\/wp\/v2\/pages\/4497"}],"wp:attachment":[{"href":"https:\/\/api.croghan.bank\/es\/wp-json\/wp\/v2\/media?parent=4440"}],"wp:term":[{"taxonomy":"category","embeddable":true,"href":"https:\/\/api.croghan.bank\/es\/wp-json\/wp\/v2\/categories?post=4440"},{"taxonomy":"post_tag","embeddable":true,"href":"https:\/\/api.croghan.bank\/es\/wp-json\/wp\/v2\/tags?post=4440"}],"curies":[{"name":"wp","href":"https:\/\/api.w.org\/{rel}","templated":true}]}}