{"id":4441,"date":"2025-01-15T18:36:59","date_gmt":"2025-01-15T18:36:59","guid":{"rendered":"https:\/\/api.croghan.bank\/obtencion-de-intereses\/"},"modified":"2026-04-21T19:43:16","modified_gmt":"2026-04-21T19:43:16","slug":"obtencion-de-intereses","status":"publish","type":"page","link":"https:\/\/api.croghan.bank\/es\/personal\/cuentas-corrientes\/obtencion-de-intereses\/","title":{"rendered":"Obtenci\u00f3n de intereses"},"content":{"rendered":"","protected":false},"excerpt":{"rendered":"","protected":false},"author":1,"featured_media":0,"parent":4506,"menu_order":0,"comment_status":"closed","ping_status":"closed","template":"","meta":{"_acf_changed":false,"inline_featured_image":false,"footnotes":""},"categories":[50],"tags":[],"class_list":["post-4441","page","type-page","status-publish","hentry","category-personal-es"],"acf":{"modules":[{"acf_fc_layout":"bread_crumb_nav_hero","title":"<h1>Cuentas de Cheques con Intereses<\/h1>","subtitle":"","content":"Saca m\u00e1s provecho de tu cuenta de cheques con las opciones de cuenta de cheques con intereses de Croghan. Disfrute de la comodidad de la banca digital mientras gana intereses por cada d\u00f3lar de su cuenta. ","buttons":[{"button":{"link":{"title":"Cont\u00e1ctenos","url":"\/contact-us","target":"_blank"},"button_style":"solid","button_color":"blue","opens_modal":false,"video":null}}],"module_anchor_id":"","module_padding_inner":"noPaddingInner","module_spacing_after":"noSpacingAfter"},{"acf_fc_layout":"floating_cards","eyebrow":"","title":"<h2>Caracter\u00edsticas y beneficios que generan intereses<\/h2>","content":"Dise\u00f1ada para aquellos que prefieren administrar sus finanzas en l\u00ednea, esta cuenta ofrece un acceso continuo a las herramientas digitales mientras gana intereses en todos los saldos.","buttons":null,"cards_alignment":"cardsRight","card_style_type":"cardTypeBasic","floating_cards":[{"icon":null,"icon_dark_mode":null,"eyebrow":"","title":"<h3>Gane intereses en todos los saldos<\/h3>","description":"Haz crecer tus ahorros mientras gestionas los gastos diarios.","image":null,"link":null},{"icon":null,"icon_dark_mode":null,"eyebrow":"","title":"<h3>Acceso conveniente<\/h3>","description":"Acceda a su cuenta en cualquier momento con la banca en l\u00ednea y m\u00f3vil.","image":null,"link":null},{"icon":null,"icon_dark_mode":null,"eyebrow":"","title":"<h3>Alertas de cuenta<\/h3>","description":"Supervise sus transacciones y la actividad de su cuenta configurando alertas personalizables.","image":null,"link":null}],"module_background_style":"accentTriangle","module_anchor_id":"","module_padding_inner":"noPaddingInner","module_spacing_after":"compactSpacingAfter"},{"acf_fc_layout":"full_width_media","media_type":"image","image":null,"video":null,"video_youtube":"","video_poster_image":null,"module_upper_half_background_color":"blue","module_lower_half_background_color":"white","module_anchor_id":"","module_padding_inner":"noPaddingInner","module_spacing_after":"noSpacingAfter"},{"acf_fc_layout":"comparison_cards","eyebrow":"","title":"<h2>Cuenta de cheques de intereses digital vs. cuenta de cheques de intereses: \u00bfCu\u00e1l es la adecuada para usted?<\/h2>","content":"Elegir entre una cuenta de cheques digital con intereses o una cuenta de cheques con intereses depende de su situaci\u00f3n financiera \u00fanica:","comparison_cards":[{"icon":null,"icon_dark_mode":null,"content":"<h3>Verificaci\u00f3n de Intereses Digitales<\/h3>\nGane intereses mientras disfruta de la comodidad de nuestros productos de banca digital. Con acceso a tarjetas de d\u00e9bito, banca en l\u00ednea y banca m\u00f3vil, y acceso a cajeros autom\u00e1ticos en todo el pa\u00eds a trav\u00e9s de MoneyPass\u00ae, acceder a tu cuenta no podr\u00eda ser m\u00e1s f\u00e1cil. "},{"icon":null,"icon_dark_mode":null,"content":"<h3>Cuenta de Cheques de Intereses<\/h3>\nCon una cuenta de cheques con intereses, puede utilizar de manera efectiva el efectivo que no est\u00e1 gastando actualmente. Una cuenta de cheques con intereses genera intereses y ofrece un lugar flexible y seguro para su dinero. "}],"module_anchor_id":"","module_padding_inner":"noPaddingInner","module_spacing_after":"noSpacingAfter"},{"acf_fc_layout":"comparison_table","title":"<h2>Cuenta de cheques de intereses digital vs. cuenta de cheques de intereses: \u00bfCu\u00e1l es la adecuada para usted?<\/h2>","content":"Elegir entre una cuenta de cheques digital con intereses o una cuenta de cheques con intereses depende de su situaci\u00f3n financiera \u00fanica:","table_layout_columns":"tableTwoColumns","table_2_column":null,"table_3_column":[{"column_1":"","column_2":"Verificaci\u00f3n de Intereses Digitales","column_3":"Cuenta de cheques con intereses CCB"},{"column_1":"M\u00ednimo para abrir:","column_2":"$20.00","column_3":"$20.00"},{"column_1":"Cargo mensual por servicio:","column_2":"$10.00","column_3":"$7.00"},{"column_1":"C\u00f3mo evitar el cargo mensual por servicio:","column_2":"<ul>\n \t<li>Mantenga un saldo diario m\u00ednimo de $5,000.00 para evitar $7.00 del cargo mensual por servicio.<\/li>\n \t<li>Inscr\u00edbase y mantenga la inscripci\u00f3n en los estados de cuenta electr\u00f3nicos para evitar $3.00 del cargo mensual por servicio.<\/li>\n<\/ul>","column_3":"<ul>\n \t<li>Mantenga un saldo diario m\u00ednimo de $2,500.00 para evitar $5.00 del cargo mensual por servicio.<\/li>\n \t<li>Inscr\u00edbase y mantenga la inscripci\u00f3n en los estados de cuenta electr\u00f3nicos para evitar $2.00 del cargo mensual por servicio.<\/li>\n<\/ul>"},{"column_1":"Intereses pagados:","column_2":"S\u00ed","column_3":"S\u00ed"},{"column_1":"Pago de facturas en l\u00ednea:","column_2":"S\u00ed, $4.00","column_3":"S\u00ed, $4.00"}],"table_4_column":null,"table_5_column":null,"module_anchor_id":"","module_padding_inner":"noPaddingInner","module_spacing_after":"defaultSpacingAfter"},{"acf_fc_layout":"six_column_icon_cards","section_title":"<h2>Beneficios digitales incluidos:<\/h2>","cards":[{"icon":null,"icon_dark_mode":null,"title":"Banca en l\u00ednea","link_url":""},{"icon":null,"icon_dark_mode":null,"title":"Banca M\u00f3vil","link_url":""},{"icon":null,"icon_dark_mode":null,"title":"Red de cajeros autom\u00e1ticos MoneyPass","link_url":""}],"module_anchor_id":"","module_padding_inner":"noPaddingInner","module_spacing_after":"compactSpacingAfter"},{"acf_fc_layout":"floating_cards","eyebrow":"","title":"<h2>Lo que puedes esperar de Croghan<\/h2>","content":"Cuando elige Croghan Colonial Bank, no solo obtiene una cuenta, sino que obtiene un socio financiero comprometido con su \u00e9xito.","buttons":null,"cards_alignment":"cardsRight","card_style_type":"cardTypeBasic","floating_cards":[{"icon":null,"icon_dark_mode":null,"eyebrow":"","title":"<h3>Proceso simple y directo<\/h3>","description":"Abrir su cuenta corriente es r\u00e1pido y f\u00e1cil. Nuestro equipo est\u00e1 aqu\u00ed para ayudarlo en cada paso, asegur\u00e1ndose de que tenga una experiencia fluida y sin complicaciones. ","image":null,"link":null},{"icon":null,"icon_dark_mode":null,"eyebrow":"","title":"<h3>Soporte Dedicado<\/h3>","description":"Nuestro equipo experto y amable siempre est\u00e1 listo para ayudar. Ya sea que est\u00e9 configurando su cuenta o navegando por herramientas digitales, estamos aqu\u00ed para hacer que las operaciones bancarias sean lo m\u00e1s f\u00e1ciles y fluidas posible. ","image":null,"link":null},{"icon":null,"icon_dark_mode":null,"eyebrow":"","title":"<h3>Acceso conveniente en cualquier momento<\/h3>","description":"Acceda a su cuenta de cheques las 24 horas del d\u00eda, los 7 d\u00edas de la semana con nuestras plataformas seguras de banca m\u00f3vil y en l\u00ednea. Utilice la red nacional de cajeros autom\u00e1ticos MoneyPass para retirar efectivo sin recargo y transferir dinero r\u00e1pidamente con Zelle. ","image":null,"link":null}],"module_background_style":"accentTriangle","module_anchor_id":"","module_padding_inner":"noPaddingInner","module_spacing_after":"defaultSpacingAfter"},{"acf_fc_layout":"content_card_pattern_accent","image":null,"eyebrow":"","title":"<h2>Lo que puedes esperar de Croghan<\/h2>","content":"Cuando elige Croghan Colonial Bank, no solo obtiene una cuenta, sino que obtiene un socio financiero comprometido con su \u00e9xito.","buttons":[{"button":{"link":{"title":"Ll\u00e1manos","url":"tel:8882764426","target":"_blank"},"button_style":"solid","button_color":"blue","opens_modal":false,"video":null}}],"disclaimer":"","module_image_alignment":"imageLeft","module_card_background_color":"cardBackgroundBlue","module_anchor_id":"","module_padding_inner":"noPaddingInner","module_spacing_after":"defaultSpacingAfter"},{"acf_fc_layout":"accordion","eyebrow":null,"accordion_items":null,"module_anchor_id":null,"module_padding_inner":null,"module_spacing_after":null},{"acf_fc_layout":"location_pre_footer","module_anchor_id":"","module_padding_inner":"noPaddingInner","module_spacing_after":"defaultSpacingAfter"}]},"yoast_head":"<!-- This site is optimized with the Yoast SEO plugin v27.5 - https:\/\/yoast.com\/product\/yoast-seo-wordpress\/ -->\n<title>Cuenta corriente | Generaci\u00f3n de intereses | Banco Croghan<\/title>\n<meta name=\"description\" content=\"Gana intereses por cada d\u00f3lar con nuestra cuenta corriente que genera intereses. Incluye banca online, dep\u00f3sito m\u00f3vil y una tarjeta de d\u00e9bito Croghan.\" \/>\n<meta name=\"robots\" content=\"noindex, follow, max-snippet:-1, max-image-preview:large, max-video-preview:-1\" \/>\n<meta property=\"og:locale\" content=\"es_ES\" \/>\n<meta property=\"og:type\" content=\"article\" \/>\n<meta property=\"og:title\" content=\"Cuenta corriente | Generaci\u00f3n de intereses | Banco Croghan\" \/>\n<meta property=\"og:description\" content=\"Gana intereses por cada d\u00f3lar con nuestra cuenta corriente que genera intereses. Incluye banca online, dep\u00f3sito m\u00f3vil y una tarjeta de d\u00e9bito Croghan.\" \/>\n<meta property=\"og:url\" content=\"https:\/\/api.croghan.bank\/es\/personal\/cuentas-corrientes\/obtencion-de-intereses\/\" \/>\n<meta property=\"og:site_name\" content=\"Banco Croghan sin cabeza\" \/>\n<meta property=\"article:modified_time\" content=\"2026-04-21T19:43:16+00:00\" \/>\n<meta name=\"twitter:card\" content=\"summary_large_image\" \/>\n<script type=\"application\/ld+json\" class=\"yoast-schema-graph\">{\"@context\":\"https:\\\/\\\/schema.org\",\"@graph\":[{\"@type\":\"WebPage\",\"@id\":\"https:\\\/\\\/api.croghan.bank\\\/es\\\/personal\\\/cuentas-corrientes\\\/obtencion-de-intereses\\\/\",\"url\":\"https:\\\/\\\/api.croghan.bank\\\/es\\\/personal\\\/cuentas-corrientes\\\/obtencion-de-intereses\\\/\",\"name\":\"Cuenta corriente | Generaci\u00f3n de intereses | Banco Croghan\",\"isPartOf\":{\"@id\":\"https:\\\/\\\/api.croghan.bank\\\/es\\\/#website\"},\"datePublished\":\"2025-01-15T18:36:59+00:00\",\"dateModified\":\"2026-04-21T19:43:16+00:00\",\"description\":\"Gana intereses por cada d\u00f3lar con nuestra cuenta corriente que genera intereses. Incluye banca online, dep\u00f3sito m\u00f3vil y una tarjeta de d\u00e9bito Croghan.\",\"breadcrumb\":{\"@id\":\"https:\\\/\\\/api.croghan.bank\\\/es\\\/personal\\\/cuentas-corrientes\\\/obtencion-de-intereses\\\/#breadcrumb\"},\"inLanguage\":\"es\",\"potentialAction\":[{\"@type\":\"ReadAction\",\"target\":[\"https:\\\/\\\/api.croghan.bank\\\/es\\\/personal\\\/cuentas-corrientes\\\/obtencion-de-intereses\\\/\"]}]},{\"@type\":\"BreadcrumbList\",\"@id\":\"https:\\\/\\\/api.croghan.bank\\\/es\\\/personal\\\/cuentas-corrientes\\\/obtencion-de-intereses\\\/#breadcrumb\",\"itemListElement\":[{\"@type\":\"ListItem\",\"position\":1,\"name\":\"Hogar\",\"item\":\"https:\\\/\\\/api.croghan.bank\\\/es\\\/\"},{\"@type\":\"ListItem\",\"position\":2,\"name\":\"Personal\",\"item\":\"https:\\\/\\\/api.croghan.bank\\\/es\\\/personal\\\/\"},{\"@type\":\"ListItem\",\"position\":3,\"name\":\"Cuentas Corrientes\",\"item\":\"https:\\\/\\\/api.croghan.bank\\\/es\\\/personal\\\/cuentas-corrientes\\\/\"},{\"@type\":\"ListItem\",\"position\":4,\"name\":\"Obtenci\u00f3n de intereses\"}]},{\"@type\":\"WebSite\",\"@id\":\"https:\\\/\\\/api.croghan.bank\\\/es\\\/#website\",\"url\":\"https:\\\/\\\/api.croghan.bank\\\/es\\\/\",\"name\":\"Banco Croghan sin cabeza\",\"description\":\"\",\"potentialAction\":[{\"@type\":\"SearchAction\",\"target\":{\"@type\":\"EntryPoint\",\"urlTemplate\":\"https:\\\/\\\/api.croghan.bank\\\/es\\\/?s={search_term_string}\"},\"query-input\":{\"@type\":\"PropertyValueSpecification\",\"valueRequired\":true,\"valueName\":\"search_term_string\"}}],\"inLanguage\":\"es\"}]}<\/script>\n<!-- \/ Yoast SEO plugin. -->","yoast_head_json":{"title":"Cuenta corriente | Generaci\u00f3n de intereses | Banco Croghan","description":"Gana intereses por cada d\u00f3lar con nuestra cuenta corriente que genera intereses. Incluye banca online, dep\u00f3sito m\u00f3vil y una tarjeta de d\u00e9bito Croghan.","robots":{"index":"noindex","follow":"follow","max-snippet":"max-snippet:-1","max-image-preview":"max-image-preview:large","max-video-preview":"max-video-preview:-1"},"og_locale":"es_ES","og_type":"article","og_title":"Cuenta corriente | Generaci\u00f3n de intereses | Banco Croghan","og_description":"Gana intereses por cada d\u00f3lar con nuestra cuenta corriente que genera intereses. Incluye banca online, dep\u00f3sito m\u00f3vil y una tarjeta de d\u00e9bito Croghan.","og_url":"https:\/\/api.croghan.bank\/es\/personal\/cuentas-corrientes\/obtencion-de-intereses\/","og_site_name":"Banco Croghan sin cabeza","article_modified_time":"2026-04-21T19:43:16+00:00","twitter_card":"summary_large_image","schema":{"@context":"https:\/\/schema.org","@graph":[{"@type":"WebPage","@id":"https:\/\/api.croghan.bank\/es\/personal\/cuentas-corrientes\/obtencion-de-intereses\/","url":"https:\/\/api.croghan.bank\/es\/personal\/cuentas-corrientes\/obtencion-de-intereses\/","name":"Cuenta corriente | Generaci\u00f3n de intereses | Banco Croghan","isPartOf":{"@id":"https:\/\/api.croghan.bank\/es\/#website"},"datePublished":"2025-01-15T18:36:59+00:00","dateModified":"2026-04-21T19:43:16+00:00","description":"Gana intereses por cada d\u00f3lar con nuestra cuenta corriente que genera intereses. Incluye banca online, dep\u00f3sito m\u00f3vil y una tarjeta de d\u00e9bito Croghan.","breadcrumb":{"@id":"https:\/\/api.croghan.bank\/es\/personal\/cuentas-corrientes\/obtencion-de-intereses\/#breadcrumb"},"inLanguage":"es","potentialAction":[{"@type":"ReadAction","target":["https:\/\/api.croghan.bank\/es\/personal\/cuentas-corrientes\/obtencion-de-intereses\/"]}]},{"@type":"BreadcrumbList","@id":"https:\/\/api.croghan.bank\/es\/personal\/cuentas-corrientes\/obtencion-de-intereses\/#breadcrumb","itemListElement":[{"@type":"ListItem","position":1,"name":"Hogar","item":"https:\/\/api.croghan.bank\/es\/"},{"@type":"ListItem","position":2,"name":"Personal","item":"https:\/\/api.croghan.bank\/es\/personal\/"},{"@type":"ListItem","position":3,"name":"Cuentas Corrientes","item":"https:\/\/api.croghan.bank\/es\/personal\/cuentas-corrientes\/"},{"@type":"ListItem","position":4,"name":"Obtenci\u00f3n de intereses"}]},{"@type":"WebSite","@id":"https:\/\/api.croghan.bank\/es\/#website","url":"https:\/\/api.croghan.bank\/es\/","name":"Banco Croghan sin cabeza","description":"","potentialAction":[{"@type":"SearchAction","target":{"@type":"EntryPoint","urlTemplate":"https:\/\/api.croghan.bank\/es\/?s={search_term_string}"},"query-input":{"@type":"PropertyValueSpecification","valueRequired":true,"valueName":"search_term_string"}}],"inLanguage":"es"}]}},"_links":{"self":[{"href":"https:\/\/api.croghan.bank\/es\/wp-json\/wp\/v2\/pages\/4441","targetHints":{"allow":["GET"]}}],"collection":[{"href":"https:\/\/api.croghan.bank\/es\/wp-json\/wp\/v2\/pages"}],"about":[{"href":"https:\/\/api.croghan.bank\/es\/wp-json\/wp\/v2\/types\/page"}],"author":[{"embeddable":true,"href":"https:\/\/api.croghan.bank\/es\/wp-json\/wp\/v2\/users\/1"}],"replies":[{"embeddable":true,"href":"https:\/\/api.croghan.bank\/es\/wp-json\/wp\/v2\/comments?post=4441"}],"version-history":[{"count":1,"href":"https:\/\/api.croghan.bank\/es\/wp-json\/wp\/v2\/pages\/4441\/revisions"}],"predecessor-version":[{"id":7616,"href":"https:\/\/api.croghan.bank\/es\/wp-json\/wp\/v2\/pages\/4441\/revisions\/7616"}],"up":[{"embeddable":true,"href":"https:\/\/api.croghan.bank\/es\/wp-json\/wp\/v2\/pages\/4506"}],"wp:attachment":[{"href":"https:\/\/api.croghan.bank\/es\/wp-json\/wp\/v2\/media?parent=4441"}],"wp:term":[{"taxonomy":"category","embeddable":true,"href":"https:\/\/api.croghan.bank\/es\/wp-json\/wp\/v2\/categories?post=4441"},{"taxonomy":"post_tag","embeddable":true,"href":"https:\/\/api.croghan.bank\/es\/wp-json\/wp\/v2\/tags?post=4441"}],"curies":[{"name":"wp","href":"https:\/\/api.w.org\/{rel}","templated":true}]}}