{"id":4442,"date":"2025-01-15T20:08:08","date_gmt":"2025-01-15T20:08:08","guid":{"rendered":"https:\/\/api.croghan.bank\/letra-chica\/"},"modified":"2026-04-21T19:42:43","modified_gmt":"2026-04-21T19:42:43","slug":"letra-chica","status":"publish","type":"page","link":"https:\/\/api.croghan.bank\/es\/letra-chica\/","title":{"rendered":"Letra chica"},"content":{"rendered":"","protected":false},"excerpt":{"rendered":"","protected":false},"author":1,"featured_media":0,"parent":0,"menu_order":0,"comment_status":"closed","ping_status":"closed","template":"","meta":{"_acf_changed":false,"inline_featured_image":false,"footnotes":""},"categories":[],"tags":[],"class_list":["post-4442","page","type-page","status-publish","hentry"],"acf":{"modules":[{"acf_fc_layout":"bread_crumb_nav_hero","title":"<h1><b>T\u00e9rminos y condiciones<\/b><\/h1>","subtitle":"","content":"","buttons":null,"module_anchor_id":"","module_padding_inner":"noPaddingInner","module_spacing_after":"defaultSpacingAfter"},{"acf_fc_layout":"basic_content","content":"<b>ESTOS T\u00c9RMINOS RIGEN EL USO DE ESTE SITIO WEB. POR FAVOR, L\u00c9ALOS DETENIDAMENTE ANTES DE ACCEDER AL SITIO. SI NO EST\u00c1 DE ACUERDO CON ESTOS T\u00c9RMINOS, NO ACCEDA AL SITIO WEB. AL ACCEDER AL SITIO WEB O A CUALQUIERA DE SUS P\u00c1GINAS, USTED ACEPTA ESTAR SUJETO A ESTOS T\u00c9RMINOS DE USO.   <\/b>\n\n<span style=\"font-weight: 400;\">Este sitio web ha sido establecido por el Banco con el \u00fanico prop\u00f3sito de transmitir informaci\u00f3n sobre los productos y servicios del Banco y para permitir las comunicaciones entre el Banco y sus clientes. La informaci\u00f3n que aparece en este sitio web debe considerarse un anuncio. Nada de lo contenido en ninguna p\u00e1gina de este sitio sustituye los acuerdos y divulgaciones del Banco que rigen sus productos y servicios. Si alguna informaci\u00f3n en el sitio entra en conflicto con la de los acuerdos y divulgaciones del Banco, prevalecer\u00e1n los acuerdos y divulgaciones.   <\/span>\n\n<span style=\"font-weight: 400;\">De vez en cuando, el Banco puede colocar enlaces a otros sitios web en esta p\u00e1gina. El Banco no tiene control sobre ning\u00fan otro sitio web y no es responsable del contenido de ning\u00fan otro sitio que no sea este. Los usuarios asumen toda la responsabilidad cuando acceden a otros sitios a trav\u00e9s de los enlaces de este sitio web.  <\/span>\n\n<span style=\"font-weight: 400;\">La informaci\u00f3n y los materiales contenidos en este sitio web son propiedad del Banco y de terceros, seg\u00fan corresponda. Ning\u00fan material puede ser copiado, mostrado, transmitido, distribuido, enmarcado, vendido, almacenado para su uso, descargado o reproducido de otra manera, excepto seg\u00fan lo permitido por la ley. <\/span>\n\n<span style=\"font-weight: 400;\">El Banco no ofrece garant\u00edas de ning\u00fan tipo con respecto a los productos y servicios anunciados en este sitio. El Banco har\u00e1 todos los esfuerzos razonables para garantizar que toda la informaci\u00f3n mostrada sea precisa; sin embargo, el Banco renuncia expresamente a cualquier representaci\u00f3n y garant\u00eda, expresa e impl\u00edcita, incluidas, entre otras, las garant\u00edas de comerciabilidad, idoneidad para un prop\u00f3sito particular, idoneidad y la capacidad de usar el sitio sin contraer un virus inform\u00e1tico. El Banco no es responsable de ninguna p\u00e9rdida, da\u00f1o, gasto o penalizaci\u00f3n (ya sea por agravio, contrato o de otro modo), incluidos los da\u00f1os directos, indirectos, consecuentes e incidentales, que resulten del acceso o uso de este sitio. Esta limitaci\u00f3n incluye, pero no se limita a la omisi\u00f3n de informaci\u00f3n, la falla del equipo, el retraso o la incapacidad de recibir o transmitir informaci\u00f3n, el retraso o la incapacidad de imprimir informaci\u00f3n, la transmisi\u00f3n de cualquier virus inform\u00e1tico o la transmisi\u00f3n de cualquier otro c\u00f3digo o procedimiento malicioso o inhabilitante. Esta limitaci\u00f3n se aplica incluso si el Banco ha sido informado de la posibilidad de dicha p\u00e9rdida o da\u00f1o.    <\/span>\n\n<span style=\"font-weight: 400;\">Este acuerdo puede ser modificado de vez en cuando mediante la publicaci\u00f3n de los nuevos T\u00e9rminos y Condiciones en el sitio web. Todos los usuarios aceptan estar sujetos a este acuerdo, ya que cambia de vez en cuando. <\/span>\n\n<span style=\"font-weight: 400;\">Este acuerdo y el uso de este sitio web se rigen por las leyes del estado de Ohio.<\/span>","module_background_color":"white","module_anchor_id":"","module_padding_inner":"noPaddingInner","module_spacing_after":"defaultSpacingAfter"}]},"yoast_head":"<!-- This site is optimized with the Yoast SEO plugin v27.5 - https:\/\/yoast.com\/product\/yoast-seo-wordpress\/ -->\n<title>T\u00e9rminos y condiciones del sitio web | Banco Colonial Croghan<\/title>\n<meta name=\"description\" content=\"T\u00e9rminos de uso de croghan.bank \u2014 uso aceptable, avisos legales, enlaces de terceros y avisos legales que regulan tu acceso al sitio web de Croghan.\" \/>\n<meta name=\"robots\" content=\"noindex, follow, max-snippet:-1, max-image-preview:large, max-video-preview:-1\" \/>\n<meta property=\"og:locale\" content=\"es_ES\" \/>\n<meta property=\"og:type\" content=\"article\" \/>\n<meta property=\"og:title\" content=\"T\u00e9rminos y condiciones del sitio web | Banco Colonial Croghan\" \/>\n<meta property=\"og:description\" content=\"T\u00e9rminos de uso de croghan.bank \u2014 uso aceptable, avisos legales, enlaces de terceros y avisos legales que regulan tu acceso al sitio web de Croghan.\" \/>\n<meta property=\"og:url\" content=\"https:\/\/api.croghan.bank\/es\/letra-chica\/\" \/>\n<meta property=\"og:site_name\" content=\"Banco Croghan sin cabeza\" \/>\n<meta property=\"article:modified_time\" content=\"2026-04-21T19:42:43+00:00\" \/>\n<meta name=\"twitter:card\" content=\"summary_large_image\" \/>\n<script type=\"application\/ld+json\" class=\"yoast-schema-graph\">{\"@context\":\"https:\\\/\\\/schema.org\",\"@graph\":[{\"@type\":\"WebPage\",\"@id\":\"https:\\\/\\\/api.croghan.bank\\\/es\\\/letra-chica\\\/\",\"url\":\"https:\\\/\\\/api.croghan.bank\\\/es\\\/letra-chica\\\/\",\"name\":\"T\u00e9rminos y condiciones del sitio web | Banco Colonial Croghan\",\"isPartOf\":{\"@id\":\"https:\\\/\\\/api.croghan.bank\\\/es\\\/#website\"},\"datePublished\":\"2025-01-15T20:08:08+00:00\",\"dateModified\":\"2026-04-21T19:42:43+00:00\",\"description\":\"T\u00e9rminos de uso de croghan.bank \u2014 uso aceptable, avisos legales, enlaces de terceros y avisos legales que regulan tu acceso al sitio web de Croghan.\",\"breadcrumb\":{\"@id\":\"https:\\\/\\\/api.croghan.bank\\\/es\\\/letra-chica\\\/#breadcrumb\"},\"inLanguage\":\"es\",\"potentialAction\":[{\"@type\":\"ReadAction\",\"target\":[\"https:\\\/\\\/api.croghan.bank\\\/es\\\/letra-chica\\\/\"]}]},{\"@type\":\"BreadcrumbList\",\"@id\":\"https:\\\/\\\/api.croghan.bank\\\/es\\\/letra-chica\\\/#breadcrumb\",\"itemListElement\":[{\"@type\":\"ListItem\",\"position\":1,\"name\":\"Hogar\",\"item\":\"https:\\\/\\\/api.croghan.bank\\\/es\\\/\"},{\"@type\":\"ListItem\",\"position\":2,\"name\":\"Letra chica\"}]},{\"@type\":\"WebSite\",\"@id\":\"https:\\\/\\\/api.croghan.bank\\\/es\\\/#website\",\"url\":\"https:\\\/\\\/api.croghan.bank\\\/es\\\/\",\"name\":\"Banco Croghan sin cabeza\",\"description\":\"\",\"potentialAction\":[{\"@type\":\"SearchAction\",\"target\":{\"@type\":\"EntryPoint\",\"urlTemplate\":\"https:\\\/\\\/api.croghan.bank\\\/es\\\/?s={search_term_string}\"},\"query-input\":{\"@type\":\"PropertyValueSpecification\",\"valueRequired\":true,\"valueName\":\"search_term_string\"}}],\"inLanguage\":\"es\"}]}<\/script>\n<!-- \/ Yoast SEO plugin. -->","yoast_head_json":{"title":"T\u00e9rminos y condiciones del sitio web | Banco Colonial Croghan","description":"T\u00e9rminos de uso de croghan.bank \u2014 uso aceptable, avisos legales, enlaces de terceros y avisos legales que regulan tu acceso al sitio web de Croghan.","robots":{"index":"noindex","follow":"follow","max-snippet":"max-snippet:-1","max-image-preview":"max-image-preview:large","max-video-preview":"max-video-preview:-1"},"og_locale":"es_ES","og_type":"article","og_title":"T\u00e9rminos y condiciones del sitio web | Banco Colonial Croghan","og_description":"T\u00e9rminos de uso de croghan.bank \u2014 uso aceptable, avisos legales, enlaces de terceros y avisos legales que regulan tu acceso al sitio web de Croghan.","og_url":"https:\/\/api.croghan.bank\/es\/letra-chica\/","og_site_name":"Banco Croghan sin cabeza","article_modified_time":"2026-04-21T19:42:43+00:00","twitter_card":"summary_large_image","schema":{"@context":"https:\/\/schema.org","@graph":[{"@type":"WebPage","@id":"https:\/\/api.croghan.bank\/es\/letra-chica\/","url":"https:\/\/api.croghan.bank\/es\/letra-chica\/","name":"T\u00e9rminos y condiciones del sitio web | Banco Colonial Croghan","isPartOf":{"@id":"https:\/\/api.croghan.bank\/es\/#website"},"datePublished":"2025-01-15T20:08:08+00:00","dateModified":"2026-04-21T19:42:43+00:00","description":"T\u00e9rminos de uso de croghan.bank \u2014 uso aceptable, avisos legales, enlaces de terceros y avisos legales que regulan tu acceso al sitio web de Croghan.","breadcrumb":{"@id":"https:\/\/api.croghan.bank\/es\/letra-chica\/#breadcrumb"},"inLanguage":"es","potentialAction":[{"@type":"ReadAction","target":["https:\/\/api.croghan.bank\/es\/letra-chica\/"]}]},{"@type":"BreadcrumbList","@id":"https:\/\/api.croghan.bank\/es\/letra-chica\/#breadcrumb","itemListElement":[{"@type":"ListItem","position":1,"name":"Hogar","item":"https:\/\/api.croghan.bank\/es\/"},{"@type":"ListItem","position":2,"name":"Letra chica"}]},{"@type":"WebSite","@id":"https:\/\/api.croghan.bank\/es\/#website","url":"https:\/\/api.croghan.bank\/es\/","name":"Banco Croghan sin cabeza","description":"","potentialAction":[{"@type":"SearchAction","target":{"@type":"EntryPoint","urlTemplate":"https:\/\/api.croghan.bank\/es\/?s={search_term_string}"},"query-input":{"@type":"PropertyValueSpecification","valueRequired":true,"valueName":"search_term_string"}}],"inLanguage":"es"}]}},"_links":{"self":[{"href":"https:\/\/api.croghan.bank\/es\/wp-json\/wp\/v2\/pages\/4442","targetHints":{"allow":["GET"]}}],"collection":[{"href":"https:\/\/api.croghan.bank\/es\/wp-json\/wp\/v2\/pages"}],"about":[{"href":"https:\/\/api.croghan.bank\/es\/wp-json\/wp\/v2\/types\/page"}],"author":[{"embeddable":true,"href":"https:\/\/api.croghan.bank\/es\/wp-json\/wp\/v2\/users\/1"}],"replies":[{"embeddable":true,"href":"https:\/\/api.croghan.bank\/es\/wp-json\/wp\/v2\/comments?post=4442"}],"version-history":[{"count":1,"href":"https:\/\/api.croghan.bank\/es\/wp-json\/wp\/v2\/pages\/4442\/revisions"}],"predecessor-version":[{"id":7560,"href":"https:\/\/api.croghan.bank\/es\/wp-json\/wp\/v2\/pages\/4442\/revisions\/7560"}],"wp:attachment":[{"href":"https:\/\/api.croghan.bank\/es\/wp-json\/wp\/v2\/media?parent=4442"}],"wp:term":[{"taxonomy":"category","embeddable":true,"href":"https:\/\/api.croghan.bank\/es\/wp-json\/wp\/v2\/categories?post=4442"},{"taxonomy":"post_tag","embeddable":true,"href":"https:\/\/api.croghan.bank\/es\/wp-json\/wp\/v2\/tags?post=4442"}],"curies":[{"name":"wp","href":"https:\/\/api.w.org\/{rel}","templated":true}]}}