{"id":4444,"date":"2025-01-15T18:16:50","date_gmt":"2025-01-15T18:16:50","guid":{"rendered":"https:\/\/api.croghan.bank\/servicios-digitales\/"},"modified":"2026-04-21T19:43:09","modified_gmt":"2026-04-21T19:43:09","slug":"servicios-digitales","status":"publish","type":"page","link":"https:\/\/api.croghan.bank\/es\/personal\/servicios-digitales\/","title":{"rendered":"Servicios Digitales"},"content":{"rendered":"","protected":false},"excerpt":{"rendered":"","protected":false},"author":1,"featured_media":0,"parent":4511,"menu_order":0,"comment_status":"closed","ping_status":"closed","template":"","meta":{"_acf_changed":false,"inline_featured_image":false,"footnotes":""},"categories":[],"tags":[],"class_list":["post-4444","page","type-page","status-publish","hentry"],"acf":{"modules":[{"acf_fc_layout":"bread_crumb_nav_hero","title":"<h1>Banca sencilla y segura<\/h1>","subtitle":"","content":"En Croghan Colonial Bank, ofrecemos convenientes servicios de banca digital dise\u00f1ados para su estilo de vida en movimiento. Ya sea que est\u00e9 en casa, de vacaciones o tomando un caf\u00e9, nuestras herramientas facilitan la administraci\u00f3n de sus finanzas de manera segura, en cualquier momento y en cualquier lugar. Explore nuestros servicios de banca digital a continuaci\u00f3n y cont\u00e1ctenos para comenzar.  ","buttons":null,"module_anchor_id":"","module_padding_inner":"noPaddingInner","module_spacing_after":"defaultSpacingAfter"},{"acf_fc_layout":"sidebar_links_and_content","functionality_type":"static","selected_menu":false,"selected_menu_item":false,"content_items":[{"card_type":"interactivo","sidebar_label":"Banca en l\u00ednea","image":4048,"title":"Realice operaciones bancarias en cualquier momento y en cualquier lugar","content":"Nuestras soluciones de banca en l\u00ednea le brindan acceso completo a sus cuentas en cualquier momento, desde su computadora o tel\u00e9fono inteligente. Revise f\u00e1cilmente las transacciones, verifique los saldos, transfiera fondos entre las cuentas de Croghan y realice pagos de los pr\u00e9stamos de Croghan. ","buttons":[{"button":{"link":{"title":"Aprende m\u00e1s","url":"","target":""},"button_style":"solid","button_color":"blue","opens_modal":false,"video":null},"open_flyout":true}],"flyout_content":{"interactive_flyout_modules":{"interactive_flyout":[{"acf_fc_layout":"numbered_cards","title":"<h3>Primeros pasos con la banca en l\u00ednea<\/h3>","items":[{"content":"<h4>Inscribirse<\/h4>\n<ul>\n \t<li>Ingrese la informaci\u00f3n requerida y el PIN proporcionado al abrir la cuenta.<\/li>\n \t<li>Selecciona \"Inscribirse\".<\/li>\n<\/ul>"},{"content":"<h4>Crea tu ID de acceso y contrase\u00f1a<\/h4>\n<ul>\n \t<li><strong>ID de acceso<\/strong>: Al menos 6 caracteres (no caracteres especiales ni n\u00fameros de cuenta).<\/li>\n \t<li><strong>Contrase\u00f1a<\/strong>: de 9 a 17 caracteres, incluyendo una letra may\u00fascula, una letra min\u00fascula, un n\u00famero y un car\u00e1cter especial.<\/li>\n<\/ul>"},{"content":"<h4>Completar la configuraci\u00f3n de seguridad y aceptar los t\u00e9rminos<\/h4>\n<ul>\n \t<li>Siga las instrucciones para confirmar los detalles de seguridad y acepte los t\u00e9rminos y condiciones.<\/li>\n \t<li>Una vez inscrito, tambi\u00e9n tendr\u00e1 acceso a Tele-Banc.<\/li>\n<\/ul>"}]},{"acf_fc_layout":"basic_content","content":"<h3>Seguridad mejorada con inicio de sesi\u00f3n seguro<\/h3>\nPara una mayor protecci\u00f3n, la Banca en L\u00ednea ahora incluye <strong>autenticaci\u00f3n de dos factores<\/strong>. Al iniciar sesi\u00f3n desde un dispositivo nuevo, recibir\u00e1 <strong>un c\u00f3digo de acceso de un solo uso<\/strong> por mensaje de texto o llamada telef\u00f3nica para verificar su identidad. <strong>Nunca compartas este c\u00f3digo con nadie<\/strong>. \n\nSi sospecha de acceso no autorizado, comun\u00edquese con nosotros de inmediato al <a href=\"tel:888-276-4426\">888-276-4426<\/a>"}]}}},{"card_type":"interactivo","sidebar_label":"Banca M\u00f3vil","image":4049,"title":"Realiza operaciones bancarias desde tu tel\u00e9fono","content":"Con tres formas de realizar operaciones bancarias en su dispositivo m\u00f3vil, administrar sus finanzas nunca ha sido tan f\u00e1cil. Revise transacciones, verifique saldos, transfiera fondos entre cuentas de Croghan y realice pagos en pr\u00e9stamos de Croghan, dondequiera que est\u00e9. No hay una tarifa de servicio mensual, pero consulta con tu proveedor de telefon\u00eda m\u00f3vil sobre los cargos de datos.  ","buttons":[{"button":{"link":{"title":"Aprende m\u00e1s","url":"","target":""},"button_style":"solid","button_color":"blue","opens_modal":false,"video":null},"open_flyout":true}],"flyout_content":{"interactive_flyout_modules":{"interactive_flyout":[{"acf_fc_layout":"content_cards","title":"<h3>C\u00f3mo empezar<\/h3>","items":null},{"acf_fc_layout":"basic_content","content":"<h3>Seguridad mejorada de la banca m\u00f3vil<\/h3>\nPara mayor protecci\u00f3n, la Banca M\u00f3vil ahora incluye Inicio de sesi\u00f3n seguro. Al iniciar sesi\u00f3n en un dispositivo nuevo, recibir\u00e1s un c\u00f3digo de acceso de un solo uso por mensaje de texto o llamada telef\u00f3nica para verificar tu identidad. Nunca compartas este c\u00f3digo con nadie.  \n\nSi sospecha de un acceso no autorizado, ll\u00e1menos de inmediato al <strong>888-276-4426<\/strong>."}]}}},{"card_type":"interactivo","sidebar_label":"Pago de facturas","image":4050,"title":"Pague facturas en cualquier momento, todo en un solo lugar","content":"Administre y rastree f\u00e1cilmente sus facturas desde una ubicaci\u00f3n segura. Programe pagos, reciba facturas electr\u00f3nicas y pague pr\u00e1cticamente a cualquier persona, las 24 horas del d\u00eda, los 7 d\u00edas de la semana, cuando sea m\u00e1s conveniente para usted. ","buttons":[{"button":{"link":{"title":"Aprende m\u00e1s","url":"","target":""},"button_style":"solid","button_color":"blue","opens_modal":false,"video":null},"open_flyout":true}],"flyout_content":{"interactive_flyout_modules":{"interactive_flyout":[{"acf_fc_layout":"basic_content","content":"<h3>Beneficios del Pago de Facturas<\/h3>\n<ul>\n \t<li>Pague pr\u00e1cticamente a cualquier persona, en cualquier momento<\/li>\n \t<li>Vea y pague facturas electr\u00f3nicas (e-bills) en un solo lugar<\/li>\n \t<li>Elige la fecha de pago: los fondos suelen retirarse el mismo d\u00eda que el beneficiario recibe el pago<\/li>\n \t<li>Administre pagos desde m\u00faltiples cuentas de cheques<\/li>\n \t<li>Organice a los beneficiarios con subcategor\u00edas personalizadas<\/li>\n \t<li>Descargar el historial de pagos al software Quicken\u00ae<\/li>\n \t<li>El cargo mensual por servicio depende del tipo de cuenta de cheques<\/li>\n<\/ul>"},{"acf_fc_layout":"numbered_cards","title":"<h3>C\u00f3mo inscribirse en el Servicio de Pago de Facturas<\/h3>","items":[{"content":"Inicie sesi\u00f3n en la Banca en L\u00ednea en un navegador."},{"content":"Seleccione \"Pago de facturas\" en la barra de herramientas de navegaci\u00f3n principal."},{"content":"Haga clic en \"Inscribirse\" y revise los t\u00e9rminos y condiciones."},{"content":"Acepte los t\u00e9rminos para completar la inscripci\u00f3n."},{"content":"Agregue facturas, configure pagos o explore funciones adicionales en \"\u00bfQu\u00e9 m\u00e1s puedo hacer?\""}]}]}}},{"card_type":"interactivo","sidebar_label":"Alertas de cuenta","image":4051,"title":"Mant\u00e9ngase informado, mantenga el control","content":"Con las Alertas de Cuenta Croghan, siempre sabr\u00e1s qu\u00e9 est\u00e1 pasando con tu cuenta. Recibe notificaciones en tiempo real para hacer seguimiento de saldos, transacciones, actualizaciones de seguridad y m\u00e1s, d\u00e1ndote tranquilidad y mayor control sobre tus finanzas. ","buttons":[{"button":{"link":{"title":"Aprende m\u00e1s","url":"","target":""},"button_style":"solid","button_color":"blue","opens_modal":false,"video":null},"open_flyout":true}],"flyout_content":{"interactive_flyout_modules":{"interactive_flyout":[{"acf_fc_layout":"basic_content","content":"<h3>Categor\u00edas de alerta disponibles<\/h3>\n<ul>\n \t<li><strong>Tarjeta de cajero autom\u00e1tico\/d\u00e9bito<\/strong> : reciba notificaciones de transacciones o cambios con tarjeta de d\u00e9bito y cajero autom\u00e1tico.<\/li>\n \t<li><strong>Alertas de saldo<\/strong> : mant\u00e9ngase al tanto de las alertas de saldo bajo para evitar sobregiros y las alertas de saldo alto para ayudar con transferencias o inversiones.<\/li>\n \t<li><strong>Certificados (CD)<\/strong> \u2013 Sepa cu\u00e1ndo su CD est\u00e1 a punto de vencer o cu\u00e1ndo se financia uno nuevo.<\/li>\n \t<li><strong>Pr\u00e9stamos<\/strong> : reciba alertas sobre pagos vencidos o atrasados, pagos realizados, actividad de pr\u00e9stamos o si excede su l\u00edmite de cr\u00e9dito.<\/li>\n \t<li><strong>Seguridad<\/strong> : reciba alertas sobre cambios en su informaci\u00f3n personal o posibles intentos de inicio de sesi\u00f3n no autorizados.<\/li>\n \t<li><strong>Transacciones<\/strong> : reciba notificaciones cuando se publiquen dep\u00f3sitos, cheques o retiros en su cuenta.<\/li>\n \t<li><strong>Transferencias<\/strong> : mant\u00e9ngase actualizado sobre las transferencias entrantes o salientes grandes.<\/li>\n \t<li><strong>Otros<\/strong> : reciba alertas cuando ocurra algo inesperado.<\/li>\n<\/ul>"},{"acf_fc_layout":"numbered_cards","title":"<h3>C\u00f3mo inscribirse en las alertas de cuenta de Croghan<\/h3>","items":[{"content":"Inicie sesi\u00f3n en la Banca en L\u00ednea y seleccione \"Alertas\" en la barra de herramientas de navegaci\u00f3n."},{"content":"Elija su m\u00e9todo de entrega preferido: bandeja de entrada segura, correo electr\u00f3nico y\/o mensaje de texto.\n<ul>\n \t<li><strong>Alertas por correo electr\u00f3nico<\/strong>: aseg\u00farese de que su direcci\u00f3n de correo electr\u00f3nico sea correcta o agregue una nueva. Se enviar\u00e1 un c\u00f3digo de verificaci\u00f3n a su bandeja de entrada. <\/li>\n \t<li><strong>Alertas por mensaje de texto<\/strong>: Ingresa tu n\u00famero de tel\u00e9fono m\u00f3vil. Se enviar\u00e1 un c\u00f3digo de activaci\u00f3n por mensaje de texto. <\/li>\n<\/ul>"},{"content":"Seleccione una categor\u00eda de alerta y vea las opciones de alerta disponibles."},{"content":"Personaliza tus alertas eligiendo qu\u00e9 notificaciones quieres y c\u00f3mo te gustar\u00eda recibirlas."},{"content":"Haga clic en \"Guardar\" para activar sus selecciones."},{"content":"Repita el proceso para otras categor\u00edas de alerta."},{"content":"<strong>Opcional<\/strong>: Establezca el horario de \"No molestar\" en la pesta\u00f1a Descripci\u00f3n general para pausar las alertas durante ciertos momentos."}]}]}}},{"card_type":"interactivo","sidebar_label":"Gesti\u00f3n de tarjetas","image":4052,"title":"Controla tus tarjetas Croghan","content":"Gestiona f\u00e1cilmente tus tarjetas de d\u00e9bito y cr\u00e9dito Croghan tanto en la banca online como en la m\u00f3vil bancaria. Aumenta la protecci\u00f3n contra el fraude, controla los gastos y personaliza la configuraci\u00f3n de las cartas, todo desde la palma de tu mano. Simplemente actualiza tu app y pulsa \"Mis tarjetas\" para empezar.  ","buttons":[{"button":{"link":{"title":"Aprende m\u00e1s","url":"","target":""},"button_style":"solid","button_color":"blue","opens_modal":false,"video":null},"open_flyout":true}],"flyout_content":{"interactive_flyout_modules":{"interactive_flyout":[{"acf_fc_layout":"basic_content","content":"<h3><a id=\"cards\"><\/a>Beneficios de la administraci\u00f3n de tarjetas<\/h3>\n<ul>\n \t<li><strong>Establezca controles de tarjetas<\/strong> : personalice los l\u00edmites de gasto, los tipos de comerciantes y las ubicaciones geogr\u00e1ficas para mayor seguridad.<\/li>\n \t<li><strong>Ver estad\u00edsticas de gastos<\/strong> : obtenga un desglose claro de cu\u00e1ndo, d\u00f3nde y c\u00f3mo est\u00e1 usando su tarjeta.<\/li>\n \t<li><strong>Agregue planes de viaje<\/strong> : use su tarjeta sin preocupaciones configurando notificaciones de viaje con anticipaci\u00f3n.<\/li>\n \t<li><strong>Reciba alertas en tiempo real<\/strong> : mant\u00e9ngase informado de cada transacci\u00f3n para detectar y prevenir fraudes.<\/li>\n \t<li><strong>Comun\u00edcate r\u00e1pidamente con el servicio de asistencia<\/strong> : obt\u00e9n ayuda r\u00e1pidamente en caso de tarjetas perdidas o robadas, transacciones no autorizadas y mucho m\u00e1s.<\/li>\n<\/ul>"}]}}},{"card_type":"interactivo","sidebar_label":"Estados de cuenta electr\u00f3nicos","image":4053,"title":"Seguro, sin papel, conveniente","content":"Recibe tus extractos mensuales de cuenta electr\u00f3nicamente. Los extractos electr\u00f3nicos son seguros, ecol\u00f3gicos y est\u00e1n disponibles d\u00edas antes de que lleguen los extractos en papel por correo. Una vez inscrito, recibir\u00e1s una notificaci\u00f3n por correo electr\u00f3nico cuando tu \u00faltimo extracto est\u00e9 listo para ver.  ","buttons":[{"button":{"link":{"title":"Aprende m\u00e1s","url":"","target":""},"button_style":"solid","button_color":"blue","opens_modal":false,"video":null},"open_flyout":true}],"flyout_content":{"interactive_flyout_modules":{"interactive_flyout":[{"acf_fc_layout":"basic_content","content":"<h3>Beneficios del estado de cuenta electr\u00f3nico<\/h3>\n<ul>\n \t<li><strong>Seguridad mejorada<\/strong> : reduce el riesgo de robo de identidad y fraude al eliminar los estados de cuenta en papel.<\/li>\n \t<li><strong>Acceso m\u00e1s r\u00e1pido<\/strong> : sin demoras en el correo: vea sus estados de cuenta antes a trav\u00e9s de la Banca en L\u00ednea.<\/li>\n \t<li><strong>Conveniente mantenimiento de registros<\/strong> : acceda a hasta 24 meses de estados de cuenta electr\u00f3nicos en cualquier momento.<\/li>\n<\/ul>"},{"acf_fc_layout":"numbered_cards","title":"<h3>C\u00f3mo inscribirse en estados de cuenta electr\u00f3nicos<\/h3>","items":[{"content":"Inicie sesi\u00f3n en la Banca en L\u00ednea y seleccione \"Perfil\" en la barra de herramientas de navegaci\u00f3n."},{"content":"Despl\u00e1cese hasta la secci\u00f3n \"Estado de cuenta electr\u00f3nico\" y seleccione la(s) cuenta(s) en la(s) que desea inscribirse."},{"content":"Revise y acepte los t\u00e9rminos y condiciones."},{"content":"\u00a1Ahora est\u00e1 inscrito en eStatements!\n<ul>\n \t<li>Recibir\u00e1 una notificaci\u00f3n por correo electr\u00f3nico cuando un nuevo estado de cuenta electr\u00f3nico est\u00e9 disponible para ver.<\/li>\n<\/ul>"}]}]}}},{"card_type":"interactivo","sidebar_label":"Dep\u00f3sito M\u00f3vil","image":4054,"title":"Deposite cheques en cualquier momento","content":"Evite el viaje al banco: deposite cheques de manera segura y conveniente con la aplicaci\u00f3n de banca m\u00f3vil de Croghan. Simplemente tome una foto de su cheque y env\u00edelo para su dep\u00f3sito, en cualquier momento y en cualquier lugar. ","buttons":[{"button":{"link":{"title":"Aprende m\u00e1s","url":"","target":""},"button_style":"solid","button_color":"dBlue","opens_modal":false,"video":null},"open_flyout":true}],"flyout_content":{"interactive_flyout_modules":{"interactive_flyout":[{"acf_fc_layout":"basic_content","content":"<h3>Por favor, endose el reverso de cada cheque con:<\/h3>\n<ol>\n \t<li>Solo para Dep\u00f3sito M\u00f3vil<\/li>\n \t<li>Banco Colonial Croghan<\/li>\n \t<li>Su firma<\/li>\n<\/ol>"}]}}},{"card_type":"interactivo","sidebar_label":"Zelle\u00ae","image":4055,"title":"Env\u00eda dinero de forma r\u00e1pida, segura y f\u00e1cil","content":"Zelle\u00ae le permite enviar y recibir dinero directamente entre casi cualquier cuenta bancaria de EE. UU., generalmente en cuesti\u00f3n de minutos. Todo lo que necesita es una direcci\u00f3n de correo electr\u00f3nico o un n\u00famero de tel\u00e9fono m\u00f3vil de EE. UU. para enviar dinero a personas en las que conf\u00ede, sin importar d\u00f3nde realicen sus operaciones bancarias. ","buttons":[{"button":{"link":{"title":"Aprende m\u00e1s","url":"\/personal\/digital-services\/zelle","target":""},"button_style":"solid","button_color":"dBlue","opens_modal":false,"video":null},"open_flyout":true}],"flyout_content":{"interactive_flyout_modules":{"interactive_flyout":[{"acf_fc_layout":"basic_content","content":"<iframe id=\"bcmAdFrame\" sandbox=\"allow-same-origin allow-scripts allow-popups allow-forms\" scrolling=\"no\" title=\"Reproductor de v\u00eddeo interactivo\" allowfullscreen=\"true\" webkitallowfullscreen=\"true\" mozallowfullscreen=\"true\" src=\"https:\/\/www.onlinebanktours.com\/external\/v5\/player.php?key=7f0e975444a2746b16b46e973e7987c6ffbe7100&loop=true\" style=\"height: 495px;\"><\/iframe>"},{"acf_fc_layout":"numbered_cards","title":"<h3>C\u00f3mo inscribirse en Zelle\u00ae<\/h3>","items":[{"content":"Inicie sesi\u00f3n en la Banca en L\u00ednea y seleccione \"Pago de facturas\" en la barra de herramientas de navegaci\u00f3n."},{"content":"En la pantalla de pago de facturas, haga clic en \"\u00bfQu\u00e9 m\u00e1s puedo hacer?\" en la esquina inferior derecha."},{"content":"Seleccione \"Enviar dinero con Zelle\u00ae\" en la barra de navegaci\u00f3n."},{"content":"Revise y acepte los T\u00e9rminos y Condiciones."},{"content":"Elija su n\u00famero de tel\u00e9fono m\u00f3vil o direcci\u00f3n de correo electr\u00f3nico de EE. UU. y seleccione la cuenta de dep\u00f3sito que desea usar. \u00a1Eso es todo! Ahora est\u00e1 listo para enviar y recibir dinero con Zelle\u00ae.  "}]}]}}},{"card_type":"interactivo","sidebar_label":"Red de cajeros autom\u00e1ticos MoneyPass","image":4056,"title":"Cajeros autom\u00e1ticos sin recargo, en todo el pa\u00eds","content":"Los clientes de Croghan disfrutan de acceso sin recargo a casi 40,000 cajeros autom\u00e1ticos en todo el pa\u00eds a trav\u00e9s de la red de cajeros autom\u00e1ticos MoneyPass\u00ae. S\u00f3lo tienes que buscar el logotipo de MoneyPass\u00ae para retirar dinero en efectivo sin comisiones adicionales. ","buttons":[{"button":{"link":{"title":"Buscar un cajero autom\u00e1tico","url":"https:\/\/www.moneypass.com\/atm-locator.html","target":"_blank"},"button_style":"solid","button_color":"dBlue","opens_modal":false,"video":null},"open_flyout":false}],"flyout_content":{"interactive_flyout_modules":{"interactive_flyout":[{"acf_fc_layout":"basic_content","content":"<img class=\"alignnone size-full wp-image-3135\" src=\"https:\/\/api.croghan.bank\/wp-content\/uploads\/2025\/04\/MoneyPass-Logo.png\" alt=\"\" width=\"232\" height=\"140\">\n\nLos clientes de Croghan disfrutan de acceso sin recargo a casi 40,000 cajeros autom\u00e1ticos en todo el pa\u00eds a trav\u00e9s de la red de cajeros autom\u00e1ticos MoneyPass\u00ae. S\u00f3lo tienes que buscar el logotipo de MoneyPass\u00ae para retirar dinero en efectivo sin comisiones adicionales. "},{"acf_fc_layout":"button_group","buttons":[{"button":{"link":{"title":"Buscar un cajero autom\u00e1tico","url":"\/locations","target":""},"button_style":"solid","button_color":"dBlue","opens_modal":false,"video":null}}]}]}}}],"module_anchor_id":"services","module_padding_inner":"noPaddingInner","module_spacing_after":"defaultSpacingAfter"},{"acf_fc_layout":"accordion","eyebrow":null,"accordion_items":null,"module_anchor_id":null,"module_padding_inner":null,"module_spacing_after":null},{"acf_fc_layout":"location_pre_footer","module_anchor_id":"","module_padding_inner":"noPaddingInner","module_spacing_after":"defaultSpacingAfter"}]},"yoast_head":"<!-- This site is optimized with the Yoast SEO plugin v27.5 - https:\/\/yoast.com\/product\/yoast-seo-wordpress\/ -->\n<title>Banca online | Servicios digitales | Croghan<\/title>\n<meta name=\"description\" content=\"Haz tus operaciones bancarias a tu ritmo con Croghan online banking, nuestra app m\u00f3vil, pago de facturas, dep\u00f3sito m\u00f3vil, Zelle\u00ae y alertas de cuentas en tiempo real. Ap\u00fantate en minutos.\" \/>\n<meta name=\"robots\" content=\"noindex, follow, max-snippet:-1, max-image-preview:large, max-video-preview:-1\" \/>\n<meta property=\"og:locale\" content=\"es_ES\" \/>\n<meta property=\"og:type\" content=\"article\" \/>\n<meta property=\"og:title\" content=\"Banca online | Servicios digitales | Croghan\" \/>\n<meta property=\"og:description\" content=\"Haz tus operaciones bancarias a tu ritmo con Croghan online banking, nuestra app m\u00f3vil, pago de facturas, dep\u00f3sito m\u00f3vil, Zelle\u00ae y alertas de cuentas en tiempo real. Ap\u00fantate en minutos.\" \/>\n<meta property=\"og:url\" content=\"https:\/\/api.croghan.bank\/es\/personal\/servicios-digitales\/\" \/>\n<meta property=\"og:site_name\" content=\"Banco Croghan sin cabeza\" \/>\n<meta property=\"article:modified_time\" content=\"2026-04-21T19:43:09+00:00\" \/>\n<meta name=\"twitter:card\" content=\"summary_large_image\" \/>\n<script type=\"application\/ld+json\" class=\"yoast-schema-graph\">{\"@context\":\"https:\\\/\\\/schema.org\",\"@graph\":[{\"@type\":\"WebPage\",\"@id\":\"https:\\\/\\\/api.croghan.bank\\\/es\\\/personal\\\/servicios-digitales\\\/\",\"url\":\"https:\\\/\\\/api.croghan.bank\\\/es\\\/personal\\\/servicios-digitales\\\/\",\"name\":\"Banca online | Servicios digitales | Croghan\",\"isPartOf\":{\"@id\":\"https:\\\/\\\/api.croghan.bank\\\/es\\\/#website\"},\"datePublished\":\"2025-01-15T18:16:50+00:00\",\"dateModified\":\"2026-04-21T19:43:09+00:00\",\"description\":\"Haz tus operaciones bancarias a tu ritmo con Croghan online banking, nuestra app m\u00f3vil, pago de facturas, dep\u00f3sito m\u00f3vil, Zelle\u00ae y alertas de cuentas en tiempo real. Ap\u00fantate en minutos.\",\"breadcrumb\":{\"@id\":\"https:\\\/\\\/api.croghan.bank\\\/es\\\/personal\\\/servicios-digitales\\\/#breadcrumb\"},\"inLanguage\":\"es\",\"potentialAction\":[{\"@type\":\"ReadAction\",\"target\":[\"https:\\\/\\\/api.croghan.bank\\\/es\\\/personal\\\/servicios-digitales\\\/\"]}]},{\"@type\":\"BreadcrumbList\",\"@id\":\"https:\\\/\\\/api.croghan.bank\\\/es\\\/personal\\\/servicios-digitales\\\/#breadcrumb\",\"itemListElement\":[{\"@type\":\"ListItem\",\"position\":1,\"name\":\"Hogar\",\"item\":\"https:\\\/\\\/api.croghan.bank\\\/es\\\/\"},{\"@type\":\"ListItem\",\"position\":2,\"name\":\"Personal\",\"item\":\"https:\\\/\\\/api.croghan.bank\\\/es\\\/personal\\\/\"},{\"@type\":\"ListItem\",\"position\":3,\"name\":\"Servicios Digitales\"}]},{\"@type\":\"WebSite\",\"@id\":\"https:\\\/\\\/api.croghan.bank\\\/es\\\/#website\",\"url\":\"https:\\\/\\\/api.croghan.bank\\\/es\\\/\",\"name\":\"Banco Croghan sin cabeza\",\"description\":\"\",\"potentialAction\":[{\"@type\":\"SearchAction\",\"target\":{\"@type\":\"EntryPoint\",\"urlTemplate\":\"https:\\\/\\\/api.croghan.bank\\\/es\\\/?s={search_term_string}\"},\"query-input\":{\"@type\":\"PropertyValueSpecification\",\"valueRequired\":true,\"valueName\":\"search_term_string\"}}],\"inLanguage\":\"es\"}]}<\/script>\n<!-- \/ Yoast SEO plugin. -->","yoast_head_json":{"title":"Banca online | Servicios digitales | Croghan","description":"Haz tus operaciones bancarias a tu ritmo con Croghan online banking, nuestra app m\u00f3vil, pago de facturas, dep\u00f3sito m\u00f3vil, Zelle\u00ae y alertas de cuentas en tiempo real. Ap\u00fantate en minutos.","robots":{"index":"noindex","follow":"follow","max-snippet":"max-snippet:-1","max-image-preview":"max-image-preview:large","max-video-preview":"max-video-preview:-1"},"og_locale":"es_ES","og_type":"article","og_title":"Banca online | Servicios digitales | Croghan","og_description":"Haz tus operaciones bancarias a tu ritmo con Croghan online banking, nuestra app m\u00f3vil, pago de facturas, dep\u00f3sito m\u00f3vil, Zelle\u00ae y alertas de cuentas en tiempo real. Ap\u00fantate en minutos.","og_url":"https:\/\/api.croghan.bank\/es\/personal\/servicios-digitales\/","og_site_name":"Banco Croghan sin cabeza","article_modified_time":"2026-04-21T19:43:09+00:00","twitter_card":"summary_large_image","schema":{"@context":"https:\/\/schema.org","@graph":[{"@type":"WebPage","@id":"https:\/\/api.croghan.bank\/es\/personal\/servicios-digitales\/","url":"https:\/\/api.croghan.bank\/es\/personal\/servicios-digitales\/","name":"Banca online | Servicios digitales | Croghan","isPartOf":{"@id":"https:\/\/api.croghan.bank\/es\/#website"},"datePublished":"2025-01-15T18:16:50+00:00","dateModified":"2026-04-21T19:43:09+00:00","description":"Haz tus operaciones bancarias a tu ritmo con Croghan online banking, nuestra app m\u00f3vil, pago de facturas, dep\u00f3sito m\u00f3vil, Zelle\u00ae y alertas de cuentas en tiempo real. Ap\u00fantate en minutos.","breadcrumb":{"@id":"https:\/\/api.croghan.bank\/es\/personal\/servicios-digitales\/#breadcrumb"},"inLanguage":"es","potentialAction":[{"@type":"ReadAction","target":["https:\/\/api.croghan.bank\/es\/personal\/servicios-digitales\/"]}]},{"@type":"BreadcrumbList","@id":"https:\/\/api.croghan.bank\/es\/personal\/servicios-digitales\/#breadcrumb","itemListElement":[{"@type":"ListItem","position":1,"name":"Hogar","item":"https:\/\/api.croghan.bank\/es\/"},{"@type":"ListItem","position":2,"name":"Personal","item":"https:\/\/api.croghan.bank\/es\/personal\/"},{"@type":"ListItem","position":3,"name":"Servicios Digitales"}]},{"@type":"WebSite","@id":"https:\/\/api.croghan.bank\/es\/#website","url":"https:\/\/api.croghan.bank\/es\/","name":"Banco Croghan sin cabeza","description":"","potentialAction":[{"@type":"SearchAction","target":{"@type":"EntryPoint","urlTemplate":"https:\/\/api.croghan.bank\/es\/?s={search_term_string}"},"query-input":{"@type":"PropertyValueSpecification","valueRequired":true,"valueName":"search_term_string"}}],"inLanguage":"es"}]}},"_links":{"self":[{"href":"https:\/\/api.croghan.bank\/es\/wp-json\/wp\/v2\/pages\/4444","targetHints":{"allow":["GET"]}}],"collection":[{"href":"https:\/\/api.croghan.bank\/es\/wp-json\/wp\/v2\/pages"}],"about":[{"href":"https:\/\/api.croghan.bank\/es\/wp-json\/wp\/v2\/types\/page"}],"author":[{"embeddable":true,"href":"https:\/\/api.croghan.bank\/es\/wp-json\/wp\/v2\/users\/1"}],"replies":[{"embeddable":true,"href":"https:\/\/api.croghan.bank\/es\/wp-json\/wp\/v2\/comments?post=4444"}],"version-history":[{"count":1,"href":"https:\/\/api.croghan.bank\/es\/wp-json\/wp\/v2\/pages\/4444\/revisions"}],"predecessor-version":[{"id":7333,"href":"https:\/\/api.croghan.bank\/es\/wp-json\/wp\/v2\/pages\/4444\/revisions\/7333"}],"up":[{"embeddable":true,"href":"https:\/\/api.croghan.bank\/es\/wp-json\/wp\/v2\/pages\/4511"}],"wp:attachment":[{"href":"https:\/\/api.croghan.bank\/es\/wp-json\/wp\/v2\/media?parent=4444"}],"wp:term":[{"taxonomy":"category","embeddable":true,"href":"https:\/\/api.croghan.bank\/es\/wp-json\/wp\/v2\/categories?post=4444"},{"taxonomy":"post_tag","embeddable":true,"href":"https:\/\/api.croghan.bank\/es\/wp-json\/wp\/v2\/tags?post=4444"}],"curies":[{"name":"wp","href":"https:\/\/api.w.org\/{rel}","templated":true}]}}