{"id":4445,"date":"2025-01-15T21:45:53","date_gmt":"2025-01-15T21:45:53","guid":{"rendered":"https:\/\/api.croghan.bank\/cuenta-de-cheques-e-z\/"},"modified":"2026-04-21T19:43:13","modified_gmt":"2026-04-21T19:43:13","slug":"cuenta-de-cheques-e-z","status":"publish","type":"page","link":"https:\/\/api.croghan.bank\/es\/personal\/cuentas-corrientes\/cuenta-de-cheques-e-z\/","title":{"rendered":"Cuenta de cheques E-Z"},"content":{"rendered":"","protected":false},"excerpt":{"rendered":"","protected":false},"author":1,"featured_media":0,"parent":4506,"menu_order":0,"comment_status":"closed","ping_status":"closed","template":"","meta":{"_acf_changed":false,"inline_featured_image":false,"footnotes":""},"categories":[50],"tags":[],"class_list":["post-4445","page","type-page","status-publish","hentry","category-personal-es"],"acf":{"modules":[{"acf_fc_layout":"bread_crumb_nav_hero","title":"<h1>Cuenta de cheques E-Z<\/h1>","subtitle":"","content":"La vida es ajetreada, sus operaciones bancarias no deber\u00edan serlo. E-Z Checking est\u00e1 dise\u00f1ado para una administraci\u00f3n de dinero sin complicaciones con herramientas de banca digital, estados de cuenta electr\u00f3nicos y sin requisito de saldo m\u00ednimo. Adem\u00e1s, no le cobraremos el cargo mensual por pago de facturas en l\u00ednea, porque eso es lo que hay que hacer con los vecinos.  ","buttons":[{"button":{"link":{"title":"Cont\u00e1ctenos","url":"\/contact-us","target":"_blank"},"button_style":"solid","button_color":"blue","opens_modal":false,"video":null}}],"module_anchor_id":"","module_padding_inner":"noPaddingInner","module_spacing_after":"noSpacingAfter"},{"acf_fc_layout":"floating_cards","eyebrow":"","title":"<h2>Caracter\u00edsticas y beneficios de la cuenta de cheques E-Z<\/h2>","content":"E-Z Checking hace que la administraci\u00f3n de sus finanzas sea simple, segura y conveniente con estos excelentes beneficios:","buttons":null,"cards_alignment":"cardsRight","card_style_type":"cardTypeBasic","floating_cards":[{"icon":null,"icon_dark_mode":null,"eyebrow":"","title":"<h3>Sin saldo mensual m\u00ednimo<\/h3>","description":"Disfrute de flexibilidad financiera sin restricciones de saldo.","image":null,"link":null},{"icon":null,"icon_dark_mode":null,"eyebrow":"","title":"<h3>Estados de cuenta electr\u00f3nicos para seguridad y conveniencia<\/h3>","description":"Mantenga la informaci\u00f3n de su cuenta segura y f\u00e1cilmente accesible.","image":null,"link":null},{"icon":null,"icon_dark_mode":null,"eyebrow":"","title":"<h3>Acceso a la banca digital<\/h3>","description":"Realice operaciones bancarias en cualquier momento y en cualquier lugar con la banca en l\u00ednea y m\u00f3vil.","image":null,"link":null},{"icon":null,"icon_dark_mode":null,"eyebrow":"","title":"<h3>Exenci\u00f3n del cargo por pago de facturas<\/h3>","description":"Paga tus facturas de forma segura en un solo lugar. Configura pagos \u00fanicos o autom\u00e1ticos, ahorr\u00e1ndote tiempo y d\u00e1ndote una mejor visi\u00f3n general de tus finanzas. ","image":null,"link":null}],"module_background_style":"accentTriangle","module_anchor_id":"","module_padding_inner":"noPaddingInner","module_spacing_after":"compactSpacingAfter"},{"acf_fc_layout":"fifty_fifty_table_and_image","image":null,"title":"<h2>Caracter\u00edsticas y beneficios de la cuenta de cheques E-Z<\/h2>","content_above_table":"","table_layout_columns":"tableTwoColumns","table_formatting_bold":"boldFirstRow","table_2_column":null,"table_3_column":null,"table_4_column":null,"table_5_column":null,"content_below_table":"","module_background_color":"white","module_image_alignment":"imageRight","module_anchor_id":"","module_padding_inner":"noPaddingInner","module_spacing_after":"defaultSpacingAfter"},{"acf_fc_layout":"six_column_icon_cards","section_title":"<h2>Beneficios digitales incluidos:<\/h2>","cards":[{"icon":null,"icon_dark_mode":null,"title":"Banca en l\u00ednea y m\u00f3vil","link_url":""},{"icon":null,"icon_dark_mode":null,"title":"MoneyPass (Pase de dinero)","link_url":""},{"icon":null,"icon_dark_mode":null,"title":"Red de cajeros autom\u00e1ticos","link_url":""},{"icon":null,"icon_dark_mode":null,"title":"Alertas de cuenta de Croghan","link_url":""},{"icon":null,"icon_dark_mode":null,"title":"Banca Telef\u00f3nica","link_url":""}],"module_anchor_id":"","module_padding_inner":"noPaddingInner","module_spacing_after":"noSpacingAfter"},{"acf_fc_layout":"floating_cards","eyebrow":"","title":"<h2>Lo que puedes esperar de Croghan<\/h2>","content":"En Croghan Colonial Bank, creemos que la banca debe ser simple, accesible y dise\u00f1ada en funci\u00f3n de sus necesidades. Con E-Z Checking, administrar su dinero es m\u00e1s f\u00e1cil que nunca. ","buttons":null,"cards_alignment":"cardsRight","card_style_type":"cardTypeBasic","floating_cards":[{"icon":null,"icon_dark_mode":null,"eyebrow":"","title":"<h3>Banca digital, a su manera<\/h3>","description":"Con acceso a la banca m\u00f3vil y en l\u00ednea las 24 horas del d\u00eda, los 7 d\u00edas de la semana, puede administrar su cuenta en cualquier momento y en cualquier lugar. Las alertas instant\u00e1neas de cuenta te mantienen informado de las transacciones y los saldos, mientras que la red de cajeros autom\u00e1ticos MoneyPass te garantiza acceso a cajeros autom\u00e1ticos sin recargos en todo el pa\u00eds. ","image":null,"link":null},{"icon":null,"icon_dark_mode":null,"eyebrow":"","title":"<h3>Soporte Personalizado<\/h3>","description":"Nuestro equipo de amables expertos locales est\u00e1 aqu\u00ed para ayudarlo siempre que lo necesite. Ya sea que prefiera abrir una cuenta en l\u00ednea, visitar una oficina o llamarnos, estamos listos para guiarlo en cada paso del camino. ","image":null,"link":null},{"icon":null,"icon_dark_mode":null,"eyebrow":"","title":"<h3>Banca sencilla y transparente<\/h3>","description":"Mantenemos la cuenta corriente E-Z sencilla. El pago de facturas es gratis, e inscribirse en los estados de cuenta electr\u00f3nicos le ayuda a mantener sus documentos financieros seguros y organizados. ","image":null,"link":null}],"module_background_style":"accentTriangle","module_anchor_id":"","module_padding_inner":"noPaddingInner","module_spacing_after":"defaultSpacingAfter"},{"acf_fc_layout":"content_card_pattern_accent","image":null,"eyebrow":"","title":"<h2>Lo que puedes esperar de Croghan<\/h2>","content":"En Croghan Colonial Bank, creemos que la banca debe ser simple, accesible y dise\u00f1ada en funci\u00f3n de sus necesidades. Con E-Z Checking, administrar su dinero es m\u00e1s f\u00e1cil que nunca. ","buttons":[{"button":{"link":{"title":"Ll\u00e1manos","url":"tel:8882764426","target":"_blank"},"button_style":"solid","button_color":"blue","opens_modal":false,"video":null}}],"disclaimer":"","module_image_alignment":"imageLeft","module_card_background_color":"cardBackgroundBlue","module_anchor_id":"","module_padding_inner":"noPaddingInner","module_spacing_after":"noSpacingAfter"},{"acf_fc_layout":"accordion","eyebrow":null,"accordion_items":null,"module_anchor_id":null,"module_padding_inner":null,"module_spacing_after":null},{"acf_fc_layout":"location_pre_footer","module_anchor_id":"","module_padding_inner":"noPaddingInner","module_spacing_after":"defaultSpacingAfter"}]},"yoast_head":"<!-- This site is optimized with the Yoast SEO plugin v27.5 - https:\/\/yoast.com\/product\/yoast-seo-wordpress\/ -->\n<title>Cuenta corriente | Comprobaci\u00f3n E-Z | Banco Colonial Croghan<\/title>\n<meta name=\"description\" content=\"E-Z Checking es nuestra cuenta sencilla para el d\u00eda a d\u00eda: sin cuota mensual, banca online y m\u00f3vil gratuita, y una tarjeta de d\u00e9bito con protecci\u00f3n contra fraude integrada.\" \/>\n<meta name=\"robots\" content=\"noindex, follow, max-snippet:-1, max-image-preview:large, max-video-preview:-1\" \/>\n<meta property=\"og:locale\" content=\"es_ES\" \/>\n<meta property=\"og:type\" content=\"article\" \/>\n<meta property=\"og:title\" content=\"Cuenta corriente | Comprobaci\u00f3n E-Z | Banco Colonial Croghan\" \/>\n<meta property=\"og:description\" content=\"E-Z Checking es nuestra cuenta sencilla para el d\u00eda a d\u00eda: sin cuota mensual, banca online y m\u00f3vil gratuita, y una tarjeta de d\u00e9bito con protecci\u00f3n contra fraude integrada.\" \/>\n<meta property=\"og:url\" content=\"https:\/\/api.croghan.bank\/es\/personal\/cuentas-corrientes\/cuenta-de-cheques-e-z\/\" \/>\n<meta property=\"og:site_name\" content=\"Banco Croghan sin cabeza\" \/>\n<meta property=\"article:modified_time\" content=\"2026-04-21T19:43:13+00:00\" \/>\n<meta name=\"twitter:card\" content=\"summary_large_image\" \/>\n<script type=\"application\/ld+json\" class=\"yoast-schema-graph\">{\"@context\":\"https:\\\/\\\/schema.org\",\"@graph\":[{\"@type\":\"WebPage\",\"@id\":\"https:\\\/\\\/api.croghan.bank\\\/es\\\/personal\\\/cuentas-corrientes\\\/cuenta-de-cheques-e-z\\\/\",\"url\":\"https:\\\/\\\/api.croghan.bank\\\/es\\\/personal\\\/cuentas-corrientes\\\/cuenta-de-cheques-e-z\\\/\",\"name\":\"Cuenta corriente | Comprobaci\u00f3n E-Z | Banco Colonial Croghan\",\"isPartOf\":{\"@id\":\"https:\\\/\\\/api.croghan.bank\\\/es\\\/#website\"},\"datePublished\":\"2025-01-15T21:45:53+00:00\",\"dateModified\":\"2026-04-21T19:43:13+00:00\",\"description\":\"E-Z Checking es nuestra cuenta sencilla para el d\u00eda a d\u00eda: sin cuota mensual, banca online y m\u00f3vil gratuita, y una tarjeta de d\u00e9bito con protecci\u00f3n contra fraude integrada.\",\"breadcrumb\":{\"@id\":\"https:\\\/\\\/api.croghan.bank\\\/es\\\/personal\\\/cuentas-corrientes\\\/cuenta-de-cheques-e-z\\\/#breadcrumb\"},\"inLanguage\":\"es\",\"potentialAction\":[{\"@type\":\"ReadAction\",\"target\":[\"https:\\\/\\\/api.croghan.bank\\\/es\\\/personal\\\/cuentas-corrientes\\\/cuenta-de-cheques-e-z\\\/\"]}]},{\"@type\":\"BreadcrumbList\",\"@id\":\"https:\\\/\\\/api.croghan.bank\\\/es\\\/personal\\\/cuentas-corrientes\\\/cuenta-de-cheques-e-z\\\/#breadcrumb\",\"itemListElement\":[{\"@type\":\"ListItem\",\"position\":1,\"name\":\"Hogar\",\"item\":\"https:\\\/\\\/api.croghan.bank\\\/es\\\/\"},{\"@type\":\"ListItem\",\"position\":2,\"name\":\"Personal\",\"item\":\"https:\\\/\\\/api.croghan.bank\\\/es\\\/personal\\\/\"},{\"@type\":\"ListItem\",\"position\":3,\"name\":\"Cuentas Corrientes\",\"item\":\"https:\\\/\\\/api.croghan.bank\\\/es\\\/personal\\\/cuentas-corrientes\\\/\"},{\"@type\":\"ListItem\",\"position\":4,\"name\":\"Cuenta de cheques E-Z\"}]},{\"@type\":\"WebSite\",\"@id\":\"https:\\\/\\\/api.croghan.bank\\\/es\\\/#website\",\"url\":\"https:\\\/\\\/api.croghan.bank\\\/es\\\/\",\"name\":\"Banco Croghan sin cabeza\",\"description\":\"\",\"potentialAction\":[{\"@type\":\"SearchAction\",\"target\":{\"@type\":\"EntryPoint\",\"urlTemplate\":\"https:\\\/\\\/api.croghan.bank\\\/es\\\/?s={search_term_string}\"},\"query-input\":{\"@type\":\"PropertyValueSpecification\",\"valueRequired\":true,\"valueName\":\"search_term_string\"}}],\"inLanguage\":\"es\"}]}<\/script>\n<!-- \/ Yoast SEO plugin. -->","yoast_head_json":{"title":"Cuenta corriente | Comprobaci\u00f3n E-Z | Banco Colonial Croghan","description":"E-Z Checking es nuestra cuenta sencilla para el d\u00eda a d\u00eda: sin cuota mensual, banca online y m\u00f3vil gratuita, y una tarjeta de d\u00e9bito con protecci\u00f3n contra fraude integrada.","robots":{"index":"noindex","follow":"follow","max-snippet":"max-snippet:-1","max-image-preview":"max-image-preview:large","max-video-preview":"max-video-preview:-1"},"og_locale":"es_ES","og_type":"article","og_title":"Cuenta corriente | Comprobaci\u00f3n E-Z | Banco Colonial Croghan","og_description":"E-Z Checking es nuestra cuenta sencilla para el d\u00eda a d\u00eda: sin cuota mensual, banca online y m\u00f3vil gratuita, y una tarjeta de d\u00e9bito con protecci\u00f3n contra fraude integrada.","og_url":"https:\/\/api.croghan.bank\/es\/personal\/cuentas-corrientes\/cuenta-de-cheques-e-z\/","og_site_name":"Banco Croghan sin cabeza","article_modified_time":"2026-04-21T19:43:13+00:00","twitter_card":"summary_large_image","schema":{"@context":"https:\/\/schema.org","@graph":[{"@type":"WebPage","@id":"https:\/\/api.croghan.bank\/es\/personal\/cuentas-corrientes\/cuenta-de-cheques-e-z\/","url":"https:\/\/api.croghan.bank\/es\/personal\/cuentas-corrientes\/cuenta-de-cheques-e-z\/","name":"Cuenta corriente | Comprobaci\u00f3n E-Z | Banco Colonial Croghan","isPartOf":{"@id":"https:\/\/api.croghan.bank\/es\/#website"},"datePublished":"2025-01-15T21:45:53+00:00","dateModified":"2026-04-21T19:43:13+00:00","description":"E-Z Checking es nuestra cuenta sencilla para el d\u00eda a d\u00eda: sin cuota mensual, banca online y m\u00f3vil gratuita, y una tarjeta de d\u00e9bito con protecci\u00f3n contra fraude integrada.","breadcrumb":{"@id":"https:\/\/api.croghan.bank\/es\/personal\/cuentas-corrientes\/cuenta-de-cheques-e-z\/#breadcrumb"},"inLanguage":"es","potentialAction":[{"@type":"ReadAction","target":["https:\/\/api.croghan.bank\/es\/personal\/cuentas-corrientes\/cuenta-de-cheques-e-z\/"]}]},{"@type":"BreadcrumbList","@id":"https:\/\/api.croghan.bank\/es\/personal\/cuentas-corrientes\/cuenta-de-cheques-e-z\/#breadcrumb","itemListElement":[{"@type":"ListItem","position":1,"name":"Hogar","item":"https:\/\/api.croghan.bank\/es\/"},{"@type":"ListItem","position":2,"name":"Personal","item":"https:\/\/api.croghan.bank\/es\/personal\/"},{"@type":"ListItem","position":3,"name":"Cuentas Corrientes","item":"https:\/\/api.croghan.bank\/es\/personal\/cuentas-corrientes\/"},{"@type":"ListItem","position":4,"name":"Cuenta de cheques E-Z"}]},{"@type":"WebSite","@id":"https:\/\/api.croghan.bank\/es\/#website","url":"https:\/\/api.croghan.bank\/es\/","name":"Banco Croghan sin cabeza","description":"","potentialAction":[{"@type":"SearchAction","target":{"@type":"EntryPoint","urlTemplate":"https:\/\/api.croghan.bank\/es\/?s={search_term_string}"},"query-input":{"@type":"PropertyValueSpecification","valueRequired":true,"valueName":"search_term_string"}}],"inLanguage":"es"}]}},"_links":{"self":[{"href":"https:\/\/api.croghan.bank\/es\/wp-json\/wp\/v2\/pages\/4445","targetHints":{"allow":["GET"]}}],"collection":[{"href":"https:\/\/api.croghan.bank\/es\/wp-json\/wp\/v2\/pages"}],"about":[{"href":"https:\/\/api.croghan.bank\/es\/wp-json\/wp\/v2\/types\/page"}],"author":[{"embeddable":true,"href":"https:\/\/api.croghan.bank\/es\/wp-json\/wp\/v2\/users\/1"}],"replies":[{"embeddable":true,"href":"https:\/\/api.croghan.bank\/es\/wp-json\/wp\/v2\/comments?post=4445"}],"version-history":[{"count":1,"href":"https:\/\/api.croghan.bank\/es\/wp-json\/wp\/v2\/pages\/4445\/revisions"}],"predecessor-version":[{"id":7609,"href":"https:\/\/api.croghan.bank\/es\/wp-json\/wp\/v2\/pages\/4445\/revisions\/7609"}],"up":[{"embeddable":true,"href":"https:\/\/api.croghan.bank\/es\/wp-json\/wp\/v2\/pages\/4506"}],"wp:attachment":[{"href":"https:\/\/api.croghan.bank\/es\/wp-json\/wp\/v2\/media?parent=4445"}],"wp:term":[{"taxonomy":"category","embeddable":true,"href":"https:\/\/api.croghan.bank\/es\/wp-json\/wp\/v2\/categories?post=4445"},{"taxonomy":"post_tag","embeddable":true,"href":"https:\/\/api.croghan.bank\/es\/wp-json\/wp\/v2\/tags?post=4445"}],"curies":[{"name":"wp","href":"https:\/\/api.w.org\/{rel}","templated":true}]}}