{"id":4451,"date":"2025-03-31T18:27:29","date_gmt":"2025-03-31T18:27:29","guid":{"rendered":"https:\/\/api.croghan.bank\/cuentas-de-ahorro\/ahorros-de-alto-rendimiento\/"},"modified":"2026-04-21T19:43:01","modified_gmt":"2026-04-21T19:43:01","slug":"ahorros-de-alto-rendimiento","status":"publish","type":"page","link":"https:\/\/api.croghan.bank\/es\/negocio\/cuentas-de-ahorro\/ahorros-de-alto-rendimiento\/","title":{"rendered":"Ahorros de alto rendimiento"},"content":{"rendered":"","protected":false},"excerpt":{"rendered":"","protected":false},"author":1,"featured_media":0,"parent":4416,"menu_order":0,"comment_status":"closed","ping_status":"closed","template":"","meta":{"_acf_changed":false,"inline_featured_image":false,"footnotes":""},"categories":[51],"tags":[],"class_list":["post-4451","page","type-page","status-publish","hentry","category-negocio"],"acf":{"modules":[{"acf_fc_layout":"bread_crumb_nav_hero","title":"<h1>Ahorros de alto rendimiento<\/h1>","subtitle":"","content":"Maximice sus ahorros con una cuenta de ahorros de alto rendimiento dise\u00f1ada para empresas e individuos con saldos m\u00e1s grandes. Con las tasas de inter\u00e9s escalonadas, sus fondos crecen m\u00e1s r\u00e1pido y son f\u00e1cilmente accesibles a trav\u00e9s de la banca en l\u00ednea y m\u00f3vil. ","buttons":[{"button":{"link":{"title":"Cont\u00e1ctenos","url":"\/contact-us","target":""},"button_style":"solid","button_color":"dBlue","opens_modal":false,"video":null}}],"module_anchor_id":"","module_padding_inner":"noPaddingInner","module_spacing_after":"defaultSpacingAfter"},{"acf_fc_layout":"floating_cards","eyebrow":"","title":"<h2>Caracter\u00edsticas y beneficios clave<\/h2>","content":"Una cuenta de ahorros de alto rendimiento es m\u00e1s que un lugar para almacenar dinero: es una herramienta de ahorro estrat\u00e9gica dise\u00f1ada para ayudarlo a aumentar su saldo mientras mantiene los fondos accesibles.","buttons":null,"cards_alignment":"cardsRight","card_style_type":"cardTypeBasic","floating_cards":[{"icon":"","icon_dark_mode":"","eyebrow":"","title":"<h3>Tasas de inter\u00e9s competitivas<\/h3>","description":"Gane m\u00e1s con intereses escalonados en funci\u00f3n de su saldo.","image":null,"link":null},{"icon":"","icon_dark_mode":"","eyebrow":"","title":"<h3>Asegurado por la FDIC<\/h3>","description":"Asegurado por la FDIC hasta el m\u00e1ximo permitido por la ley.","image":null,"link":null},{"icon":"","icon_dark_mode":"","eyebrow":"","title":"<h3>Acceso conveniente<\/h3>","description":"Administre fondos con banca en l\u00ednea y m\u00f3vil, alertas de cuenta y estados de cuenta electr\u00f3nicos.","image":null,"link":null}],"module_background_style":"solidColorBlue","module_anchor_id":"","module_padding_inner":"noPaddingInner","module_spacing_after":"defaultSpacingAfter"},{"acf_fc_layout":"fifty_fifty_table_and_image","image":3902,"title":"<h2>Detalles de la cuenta<\/h2>","content_above_table":"Esto es lo que necesita saber sobre c\u00f3mo abrir y mantener una cuenta de ahorros de alto rendimiento:","table_layout_columns":"tableTwoColumns","table_formatting_bold":"boldFirstColumn","table_2_column":[{"column_1":"Dep\u00f3sito m\u00ednimo de apertura:","column_2":"$10,000"},{"column_1":"Cargo mensual por servicio:","column_2":"$10.00"},{"column_1":"C\u00f3mo renunciar al cargo mensual por servicio:","column_2":"Mantener un saldo mensual m\u00ednimo de $10,000"},{"column_1":"Intereses pagados:","column_2":"S\u00ed; Niveles"},{"column_1":"Beneficios digitales incluidos:","column_2":"Banca en L\u00ednea, Banca M\u00f3vil, Alertas de Cuenta, Estados de Cuenta Electr\u00f3nicos"}],"table_3_column":null,"table_4_column":null,"table_5_column":null,"content_below_table":"","module_background_color":"white","module_image_alignment":"imageLeft","module_anchor_id":"","module_padding_inner":"noPaddingInner","module_spacing_after":"defaultSpacingAfter"},{"acf_fc_layout":"fifty_fifty_advanced_content","image":3902,"eyebrow":"","title":"<h2>\u00bfPor qu\u00e9 elegir una cuenta de ahorros de alto rendimiento?<\/h2>","content":"Esta cuenta est\u00e1 dise\u00f1ada para ayudarlo a maximizar sus ahorros al tiempo que ofrece la flexibilidad y conveniencia para administrar sus fondos con facilidad. Nuestro Ahorro de Alto Rendimiento es ideal si tu negocio est\u00e1 buscando: \n<ul>\n \t<li class=\"default_title__9Lnvp \">Haga crecer sus ahorros y<span style=\"font-size: 16px;\">obtenga intereses m\u00e1s altos con tasas escalonadas que recompensan saldos m\u00e1s grandes.<\/span><\/li>\n \t<li class=\"default_title__9Lnvp \">Mantenga el control y administre fondos sin problemas con una banca digital segura.<\/li>\n \t<li class=\"default_title__9Lnvp \">Mantenga la flexibilidad mientras mantiene los fondos accesibles cuando los necesite.<\/li>\n<\/ul>","buttons":null,"module_image_alignment":"imageRight","module_background_color":"white","module_anchor_id":"","module_padding_inner":"noPaddingInner","module_spacing_after":"defaultSpacingAfter"},{"acf_fc_layout":"floating_cards","eyebrow":"","title":"<h2>Lo que puedes esperar de Croghan<\/h2>","content":"He aqu\u00ed por qu\u00e9 una cuenta de ahorros de alto rendimiento con Croghan Colonial Bank tiene sentido para usted:","buttons":null,"cards_alignment":"cardsRight","card_style_type":"cardTypeBasic","floating_cards":[{"icon":3675,"icon_dark_mode":4352,"eyebrow":"","title":"<h3>Banca transparente y segura<\/h3>","description":"Ofrecemos servicios bancarios sencillos sin comisiones ocultas. Sus ahorros se administran de manera segura y puede acceder a ellos en cualquier momento a trav\u00e9s de nuestras plataformas seguras en l\u00ednea y m\u00f3viles. ","image":null,"link":null},{"icon":3719,"icon_dark_mode":4354,"eyebrow":"","title":"<h3>Soporte Personalizado<\/h3>","description":"Nuestro equipo est\u00e1 aqu\u00ed para ayudarlo en cada paso. Ya sea que est\u00e9 abriendo su cuenta, administrando sus fondos o buscando asesoramiento financiero, nos comprometemos a brindar soporte personalizado adaptado a sus necesidades. ","image":null,"link":null},{"icon":3684,"icon_dark_mode":4365,"eyebrow":"","title":"<h3>F\u00e1cil acceso a sus fondos<\/h3>","description":"Si bien su dinero gana m\u00e1s con tasas de inter\u00e9s escalonadas, simplificamos la administraci\u00f3n de sus fondos y los retiros cuando sea necesario, sin restricciones innecesarias.","image":null,"link":null}],"module_background_style":"accentTriangle","module_anchor_id":"","module_padding_inner":"noPaddingInner","module_spacing_after":"defaultSpacingAfter"},{"acf_fc_layout":"content_card_pattern_accent","image":3903,"eyebrow":"","title":"<h2>Abra su cuenta de ahorros de alto rendimiento hoy mismo<\/h2>","content":"Empieza a ganar m\u00e1s con tus ahorros. Ll\u00e1menos o visite la sucursal de Croghan Colonial Bank m\u00e1s cercana. Nuestro equipo est\u00e1 aqu\u00ed para ayudarte a sacar el m\u00e1ximo partido a tu estrategia de ahorro.  ","buttons":[{"button":{"link":{"title":"Ll\u00e1manos","url":"tel:8882764426","target":""},"button_style":"solid","button_color":"dBlue","opens_modal":false,"video":null}},{"button":{"link":{"title":"Buscar una ubicaci\u00f3n","url":"\/locations","target":""},"button_style":"outlined","button_color":"dBlue","opens_modal":false,"video":null}}],"disclaimer":"","module_image_alignment":"imageLeft","module_card_background_color":"cardBackgroundGrey","module_anchor_id":"","module_padding_inner":"noPaddingInner","module_spacing_after":"defaultSpacingAfter"},{"acf_fc_layout":"accordion","eyebrow":null,"accordion_items":null,"module_anchor_id":null,"module_padding_inner":null,"module_spacing_after":null},{"acf_fc_layout":"location_pre_footer","module_anchor_id":"","module_padding_inner":"noPaddingInner","module_spacing_after":"noSpacingAfter"}]},"yoast_head":"<!-- This site is optimized with the Yoast SEO plugin v27.5 - https:\/\/yoast.com\/product\/yoast-seo-wordpress\/ -->\n<title>Cuenta de Ahorro Empresarial de Alto Rendimiento | Croghan<\/title>\n<meta name=\"description\" content=\"Haz crecer las reservas de tu empresa con una cuenta de ahorro empresarial Croghan High-Yield. Intereses escalonados, acceso online y gestores de relaciones locales.\" \/>\n<meta name=\"robots\" content=\"noindex, follow, max-snippet:-1, max-image-preview:large, max-video-preview:-1\" \/>\n<meta property=\"og:locale\" content=\"es_ES\" \/>\n<meta property=\"og:type\" content=\"article\" \/>\n<meta property=\"og:title\" content=\"Cuenta de Ahorro Empresarial de Alto Rendimiento | Croghan\" \/>\n<meta property=\"og:description\" content=\"Haz crecer las reservas de tu empresa con una cuenta de ahorro empresarial Croghan High-Yield. Intereses escalonados, acceso online y gestores de relaciones locales.\" \/>\n<meta property=\"og:url\" content=\"https:\/\/api.croghan.bank\/es\/negocio\/cuentas-de-ahorro\/ahorros-de-alto-rendimiento\/\" \/>\n<meta property=\"og:site_name\" content=\"Banco Croghan sin cabeza\" \/>\n<meta property=\"article:modified_time\" content=\"2026-04-21T19:43:01+00:00\" \/>\n<meta name=\"twitter:card\" content=\"summary_large_image\" \/>\n<script type=\"application\/ld+json\" class=\"yoast-schema-graph\">{\"@context\":\"https:\\\/\\\/schema.org\",\"@graph\":[{\"@type\":\"WebPage\",\"@id\":\"https:\\\/\\\/api.croghan.bank\\\/es\\\/negocio\\\/cuentas-de-ahorro\\\/ahorros-de-alto-rendimiento\\\/\",\"url\":\"https:\\\/\\\/api.croghan.bank\\\/es\\\/negocio\\\/cuentas-de-ahorro\\\/ahorros-de-alto-rendimiento\\\/\",\"name\":\"Cuenta de Ahorro Empresarial de Alto Rendimiento | Croghan\",\"isPartOf\":{\"@id\":\"https:\\\/\\\/api.croghan.bank\\\/es\\\/#website\"},\"datePublished\":\"2025-03-31T18:27:29+00:00\",\"dateModified\":\"2026-04-21T19:43:01+00:00\",\"description\":\"Haz crecer las reservas de tu empresa con una cuenta de ahorro empresarial Croghan High-Yield. Intereses escalonados, acceso online y gestores de relaciones locales.\",\"breadcrumb\":{\"@id\":\"https:\\\/\\\/api.croghan.bank\\\/es\\\/negocio\\\/cuentas-de-ahorro\\\/ahorros-de-alto-rendimiento\\\/#breadcrumb\"},\"inLanguage\":\"es\",\"potentialAction\":[{\"@type\":\"ReadAction\",\"target\":[\"https:\\\/\\\/api.croghan.bank\\\/es\\\/negocio\\\/cuentas-de-ahorro\\\/ahorros-de-alto-rendimiento\\\/\"]}]},{\"@type\":\"BreadcrumbList\",\"@id\":\"https:\\\/\\\/api.croghan.bank\\\/es\\\/negocio\\\/cuentas-de-ahorro\\\/ahorros-de-alto-rendimiento\\\/#breadcrumb\",\"itemListElement\":[{\"@type\":\"ListItem\",\"position\":1,\"name\":\"Hogar\",\"item\":\"https:\\\/\\\/api.croghan.bank\\\/es\\\/\"},{\"@type\":\"ListItem\",\"position\":2,\"name\":\"Negocio\",\"item\":\"https:\\\/\\\/api.croghan.bank\\\/es\\\/negocio\\\/\"},{\"@type\":\"ListItem\",\"position\":3,\"name\":\"Cuentas de Ahorro\",\"item\":\"https:\\\/\\\/api.croghan.bank\\\/es\\\/negocio\\\/cuentas-de-ahorro\\\/\"},{\"@type\":\"ListItem\",\"position\":4,\"name\":\"Ahorros de alto rendimiento\"}]},{\"@type\":\"WebSite\",\"@id\":\"https:\\\/\\\/api.croghan.bank\\\/es\\\/#website\",\"url\":\"https:\\\/\\\/api.croghan.bank\\\/es\\\/\",\"name\":\"Banco Croghan sin cabeza\",\"description\":\"\",\"potentialAction\":[{\"@type\":\"SearchAction\",\"target\":{\"@type\":\"EntryPoint\",\"urlTemplate\":\"https:\\\/\\\/api.croghan.bank\\\/es\\\/?s={search_term_string}\"},\"query-input\":{\"@type\":\"PropertyValueSpecification\",\"valueRequired\":true,\"valueName\":\"search_term_string\"}}],\"inLanguage\":\"es\"}]}<\/script>\n<!-- \/ Yoast SEO plugin. -->","yoast_head_json":{"title":"Cuenta de Ahorro Empresarial de Alto Rendimiento | Croghan","description":"Haz crecer las reservas de tu empresa con una cuenta de ahorro empresarial Croghan High-Yield. Intereses escalonados, acceso online y gestores de relaciones locales.","robots":{"index":"noindex","follow":"follow","max-snippet":"max-snippet:-1","max-image-preview":"max-image-preview:large","max-video-preview":"max-video-preview:-1"},"og_locale":"es_ES","og_type":"article","og_title":"Cuenta de Ahorro Empresarial de Alto Rendimiento | Croghan","og_description":"Haz crecer las reservas de tu empresa con una cuenta de ahorro empresarial Croghan High-Yield. Intereses escalonados, acceso online y gestores de relaciones locales.","og_url":"https:\/\/api.croghan.bank\/es\/negocio\/cuentas-de-ahorro\/ahorros-de-alto-rendimiento\/","og_site_name":"Banco Croghan sin cabeza","article_modified_time":"2026-04-21T19:43:01+00:00","twitter_card":"summary_large_image","schema":{"@context":"https:\/\/schema.org","@graph":[{"@type":"WebPage","@id":"https:\/\/api.croghan.bank\/es\/negocio\/cuentas-de-ahorro\/ahorros-de-alto-rendimiento\/","url":"https:\/\/api.croghan.bank\/es\/negocio\/cuentas-de-ahorro\/ahorros-de-alto-rendimiento\/","name":"Cuenta de Ahorro Empresarial de Alto Rendimiento | Croghan","isPartOf":{"@id":"https:\/\/api.croghan.bank\/es\/#website"},"datePublished":"2025-03-31T18:27:29+00:00","dateModified":"2026-04-21T19:43:01+00:00","description":"Haz crecer las reservas de tu empresa con una cuenta de ahorro empresarial Croghan High-Yield. Intereses escalonados, acceso online y gestores de relaciones locales.","breadcrumb":{"@id":"https:\/\/api.croghan.bank\/es\/negocio\/cuentas-de-ahorro\/ahorros-de-alto-rendimiento\/#breadcrumb"},"inLanguage":"es","potentialAction":[{"@type":"ReadAction","target":["https:\/\/api.croghan.bank\/es\/negocio\/cuentas-de-ahorro\/ahorros-de-alto-rendimiento\/"]}]},{"@type":"BreadcrumbList","@id":"https:\/\/api.croghan.bank\/es\/negocio\/cuentas-de-ahorro\/ahorros-de-alto-rendimiento\/#breadcrumb","itemListElement":[{"@type":"ListItem","position":1,"name":"Hogar","item":"https:\/\/api.croghan.bank\/es\/"},{"@type":"ListItem","position":2,"name":"Negocio","item":"https:\/\/api.croghan.bank\/es\/negocio\/"},{"@type":"ListItem","position":3,"name":"Cuentas de Ahorro","item":"https:\/\/api.croghan.bank\/es\/negocio\/cuentas-de-ahorro\/"},{"@type":"ListItem","position":4,"name":"Ahorros de alto rendimiento"}]},{"@type":"WebSite","@id":"https:\/\/api.croghan.bank\/es\/#website","url":"https:\/\/api.croghan.bank\/es\/","name":"Banco Croghan sin cabeza","description":"","potentialAction":[{"@type":"SearchAction","target":{"@type":"EntryPoint","urlTemplate":"https:\/\/api.croghan.bank\/es\/?s={search_term_string}"},"query-input":{"@type":"PropertyValueSpecification","valueRequired":true,"valueName":"search_term_string"}}],"inLanguage":"es"}]}},"_links":{"self":[{"href":"https:\/\/api.croghan.bank\/es\/wp-json\/wp\/v2\/pages\/4451","targetHints":{"allow":["GET"]}}],"collection":[{"href":"https:\/\/api.croghan.bank\/es\/wp-json\/wp\/v2\/pages"}],"about":[{"href":"https:\/\/api.croghan.bank\/es\/wp-json\/wp\/v2\/types\/page"}],"author":[{"embeddable":true,"href":"https:\/\/api.croghan.bank\/es\/wp-json\/wp\/v2\/users\/1"}],"replies":[{"embeddable":true,"href":"https:\/\/api.croghan.bank\/es\/wp-json\/wp\/v2\/comments?post=4451"}],"version-history":[{"count":1,"href":"https:\/\/api.croghan.bank\/es\/wp-json\/wp\/v2\/pages\/4451\/revisions"}],"predecessor-version":[{"id":7586,"href":"https:\/\/api.croghan.bank\/es\/wp-json\/wp\/v2\/pages\/4451\/revisions\/7586"}],"up":[{"embeddable":true,"href":"https:\/\/api.croghan.bank\/es\/wp-json\/wp\/v2\/pages\/4416"}],"wp:attachment":[{"href":"https:\/\/api.croghan.bank\/es\/wp-json\/wp\/v2\/media?parent=4451"}],"wp:term":[{"taxonomy":"category","embeddable":true,"href":"https:\/\/api.croghan.bank\/es\/wp-json\/wp\/v2\/categories?post=4451"},{"taxonomy":"post_tag","embeddable":true,"href":"https:\/\/api.croghan.bank\/es\/wp-json\/wp\/v2\/tags?post=4451"}],"curies":[{"name":"wp","href":"https:\/\/api.w.org\/{rel}","templated":true}]}}