{"id":4453,"date":"2025-01-15T21:46:13","date_gmt":"2025-01-15T21:46:13","guid":{"rendered":"https:\/\/api.croghan.bank\/cuenta-de-cheques-clasica\/"},"modified":"2026-04-21T19:43:14","modified_gmt":"2026-04-21T19:43:14","slug":"cuenta-de-cheques-clasica","status":"publish","type":"page","link":"https:\/\/api.croghan.bank\/es\/personal\/cuentas-corrientes\/cuenta-de-cheques-clasica\/","title":{"rendered":"Cuenta de cheques cl\u00e1sica"},"content":{"rendered":"","protected":false},"excerpt":{"rendered":"","protected":false},"author":1,"featured_media":0,"parent":4506,"menu_order":0,"comment_status":"closed","ping_status":"closed","template":"","meta":{"_acf_changed":false,"inline_featured_image":false,"footnotes":""},"categories":[50],"tags":[],"class_list":["post-4453","page","type-page","status-publish","hentry","category-personal-es"],"acf":{"modules":[{"acf_fc_layout":"bread_crumb_nav_hero","title":"<h1>Cuenta de cheques cl\u00e1sica<\/h1>","subtitle":"","content":"Vale la pena celebrar los hitos de la vida, y nuestra cuenta de cheques Classic Checking est\u00e1 aqu\u00ed para facilitar las operaciones bancarias. Sin cargo mensual por servicio y emisi\u00f3n ilimitada de cheques, disfrutar\u00e1 de flexibilidad financiera y tranquilidad. ","buttons":[{"button":{"link":{"title":"Cont\u00e1ctenos","url":"\/contact-us","target":"_blank"},"button_style":"solid","button_color":"blue","opens_modal":false,"video":null}}],"module_anchor_id":"","module_padding_inner":"noPaddingInner","module_spacing_after":"noSpacingAfter"},{"acf_fc_layout":"floating_cards","eyebrow":"","title":"<h2>Funciones cl\u00e1sicas de la cuenta de cheques<\/h2>","content":"Dise\u00f1ada para satisfacer las necesidades \u00fanicas de los clientes mayores de 60 a\u00f1os, la cuenta de cheques Classic Checking viene con una variedad de beneficios. Esto es lo que puedes esperar de esta cuenta: ","buttons":null,"cards_alignment":"cardsRight","card_style_type":"cardTypeBasic","floating_cards":[{"icon":null,"icon_dark_mode":null,"eyebrow":"","title":"<h3>Sin saldo mensual m\u00ednimo<\/h3>","description":"Disfruta de la libertad de no tener que preocuparte por mantener un saldo m\u00ednimo cada mes.","image":null,"link":null},{"icon":null,"icon_dark_mode":null,"eyebrow":"","title":"<h3>Acceso conveniente<\/h3>","description":"Banca en l\u00ednea y m\u00f3vil, cajeros autom\u00e1ticos sin recargos, alertas de cuenta y m\u00e1s.","image":null,"link":null},{"icon":null,"icon_dark_mode":null,"eyebrow":"","title":"<h3>Emisi\u00f3n ilimitada de cheques<\/h3>","description":"Escribe tantos cheques como necesites sin preocuparte por los l\u00edmites.","image":null,"link":null}],"module_background_style":"accentTriangle","module_anchor_id":"","module_padding_inner":"noPaddingInner","module_spacing_after":"compactSpacingAfter"},{"acf_fc_layout":"fifty_fifty_table_and_image","image":null,"title":"<h2>Funciones cl\u00e1sicas de la cuenta de cheques<\/h2>","content_above_table":"","table_layout_columns":"tableTwoColumns","table_formatting_bold":"boldFirstRow","table_2_column":null,"table_3_column":null,"table_4_column":null,"table_5_column":null,"content_below_table":"","module_background_color":"white","module_image_alignment":"imageRight","module_anchor_id":"","module_padding_inner":"noPaddingInner","module_spacing_after":"compactSpacingAfter"},{"acf_fc_layout":"six_column_icon_cards","section_title":"<h2>Beneficios digitales incluidos:<\/h2>","cards":[{"icon":null,"icon_dark_mode":null,"title":"Banca en l\u00ednea","link_url":""},{"icon":null,"icon_dark_mode":null,"title":"Banca M\u00f3vil","link_url":""},{"icon":null,"icon_dark_mode":null,"title":"Red de cajeros autom\u00e1ticos MoneyPass","link_url":""},{"icon":null,"icon_dark_mode":null,"title":"Alertas de cuenta","link_url":""}],"module_anchor_id":"","module_padding_inner":"noPaddingInner","module_spacing_after":"noSpacingAfter"},{"acf_fc_layout":"floating_cards","eyebrow":"","title":"<h2>Lo que puedes esperar de Croghan<\/h2>","content":"Elegir la Cuenta de Cheques Cl\u00e1sica significa elegir un banco con un fuerte compromiso con su bienestar financiero. En Croghan, no somos solo un banco; Somos un socio de la comunidad. ","buttons":null,"cards_alignment":"cardsRight","card_style_type":"cardTypeBasic","floating_cards":[{"icon":null,"icon_dark_mode":null,"eyebrow":"","title":"<h3>Proceso simple y transparente<\/h3>","description":"Facilitamos la apertura de su cuenta de cheques cl\u00e1sica y la administraci\u00f3n de sus finanzas. Nuestro equipo est\u00e1 aqu\u00ed para guiarlo a trav\u00e9s del proceso y responder cualquier pregunta que pueda tener. Estar\u00e1 listo y funcionando en poco tiempo.  ","image":null,"link":null},{"icon":null,"icon_dark_mode":null,"eyebrow":"","title":"<h3>Soporte Personalizado<\/h3>","description":"Nuestro equipo siempre est\u00e1 listo para ayudar. Con un servicio al cliente personalizado, nos aseguramos de que su experiencia bancaria sea fluida y eficiente. Si prefieres hablar con alguien en persona o por tel\u00e9fono, estamos aqu\u00ed para ayudarte.  ","image":null,"link":null},{"icon":null,"icon_dark_mode":null,"eyebrow":"","title":"<h3>Acceso f\u00e1cil y conveniente<\/h3>","description":"Acceda a su cuenta las 24 horas del d\u00eda, los 7 d\u00edas de la semana a trav\u00e9s de nuestros servicios de banca digital segura, tanto en su computadora como en su dispositivo m\u00f3vil. Hemos hecho que la banca sea lo m\u00e1s conveniente posible. Adem\u00e1s, nuestra red nacional de cajeros autom\u00e1ticos te permite retirar efectivo sin cargos.  ","image":null,"link":null}],"module_background_style":"accentTriangle","module_anchor_id":"","module_padding_inner":"noPaddingInner","module_spacing_after":"defaultSpacingAfter"},{"acf_fc_layout":"content_card_pattern_accent","image":null,"eyebrow":"","title":"<h2>Lo que puedes esperar de Croghan<\/h2>","content":"Elegir la Cuenta de Cheques Cl\u00e1sica significa elegir un banco con un fuerte compromiso con su bienestar financiero. En Croghan, no somos solo un banco; Somos un socio de la comunidad. ","buttons":[{"button":{"link":{"title":"Ll\u00e1manos","url":"tel:8882764426","target":"_blank"},"button_style":"solid","button_color":"blue","opens_modal":false,"video":null}}],"disclaimer":"","module_image_alignment":"imageLeft","module_card_background_color":"cardBackgroundBlue","module_anchor_id":"","module_padding_inner":"noPaddingInner","module_spacing_after":"defaultSpacingAfter"},{"acf_fc_layout":"accordion","eyebrow":null,"accordion_items":null,"module_anchor_id":null,"module_padding_inner":null,"module_spacing_after":null},{"acf_fc_layout":"location_pre_footer","module_anchor_id":"","module_padding_inner":"noPaddingInner","module_spacing_after":"defaultSpacingAfter"}]},"yoast_head":"<!-- This site is optimized with the Yoast SEO plugin v27.5 - https:\/\/yoast.com\/product\/yoast-seo-wordpress\/ -->\n<title>Cuenta corriente | Cuenta cl\u00e1sica para mayores | Croghan<\/title>\n<meta name=\"description\" content=\"Classic Checking est\u00e1 dise\u00f1ado para clientes de 60 a\u00f1os o m\u00e1s: sin cuota mensual, intereses sobre tu saldo y cheques personales gratuitos. Abre el tuyo en minutos.\" \/>\n<meta name=\"robots\" content=\"noindex, follow, max-snippet:-1, max-image-preview:large, max-video-preview:-1\" \/>\n<meta property=\"og:locale\" content=\"es_ES\" \/>\n<meta property=\"og:type\" content=\"article\" \/>\n<meta property=\"og:title\" content=\"Cuenta corriente | Cuenta cl\u00e1sica para mayores | Croghan\" \/>\n<meta property=\"og:description\" content=\"Classic Checking est\u00e1 dise\u00f1ado para clientes de 60 a\u00f1os o m\u00e1s: sin cuota mensual, intereses sobre tu saldo y cheques personales gratuitos. Abre el tuyo en minutos.\" \/>\n<meta property=\"og:url\" content=\"https:\/\/api.croghan.bank\/es\/personal\/cuentas-corrientes\/cuenta-de-cheques-clasica\/\" \/>\n<meta property=\"og:site_name\" content=\"Banco Croghan sin cabeza\" \/>\n<meta property=\"article:modified_time\" content=\"2026-04-21T19:43:14+00:00\" \/>\n<meta name=\"twitter:card\" content=\"summary_large_image\" \/>\n<script type=\"application\/ld+json\" class=\"yoast-schema-graph\">{\"@context\":\"https:\\\/\\\/schema.org\",\"@graph\":[{\"@type\":\"WebPage\",\"@id\":\"https:\\\/\\\/api.croghan.bank\\\/es\\\/personal\\\/cuentas-corrientes\\\/cuenta-de-cheques-clasica\\\/\",\"url\":\"https:\\\/\\\/api.croghan.bank\\\/es\\\/personal\\\/cuentas-corrientes\\\/cuenta-de-cheques-clasica\\\/\",\"name\":\"Cuenta corriente | Cuenta cl\u00e1sica para mayores | Croghan\",\"isPartOf\":{\"@id\":\"https:\\\/\\\/api.croghan.bank\\\/es\\\/#website\"},\"datePublished\":\"2025-01-15T21:46:13+00:00\",\"dateModified\":\"2026-04-21T19:43:14+00:00\",\"description\":\"Classic Checking est\u00e1 dise\u00f1ado para clientes de 60 a\u00f1os o m\u00e1s: sin cuota mensual, intereses sobre tu saldo y cheques personales gratuitos. Abre el tuyo en minutos.\",\"breadcrumb\":{\"@id\":\"https:\\\/\\\/api.croghan.bank\\\/es\\\/personal\\\/cuentas-corrientes\\\/cuenta-de-cheques-clasica\\\/#breadcrumb\"},\"inLanguage\":\"es\",\"potentialAction\":[{\"@type\":\"ReadAction\",\"target\":[\"https:\\\/\\\/api.croghan.bank\\\/es\\\/personal\\\/cuentas-corrientes\\\/cuenta-de-cheques-clasica\\\/\"]}]},{\"@type\":\"BreadcrumbList\",\"@id\":\"https:\\\/\\\/api.croghan.bank\\\/es\\\/personal\\\/cuentas-corrientes\\\/cuenta-de-cheques-clasica\\\/#breadcrumb\",\"itemListElement\":[{\"@type\":\"ListItem\",\"position\":1,\"name\":\"Hogar\",\"item\":\"https:\\\/\\\/api.croghan.bank\\\/es\\\/\"},{\"@type\":\"ListItem\",\"position\":2,\"name\":\"Personal\",\"item\":\"https:\\\/\\\/api.croghan.bank\\\/es\\\/personal\\\/\"},{\"@type\":\"ListItem\",\"position\":3,\"name\":\"Cuentas Corrientes\",\"item\":\"https:\\\/\\\/api.croghan.bank\\\/es\\\/personal\\\/cuentas-corrientes\\\/\"},{\"@type\":\"ListItem\",\"position\":4,\"name\":\"Cuenta de cheques cl\u00e1sica\"}]},{\"@type\":\"WebSite\",\"@id\":\"https:\\\/\\\/api.croghan.bank\\\/es\\\/#website\",\"url\":\"https:\\\/\\\/api.croghan.bank\\\/es\\\/\",\"name\":\"Banco Croghan sin cabeza\",\"description\":\"\",\"potentialAction\":[{\"@type\":\"SearchAction\",\"target\":{\"@type\":\"EntryPoint\",\"urlTemplate\":\"https:\\\/\\\/api.croghan.bank\\\/es\\\/?s={search_term_string}\"},\"query-input\":{\"@type\":\"PropertyValueSpecification\",\"valueRequired\":true,\"valueName\":\"search_term_string\"}}],\"inLanguage\":\"es\"}]}<\/script>\n<!-- \/ Yoast SEO plugin. -->","yoast_head_json":{"title":"Cuenta corriente | Cuenta cl\u00e1sica para mayores | Croghan","description":"Classic Checking est\u00e1 dise\u00f1ado para clientes de 60 a\u00f1os o m\u00e1s: sin cuota mensual, intereses sobre tu saldo y cheques personales gratuitos. Abre el tuyo en minutos.","robots":{"index":"noindex","follow":"follow","max-snippet":"max-snippet:-1","max-image-preview":"max-image-preview:large","max-video-preview":"max-video-preview:-1"},"og_locale":"es_ES","og_type":"article","og_title":"Cuenta corriente | Cuenta cl\u00e1sica para mayores | Croghan","og_description":"Classic Checking est\u00e1 dise\u00f1ado para clientes de 60 a\u00f1os o m\u00e1s: sin cuota mensual, intereses sobre tu saldo y cheques personales gratuitos. Abre el tuyo en minutos.","og_url":"https:\/\/api.croghan.bank\/es\/personal\/cuentas-corrientes\/cuenta-de-cheques-clasica\/","og_site_name":"Banco Croghan sin cabeza","article_modified_time":"2026-04-21T19:43:14+00:00","twitter_card":"summary_large_image","schema":{"@context":"https:\/\/schema.org","@graph":[{"@type":"WebPage","@id":"https:\/\/api.croghan.bank\/es\/personal\/cuentas-corrientes\/cuenta-de-cheques-clasica\/","url":"https:\/\/api.croghan.bank\/es\/personal\/cuentas-corrientes\/cuenta-de-cheques-clasica\/","name":"Cuenta corriente | Cuenta cl\u00e1sica para mayores | Croghan","isPartOf":{"@id":"https:\/\/api.croghan.bank\/es\/#website"},"datePublished":"2025-01-15T21:46:13+00:00","dateModified":"2026-04-21T19:43:14+00:00","description":"Classic Checking est\u00e1 dise\u00f1ado para clientes de 60 a\u00f1os o m\u00e1s: sin cuota mensual, intereses sobre tu saldo y cheques personales gratuitos. Abre el tuyo en minutos.","breadcrumb":{"@id":"https:\/\/api.croghan.bank\/es\/personal\/cuentas-corrientes\/cuenta-de-cheques-clasica\/#breadcrumb"},"inLanguage":"es","potentialAction":[{"@type":"ReadAction","target":["https:\/\/api.croghan.bank\/es\/personal\/cuentas-corrientes\/cuenta-de-cheques-clasica\/"]}]},{"@type":"BreadcrumbList","@id":"https:\/\/api.croghan.bank\/es\/personal\/cuentas-corrientes\/cuenta-de-cheques-clasica\/#breadcrumb","itemListElement":[{"@type":"ListItem","position":1,"name":"Hogar","item":"https:\/\/api.croghan.bank\/es\/"},{"@type":"ListItem","position":2,"name":"Personal","item":"https:\/\/api.croghan.bank\/es\/personal\/"},{"@type":"ListItem","position":3,"name":"Cuentas Corrientes","item":"https:\/\/api.croghan.bank\/es\/personal\/cuentas-corrientes\/"},{"@type":"ListItem","position":4,"name":"Cuenta de cheques cl\u00e1sica"}]},{"@type":"WebSite","@id":"https:\/\/api.croghan.bank\/es\/#website","url":"https:\/\/api.croghan.bank\/es\/","name":"Banco Croghan sin cabeza","description":"","potentialAction":[{"@type":"SearchAction","target":{"@type":"EntryPoint","urlTemplate":"https:\/\/api.croghan.bank\/es\/?s={search_term_string}"},"query-input":{"@type":"PropertyValueSpecification","valueRequired":true,"valueName":"search_term_string"}}],"inLanguage":"es"}]}},"_links":{"self":[{"href":"https:\/\/api.croghan.bank\/es\/wp-json\/wp\/v2\/pages\/4453","targetHints":{"allow":["GET"]}}],"collection":[{"href":"https:\/\/api.croghan.bank\/es\/wp-json\/wp\/v2\/pages"}],"about":[{"href":"https:\/\/api.croghan.bank\/es\/wp-json\/wp\/v2\/types\/page"}],"author":[{"embeddable":true,"href":"https:\/\/api.croghan.bank\/es\/wp-json\/wp\/v2\/users\/1"}],"replies":[{"embeddable":true,"href":"https:\/\/api.croghan.bank\/es\/wp-json\/wp\/v2\/comments?post=4453"}],"version-history":[{"count":1,"href":"https:\/\/api.croghan.bank\/es\/wp-json\/wp\/v2\/pages\/4453\/revisions"}],"predecessor-version":[{"id":7611,"href":"https:\/\/api.croghan.bank\/es\/wp-json\/wp\/v2\/pages\/4453\/revisions\/7611"}],"up":[{"embeddable":true,"href":"https:\/\/api.croghan.bank\/es\/wp-json\/wp\/v2\/pages\/4506"}],"wp:attachment":[{"href":"https:\/\/api.croghan.bank\/es\/wp-json\/wp\/v2\/media?parent=4453"}],"wp:term":[{"taxonomy":"category","embeddable":true,"href":"https:\/\/api.croghan.bank\/es\/wp-json\/wp\/v2\/categories?post=4453"},{"taxonomy":"post_tag","embeddable":true,"href":"https:\/\/api.croghan.bank\/es\/wp-json\/wp\/v2\/tags?post=4453"}],"curies":[{"name":"wp","href":"https:\/\/api.w.org\/{rel}","templated":true}]}}