{"id":4454,"date":"2025-04-08T08:00:11","date_gmt":"2025-04-08T08:00:11","guid":{"rendered":"https:\/\/api.croghan.bank\/prestamos-hipotecarios\/tasas-hipotecarias\/"},"modified":"2026-01-27T14:26:55","modified_gmt":"2026-01-27T14:26:55","slug":"tasas-hipotecarias","status":"publish","type":"page","link":"https:\/\/api.croghan.bank\/es\/personal\/prestamos-hipotecarios\/tasas-hipotecarias\/","title":{"rendered":"Tasas hipotecarias"},"content":{"rendered":"","protected":false},"excerpt":{"rendered":"","protected":false},"author":1,"featured_media":0,"parent":4446,"menu_order":0,"comment_status":"closed","ping_status":"closed","template":"","meta":{"_acf_changed":false,"inline_featured_image":false,"footnotes":""},"categories":[],"tags":[],"class_list":["post-4454","page","type-page","status-publish","hentry"],"acf":{"modules":[{"acf_fc_layout":"bread_crumb_nav_hero","title":"<h1>Tasas hipotecarias<\/h1>","subtitle":"","content":"\u00bfEst\u00e1 buscando mejorar su relaci\u00f3n o hacer el cambio a Croghan? A continuaci\u00f3n, encontrar\u00e1 nuestras tasas hipotecarias actuales. Para obtener m\u00e1s detalles sobre las tasas hipotecarias, no dude en llamarnos o visite su oficina local de Croghan para discutirlo.  ","buttons":[{"button":{"link":{"title":"Complete una solicitud en l\u00ednea","url":"https:\/\/www.croghanmortgage.com\/loanportal\/login","target":"_blank"},"button_style":"solid","button_color":"dBlue","opens_modal":false,"video":null}},{"button":{"link":{"title":"Cont\u00e1ctenos","url":"\/about-us\/our-team","target":""},"button_style":"outlined","button_color":"dBlue","opens_modal":false,"video":null}}],"module_anchor_id":"","module_padding_inner":"noPaddingInner","module_spacing_after":"defaultSpacingAfter"},{"acf_fc_layout":"basic_content","content":"<h2>Tasas hipotecarias actuales<\/h2>","module_background_color":"white","module_anchor_id":"","module_padding_inner":"noPaddingInner","module_spacing_after":"compactSpacingAfter"},{"acf_fc_layout":"fifty_fifty_table_and_image","image":"","title":"<h2>Tasa fija a 30 a\u00f1os<\/h2>","content_above_table":"La APR se calcula utilizando un monto de pr\u00e9stamo de $100,000.","table_layout_columns":"tableFourColumns","table_formatting_bold":"boldFirstRow","table_2_column":null,"table_3_column":null,"table_4_column":[{"column_1":"Tasa","column_2":"Puntos","column_3":"APR","column_4":"D\u00edas de bloqueo"},{"column_1":"7.00%","column_2":"0.00","column_3":"7.180%","column_4":"60"}],"table_5_column":null,"content_below_table":"*Las tarifas actuales publicadas est\u00e1n vigentes a partir del 04\/02\/2025 a las 10:48 a. m., hora del este\n\n**APR = Tasa de Porcentaje Anual. Las APR que se muestran a continuaci\u00f3n se basan en cero (0) puntos, un monto de pr\u00e9stamo de $100,000 con un pago inicial del 25% y un puntaje de cr\u00e9dito m\u00ednimo de 740. Las tarifas est\u00e1n sujetas a cambios sin previo aviso. Otras tarifas y t\u00e9rminos est\u00e1n disponibles. Se requiere un seguro de propiedad. Debe ser una residencia unifamiliar ocupada por el propietario.     ","module_background_color":"blue","module_image_alignment":"imageRight","module_anchor_id":"","module_padding_inner":"paddingInnerAll","module_spacing_after":"defaultSpacingAfter"},{"acf_fc_layout":"fifty_fifty_table_and_image","image":"","title":"<h2>Tasa fija a 20 a\u00f1os<\/h2>","content_above_table":"La APR se calcula utilizando un monto de pr\u00e9stamo de $100,000.","table_layout_columns":"tableFourColumns","table_formatting_bold":"boldFirstRow","table_2_column":null,"table_3_column":null,"table_4_column":[{"column_1":"Tasa","column_2":"Puntos","column_3":"APR","column_4":"D\u00edas de bloqueo"},{"column_1":"6.375%","column_2":"0.00","column_3":"6.618%\t","column_4":"60"}],"table_5_column":null,"content_below_table":"*Las tarifas actuales publicadas est\u00e1n vigentes a partir del 04\/02\/2025 a las 10:48 a. m., hora del este\n\n**APR = Tasa de Porcentaje Anual. Las APR que se muestran a continuaci\u00f3n se basan en cero (0) puntos, un monto de pr\u00e9stamo de $100,000 con un pago inicial del 25% y un puntaje de cr\u00e9dito m\u00ednimo de 740. Las tarifas est\u00e1n sujetas a cambios sin previo aviso. Otras tarifas y t\u00e9rminos est\u00e1n disponibles. Se requiere un seguro de propiedad. Debe ser una residencia unifamiliar ocupada por el propietario.     ","module_background_color":"white","module_image_alignment":"imageRight","module_anchor_id":"","module_padding_inner":"noPaddingInner","module_spacing_after":"defaultSpacingAfter"},{"acf_fc_layout":"fifty_fifty_table_and_image","image":"","title":"<h2>Tasa fija a 15 a\u00f1os<\/h2>","content_above_table":"La APR se calcula utilizando un monto de pr\u00e9stamo de $100,000.","table_layout_columns":"tableFourColumns","table_formatting_bold":"boldFirstRow","table_2_column":null,"table_3_column":null,"table_4_column":[{"column_1":"Tasa","column_2":"Puntos","column_3":"APR","column_4":"D\u00edas de bloqueo"},{"column_1":"6.375%","column_2":"0.00","column_3":"6.618 y","column_4":"60"}],"table_5_column":null,"content_below_table":"*Las tarifas actuales publicadas est\u00e1n vigentes a partir del 04\/02\/2025 a las 10:48 a. m., hora del este\n\n**APR = Tasa de Porcentaje Anual. Las APR que se muestran a continuaci\u00f3n se basan en cero (0) puntos, un monto de pr\u00e9stamo de $100,000 con un pago inicial del 25% y un puntaje de cr\u00e9dito m\u00ednimo de 740. Las tarifas est\u00e1n sujetas a cambios sin previo aviso. Otras tarifas y t\u00e9rminos est\u00e1n disponibles. Se requiere un seguro de propiedad. Debe ser una residencia unifamiliar ocupada por el propietario.     ","module_background_color":"blue","module_image_alignment":"imageRight","module_anchor_id":"","module_padding_inner":"paddingInnerAll","module_spacing_after":"defaultSpacingAfter"},{"acf_fc_layout":"fifty_fifty_table_and_image","image":"","title":"<h2>Tasa fija a 10 a\u00f1os<\/h2>","content_above_table":"La APR se calcula utilizando un monto de pr\u00e9stamo de $100,000.","table_layout_columns":"tableFourColumns","table_formatting_bold":"boldFirstRow","table_2_column":null,"table_3_column":null,"table_4_column":[{"column_1":"Tasa","column_2":"Puntos","column_3":"APR","column_4":"D\u00edas de bloqueo"},{"column_1":"6.50%","column_2":"0.00","column_3":"6.899%","column_4":"60"}],"table_5_column":null,"content_below_table":"*Las tarifas actuales publicadas est\u00e1n vigentes a partir del 04\/02\/2025 a las 10:48 a. m., hora del este\n\n**APR = Tasa de Porcentaje Anual. Las APR que se muestran a continuaci\u00f3n se basan en cero (0) puntos, un monto de pr\u00e9stamo de $100,000 con un pago inicial del 25% y un puntaje de cr\u00e9dito m\u00ednimo de 740. Las tarifas est\u00e1n sujetas a cambios sin previo aviso. Otras tarifas y t\u00e9rminos est\u00e1n disponibles. Se requiere un seguro de propiedad. Debe ser una residencia unifamiliar ocupada por el propietario.     ","module_background_color":"white","module_image_alignment":"imageRight","module_anchor_id":"","module_padding_inner":"noPaddingInner","module_spacing_after":"defaultSpacingAfter"},{"acf_fc_layout":"location_pre_footer","module_anchor_id":"","module_padding_inner":"noPaddingInner","module_spacing_after":"noSpacingAfter"}]},"yoast_head":"<!-- This site is optimized with the Yoast SEO plugin v27.5 - https:\/\/yoast.com\/product\/yoast-seo-wordpress\/ -->\n<title>Tipos de inter\u00e9s | Banco Colonial Croghan<\/title>\n<meta name=\"description\" content=\"Mantente al d\u00eda con los \u00faltimos tipos de inter\u00e9s de Croghan Colonial Bank para pr\u00e9stamos, hipotecas y cuentas de ahorro. Consigue tarifas competitivas hoy mismo.\" \/>\n<meta name=\"robots\" content=\"noindex, follow, max-snippet:-1, max-image-preview:large, max-video-preview:-1\" \/>\n<meta property=\"og:locale\" content=\"es_ES\" \/>\n<meta property=\"og:type\" content=\"article\" \/>\n<meta property=\"og:title\" content=\"Tipos de inter\u00e9s | Banco Colonial Croghan\" \/>\n<meta property=\"og:description\" content=\"Mantente al d\u00eda con los \u00faltimos tipos de inter\u00e9s de Croghan Colonial Bank para pr\u00e9stamos, hipotecas y cuentas de ahorro. Consigue tarifas competitivas hoy mismo.\" \/>\n<meta property=\"og:url\" content=\"https:\/\/api.croghan.bank\/es\/personal\/prestamos-hipotecarios\/tasas-hipotecarias\/\" \/>\n<meta property=\"og:site_name\" content=\"Banco Croghan sin cabeza\" \/>\n<meta property=\"article:modified_time\" content=\"2026-01-27T14:26:55+00:00\" \/>\n<meta name=\"twitter:card\" content=\"summary_large_image\" \/>\n<script type=\"application\/ld+json\" class=\"yoast-schema-graph\">{\"@context\":\"https:\\\/\\\/schema.org\",\"@graph\":[{\"@type\":\"WebPage\",\"@id\":\"https:\\\/\\\/api.croghan.bank\\\/es\\\/personal\\\/prestamos-hipotecarios\\\/tasas-hipotecarias\\\/\",\"url\":\"https:\\\/\\\/api.croghan.bank\\\/es\\\/personal\\\/prestamos-hipotecarios\\\/tasas-hipotecarias\\\/\",\"name\":\"Tipos de inter\u00e9s | Banco Colonial Croghan\",\"isPartOf\":{\"@id\":\"https:\\\/\\\/api.croghan.bank\\\/es\\\/#website\"},\"datePublished\":\"2025-04-08T08:00:11+00:00\",\"dateModified\":\"2026-01-27T14:26:55+00:00\",\"description\":\"Mantente al d\u00eda con los \u00faltimos tipos de inter\u00e9s de Croghan Colonial Bank para pr\u00e9stamos, hipotecas y cuentas de ahorro. Consigue tarifas competitivas hoy mismo.\",\"breadcrumb\":{\"@id\":\"https:\\\/\\\/api.croghan.bank\\\/es\\\/personal\\\/prestamos-hipotecarios\\\/tasas-hipotecarias\\\/#breadcrumb\"},\"inLanguage\":\"es\",\"potentialAction\":[{\"@type\":\"ReadAction\",\"target\":[\"https:\\\/\\\/api.croghan.bank\\\/es\\\/personal\\\/prestamos-hipotecarios\\\/tasas-hipotecarias\\\/\"]}]},{\"@type\":\"BreadcrumbList\",\"@id\":\"https:\\\/\\\/api.croghan.bank\\\/es\\\/personal\\\/prestamos-hipotecarios\\\/tasas-hipotecarias\\\/#breadcrumb\",\"itemListElement\":[{\"@type\":\"ListItem\",\"position\":1,\"name\":\"Hogar\",\"item\":\"https:\\\/\\\/api.croghan.bank\\\/es\\\/\"},{\"@type\":\"ListItem\",\"position\":2,\"name\":\"Personal\",\"item\":\"https:\\\/\\\/api.croghan.bank\\\/es\\\/personal\\\/\"},{\"@type\":\"ListItem\",\"position\":3,\"name\":\"Pr\u00e9stamos Hipotecarios\",\"item\":\"https:\\\/\\\/api.croghan.bank\\\/es\\\/personal\\\/prestamos-hipotecarios\\\/\"},{\"@type\":\"ListItem\",\"position\":4,\"name\":\"Tasas hipotecarias\"}]},{\"@type\":\"WebSite\",\"@id\":\"https:\\\/\\\/api.croghan.bank\\\/es\\\/#website\",\"url\":\"https:\\\/\\\/api.croghan.bank\\\/es\\\/\",\"name\":\"Banco Croghan sin cabeza\",\"description\":\"\",\"potentialAction\":[{\"@type\":\"SearchAction\",\"target\":{\"@type\":\"EntryPoint\",\"urlTemplate\":\"https:\\\/\\\/api.croghan.bank\\\/es\\\/?s={search_term_string}\"},\"query-input\":{\"@type\":\"PropertyValueSpecification\",\"valueRequired\":true,\"valueName\":\"search_term_string\"}}],\"inLanguage\":\"es\"}]}<\/script>\n<!-- \/ Yoast SEO plugin. -->","yoast_head_json":{"title":"Tipos de inter\u00e9s | Banco Colonial Croghan","description":"Mantente al d\u00eda con los \u00faltimos tipos de inter\u00e9s de Croghan Colonial Bank para pr\u00e9stamos, hipotecas y cuentas de ahorro. Consigue tarifas competitivas hoy mismo.","robots":{"index":"noindex","follow":"follow","max-snippet":"max-snippet:-1","max-image-preview":"max-image-preview:large","max-video-preview":"max-video-preview:-1"},"og_locale":"es_ES","og_type":"article","og_title":"Tipos de inter\u00e9s | Banco Colonial Croghan","og_description":"Mantente al d\u00eda con los \u00faltimos tipos de inter\u00e9s de Croghan Colonial Bank para pr\u00e9stamos, hipotecas y cuentas de ahorro. Consigue tarifas competitivas hoy mismo.","og_url":"https:\/\/api.croghan.bank\/es\/personal\/prestamos-hipotecarios\/tasas-hipotecarias\/","og_site_name":"Banco Croghan sin cabeza","article_modified_time":"2026-01-27T14:26:55+00:00","twitter_card":"summary_large_image","schema":{"@context":"https:\/\/schema.org","@graph":[{"@type":"WebPage","@id":"https:\/\/api.croghan.bank\/es\/personal\/prestamos-hipotecarios\/tasas-hipotecarias\/","url":"https:\/\/api.croghan.bank\/es\/personal\/prestamos-hipotecarios\/tasas-hipotecarias\/","name":"Tipos de inter\u00e9s | Banco Colonial Croghan","isPartOf":{"@id":"https:\/\/api.croghan.bank\/es\/#website"},"datePublished":"2025-04-08T08:00:11+00:00","dateModified":"2026-01-27T14:26:55+00:00","description":"Mantente al d\u00eda con los \u00faltimos tipos de inter\u00e9s de Croghan Colonial Bank para pr\u00e9stamos, hipotecas y cuentas de ahorro. Consigue tarifas competitivas hoy mismo.","breadcrumb":{"@id":"https:\/\/api.croghan.bank\/es\/personal\/prestamos-hipotecarios\/tasas-hipotecarias\/#breadcrumb"},"inLanguage":"es","potentialAction":[{"@type":"ReadAction","target":["https:\/\/api.croghan.bank\/es\/personal\/prestamos-hipotecarios\/tasas-hipotecarias\/"]}]},{"@type":"BreadcrumbList","@id":"https:\/\/api.croghan.bank\/es\/personal\/prestamos-hipotecarios\/tasas-hipotecarias\/#breadcrumb","itemListElement":[{"@type":"ListItem","position":1,"name":"Hogar","item":"https:\/\/api.croghan.bank\/es\/"},{"@type":"ListItem","position":2,"name":"Personal","item":"https:\/\/api.croghan.bank\/es\/personal\/"},{"@type":"ListItem","position":3,"name":"Pr\u00e9stamos Hipotecarios","item":"https:\/\/api.croghan.bank\/es\/personal\/prestamos-hipotecarios\/"},{"@type":"ListItem","position":4,"name":"Tasas hipotecarias"}]},{"@type":"WebSite","@id":"https:\/\/api.croghan.bank\/es\/#website","url":"https:\/\/api.croghan.bank\/es\/","name":"Banco Croghan sin cabeza","description":"","potentialAction":[{"@type":"SearchAction","target":{"@type":"EntryPoint","urlTemplate":"https:\/\/api.croghan.bank\/es\/?s={search_term_string}"},"query-input":{"@type":"PropertyValueSpecification","valueRequired":true,"valueName":"search_term_string"}}],"inLanguage":"es"}]}},"_links":{"self":[{"href":"https:\/\/api.croghan.bank\/es\/wp-json\/wp\/v2\/pages\/4454","targetHints":{"allow":["GET"]}}],"collection":[{"href":"https:\/\/api.croghan.bank\/es\/wp-json\/wp\/v2\/pages"}],"about":[{"href":"https:\/\/api.croghan.bank\/es\/wp-json\/wp\/v2\/types\/page"}],"author":[{"embeddable":true,"href":"https:\/\/api.croghan.bank\/es\/wp-json\/wp\/v2\/users\/1"}],"replies":[{"embeddable":true,"href":"https:\/\/api.croghan.bank\/es\/wp-json\/wp\/v2\/comments?post=4454"}],"version-history":[{"count":0,"href":"https:\/\/api.croghan.bank\/es\/wp-json\/wp\/v2\/pages\/4454\/revisions"}],"up":[{"embeddable":true,"href":"https:\/\/api.croghan.bank\/es\/wp-json\/wp\/v2\/pages\/4446"}],"wp:attachment":[{"href":"https:\/\/api.croghan.bank\/es\/wp-json\/wp\/v2\/media?parent=4454"}],"wp:term":[{"taxonomy":"category","embeddable":true,"href":"https:\/\/api.croghan.bank\/es\/wp-json\/wp\/v2\/categories?post=4454"},{"taxonomy":"post_tag","embeddable":true,"href":"https:\/\/api.croghan.bank\/es\/wp-json\/wp\/v2\/tags?post=4454"}],"curies":[{"name":"wp","href":"https:\/\/api.w.org\/{rel}","templated":true}]}}