{"id":4455,"date":"2025-03-31T18:27:56","date_gmt":"2025-03-31T18:27:56","guid":{"rendered":"https:\/\/api.croghan.bank\/cuentas-de-ahorro\/ahorros-en-el-estado-de-cuenta\/"},"modified":"2026-04-21T19:43:02","modified_gmt":"2026-04-21T19:43:02","slug":"ahorros-en-el-estado-de-cuenta","status":"publish","type":"page","link":"https:\/\/api.croghan.bank\/es\/negocio\/cuentas-de-ahorro\/ahorros-en-el-estado-de-cuenta\/","title":{"rendered":"Ahorros en el estado de cuenta"},"content":{"rendered":"","protected":false},"excerpt":{"rendered":"","protected":false},"author":1,"featured_media":0,"parent":4416,"menu_order":0,"comment_status":"closed","ping_status":"closed","template":"","meta":{"_acf_changed":false,"inline_featured_image":false,"footnotes":""},"categories":[51],"tags":[],"class_list":["post-4455","page","type-page","status-publish","hentry","category-negocio"],"acf":{"modules":[{"acf_fc_layout":"bread_crumb_nav_hero","title":"<h1>Ahorros en el estado de cuenta<\/h1>","subtitle":"","content":"Simplifique su estrategia de ahorro empresarial con una cuenta dise\u00f1ada para brindar flexibilidad y f\u00e1cil acceso. Nuestra cuenta de ahorros con estado de cuenta ofrece soluciones sencillas para ayudarlo a administrar sus ahorros de manera efectiva, lo que permite que sus fondos crezcan con intereses mientras permanecen accesibles. ","buttons":[{"button":{"link":{"title":"Cont\u00e1ctenos","url":"\/contact-us","target":""},"button_style":"solid","button_color":"dBlue","opens_modal":false,"video":null}}],"module_anchor_id":"","module_padding_inner":"noPaddingInner","module_spacing_after":"defaultSpacingAfter"},{"acf_fc_layout":"floating_cards","eyebrow":"","title":"<h2>Caracter\u00edsticas y beneficios de la cuenta<\/h2>","content":"Una cuenta de ahorros con estado de cuenta le brinda a su empresa una manera f\u00e1cil de acumular ahorros sin problemas. As\u00ed es como simplificamos el ahorro: ","buttons":null,"cards_alignment":"cardsRight","card_style_type":"cardTypeBasic","floating_cards":[{"icon":"","icon_dark_mode":"","eyebrow":"","title":"<h3>C\u00f3modo acceso digital<\/h3>","description":"Verifique f\u00e1cilmente los saldos, transfiera fondos y controle sus ahorros a trav\u00e9s de la banca en l\u00ednea, las alertas de cuenta y los estados de cuenta electr\u00f3nicos.","image":null,"link":null},{"icon":"","icon_dark_mode":"","eyebrow":"","title":"<h3>Gane intereses sobre su saldo<\/h3>","description":"Haga que su dinero trabaje para usted con intereses competitivos pagados directamente en su cuenta.","image":null,"link":null},{"icon":"","icon_dark_mode":"","eyebrow":"","title":"<h3>Asegurado por la FDIC<\/h3>","description":"Asegurado por la FDIC hasta el m\u00e1ximo permitido por la ley.","image":null,"link":null}],"module_background_style":"solidColorBlue","module_anchor_id":"","module_padding_inner":"noPaddingInner","module_spacing_after":"defaultSpacingAfter"},{"acf_fc_layout":"fifty_fifty_table_and_image","image":3990,"title":"<h2>Detalles de la cuenta<\/h2>","content_above_table":"Aqu\u00ed hay un desglose de las caracter\u00edsticas clave de nuestra cuenta de ahorros con estado de cuenta:","table_layout_columns":"tableTwoColumns","table_formatting_bold":"boldFirstColumn","table_2_column":[{"column_1":"M\u00ednimo para abrir:","column_2":"$20.00"},{"column_1":"Cargo mensual por servicio:","column_2":"$4.00 (renunciable con un saldo diario m\u00ednimo de $200.00)"},{"column_1":"Intereses pagados:","column_2":"S\u00ed, en todos los saldos"},{"column_1":"Beneficios digitales incluidos:","column_2":"Banca en L\u00ednea, Banca M\u00f3vil, Estados de Cuenta Electr\u00f3nicos, Alertas de Cuenta"}],"table_3_column":null,"table_4_column":null,"table_5_column":null,"content_below_table":"","module_background_color":"white","module_image_alignment":"imageLeft","module_anchor_id":"","module_padding_inner":"noPaddingInner","module_spacing_after":"defaultSpacingAfter"},{"acf_fc_layout":"content_card_pattern_accent","image":3901,"eyebrow":"","title":"<h2>\u00bfPor qu\u00e9 elegir Statement Savings?<\/h2>","content":"Cuando se trata de ahorros empresariales, la simplicidad importa. Nuestra cuenta de ahorros con estado de cuenta es ideal si su empresa est\u00e1 buscando: \n<ul>\n \t<li>Mantenga los fondos disponibles para las necesidades comerciales diarias o gastos inesperados.<\/li>\n \t<li>Haga crecer sus ahorros a trav\u00e9s de pagos regulares de intereses.<\/li>\n \t<li>Administre su cuenta sin esfuerzo con herramientas sencillas y soporte personalizado.<\/li>\n<\/ul>","buttons":null,"disclaimer":"","module_image_alignment":"imageRight","module_card_background_color":"cardBackgroundBlue","module_anchor_id":"","module_padding_inner":"noPaddingInner","module_spacing_after":"defaultSpacingAfter"},{"acf_fc_layout":"floating_cards","eyebrow":"","title":"<h2>Lo que puedes esperar de Croghan<\/h2>","content":"Abrir una cuenta de ahorros con Croghan significa que disfrutar\u00e1 de una experiencia bancaria simple y transparente con herramientas flexibles y soporte confiable.","buttons":null,"cards_alignment":"cardsLeft","card_style_type":"cardTypeBasic","floating_cards":[{"icon":3675,"icon_dark_mode":4352,"eyebrow":"","title":"<h3>Banca sencilla<\/h3>","description":"Ofrecemos caracter\u00edsticas claras y f\u00e1ciles de entender y t\u00e9rminos transparentes. Administrar sus ahorros nunca ha sido tan sencillo con nuestras opciones de cuenta simples y sin complicaciones. ","image":null,"link":null},{"icon":3719,"icon_dark_mode":4354,"eyebrow":"","title":"<h3>Soporte Dedicado<\/h3>","description":"Nuestro equipo se compromete a brindar apoyo personalizado para ayudarlo a administrar los ahorros de su negocio. Ya sea que necesites ayuda con tu cuenta u orientaci\u00f3n sobre c\u00f3mo administrar fondos, estamos aqu\u00ed para ayudarte. ","image":null,"link":null},{"icon":3707,"icon_dark_mode":4353,"eyebrow":"","title":"<h3>F\u00e1cil acceso y control<\/h3>","description":"Con la banca en l\u00ednea y m\u00f3vil, sus ahorros siempre est\u00e1n al alcance de su mano. Puede consultar saldos, transferir fondos y estar al tanto de sus finanzas las 24 horas del d\u00eda, los 7 d\u00edas de la semana. ","image":null,"link":null}],"module_background_style":"accentTriangle","module_anchor_id":"","module_padding_inner":"noPaddingInner","module_spacing_after":"defaultSpacingAfter"},{"acf_fc_layout":"content_card_pattern_accent","image":3900,"eyebrow":"","title":"<h2>D\u00e9 el primer paso hacia el ahorro empresarial sin esfuerzo<\/h2>","content":"\u00bfListo para hacer crecer los ahorros de tu negocio? Comience a construir seguridad financiera con facilidad. Nuestro equipo est\u00e1 aqu\u00ed para guiarlo en cada paso del camino.  ","buttons":[{"button":{"link":{"title":"Ll\u00e1manos","url":"tel:8882764426","target":""},"button_style":"solid","button_color":"dBlue","opens_modal":false,"video":null}},{"button":{"link":{"title":"Buscar una ubicaci\u00f3n","url":"\/locations","target":""},"button_style":"solid","button_color":"blue","opens_modal":false,"video":null}}],"disclaimer":"","module_image_alignment":"imageLeft","module_card_background_color":"cardBackgroundGrey","module_anchor_id":"","module_padding_inner":"noPaddingInner","module_spacing_after":"defaultSpacingAfter"},{"acf_fc_layout":"accordion","eyebrow":null,"accordion_items":null,"module_anchor_id":null,"module_padding_inner":null,"module_spacing_after":null},{"acf_fc_layout":"location_pre_footer","module_anchor_id":"","module_padding_inner":"noPaddingInner","module_spacing_after":"noSpacingAfter"}]},"yoast_head":"<!-- This site is optimized with the Yoast SEO plugin v27.5 - https:\/\/yoast.com\/product\/yoast-seo-wordpress\/ -->\n<title>Cuenta de Ahorro para Empresas | Ahorro en el estado de cuenta | Croghan<\/title>\n<meta name=\"description\" content=\"Guarda tus reservas de negocio en una cuenta de ahorro de extracto en Croghan. Gana intereses competitivos, accede f\u00e1cilmente a los fondos y revisa la actividad en l\u00ednea.\" \/>\n<meta name=\"robots\" content=\"noindex, follow, max-snippet:-1, max-image-preview:large, max-video-preview:-1\" \/>\n<meta property=\"og:locale\" content=\"es_ES\" \/>\n<meta property=\"og:type\" content=\"article\" \/>\n<meta property=\"og:title\" content=\"Cuenta de Ahorro para Empresas | Ahorro en el estado de cuenta | Croghan\" \/>\n<meta property=\"og:description\" content=\"Guarda tus reservas de negocio en una cuenta de ahorro de extracto en Croghan. Gana intereses competitivos, accede f\u00e1cilmente a los fondos y revisa la actividad en l\u00ednea.\" \/>\n<meta property=\"og:url\" content=\"https:\/\/api.croghan.bank\/es\/negocio\/cuentas-de-ahorro\/ahorros-en-el-estado-de-cuenta\/\" \/>\n<meta property=\"og:site_name\" content=\"Banco Croghan sin cabeza\" \/>\n<meta property=\"article:modified_time\" content=\"2026-04-21T19:43:02+00:00\" \/>\n<meta name=\"twitter:card\" content=\"summary_large_image\" \/>\n<script type=\"application\/ld+json\" class=\"yoast-schema-graph\">{\"@context\":\"https:\\\/\\\/schema.org\",\"@graph\":[{\"@type\":\"WebPage\",\"@id\":\"https:\\\/\\\/api.croghan.bank\\\/es\\\/negocio\\\/cuentas-de-ahorro\\\/ahorros-en-el-estado-de-cuenta\\\/\",\"url\":\"https:\\\/\\\/api.croghan.bank\\\/es\\\/negocio\\\/cuentas-de-ahorro\\\/ahorros-en-el-estado-de-cuenta\\\/\",\"name\":\"Cuenta de Ahorro para Empresas | Ahorro en el estado de cuenta | Croghan\",\"isPartOf\":{\"@id\":\"https:\\\/\\\/api.croghan.bank\\\/es\\\/#website\"},\"datePublished\":\"2025-03-31T18:27:56+00:00\",\"dateModified\":\"2026-04-21T19:43:02+00:00\",\"description\":\"Guarda tus reservas de negocio en una cuenta de ahorro de extracto en Croghan. Gana intereses competitivos, accede f\u00e1cilmente a los fondos y revisa la actividad en l\u00ednea.\",\"breadcrumb\":{\"@id\":\"https:\\\/\\\/api.croghan.bank\\\/es\\\/negocio\\\/cuentas-de-ahorro\\\/ahorros-en-el-estado-de-cuenta\\\/#breadcrumb\"},\"inLanguage\":\"es\",\"potentialAction\":[{\"@type\":\"ReadAction\",\"target\":[\"https:\\\/\\\/api.croghan.bank\\\/es\\\/negocio\\\/cuentas-de-ahorro\\\/ahorros-en-el-estado-de-cuenta\\\/\"]}]},{\"@type\":\"BreadcrumbList\",\"@id\":\"https:\\\/\\\/api.croghan.bank\\\/es\\\/negocio\\\/cuentas-de-ahorro\\\/ahorros-en-el-estado-de-cuenta\\\/#breadcrumb\",\"itemListElement\":[{\"@type\":\"ListItem\",\"position\":1,\"name\":\"Hogar\",\"item\":\"https:\\\/\\\/api.croghan.bank\\\/es\\\/\"},{\"@type\":\"ListItem\",\"position\":2,\"name\":\"Negocio\",\"item\":\"https:\\\/\\\/api.croghan.bank\\\/es\\\/negocio\\\/\"},{\"@type\":\"ListItem\",\"position\":3,\"name\":\"Cuentas de Ahorro\",\"item\":\"https:\\\/\\\/api.croghan.bank\\\/es\\\/negocio\\\/cuentas-de-ahorro\\\/\"},{\"@type\":\"ListItem\",\"position\":4,\"name\":\"Ahorros en el estado de cuenta\"}]},{\"@type\":\"WebSite\",\"@id\":\"https:\\\/\\\/api.croghan.bank\\\/es\\\/#website\",\"url\":\"https:\\\/\\\/api.croghan.bank\\\/es\\\/\",\"name\":\"Banco Croghan sin cabeza\",\"description\":\"\",\"potentialAction\":[{\"@type\":\"SearchAction\",\"target\":{\"@type\":\"EntryPoint\",\"urlTemplate\":\"https:\\\/\\\/api.croghan.bank\\\/es\\\/?s={search_term_string}\"},\"query-input\":{\"@type\":\"PropertyValueSpecification\",\"valueRequired\":true,\"valueName\":\"search_term_string\"}}],\"inLanguage\":\"es\"}]}<\/script>\n<!-- \/ Yoast SEO plugin. -->","yoast_head_json":{"title":"Cuenta de Ahorro para Empresas | Ahorro en el estado de cuenta | Croghan","description":"Guarda tus reservas de negocio en una cuenta de ahorro de extracto en Croghan. Gana intereses competitivos, accede f\u00e1cilmente a los fondos y revisa la actividad en l\u00ednea.","robots":{"index":"noindex","follow":"follow","max-snippet":"max-snippet:-1","max-image-preview":"max-image-preview:large","max-video-preview":"max-video-preview:-1"},"og_locale":"es_ES","og_type":"article","og_title":"Cuenta de Ahorro para Empresas | Ahorro en el estado de cuenta | Croghan","og_description":"Guarda tus reservas de negocio en una cuenta de ahorro de extracto en Croghan. Gana intereses competitivos, accede f\u00e1cilmente a los fondos y revisa la actividad en l\u00ednea.","og_url":"https:\/\/api.croghan.bank\/es\/negocio\/cuentas-de-ahorro\/ahorros-en-el-estado-de-cuenta\/","og_site_name":"Banco Croghan sin cabeza","article_modified_time":"2026-04-21T19:43:02+00:00","twitter_card":"summary_large_image","schema":{"@context":"https:\/\/schema.org","@graph":[{"@type":"WebPage","@id":"https:\/\/api.croghan.bank\/es\/negocio\/cuentas-de-ahorro\/ahorros-en-el-estado-de-cuenta\/","url":"https:\/\/api.croghan.bank\/es\/negocio\/cuentas-de-ahorro\/ahorros-en-el-estado-de-cuenta\/","name":"Cuenta de Ahorro para Empresas | Ahorro en el estado de cuenta | Croghan","isPartOf":{"@id":"https:\/\/api.croghan.bank\/es\/#website"},"datePublished":"2025-03-31T18:27:56+00:00","dateModified":"2026-04-21T19:43:02+00:00","description":"Guarda tus reservas de negocio en una cuenta de ahorro de extracto en Croghan. Gana intereses competitivos, accede f\u00e1cilmente a los fondos y revisa la actividad en l\u00ednea.","breadcrumb":{"@id":"https:\/\/api.croghan.bank\/es\/negocio\/cuentas-de-ahorro\/ahorros-en-el-estado-de-cuenta\/#breadcrumb"},"inLanguage":"es","potentialAction":[{"@type":"ReadAction","target":["https:\/\/api.croghan.bank\/es\/negocio\/cuentas-de-ahorro\/ahorros-en-el-estado-de-cuenta\/"]}]},{"@type":"BreadcrumbList","@id":"https:\/\/api.croghan.bank\/es\/negocio\/cuentas-de-ahorro\/ahorros-en-el-estado-de-cuenta\/#breadcrumb","itemListElement":[{"@type":"ListItem","position":1,"name":"Hogar","item":"https:\/\/api.croghan.bank\/es\/"},{"@type":"ListItem","position":2,"name":"Negocio","item":"https:\/\/api.croghan.bank\/es\/negocio\/"},{"@type":"ListItem","position":3,"name":"Cuentas de Ahorro","item":"https:\/\/api.croghan.bank\/es\/negocio\/cuentas-de-ahorro\/"},{"@type":"ListItem","position":4,"name":"Ahorros en el estado de cuenta"}]},{"@type":"WebSite","@id":"https:\/\/api.croghan.bank\/es\/#website","url":"https:\/\/api.croghan.bank\/es\/","name":"Banco Croghan sin cabeza","description":"","potentialAction":[{"@type":"SearchAction","target":{"@type":"EntryPoint","urlTemplate":"https:\/\/api.croghan.bank\/es\/?s={search_term_string}"},"query-input":{"@type":"PropertyValueSpecification","valueRequired":true,"valueName":"search_term_string"}}],"inLanguage":"es"}]}},"_links":{"self":[{"href":"https:\/\/api.croghan.bank\/es\/wp-json\/wp\/v2\/pages\/4455","targetHints":{"allow":["GET"]}}],"collection":[{"href":"https:\/\/api.croghan.bank\/es\/wp-json\/wp\/v2\/pages"}],"about":[{"href":"https:\/\/api.croghan.bank\/es\/wp-json\/wp\/v2\/types\/page"}],"author":[{"embeddable":true,"href":"https:\/\/api.croghan.bank\/es\/wp-json\/wp\/v2\/users\/1"}],"replies":[{"embeddable":true,"href":"https:\/\/api.croghan.bank\/es\/wp-json\/wp\/v2\/comments?post=4455"}],"version-history":[{"count":1,"href":"https:\/\/api.croghan.bank\/es\/wp-json\/wp\/v2\/pages\/4455\/revisions"}],"predecessor-version":[{"id":7589,"href":"https:\/\/api.croghan.bank\/es\/wp-json\/wp\/v2\/pages\/4455\/revisions\/7589"}],"up":[{"embeddable":true,"href":"https:\/\/api.croghan.bank\/es\/wp-json\/wp\/v2\/pages\/4416"}],"wp:attachment":[{"href":"https:\/\/api.croghan.bank\/es\/wp-json\/wp\/v2\/media?parent=4455"}],"wp:term":[{"taxonomy":"category","embeddable":true,"href":"https:\/\/api.croghan.bank\/es\/wp-json\/wp\/v2\/categories?post=4455"},{"taxonomy":"post_tag","embeddable":true,"href":"https:\/\/api.croghan.bank\/es\/wp-json\/wp\/v2\/tags?post=4455"}],"curies":[{"name":"wp","href":"https:\/\/api.w.org\/{rel}","templated":true}]}}