{"id":4458,"date":"2025-01-15T20:08:53","date_gmt":"2025-01-15T20:08:53","guid":{"rendered":"https:\/\/api.croghan.bank\/politica-de-privacidad\/"},"modified":"2026-04-21T19:42:44","modified_gmt":"2026-04-21T19:42:44","slug":"politica-de-privacidad","status":"publish","type":"page","link":"https:\/\/api.croghan.bank\/es\/politica-de-privacidad\/","title":{"rendered":"Pol\u00edtica de privacidad"},"content":{"rendered":"","protected":false},"excerpt":{"rendered":"","protected":false},"author":1,"featured_media":0,"parent":0,"menu_order":0,"comment_status":"closed","ping_status":"closed","template":"","meta":{"_acf_changed":false,"inline_featured_image":false,"footnotes":""},"categories":[],"tags":[],"class_list":["post-4458","page","type-page","status-publish","hentry"],"acf":{"modules":[{"acf_fc_layout":"bread_crumb_nav_hero","title":"<h1>Pol\u00edtica de privacidad en l\u00ednea<\/h1>","subtitle":"","content":"","buttons":null,"module_anchor_id":"","module_padding_inner":"noPaddingInner","module_spacing_after":"compactSpacingAfter"},{"acf_fc_layout":"basic_content","content":"<span style=\"font-weight: 400;\">Cierta informaci\u00f3n personal sobre los visitantes de este sitio web est\u00e1 siendo recopilada por The Croghan Colonial Bank, Fremont, Ohio 43420. La informaci\u00f3n personal se recopila de usted en el momento en que se env\u00eda una solicitud de pr\u00e9stamo o cuenta de dep\u00f3sito a esta Instituci\u00f3n, en el momento en que las transacciones se realizan a trav\u00e9s del servicio de banca en l\u00ednea y en el momento en que usted proporciona informaci\u00f3n por correo electr\u00f3nico (incluido el nombre, la direcci\u00f3n de correo electr\u00f3nico y cualquier otra informaci\u00f3n en el encabezado del correo electr\u00f3nico). <\/span>\n\n<span style=\"font-weight: 400;\">La informaci\u00f3n se recopila para procesar su solicitud, transacci\u00f3n o solicitud de informaci\u00f3n. La informaci\u00f3n se utilizar\u00e1 para satisfacer sus necesidades y solicitudes bancarias y proporcionarle servicios en el futuro. Esta Instituci\u00f3n no vende ni comparte la informaci\u00f3n del cliente con terceros no afiliados, excepto con ciertos proveedores de servicios externos. Estas entidades deber\u00e1n suscribir un acuerdo de confidencialidad con la Instituci\u00f3n que requiere el cumplimiento de la pol\u00edtica y las pr\u00e1cticas de privacidad de la Instituci\u00f3n. Esta Instituci\u00f3n no comparte informaci\u00f3n con empresas que est\u00e9n afiliadas a esta Instituci\u00f3n por control com\u00fan. Compartimos informaci\u00f3n seg\u00fan lo permita la ley para brindarle mejores servicios y m\u00e1s opciones.     <\/span>\n\n<span style=\"font-weight: 400;\">Si no desea que se recoja su informaci\u00f3n personal, podr\u00e1 abstenerse de suministrar la informaci\u00f3n, ya sea a trav\u00e9s de correo electr\u00f3nico o del servicio de banca en l\u00ednea de esta Instituci\u00f3n.<\/span>\n\n<span style=\"font-weight: 400;\">Estamos tomando las siguientes medidas para garantizar la privacidad y exactitud de la informaci\u00f3n recopilada de usted o sobre usted: Garantizar su privacidad financiera es de vital importancia para esta Instituci\u00f3n y sus empleados. Esta Instituci\u00f3n limita el acceso de los empleados a la informaci\u00f3n financiera confidencial del cliente a aquellos con una raz\u00f3n comercial para conocer dicha informaci\u00f3n. Los empleados de la instituci\u00f3n est\u00e1n capacitados para comprender la importancia de la privacidad financiera del cliente y para manejar adecuadamente la informaci\u00f3n confidencial. La Instituci\u00f3n se esfuerza por mantener los registros de clientes m\u00e1s precisos y actualizados posibles. Si encuentra que la informaci\u00f3n de su cuenta no es correcta, actual o completa, ll\u00e1menos o escr\u00edbanos al n\u00famero de tel\u00e9fono o direcci\u00f3n que figura en su estado de cuenta y se realizar\u00e1n las correcciones correspondientes lo antes posible.    <\/span>\n\n<span style=\"font-weight: 400;\">Adem\u00e1s, la informaci\u00f3n que env\u00eda a trav\u00e9s de nuestro servicio de banca en l\u00ednea est\u00e1 protegida por tecnolog\u00eda de encriptaci\u00f3n que codifica la informaci\u00f3n de la cuenta para reducir la posibilidad de acceso por parte de personas no autorizadas fuera de esta instituci\u00f3n. Para proteger a\u00fan m\u00e1s su servicio de banca en l\u00ednea, esta Instituci\u00f3n requiere el uso de un ID y contrase\u00f1a y autenticaci\u00f3n multifactor. <\/span>\n\n<span style=\"font-weight: 400;\">Puede revisar la informaci\u00f3n que recopilamos sobre usted y corregir cualquier error en esa informaci\u00f3n revisando los estados de cuenta y cualquier otra correspondencia nuestra y notific\u00e1ndonos de cualquier informaci\u00f3n inexacta u obsoleta en la direcci\u00f3n o el n\u00famero de tel\u00e9fono que figuran en sus estados de cuenta.<\/span>\n\n<span style=\"font-weight: 400;\">Si tiene preguntas sobre su informaci\u00f3n personal o desea informarnos sobre un posible uso indebido de su informaci\u00f3n, puede hacerlo enviando una carta al Oficial de Cumplimiento de The Croghan Colonial Bank, 323 Croghan Street, Fremont, Ohio, 43420, enviando un telefax al Oficial de Cumplimiento al (419) 355-2100 o llam\u00e1ndonos gratuitamente al 888-276-4426. Tambi\u00e9n puede enviarnos un aviso por correo electr\u00f3nico a trav\u00e9s de nuestro  <\/span><a href=\"https:\/\/croghan.bank\/contact-us\"><b>Formulario de contacto<\/b><\/a><span style=\"font-weight: 400;\">. <\/span> \n\n<span style=\"font-weight: 400;\">Si cree que no hemos cumplido con nuestras obligaciones en la protecci\u00f3n o el uso de su informaci\u00f3n personal, puede presentar una queja ante esta Instituci\u00f3n. Cualquier queja ser\u00e1 manejada de conformidad con la Pol\u00edtica de Quejas del Consumidor de esta Instituci\u00f3n. Las violaciones de la privacidad del cliente se consideran una mala conducta grave del empleado y pueden resultar en el despido del empleado.  <\/span>\n\n<span style=\"font-weight: 400;\">Reconocemos la importancia de proteger la identidad y la privacidad de los ni\u00f1os en l\u00ednea. Nuestro sitio web no est\u00e1 dirigido a ni\u00f1os, y no recopilamos ni mantenemos a sabiendas informaci\u00f3n personal de ni\u00f1os. <\/span>","module_background_color":"white","module_anchor_id":"","module_padding_inner":"noPaddingInner","module_spacing_after":"compactSpacingAfter"}]},"yoast_head":"<!-- This site is optimized with the Yoast SEO plugin v27.5 - https:\/\/yoast.com\/product\/yoast-seo-wordpress\/ -->\n<title>Pol\u00edtica de privacidad | Banco Colonial Croghan<\/title>\n<meta name=\"description\" content=\"C\u00f3mo Croghan Colonial Bank recopila, utiliza y protege tu informaci\u00f3n personal y financiera \u2014 incluyendo la seguridad en l\u00ednea, los l\u00edmites de compartici\u00f3n y tus derechos.\" \/>\n<meta name=\"robots\" content=\"noindex, follow, max-snippet:-1, max-image-preview:large, max-video-preview:-1\" \/>\n<meta property=\"og:locale\" content=\"es_ES\" \/>\n<meta property=\"og:type\" content=\"article\" \/>\n<meta property=\"og:title\" content=\"Pol\u00edtica de privacidad | Banco Colonial Croghan\" \/>\n<meta property=\"og:description\" content=\"C\u00f3mo Croghan Colonial Bank recopila, utiliza y protege tu informaci\u00f3n personal y financiera \u2014 incluyendo la seguridad en l\u00ednea, los l\u00edmites de compartici\u00f3n y tus derechos.\" \/>\n<meta property=\"og:url\" content=\"https:\/\/api.croghan.bank\/es\/politica-de-privacidad\/\" \/>\n<meta property=\"og:site_name\" content=\"Banco Croghan sin cabeza\" \/>\n<meta property=\"article:modified_time\" content=\"2026-04-21T19:42:44+00:00\" \/>\n<meta name=\"twitter:card\" content=\"summary_large_image\" \/>\n<script type=\"application\/ld+json\" class=\"yoast-schema-graph\">{\"@context\":\"https:\\\/\\\/schema.org\",\"@graph\":[{\"@type\":\"WebPage\",\"@id\":\"https:\\\/\\\/api.croghan.bank\\\/es\\\/politica-de-privacidad\\\/\",\"url\":\"https:\\\/\\\/api.croghan.bank\\\/es\\\/politica-de-privacidad\\\/\",\"name\":\"Pol\u00edtica de privacidad | Banco Colonial Croghan\",\"isPartOf\":{\"@id\":\"https:\\\/\\\/api.croghan.bank\\\/es\\\/#website\"},\"datePublished\":\"2025-01-15T20:08:53+00:00\",\"dateModified\":\"2026-04-21T19:42:44+00:00\",\"description\":\"C\u00f3mo Croghan Colonial Bank recopila, utiliza y protege tu informaci\u00f3n personal y financiera \u2014 incluyendo la seguridad en l\u00ednea, los l\u00edmites de compartici\u00f3n y tus derechos.\",\"breadcrumb\":{\"@id\":\"https:\\\/\\\/api.croghan.bank\\\/es\\\/politica-de-privacidad\\\/#breadcrumb\"},\"inLanguage\":\"es\",\"potentialAction\":[{\"@type\":\"ReadAction\",\"target\":[\"https:\\\/\\\/api.croghan.bank\\\/es\\\/politica-de-privacidad\\\/\"]}]},{\"@type\":\"BreadcrumbList\",\"@id\":\"https:\\\/\\\/api.croghan.bank\\\/es\\\/politica-de-privacidad\\\/#breadcrumb\",\"itemListElement\":[{\"@type\":\"ListItem\",\"position\":1,\"name\":\"Hogar\",\"item\":\"https:\\\/\\\/api.croghan.bank\\\/es\\\/\"},{\"@type\":\"ListItem\",\"position\":2,\"name\":\"Pol\u00edtica de privacidad\"}]},{\"@type\":\"WebSite\",\"@id\":\"https:\\\/\\\/api.croghan.bank\\\/es\\\/#website\",\"url\":\"https:\\\/\\\/api.croghan.bank\\\/es\\\/\",\"name\":\"Banco Croghan sin cabeza\",\"description\":\"\",\"potentialAction\":[{\"@type\":\"SearchAction\",\"target\":{\"@type\":\"EntryPoint\",\"urlTemplate\":\"https:\\\/\\\/api.croghan.bank\\\/es\\\/?s={search_term_string}\"},\"query-input\":{\"@type\":\"PropertyValueSpecification\",\"valueRequired\":true,\"valueName\":\"search_term_string\"}}],\"inLanguage\":\"es\"}]}<\/script>\n<!-- \/ Yoast SEO plugin. -->","yoast_head_json":{"title":"Pol\u00edtica de privacidad | Banco Colonial Croghan","description":"C\u00f3mo Croghan Colonial Bank recopila, utiliza y protege tu informaci\u00f3n personal y financiera \u2014 incluyendo la seguridad en l\u00ednea, los l\u00edmites de compartici\u00f3n y tus derechos.","robots":{"index":"noindex","follow":"follow","max-snippet":"max-snippet:-1","max-image-preview":"max-image-preview:large","max-video-preview":"max-video-preview:-1"},"og_locale":"es_ES","og_type":"article","og_title":"Pol\u00edtica de privacidad | Banco Colonial Croghan","og_description":"C\u00f3mo Croghan Colonial Bank recopila, utiliza y protege tu informaci\u00f3n personal y financiera \u2014 incluyendo la seguridad en l\u00ednea, los l\u00edmites de compartici\u00f3n y tus derechos.","og_url":"https:\/\/api.croghan.bank\/es\/politica-de-privacidad\/","og_site_name":"Banco Croghan sin cabeza","article_modified_time":"2026-04-21T19:42:44+00:00","twitter_card":"summary_large_image","schema":{"@context":"https:\/\/schema.org","@graph":[{"@type":"WebPage","@id":"https:\/\/api.croghan.bank\/es\/politica-de-privacidad\/","url":"https:\/\/api.croghan.bank\/es\/politica-de-privacidad\/","name":"Pol\u00edtica de privacidad | Banco Colonial Croghan","isPartOf":{"@id":"https:\/\/api.croghan.bank\/es\/#website"},"datePublished":"2025-01-15T20:08:53+00:00","dateModified":"2026-04-21T19:42:44+00:00","description":"C\u00f3mo Croghan Colonial Bank recopila, utiliza y protege tu informaci\u00f3n personal y financiera \u2014 incluyendo la seguridad en l\u00ednea, los l\u00edmites de compartici\u00f3n y tus derechos.","breadcrumb":{"@id":"https:\/\/api.croghan.bank\/es\/politica-de-privacidad\/#breadcrumb"},"inLanguage":"es","potentialAction":[{"@type":"ReadAction","target":["https:\/\/api.croghan.bank\/es\/politica-de-privacidad\/"]}]},{"@type":"BreadcrumbList","@id":"https:\/\/api.croghan.bank\/es\/politica-de-privacidad\/#breadcrumb","itemListElement":[{"@type":"ListItem","position":1,"name":"Hogar","item":"https:\/\/api.croghan.bank\/es\/"},{"@type":"ListItem","position":2,"name":"Pol\u00edtica de privacidad"}]},{"@type":"WebSite","@id":"https:\/\/api.croghan.bank\/es\/#website","url":"https:\/\/api.croghan.bank\/es\/","name":"Banco Croghan sin cabeza","description":"","potentialAction":[{"@type":"SearchAction","target":{"@type":"EntryPoint","urlTemplate":"https:\/\/api.croghan.bank\/es\/?s={search_term_string}"},"query-input":{"@type":"PropertyValueSpecification","valueRequired":true,"valueName":"search_term_string"}}],"inLanguage":"es"}]}},"_links":{"self":[{"href":"https:\/\/api.croghan.bank\/es\/wp-json\/wp\/v2\/pages\/4458","targetHints":{"allow":["GET"]}}],"collection":[{"href":"https:\/\/api.croghan.bank\/es\/wp-json\/wp\/v2\/pages"}],"about":[{"href":"https:\/\/api.croghan.bank\/es\/wp-json\/wp\/v2\/types\/page"}],"author":[{"embeddable":true,"href":"https:\/\/api.croghan.bank\/es\/wp-json\/wp\/v2\/users\/1"}],"replies":[{"embeddable":true,"href":"https:\/\/api.croghan.bank\/es\/wp-json\/wp\/v2\/comments?post=4458"}],"version-history":[{"count":1,"href":"https:\/\/api.croghan.bank\/es\/wp-json\/wp\/v2\/pages\/4458\/revisions"}],"predecessor-version":[{"id":7562,"href":"https:\/\/api.croghan.bank\/es\/wp-json\/wp\/v2\/pages\/4458\/revisions\/7562"}],"wp:attachment":[{"href":"https:\/\/api.croghan.bank\/es\/wp-json\/wp\/v2\/media?parent=4458"}],"wp:term":[{"taxonomy":"category","embeddable":true,"href":"https:\/\/api.croghan.bank\/es\/wp-json\/wp\/v2\/categories?post=4458"},{"taxonomy":"post_tag","embeddable":true,"href":"https:\/\/api.croghan.bank\/es\/wp-json\/wp\/v2\/tags?post=4458"}],"curies":[{"name":"wp","href":"https:\/\/api.w.org\/{rel}","templated":true}]}}