{"id":4460,"date":"2025-01-15T21:54:13","date_gmt":"2025-01-15T21:54:13","guid":{"rendered":"https:\/\/api.croghan.bank\/mercado-monetario\/"},"modified":"2026-04-21T19:43:13","modified_gmt":"2026-04-21T19:43:13","slug":"mercado-monetario","status":"publish","type":"page","link":"https:\/\/api.croghan.bank\/es\/personal\/cuentas-de-ahorro\/mercado-monetario\/","title":{"rendered":"Mercado monetario"},"content":{"rendered":"","protected":false},"excerpt":{"rendered":"","protected":false},"author":1,"featured_media":0,"parent":4497,"menu_order":0,"comment_status":"closed","ping_status":"closed","template":"","meta":{"_acf_changed":false,"inline_featured_image":false,"footnotes":""},"categories":[50],"tags":[],"class_list":["post-4460","page","type-page","status-publish","hentry","category-personal-es"],"acf":{"modules":[{"acf_fc_layout":"bread_crumb_nav_hero","title":"<h1>Cuentas del mercado monetario<\/h1>","subtitle":"","content":"Las cuentas del mercado monetario ofrecen una tasa de inter\u00e9s m\u00e1s alta que una cuenta de ahorros tradicional, al tiempo que mantienen sus fondos f\u00e1cilmente accesibles. Con intereses escalonados, banca digital segura y seguro de la FDIC, estas cuentas brindan flexibilidad para hacer crecer sus ahorros mientras mantienen la liquidez para cuando la necesite. ","buttons":[{"button":{"link":{"title":"Abrir una cuenta","url":"\/open-an-account","target":"_blank"},"button_style":"solid","button_color":"blue","opens_modal":false,"video":null}},{"button":{"link":{"title":"Cont\u00e1ctenos","url":"\/contact-us","target":""},"button_style":"solid","button_color":"blue","opens_modal":false,"video":null}}],"module_anchor_id":"","module_padding_inner":"noPaddingInner","module_spacing_after":"noSpacingAfter"},{"acf_fc_layout":"floating_cards","eyebrow":"","title":"<h2>Caracter\u00edsticas y beneficios del mercado monetario<\/h2>","content":"","buttons":null,"cards_alignment":"cardsRight","card_style_type":"cardTypeBasic","floating_cards":[{"icon":null,"icon_dark_mode":null,"eyebrow":"","title":"<h3>Ganancias por intereses<\/h3>","description":"Aumente sus ahorros con una tasa de inter\u00e9s competitiva y escalonada que se aplica a todos los saldos.","image":null,"link":null},{"icon":null,"icon_dark_mode":null,"eyebrow":"","title":"<h3>Conveniencia de la banca digital<\/h3>","description":"Acceda a su cuenta en cualquier momento con la banca en l\u00ednea y m\u00f3vil.","image":null,"link":null},{"icon":null,"icon_dark_mode":null,"eyebrow":"","title":"<h3>Asegurado por la FDIC<\/h3>","description":"Sus ahorros est\u00e1n protegidos hasta el l\u00edmite permitido.","image":null,"link":null}],"module_background_style":"accentTriangle","module_anchor_id":"","module_padding_inner":"noPaddingInner","module_spacing_after":"compactSpacingAfter"},{"acf_fc_layout":"full_width_media","media_type":"image","image":null,"video":null,"video_youtube":"","video_poster_image":null,"module_upper_half_background_color":"blue","module_lower_half_background_color":"white","module_anchor_id":"","module_padding_inner":"noPaddingInner","module_spacing_after":"noSpacingAfter"},{"acf_fc_layout":"comparison_cards","eyebrow":"","title":"<h2>Mercado monetario digital vs. mercado monetario: \u00bfcu\u00e1l es el adecuado para usted?<\/h2>","content":"Elegir entre un mercado monetario digital o un mercado monetario depende de su situaci\u00f3n financiera \u00fanica:","comparison_cards":[{"icon":null,"icon_dark_mode":null,"content":"<h3>Mercado de Dinero Digital<\/h3>\nUna cuenta Digital Money Market ofrece tasas de inter\u00e9s m\u00e1s altas y un conveniente acceso en l\u00ednea. Esta cuenta es flexible y segura, al tiempo que garantiza que sus fondos permanezcan l\u00edquidos. "},{"icon":null,"icon_dark_mode":null,"content":"<h3>Mercado monetario<\/h3>\nUna cuenta Money Market se adapta a cualquier plan de ahorros, a la vez que proporciona una tasa de inter\u00e9s m\u00e1s alta que una cuenta de ahorros tradicional. Las cuentas del mercado monetario son flexibles y seguras, lo que le permite mantener la liquidez con sus fondos. "}],"module_anchor_id":"","module_padding_inner":"noPaddingInner","module_spacing_after":"noSpacingAfter"},{"acf_fc_layout":"comparison_table","title":"<h2>Mercado monetario digital vs. mercado monetario: \u00bfcu\u00e1l es el adecuado para usted?<\/h2>","content":"Elegir entre un mercado monetario digital o un mercado monetario depende de su situaci\u00f3n financiera \u00fanica:","table_layout_columns":"tableTwoColumns","table_2_column":null,"table_3_column":[{"column_1":"","column_2":"Mercado de Dinero Digital","column_3":"Mercado monetario"},{"column_1":"M\u00ednimo para abrir","column_2":"$25,000.00","column_3":"$10,000.00"},{"column_1":"Cargo mensual por servicio","column_2":"$10.00","column_3":"$14.00"},{"column_1":"C\u00f3mo evitar el cargo mensual por servicio","column_2":"Inscr\u00edbase y mantenga su inscripci\u00f3n en estados de cuenta electr\u00f3nicos.","column_3":"<ul>\n \t<li>Mantener un Saldo Diario M\u00ednimo de $10,000.00 para evitar $10.00 del Cargo Mensual por Servicio<\/li>\n<\/ul>\n<ul>\n \t<li>Inscr\u00edbase y mantenga la inscripci\u00f3n en los estados de cuenta electr\u00f3nicos para evitar $4.00 del cargo mensual por servicio<\/li>\n<\/ul>"},{"column_1":"Intereses pagados","column_2":"S\u00ed, escalonado","column_3":"S\u00ed; Niveles"},{"column_1":"Beneficios digitales incluidos","column_2":"Banca en L\u00ednea, Banca M\u00f3vil, Red de Cajeros Autom\u00e1ticos MoneyPass (cajeros autom\u00e1ticos sin recargo en todo el pa\u00eds)","column_3":"Banca en L\u00ednea, Banca M\u00f3vil"}],"table_4_column":null,"table_5_column":null,"module_anchor_id":"","module_padding_inner":"noPaddingInner","module_spacing_after":"defaultSpacingAfter"},{"acf_fc_layout":"six_column_icon_cards","section_title":"<h2>Beneficios digitales incluidos:<\/h2>","cards":[{"icon":null,"icon_dark_mode":null,"title":"Banca en l\u00ednea","link_url":""},{"icon":null,"icon_dark_mode":null,"title":"Banca M\u00f3vil","link_url":""},{"icon":null,"icon_dark_mode":null,"title":"Red de cajeros autom\u00e1ticos MoneyPass","link_url":""}],"module_anchor_id":"","module_padding_inner":"noPaddingInner","module_spacing_after":"defaultSpacingAfter"},{"acf_fc_layout":"floating_cards","eyebrow":"","title":"<h2>Lo que puedes esperar de Croghan<\/h2>","content":"Elegir una cuenta Money Market con Croghan significa que se est\u00e1 asociando con un banco dedicado a ayudarlo a alcanzar sus objetivos financieros con facilidad y seguridad.","buttons":null,"cards_alignment":"cardsRight","card_style_type":"cardTypeBasic","floating_cards":[{"icon":null,"icon_dark_mode":null,"eyebrow":"","title":"<h3>Banca simple y transparente<\/h3>","description":"Abrir su cuenta Money Market es sencillo, sin tarifas ni t\u00e9rminos complicados. Nuestro equipo lo guiar\u00e1 a trav\u00e9s del proceso, ayud\u00e1ndolo a aprovechar al m\u00e1ximo las caracter\u00edsticas y beneficios de su cuenta. ","image":null,"link":null},{"icon":null,"icon_dark_mode":null,"eyebrow":"","title":"<h3>Soporte Personalizado<\/h3>","description":"Estamos comprometidos a brindar un servicio personalizado. Ya sea que necesite ayuda para abrir su cuenta, comprender los beneficios o realizar un seguimiento del crecimiento de sus ahorros, nuestro amable equipo est\u00e1 aqu\u00ed para ayudarlo. ","image":null,"link":null},{"icon":null,"icon_dark_mode":null,"eyebrow":"","title":"<h3>Acceso c\u00f3modo y seguro<\/h3>","description":"Con la banca en l\u00ednea y m\u00f3vil, tendr\u00e1 acceso a su cuenta las 24 horas del d\u00eda, los 7 d\u00edas de la semana para monitorear su saldo, realizar un seguimiento de las ganancias por intereses y realizar transacciones a su conveniencia. Tambi\u00e9n ofrecemos retiros en ventanilla, para que puedas acceder a tu dinero cuando lo necesites. ","image":null,"link":null}],"module_background_style":"accentTriangle","module_anchor_id":"","module_padding_inner":"noPaddingInner","module_spacing_after":"defaultSpacingAfter"},{"acf_fc_layout":"content_card_pattern_accent","image":null,"eyebrow":"","title":"<h2>Lo que puedes esperar de Croghan<\/h2>","content":"Elegir una cuenta Money Market con Croghan significa que se est\u00e1 asociando con un banco dedicado a ayudarlo a alcanzar sus objetivos financieros con facilidad y seguridad.","buttons":[{"button":{"link":{"title":"Abrir una cuenta","url":"\/open-an-account","target":"_blank"},"button_style":"solid","button_color":"blue","opens_modal":false,"video":null}},{"button":{"link":{"title":"Ll\u00e1manos","url":"tel:8882764426","target":""},"button_style":"solid","button_color":"blue","opens_modal":false,"video":null}}],"disclaimer":"","module_image_alignment":"imageLeft","module_card_background_color":"cardBackgroundBlue","module_anchor_id":"","module_padding_inner":"noPaddingInner","module_spacing_after":"defaultSpacingAfter"},{"acf_fc_layout":"accordion","eyebrow":null,"accordion_items":null,"module_anchor_id":null,"module_padding_inner":null,"module_spacing_after":null},{"acf_fc_layout":"location_pre_footer","module_anchor_id":"","module_padding_inner":"noPaddingInner","module_spacing_after":"noSpacingAfter"}]},"yoast_head":"<!-- This site is optimized with the Yoast SEO plugin v27.5 - https:\/\/yoast.com\/product\/yoast-seo-wordpress\/ -->\n<title>Cuenta del Mercado Monetario | Banco Colonial Croghan<\/title>\n<meta name=\"description\" content=\"Obt\u00e9n tipos de inter\u00e9s en el mercado monetario escalonados con acceso a la emisi\u00f3n de cheques y banca online completa. Abre hoy una cuenta personal de ahorro en Croghan Money Market.\" \/>\n<meta name=\"robots\" content=\"noindex, follow, max-snippet:-1, max-image-preview:large, max-video-preview:-1\" \/>\n<meta property=\"og:locale\" content=\"es_ES\" \/>\n<meta property=\"og:type\" content=\"article\" \/>\n<meta property=\"og:title\" content=\"Cuenta del Mercado Monetario | Banco Colonial Croghan\" \/>\n<meta property=\"og:description\" content=\"Obt\u00e9n tipos de inter\u00e9s en el mercado monetario escalonados con acceso a la emisi\u00f3n de cheques y banca online completa. Abre hoy una cuenta personal de ahorro en Croghan Money Market.\" \/>\n<meta property=\"og:url\" content=\"https:\/\/api.croghan.bank\/es\/personal\/cuentas-de-ahorro\/mercado-monetario\/\" \/>\n<meta property=\"og:site_name\" content=\"Banco Croghan sin cabeza\" \/>\n<meta property=\"article:modified_time\" content=\"2026-04-21T19:43:13+00:00\" \/>\n<meta name=\"twitter:card\" content=\"summary_large_image\" \/>\n<script type=\"application\/ld+json\" class=\"yoast-schema-graph\">{\"@context\":\"https:\\\/\\\/schema.org\",\"@graph\":[{\"@type\":\"WebPage\",\"@id\":\"https:\\\/\\\/api.croghan.bank\\\/es\\\/personal\\\/cuentas-de-ahorro\\\/mercado-monetario\\\/\",\"url\":\"https:\\\/\\\/api.croghan.bank\\\/es\\\/personal\\\/cuentas-de-ahorro\\\/mercado-monetario\\\/\",\"name\":\"Cuenta del Mercado Monetario | Banco Colonial Croghan\",\"isPartOf\":{\"@id\":\"https:\\\/\\\/api.croghan.bank\\\/es\\\/#website\"},\"datePublished\":\"2025-01-15T21:54:13+00:00\",\"dateModified\":\"2026-04-21T19:43:13+00:00\",\"description\":\"Obt\u00e9n tipos de inter\u00e9s en el mercado monetario escalonados con acceso a la emisi\u00f3n de cheques y banca online completa. Abre hoy una cuenta personal de ahorro en Croghan Money Market.\",\"breadcrumb\":{\"@id\":\"https:\\\/\\\/api.croghan.bank\\\/es\\\/personal\\\/cuentas-de-ahorro\\\/mercado-monetario\\\/#breadcrumb\"},\"inLanguage\":\"es\",\"potentialAction\":[{\"@type\":\"ReadAction\",\"target\":[\"https:\\\/\\\/api.croghan.bank\\\/es\\\/personal\\\/cuentas-de-ahorro\\\/mercado-monetario\\\/\"]}]},{\"@type\":\"BreadcrumbList\",\"@id\":\"https:\\\/\\\/api.croghan.bank\\\/es\\\/personal\\\/cuentas-de-ahorro\\\/mercado-monetario\\\/#breadcrumb\",\"itemListElement\":[{\"@type\":\"ListItem\",\"position\":1,\"name\":\"Hogar\",\"item\":\"https:\\\/\\\/api.croghan.bank\\\/es\\\/\"},{\"@type\":\"ListItem\",\"position\":2,\"name\":\"Personal\",\"item\":\"https:\\\/\\\/api.croghan.bank\\\/es\\\/personal\\\/\"},{\"@type\":\"ListItem\",\"position\":3,\"name\":\"Cuentas de Ahorro\",\"item\":\"https:\\\/\\\/api.croghan.bank\\\/es\\\/personal\\\/cuentas-de-ahorro\\\/\"},{\"@type\":\"ListItem\",\"position\":4,\"name\":\"Mercado monetario\"}]},{\"@type\":\"WebSite\",\"@id\":\"https:\\\/\\\/api.croghan.bank\\\/es\\\/#website\",\"url\":\"https:\\\/\\\/api.croghan.bank\\\/es\\\/\",\"name\":\"Banco Croghan sin cabeza\",\"description\":\"\",\"potentialAction\":[{\"@type\":\"SearchAction\",\"target\":{\"@type\":\"EntryPoint\",\"urlTemplate\":\"https:\\\/\\\/api.croghan.bank\\\/es\\\/?s={search_term_string}\"},\"query-input\":{\"@type\":\"PropertyValueSpecification\",\"valueRequired\":true,\"valueName\":\"search_term_string\"}}],\"inLanguage\":\"es\"}]}<\/script>\n<!-- \/ Yoast SEO plugin. -->","yoast_head_json":{"title":"Cuenta del Mercado Monetario | Banco Colonial Croghan","description":"Obt\u00e9n tipos de inter\u00e9s en el mercado monetario escalonados con acceso a la emisi\u00f3n de cheques y banca online completa. Abre hoy una cuenta personal de ahorro en Croghan Money Market.","robots":{"index":"noindex","follow":"follow","max-snippet":"max-snippet:-1","max-image-preview":"max-image-preview:large","max-video-preview":"max-video-preview:-1"},"og_locale":"es_ES","og_type":"article","og_title":"Cuenta del Mercado Monetario | Banco Colonial Croghan","og_description":"Obt\u00e9n tipos de inter\u00e9s en el mercado monetario escalonados con acceso a la emisi\u00f3n de cheques y banca online completa. Abre hoy una cuenta personal de ahorro en Croghan Money Market.","og_url":"https:\/\/api.croghan.bank\/es\/personal\/cuentas-de-ahorro\/mercado-monetario\/","og_site_name":"Banco Croghan sin cabeza","article_modified_time":"2026-04-21T19:43:13+00:00","twitter_card":"summary_large_image","schema":{"@context":"https:\/\/schema.org","@graph":[{"@type":"WebPage","@id":"https:\/\/api.croghan.bank\/es\/personal\/cuentas-de-ahorro\/mercado-monetario\/","url":"https:\/\/api.croghan.bank\/es\/personal\/cuentas-de-ahorro\/mercado-monetario\/","name":"Cuenta del Mercado Monetario | Banco Colonial Croghan","isPartOf":{"@id":"https:\/\/api.croghan.bank\/es\/#website"},"datePublished":"2025-01-15T21:54:13+00:00","dateModified":"2026-04-21T19:43:13+00:00","description":"Obt\u00e9n tipos de inter\u00e9s en el mercado monetario escalonados con acceso a la emisi\u00f3n de cheques y banca online completa. Abre hoy una cuenta personal de ahorro en Croghan Money Market.","breadcrumb":{"@id":"https:\/\/api.croghan.bank\/es\/personal\/cuentas-de-ahorro\/mercado-monetario\/#breadcrumb"},"inLanguage":"es","potentialAction":[{"@type":"ReadAction","target":["https:\/\/api.croghan.bank\/es\/personal\/cuentas-de-ahorro\/mercado-monetario\/"]}]},{"@type":"BreadcrumbList","@id":"https:\/\/api.croghan.bank\/es\/personal\/cuentas-de-ahorro\/mercado-monetario\/#breadcrumb","itemListElement":[{"@type":"ListItem","position":1,"name":"Hogar","item":"https:\/\/api.croghan.bank\/es\/"},{"@type":"ListItem","position":2,"name":"Personal","item":"https:\/\/api.croghan.bank\/es\/personal\/"},{"@type":"ListItem","position":3,"name":"Cuentas de Ahorro","item":"https:\/\/api.croghan.bank\/es\/personal\/cuentas-de-ahorro\/"},{"@type":"ListItem","position":4,"name":"Mercado monetario"}]},{"@type":"WebSite","@id":"https:\/\/api.croghan.bank\/es\/#website","url":"https:\/\/api.croghan.bank\/es\/","name":"Banco Croghan sin cabeza","description":"","potentialAction":[{"@type":"SearchAction","target":{"@type":"EntryPoint","urlTemplate":"https:\/\/api.croghan.bank\/es\/?s={search_term_string}"},"query-input":{"@type":"PropertyValueSpecification","valueRequired":true,"valueName":"search_term_string"}}],"inLanguage":"es"}]}},"_links":{"self":[{"href":"https:\/\/api.croghan.bank\/es\/wp-json\/wp\/v2\/pages\/4460","targetHints":{"allow":["GET"]}}],"collection":[{"href":"https:\/\/api.croghan.bank\/es\/wp-json\/wp\/v2\/pages"}],"about":[{"href":"https:\/\/api.croghan.bank\/es\/wp-json\/wp\/v2\/types\/page"}],"author":[{"embeddable":true,"href":"https:\/\/api.croghan.bank\/es\/wp-json\/wp\/v2\/users\/1"}],"replies":[{"embeddable":true,"href":"https:\/\/api.croghan.bank\/es\/wp-json\/wp\/v2\/comments?post=4460"}],"version-history":[{"count":1,"href":"https:\/\/api.croghan.bank\/es\/wp-json\/wp\/v2\/pages\/4460\/revisions"}],"predecessor-version":[{"id":7608,"href":"https:\/\/api.croghan.bank\/es\/wp-json\/wp\/v2\/pages\/4460\/revisions\/7608"}],"up":[{"embeddable":true,"href":"https:\/\/api.croghan.bank\/es\/wp-json\/wp\/v2\/pages\/4497"}],"wp:attachment":[{"href":"https:\/\/api.croghan.bank\/es\/wp-json\/wp\/v2\/media?parent=4460"}],"wp:term":[{"taxonomy":"category","embeddable":true,"href":"https:\/\/api.croghan.bank\/es\/wp-json\/wp\/v2\/categories?post=4460"},{"taxonomy":"post_tag","embeddable":true,"href":"https:\/\/api.croghan.bank\/es\/wp-json\/wp\/v2\/tags?post=4460"}],"curies":[{"name":"wp","href":"https:\/\/api.w.org\/{rel}","templated":true}]}}