{"id":4461,"date":"2025-01-16T20:30:19","date_gmt":"2025-01-16T20:30:19","guid":{"rendered":"https:\/\/api.croghan.bank\/solicitar-una-hipoteca\/"},"modified":"2026-04-21T19:42:48","modified_gmt":"2026-04-21T19:42:48","slug":"solicitar-una-hipoteca","status":"publish","type":"page","link":"https:\/\/api.croghan.bank\/es\/recursos\/solicitar-una-hipoteca\/","title":{"rendered":"Solicitar una hipoteca"},"content":{"rendered":"","protected":false},"excerpt":{"rendered":"","protected":false},"author":1,"featured_media":0,"parent":4469,"menu_order":0,"comment_status":"closed","ping_status":"closed","template":"","meta":{"_acf_changed":false,"inline_featured_image":false,"footnotes":""},"categories":[],"tags":[],"class_list":["post-4461","page","type-page","status-publish","hentry"],"acf":{"modules":[{"acf_fc_layout":"bread_crumb_nav_hero","title":"<h1>Solicitar una hipoteca<\/h1>","subtitle":"","content":"Obtener una hipoteca puede parecer un proceso complejo, pero Croghan Colonial Bank est\u00e1 aqu\u00ed para guiarlo en cada paso del camino. Con cuatro hitos clave, nos encargamos de la mayor parte del trabajo pesado, para que pueda concentrarse en lo que es importante: prepararse para mudarse a su nuevo hogar y ahorrar dinero. ","buttons":null,"module_anchor_id":"","module_padding_inner":"noPaddingInner","module_spacing_after":"defaultSpacingAfter"},{"acf_fc_layout":"sidebar_links_and_content","functionality_type":"static","selected_menu":"3","selected_menu_item":"63","content_items":[{"card_type":"B\u00e1sico","sidebar_label":"Proceso de Pr\u00e9stamo Hipotecario","image":3791,"title":"Simplifique su proceso hipotecario","content":"Obtener una hipoteca no tiene por qu\u00e9 ser abrumador. En Croghan, dividimos el proceso en pasos claros y manejables. Desde determinar cu\u00e1nto puede pedir prestado hasta el financiamiento final, lo guiamos a trav\u00e9s de cada etapa para garantizar una experiencia de compra de vivienda sin problemas.  ","buttons":[{"button":{"link":{"title":"Aprende m\u00e1s","url":"\/resources\/applying-for-a-mortgage\/mortgage-loan-process","target":""},"button_style":"solid","button_color":"dBlue","opens_modal":false,"video":null},"open_flyout":false}],"flyout_content":{"interactive_flyout_modules":{"interactive_flyout":null}}},{"card_type":"B\u00e1sico","sidebar_label":"Lista de verificaci\u00f3n de la aplicaci\u00f3n","image":3792,"title":"Prep\u00e1rese con facilidad","content":"El proceso de solicitud de hipoteca requiere documentos espec\u00edficos para garantizar que su pr\u00e9stamo se apruebe de manera r\u00e1pida y eficiente. Hemos creado una lista de verificaci\u00f3n completa para ayudarlo a recopilar todo lo que necesita, para que pueda evitar retrasos innecesarios y reducir el estr\u00e9s. ","buttons":[{"button":{"link":{"title":"Aprende m\u00e1s","url":"\/resources\/applying-for-a-mortgage\/application-checklist","target":""},"button_style":"solid","button_color":"dBlue","opens_modal":false,"video":null},"open_flyout":false}],"flyout_content":{"interactive_flyout_modules":{"interactive_flyout":null}}},{"card_type":"B\u00e1sico","sidebar_label":"Obtenga la aprobaci\u00f3n m\u00e1s r\u00e1pido","image":3793,"title":"Acelere su aprobaci\u00f3n","content":"En Croghan Colonial Bank, brindamos orientaci\u00f3n experta para ayudarlo a obtener la aprobaci\u00f3n r\u00e1pidamente. Adem\u00e1s de trabajar con nuestro equipo, hay varios pasos clave que puede tomar para agilizar el proceso y garantizar una decisi\u00f3n de pr\u00e9stamo m\u00e1s r\u00e1pida. ","buttons":[{"button":{"link":{"title":"Aprende m\u00e1s","url":"\/resources\/applying-for-a-mortgage\/get-approved-faster","target":""},"button_style":"solid","button_color":"dBlue","opens_modal":false,"video":null},"open_flyout":false}],"flyout_content":{"interactive_flyout_modules":{"interactive_flyout":null}}},{"card_type":"B\u00e1sico","sidebar_label":"\u00bfCu\u00e1nto puedes pagar?","image":3794,"title":"Determine su presupuesto","content":"Saber cu\u00e1nto puede pagar es una parte esencial del proceso de compra de una vivienda. Proporcionamos herramientas y recursos \u00fatiles para evaluar su presupuesto, asegur\u00e1ndonos de que tome decisiones informadas que se alineen con sus objetivos financieros. ","buttons":[{"button":{"link":{"title":"Aprende m\u00e1s","url":"\/resources\/applying-for-a-mortgage\/how-much-can-you-afford","target":""},"button_style":"solid","button_color":"dBlue","opens_modal":false,"video":null},"open_flyout":false}],"flyout_content":{"interactive_flyout_modules":{"interactive_flyout":null}}},{"card_type":"B\u00e1sico","sidebar_label":"Conceptos b\u00e1sicos para la compra de una vivienda","image":3795,"title":"Pasos para comprar su casa","content":"Ya sea que sea un comprador de vivienda por primera vez o tenga experiencia, comprender los conceptos b\u00e1sicos del proceso de compra de una vivienda lo ayudar\u00e1 a tomar decisiones seguras. Desde la elecci\u00f3n de una hipoteca hasta el cierre del trato, le proporcionamos los recursos que necesita para navegar con \u00e9xito el proceso de compra de una vivienda. ","buttons":[{"button":{"link":{"title":"Aprende m\u00e1s","url":"\/resources\/applying-for-a-mortgage\/home-purchase-basics","target":""},"button_style":"solid","button_color":"dBlue","opens_modal":false,"video":null},"open_flyout":false}],"flyout_content":{"interactive_flyout_modules":{"interactive_flyout":null}}},{"card_type":"B\u00e1sico","sidebar_label":"Costos de cierre","image":3796,"title":"Entendiendo sus Costos de Cierre","content":"Los costos de cierre pueden ser una parte importante del proceso de compra de una vivienda. Le explicamos los diferentes tipos de costos de cierre y le proporcionamos recursos para ayudarlo a presupuestar sus costos, para que est\u00e9 completamente preparado cuando llegue el momento de cerrar la compra de su nueva casa. ","buttons":[{"button":{"link":{"title":"Aprende m\u00e1s","url":"\/resources\/applying-for-a-mortgage\/closing-costs","target":""},"button_style":"solid","button_color":"dBlue","opens_modal":false,"video":null},"open_flyout":false}],"flyout_content":{"interactive_flyout_modules":{"interactive_flyout":null}}},{"card_type":"B\u00e1sico","sidebar_label":"PMI","image":3798,"title":"Entendiendo el Seguro Hipotecario Privado","content":"El seguro hipotecario privado (PMI, por sus siglas en ingl\u00e9s) puede ser requerido cuando tiene un pago inicial m\u00e1s peque\u00f1o en la compra de su vivienda. Te explicamos qu\u00e9 es el PMI, cu\u00e1ndo es necesario y c\u00f3mo puede afectar los pagos de tu hipoteca. ","buttons":[{"button":{"link":{"title":"Aprende m\u00e1s","url":"\/resources\/applying-for-a-mortgage\/pmi","target":""},"button_style":"solid","button_color":"dBlue","opens_modal":false,"video":null},"open_flyout":false}],"flyout_content":{"interactive_flyout_modules":{"interactive_flyout":null}}},{"card_type":"B\u00e1sico","sidebar_label":"\u00bfQu\u00e9 es una cuenta de dep\u00f3sito en garant\u00eda?","image":3799,"title":"Administrar su cuenta de dep\u00f3sito en garant\u00eda","content":"Una cuenta de dep\u00f3sito en garant\u00eda ayuda a administrar los fondos para los impuestos sobre la propiedad y las primas de seguros. Proporcionamos informaci\u00f3n clara sobre c\u00f3mo funcionan las cuentas de dep\u00f3sito en garant\u00eda y c\u00f3mo pueden beneficiarlo durante la vida de su hipoteca. ","buttons":[{"button":{"link":{"title":"Aprende m\u00e1s","url":"\/resources\/applying-for-a-mortgage\/whats-an-escrow-account","target":""},"button_style":"solid","button_color":"dBlue","opens_modal":false,"video":null},"open_flyout":false}],"flyout_content":{"interactive_flyout_modules":{"interactive_flyout":null}}}],"module_anchor_id":"","module_padding_inner":"noPaddingInner","module_spacing_after":"defaultSpacingAfter"},{"acf_fc_layout":"content_card_pattern_accent","image":3790,"eyebrow":"","title":"<h2>Costos y consideraciones para la compra de una vivienda<\/h2>","content":"Comprar una casa es un paso emocionante, pero conlleva compromisos financieros que pueden resultar abrumadores. En Croghan Colonial Bank, creemos que comprender los costos involucrados es clave para tomar decisiones informadas que lo preparen para el \u00e9xito en la propiedad de una vivienda. \n\n<strong>Es importante prepararse para todos los aspectos de ser propietario de una vivienda.  <\/strong><strong>Al saber qu\u00e9 esperar financieramente, se sentir\u00e1 m\u00e1s seguro y listo para hacer que su experiencia de compra de vivienda sea lo m\u00e1s fluida posible.<\/strong>\n\nEs por eso que estamos aqu\u00ed para ayudarlo a navegar por los costos y consideraciones que conlleva la compra de una casa. Desde la comprensi\u00f3n de los pagos iniciales y los pagos de la hipoteca hasta la anticipaci\u00f3n de los costos de cierre, le brindamos las herramientas y el conocimiento para asegurarnos de que est\u00e9 financieramente preparado para este gran paso. ","buttons":[{"button":{"link":{"title":"Visite el Centro Educativo","url":"\/resources\/education-center","target":""},"button_style":"solid","button_color":"dBlue","opens_modal":false,"video":null}}],"disclaimer":"","module_image_alignment":"imageLeft","module_card_background_color":"cardBackgroundBlue","module_anchor_id":"","module_padding_inner":"paddingInnerBottom","module_spacing_after":"compactSpacingAfter"},{"acf_fc_layout":"horizontal_cards_slider","eyebrow":"","title":"<h2>Rese\u00f1as que hablan por s\u00ed mismas.<\/h2>","content":"","slider_cards":[{"card_type":"testimonial","card_media_type":"image","rating":5,"number":"","content":"\u00a1No hay nada como el servicio bancario de un pueblo peque\u00f1o! El personal de la sede de Curtice ha sido fenomenal ayudando a mi padre cuando le ha aparecido demencia y ayud\u00e1ndome a gestionar su dinero desde lejos.  \u00a1Jaime fue la mayor ayuda para nosotros!","author":"Amy D.","image":null,"video":null,"video_poster_image":null,"links":null},{"card_type":"testimonial","card_media_type":"image","rating":5,"number":"","content":"\u00a1Un gran banco local que elimin\u00f3 toda la burocracia y asegur\u00f3 un buen pr\u00e9stamo hipotecario para mi prometido y para m\u00ed a una tasa excelente! Trabajaron con nosotros y se tomaron el tiempo para comprender nuestro historial de trabajo anterior, lo que necesit\u00e1bamos de ellos y brindaron asistencia durante todo el proceso. ","author":"Casey C.","image":null,"video":null,"video_poster_image":null,"links":null},{"card_type":"testimonial","card_media_type":"image","rating":5,"number":"","content":"Siempre amable y con un servicio excepcional.","author":"Matthew M.","image":null,"video":null,"video_poster_image":null,"links":null}],"module_background_color":"white","module_anchor_id":"","module_padding_inner":"noPaddingInner","module_spacing_after":"defaultSpacingAfter"},{"acf_fc_layout":"accordion","eyebrow":null,"accordion_items":null,"module_anchor_id":null,"module_padding_inner":null,"module_spacing_after":null},{"acf_fc_layout":"location_pre_footer","module_anchor_id":"","module_padding_inner":"noPaddingInner","module_spacing_after":"defaultSpacingAfter"}]},"yoast_head":"<!-- This site is optimized with the Yoast SEO plugin v27.5 - https:\/\/yoast.com\/product\/yoast-seo-wordpress\/ -->\n<title>C\u00f3mo solicitar una hipoteca | Banco Colonial Croghan<\/title>\n<meta name=\"description\" content=\"Gu\u00eda paso a paso del proceso hipotecario Croghan \u2014 desde la preaprobaci\u00f3n y la lista de verificaci\u00f3n de la solicitud hasta los costes de cierre, la custodia y el PMI. Prep\u00e1rate de forma m\u00e1s inteligente.\" \/>\n<meta name=\"robots\" content=\"noindex, follow, max-snippet:-1, max-image-preview:large, max-video-preview:-1\" \/>\n<meta property=\"og:locale\" content=\"es_ES\" \/>\n<meta property=\"og:type\" content=\"article\" \/>\n<meta property=\"og:title\" content=\"C\u00f3mo solicitar una hipoteca | Banco Colonial Croghan\" \/>\n<meta property=\"og:description\" content=\"Gu\u00eda paso a paso del proceso hipotecario Croghan \u2014 desde la preaprobaci\u00f3n y la lista de verificaci\u00f3n de la solicitud hasta los costes de cierre, la custodia y el PMI. Prep\u00e1rate de forma m\u00e1s inteligente.\" \/>\n<meta property=\"og:url\" content=\"https:\/\/api.croghan.bank\/es\/recursos\/solicitar-una-hipoteca\/\" \/>\n<meta property=\"og:site_name\" content=\"Banco Croghan sin cabeza\" \/>\n<meta property=\"article:modified_time\" content=\"2026-04-21T19:42:48+00:00\" \/>\n<meta name=\"twitter:card\" content=\"summary_large_image\" \/>\n<script type=\"application\/ld+json\" class=\"yoast-schema-graph\">{\"@context\":\"https:\\\/\\\/schema.org\",\"@graph\":[{\"@type\":\"WebPage\",\"@id\":\"https:\\\/\\\/api.croghan.bank\\\/es\\\/recursos\\\/solicitar-una-hipoteca\\\/\",\"url\":\"https:\\\/\\\/api.croghan.bank\\\/es\\\/recursos\\\/solicitar-una-hipoteca\\\/\",\"name\":\"C\u00f3mo solicitar una hipoteca | Banco Colonial Croghan\",\"isPartOf\":{\"@id\":\"https:\\\/\\\/api.croghan.bank\\\/es\\\/#website\"},\"datePublished\":\"2025-01-16T20:30:19+00:00\",\"dateModified\":\"2026-04-21T19:42:48+00:00\",\"description\":\"Gu\u00eda paso a paso del proceso hipotecario Croghan \u2014 desde la preaprobaci\u00f3n y la lista de verificaci\u00f3n de la solicitud hasta los costes de cierre, la custodia y el PMI. Prep\u00e1rate de forma m\u00e1s inteligente.\",\"breadcrumb\":{\"@id\":\"https:\\\/\\\/api.croghan.bank\\\/es\\\/recursos\\\/solicitar-una-hipoteca\\\/#breadcrumb\"},\"inLanguage\":\"es\",\"potentialAction\":[{\"@type\":\"ReadAction\",\"target\":[\"https:\\\/\\\/api.croghan.bank\\\/es\\\/recursos\\\/solicitar-una-hipoteca\\\/\"]}]},{\"@type\":\"BreadcrumbList\",\"@id\":\"https:\\\/\\\/api.croghan.bank\\\/es\\\/recursos\\\/solicitar-una-hipoteca\\\/#breadcrumb\",\"itemListElement\":[{\"@type\":\"ListItem\",\"position\":1,\"name\":\"Hogar\",\"item\":\"https:\\\/\\\/api.croghan.bank\\\/es\\\/\"},{\"@type\":\"ListItem\",\"position\":2,\"name\":\"Recursos\",\"item\":\"https:\\\/\\\/api.croghan.bank\\\/es\\\/recursos\\\/\"},{\"@type\":\"ListItem\",\"position\":3,\"name\":\"Solicitar una hipoteca\"}]},{\"@type\":\"WebSite\",\"@id\":\"https:\\\/\\\/api.croghan.bank\\\/es\\\/#website\",\"url\":\"https:\\\/\\\/api.croghan.bank\\\/es\\\/\",\"name\":\"Banco Croghan sin cabeza\",\"description\":\"\",\"potentialAction\":[{\"@type\":\"SearchAction\",\"target\":{\"@type\":\"EntryPoint\",\"urlTemplate\":\"https:\\\/\\\/api.croghan.bank\\\/es\\\/?s={search_term_string}\"},\"query-input\":{\"@type\":\"PropertyValueSpecification\",\"valueRequired\":true,\"valueName\":\"search_term_string\"}}],\"inLanguage\":\"es\"}]}<\/script>\n<!-- \/ Yoast SEO plugin. -->","yoast_head_json":{"title":"C\u00f3mo solicitar una hipoteca | Banco Colonial Croghan","description":"Gu\u00eda paso a paso del proceso hipotecario Croghan \u2014 desde la preaprobaci\u00f3n y la lista de verificaci\u00f3n de la solicitud hasta los costes de cierre, la custodia y el PMI. Prep\u00e1rate de forma m\u00e1s inteligente.","robots":{"index":"noindex","follow":"follow","max-snippet":"max-snippet:-1","max-image-preview":"max-image-preview:large","max-video-preview":"max-video-preview:-1"},"og_locale":"es_ES","og_type":"article","og_title":"C\u00f3mo solicitar una hipoteca | Banco Colonial Croghan","og_description":"Gu\u00eda paso a paso del proceso hipotecario Croghan \u2014 desde la preaprobaci\u00f3n y la lista de verificaci\u00f3n de la solicitud hasta los costes de cierre, la custodia y el PMI. Prep\u00e1rate de forma m\u00e1s inteligente.","og_url":"https:\/\/api.croghan.bank\/es\/recursos\/solicitar-una-hipoteca\/","og_site_name":"Banco Croghan sin cabeza","article_modified_time":"2026-04-21T19:42:48+00:00","twitter_card":"summary_large_image","schema":{"@context":"https:\/\/schema.org","@graph":[{"@type":"WebPage","@id":"https:\/\/api.croghan.bank\/es\/recursos\/solicitar-una-hipoteca\/","url":"https:\/\/api.croghan.bank\/es\/recursos\/solicitar-una-hipoteca\/","name":"C\u00f3mo solicitar una hipoteca | Banco Colonial Croghan","isPartOf":{"@id":"https:\/\/api.croghan.bank\/es\/#website"},"datePublished":"2025-01-16T20:30:19+00:00","dateModified":"2026-04-21T19:42:48+00:00","description":"Gu\u00eda paso a paso del proceso hipotecario Croghan \u2014 desde la preaprobaci\u00f3n y la lista de verificaci\u00f3n de la solicitud hasta los costes de cierre, la custodia y el PMI. Prep\u00e1rate de forma m\u00e1s inteligente.","breadcrumb":{"@id":"https:\/\/api.croghan.bank\/es\/recursos\/solicitar-una-hipoteca\/#breadcrumb"},"inLanguage":"es","potentialAction":[{"@type":"ReadAction","target":["https:\/\/api.croghan.bank\/es\/recursos\/solicitar-una-hipoteca\/"]}]},{"@type":"BreadcrumbList","@id":"https:\/\/api.croghan.bank\/es\/recursos\/solicitar-una-hipoteca\/#breadcrumb","itemListElement":[{"@type":"ListItem","position":1,"name":"Hogar","item":"https:\/\/api.croghan.bank\/es\/"},{"@type":"ListItem","position":2,"name":"Recursos","item":"https:\/\/api.croghan.bank\/es\/recursos\/"},{"@type":"ListItem","position":3,"name":"Solicitar una hipoteca"}]},{"@type":"WebSite","@id":"https:\/\/api.croghan.bank\/es\/#website","url":"https:\/\/api.croghan.bank\/es\/","name":"Banco Croghan sin cabeza","description":"","potentialAction":[{"@type":"SearchAction","target":{"@type":"EntryPoint","urlTemplate":"https:\/\/api.croghan.bank\/es\/?s={search_term_string}"},"query-input":{"@type":"PropertyValueSpecification","valueRequired":true,"valueName":"search_term_string"}}],"inLanguage":"es"}]}},"_links":{"self":[{"href":"https:\/\/api.croghan.bank\/es\/wp-json\/wp\/v2\/pages\/4461","targetHints":{"allow":["GET"]}}],"collection":[{"href":"https:\/\/api.croghan.bank\/es\/wp-json\/wp\/v2\/pages"}],"about":[{"href":"https:\/\/api.croghan.bank\/es\/wp-json\/wp\/v2\/types\/page"}],"author":[{"embeddable":true,"href":"https:\/\/api.croghan.bank\/es\/wp-json\/wp\/v2\/users\/1"}],"replies":[{"embeddable":true,"href":"https:\/\/api.croghan.bank\/es\/wp-json\/wp\/v2\/comments?post=4461"}],"version-history":[{"count":1,"href":"https:\/\/api.croghan.bank\/es\/wp-json\/wp\/v2\/pages\/4461\/revisions"}],"predecessor-version":[{"id":7567,"href":"https:\/\/api.croghan.bank\/es\/wp-json\/wp\/v2\/pages\/4461\/revisions\/7567"}],"up":[{"embeddable":true,"href":"https:\/\/api.croghan.bank\/es\/wp-json\/wp\/v2\/pages\/4469"}],"wp:attachment":[{"href":"https:\/\/api.croghan.bank\/es\/wp-json\/wp\/v2\/media?parent=4461"}],"wp:term":[{"taxonomy":"category","embeddable":true,"href":"https:\/\/api.croghan.bank\/es\/wp-json\/wp\/v2\/categories?post=4461"},{"taxonomy":"post_tag","embeddable":true,"href":"https:\/\/api.croghan.bank\/es\/wp-json\/wp\/v2\/tags?post=4461"}],"curies":[{"name":"wp","href":"https:\/\/api.w.org\/{rel}","templated":true}]}}