{"id":4465,"date":"2025-01-15T18:16:29","date_gmt":"2025-01-15T18:16:29","guid":{"rendered":"https:\/\/api.croghan.bank\/tarjetas-de-credito-y-debito-2\/"},"modified":"2026-04-21T19:43:11","modified_gmt":"2026-04-21T19:43:11","slug":"tarjetas-de-credito-y-debito-2","status":"publish","type":"page","link":"https:\/\/api.croghan.bank\/es\/personal\/tarjetas-de-credito-y-debito-2\/","title":{"rendered":"Tarjetas de cr\u00e9dito y d\u00e9bito"},"content":{"rendered":"","protected":false},"excerpt":{"rendered":"","protected":false},"author":1,"featured_media":0,"parent":4511,"menu_order":0,"comment_status":"closed","ping_status":"closed","template":"","meta":{"_acf_changed":false,"inline_featured_image":false,"footnotes":""},"categories":[],"tags":[],"class_list":["post-4465","page","type-page","status-publish","hentry"],"acf":{"modules":[{"acf_fc_layout":"bread_crumb_nav_hero","title":"<h1>ADAPTADO A TU ESTILO DE VIDA<\/h1>","subtitle":"","content":"Independientemente de sus necesidades de gasto, las tarjetas de cr\u00e9dito y d\u00e9bito personales de Croghan ofrecen beneficios que se adaptan a su vida. Desde la seguridad mejorada hasta la integraci\u00f3n de billeteras m\u00f3viles, proporcionamos herramientas para que la administraci\u00f3n de sus finanzas sea fluida y simple. ","buttons":[{"button":{"link":{"title":"Paga tu tarjeta de cr\u00e9dito","url":"https:\/\/onlinebanking.firstdata.com\/ecs\/croghan-colonial-bank-mc","target":"_blank"},"button_style":"solid","button_color":"dBlue","opens_modal":false,"video":null}}],"module_anchor_id":"","module_padding_inner":"noPaddingInner","module_spacing_after":"compactSpacingAfter"},{"acf_fc_layout":"interactive_cards_slider","cards":[{"card_type":"interactive","image":4059,"eyebrow":"Tarjetas de d\u00e9bito con chip","title":"Acceso seguro y conveniente","preview_content":"Las tarjetas de d\u00e9bito con chip est\u00e1n vinculadas directamente a su cuenta corriente Croghan. Con tecnolog\u00eda de chip mejorada, brindan una seguridad superior para las transacciones en tiendas y cajeros autom\u00e1ticos, lo que reduce el riesgo de fraude. ","buttons":[{"button":{"link":{"title":"Ver la demo","url":"","target":""},"button_style":"solid","button_color":"blue","opens_modal":false,"video":null},"open_flyout":false}],"flyout_content":{"interactive_flyout_modules":{"interactive_flyout":[{"acf_fc_layout":"basic_content","content":"<iframe id=\"bcmAdFrame\" style=\"height: 495px;\" title=\"Reproductor de v\u00eddeo interactivo\" src=\"https:\/\/www.onlinebanktours.com\/external\/v5\/player.php?key=9f4098c0bcd5051b7b7f0b851afba0e209ed9ff1&loop=true\" scrolling=\"no\" sandbox=\"allow-same-origin allow-scripts allow-popups allow-forms\" allowfullscreen=\"allowfullscreen\"><span style=\"display: inline-block; width: 0px; overflow: hidden; line-height: 0;\" data-mce-type=\"bookmark\" class=\"mce_SELRES_start\"><\/span><\/iframe>"}]}}},{"card_type":"interactive","image":4061,"eyebrow":"Tarjetas de cr\u00e9dito","title":"Opciones de cr\u00e9dito simples y flexibles","preview_content":"Ofrecemos una variedad de tarjetas de cr\u00e9dito para satisfacer sus necesidades. Ya sea que prefiera una tasa fija o variable, nuestras tarjetas vienen con la tecnolog\u00eda EMV Smart Chip para mayor seguridad y son aceptadas en todo el mundo. Elige la tarjeta que mejor se adapte a tus necesidades.  ","buttons":[{"button":{"link":{"title":"Ver opciones","url":"","target":""},"button_style":"solid","button_color":"dBlue","opens_modal":false,"video":null},"open_flyout":true}],"flyout_content":{"interactive_flyout_modules":{"interactive_flyout":[{"acf_fc_layout":"basic_content","content":"Ofrecemos una variedad de tarjetas de cr\u00e9dito para satisfacer sus necesidades. Ya sea que prefiera una tasa fija o variable, nuestras tarjetas vienen con la tecnolog\u00eda EMV Smart Chip para mayor seguridad y son aceptadas en todo el mundo. Elige la tarjeta que mejor se adapte a tus necesidades.  "},{"acf_fc_layout":"numbered_cards","title":"<h3>Opciones de tarjeta de cr\u00e9dito<\/h3>","items":[{"content":"<strong>Mastercard\u00ae Cl\u00e1sico<\/strong>\nL\u00edmite de cr\u00e9dito m\u00ednimo de tasa\nfija: $200"},{"content":"<strong>VISA\u00ae Cl\u00e1sica<\/strong>\nL\u00edmite de cr\u00e9dito m\u00ednimo de tasa\nfija: $200"},{"content":"<strong>Mastercard\u00ae Oro<\/strong>\nL\u00edmite m\u00ednimo de cr\u00e9dito a tasas\nfijas o variables: $5,000"},{"content":"<strong>VISA Oro\u00ae<\/strong>\nL\u00edmite m\u00ednimo de cr\u00e9dito a tasas\nfijas o variables: $5,000"}]}]}}}],"card_image_alignment":"imageRight","module_anchor_id":"","module_padding_inner":"noPaddingInner","module_spacing_after":"noSpacingAfter"},{"acf_fc_layout":"floating_cards","eyebrow":"","title":"<h2>Caracter\u00edsticas de la tarjeta<\/h2>","content":"","buttons":null,"cards_alignment":"cardsLeft","card_style_type":"cardTypeBasic","floating_cards":[{"icon":3669,"icon_dark_mode":4368,"eyebrow":"","title":"<h3>Tecnolog\u00eda de chip inteligente EMV<\/h3>","description":"","image":null,"link":null},{"icon":3672,"icon_dark_mode":4370,"eyebrow":"","title":"<h3>Protecci\u00f3n contra el fraude<\/h3>","description":"","image":null,"link":null},{"icon":3684,"icon_dark_mode":4365,"eyebrow":"","title":"<h3>Acceso a la cuenta en l\u00ednea<\/h3>","description":"","image":null,"link":null},{"icon":3708,"icon_dark_mode":4372,"eyebrow":"","title":"<h3>Servicio al cliente<\/h3>","description":"","image":null,"link":null},{"icon":3673,"icon_dark_mode":4373,"eyebrow":"","title":"<h3>Aceptaci\u00f3n en todo el mundo<\/h3>","description":"","image":null,"link":null}],"module_background_style":"accentTriangle","module_anchor_id":"","module_padding_inner":"noPaddingInner","module_spacing_after":"noSpacingAfter"},{"acf_fc_layout":"content_card_pattern_accent","image":4057,"eyebrow":"Gesti\u00f3n de tarjetas","title":"<h2>Mant\u00e9n el control de tus tarjetas Croghan<\/h2>","content":"Administre sus tarjetas Croghan directamente desde su dispositivo m\u00f3vil con la aplicaci\u00f3n de banca m\u00f3vil de Croghan. Disfrute de funciones como: \n<ul>\n \t<li><strong>Establecer controles de tarjetas<\/strong> por ubicaci\u00f3n, tipo de comercio y l\u00edmites de gasto<\/li>\n \t<li><strong>Ver estad\u00edsticas de gastos<\/strong> para realizar un seguimiento de d\u00f3nde y cu\u00e1ndo se realizaron las compras<\/li>\n \t<li><strong>Agrega planes de viaje<\/strong> para usar tu tarjeta sin preocupaciones<\/li>\n \t<li><strong>Reciba alertas de transacciones<\/strong> y mant\u00e9ngase conectado con el servicio de atenci\u00f3n al cliente<\/li>\n<\/ul>","buttons":[{"button":{"link":{"title":"Administra tus tarjetas","url":"https:\/\/secure.myvirtualbranch.com\/croghan\/signin.aspx","target":"_blank"},"button_style":"solid","button_color":"dBlue","opens_modal":false,"video":null}}],"disclaimer":"","module_image_alignment":"imageLeft","module_card_background_color":"cardBackgroundBlue","module_anchor_id":"management","module_padding_inner":"paddingInnerBottom","module_spacing_after":"compactSpacingAfter"},{"acf_fc_layout":"comparison_cards","eyebrow":"Lo que se debe y lo que no se debe hacer en las cartas","title":"<h2>S\u00e1cale el m\u00e1ximo partido a tu tarjeta Croghan<\/h2>","content":"","comparison_cards":[{"icon":3716,"icon_dark_mode":4371,"content":"<h3>Hacer<\/h3>\n<ul>\n \t<li>Realice un seguimiento de los gastos visitando la secci\u00f3n de tarjetas en la aplicaci\u00f3n m\u00f3vil<\/li>\n \t<li>Establezca un presupuesto para evitar gastos excesivos<\/li>\n \t<li>Aproveche los servicios y alertas de protecci\u00f3n contra fraudes<\/li>\n \t<li>Utilice las transacciones con chip en la tienda para obtener una opci\u00f3n de compra m\u00e1s segura<\/li>\n \t<li>Agregue su tarjeta de d\u00e9bito Croghan a su billetera digital para una forma f\u00e1cil y segura de pagar.<\/li>\n<\/ul>"},{"icon":3718,"icon_dark_mode":4369,"content":"<h3>No<\/h3>\n<ul>\n \t<li>Compartir en exceso la informaci\u00f3n de la tarjeta<\/li>\n \t<li>Proporcione informaci\u00f3n confidencial, como su n\u00famero de PIN<\/li>\n \t<li>D\u00e9jate enga\u00f1ar, si el lector de tarjetas parece sospechoso no lo uses<\/li>\n<\/ul>"}],"module_anchor_id":"","module_padding_inner":"noPaddingInner","module_spacing_after":"defaultSpacingAfter"},{"acf_fc_layout":"content_card_pattern_accent","image":4058,"eyebrow":"Billeteras digitales","title":"<h2>La forma f\u00e1cil de pagar<\/h2>","content":"Agregue su tarjeta de d\u00e9bito Croghan a Apple Pay, Google Pay\u2122 o Samsung Wallet para una forma r\u00e1pida y segura de realizar compras sin deslizar ni insertar su tarjeta. Disfruta de la comodidad de los pagos cifrados y sin contacto en aplicaciones, en l\u00ednea y en la tienda. \n\nCon una billetera digital, puede usar su tarjeta de d\u00e9bito Croghan para realizar pagos sin contacto en la tienda, en l\u00ednea o a trav\u00e9s de aplicaciones.\n<h3>C\u00f3mo configurar tu billetera digital<\/h3>\n<ol>\n \t<li>Vaya a la configuraci\u00f3n de su tel\u00e9fono o tableta y busque billeteras m\u00f3viles.<\/li>\n \t<li>Agregue la informaci\u00f3n de su tarjeta de d\u00e9bito y config\u00farela como su tarjeta predeterminada.<\/li>\n \t<li>Sostenga su tel\u00e9fono cerca del lector sin contacto con la aplicaci\u00f3n de billetera m\u00f3vil activada para pagar.<\/li>\n<\/ol>","buttons":null,"disclaimer":"","module_image_alignment":"imageLeft","module_card_background_color":"cardBackgroundBlue","module_anchor_id":"digital-wallet","module_padding_inner":"paddingInnerBottom","module_spacing_after":"compactSpacingAfter"},{"acf_fc_layout":"accordion","eyebrow":null,"accordion_items":null,"module_anchor_id":null,"module_padding_inner":null,"module_spacing_after":null},{"acf_fc_layout":"location_pre_footer","module_anchor_id":"","module_padding_inner":"noPaddingInner","module_spacing_after":"defaultSpacingAfter"}]},"yoast_head":"<!-- This site is optimized with the Yoast SEO plugin v27.5 - https:\/\/yoast.com\/product\/yoast-seo-wordpress\/ -->\n<title>Tarjetas de cr\u00e9dito y d\u00e9bito | Banco Colonial Croghan<\/title>\n<meta name=\"description\" content=\"Compra con confianza con tarjetas personales de cr\u00e9dito y d\u00e9bito Croghan \u2014 monitorizaci\u00f3n de fraudes, soporte para monederos m\u00f3viles y recompensas en tarjetas de cr\u00e9dito Mastercard elegibles.\" \/>\n<meta name=\"robots\" content=\"noindex, follow, max-snippet:-1, max-image-preview:large, max-video-preview:-1\" \/>\n<meta property=\"og:locale\" content=\"es_ES\" \/>\n<meta property=\"og:type\" content=\"article\" \/>\n<meta property=\"og:title\" content=\"Tarjetas de cr\u00e9dito y d\u00e9bito | Banco Colonial Croghan\" \/>\n<meta property=\"og:description\" content=\"Compra con confianza con tarjetas personales de cr\u00e9dito y d\u00e9bito Croghan \u2014 monitorizaci\u00f3n de fraudes, soporte para monederos m\u00f3viles y recompensas en tarjetas de cr\u00e9dito Mastercard elegibles.\" \/>\n<meta property=\"og:url\" content=\"https:\/\/api.croghan.bank\/es\/personal\/tarjetas-de-credito-y-debito-2\/\" \/>\n<meta property=\"og:site_name\" content=\"Banco Croghan sin cabeza\" \/>\n<meta property=\"article:modified_time\" content=\"2026-04-21T19:43:11+00:00\" \/>\n<meta name=\"twitter:card\" content=\"summary_large_image\" \/>\n<script type=\"application\/ld+json\" class=\"yoast-schema-graph\">{\"@context\":\"https:\\\/\\\/schema.org\",\"@graph\":[{\"@type\":\"WebPage\",\"@id\":\"https:\\\/\\\/api.croghan.bank\\\/es\\\/personal\\\/tarjetas-de-credito-y-debito-2\\\/\",\"url\":\"https:\\\/\\\/api.croghan.bank\\\/es\\\/personal\\\/tarjetas-de-credito-y-debito-2\\\/\",\"name\":\"Tarjetas de cr\u00e9dito y d\u00e9bito | Banco Colonial Croghan\",\"isPartOf\":{\"@id\":\"https:\\\/\\\/api.croghan.bank\\\/es\\\/#website\"},\"datePublished\":\"2025-01-15T18:16:29+00:00\",\"dateModified\":\"2026-04-21T19:43:11+00:00\",\"description\":\"Compra con confianza con tarjetas personales de cr\u00e9dito y d\u00e9bito Croghan \u2014 monitorizaci\u00f3n de fraudes, soporte para monederos m\u00f3viles y recompensas en tarjetas de cr\u00e9dito Mastercard elegibles.\",\"breadcrumb\":{\"@id\":\"https:\\\/\\\/api.croghan.bank\\\/es\\\/personal\\\/tarjetas-de-credito-y-debito-2\\\/#breadcrumb\"},\"inLanguage\":\"es\",\"potentialAction\":[{\"@type\":\"ReadAction\",\"target\":[\"https:\\\/\\\/api.croghan.bank\\\/es\\\/personal\\\/tarjetas-de-credito-y-debito-2\\\/\"]}]},{\"@type\":\"BreadcrumbList\",\"@id\":\"https:\\\/\\\/api.croghan.bank\\\/es\\\/personal\\\/tarjetas-de-credito-y-debito-2\\\/#breadcrumb\",\"itemListElement\":[{\"@type\":\"ListItem\",\"position\":1,\"name\":\"Hogar\",\"item\":\"https:\\\/\\\/api.croghan.bank\\\/es\\\/\"},{\"@type\":\"ListItem\",\"position\":2,\"name\":\"Personal\",\"item\":\"https:\\\/\\\/api.croghan.bank\\\/es\\\/personal\\\/\"},{\"@type\":\"ListItem\",\"position\":3,\"name\":\"Tarjetas de cr\u00e9dito y d\u00e9bito\"}]},{\"@type\":\"WebSite\",\"@id\":\"https:\\\/\\\/api.croghan.bank\\\/es\\\/#website\",\"url\":\"https:\\\/\\\/api.croghan.bank\\\/es\\\/\",\"name\":\"Banco Croghan sin cabeza\",\"description\":\"\",\"potentialAction\":[{\"@type\":\"SearchAction\",\"target\":{\"@type\":\"EntryPoint\",\"urlTemplate\":\"https:\\\/\\\/api.croghan.bank\\\/es\\\/?s={search_term_string}\"},\"query-input\":{\"@type\":\"PropertyValueSpecification\",\"valueRequired\":true,\"valueName\":\"search_term_string\"}}],\"inLanguage\":\"es\"}]}<\/script>\n<!-- \/ Yoast SEO plugin. -->","yoast_head_json":{"title":"Tarjetas de cr\u00e9dito y d\u00e9bito | Banco Colonial Croghan","description":"Compra con confianza con tarjetas personales de cr\u00e9dito y d\u00e9bito Croghan \u2014 monitorizaci\u00f3n de fraudes, soporte para monederos m\u00f3viles y recompensas en tarjetas de cr\u00e9dito Mastercard elegibles.","robots":{"index":"noindex","follow":"follow","max-snippet":"max-snippet:-1","max-image-preview":"max-image-preview:large","max-video-preview":"max-video-preview:-1"},"og_locale":"es_ES","og_type":"article","og_title":"Tarjetas de cr\u00e9dito y d\u00e9bito | Banco Colonial Croghan","og_description":"Compra con confianza con tarjetas personales de cr\u00e9dito y d\u00e9bito Croghan \u2014 monitorizaci\u00f3n de fraudes, soporte para monederos m\u00f3viles y recompensas en tarjetas de cr\u00e9dito Mastercard elegibles.","og_url":"https:\/\/api.croghan.bank\/es\/personal\/tarjetas-de-credito-y-debito-2\/","og_site_name":"Banco Croghan sin cabeza","article_modified_time":"2026-04-21T19:43:11+00:00","twitter_card":"summary_large_image","schema":{"@context":"https:\/\/schema.org","@graph":[{"@type":"WebPage","@id":"https:\/\/api.croghan.bank\/es\/personal\/tarjetas-de-credito-y-debito-2\/","url":"https:\/\/api.croghan.bank\/es\/personal\/tarjetas-de-credito-y-debito-2\/","name":"Tarjetas de cr\u00e9dito y d\u00e9bito | Banco Colonial Croghan","isPartOf":{"@id":"https:\/\/api.croghan.bank\/es\/#website"},"datePublished":"2025-01-15T18:16:29+00:00","dateModified":"2026-04-21T19:43:11+00:00","description":"Compra con confianza con tarjetas personales de cr\u00e9dito y d\u00e9bito Croghan \u2014 monitorizaci\u00f3n de fraudes, soporte para monederos m\u00f3viles y recompensas en tarjetas de cr\u00e9dito Mastercard elegibles.","breadcrumb":{"@id":"https:\/\/api.croghan.bank\/es\/personal\/tarjetas-de-credito-y-debito-2\/#breadcrumb"},"inLanguage":"es","potentialAction":[{"@type":"ReadAction","target":["https:\/\/api.croghan.bank\/es\/personal\/tarjetas-de-credito-y-debito-2\/"]}]},{"@type":"BreadcrumbList","@id":"https:\/\/api.croghan.bank\/es\/personal\/tarjetas-de-credito-y-debito-2\/#breadcrumb","itemListElement":[{"@type":"ListItem","position":1,"name":"Hogar","item":"https:\/\/api.croghan.bank\/es\/"},{"@type":"ListItem","position":2,"name":"Personal","item":"https:\/\/api.croghan.bank\/es\/personal\/"},{"@type":"ListItem","position":3,"name":"Tarjetas de cr\u00e9dito y d\u00e9bito"}]},{"@type":"WebSite","@id":"https:\/\/api.croghan.bank\/es\/#website","url":"https:\/\/api.croghan.bank\/es\/","name":"Banco Croghan sin cabeza","description":"","potentialAction":[{"@type":"SearchAction","target":{"@type":"EntryPoint","urlTemplate":"https:\/\/api.croghan.bank\/es\/?s={search_term_string}"},"query-input":{"@type":"PropertyValueSpecification","valueRequired":true,"valueName":"search_term_string"}}],"inLanguage":"es"}]}},"_links":{"self":[{"href":"https:\/\/api.croghan.bank\/es\/wp-json\/wp\/v2\/pages\/4465","targetHints":{"allow":["GET"]}}],"collection":[{"href":"https:\/\/api.croghan.bank\/es\/wp-json\/wp\/v2\/pages"}],"about":[{"href":"https:\/\/api.croghan.bank\/es\/wp-json\/wp\/v2\/types\/page"}],"author":[{"embeddable":true,"href":"https:\/\/api.croghan.bank\/es\/wp-json\/wp\/v2\/users\/1"}],"replies":[{"embeddable":true,"href":"https:\/\/api.croghan.bank\/es\/wp-json\/wp\/v2\/comments?post=4465"}],"version-history":[{"count":1,"href":"https:\/\/api.croghan.bank\/es\/wp-json\/wp\/v2\/pages\/4465\/revisions"}],"predecessor-version":[{"id":7364,"href":"https:\/\/api.croghan.bank\/es\/wp-json\/wp\/v2\/pages\/4465\/revisions\/7364"}],"up":[{"embeddable":true,"href":"https:\/\/api.croghan.bank\/es\/wp-json\/wp\/v2\/pages\/4511"}],"wp:attachment":[{"href":"https:\/\/api.croghan.bank\/es\/wp-json\/wp\/v2\/media?parent=4465"}],"wp:term":[{"taxonomy":"category","embeddable":true,"href":"https:\/\/api.croghan.bank\/es\/wp-json\/wp\/v2\/categories?post=4465"},{"taxonomy":"post_tag","embeddable":true,"href":"https:\/\/api.croghan.bank\/es\/wp-json\/wp\/v2\/tags?post=4465"}],"curies":[{"name":"wp","href":"https:\/\/api.w.org\/{rel}","templated":true}]}}