{"id":4468,"date":"2025-01-15T21:54:02","date_gmt":"2025-01-15T21:54:02","guid":{"rendered":"https:\/\/api.croghan.bank\/ira\/"},"modified":"2026-04-21T19:43:08","modified_gmt":"2026-04-21T19:43:08","slug":"ira","status":"publish","type":"page","link":"https:\/\/api.croghan.bank\/es\/personal\/cuentas-de-ahorro\/ira\/","title":{"rendered":"IRA"},"content":{"rendered":"","protected":false},"excerpt":{"rendered":"","protected":false},"author":1,"featured_media":0,"parent":4497,"menu_order":0,"comment_status":"closed","ping_status":"closed","template":"","meta":{"_acf_changed":false,"inline_featured_image":false,"footnotes":""},"categories":[],"tags":[],"class_list":["post-4468","page","type-page","status-publish","hentry"],"acf":{"modules":[{"acf_fc_layout":"bread_crumb_nav_hero","title":"<h1>IRA CD<\/h1>","subtitle":"","content":"Ofrecemos una opci\u00f3n de Certificado de Dep\u00f3sito (CD) IRA para ayudarlo a asegurar su futuro financiero y alcanzar sus metas de jubilaci\u00f3n. Es una excelente opci\u00f3n para aquellos que se acercan a la jubilaci\u00f3n y buscan rendimientos confiables y predecibles. ","buttons":[{"button":{"link":{"title":"Cont\u00e1ctenos","url":"\/contact-us","target":""},"button_style":"solid","button_color":"dBlue","opens_modal":false,"video":null}}],"module_anchor_id":"","module_padding_inner":"noPaddingInner","module_spacing_after":"defaultSpacingAfter"},{"acf_fc_layout":"content_and_cards_row","title":"<h2>Tradicional vs. Roth<\/h2>","content":"","cards_row":[{"icon":"","icon_dark_mode":"","eyebrow":"IRA Tradicional","title":"<h3>Genere ahorros con impuestos diferidos<\/h3>","content":"Contribuya con d\u00f3lares antes de impuestos y disfrute del crecimiento de sus ahorros con impuestos diferidos. Las cuentas IRA tradicionales te permiten reducir potencialmente tus ingresos imponibles en el a\u00f1o en que contribuyes, y tus inversiones crecen sin ser gravadas hasta que retires los fondos. \n<ul>\n \t<li>Contribuciones antes de impuestos<\/li>\n \t<li>Las contribuciones crecen con impuestos diferidos<\/li>\n<\/ul>","link":null},{"icon":"","icon_dark_mode":"","eyebrow":"Roth IRA","title":"<h3>Crecimiento libre de impuestos para su futuro<\/h3>","content":"Con Roth, usted contribuye con d\u00f3lares despu\u00e9s de impuestos, pero sus inversiones crecen libres de impuestos. Una cuenta Roth IRA puede ser una excelente opci\u00f3n para aquellos que buscan maximizar los ingresos de jubilaci\u00f3n libres de impuestos. \n<ul>\n \t<li>Contribuciones despu\u00e9s de impuestos<\/li>\n \t<li>Las contribuciones crecen libres de impuestos<\/li>\n<\/ul>","link":null}],"module_stacked_rows":false,"module_upper-half_background_color":"blue","module_lower-half_background_color":"blue","module_anchor_id":"","module_padding_inner":"noPaddingInner","module_spacing_after":"noSpacingAfter"},{"acf_fc_layout":"full_width_media","media_type":"image","image":3910,"video":null,"video_youtube":"","video_poster_image":null,"module_upper_half_background_color":"blue","module_lower_half_background_color":"white","module_anchor_id":"","module_padding_inner":"noPaddingInner","module_spacing_after":"noSpacingAfter"},{"acf_fc_layout":"fifty_fifty_table_and_image","image":"","title":"<h3>Detalles de la cuenta<\/h3>","content_above_table":"","table_layout_columns":"tableTwoColumns","table_formatting_bold":"boldFirstColumn","table_2_column":[{"column_1":"M\u00ednimo para abrir","column_2":"500,00 $"},{"column_1":"Intereses pagados","column_2":"S\u00ed"},{"column_1":"Ganancias","column_2":"Las ganancias crecen a un ritmo fijo"}],"table_3_column":null,"table_4_column":null,"table_5_column":null,"content_below_table":"","module_background_color":"white","module_image_alignment":"imageRight","module_anchor_id":"","module_padding_inner":"noPaddingInner","module_spacing_after":"defaultSpacingAfter"},{"acf_fc_layout":"floating_cards","eyebrow":"","title":"<h2>Lo que puedes esperar de Croghan<\/h2>","content":"Cuando eliges Croghan para tu IRA, no solo est\u00e1s abriendo una cuenta, sino que te est\u00e1s asociando con un banco de confianza que se dedica a tu \u00e9xito financiero.","buttons":null,"cards_alignment":"cardsLeft","card_style_type":"cardTypeBasic","floating_cards":[{"icon":3675,"icon_dark_mode":4352,"eyebrow":"","title":"<h3>Proceso claro y sencillo<\/h3>","description":"Hacemos que abrir una IRA sea simple y transparente. Nuestro equipo est\u00e1 aqu\u00ed para guiarlo en cada paso del camino, ayud\u00e1ndolo a comprender sus opciones y garantizar que se adapte mejor a sus objetivos. ","image":null,"link":null},{"icon":3719,"icon_dark_mode":4354,"eyebrow":"","title":"<h3>Servicio Personalizado<\/h3>","description":"Nos comprometemos a ofrecer asistencia personalizada. Ya sea que necesites asesoramiento sobre c\u00f3mo seleccionar la IRA correcta o administrar tu cuenta, nuestro amable equipo est\u00e1 aqu\u00ed para ayudarte en cada paso de tu viaje financiero. ","image":null,"link":null},{"icon":3684,"icon_dark_mode":4365,"eyebrow":"","title":"<h3>C\u00f3moda gesti\u00f3n de cuentas<\/h3>","description":"Con nuestros servicios seguros de banca m\u00f3vil y en l\u00ednea, puede monitorear y administrar su IRA en cualquier momento y en cualquier lugar. Mantente al tanto de tus contribuciones, crecimiento y objetivos financieros sin perder el ritmo. ","image":null,"link":null}],"module_background_style":"accentTriangle","module_anchor_id":"","module_padding_inner":"noPaddingInner","module_spacing_after":"noSpacingAfter"},{"acf_fc_layout":"content_card_pattern_accent","image":3911,"eyebrow":"","title":"<h2>Empecemos<\/h2>","content":"Comience a construir un futuro seguro con un CD de Croghan IRA hoy. Nuestro equipo est\u00e1 aqu\u00ed para ayudarlo a elegir la opci\u00f3n correcta para cumplir sus objetivos. ","buttons":[{"button":{"link":{"title":"Cont\u00e1ctenos","url":"\/contact-us","target":""},"button_style":"solid","button_color":"dBlue","opens_modal":false,"video":null}},{"button":{"link":{"title":"Ll\u00e1manos","url":"tel:8882764426","target":""},"button_style":"outlined","button_color":"dBlue","opens_modal":false,"video":null}}],"disclaimer":"","module_image_alignment":"imageLeft","module_card_background_color":"cardBackgroundGrey","module_anchor_id":"","module_padding_inner":"paddingInnerBottom","module_spacing_after":"compactSpacingAfter"},{"acf_fc_layout":"accordion","eyebrow":null,"accordion_items":null,"module_anchor_id":null,"module_padding_inner":null,"module_spacing_after":null},{"acf_fc_layout":"location_pre_footer","module_anchor_id":"","module_padding_inner":"noPaddingInner","module_spacing_after":"defaultSpacingAfter"}]},"yoast_head":"<!-- This site is optimized with the Yoast SEO plugin v27.5 - https:\/\/yoast.com\/product\/yoast-seo-wordpress\/ -->\n<title>Cuentas tradicionales y Roth IRA | Banco Colonial Croghan<\/title>\n<meta name=\"description\" content=\"Planifica la jubilaci\u00f3n con IRAs tradicionales o Roth en Croghan. Ahorro con ventajas fiscales, tipos competitivos y orientaci\u00f3n de asesores que conocen tu comunidad.\" \/>\n<meta name=\"robots\" content=\"noindex, follow, max-snippet:-1, max-image-preview:large, max-video-preview:-1\" \/>\n<meta property=\"og:locale\" content=\"es_ES\" \/>\n<meta property=\"og:type\" content=\"article\" \/>\n<meta property=\"og:title\" content=\"Cuentas tradicionales y Roth IRA | Banco Colonial Croghan\" \/>\n<meta property=\"og:description\" content=\"Planifica la jubilaci\u00f3n con IRAs tradicionales o Roth en Croghan. Ahorro con ventajas fiscales, tipos competitivos y orientaci\u00f3n de asesores que conocen tu comunidad.\" \/>\n<meta property=\"og:url\" content=\"https:\/\/api.croghan.bank\/es\/personal\/cuentas-de-ahorro\/ira\/\" \/>\n<meta property=\"og:site_name\" content=\"Banco Croghan sin cabeza\" \/>\n<meta property=\"article:modified_time\" content=\"2026-04-21T19:43:08+00:00\" \/>\n<meta name=\"twitter:card\" content=\"summary_large_image\" \/>\n<script type=\"application\/ld+json\" class=\"yoast-schema-graph\">{\"@context\":\"https:\\\/\\\/schema.org\",\"@graph\":[{\"@type\":\"WebPage\",\"@id\":\"https:\\\/\\\/api.croghan.bank\\\/es\\\/personal\\\/cuentas-de-ahorro\\\/ira\\\/\",\"url\":\"https:\\\/\\\/api.croghan.bank\\\/es\\\/personal\\\/cuentas-de-ahorro\\\/ira\\\/\",\"name\":\"Cuentas tradicionales y Roth IRA | Banco Colonial Croghan\",\"isPartOf\":{\"@id\":\"https:\\\/\\\/api.croghan.bank\\\/es\\\/#website\"},\"datePublished\":\"2025-01-15T21:54:02+00:00\",\"dateModified\":\"2026-04-21T19:43:08+00:00\",\"description\":\"Planifica la jubilaci\u00f3n con IRAs tradicionales o Roth en Croghan. Ahorro con ventajas fiscales, tipos competitivos y orientaci\u00f3n de asesores que conocen tu comunidad.\",\"breadcrumb\":{\"@id\":\"https:\\\/\\\/api.croghan.bank\\\/es\\\/personal\\\/cuentas-de-ahorro\\\/ira\\\/#breadcrumb\"},\"inLanguage\":\"es\",\"potentialAction\":[{\"@type\":\"ReadAction\",\"target\":[\"https:\\\/\\\/api.croghan.bank\\\/es\\\/personal\\\/cuentas-de-ahorro\\\/ira\\\/\"]}]},{\"@type\":\"BreadcrumbList\",\"@id\":\"https:\\\/\\\/api.croghan.bank\\\/es\\\/personal\\\/cuentas-de-ahorro\\\/ira\\\/#breadcrumb\",\"itemListElement\":[{\"@type\":\"ListItem\",\"position\":1,\"name\":\"Hogar\",\"item\":\"https:\\\/\\\/api.croghan.bank\\\/es\\\/\"},{\"@type\":\"ListItem\",\"position\":2,\"name\":\"Personal\",\"item\":\"https:\\\/\\\/api.croghan.bank\\\/es\\\/personal\\\/\"},{\"@type\":\"ListItem\",\"position\":3,\"name\":\"Cuentas de Ahorro\",\"item\":\"https:\\\/\\\/api.croghan.bank\\\/es\\\/personal\\\/cuentas-de-ahorro\\\/\"},{\"@type\":\"ListItem\",\"position\":4,\"name\":\"IRA\"}]},{\"@type\":\"WebSite\",\"@id\":\"https:\\\/\\\/api.croghan.bank\\\/es\\\/#website\",\"url\":\"https:\\\/\\\/api.croghan.bank\\\/es\\\/\",\"name\":\"Banco Croghan sin cabeza\",\"description\":\"\",\"potentialAction\":[{\"@type\":\"SearchAction\",\"target\":{\"@type\":\"EntryPoint\",\"urlTemplate\":\"https:\\\/\\\/api.croghan.bank\\\/es\\\/?s={search_term_string}\"},\"query-input\":{\"@type\":\"PropertyValueSpecification\",\"valueRequired\":true,\"valueName\":\"search_term_string\"}}],\"inLanguage\":\"es\"}]}<\/script>\n<!-- \/ Yoast SEO plugin. -->","yoast_head_json":{"title":"Cuentas tradicionales y Roth IRA | Banco Colonial Croghan","description":"Planifica la jubilaci\u00f3n con IRAs tradicionales o Roth en Croghan. Ahorro con ventajas fiscales, tipos competitivos y orientaci\u00f3n de asesores que conocen tu comunidad.","robots":{"index":"noindex","follow":"follow","max-snippet":"max-snippet:-1","max-image-preview":"max-image-preview:large","max-video-preview":"max-video-preview:-1"},"og_locale":"es_ES","og_type":"article","og_title":"Cuentas tradicionales y Roth IRA | Banco Colonial Croghan","og_description":"Planifica la jubilaci\u00f3n con IRAs tradicionales o Roth en Croghan. Ahorro con ventajas fiscales, tipos competitivos y orientaci\u00f3n de asesores que conocen tu comunidad.","og_url":"https:\/\/api.croghan.bank\/es\/personal\/cuentas-de-ahorro\/ira\/","og_site_name":"Banco Croghan sin cabeza","article_modified_time":"2026-04-21T19:43:08+00:00","twitter_card":"summary_large_image","schema":{"@context":"https:\/\/schema.org","@graph":[{"@type":"WebPage","@id":"https:\/\/api.croghan.bank\/es\/personal\/cuentas-de-ahorro\/ira\/","url":"https:\/\/api.croghan.bank\/es\/personal\/cuentas-de-ahorro\/ira\/","name":"Cuentas tradicionales y Roth IRA | Banco Colonial Croghan","isPartOf":{"@id":"https:\/\/api.croghan.bank\/es\/#website"},"datePublished":"2025-01-15T21:54:02+00:00","dateModified":"2026-04-21T19:43:08+00:00","description":"Planifica la jubilaci\u00f3n con IRAs tradicionales o Roth en Croghan. Ahorro con ventajas fiscales, tipos competitivos y orientaci\u00f3n de asesores que conocen tu comunidad.","breadcrumb":{"@id":"https:\/\/api.croghan.bank\/es\/personal\/cuentas-de-ahorro\/ira\/#breadcrumb"},"inLanguage":"es","potentialAction":[{"@type":"ReadAction","target":["https:\/\/api.croghan.bank\/es\/personal\/cuentas-de-ahorro\/ira\/"]}]},{"@type":"BreadcrumbList","@id":"https:\/\/api.croghan.bank\/es\/personal\/cuentas-de-ahorro\/ira\/#breadcrumb","itemListElement":[{"@type":"ListItem","position":1,"name":"Hogar","item":"https:\/\/api.croghan.bank\/es\/"},{"@type":"ListItem","position":2,"name":"Personal","item":"https:\/\/api.croghan.bank\/es\/personal\/"},{"@type":"ListItem","position":3,"name":"Cuentas de Ahorro","item":"https:\/\/api.croghan.bank\/es\/personal\/cuentas-de-ahorro\/"},{"@type":"ListItem","position":4,"name":"IRA"}]},{"@type":"WebSite","@id":"https:\/\/api.croghan.bank\/es\/#website","url":"https:\/\/api.croghan.bank\/es\/","name":"Banco Croghan sin cabeza","description":"","potentialAction":[{"@type":"SearchAction","target":{"@type":"EntryPoint","urlTemplate":"https:\/\/api.croghan.bank\/es\/?s={search_term_string}"},"query-input":{"@type":"PropertyValueSpecification","valueRequired":true,"valueName":"search_term_string"}}],"inLanguage":"es"}]}},"_links":{"self":[{"href":"https:\/\/api.croghan.bank\/es\/wp-json\/wp\/v2\/pages\/4468","targetHints":{"allow":["GET"]}}],"collection":[{"href":"https:\/\/api.croghan.bank\/es\/wp-json\/wp\/v2\/pages"}],"about":[{"href":"https:\/\/api.croghan.bank\/es\/wp-json\/wp\/v2\/types\/page"}],"author":[{"embeddable":true,"href":"https:\/\/api.croghan.bank\/es\/wp-json\/wp\/v2\/users\/1"}],"replies":[{"embeddable":true,"href":"https:\/\/api.croghan.bank\/es\/wp-json\/wp\/v2\/comments?post=4468"}],"version-history":[{"count":1,"href":"https:\/\/api.croghan.bank\/es\/wp-json\/wp\/v2\/pages\/4468\/revisions"}],"predecessor-version":[{"id":7602,"href":"https:\/\/api.croghan.bank\/es\/wp-json\/wp\/v2\/pages\/4468\/revisions\/7602"}],"up":[{"embeddable":true,"href":"https:\/\/api.croghan.bank\/es\/wp-json\/wp\/v2\/pages\/4497"}],"wp:attachment":[{"href":"https:\/\/api.croghan.bank\/es\/wp-json\/wp\/v2\/media?parent=4468"}],"wp:term":[{"taxonomy":"category","embeddable":true,"href":"https:\/\/api.croghan.bank\/es\/wp-json\/wp\/v2\/categories?post=4468"},{"taxonomy":"post_tag","embeddable":true,"href":"https:\/\/api.croghan.bank\/es\/wp-json\/wp\/v2\/tags?post=4468"}],"curies":[{"name":"wp","href":"https:\/\/api.w.org\/{rel}","templated":true}]}}