{"id":4470,"date":"2025-01-15T22:19:29","date_gmt":"2025-01-15T22:19:29","guid":{"rendered":"https:\/\/api.croghan.bank\/sobre-nosotros\/"},"modified":"2026-04-21T19:42:54","modified_gmt":"2026-04-21T19:42:54","slug":"sobre-nosotros","status":"publish","type":"page","link":"https:\/\/api.croghan.bank\/es\/sobre-nosotros\/","title":{"rendered":"Sobre nosotros"},"content":{"rendered":"","protected":false},"excerpt":{"rendered":"","protected":false},"author":1,"featured_media":0,"parent":0,"menu_order":0,"comment_status":"closed","ping_status":"closed","template":"","meta":{"_acf_changed":false,"inline_featured_image":false,"footnotes":""},"categories":[],"tags":[],"class_list":["post-4470","page","type-page","status-publish","hentry"],"acf":{"modules":[{"acf_fc_layout":"bread_crumb_nav_hero","title":"<h1>Ayudar a las buenas personas a tomar buenas decisiones<\/h1>","subtitle":"","content":"En Croghan Colonial Bank, nos dedicamos <span style=\"color: #00AEEF; font-weight: bold;\">a ayudar a las buenas personas a tomar buenas decisiones.<\/span> Durante m\u00e1s de 135 a\u00f1os, hemos construido una reputaci\u00f3n como l\u00edder confiable en banca comunitaria, con un enfoque en fomentar relaciones s\u00f3lidas y apoyar causas locales. Nuestro compromiso con la integridad, las relaciones con los clientes y la participaci\u00f3n en la comunidad impulsa todo lo que hacemos, y estamos aqu\u00ed para ayudarlo a alcanzar sus objetivos financieros con orientaci\u00f3n personalizada y experta. ","buttons":null,"module_anchor_id":"","module_padding_inner":"noPaddingInner","module_spacing_after":"defaultSpacingAfter"},{"acf_fc_layout":"fifty_fifty_floating_callout","eyebrow":"","title":"<h2>Nos preocupamos por nuestras comunidades<\/h2>","content":"Fundado en 1888, Croghan Colonial Bank se estableci\u00f3 con un profundo compromiso de servir a nuestras comunidades locales en los condados de Sandusky, Erie, Huron, Lucas, Ottawa y Seneca. Trabajamos incansablemente para apoyar a nuestros vecindarios a trav\u00e9s de la educaci\u00f3n financiera, el voluntariado y ofreciendo servicios que ayudan a las personas, empresas y organizaciones a prosperar. Ya sea que est\u00e9 planificando para el futuro o navegando por las necesidades financieras actuales, estamos aqu\u00ed para ayudarlo en cada paso del camino.  ","buttons":[{"button":{"link":{"title":"Participaci\u00f3n de la comunidad","url":"\/about-us\/community-involvement","target":""},"button_style":"solid","button_color":"dBlue","opens_modal":false,"video":null}}],"background_image":3768,"module_image_alignment":"imageLeft","module_anchor_id":"","module_padding_inner":"noPaddingInner","module_spacing_after":"defaultSpacingAfter"},{"acf_fc_layout":"fifty_fifty_floating_callout","eyebrow":"","title":"<h2>Somos expertos financieros<\/h2>","content":"Con una presencia de larga data en las comunidades a las que servimos, Croghan Colonial Bank es el hogar de un equipo dedicado de expertos financieros que est\u00e1n aqu\u00ed para brindarle asesoramiento y soluciones confiables. Nuestras oficinas, repartidas por varios condados, garantizan que siempre estemos disponibles para nuestros clientes. Visite la p\u00e1gina de nuestro equipo para obtener m\u00e1s informaci\u00f3n sobre las personas detr\u00e1s de Croghan y c\u00f3mo podemos ayudarlo a guiar su viaje financiero.  ","buttons":[{"button":{"link":{"title":"Conozca a nuestro equipo","url":"\/about-us\/our-team","target":""},"button_style":"solid","button_color":"dBlue","opens_modal":false,"video":null}}],"background_image":3769,"module_image_alignment":"imageRight","module_anchor_id":"","module_padding_inner":"noPaddingInner","module_spacing_after":"defaultSpacingAfter"},{"acf_fc_layout":"fifty_fifty_floating_callout","eyebrow":"","title":"<h2>Nuestra historia<\/h2>","content":"Desde 1888, Croghan Colonial Bank ha sido una parte integral del panorama financiero de nuestra comunidad. A lo largo de d\u00e9cadas de crecimiento y cambio, nos hemos mantenido fieles a nuestras ra\u00edces, comprometidos a brindar un servicio personalizado y fomentar relaciones duraderas. Los momentos notables de nuestra historia incluyen la apertura de nuevas oficinas en 1950, la fusi\u00f3n con instituciones locales en la d\u00e9cada de 1980 y la continua expansi\u00f3n de nuestros servicios digitales para satisfacer las necesidades cambiantes de nuestros clientes.  ","buttons":[{"button":{"link":{"title":"Conozca a nuestros l\u00edderes","url":"\/about-us\/investor-relations#board","target":""},"button_style":"solid","button_color":"dBlue","opens_modal":false,"video":null}}],"background_image":3770,"module_image_alignment":"imageLeft","module_anchor_id":"","module_padding_inner":"noPaddingInner","module_spacing_after":"defaultSpacingAfter"},{"acf_fc_layout":"content_card_pattern_accent","image":3771,"eyebrow":"","title":"<h2>Mantente conectado con Croghan<\/h2>","content":"Mantente al d\u00eda de todo lo relacionado con Croghan y recibe valiosos recursos directamente en tu bandeja de entrada. Suscr\u00edbase a nuestros boletines trimestrales para recibir los \u00faltimos consejos financieros, anuncios de nuevos productos y actualizaciones de la comunidad. ","buttons":[{"button":{"link":{"title":"Suscr\u00edbete a tu bolet\u00edn personal","url":"https:\/\/lp.constantcontactpages.com\/su\/l9moVFt","target":"_blank"},"button_style":"solid","button_color":"dBlue","opens_modal":false,"video":null}},{"button":{"link":{"title":"Suscr\u00edbete a la Newsletter Empresarial","url":"https:\/\/lp.constantcontactpages.com\/su\/vyqCmll","target":"_blank"},"button_style":"outlined","button_color":"dBlue","opens_modal":false,"video":null}}],"disclaimer":"","module_image_alignment":"imageLeft","module_card_background_color":"cardBackgroundBlue","module_anchor_id":"","module_padding_inner":"paddingInnerBottom","module_spacing_after":"compactSpacingAfter"},{"acf_fc_layout":"location_pre_footer","module_anchor_id":"","module_padding_inner":"noPaddingInner","module_spacing_after":"noSpacingAfter"}]},"yoast_head":"<!-- This site is optimized with the Yoast SEO plugin v27.5 - https:\/\/yoast.com\/product\/yoast-seo-wordpress\/ -->\n<title>Sobre Nosotros | Banco Colonial Croghan<\/title>\n<meta name=\"description\" content=\"Desde 1888, Croghan Colonial Bank ha servido al noroeste de Ohio con una banca que pone en primer lugar a la comunidad. Conoce nuestra historia, valores y el equipo detr\u00e1s del lema.\" \/>\n<meta name=\"robots\" content=\"noindex, follow, max-snippet:-1, max-image-preview:large, max-video-preview:-1\" \/>\n<meta property=\"og:locale\" content=\"es_ES\" \/>\n<meta property=\"og:type\" content=\"article\" \/>\n<meta property=\"og:title\" content=\"Sobre Nosotros | Banco Colonial Croghan\" \/>\n<meta property=\"og:description\" content=\"Desde 1888, Croghan Colonial Bank ha servido al noroeste de Ohio con una banca que pone en primer lugar a la comunidad. Conoce nuestra historia, valores y el equipo detr\u00e1s del lema.\" \/>\n<meta property=\"og:url\" content=\"https:\/\/api.croghan.bank\/es\/sobre-nosotros\/\" \/>\n<meta property=\"og:site_name\" content=\"Banco Croghan sin cabeza\" \/>\n<meta property=\"article:modified_time\" content=\"2026-04-21T19:42:54+00:00\" \/>\n<meta name=\"twitter:card\" content=\"summary_large_image\" \/>\n<script type=\"application\/ld+json\" class=\"yoast-schema-graph\">{\"@context\":\"https:\\\/\\\/schema.org\",\"@graph\":[{\"@type\":\"WebPage\",\"@id\":\"https:\\\/\\\/api.croghan.bank\\\/es\\\/sobre-nosotros\\\/\",\"url\":\"https:\\\/\\\/api.croghan.bank\\\/es\\\/sobre-nosotros\\\/\",\"name\":\"Sobre Nosotros | Banco Colonial Croghan\",\"isPartOf\":{\"@id\":\"https:\\\/\\\/api.croghan.bank\\\/es\\\/#website\"},\"datePublished\":\"2025-01-15T22:19:29+00:00\",\"dateModified\":\"2026-04-21T19:42:54+00:00\",\"description\":\"Desde 1888, Croghan Colonial Bank ha servido al noroeste de Ohio con una banca que pone en primer lugar a la comunidad. Conoce nuestra historia, valores y el equipo detr\u00e1s del lema.\",\"breadcrumb\":{\"@id\":\"https:\\\/\\\/api.croghan.bank\\\/es\\\/sobre-nosotros\\\/#breadcrumb\"},\"inLanguage\":\"es\",\"potentialAction\":[{\"@type\":\"ReadAction\",\"target\":[\"https:\\\/\\\/api.croghan.bank\\\/es\\\/sobre-nosotros\\\/\"]}]},{\"@type\":\"BreadcrumbList\",\"@id\":\"https:\\\/\\\/api.croghan.bank\\\/es\\\/sobre-nosotros\\\/#breadcrumb\",\"itemListElement\":[{\"@type\":\"ListItem\",\"position\":1,\"name\":\"Hogar\",\"item\":\"https:\\\/\\\/api.croghan.bank\\\/es\\\/\"},{\"@type\":\"ListItem\",\"position\":2,\"name\":\"Sobre nosotros\"}]},{\"@type\":\"WebSite\",\"@id\":\"https:\\\/\\\/api.croghan.bank\\\/es\\\/#website\",\"url\":\"https:\\\/\\\/api.croghan.bank\\\/es\\\/\",\"name\":\"Banco Croghan sin cabeza\",\"description\":\"\",\"potentialAction\":[{\"@type\":\"SearchAction\",\"target\":{\"@type\":\"EntryPoint\",\"urlTemplate\":\"https:\\\/\\\/api.croghan.bank\\\/es\\\/?s={search_term_string}\"},\"query-input\":{\"@type\":\"PropertyValueSpecification\",\"valueRequired\":true,\"valueName\":\"search_term_string\"}}],\"inLanguage\":\"es\"}]}<\/script>\n<!-- \/ Yoast SEO plugin. -->","yoast_head_json":{"title":"Sobre Nosotros | Banco Colonial Croghan","description":"Desde 1888, Croghan Colonial Bank ha servido al noroeste de Ohio con una banca que pone en primer lugar a la comunidad. Conoce nuestra historia, valores y el equipo detr\u00e1s del lema.","robots":{"index":"noindex","follow":"follow","max-snippet":"max-snippet:-1","max-image-preview":"max-image-preview:large","max-video-preview":"max-video-preview:-1"},"og_locale":"es_ES","og_type":"article","og_title":"Sobre Nosotros | Banco Colonial Croghan","og_description":"Desde 1888, Croghan Colonial Bank ha servido al noroeste de Ohio con una banca que pone en primer lugar a la comunidad. Conoce nuestra historia, valores y el equipo detr\u00e1s del lema.","og_url":"https:\/\/api.croghan.bank\/es\/sobre-nosotros\/","og_site_name":"Banco Croghan sin cabeza","article_modified_time":"2026-04-21T19:42:54+00:00","twitter_card":"summary_large_image","schema":{"@context":"https:\/\/schema.org","@graph":[{"@type":"WebPage","@id":"https:\/\/api.croghan.bank\/es\/sobre-nosotros\/","url":"https:\/\/api.croghan.bank\/es\/sobre-nosotros\/","name":"Sobre Nosotros | Banco Colonial Croghan","isPartOf":{"@id":"https:\/\/api.croghan.bank\/es\/#website"},"datePublished":"2025-01-15T22:19:29+00:00","dateModified":"2026-04-21T19:42:54+00:00","description":"Desde 1888, Croghan Colonial Bank ha servido al noroeste de Ohio con una banca que pone en primer lugar a la comunidad. Conoce nuestra historia, valores y el equipo detr\u00e1s del lema.","breadcrumb":{"@id":"https:\/\/api.croghan.bank\/es\/sobre-nosotros\/#breadcrumb"},"inLanguage":"es","potentialAction":[{"@type":"ReadAction","target":["https:\/\/api.croghan.bank\/es\/sobre-nosotros\/"]}]},{"@type":"BreadcrumbList","@id":"https:\/\/api.croghan.bank\/es\/sobre-nosotros\/#breadcrumb","itemListElement":[{"@type":"ListItem","position":1,"name":"Hogar","item":"https:\/\/api.croghan.bank\/es\/"},{"@type":"ListItem","position":2,"name":"Sobre nosotros"}]},{"@type":"WebSite","@id":"https:\/\/api.croghan.bank\/es\/#website","url":"https:\/\/api.croghan.bank\/es\/","name":"Banco Croghan sin cabeza","description":"","potentialAction":[{"@type":"SearchAction","target":{"@type":"EntryPoint","urlTemplate":"https:\/\/api.croghan.bank\/es\/?s={search_term_string}"},"query-input":{"@type":"PropertyValueSpecification","valueRequired":true,"valueName":"search_term_string"}}],"inLanguage":"es"}]}},"_links":{"self":[{"href":"https:\/\/api.croghan.bank\/es\/wp-json\/wp\/v2\/pages\/4470","targetHints":{"allow":["GET"]}}],"collection":[{"href":"https:\/\/api.croghan.bank\/es\/wp-json\/wp\/v2\/pages"}],"about":[{"href":"https:\/\/api.croghan.bank\/es\/wp-json\/wp\/v2\/types\/page"}],"author":[{"embeddable":true,"href":"https:\/\/api.croghan.bank\/es\/wp-json\/wp\/v2\/users\/1"}],"replies":[{"embeddable":true,"href":"https:\/\/api.croghan.bank\/es\/wp-json\/wp\/v2\/comments?post=4470"}],"version-history":[{"count":1,"href":"https:\/\/api.croghan.bank\/es\/wp-json\/wp\/v2\/pages\/4470\/revisions"}],"predecessor-version":[{"id":7576,"href":"https:\/\/api.croghan.bank\/es\/wp-json\/wp\/v2\/pages\/4470\/revisions\/7576"}],"wp:attachment":[{"href":"https:\/\/api.croghan.bank\/es\/wp-json\/wp\/v2\/media?parent=4470"}],"wp:term":[{"taxonomy":"category","embeddable":true,"href":"https:\/\/api.croghan.bank\/es\/wp-json\/wp\/v2\/categories?post=4470"},{"taxonomy":"post_tag","embeddable":true,"href":"https:\/\/api.croghan.bank\/es\/wp-json\/wp\/v2\/tags?post=4470"}],"curies":[{"name":"wp","href":"https:\/\/api.w.org\/{rel}","templated":true}]}}