{"id":4480,"date":"2025-01-15T22:20:10","date_gmt":"2025-01-15T22:20:10","guid":{"rendered":"https:\/\/api.croghan.bank\/sobre-nosotros\/carreras\/"},"modified":"2026-04-21T19:42:54","modified_gmt":"2026-04-21T19:42:54","slug":"carreras","status":"publish","type":"page","link":"https:\/\/api.croghan.bank\/es\/sobre-nosotros\/carreras\/","title":{"rendered":"Carreras"},"content":{"rendered":"","protected":false},"excerpt":{"rendered":"","protected":false},"author":1,"featured_media":0,"parent":4470,"menu_order":0,"comment_status":"closed","ping_status":"closed","template":"","meta":{"_acf_changed":false,"inline_featured_image":false,"footnotes":""},"categories":[],"tags":[],"class_list":["post-4480","page","type-page","status-publish","hentry"],"acf":{"modules":[{"acf_fc_layout":"bread_crumb_nav_hero","title":"<h1>Carreras en Croghan<\/h1>","subtitle":"","content":"En Croghan Colonial Bank, creemos en algo m\u00e1s que la banca: creemos en las personas. Cuando te unes a Croghan, te est\u00e1s convirtiendo en un equipo dedicado al bienestar financiero de nuestros clientes y de las comunidades a las que servimos. Fomentamos una cultura de crecimiento, colaboraci\u00f3n y empoderamiento, donde cada miembro del equipo tiene la oportunidad de causar impacto.  ","buttons":null,"module_anchor_id":"","module_padding_inner":"noPaddingInner","module_spacing_after":"compactSpacingAfter"},{"acf_fc_layout":"fifty_fifty_floating_callout","eyebrow":"","title":"<h2>Vacantes actuales<\/h2>","content":"Buscamos personas motivadas para unirse a nuestro equipo. \u00a1Explora nuestras vacantes actuales y solicita hoy mismo! ","buttons":[{"button":{"link":{"title":"Solicita un trabajo","url":"https:\/\/the-croghan-colonial-bank.breezy.hr\/","target":"_blank"},"button_style":"solid","button_color":"dBlue","opens_modal":false,"video":null}}],"background_image":4251,"module_image_alignment":"imageLeft","module_anchor_id":"","module_padding_inner":"noPaddingInner","module_spacing_after":"compactSpacingAfter"},{"acf_fc_layout":"fifty_fifty_floating_callout","eyebrow":"","title":"<h2>\u00bfNo ves el adecuado para ti?<\/h2>","content":"\u00a1Aun as\u00ed, nos encantar\u00eda saber de ti! Si no encuentras un puesto que coincida con tus habilidades, completa la solicitud a continuaci\u00f3n y env\u00edala a nuestro equipo de RRHH. \n\n<strong>Correo electr\u00f3nico:<\/strong> <a href=\"mailto:hr@croghan.com\">hr@croghan.com<\/a>\n<strong>Llamada:<\/strong>\n<ul>\n \t<li>Laura Whipple: 419-355-2111<\/li>\n \t<li>Aaron Lockhart: 419-333-4714<\/li>\n<\/ul>","buttons":[{"button":{"link":{"title":"Completar una solicitud","url":"https:\/\/na4.docusign.net\/Member\/PowerFormSigning.aspx?PowerFormId=2c61bb00-b5d3-46bb-8467-6285e2c0b5ec&env=na4&acct=f0df333a-5f85-4462-86bc-5bca9d5d2fe4&v=2","target":""},"button_style":"solid","button_color":"dBlue","opens_modal":false,"video":null}}],"background_image":5852,"module_image_alignment":"imageRight","module_anchor_id":"","module_padding_inner":"noPaddingInner","module_spacing_after":"compactSpacingAfter"},{"acf_fc_layout":"fifty_fifty_content","eyebrow":"","title":"<h2>Un empleador que ofrece igualdad de oportunidades<\/h2>","content":"Croghan Colonial Bank est\u00e1 comprometido a ofrecer igualdad de oportunidades de empleo y promoci\u00f3n a todas las personas cualificadas. Abrazamos la diversidad y nos aseguramos de que todas las decisiones de contrataci\u00f3n y empleo se tomen sin distinci\u00f3n de raza, color, credo, religi\u00f3n, sexo, g\u00e9nero, identidad\/expresi\u00f3n de g\u00e9nero, orientaci\u00f3n sexual, edad, ascendencia, origen nacional, discapacidad, embarazo, condici\u00f3n de veterano, informaci\u00f3n gen\u00e9tica o cualquier otro estatus legalmente protegido. ","buttons":[{"button":{"link":{"title":"Transparencia salarial","url":"https:\/\/api.croghan.bank\/wp-content\/uploads\/2025\/04\/Pay-Transparency-Statement-01-2016.pdf","target":"_blank"},"button_style":"solid","button_color":"dBlue","opens_modal":false,"video":null}}],"module_background_color":"blue","module_anchor_id":"","module_padding_inner":"paddingInnerAll","module_spacing_after":"defaultSpacingAfter"},{"acf_fc_layout":"location_pre_footer","module_anchor_id":"","module_padding_inner":"noPaddingInner","module_spacing_after":"compactSpacingAfter"}]},"yoast_head":"<!-- This site is optimized with the Yoast SEO plugin v27.5 - https:\/\/yoast.com\/product\/yoast-seo-wordpress\/ -->\n<title>Carreras en el Croghan Colonial Bank | Empleos en banca<\/title>\n<meta name=\"description\" content=\"Comienza una carrera bancaria en Croghan. Explora roles en retail, pr\u00e9stamos, patrimonio y operaciones \u2014 beneficios competitivos y un equipo basado en la comunidad.\" \/>\n<meta name=\"robots\" content=\"noindex, follow, max-snippet:-1, max-image-preview:large, max-video-preview:-1\" \/>\n<meta property=\"og:locale\" content=\"es_ES\" \/>\n<meta property=\"og:type\" content=\"article\" \/>\n<meta property=\"og:title\" content=\"Carreras en el Croghan Colonial Bank | Empleos en banca\" \/>\n<meta property=\"og:description\" content=\"Comienza una carrera bancaria en Croghan. Explora roles en retail, pr\u00e9stamos, patrimonio y operaciones \u2014 beneficios competitivos y un equipo basado en la comunidad.\" \/>\n<meta property=\"og:url\" content=\"https:\/\/api.croghan.bank\/es\/sobre-nosotros\/carreras\/\" \/>\n<meta property=\"og:site_name\" content=\"Banco Croghan sin cabeza\" \/>\n<meta property=\"article:modified_time\" content=\"2026-04-21T19:42:54+00:00\" \/>\n<meta name=\"twitter:card\" content=\"summary_large_image\" \/>\n<script type=\"application\/ld+json\" class=\"yoast-schema-graph\">{\"@context\":\"https:\\\/\\\/schema.org\",\"@graph\":[{\"@type\":\"WebPage\",\"@id\":\"https:\\\/\\\/api.croghan.bank\\\/es\\\/sobre-nosotros\\\/carreras\\\/\",\"url\":\"https:\\\/\\\/api.croghan.bank\\\/es\\\/sobre-nosotros\\\/carreras\\\/\",\"name\":\"Carreras en el Croghan Colonial Bank | Empleos en banca\",\"isPartOf\":{\"@id\":\"https:\\\/\\\/api.croghan.bank\\\/es\\\/#website\"},\"datePublished\":\"2025-01-15T22:20:10+00:00\",\"dateModified\":\"2026-04-21T19:42:54+00:00\",\"description\":\"Comienza una carrera bancaria en Croghan. Explora roles en retail, pr\u00e9stamos, patrimonio y operaciones \u2014 beneficios competitivos y un equipo basado en la comunidad.\",\"breadcrumb\":{\"@id\":\"https:\\\/\\\/api.croghan.bank\\\/es\\\/sobre-nosotros\\\/carreras\\\/#breadcrumb\"},\"inLanguage\":\"es\",\"potentialAction\":[{\"@type\":\"ReadAction\",\"target\":[\"https:\\\/\\\/api.croghan.bank\\\/es\\\/sobre-nosotros\\\/carreras\\\/\"]}]},{\"@type\":\"BreadcrumbList\",\"@id\":\"https:\\\/\\\/api.croghan.bank\\\/es\\\/sobre-nosotros\\\/carreras\\\/#breadcrumb\",\"itemListElement\":[{\"@type\":\"ListItem\",\"position\":1,\"name\":\"Hogar\",\"item\":\"https:\\\/\\\/api.croghan.bank\\\/es\\\/\"},{\"@type\":\"ListItem\",\"position\":2,\"name\":\"Sobre nosotros\",\"item\":\"https:\\\/\\\/api.croghan.bank\\\/es\\\/sobre-nosotros\\\/\"},{\"@type\":\"ListItem\",\"position\":3,\"name\":\"Carreras\"}]},{\"@type\":\"WebSite\",\"@id\":\"https:\\\/\\\/api.croghan.bank\\\/es\\\/#website\",\"url\":\"https:\\\/\\\/api.croghan.bank\\\/es\\\/\",\"name\":\"Banco Croghan sin cabeza\",\"description\":\"\",\"potentialAction\":[{\"@type\":\"SearchAction\",\"target\":{\"@type\":\"EntryPoint\",\"urlTemplate\":\"https:\\\/\\\/api.croghan.bank\\\/es\\\/?s={search_term_string}\"},\"query-input\":{\"@type\":\"PropertyValueSpecification\",\"valueRequired\":true,\"valueName\":\"search_term_string\"}}],\"inLanguage\":\"es\"}]}<\/script>\n<!-- \/ Yoast SEO plugin. -->","yoast_head_json":{"title":"Carreras en el Croghan Colonial Bank | Empleos en banca","description":"Comienza una carrera bancaria en Croghan. Explora roles en retail, pr\u00e9stamos, patrimonio y operaciones \u2014 beneficios competitivos y un equipo basado en la comunidad.","robots":{"index":"noindex","follow":"follow","max-snippet":"max-snippet:-1","max-image-preview":"max-image-preview:large","max-video-preview":"max-video-preview:-1"},"og_locale":"es_ES","og_type":"article","og_title":"Carreras en el Croghan Colonial Bank | Empleos en banca","og_description":"Comienza una carrera bancaria en Croghan. Explora roles en retail, pr\u00e9stamos, patrimonio y operaciones \u2014 beneficios competitivos y un equipo basado en la comunidad.","og_url":"https:\/\/api.croghan.bank\/es\/sobre-nosotros\/carreras\/","og_site_name":"Banco Croghan sin cabeza","article_modified_time":"2026-04-21T19:42:54+00:00","twitter_card":"summary_large_image","schema":{"@context":"https:\/\/schema.org","@graph":[{"@type":"WebPage","@id":"https:\/\/api.croghan.bank\/es\/sobre-nosotros\/carreras\/","url":"https:\/\/api.croghan.bank\/es\/sobre-nosotros\/carreras\/","name":"Carreras en el Croghan Colonial Bank | Empleos en banca","isPartOf":{"@id":"https:\/\/api.croghan.bank\/es\/#website"},"datePublished":"2025-01-15T22:20:10+00:00","dateModified":"2026-04-21T19:42:54+00:00","description":"Comienza una carrera bancaria en Croghan. Explora roles en retail, pr\u00e9stamos, patrimonio y operaciones \u2014 beneficios competitivos y un equipo basado en la comunidad.","breadcrumb":{"@id":"https:\/\/api.croghan.bank\/es\/sobre-nosotros\/carreras\/#breadcrumb"},"inLanguage":"es","potentialAction":[{"@type":"ReadAction","target":["https:\/\/api.croghan.bank\/es\/sobre-nosotros\/carreras\/"]}]},{"@type":"BreadcrumbList","@id":"https:\/\/api.croghan.bank\/es\/sobre-nosotros\/carreras\/#breadcrumb","itemListElement":[{"@type":"ListItem","position":1,"name":"Hogar","item":"https:\/\/api.croghan.bank\/es\/"},{"@type":"ListItem","position":2,"name":"Sobre nosotros","item":"https:\/\/api.croghan.bank\/es\/sobre-nosotros\/"},{"@type":"ListItem","position":3,"name":"Carreras"}]},{"@type":"WebSite","@id":"https:\/\/api.croghan.bank\/es\/#website","url":"https:\/\/api.croghan.bank\/es\/","name":"Banco Croghan sin cabeza","description":"","potentialAction":[{"@type":"SearchAction","target":{"@type":"EntryPoint","urlTemplate":"https:\/\/api.croghan.bank\/es\/?s={search_term_string}"},"query-input":{"@type":"PropertyValueSpecification","valueRequired":true,"valueName":"search_term_string"}}],"inLanguage":"es"}]}},"_links":{"self":[{"href":"https:\/\/api.croghan.bank\/es\/wp-json\/wp\/v2\/pages\/4480","targetHints":{"allow":["GET"]}}],"collection":[{"href":"https:\/\/api.croghan.bank\/es\/wp-json\/wp\/v2\/pages"}],"about":[{"href":"https:\/\/api.croghan.bank\/es\/wp-json\/wp\/v2\/types\/page"}],"author":[{"embeddable":true,"href":"https:\/\/api.croghan.bank\/es\/wp-json\/wp\/v2\/users\/1"}],"replies":[{"embeddable":true,"href":"https:\/\/api.croghan.bank\/es\/wp-json\/wp\/v2\/comments?post=4480"}],"version-history":[{"count":1,"href":"https:\/\/api.croghan.bank\/es\/wp-json\/wp\/v2\/pages\/4480\/revisions"}],"predecessor-version":[{"id":7270,"href":"https:\/\/api.croghan.bank\/es\/wp-json\/wp\/v2\/pages\/4480\/revisions\/7270"}],"up":[{"embeddable":true,"href":"https:\/\/api.croghan.bank\/es\/wp-json\/wp\/v2\/pages\/4470"}],"wp:attachment":[{"href":"https:\/\/api.croghan.bank\/es\/wp-json\/wp\/v2\/media?parent=4480"}],"wp:term":[{"taxonomy":"category","embeddable":true,"href":"https:\/\/api.croghan.bank\/es\/wp-json\/wp\/v2\/categories?post=4480"},{"taxonomy":"post_tag","embeddable":true,"href":"https:\/\/api.croghan.bank\/es\/wp-json\/wp\/v2\/tags?post=4480"}],"curies":[{"name":"wp","href":"https:\/\/api.w.org\/{rel}","templated":true}]}}