{"id":4482,"date":"2025-01-16T20:29:10","date_gmt":"2025-01-16T20:29:10","guid":{"rendered":"https:\/\/api.croghan.bank\/recursos\/tarifas\/"},"modified":"2026-05-01T10:53:18","modified_gmt":"2026-05-01T10:53:18","slug":"tarifas","status":"publish","type":"page","link":"https:\/\/api.croghan.bank\/es\/recursos\/tarifas\/","title":{"rendered":"Tarifas"},"content":{"rendered":"","protected":false},"excerpt":{"rendered":"","protected":false},"author":1,"featured_media":0,"parent":4469,"menu_order":0,"comment_status":"closed","ping_status":"closed","template":"","meta":{"_acf_changed":false,"inline_featured_image":false,"footnotes":""},"categories":[],"tags":[],"class_list":["post-4482","page","type-page","status-publish","hentry"],"acf":{"modules":[{"acf_fc_layout":"bread_crumb_nav_hero","title":"<h1>Tarifas actuales<\/h1>","subtitle":"","content":"\u00bfBuscas mejorar tu relaci\u00f3n o hacer el cambio a Croghan? A continuaci\u00f3n, encontrar\u00e1s nuestro APY actual y los requisitos m\u00ednimos para nuestras cuentas de Certificados de Dep\u00f3sito (CD), Mercado de Dinero Digital, Cuenta Corriente de Intereses Digitales y Cuentas de Ahorro de Navidad. Para m\u00e1s detalles sobre otras ofertas de tarifas, no dudes en llamarnos o visitar tu oficina local de Croghan para hablar sobre ello.  ","buttons":[{"button":{"link":{"title":"Ll\u00e1manos","url":"tel:8882764426","target":""},"button_style":"solid","button_color":"dBlue","opens_modal":false,"video":null}},{"button":{"link":{"title":"Ubicaciones de oficinas","url":"\/locations","target":""},"button_style":"outlined","button_color":"dBlue","opens_modal":false,"video":null}}],"module_anchor_id":"","module_padding_inner":"noPaddingInner","module_spacing_after":"defaultSpacingAfter"},{"acf_fc_layout":"fifty_fifty_content","eyebrow":"","title":"<h2>Certificado de Dep\u00f3sito (CD)<\/h2>","content":"Los certificados de dep\u00f3sito son una forma sencilla y segura de invertir tu dinero, con varias opciones a plazo para ayudarte a alcanzar tus objetivos financieros.","buttons":[{"button":{"link":{"title":"Aprende m\u00e1s","url":"\/personal\/savings-accounts\/certificate-of-deposit","target":""},"button_style":"outlined","button_color":"blue","opens_modal":false,"video":null}}],"module_background_color":"blue","module_anchor_id":"cd","module_padding_inner":"paddingInnerAll","module_spacing_after":"noSpacingAfter"},{"acf_fc_layout":"fifty_fifty_table_and_image","image":"","title":"<h2>T\u00e9rminos y tarifas de CD<\/h2>","content_above_table":"\u00bfBuscas un t\u00e9rmino diferente? Ll\u00e1manos para explorar toda nuestra gama de ofertas de CDs. ","table_layout_columns":"tableFourColumns","table_formatting_bold":"boldFirstRow","table_2_column":null,"table_3_column":null,"table_4_column":[{"column_1":"T\u00e9rmino","column_2":"M\u00ednimo para abrir","column_3":"Saldo m\u00ednimo para obtener el APY*","column_4":"APY**"},{"column_1":"6 meses","column_2":"500,00 $","column_3":"500,00 $","column_4":"3.82%"},{"column_1":"10 meses","column_2":"500,00 $","column_3":"500,00 $","column_4":"3.87%"},{"column_1":"12 meses","column_2":"500,00 $","column_3":"500,00 $","column_4":"3.98%"},{"column_1":"15 meses","column_2":"500,00 $","column_3":"500,00 $","column_4":"3.92%"},{"column_1":"24 meses","column_2":"500,00 $","column_3":"500,00 $","column_4":"3.98%"},{"column_1":"36 meses","column_2":"500,00 $","column_3":"500,00 $","column_4":"4.03%"},{"column_1":"48 meses","column_2":"500,00 $","column_3":"500,00 $","column_4":"4.18%"},{"column_1":"60 meses","column_2":"500,00 $","column_3":"500,00 $","column_4":"3.95%"}],"table_5_column":null,"content_below_table":"*APY = Rendimiento Anual Porcentual. Saldo m\u00ednimo = la cantidad de capital en la cuenta cada d\u00eda. Las comisiones podr\u00edan reducir los ingresos en la cuenta. Las tarifas pueden cambiar sin previo aviso.   \n\n\u00a0\n\n**Rendimiento Anual Porcentual (APY) actualizado a 29\/04\/2026. El dep\u00f3sito m\u00ednimo inicial es de 500,00 d\u00f3lares. Se aplican penalizaciones por retirada anticipada. Los certificados de dep\u00f3sito se renuevan autom\u00e1ticamente al vencimiento a las tasas de renovaci\u00f3n actuales. La cuenta est\u00e1 sujeta a la aprobaci\u00f3n de la cuenta de dep\u00f3sito.    ","module_background_color":"blue","module_image_alignment":"imageRight","module_anchor_id":"","module_padding_inner":"paddingInnerBottom","module_spacing_after":"defaultSpacingAfter"},{"acf_fc_layout":"fifty_fifty_content","eyebrow":"","title":"<h2>Mercado de Dinero Digital<\/h2>","content":"Una cuenta de consumidor flexible que ayuda a que tu dinero trabaje m\u00e1s con f\u00e1cil acceso a trav\u00e9s de nuestros servicios digitales.","buttons":[{"button":{"link":{"title":"Aprende m\u00e1s","url":"\/personal\/savings-accounts\/money-market","target":""},"button_style":"outlined","button_color":"blue","opens_modal":false,"video":null}}],"module_background_color":"white","module_anchor_id":"","module_padding_inner":"noPaddingInner","module_spacing_after":"defaultSpacingAfter"},{"acf_fc_layout":"fifty_fifty_table_and_image","image":4062,"title":"<h2>Tasas del mercado de dinero digital<\/h2>","content_above_table":"","table_layout_columns":"tableTwoColumns","table_formatting_bold":"boldFirstRow","table_2_column":[{"column_1":"Rango de equilibrio*","column_2":"APY**"},{"column_1":"$0,01 - $25,000,00","column_2":"2.02%"},{"column_1":"25.001,00 $ - 250,000,00 $","column_2":"2.17%"},{"column_1":"250.001,00 $ - 500,000,00 $","column_2":"2.43%"},{"column_1":"500.001,00 $ \u2013 1.000,000,00","column_2":"2.58%"},{"column_1":"$1,000,001,00+","column_2":"2.69%"}],"table_3_column":null,"table_4_column":null,"table_5_column":null,"content_below_table":"*APY = Rendimiento Anual Porcentual. Las comisiones podr\u00edan reducir los ingresos en la cuenta. Las tarifas pueden cambiar sin previo aviso.  \n\n\u00a0\n\n**APY actualizado a 29\/04\/2026. El dep\u00f3sito m\u00ednimo de apertura es de 25.000 d\u00f3lares. El saldo m\u00ednimo para obtener un APY es de 0,01 $. La inscripci\u00f3n en la declaraci\u00f3n electr\u00f3nica es necesaria para obtener un APY promocional. Si no se completa la inscripci\u00f3n y el mantenimiento del eStatement, el tipo de inter\u00e9s ser\u00e1 el tipo de inter\u00e9s m\u00e1s bajo indicado anteriormente. Se aplican tasas, condiciones y condiciones adicionales. La cuenta est\u00e1 sujeta a la aprobaci\u00f3n de la cuenta de dep\u00f3sito.      ","module_background_color":"white","module_image_alignment":"imageLeft","module_anchor_id":"","module_padding_inner":"noPaddingInner","module_spacing_after":"defaultSpacingAfter"},{"acf_fc_layout":"fifty_fifty_content","eyebrow":"","title":"<h2>Verificaci\u00f3n de Intereses Digitales<\/h2>","content":"Una cuenta corriente con intereses que ofrece una variedad de beneficios bancarios digitales.","buttons":[{"button":{"link":{"title":"Aprende m\u00e1s","url":"\/personal\/checking-accounts\/interest-earning","target":""},"button_style":"outlined","button_color":"blue","opens_modal":false,"video":null}}],"module_background_color":"blue","module_anchor_id":"","module_padding_inner":"paddingInnerAll","module_spacing_after":"noSpacingAfter"},{"acf_fc_layout":"fifty_fifty_table_and_image","image":4064,"title":"<h2>Tipos de inter\u00e9s digitales para la cuenta corriente<\/h2>","content_above_table":"","table_layout_columns":"tableTwoColumns","table_formatting_bold":"boldFirstRow","table_2_column":[{"column_1":"Rango de equilibrio*","column_2":"APY**"},{"column_1":"$0.01+  ","column_2":"2.02%"}],"table_3_column":null,"table_4_column":null,"table_5_column":null,"content_below_table":"*APY = Rendimiento Anual Porcentual. Saldo m\u00ednimo = la cantidad de capital en la cuenta cada d\u00eda. Las comisiones podr\u00edan reducir los ingresos en la cuenta. Las tarifas pueden cambiar sin previo aviso.   \n\n\u00a0\n\n**Rendimiento Anual Porcentual (APY) actualizado a 29\/04\/2026. El dep\u00f3sito m\u00ednimo de apertura es de 20,00 $. El saldo m\u00ednimo para ganar un APY es de 0,01 $. Esta es una cuenta de tipo variable. Se aplican tasas, condiciones y condiciones adicionales. La cuenta est\u00e1 sujeta a la aprobaci\u00f3n de la cuenta de dep\u00f3sito.    ","module_background_color":"blue","module_image_alignment":"imageLeft","module_anchor_id":"","module_padding_inner":"noPaddingInner","module_spacing_after":"defaultSpacingAfter"},{"acf_fc_layout":"fifty_fifty_content","eyebrow":"","title":"<h2>Ahorro para las fiestas<\/h2>","content":"Ahorra con un prop\u00f3sito especial o para las fiestas, manteniendo estos fondos separados de tu fondo de ahorros o emergencias tradicionales.","buttons":[{"button":{"link":{"title":"Aprende m\u00e1s","url":"\/personal\/savings-accounts\/holiday-savings","target":""},"button_style":"outlined","button_color":"blue","opens_modal":false,"video":null}}],"module_background_color":"white","module_anchor_id":"","module_padding_inner":"noPaddingInner","module_spacing_after":"defaultSpacingAfter"},{"acf_fc_layout":"fifty_fifty_table_and_image","image":4063,"title":"<h2>Tarifas de ahorro para vacaciones<\/h2>","content_above_table":"","table_layout_columns":"tableTwoColumns","table_formatting_bold":"boldFirstRow","table_2_column":[{"column_1":"Rango de equilibrio*","column_2":"APY**"},{"column_1":"$0.01+  ","column_2":"3.05%"}],"table_3_column":null,"table_4_column":null,"table_5_column":null,"content_below_table":"*APY = Rendimiento Anual Porcentual. Las comisiones podr\u00edan reducir los ingresos en la cuenta. Las tarifas pueden cambiar sin previo aviso.  \n\n\u00a0\n\n**APY actualizado a 29\/04\/2026. El dep\u00f3sito m\u00ednimo de apertura es de 20,00 $. El saldo m\u00ednimo para obtener un APY es de 0,01 $. Esta es una cuenta de tipo variable. Se aplican tasas, condiciones y condiciones adicionales. La cuenta est\u00e1 sujeta a la aprobaci\u00f3n de la cuenta de dep\u00f3sito.     ","module_background_color":"white","module_image_alignment":"imageLeft","module_anchor_id":"","module_padding_inner":"noPaddingInner","module_spacing_after":"defaultSpacingAfter"},{"acf_fc_layout":"location_pre_footer","module_anchor_id":"","module_padding_inner":"noPaddingInner","module_spacing_after":"noSpacingAfter"}]},"yoast_head":"<!-- This site is optimized with the Yoast SEO plugin v27.5 - https:\/\/yoast.com\/product\/yoast-seo-wordpress\/ -->\n<title>Tipos de inter\u00e9s actuales | Banco Colonial Croghan<\/title>\n<meta name=\"description\" content=\"Consulta los tipos Croghan actuales para hipotecas, dep\u00f3sitos de dep\u00f3sito, pr\u00e9stamos de ahorro y pr\u00e9stamo. Los tipos se actualizan regularmente \u2014 comprueba antes de abrir una cuenta o solicitar financiaci\u00f3n.\" \/>\n<meta name=\"robots\" content=\"noindex, follow, max-snippet:-1, max-image-preview:large, max-video-preview:-1\" \/>\n<meta property=\"og:locale\" content=\"es_ES\" \/>\n<meta property=\"og:type\" content=\"article\" \/>\n<meta property=\"og:title\" content=\"Tipos de inter\u00e9s actuales | Banco Colonial Croghan\" \/>\n<meta property=\"og:description\" content=\"Consulta los tipos Croghan actuales para hipotecas, dep\u00f3sitos de dep\u00f3sito, pr\u00e9stamos de ahorro y pr\u00e9stamo. Los tipos se actualizan regularmente \u2014 comprueba antes de abrir una cuenta o solicitar financiaci\u00f3n.\" \/>\n<meta property=\"og:url\" content=\"https:\/\/api.croghan.bank\/es\/recursos\/tarifas\/\" \/>\n<meta property=\"og:site_name\" content=\"Banco Croghan sin cabeza\" \/>\n<meta property=\"article:modified_time\" content=\"2026-05-01T10:53:18+00:00\" \/>\n<meta name=\"twitter:card\" content=\"summary_large_image\" \/>\n<script type=\"application\/ld+json\" class=\"yoast-schema-graph\">{\"@context\":\"https:\\\/\\\/schema.org\",\"@graph\":[{\"@type\":\"WebPage\",\"@id\":\"https:\\\/\\\/api.croghan.bank\\\/es\\\/recursos\\\/tarifas\\\/\",\"url\":\"https:\\\/\\\/api.croghan.bank\\\/es\\\/recursos\\\/tarifas\\\/\",\"name\":\"Tipos de inter\u00e9s actuales | Banco Colonial Croghan\",\"isPartOf\":{\"@id\":\"https:\\\/\\\/api.croghan.bank\\\/es\\\/#website\"},\"datePublished\":\"2025-01-16T20:29:10+00:00\",\"dateModified\":\"2026-05-01T10:53:18+00:00\",\"description\":\"Consulta los tipos Croghan actuales para hipotecas, dep\u00f3sitos de dep\u00f3sito, pr\u00e9stamos de ahorro y pr\u00e9stamo. Los tipos se actualizan regularmente \u2014 comprueba antes de abrir una cuenta o solicitar financiaci\u00f3n.\",\"breadcrumb\":{\"@id\":\"https:\\\/\\\/api.croghan.bank\\\/es\\\/recursos\\\/tarifas\\\/#breadcrumb\"},\"inLanguage\":\"es\",\"potentialAction\":[{\"@type\":\"ReadAction\",\"target\":[\"https:\\\/\\\/api.croghan.bank\\\/es\\\/recursos\\\/tarifas\\\/\"]}]},{\"@type\":\"BreadcrumbList\",\"@id\":\"https:\\\/\\\/api.croghan.bank\\\/es\\\/recursos\\\/tarifas\\\/#breadcrumb\",\"itemListElement\":[{\"@type\":\"ListItem\",\"position\":1,\"name\":\"Hogar\",\"item\":\"https:\\\/\\\/api.croghan.bank\\\/es\\\/\"},{\"@type\":\"ListItem\",\"position\":2,\"name\":\"Recursos\",\"item\":\"https:\\\/\\\/api.croghan.bank\\\/es\\\/recursos\\\/\"},{\"@type\":\"ListItem\",\"position\":3,\"name\":\"Tarifas\"}]},{\"@type\":\"WebSite\",\"@id\":\"https:\\\/\\\/api.croghan.bank\\\/es\\\/#website\",\"url\":\"https:\\\/\\\/api.croghan.bank\\\/es\\\/\",\"name\":\"Banco Croghan sin cabeza\",\"description\":\"\",\"potentialAction\":[{\"@type\":\"SearchAction\",\"target\":{\"@type\":\"EntryPoint\",\"urlTemplate\":\"https:\\\/\\\/api.croghan.bank\\\/es\\\/?s={search_term_string}\"},\"query-input\":{\"@type\":\"PropertyValueSpecification\",\"valueRequired\":true,\"valueName\":\"search_term_string\"}}],\"inLanguage\":\"es\"}]}<\/script>\n<!-- \/ Yoast SEO plugin. -->","yoast_head_json":{"title":"Tipos de inter\u00e9s actuales | Banco Colonial Croghan","description":"Consulta los tipos Croghan actuales para hipotecas, dep\u00f3sitos de dep\u00f3sito, pr\u00e9stamos de ahorro y pr\u00e9stamo. Los tipos se actualizan regularmente \u2014 comprueba antes de abrir una cuenta o solicitar financiaci\u00f3n.","robots":{"index":"noindex","follow":"follow","max-snippet":"max-snippet:-1","max-image-preview":"max-image-preview:large","max-video-preview":"max-video-preview:-1"},"og_locale":"es_ES","og_type":"article","og_title":"Tipos de inter\u00e9s actuales | Banco Colonial Croghan","og_description":"Consulta los tipos Croghan actuales para hipotecas, dep\u00f3sitos de dep\u00f3sito, pr\u00e9stamos de ahorro y pr\u00e9stamo. Los tipos se actualizan regularmente \u2014 comprueba antes de abrir una cuenta o solicitar financiaci\u00f3n.","og_url":"https:\/\/api.croghan.bank\/es\/recursos\/tarifas\/","og_site_name":"Banco Croghan sin cabeza","article_modified_time":"2026-05-01T10:53:18+00:00","twitter_card":"summary_large_image","schema":{"@context":"https:\/\/schema.org","@graph":[{"@type":"WebPage","@id":"https:\/\/api.croghan.bank\/es\/recursos\/tarifas\/","url":"https:\/\/api.croghan.bank\/es\/recursos\/tarifas\/","name":"Tipos de inter\u00e9s actuales | Banco Colonial Croghan","isPartOf":{"@id":"https:\/\/api.croghan.bank\/es\/#website"},"datePublished":"2025-01-16T20:29:10+00:00","dateModified":"2026-05-01T10:53:18+00:00","description":"Consulta los tipos Croghan actuales para hipotecas, dep\u00f3sitos de dep\u00f3sito, pr\u00e9stamos de ahorro y pr\u00e9stamo. Los tipos se actualizan regularmente \u2014 comprueba antes de abrir una cuenta o solicitar financiaci\u00f3n.","breadcrumb":{"@id":"https:\/\/api.croghan.bank\/es\/recursos\/tarifas\/#breadcrumb"},"inLanguage":"es","potentialAction":[{"@type":"ReadAction","target":["https:\/\/api.croghan.bank\/es\/recursos\/tarifas\/"]}]},{"@type":"BreadcrumbList","@id":"https:\/\/api.croghan.bank\/es\/recursos\/tarifas\/#breadcrumb","itemListElement":[{"@type":"ListItem","position":1,"name":"Hogar","item":"https:\/\/api.croghan.bank\/es\/"},{"@type":"ListItem","position":2,"name":"Recursos","item":"https:\/\/api.croghan.bank\/es\/recursos\/"},{"@type":"ListItem","position":3,"name":"Tarifas"}]},{"@type":"WebSite","@id":"https:\/\/api.croghan.bank\/es\/#website","url":"https:\/\/api.croghan.bank\/es\/","name":"Banco Croghan sin cabeza","description":"","potentialAction":[{"@type":"SearchAction","target":{"@type":"EntryPoint","urlTemplate":"https:\/\/api.croghan.bank\/es\/?s={search_term_string}"},"query-input":{"@type":"PropertyValueSpecification","valueRequired":true,"valueName":"search_term_string"}}],"inLanguage":"es"}]}},"_links":{"self":[{"href":"https:\/\/api.croghan.bank\/es\/wp-json\/wp\/v2\/pages\/4482","targetHints":{"allow":["GET"]}}],"collection":[{"href":"https:\/\/api.croghan.bank\/es\/wp-json\/wp\/v2\/pages"}],"about":[{"href":"https:\/\/api.croghan.bank\/es\/wp-json\/wp\/v2\/types\/page"}],"author":[{"embeddable":true,"href":"https:\/\/api.croghan.bank\/es\/wp-json\/wp\/v2\/users\/1"}],"replies":[{"embeddable":true,"href":"https:\/\/api.croghan.bank\/es\/wp-json\/wp\/v2\/comments?post=4482"}],"version-history":[{"count":1,"href":"https:\/\/api.croghan.bank\/es\/wp-json\/wp\/v2\/pages\/4482\/revisions"}],"predecessor-version":[{"id":7209,"href":"https:\/\/api.croghan.bank\/es\/wp-json\/wp\/v2\/pages\/4482\/revisions\/7209"}],"up":[{"embeddable":true,"href":"https:\/\/api.croghan.bank\/es\/wp-json\/wp\/v2\/pages\/4469"}],"wp:attachment":[{"href":"https:\/\/api.croghan.bank\/es\/wp-json\/wp\/v2\/media?parent=4482"}],"wp:term":[{"taxonomy":"category","embeddable":true,"href":"https:\/\/api.croghan.bank\/es\/wp-json\/wp\/v2\/categories?post=4482"},{"taxonomy":"post_tag","embeddable":true,"href":"https:\/\/api.croghan.bank\/es\/wp-json\/wp\/v2\/tags?post=4482"}],"curies":[{"name":"wp","href":"https:\/\/api.w.org\/{rel}","templated":true}]}}