{"id":4483,"date":"2025-01-15T22:50:48","date_gmt":"2025-01-15T22:50:48","guid":{"rendered":"https:\/\/api.croghan.bank\/asegurado-y-no-asegurado\/"},"modified":"2026-04-21T19:43:05","modified_gmt":"2026-04-21T19:43:05","slug":"asegurado-y-no-asegurado","status":"publish","type":"page","link":"https:\/\/api.croghan.bank\/es\/personal\/prestamos-personales\/asegurado-y-no-asegurado\/","title":{"rendered":"Asegurado y no asegurado"},"content":{"rendered":"","protected":false},"excerpt":{"rendered":"","protected":false},"author":1,"featured_media":0,"parent":4491,"menu_order":0,"comment_status":"closed","ping_status":"closed","template":"","meta":{"_acf_changed":false,"inline_featured_image":false,"footnotes":""},"categories":[],"tags":[],"class_list":["post-4483","page","type-page","status-publish","hentry"],"acf":{"modules":[{"acf_fc_layout":"bread_crumb_nav_hero","title":"<h1>Opciones de pr\u00e9stamos seguros y sin garant\u00eda<\/h1>","subtitle":"","content":"\u00bfBusca fondos adicionales para cubrir gastos inesperados, consolidar deudas o hacer una compra importante? Un pr\u00e9stamo personal podr\u00eda ser la soluci\u00f3n que necesitas. Con opciones aseguradas y no garantizadas, ofrecemos t\u00e9rminos flexibles, tarifas competitivas y un proceso de solicitud simple.  ","buttons":[{"button":{"link":{"title":"Cont\u00e1ctenos","url":"\/contact-us","target":""},"button_style":"solid","button_color":"dBlue","opens_modal":false,"video":null}}],"module_anchor_id":"","module_padding_inner":"noPaddingInner","module_spacing_after":"defaultSpacingAfter"},{"acf_fc_layout":"floating_cards","eyebrow":"","title":"<h2>Caracter\u00edsticas del pr\u00e9stamo<\/h2>","content":"En Croghan Colonial Bank, ofrecemos pr\u00e9stamos personales garantizados y sin garant\u00eda, lo que brinda flexibilidad para satisfacer sus necesidades financieras. Esto es lo que puede esperar de nuestras opciones de pr\u00e9stamo: ","buttons":null,"cards_alignment":"cardsRight","card_style_type":"cardTypeBasic","floating_cards":[{"icon":"","icon_dark_mode":null,"eyebrow":"","title":"<h3>Tarifas competitivas<\/h3>","description":"Aproveche las tasas de inter\u00e9s asequibles seg\u00fan el tipo de pr\u00e9stamo y su perfil crediticio.","image":null,"link":null},{"icon":"","icon_dark_mode":null,"eyebrow":"","title":"<h3>Plazos fijos<\/h3>","description":"Realice pagos mensuales predecibles con plazos fijos y tasas de inter\u00e9s.","image":null,"link":null},{"icon":"","icon_dark_mode":null,"eyebrow":"","title":"<h3>Montos de pr\u00e9stamos flexibles<\/h3>","description":"Desde $2,500, con montos de hasta $100,000 disponibles.","image":null,"link":null}],"module_background_style":"solidColorBlue","module_anchor_id":"","module_padding_inner":"noPaddingInner","module_spacing_after":"noSpacingAfter"},{"acf_fc_layout":"full_width_media","media_type":"image","image":3814,"video":null,"video_youtube":"","video_poster_image":null,"module_upper_half_background_color":"blue","module_lower_half_background_color":"white","module_anchor_id":"","module_padding_inner":"noPaddingInner","module_spacing_after":"compactSpacingAfter"},{"acf_fc_layout":"comparison_cards","eyebrow":"","title":"<h2>Pr\u00e9stamos personales garantizados vs. pr\u00e9stamos personales sin garant\u00eda<\/h2>","content":"Al decidir entre un pr\u00e9stamo personal con garant\u00eda o sin garant\u00eda, comprender las diferencias clave puede ayudarlo a seleccionar la opci\u00f3n correcta para sus objetivos financieros:","comparison_cards":[{"icon":3715,"icon_dark_mode":null,"content":"<h3>Pr\u00e9stamos sin garant\u00eda*<\/h3>\n<ul>\n \t<li>No se requiere garant\u00eda.<\/li>\n \t<li>Por lo general, vienen con tasas de inter\u00e9s m\u00e1s altas debido a la falta de garant\u00edas.<\/li>\n \t<li>Los montos de los pr\u00e9stamos generalmente oscilan entre $2,500 y $7,500, y algunos prestamistas ofrecen montos m\u00e1s altos para solicitantes bien calificados.<\/li>\n \t<li>Un proceso de aprobaci\u00f3n m\u00e1s r\u00e1pido, lo que lo hace ideal para necesidades financieras urgentes.<\/li>\n<\/ul>"},{"icon":3714,"icon_dark_mode":null,"content":"<h3>Pr\u00e9stamos garantizados*<\/h3>\n<ul>\n \t<li>Requiere una garant\u00eda, como un veh\u00edculo o una propiedad.<\/li>\n \t<li>Tienden a tener tasas de inter\u00e9s m\u00e1s bajas ya que el pr\u00e9stamo est\u00e1 respaldado por un activo.<\/li>\n \t<li>Puede ofrecer montos de pr\u00e9stamo m\u00e1s altos (hasta $100,000 o m\u00e1s), dependiendo del valor de la garant\u00eda.<\/li>\n \t<li>Puede tardar m\u00e1s en procesarse debido a la necesidad de una evaluaci\u00f3n de activos y documentaci\u00f3n adicional.<\/li>\n<\/ul>"}],"module_anchor_id":"","module_padding_inner":"noPaddingInner","module_spacing_after":"compactSpacingAfter"},{"acf_fc_layout":"floating_cards","eyebrow":"","title":"<h2>Lo que puedes esperar de Croghan<\/h2>","content":"Cuando eliges Croghan para tu pr\u00e9stamo personal, te est\u00e1s asociando con un prestamista de confianza que ofrece asesoramiento personalizado, tasas competitivas y un proceso sencillo. Estamos aqu\u00ed para ayudarte a conseguir el financiamiento que se adapte a tus necesidades. ","buttons":null,"cards_alignment":"cardsLeft","card_style_type":"cardTypeBasic","floating_cards":[{"icon":3675,"icon_dark_mode":null,"eyebrow":"","title":"<h3>Proceso simple y transparente<\/h3>","description":"Nuestro equipo de oficiales de pr\u00e9stamos lo guiar\u00e1 a trav\u00e9s de cada paso de la solicitud de pr\u00e9stamo, desde la elecci\u00f3n del pr\u00e9stamo correcto hasta el proceso de aprobaci\u00f3n final. Nos aseguraremos de que comprenda todos los t\u00e9rminos y las finanzas, para que pueda tomar decisiones informadas. ","image":null,"link":null},{"icon":3717,"icon_dark_mode":null,"eyebrow":"","title":"<h3>Soporte Personalizado<\/h3>","description":"Desde la solicitud hasta la aprobaci\u00f3n y la financiaci\u00f3n, recibir\u00e1 apoyo personalizado para garantizar una experiencia fluida. Nuestro objetivo es ayudarlo a alcanzar sus objetivos financieros con facilidad. ","image":null,"link":null},{"icon":3719,"icon_dark_mode":null,"eyebrow":"","title":"<h3>Experiencia local<\/h3>","description":"Con a\u00f1os de experiencia en servir a la comunidad, entendemos el mercado local y ofrecemos el apoyo que necesita para sus metas financieras. Estamos comprometidos a hacer que el proceso de pr\u00e9stamo personal sea lo m\u00e1s simple posible. ","image":null,"link":null}],"module_background_style":"accentTriangle","module_anchor_id":"","module_padding_inner":"noPaddingInner","module_spacing_after":"defaultSpacingAfter"},{"acf_fc_layout":"content_card_pattern_accent","image":3936,"eyebrow":"","title":"<h2>D\u00e9 el siguiente paso hacia sus metas financieras<\/h2>","content":"\u00bfListo para tomar el control de tus finanzas? Si est\u00e1 buscando consolidar deudas, hacer una compra importante o cubrir un gasto inesperado, Croghan Colonial Bank tiene las soluciones y el apoyo que necesita. Ll\u00e1menos o visite una oficina local para hablar con uno de nuestros especialistas en pr\u00e9stamos y comenzar.  ","buttons":[{"button":{"link":{"title":"Ll\u00e1manos","url":"tel:8882764426","target":""},"button_style":"solid","button_color":"dBlue","opens_modal":false,"video":null}},{"button":{"link":{"title":"Buscar una ubicaci\u00f3n","url":"\/locations","target":""},"button_style":"outlined","button_color":"dBlue","opens_modal":false,"video":null}}],"disclaimer":"","module_image_alignment":"imageLeft","module_card_background_color":"cardBackgroundGrey","module_anchor_id":"","module_padding_inner":"paddingInnerBottom","module_spacing_after":"compactSpacingAfter"},{"acf_fc_layout":"accordion","eyebrow":null,"accordion_items":null,"module_anchor_id":null,"module_padding_inner":null,"module_spacing_after":null},{"acf_fc_layout":"location_pre_footer","module_anchor_id":"","module_padding_inner":"noPaddingInner","module_spacing_after":"defaultSpacingAfter"}]},"yoast_head":"<!-- This site is optimized with the Yoast SEO plugin v27.5 - https:\/\/yoast.com\/product\/yoast-seo-wordpress\/ -->\n<title>Pr\u00e9stamos personales | No Garantizado y Garantizado | Croghan<\/title>\n<meta name=\"description\" content=\"Cubre los gastos de la vida con un pr\u00e9stamo personal garantizado o no garantizado por Croghan. Tipos fijos, decisiones r\u00e1pidas y condiciones adaptadas a tu presupuesto y plazos.\" \/>\n<meta name=\"robots\" content=\"noindex, follow, max-snippet:-1, max-image-preview:large, max-video-preview:-1\" \/>\n<meta property=\"og:locale\" content=\"es_ES\" \/>\n<meta property=\"og:type\" content=\"article\" \/>\n<meta property=\"og:title\" content=\"Pr\u00e9stamos personales | No Garantizado y Garantizado | Croghan\" \/>\n<meta property=\"og:description\" content=\"Cubre los gastos de la vida con un pr\u00e9stamo personal garantizado o no garantizado por Croghan. Tipos fijos, decisiones r\u00e1pidas y condiciones adaptadas a tu presupuesto y plazos.\" \/>\n<meta property=\"og:url\" content=\"https:\/\/api.croghan.bank\/es\/personal\/prestamos-personales\/asegurado-y-no-asegurado\/\" \/>\n<meta property=\"og:site_name\" content=\"Banco Croghan sin cabeza\" \/>\n<meta property=\"article:modified_time\" content=\"2026-04-21T19:43:05+00:00\" \/>\n<meta name=\"twitter:card\" content=\"summary_large_image\" \/>\n<script type=\"application\/ld+json\" class=\"yoast-schema-graph\">{\"@context\":\"https:\\\/\\\/schema.org\",\"@graph\":[{\"@type\":\"WebPage\",\"@id\":\"https:\\\/\\\/api.croghan.bank\\\/es\\\/personal\\\/prestamos-personales\\\/asegurado-y-no-asegurado\\\/\",\"url\":\"https:\\\/\\\/api.croghan.bank\\\/es\\\/personal\\\/prestamos-personales\\\/asegurado-y-no-asegurado\\\/\",\"name\":\"Pr\u00e9stamos personales | No Garantizado y Garantizado | Croghan\",\"isPartOf\":{\"@id\":\"https:\\\/\\\/api.croghan.bank\\\/es\\\/#website\"},\"datePublished\":\"2025-01-15T22:50:48+00:00\",\"dateModified\":\"2026-04-21T19:43:05+00:00\",\"description\":\"Cubre los gastos de la vida con un pr\u00e9stamo personal garantizado o no garantizado por Croghan. Tipos fijos, decisiones r\u00e1pidas y condiciones adaptadas a tu presupuesto y plazos.\",\"breadcrumb\":{\"@id\":\"https:\\\/\\\/api.croghan.bank\\\/es\\\/personal\\\/prestamos-personales\\\/asegurado-y-no-asegurado\\\/#breadcrumb\"},\"inLanguage\":\"es\",\"potentialAction\":[{\"@type\":\"ReadAction\",\"target\":[\"https:\\\/\\\/api.croghan.bank\\\/es\\\/personal\\\/prestamos-personales\\\/asegurado-y-no-asegurado\\\/\"]}]},{\"@type\":\"BreadcrumbList\",\"@id\":\"https:\\\/\\\/api.croghan.bank\\\/es\\\/personal\\\/prestamos-personales\\\/asegurado-y-no-asegurado\\\/#breadcrumb\",\"itemListElement\":[{\"@type\":\"ListItem\",\"position\":1,\"name\":\"Hogar\",\"item\":\"https:\\\/\\\/api.croghan.bank\\\/es\\\/\"},{\"@type\":\"ListItem\",\"position\":2,\"name\":\"Personal\",\"item\":\"https:\\\/\\\/api.croghan.bank\\\/es\\\/personal\\\/\"},{\"@type\":\"ListItem\",\"position\":3,\"name\":\"Pr\u00e9stamos Personales\",\"item\":\"https:\\\/\\\/api.croghan.bank\\\/es\\\/personal\\\/prestamos-personales\\\/\"},{\"@type\":\"ListItem\",\"position\":4,\"name\":\"Asegurado y no asegurado\"}]},{\"@type\":\"WebSite\",\"@id\":\"https:\\\/\\\/api.croghan.bank\\\/es\\\/#website\",\"url\":\"https:\\\/\\\/api.croghan.bank\\\/es\\\/\",\"name\":\"Banco Croghan sin cabeza\",\"description\":\"\",\"potentialAction\":[{\"@type\":\"SearchAction\",\"target\":{\"@type\":\"EntryPoint\",\"urlTemplate\":\"https:\\\/\\\/api.croghan.bank\\\/es\\\/?s={search_term_string}\"},\"query-input\":{\"@type\":\"PropertyValueSpecification\",\"valueRequired\":true,\"valueName\":\"search_term_string\"}}],\"inLanguage\":\"es\"}]}<\/script>\n<!-- \/ Yoast SEO plugin. -->","yoast_head_json":{"title":"Pr\u00e9stamos personales | No Garantizado y Garantizado | Croghan","description":"Cubre los gastos de la vida con un pr\u00e9stamo personal garantizado o no garantizado por Croghan. Tipos fijos, decisiones r\u00e1pidas y condiciones adaptadas a tu presupuesto y plazos.","robots":{"index":"noindex","follow":"follow","max-snippet":"max-snippet:-1","max-image-preview":"max-image-preview:large","max-video-preview":"max-video-preview:-1"},"og_locale":"es_ES","og_type":"article","og_title":"Pr\u00e9stamos personales | No Garantizado y Garantizado | Croghan","og_description":"Cubre los gastos de la vida con un pr\u00e9stamo personal garantizado o no garantizado por Croghan. Tipos fijos, decisiones r\u00e1pidas y condiciones adaptadas a tu presupuesto y plazos.","og_url":"https:\/\/api.croghan.bank\/es\/personal\/prestamos-personales\/asegurado-y-no-asegurado\/","og_site_name":"Banco Croghan sin cabeza","article_modified_time":"2026-04-21T19:43:05+00:00","twitter_card":"summary_large_image","schema":{"@context":"https:\/\/schema.org","@graph":[{"@type":"WebPage","@id":"https:\/\/api.croghan.bank\/es\/personal\/prestamos-personales\/asegurado-y-no-asegurado\/","url":"https:\/\/api.croghan.bank\/es\/personal\/prestamos-personales\/asegurado-y-no-asegurado\/","name":"Pr\u00e9stamos personales | No Garantizado y Garantizado | Croghan","isPartOf":{"@id":"https:\/\/api.croghan.bank\/es\/#website"},"datePublished":"2025-01-15T22:50:48+00:00","dateModified":"2026-04-21T19:43:05+00:00","description":"Cubre los gastos de la vida con un pr\u00e9stamo personal garantizado o no garantizado por Croghan. Tipos fijos, decisiones r\u00e1pidas y condiciones adaptadas a tu presupuesto y plazos.","breadcrumb":{"@id":"https:\/\/api.croghan.bank\/es\/personal\/prestamos-personales\/asegurado-y-no-asegurado\/#breadcrumb"},"inLanguage":"es","potentialAction":[{"@type":"ReadAction","target":["https:\/\/api.croghan.bank\/es\/personal\/prestamos-personales\/asegurado-y-no-asegurado\/"]}]},{"@type":"BreadcrumbList","@id":"https:\/\/api.croghan.bank\/es\/personal\/prestamos-personales\/asegurado-y-no-asegurado\/#breadcrumb","itemListElement":[{"@type":"ListItem","position":1,"name":"Hogar","item":"https:\/\/api.croghan.bank\/es\/"},{"@type":"ListItem","position":2,"name":"Personal","item":"https:\/\/api.croghan.bank\/es\/personal\/"},{"@type":"ListItem","position":3,"name":"Pr\u00e9stamos Personales","item":"https:\/\/api.croghan.bank\/es\/personal\/prestamos-personales\/"},{"@type":"ListItem","position":4,"name":"Asegurado y no asegurado"}]},{"@type":"WebSite","@id":"https:\/\/api.croghan.bank\/es\/#website","url":"https:\/\/api.croghan.bank\/es\/","name":"Banco Croghan sin cabeza","description":"","potentialAction":[{"@type":"SearchAction","target":{"@type":"EntryPoint","urlTemplate":"https:\/\/api.croghan.bank\/es\/?s={search_term_string}"},"query-input":{"@type":"PropertyValueSpecification","valueRequired":true,"valueName":"search_term_string"}}],"inLanguage":"es"}]}},"_links":{"self":[{"href":"https:\/\/api.croghan.bank\/es\/wp-json\/wp\/v2\/pages\/4483","targetHints":{"allow":["GET"]}}],"collection":[{"href":"https:\/\/api.croghan.bank\/es\/wp-json\/wp\/v2\/pages"}],"about":[{"href":"https:\/\/api.croghan.bank\/es\/wp-json\/wp\/v2\/types\/page"}],"author":[{"embeddable":true,"href":"https:\/\/api.croghan.bank\/es\/wp-json\/wp\/v2\/users\/1"}],"replies":[{"embeddable":true,"href":"https:\/\/api.croghan.bank\/es\/wp-json\/wp\/v2\/comments?post=4483"}],"version-history":[{"count":1,"href":"https:\/\/api.croghan.bank\/es\/wp-json\/wp\/v2\/pages\/4483\/revisions"}],"predecessor-version":[{"id":7597,"href":"https:\/\/api.croghan.bank\/es\/wp-json\/wp\/v2\/pages\/4483\/revisions\/7597"}],"up":[{"embeddable":true,"href":"https:\/\/api.croghan.bank\/es\/wp-json\/wp\/v2\/pages\/4491"}],"wp:attachment":[{"href":"https:\/\/api.croghan.bank\/es\/wp-json\/wp\/v2\/media?parent=4483"}],"wp:term":[{"taxonomy":"category","embeddable":true,"href":"https:\/\/api.croghan.bank\/es\/wp-json\/wp\/v2\/categories?post=4483"},{"taxonomy":"post_tag","embeddable":true,"href":"https:\/\/api.croghan.bank\/es\/wp-json\/wp\/v2\/tags?post=4483"}],"curies":[{"name":"wp","href":"https:\/\/api.w.org\/{rel}","templated":true}]}}