{"id":4487,"date":"2025-01-16T20:34:23","date_gmt":"2025-01-16T20:34:23","guid":{"rendered":"https:\/\/api.croghan.bank\/negocio\/"},"modified":"2026-04-21T19:43:02","modified_gmt":"2026-04-21T19:43:02","slug":"negocio","status":"publish","type":"page","link":"https:\/\/api.croghan.bank\/es\/negocio\/","title":{"rendered":"Negocio"},"content":{"rendered":"","protected":false},"excerpt":{"rendered":"","protected":false},"author":1,"featured_media":0,"parent":0,"menu_order":0,"comment_status":"closed","ping_status":"closed","template":"","meta":{"_acf_changed":false,"inline_featured_image":false,"footnotes":""},"categories":[51],"tags":[],"class_list":["post-4487","page","type-page","status-publish","hentry","category-negocio"],"acf":{"modules":[{"acf_fc_layout":"bread_crumb_nav_hero","title":"<h1>Herramientas financieras inteligentes para impulsar el crecimiento<\/h1>","subtitle":"","content":"Su negocio est\u00e1 en constante evoluci\u00f3n y necesita soluciones bancarias que se mantengan al d\u00eda. Ya sea que est\u00e9 administrando transacciones diarias, planificando una expansi\u00f3n u optimizando operaciones, nuestros servicios de banca comercial est\u00e1n dise\u00f1ados para ayudarlo en cada etapa. ","buttons":null,"module_anchor_id":"","module_padding_inner":"noPaddingInner","module_spacing_after":"compactSpacingAfter"},{"acf_fc_layout":"secondary_navigation","links":[{"link":{"title":"Comprobaci\u00f3n","url":"\/business#checking","target":""}},{"link":{"title":"Ahorros","url":"\/business#savings","target":""}},{"link":{"title":"Naipes","url":"\/business#cards","target":""}},{"link":{"title":"Pr\u00e9stamos","url":"\/business#loans","target":""}},{"link":{"title":"Servicios Digitales","url":"\/business#digitalServices","target":""}}]},{"acf_fc_layout":"fifty_fifty_floating_callout","eyebrow":"Cuentas Corrientes","title":"<h2>Cuentas creadas para empresas<\/h2>","content":"Desde las transacciones diarias hasta la gesti\u00f3n avanzada de tesorer\u00eda, nuestras cuentas de cheques comerciales ofrecen flexibilidad y comodidad. Elija entre $uite de negocios digitales o $uite de negocios comerciales para satisfacer las necesidades financieras \u00fanicas de su empresa. ","buttons":[{"button":{"link":{"title":"Aprende m\u00e1s","url":"\/business\/checking-accounts","target":""},"button_style":"solid","button_color":"dBlue","opens_modal":false,"video":null}}],"background_image":3749,"module_image_alignment":"imageLeft","module_anchor_id":"checking","module_padding_inner":"noPaddingInner","module_spacing_after":"defaultSpacingAfter"},{"acf_fc_layout":"fifty_fifty_floating_callout","eyebrow":"Cuentas de Ahorro","title":"<h2>Fortalezca sus reservas<\/h2>","content":"Reserve fondos para el crecimiento futuro mientras gana intereses sobre el excedente de efectivo. Nuestras cuentas de ahorros con estado de cuenta, ahorros de alto rendimiento y cuentas del mercado monetario brindan opciones seguras y accesibles para ayudar a su empresa a desarrollar la estabilidad financiera. ","buttons":[{"button":{"link":{"title":"Aprende m\u00e1s","url":"\/business\/savings-accounts","target":""},"button_style":"solid","button_color":"dBlue","opens_modal":false,"video":null}}],"background_image":3753,"module_image_alignment":"imageRight","module_anchor_id":"savings","module_padding_inner":"noPaddingInner","module_spacing_after":"defaultSpacingAfter"},{"acf_fc_layout":"fifty_fifty_floating_callout","eyebrow":"Tarjetas de cr\u00e9dito y d\u00e9bito","title":"<h2>Gastos empresariales sin esfuerzo<\/h2>","content":"Administre sin esfuerzo los gastos comerciales con nuestras opciones flexibles de tarjetas de cr\u00e9dito y d\u00e9bito. Nuestras tarjetas ofrecen seguridad mejorada, controles de gastos y supervisi\u00f3n de tarjetas de empleados para ayudar a agilizar las compras y realizar un seguimiento de los gastos. ","buttons":[{"button":{"link":{"title":"Aprende m\u00e1s","url":"\/business\/credit-debit-cards","target":""},"button_style":"solid","button_color":"dBlue","opens_modal":false,"video":null}}],"background_image":3750,"module_image_alignment":"imageLeft","module_anchor_id":"cards","module_padding_inner":"noPaddingInner","module_spacing_after":"defaultSpacingAfter"},{"acf_fc_layout":"fifty_fifty_floating_callout","eyebrow":"Pr\u00e9stamos comerciales","title":"<h2>Financiamiento que impulsa el crecimiento<\/h2>","content":"Impulse el pr\u00f3ximo paso de su empresa con soluciones de financiamiento personalizadas. Ya sea que se expanda con bienes ra\u00edces comerciales, compre equipos o obtenga un pr\u00e9stamo de la SBA o para peque\u00f1as empresas, ofrecemos tarifas competitivas y orientaci\u00f3n experta. ","buttons":[{"button":{"link":{"title":"Aprende m\u00e1s","url":"\/business\/business-loans","target":""},"button_style":"solid","button_color":"dBlue","opens_modal":false,"video":null}}],"background_image":3751,"module_image_alignment":"imageRight","module_anchor_id":"loans","module_padding_inner":"noPaddingInner","module_spacing_after":"defaultSpacingAfter"},{"acf_fc_layout":"fifty_fifty_floating_callout","eyebrow":"Servicios Digitales","title":"<h2>Banca m\u00e1s inteligente, en cualquier momento<\/h2>","content":"Toma el control con nuestras potentes herramientas de banca digital. Desde la banca en l\u00ednea y m\u00f3vil hasta los servicios de dep\u00f3sito remoto y ACH, nuestras soluciones de negocios digitales lo ayudan a administrar el flujo de efectivo de manera eficiente, en cualquier momento y en cualquier lugar. ","buttons":[{"button":{"link":{"title":"Aprende m\u00e1s","url":"\/business\/digital-services","target":""},"button_style":"solid","button_color":"dBlue","opens_modal":false,"video":null}}],"background_image":3752,"module_image_alignment":"imageLeft","module_anchor_id":"digitalServices","module_padding_inner":"noPaddingInner","module_spacing_after":"defaultSpacingAfter"},{"acf_fc_layout":"location_pre_footer","module_anchor_id":"","module_padding_inner":"noPaddingInner","module_spacing_after":"noSpacingAfter"}]},"yoast_head":"<!-- This site is optimized with the Yoast SEO plugin v27.5 - https:\/\/yoast.com\/product\/yoast-seo-wordpress\/ -->\n<title>Banca de Empresas | Banco Colonial Croghan<\/title>\n<meta name=\"description\" content=\"Herramientas de cuenta corriente, ahorro, tarjetas, pr\u00e9stamos y tesorer\u00eda para empresas de Ohio \u2014 respaldadas por prestamistas comerciales locales que devuelven tus llamadas y conocen tu mercado.\" \/>\n<meta name=\"robots\" content=\"noindex, follow, max-snippet:-1, max-image-preview:large, max-video-preview:-1\" \/>\n<meta property=\"og:locale\" content=\"es_ES\" \/>\n<meta property=\"og:type\" content=\"article\" \/>\n<meta property=\"og:title\" content=\"Banca de Empresas | Banco Colonial Croghan\" \/>\n<meta property=\"og:description\" content=\"Herramientas de cuenta corriente, ahorro, tarjetas, pr\u00e9stamos y tesorer\u00eda para empresas de Ohio \u2014 respaldadas por prestamistas comerciales locales que devuelven tus llamadas y conocen tu mercado.\" \/>\n<meta property=\"og:url\" content=\"https:\/\/api.croghan.bank\/es\/negocio\/\" \/>\n<meta property=\"og:site_name\" content=\"Banco Croghan sin cabeza\" \/>\n<meta property=\"article:modified_time\" content=\"2026-04-21T19:43:02+00:00\" \/>\n<meta name=\"twitter:card\" content=\"summary_large_image\" \/>\n<script type=\"application\/ld+json\" class=\"yoast-schema-graph\">{\"@context\":\"https:\\\/\\\/schema.org\",\"@graph\":[{\"@type\":\"WebPage\",\"@id\":\"https:\\\/\\\/api.croghan.bank\\\/es\\\/negocio\\\/\",\"url\":\"https:\\\/\\\/api.croghan.bank\\\/es\\\/negocio\\\/\",\"name\":\"Banca de Empresas | Banco Colonial Croghan\",\"isPartOf\":{\"@id\":\"https:\\\/\\\/api.croghan.bank\\\/es\\\/#website\"},\"datePublished\":\"2025-01-16T20:34:23+00:00\",\"dateModified\":\"2026-04-21T19:43:02+00:00\",\"description\":\"Herramientas de cuenta corriente, ahorro, tarjetas, pr\u00e9stamos y tesorer\u00eda para empresas de Ohio \u2014 respaldadas por prestamistas comerciales locales que devuelven tus llamadas y conocen tu mercado.\",\"breadcrumb\":{\"@id\":\"https:\\\/\\\/api.croghan.bank\\\/es\\\/negocio\\\/#breadcrumb\"},\"inLanguage\":\"es\",\"potentialAction\":[{\"@type\":\"ReadAction\",\"target\":[\"https:\\\/\\\/api.croghan.bank\\\/es\\\/negocio\\\/\"]}]},{\"@type\":\"BreadcrumbList\",\"@id\":\"https:\\\/\\\/api.croghan.bank\\\/es\\\/negocio\\\/#breadcrumb\",\"itemListElement\":[{\"@type\":\"ListItem\",\"position\":1,\"name\":\"Hogar\",\"item\":\"https:\\\/\\\/api.croghan.bank\\\/es\\\/\"},{\"@type\":\"ListItem\",\"position\":2,\"name\":\"Negocio\"}]},{\"@type\":\"WebSite\",\"@id\":\"https:\\\/\\\/api.croghan.bank\\\/es\\\/#website\",\"url\":\"https:\\\/\\\/api.croghan.bank\\\/es\\\/\",\"name\":\"Banco Croghan sin cabeza\",\"description\":\"\",\"potentialAction\":[{\"@type\":\"SearchAction\",\"target\":{\"@type\":\"EntryPoint\",\"urlTemplate\":\"https:\\\/\\\/api.croghan.bank\\\/es\\\/?s={search_term_string}\"},\"query-input\":{\"@type\":\"PropertyValueSpecification\",\"valueRequired\":true,\"valueName\":\"search_term_string\"}}],\"inLanguage\":\"es\"}]}<\/script>\n<!-- \/ Yoast SEO plugin. -->","yoast_head_json":{"title":"Banca de Empresas | Banco Colonial Croghan","description":"Herramientas de cuenta corriente, ahorro, tarjetas, pr\u00e9stamos y tesorer\u00eda para empresas de Ohio \u2014 respaldadas por prestamistas comerciales locales que devuelven tus llamadas y conocen tu mercado.","robots":{"index":"noindex","follow":"follow","max-snippet":"max-snippet:-1","max-image-preview":"max-image-preview:large","max-video-preview":"max-video-preview:-1"},"og_locale":"es_ES","og_type":"article","og_title":"Banca de Empresas | Banco Colonial Croghan","og_description":"Herramientas de cuenta corriente, ahorro, tarjetas, pr\u00e9stamos y tesorer\u00eda para empresas de Ohio \u2014 respaldadas por prestamistas comerciales locales que devuelven tus llamadas y conocen tu mercado.","og_url":"https:\/\/api.croghan.bank\/es\/negocio\/","og_site_name":"Banco Croghan sin cabeza","article_modified_time":"2026-04-21T19:43:02+00:00","twitter_card":"summary_large_image","schema":{"@context":"https:\/\/schema.org","@graph":[{"@type":"WebPage","@id":"https:\/\/api.croghan.bank\/es\/negocio\/","url":"https:\/\/api.croghan.bank\/es\/negocio\/","name":"Banca de Empresas | Banco Colonial Croghan","isPartOf":{"@id":"https:\/\/api.croghan.bank\/es\/#website"},"datePublished":"2025-01-16T20:34:23+00:00","dateModified":"2026-04-21T19:43:02+00:00","description":"Herramientas de cuenta corriente, ahorro, tarjetas, pr\u00e9stamos y tesorer\u00eda para empresas de Ohio \u2014 respaldadas por prestamistas comerciales locales que devuelven tus llamadas y conocen tu mercado.","breadcrumb":{"@id":"https:\/\/api.croghan.bank\/es\/negocio\/#breadcrumb"},"inLanguage":"es","potentialAction":[{"@type":"ReadAction","target":["https:\/\/api.croghan.bank\/es\/negocio\/"]}]},{"@type":"BreadcrumbList","@id":"https:\/\/api.croghan.bank\/es\/negocio\/#breadcrumb","itemListElement":[{"@type":"ListItem","position":1,"name":"Hogar","item":"https:\/\/api.croghan.bank\/es\/"},{"@type":"ListItem","position":2,"name":"Negocio"}]},{"@type":"WebSite","@id":"https:\/\/api.croghan.bank\/es\/#website","url":"https:\/\/api.croghan.bank\/es\/","name":"Banco Croghan sin cabeza","description":"","potentialAction":[{"@type":"SearchAction","target":{"@type":"EntryPoint","urlTemplate":"https:\/\/api.croghan.bank\/es\/?s={search_term_string}"},"query-input":{"@type":"PropertyValueSpecification","valueRequired":true,"valueName":"search_term_string"}}],"inLanguage":"es"}]}},"_links":{"self":[{"href":"https:\/\/api.croghan.bank\/es\/wp-json\/wp\/v2\/pages\/4487","targetHints":{"allow":["GET"]}}],"collection":[{"href":"https:\/\/api.croghan.bank\/es\/wp-json\/wp\/v2\/pages"}],"about":[{"href":"https:\/\/api.croghan.bank\/es\/wp-json\/wp\/v2\/types\/page"}],"author":[{"embeddable":true,"href":"https:\/\/api.croghan.bank\/es\/wp-json\/wp\/v2\/users\/1"}],"replies":[{"embeddable":true,"href":"https:\/\/api.croghan.bank\/es\/wp-json\/wp\/v2\/comments?post=4487"}],"version-history":[{"count":1,"href":"https:\/\/api.croghan.bank\/es\/wp-json\/wp\/v2\/pages\/4487\/revisions"}],"predecessor-version":[{"id":7590,"href":"https:\/\/api.croghan.bank\/es\/wp-json\/wp\/v2\/pages\/4487\/revisions\/7590"}],"wp:attachment":[{"href":"https:\/\/api.croghan.bank\/es\/wp-json\/wp\/v2\/media?parent=4487"}],"wp:term":[{"taxonomy":"category","embeddable":true,"href":"https:\/\/api.croghan.bank\/es\/wp-json\/wp\/v2\/categories?post=4487"},{"taxonomy":"post_tag","embeddable":true,"href":"https:\/\/api.croghan.bank\/es\/wp-json\/wp\/v2\/tags?post=4487"}],"curies":[{"name":"wp","href":"https:\/\/api.w.org\/{rel}","templated":true}]}}