{"id":4497,"date":"2025-01-15T18:13:42","date_gmt":"2025-01-15T18:13:42","guid":{"rendered":"https:\/\/api.croghan.bank\/cuentas-de-ahorro\/"},"modified":"2026-04-21T19:43:15","modified_gmt":"2026-04-21T19:43:15","slug":"cuentas-de-ahorro","status":"publish","type":"page","link":"https:\/\/api.croghan.bank\/es\/personal\/cuentas-de-ahorro\/","title":{"rendered":"Cuentas de Ahorro"},"content":{"rendered":"","protected":false},"excerpt":{"rendered":"","protected":false},"author":1,"featured_media":0,"parent":4511,"menu_order":0,"comment_status":"closed","ping_status":"closed","template":"","meta":{"_acf_changed":false,"inline_featured_image":false,"footnotes":""},"categories":[],"tags":[],"class_list":["post-4497","page","type-page","status-publish","hentry"],"acf":{"modules":[{"acf_fc_layout":"bread_crumb_nav_hero","title":"<h1>Ahorre con un prop\u00f3sito<\/h1>","subtitle":"","content":"Sus metas de ahorro son tan \u00fanicas como su viaje. Ya sea que se trate de crear un fondo de emergencia, ahorrar para la jubilaci\u00f3n o planificar los hitos de la vida, estamos aqu\u00ed para ayudarlo en cada paso del camino. Nunca es demasiado temprano ni demasiado tarde para empezar a ahorrar para lo que m\u00e1s importa.  ","buttons":null,"module_anchor_id":"","module_padding_inner":"noPaddingInner","module_spacing_after":"defaultSpacingAfter"},{"acf_fc_layout":"sidebar_links_and_content","functionality_type":"static","selected_menu":false,"selected_menu_item":false,"content_items":[{"card_type":"B\u00e1sico","sidebar_label":"Gen$ave","image":3855,"title":"Impulse su viaje de ahorro","content":"Comience a desarrollar h\u00e1bitos de ahorro saludables con la cuenta Gen$ave, dise\u00f1ada para personas de 0 a 22 a\u00f1os. Disfrute de un saldo sin m\u00ednimo, adem\u00e1s de un f\u00e1cil acceso a trav\u00e9s de la banca digital. Las cuentas de los menores de 18 a\u00f1os son de propiedad compartida con un padre o tutor.  ","buttons":[{"button":{"link":{"title":"Aprende m\u00e1s","url":"\/personal\/savings-accounts\/gensave","target":""},"button_style":"solid","button_color":"dBlue","opens_modal":false,"video":null},"open_flyout":false}],"flyout_content":{"interactive_flyout_modules":{"interactive_flyout":null}}},{"card_type":"B\u00e1sico","sidebar_label":"Ahorros en el estado de cuenta","image":3854,"title":"Ahorre de manera m\u00e1s inteligente, no m\u00e1s dif\u00edcil","content":"Construir sus ahorros es f\u00e1cil con una cuenta de ahorros con estado de cuenta. Disfrute de transferencias sencillas desde su cuenta de cheques Croghan y acceso las 24 horas del d\u00eda, los 7 d\u00edas de la semana a trav\u00e9s de la banca en l\u00ednea y m\u00f3vil. Con un saldo m\u00ednimo bajo, ahorrar para los momentos inesperados de la vida nunca ha sido tan f\u00e1cil.  ","buttons":[{"button":{"link":{"title":"Aprende m\u00e1s","url":"\/personal\/savings-accounts\/statement-savings","target":""},"button_style":"solid","button_color":"dBlue","opens_modal":false,"video":null},"open_flyout":false}],"flyout_content":{"interactive_flyout_modules":{"interactive_flyout":null}}},{"card_type":"B\u00e1sico","sidebar_label":"Mercado monetario","image":3853,"title":"Ahorro flexible. Mayor rentabilidad. ","content":"Obtenga una tasa de inter\u00e9s competitiva con acceso flexible a sus ahorros. Perfecta para objetivos a largo plazo, esta cuenta segura ofrece acceso digital siempre que lo necesites. ","buttons":[{"button":{"link":{"title":"Aprende m\u00e1s","url":"\/personal\/savings-accounts\/money-market","target":""},"button_style":"solid","button_color":"dBlue","opens_modal":false,"video":null},"open_flyout":false}],"flyout_content":{"interactive_flyout_modules":{"interactive_flyout":null}}},{"card_type":"B\u00e1sico","sidebar_label":"Ahorros de alto rendimiento","image":3850,"title":"Gana mientras ahorras","content":"Deje que su dinero trabaje para usted con una tasa de inter\u00e9s competitiva. Disfrute de un f\u00e1cil acceso digital, transferencias sin interrupciones desde su cuenta de cheques Croghan y un crecimiento m\u00e1s r\u00e1pido de los ahorros para lo que sea que la vida le depare. ","buttons":[{"button":{"link":{"title":"Aprende m\u00e1s","url":"\/personal\/savings-accounts\/high-yield-savings","target":""},"button_style":"solid","button_color":"dBlue","opens_modal":false,"video":null},"open_flyout":false}],"flyout_content":{"interactive_flyout_modules":{"interactive_flyout":null}}},{"card_type":"B\u00e1sico","sidebar_label":"Ahorro para las fiestas","image":3851,"title":"Ahorra para momentos especiales","content":"Ahorre dinero de manera constante manteni\u00e9ndolo separado y permitiendo que gane intereses. Cada septiembre, sus ahorros se transferir\u00e1n autom\u00e1ticamente a su cuenta Croghan, justo a tiempo para la temporada de compras. Tu cuenta permanecer\u00e1 abierta despu\u00e9s de la transferencia anual, por lo que podr\u00e1s seguir ahorrando para momentos especiales cada a\u00f1o.  ","buttons":[{"button":{"link":{"title":"Aprende m\u00e1s","url":"\/personal\/savings-accounts\/holiday-savings","target":""},"button_style":"solid","button_color":"dBlue","opens_modal":false,"video":null},"open_flyout":false}],"flyout_content":{"interactive_flyout_modules":{"interactive_flyout":null}}},{"card_type":"B\u00e1sico","sidebar_label":"Certificado de Dep\u00f3sito","image":3848,"title":"Asegure sus ahorros","content":"Tome una parte de sus ahorros para asegurar una tasa competitiva y obtener un rendimiento garantizado. Elija el plazo que se adapte a sus objetivos a corto y largo plazo y disfrute de la seguridad de las tarifas fijas y el seguro de la FDIC.   ","buttons":[{"button":{"link":{"title":"Aprende m\u00e1s","url":"\/personal\/savings-accounts\/certificate-of-deposit","target":""},"button_style":"solid","button_color":"dBlue","opens_modal":false,"video":null},"open_flyout":false}],"flyout_content":{"interactive_flyout_modules":{"interactive_flyout":null}}},{"card_type":"B\u00e1sico","sidebar_label":"IRA CD","image":4186,"title":"Ahorros seguros y flexibles","content":"Haz crecer tus ahorros para la jubilaci\u00f3n con confianza. Colaboraremos con usted para determinar cu\u00e1les de nuestras opciones de CD IRA se alinean con sus objetivos futuros ","buttons":[{"button":{"link":{"title":"Aprende m\u00e1s","url":"\/personal\/savings-accounts\/ira","target":""},"button_style":"solid","button_color":"dBlue","opens_modal":false,"video":null},"open_flyout":false}],"flyout_content":{"interactive_flyout_modules":{"interactive_flyout":null}}},{"card_type":"B\u00e1sico","sidebar_label":"Ahorros para la salud","image":3849,"title":"Ahorre de manera inteligente para los costos de atenci\u00f3n m\u00e9dica","content":"Ahorre libre de impuestos para gastos m\u00e9dicos con una HSA familiar o individual. Gane intereses competitivos, disfrute de dep\u00f3sitos libres de impuestos y transfiera los saldos no utilizados para reducir los costos de bolsillo de los planes de salud con deducibles altos. ","buttons":[{"button":{"link":{"title":"Aprende m\u00e1s","url":"\/personal\/savings-accounts\/health-savings","target":""},"button_style":"solid","button_color":"dBlue","opens_modal":false,"video":null},"open_flyout":false}],"flyout_content":{"interactive_flyout_modules":{"interactive_flyout":null}}}],"module_anchor_id":"","module_padding_inner":"noPaddingInner","module_spacing_after":"defaultSpacingAfter"},{"acf_fc_layout":"content_card_pattern_accent","image":3847,"eyebrow":"","title":"<h2>El poder del ahorro<\/h2>","content":"\u00bfSab\u00edas que mantener tus ahorros separados de tus cuentas tradicionales puede ayudarte a alcanzar tus metas financieras m\u00e1s r\u00e1pido? Cuando los fondos se dedican a un prop\u00f3sito espec\u00edfico, es menos probable que recurras a ellos para los gastos diarios. \n\nEstablecer una cuenta de ahorros dedicada, como una cuenta de ahorros para las fiestas, no solo mantiene tus metas en el buen camino, sino que tambi\u00e9n te ayuda a ganar intereses competitivos sobre el dinero que ahorras. Ya sea que est\u00e9 planeando una compra grande o prepar\u00e1ndose para gastos futuros, el ahorro enfocado es la clave del \u00e9xito. \n\n\u00a1D\u00e9 el primer paso hacia el ahorro con prop\u00f3sito hoy!","buttons":[{"button":{"link":{"title":"Visite el Centro Educativo","url":"\/resources\/education-center","target":""},"button_style":"solid","button_color":"dBlue","opens_modal":false,"video":null}}],"disclaimer":"","module_image_alignment":"imageLeft","module_card_background_color":"cardBackgroundGrey","module_anchor_id":"","module_padding_inner":"paddingInnerBottom","module_spacing_after":"compactSpacingAfter"},{"acf_fc_layout":"horizontal_cards_slider","eyebrow":"","title":"<h2>Rese\u00f1as que hablan por s\u00ed mismas.<\/h2>","content":"","slider_cards":[{"card_type":"testimonial","card_media_type":"image","rating":5,"number":"","content":"\u00a1No hay nada como el servicio bancario de un pueblo peque\u00f1o! El personal de la sede de Curtice ha sido fenomenal ayudando a mi padre cuando le ha aparecido demencia y ayud\u00e1ndome a gestionar su dinero desde lejos.  \u00a1Jaime fue la mayor ayuda para nosotros!","author":"Amy D.","image":null,"video":null,"video_poster_image":null,"links":null},{"card_type":"testimonial","card_media_type":"image","rating":5,"number":"","content":"Despu\u00e9s de mudarme a Port Clinton, estaba tratando de encontrar un nuevo banco en el que sintiera que pod\u00eda confiar. \u00a1Y debo decir que Croghan Colonial Bank fue la elecci\u00f3n perfecta! Al conocer al Gerente de la Sucursal, \u00a1se encontr\u00f3 comodidad y confianza! Todo el proceso de apertura de la cuenta para salir tom\u00f3 unos 20 minutos.   ","author":"Justin B.","image":null,"video":null,"video_poster_image":null,"links":null},{"card_type":"testimonial","card_media_type":"image","rating":5,"number":"","content":"Este banco es incre\u00edble. La gerente del banco, Rebecca Estep, es incre\u00edble, cualquier cosa que necesite, siempre est\u00e1 en ello. Muy dulce, profesional y extremadamente servicial. Gracias por todo lo que haces.   ","author":"Tina Y.","image":null,"video":null,"video_poster_image":null,"links":null}],"module_background_color":"white","module_anchor_id":"","module_padding_inner":"noPaddingInner","module_spacing_after":"defaultSpacingAfter"},{"acf_fc_layout":"accordion","eyebrow":null,"accordion_items":null,"module_anchor_id":null,"module_padding_inner":null,"module_spacing_after":null},{"acf_fc_layout":"location_pre_footer","module_anchor_id":"","module_padding_inner":"noPaddingInner","module_spacing_after":"defaultSpacingAfter"}]},"yoast_head":"<!-- This site is optimized with the Yoast SEO plugin v27.5 - https:\/\/yoast.com\/product\/yoast-seo-wordpress\/ -->\n<title>Cuentas de ahorro | Banco Colonial Croghan<\/title>\n<meta name=\"description\" content=\"Ahorro construido para cada objetivo: ahorros de estado, alto rendimiento, mercado monetario, vacaciones, CDs, IRAs y HSAs. Compara las cuentas personales de ahorro de Croghan.\" \/>\n<meta name=\"robots\" content=\"noindex, follow, max-snippet:-1, max-image-preview:large, max-video-preview:-1\" \/>\n<meta property=\"og:locale\" content=\"es_ES\" \/>\n<meta property=\"og:type\" content=\"article\" \/>\n<meta property=\"og:title\" content=\"Cuentas de ahorro | Banco Colonial Croghan\" \/>\n<meta property=\"og:description\" content=\"Ahorro construido para cada objetivo: ahorros de estado, alto rendimiento, mercado monetario, vacaciones, CDs, IRAs y HSAs. Compara las cuentas personales de ahorro de Croghan.\" \/>\n<meta property=\"og:url\" content=\"https:\/\/api.croghan.bank\/es\/personal\/cuentas-de-ahorro\/\" \/>\n<meta property=\"og:site_name\" content=\"Banco Croghan sin cabeza\" \/>\n<meta property=\"article:modified_time\" content=\"2026-04-21T19:43:15+00:00\" \/>\n<meta name=\"twitter:card\" content=\"summary_large_image\" \/>\n<script type=\"application\/ld+json\" class=\"yoast-schema-graph\">{\"@context\":\"https:\\\/\\\/schema.org\",\"@graph\":[{\"@type\":\"WebPage\",\"@id\":\"https:\\\/\\\/api.croghan.bank\\\/es\\\/personal\\\/cuentas-de-ahorro\\\/\",\"url\":\"https:\\\/\\\/api.croghan.bank\\\/es\\\/personal\\\/cuentas-de-ahorro\\\/\",\"name\":\"Cuentas de ahorro | Banco Colonial Croghan\",\"isPartOf\":{\"@id\":\"https:\\\/\\\/api.croghan.bank\\\/es\\\/#website\"},\"datePublished\":\"2025-01-15T18:13:42+00:00\",\"dateModified\":\"2026-04-21T19:43:15+00:00\",\"description\":\"Ahorro construido para cada objetivo: ahorros de estado, alto rendimiento, mercado monetario, vacaciones, CDs, IRAs y HSAs. Compara las cuentas personales de ahorro de Croghan.\",\"breadcrumb\":{\"@id\":\"https:\\\/\\\/api.croghan.bank\\\/es\\\/personal\\\/cuentas-de-ahorro\\\/#breadcrumb\"},\"inLanguage\":\"es\",\"potentialAction\":[{\"@type\":\"ReadAction\",\"target\":[\"https:\\\/\\\/api.croghan.bank\\\/es\\\/personal\\\/cuentas-de-ahorro\\\/\"]}]},{\"@type\":\"BreadcrumbList\",\"@id\":\"https:\\\/\\\/api.croghan.bank\\\/es\\\/personal\\\/cuentas-de-ahorro\\\/#breadcrumb\",\"itemListElement\":[{\"@type\":\"ListItem\",\"position\":1,\"name\":\"Hogar\",\"item\":\"https:\\\/\\\/api.croghan.bank\\\/es\\\/\"},{\"@type\":\"ListItem\",\"position\":2,\"name\":\"Personal\",\"item\":\"https:\\\/\\\/api.croghan.bank\\\/es\\\/personal\\\/\"},{\"@type\":\"ListItem\",\"position\":3,\"name\":\"Cuentas de Ahorro\"}]},{\"@type\":\"WebSite\",\"@id\":\"https:\\\/\\\/api.croghan.bank\\\/es\\\/#website\",\"url\":\"https:\\\/\\\/api.croghan.bank\\\/es\\\/\",\"name\":\"Banco Croghan sin cabeza\",\"description\":\"\",\"potentialAction\":[{\"@type\":\"SearchAction\",\"target\":{\"@type\":\"EntryPoint\",\"urlTemplate\":\"https:\\\/\\\/api.croghan.bank\\\/es\\\/?s={search_term_string}\"},\"query-input\":{\"@type\":\"PropertyValueSpecification\",\"valueRequired\":true,\"valueName\":\"search_term_string\"}}],\"inLanguage\":\"es\"}]}<\/script>\n<!-- \/ Yoast SEO plugin. -->","yoast_head_json":{"title":"Cuentas de ahorro | Banco Colonial Croghan","description":"Ahorro construido para cada objetivo: ahorros de estado, alto rendimiento, mercado monetario, vacaciones, CDs, IRAs y HSAs. Compara las cuentas personales de ahorro de Croghan.","robots":{"index":"noindex","follow":"follow","max-snippet":"max-snippet:-1","max-image-preview":"max-image-preview:large","max-video-preview":"max-video-preview:-1"},"og_locale":"es_ES","og_type":"article","og_title":"Cuentas de ahorro | Banco Colonial Croghan","og_description":"Ahorro construido para cada objetivo: ahorros de estado, alto rendimiento, mercado monetario, vacaciones, CDs, IRAs y HSAs. Compara las cuentas personales de ahorro de Croghan.","og_url":"https:\/\/api.croghan.bank\/es\/personal\/cuentas-de-ahorro\/","og_site_name":"Banco Croghan sin cabeza","article_modified_time":"2026-04-21T19:43:15+00:00","twitter_card":"summary_large_image","schema":{"@context":"https:\/\/schema.org","@graph":[{"@type":"WebPage","@id":"https:\/\/api.croghan.bank\/es\/personal\/cuentas-de-ahorro\/","url":"https:\/\/api.croghan.bank\/es\/personal\/cuentas-de-ahorro\/","name":"Cuentas de ahorro | Banco Colonial Croghan","isPartOf":{"@id":"https:\/\/api.croghan.bank\/es\/#website"},"datePublished":"2025-01-15T18:13:42+00:00","dateModified":"2026-04-21T19:43:15+00:00","description":"Ahorro construido para cada objetivo: ahorros de estado, alto rendimiento, mercado monetario, vacaciones, CDs, IRAs y HSAs. Compara las cuentas personales de ahorro de Croghan.","breadcrumb":{"@id":"https:\/\/api.croghan.bank\/es\/personal\/cuentas-de-ahorro\/#breadcrumb"},"inLanguage":"es","potentialAction":[{"@type":"ReadAction","target":["https:\/\/api.croghan.bank\/es\/personal\/cuentas-de-ahorro\/"]}]},{"@type":"BreadcrumbList","@id":"https:\/\/api.croghan.bank\/es\/personal\/cuentas-de-ahorro\/#breadcrumb","itemListElement":[{"@type":"ListItem","position":1,"name":"Hogar","item":"https:\/\/api.croghan.bank\/es\/"},{"@type":"ListItem","position":2,"name":"Personal","item":"https:\/\/api.croghan.bank\/es\/personal\/"},{"@type":"ListItem","position":3,"name":"Cuentas de Ahorro"}]},{"@type":"WebSite","@id":"https:\/\/api.croghan.bank\/es\/#website","url":"https:\/\/api.croghan.bank\/es\/","name":"Banco Croghan sin cabeza","description":"","potentialAction":[{"@type":"SearchAction","target":{"@type":"EntryPoint","urlTemplate":"https:\/\/api.croghan.bank\/es\/?s={search_term_string}"},"query-input":{"@type":"PropertyValueSpecification","valueRequired":true,"valueName":"search_term_string"}}],"inLanguage":"es"}]}},"_links":{"self":[{"href":"https:\/\/api.croghan.bank\/es\/wp-json\/wp\/v2\/pages\/4497","targetHints":{"allow":["GET"]}}],"collection":[{"href":"https:\/\/api.croghan.bank\/es\/wp-json\/wp\/v2\/pages"}],"about":[{"href":"https:\/\/api.croghan.bank\/es\/wp-json\/wp\/v2\/types\/page"}],"author":[{"embeddable":true,"href":"https:\/\/api.croghan.bank\/es\/wp-json\/wp\/v2\/users\/1"}],"replies":[{"embeddable":true,"href":"https:\/\/api.croghan.bank\/es\/wp-json\/wp\/v2\/comments?post=4497"}],"version-history":[{"count":1,"href":"https:\/\/api.croghan.bank\/es\/wp-json\/wp\/v2\/pages\/4497\/revisions"}],"predecessor-version":[{"id":7614,"href":"https:\/\/api.croghan.bank\/es\/wp-json\/wp\/v2\/pages\/4497\/revisions\/7614"}],"up":[{"embeddable":true,"href":"https:\/\/api.croghan.bank\/es\/wp-json\/wp\/v2\/pages\/4511"}],"wp:attachment":[{"href":"https:\/\/api.croghan.bank\/es\/wp-json\/wp\/v2\/media?parent=4497"}],"wp:term":[{"taxonomy":"category","embeddable":true,"href":"https:\/\/api.croghan.bank\/es\/wp-json\/wp\/v2\/categories?post=4497"},{"taxonomy":"post_tag","embeddable":true,"href":"https:\/\/api.croghan.bank\/es\/wp-json\/wp\/v2\/tags?post=4497"}],"curies":[{"name":"wp","href":"https:\/\/api.w.org\/{rel}","templated":true}]}}