{"id":4506,"date":"2025-01-14T17:43:09","date_gmt":"2025-01-14T17:43:09","guid":{"rendered":"https:\/\/api.croghan.bank\/cuentas-corrientes\/"},"modified":"2026-04-21T19:43:15","modified_gmt":"2026-04-21T19:43:15","slug":"cuentas-corrientes","status":"publish","type":"page","link":"https:\/\/api.croghan.bank\/es\/personal\/cuentas-corrientes\/","title":{"rendered":"Cuentas Corrientes"},"content":{"rendered":"","protected":false},"excerpt":{"rendered":"","protected":false},"author":1,"featured_media":0,"parent":4511,"menu_order":0,"comment_status":"closed","ping_status":"closed","template":"","meta":{"_acf_changed":false,"inline_featured_image":false,"footnotes":""},"categories":[],"tags":[],"class_list":["post-4506","page","type-page","status-publish","hentry"],"acf":{"modules":[{"acf_fc_layout":"bread_crumb_nav_hero","title":"<h1>Cuentas de cheques que se adaptan a usted<\/h1>","subtitle":"","content":"Su cuenta de cheques debe trabajar para usted, no al rev\u00e9s. Ya sea que reci\u00e9n est\u00e9 comenzando, necesite realizar operaciones bancarias simples todos los d\u00edas o est\u00e9 listo para obtener m\u00e1s beneficios, estamos aqu\u00ed para ayudarlo a encontrar la opci\u00f3n perfecta. Perm\u00edtanos guiarlo a la cuenta adecuada para sus necesidades \u00fanicas.  ","buttons":null,"module_anchor_id":"","module_padding_inner":"noPaddingInner","module_spacing_after":"defaultSpacingAfter"},{"acf_fc_layout":"sidebar_links_and_content","functionality_type":"static","selected_menu":"3","selected_menu_item":"48","content_items":[{"card_type":"B\u00e1sico","sidebar_label":"Gen$pend","image":3834,"title":"Banco para el futuro","content":"Dise\u00f1ada para edades de 13 a 22 a\u00f1os, la cuenta Gen$pend ofrece acceso a tarjetas de d\u00e9bito, educaci\u00f3n financiera, GenPerk$ y herramientas digitales para ayudarlo a administrar su dinero con facilidad. Comience a construir su futuro financiero hoy. ","buttons":[{"button":{"link":{"title":"Aprende m\u00e1s","url":"\/personal\/checking-accounts\/genspend","target":""},"button_style":"solid","button_color":"dBlue","opens_modal":false,"video":null},"open_flyout":false}],"flyout_content":{"interactive_flyout_modules":{"interactive_flyout":null}}},{"card_type":"B\u00e1sico","sidebar_label":"Cuenta de cheques E-Z","image":3836,"title":"Sencillo. Seguro. F\u00e1cil.  ","content":"Administrar sus operaciones bancarias diarias nunca ha sido tan f\u00e1cil. Con E-Z Checking, disfrutar\u00e1 de un acceso continuo a la banca m\u00f3vil y en l\u00ednea, adem\u00e1s de estados de cuenta electr\u00f3nicos seguros para mayor comodidad. Es la forma sencilla de estar al tanto de tus finanzas.  ","buttons":[{"button":{"link":{"title":"Aprende m\u00e1s","url":"\/personal\/checking-accounts\/ez-checking","target":""},"button_style":"solid","button_color":"dBlue","opens_modal":false,"video":null},"open_flyout":false}],"flyout_content":{"interactive_flyout_modules":{"interactive_flyout":null}}},{"card_type":"B\u00e1sico","sidebar_label":"Obtenci\u00f3n de intereses","image":3835,"title":"Gane mientras realiza operaciones bancarias","content":"Con una cuenta que devenga intereses como nuestra cuenta de cheques con intereses CCB o la cuenta de cheques con intereses digital, puede ganar intereses mientras disfruta de la comodidad de la banca moderna. Funciones como el acceso a la tarjeta de d\u00e9bito, la banca en l\u00ednea\/m\u00f3vil y el acceso a cajeros autom\u00e1ticos en todo el pa\u00eds a trav\u00e9s de MoneyPass\u00ae simplifican la administraci\u00f3n y el crecimiento de su dinero. ","buttons":[{"button":{"link":{"title":"Aprende m\u00e1s","url":"\/personal\/checking-accounts\/interest-earning","target":""},"button_style":"solid","button_color":"dBlue","opens_modal":false,"video":null},"open_flyout":false}],"flyout_content":{"interactive_flyout_modules":{"interactive_flyout":null}}},{"card_type":"B\u00e1sico","sidebar_label":"Cuenta de cheques cl\u00e1sica","image":3837,"title":"Para los hitos de la vida","content":"Classic Checking est\u00e1 dise\u00f1ado para personas mayores de 60 a\u00f1os, ofreciendo emisi\u00f3n ilimitada de cheques y opciones flexibles de banca digital para administrar sus finanzas con facilidad. Obtenga los beneficios que se merece y tome el control de su viaje financiero. ","buttons":[{"button":{"link":{"title":"Aprende m\u00e1s","url":"\/personal\/checking-accounts\/classic-checking","target":""},"button_style":"solid","button_color":"dBlue","opens_modal":false,"video":null},"open_flyout":false}],"flyout_content":{"interactive_flyout_modules":{"interactive_flyout":null}}}],"module_anchor_id":"","module_padding_inner":"noPaddingInner","module_spacing_after":"defaultSpacingAfter"},{"acf_fc_layout":"content_card_pattern_accent","image":3833,"eyebrow":"Dep\u00f3sito Directo","title":"<h2>Obtenga su cheque de pago m\u00e1s r\u00e1pido y con facilidad<\/h2>","content":"Configurar el Dep\u00f3sito Directo es un beneficio importante al abrir una cuenta bancaria. En lugar de esperar un cheque de pago f\u00edsico, su empleador puede depositar directamente sus ganancias en su cuenta. Esto le permite acceder a su dinero de forma m\u00e1s r\u00e1pida y sencilla, sin necesidad de visitar el banco ni esperar a que se cobren los cheques.  \n\nCuando comiences un nuevo trabajo, es probable que tengas la opci\u00f3n de configurar el Dep\u00f3sito Directo. Si ya est\u00e1 empleado, hable con su empleador sobre la posibilidad de cambiarse a esta opci\u00f3n conveniente. ","buttons":[{"button":{"link":{"title":"Aprende m\u00e1s","url":"https:\/\/croghan.banzai.org\/wellness\/resources\/opening-your-first-account","target":""},"button_style":"solid","button_color":"dBlue","opens_modal":false,"video":null}}],"disclaimer":"","module_image_alignment":"imageLeft","module_card_background_color":"cardBackgroundGrey","module_anchor_id":"","module_padding_inner":"paddingInnerBottom","module_spacing_after":"compactSpacingAfter"},{"acf_fc_layout":"horizontal_cards_slider","eyebrow":"","title":"<h2>Rese\u00f1as que hablan por s\u00ed mismas.<\/h2>","content":"","slider_cards":[{"card_type":"testimonial","card_media_type":"image","rating":5,"number":"","content":"\u00a1No hay nada como el servicio bancario de un pueblo peque\u00f1o! El personal de la sede de Curtice ha sido fenomenal ayudando a mi padre cuando le ha aparecido demencia y ayud\u00e1ndome a gestionar su dinero desde lejos.  \u00a1Jaime fue la mayor ayuda para nosotros!","author":"Amy D.","image":null,"video":null,"video_poster_image":null,"links":null},{"card_type":"testimonial","card_media_type":"image","rating":5,"number":"","content":"El mejor banco de la zona con los mejores y m\u00e1s amables empleados.","author":"Vaughn B.","image":null,"video":null,"video_poster_image":null,"links":null},{"card_type":"testimonial","card_media_type":"image","rating":5,"number":"","content":"R\u00e1pido, amable, eficiente, toneladas de estacionamiento.","author":"David D.","image":null,"video":null,"video_poster_image":null,"links":null}],"module_background_color":"white","module_anchor_id":"","module_padding_inner":"noPaddingInner","module_spacing_after":"defaultSpacingAfter"},{"acf_fc_layout":"accordion","eyebrow":null,"accordion_items":null,"module_anchor_id":null,"module_padding_inner":null,"module_spacing_after":null},{"acf_fc_layout":"location_pre_footer","module_anchor_id":"","module_padding_inner":"noPaddingInner","module_spacing_after":"defaultSpacingAfter"}]},"yoast_head":"<!-- This site is optimized with the Yoast SEO plugin v27.5 - https:\/\/yoast.com\/product\/yoast-seo-wordpress\/ -->\n<title>Cuentas corrientes | Banco Colonial Croghan<\/title>\n<meta name=\"description\" content=\"Compara cuatro cuentas corrientes personales en Croghan \u2014 desde cuentas de estudiantes hasta cuentas de alto rendimiento con intereses y corriente cl\u00e1sica para senior. Abre el tuyo hoy.\" \/>\n<meta name=\"robots\" content=\"noindex, follow, max-snippet:-1, max-image-preview:large, max-video-preview:-1\" \/>\n<meta property=\"og:locale\" content=\"es_ES\" \/>\n<meta property=\"og:type\" content=\"article\" \/>\n<meta property=\"og:title\" content=\"Cuentas corrientes | Banco Colonial Croghan\" \/>\n<meta property=\"og:description\" content=\"Compara cuatro cuentas corrientes personales en Croghan \u2014 desde cuentas de estudiantes hasta cuentas de alto rendimiento con intereses y corriente cl\u00e1sica para senior. Abre el tuyo hoy.\" \/>\n<meta property=\"og:url\" content=\"https:\/\/api.croghan.bank\/es\/personal\/cuentas-corrientes\/\" \/>\n<meta property=\"og:site_name\" content=\"Banco Croghan sin cabeza\" \/>\n<meta property=\"article:modified_time\" content=\"2026-04-21T19:43:15+00:00\" \/>\n<meta name=\"twitter:card\" content=\"summary_large_image\" \/>\n<script type=\"application\/ld+json\" class=\"yoast-schema-graph\">{\"@context\":\"https:\\\/\\\/schema.org\",\"@graph\":[{\"@type\":\"WebPage\",\"@id\":\"https:\\\/\\\/api.croghan.bank\\\/es\\\/personal\\\/cuentas-corrientes\\\/\",\"url\":\"https:\\\/\\\/api.croghan.bank\\\/es\\\/personal\\\/cuentas-corrientes\\\/\",\"name\":\"Cuentas corrientes | Banco Colonial Croghan\",\"isPartOf\":{\"@id\":\"https:\\\/\\\/api.croghan.bank\\\/es\\\/#website\"},\"datePublished\":\"2025-01-14T17:43:09+00:00\",\"dateModified\":\"2026-04-21T19:43:15+00:00\",\"description\":\"Compara cuatro cuentas corrientes personales en Croghan \u2014 desde cuentas de estudiantes hasta cuentas de alto rendimiento con intereses y corriente cl\u00e1sica para senior. Abre el tuyo hoy.\",\"breadcrumb\":{\"@id\":\"https:\\\/\\\/api.croghan.bank\\\/es\\\/personal\\\/cuentas-corrientes\\\/#breadcrumb\"},\"inLanguage\":\"es\",\"potentialAction\":[{\"@type\":\"ReadAction\",\"target\":[\"https:\\\/\\\/api.croghan.bank\\\/es\\\/personal\\\/cuentas-corrientes\\\/\"]}]},{\"@type\":\"BreadcrumbList\",\"@id\":\"https:\\\/\\\/api.croghan.bank\\\/es\\\/personal\\\/cuentas-corrientes\\\/#breadcrumb\",\"itemListElement\":[{\"@type\":\"ListItem\",\"position\":1,\"name\":\"Hogar\",\"item\":\"https:\\\/\\\/api.croghan.bank\\\/es\\\/\"},{\"@type\":\"ListItem\",\"position\":2,\"name\":\"Personal\",\"item\":\"https:\\\/\\\/api.croghan.bank\\\/es\\\/personal\\\/\"},{\"@type\":\"ListItem\",\"position\":3,\"name\":\"Cuentas Corrientes\"}]},{\"@type\":\"WebSite\",\"@id\":\"https:\\\/\\\/api.croghan.bank\\\/es\\\/#website\",\"url\":\"https:\\\/\\\/api.croghan.bank\\\/es\\\/\",\"name\":\"Banco Croghan sin cabeza\",\"description\":\"\",\"potentialAction\":[{\"@type\":\"SearchAction\",\"target\":{\"@type\":\"EntryPoint\",\"urlTemplate\":\"https:\\\/\\\/api.croghan.bank\\\/es\\\/?s={search_term_string}\"},\"query-input\":{\"@type\":\"PropertyValueSpecification\",\"valueRequired\":true,\"valueName\":\"search_term_string\"}}],\"inLanguage\":\"es\"}]}<\/script>\n<!-- \/ Yoast SEO plugin. -->","yoast_head_json":{"title":"Cuentas corrientes | Banco Colonial Croghan","description":"Compara cuatro cuentas corrientes personales en Croghan \u2014 desde cuentas de estudiantes hasta cuentas de alto rendimiento con intereses y corriente cl\u00e1sica para senior. Abre el tuyo hoy.","robots":{"index":"noindex","follow":"follow","max-snippet":"max-snippet:-1","max-image-preview":"max-image-preview:large","max-video-preview":"max-video-preview:-1"},"og_locale":"es_ES","og_type":"article","og_title":"Cuentas corrientes | Banco Colonial Croghan","og_description":"Compara cuatro cuentas corrientes personales en Croghan \u2014 desde cuentas de estudiantes hasta cuentas de alto rendimiento con intereses y corriente cl\u00e1sica para senior. Abre el tuyo hoy.","og_url":"https:\/\/api.croghan.bank\/es\/personal\/cuentas-corrientes\/","og_site_name":"Banco Croghan sin cabeza","article_modified_time":"2026-04-21T19:43:15+00:00","twitter_card":"summary_large_image","schema":{"@context":"https:\/\/schema.org","@graph":[{"@type":"WebPage","@id":"https:\/\/api.croghan.bank\/es\/personal\/cuentas-corrientes\/","url":"https:\/\/api.croghan.bank\/es\/personal\/cuentas-corrientes\/","name":"Cuentas corrientes | Banco Colonial Croghan","isPartOf":{"@id":"https:\/\/api.croghan.bank\/es\/#website"},"datePublished":"2025-01-14T17:43:09+00:00","dateModified":"2026-04-21T19:43:15+00:00","description":"Compara cuatro cuentas corrientes personales en Croghan \u2014 desde cuentas de estudiantes hasta cuentas de alto rendimiento con intereses y corriente cl\u00e1sica para senior. Abre el tuyo hoy.","breadcrumb":{"@id":"https:\/\/api.croghan.bank\/es\/personal\/cuentas-corrientes\/#breadcrumb"},"inLanguage":"es","potentialAction":[{"@type":"ReadAction","target":["https:\/\/api.croghan.bank\/es\/personal\/cuentas-corrientes\/"]}]},{"@type":"BreadcrumbList","@id":"https:\/\/api.croghan.bank\/es\/personal\/cuentas-corrientes\/#breadcrumb","itemListElement":[{"@type":"ListItem","position":1,"name":"Hogar","item":"https:\/\/api.croghan.bank\/es\/"},{"@type":"ListItem","position":2,"name":"Personal","item":"https:\/\/api.croghan.bank\/es\/personal\/"},{"@type":"ListItem","position":3,"name":"Cuentas Corrientes"}]},{"@type":"WebSite","@id":"https:\/\/api.croghan.bank\/es\/#website","url":"https:\/\/api.croghan.bank\/es\/","name":"Banco Croghan sin cabeza","description":"","potentialAction":[{"@type":"SearchAction","target":{"@type":"EntryPoint","urlTemplate":"https:\/\/api.croghan.bank\/es\/?s={search_term_string}"},"query-input":{"@type":"PropertyValueSpecification","valueRequired":true,"valueName":"search_term_string"}}],"inLanguage":"es"}]}},"_links":{"self":[{"href":"https:\/\/api.croghan.bank\/es\/wp-json\/wp\/v2\/pages\/4506","targetHints":{"allow":["GET"]}}],"collection":[{"href":"https:\/\/api.croghan.bank\/es\/wp-json\/wp\/v2\/pages"}],"about":[{"href":"https:\/\/api.croghan.bank\/es\/wp-json\/wp\/v2\/types\/page"}],"author":[{"embeddable":true,"href":"https:\/\/api.croghan.bank\/es\/wp-json\/wp\/v2\/users\/1"}],"replies":[{"embeddable":true,"href":"https:\/\/api.croghan.bank\/es\/wp-json\/wp\/v2\/comments?post=4506"}],"version-history":[{"count":1,"href":"https:\/\/api.croghan.bank\/es\/wp-json\/wp\/v2\/pages\/4506\/revisions"}],"predecessor-version":[{"id":7613,"href":"https:\/\/api.croghan.bank\/es\/wp-json\/wp\/v2\/pages\/4506\/revisions\/7613"}],"up":[{"embeddable":true,"href":"https:\/\/api.croghan.bank\/es\/wp-json\/wp\/v2\/pages\/4511"}],"wp:attachment":[{"href":"https:\/\/api.croghan.bank\/es\/wp-json\/wp\/v2\/media?parent=4506"}],"wp:term":[{"taxonomy":"category","embeddable":true,"href":"https:\/\/api.croghan.bank\/es\/wp-json\/wp\/v2\/categories?post=4506"},{"taxonomy":"post_tag","embeddable":true,"href":"https:\/\/api.croghan.bank\/es\/wp-json\/wp\/v2\/tags?post=4506"}],"curies":[{"name":"wp","href":"https:\/\/api.w.org\/{rel}","templated":true}]}}