{"id":4511,"date":"2025-01-14T17:42:50","date_gmt":"2025-01-14T17:42:50","guid":{"rendered":"https:\/\/api.croghan.bank\/personal\/"},"modified":"2026-04-21T19:43:19","modified_gmt":"2026-04-21T19:43:19","slug":"personal","status":"publish","type":"page","link":"https:\/\/api.croghan.bank\/es\/personal\/","title":{"rendered":"Personal"},"content":{"rendered":"","protected":false},"excerpt":{"rendered":"","protected":false},"author":1,"featured_media":0,"parent":0,"menu_order":0,"comment_status":"closed","ping_status":"closed","template":"","meta":{"_acf_changed":false,"inline_featured_image":false,"footnotes":""},"categories":[],"tags":[],"class_list":["post-4511","page","type-page","status-publish","hentry"],"acf":{"modules":[{"acf_fc_layout":"bread_crumb_nav_hero","title":"<h1>Banca personal simplificada<\/h1>","subtitle":"<h2>Prueba de subt\u00edtulos<\/h2>","content":"No importa d\u00f3nde se encuentre en su viaje financiero, Croghan Colonial Bank tiene las soluciones bancarias adecuadas para ayudarlo a ahorrar, gastar y pedir prestado con confianza. Desde cuentas corrientes y de ahorros hasta pr\u00e9stamos y servicios digitales, ofrecemos opciones seguras y flexibles para satisfacer sus necesidades. Explore nuestras ofertas y encuentre la opci\u00f3n adecuada para usted.  ","buttons":null,"module_anchor_id":"","module_padding_inner":"noPaddingInner","module_spacing_after":"compactSpacingAfter"},{"acf_fc_layout":"secondary_navigation","links":[{"link":{"title":"Comprobaci\u00f3n","url":"\/personal#checking","target":""}},{"link":{"title":"Ahorros","url":"\/personal#savings","target":""}},{"link":{"title":"Naipes","url":"\/personal#cards","target":""}},{"link":{"title":"Servicios Digitales","url":"\/personal#digital","target":""}},{"link":{"title":"Hipotecas","url":"\/personal#mortgages","target":""}},{"link":{"title":"Pr\u00e9stamos Personales","url":"\/personal#loans","target":""}}]},{"acf_fc_layout":"fifty_fifty_floating_callout","eyebrow":"Cuentas Corrientes","title":"<h2>Banca Flexible<\/h2>","content":"Administre su dinero con facilidad utilizando una cuenta de cheques personal dise\u00f1ada para su estilo de vida. Ya sea que necesite un Gen$pend para j\u00f3venes gastadores, una cuenta de ganancias de intereses para aumentar su saldo, una cuenta de cheques EZ para simplificar o una cuenta de cheques cl\u00e1sica para obtener beneficios adicionales, lo tenemos cubierto. ","buttons":[{"button":{"link":{"title":"Aprende m\u00e1s","url":"\/personal\/checking-accounts","target":""},"button_style":"solid","button_color":"blue","opens_modal":false,"video":null}}],"background_image":3828,"module_image_alignment":"imageLeft","module_anchor_id":"checking","module_padding_inner":"noPaddingInner","module_spacing_after":"defaultSpacingAfter"},{"acf_fc_layout":"fifty_fifty_floating_callout","eyebrow":"Cuentas de Ahorro","title":"<h2>Crece con facilidad<\/h2>","content":"Construya seguridad financiera con opciones de ahorro que se ajusten a sus metas. Ya sea que est\u00e9 comenzando con algo peque\u00f1o o maximizando los rendimientos, nuestras cuentas de ahorros ofrecen tasas de inter\u00e9s competitivas, acceso flexible y conveniencia digital. ","buttons":[{"button":{"link":{"title":"Aprende m\u00e1s","url":"\/personal\/savings-accounts","target":""},"button_style":"solid","button_color":"blue","opens_modal":false,"video":null}}],"background_image":3829,"module_image_alignment":"imageRight","module_anchor_id":"savings","module_padding_inner":"noPaddingInner","module_spacing_after":"defaultSpacingAfter"},{"acf_fc_layout":"fifty_fifty_floating_callout","eyebrow":"Tarjetas de cr\u00e9dito y d\u00e9bito","title":"<h2>Gasto seguro<\/h2>","content":"Compre con confianza utilizando nuestras tarjetas de cr\u00e9dito y d\u00e9bito, dise\u00f1adas para la seguridad y la comodidad. Desde tarjetas de d\u00e9bito con chip hasta opciones de cr\u00e9dito vers\u00e1tiles, disfrute de la aceptaci\u00f3n mundial y el f\u00e1cil acceso digital para administrar transacciones sin problemas. ","buttons":[{"button":{"link":{"title":"Aprende m\u00e1s","url":"\/personal\/credit-debit-cards","target":""},"button_style":"solid","button_color":"blue","opens_modal":false,"video":null}}],"background_image":3830,"module_image_alignment":"imageLeft","module_anchor_id":"cards","module_padding_inner":"noPaddingInner","module_spacing_after":"defaultSpacingAfter"},{"acf_fc_layout":"fifty_fifty_floating_callout","eyebrow":"Servicios Digitales","title":"<h2>Banca inteligente<\/h2>","content":"Toma el control de tus finanzas en cualquier momento y en cualquier lugar. Nuestros servicios digitales incluyen banca en l\u00ednea, dep\u00f3sitos m\u00f3viles, administraci\u00f3n de tarjetas y Zelle\u00ae, lo que le brinda acceso seguro y conveniente a su dinero cuando lo necesite. ","buttons":[{"button":{"link":{"title":"Aprende m\u00e1s","url":"\/personal\/digital-services","target":""},"button_style":"solid","button_color":"blue","opens_modal":false,"video":null}}],"background_image":3748,"module_image_alignment":"imageRight","module_anchor_id":"digital","module_padding_inner":"noPaddingInner","module_spacing_after":"defaultSpacingAfter"},{"acf_fc_layout":"fifty_fifty_floating_callout","eyebrow":"Pr\u00e9stamos Hipotecarios","title":"<h2>Financiamiento de la vivienda<\/h2>","content":"Haga realidad sus metas de ser propietario de vivienda. Ya sea que compren, construyan o refinancien, nuestros pr\u00e9stamos hipotecarios brindan tasas competitivas, orientaci\u00f3n personalizada y t\u00e9rminos flexibles para ayudarlo en cada paso del camino. ","buttons":[{"button":{"link":{"title":"Aprende m\u00e1s","url":"\/personal\/mortgage-loans","target":""},"button_style":"solid","button_color":"blue","opens_modal":false,"video":null}}],"background_image":3747,"module_image_alignment":"imageLeft","module_anchor_id":"mortgages","module_padding_inner":"noPaddingInner","module_spacing_after":"defaultSpacingAfter"},{"acf_fc_layout":"fifty_fifty_floating_callout","eyebrow":"Pr\u00e9stamos Personales","title":"<h2>Para las necesidades de la vida<\/h2>","content":"Obt\u00e9n apoyo financiero cuando m\u00e1s lo necesites. Ya sea consolidando deudas, financiando mejoras en el hogar o manejando gastos inesperados, nuestros pr\u00e9stamos personales ofrecen tasas competitivas y t\u00e9rminos flexibles que se ajustan a su presupuesto. ","buttons":[{"button":{"link":{"title":"Aprende m\u00e1s","url":"\/personal\/personal-loans","target":""},"button_style":"solid","button_color":"blue","opens_modal":false,"video":null}}],"background_image":3831,"module_image_alignment":"imageRight","module_anchor_id":"loans","module_padding_inner":"noPaddingInner","module_spacing_after":"defaultSpacingAfter"},{"acf_fc_layout":"location_pre_footer","module_anchor_id":"","module_padding_inner":"noPaddingInner","module_spacing_after":"noSpacingAfter"}]},"yoast_head":"<!-- This site is optimized with the Yoast SEO plugin v27.5 - https:\/\/yoast.com\/product\/yoast-seo-wordpress\/ -->\n<title>Banca Personal | Banco Colonial Croghan<\/title>\n<meta name=\"description\" content=\"Cuentas corrientes, ahorros, tarjetas de cr\u00e9dito, hipotecas y pr\u00e9stamos personales construidos en torno a tu vida \u2014 gestionados por banqueros que te conocen. Explora la banca personal.\" \/>\n<meta name=\"robots\" content=\"noindex, follow, max-snippet:-1, max-image-preview:large, max-video-preview:-1\" \/>\n<meta property=\"og:locale\" content=\"es_ES\" \/>\n<meta property=\"og:type\" content=\"article\" \/>\n<meta property=\"og:title\" content=\"Banca Personal | Banco Colonial Croghan\" \/>\n<meta property=\"og:description\" content=\"Cuentas corrientes, ahorros, tarjetas de cr\u00e9dito, hipotecas y pr\u00e9stamos personales construidos en torno a tu vida \u2014 gestionados por banqueros que te conocen. Explora la banca personal.\" \/>\n<meta property=\"og:url\" content=\"https:\/\/api.croghan.bank\/es\/personal\/\" \/>\n<meta property=\"og:site_name\" content=\"Banco Croghan sin cabeza\" \/>\n<meta property=\"article:modified_time\" content=\"2026-04-21T19:43:19+00:00\" \/>\n<meta name=\"twitter:card\" content=\"summary_large_image\" \/>\n<script type=\"application\/ld+json\" class=\"yoast-schema-graph\">{\"@context\":\"https:\\\/\\\/schema.org\",\"@graph\":[{\"@type\":\"WebPage\",\"@id\":\"https:\\\/\\\/api.croghan.bank\\\/es\\\/personal\\\/\",\"url\":\"https:\\\/\\\/api.croghan.bank\\\/es\\\/personal\\\/\",\"name\":\"Banca Personal | Banco Colonial Croghan\",\"isPartOf\":{\"@id\":\"https:\\\/\\\/api.croghan.bank\\\/es\\\/#website\"},\"datePublished\":\"2025-01-14T17:42:50+00:00\",\"dateModified\":\"2026-04-21T19:43:19+00:00\",\"description\":\"Cuentas corrientes, ahorros, tarjetas de cr\u00e9dito, hipotecas y pr\u00e9stamos personales construidos en torno a tu vida \u2014 gestionados por banqueros que te conocen. Explora la banca personal.\",\"breadcrumb\":{\"@id\":\"https:\\\/\\\/api.croghan.bank\\\/es\\\/personal\\\/#breadcrumb\"},\"inLanguage\":\"es\",\"potentialAction\":[{\"@type\":\"ReadAction\",\"target\":[\"https:\\\/\\\/api.croghan.bank\\\/es\\\/personal\\\/\"]}]},{\"@type\":\"BreadcrumbList\",\"@id\":\"https:\\\/\\\/api.croghan.bank\\\/es\\\/personal\\\/#breadcrumb\",\"itemListElement\":[{\"@type\":\"ListItem\",\"position\":1,\"name\":\"Hogar\",\"item\":\"https:\\\/\\\/api.croghan.bank\\\/es\\\/\"},{\"@type\":\"ListItem\",\"position\":2,\"name\":\"Personal\"}]},{\"@type\":\"WebSite\",\"@id\":\"https:\\\/\\\/api.croghan.bank\\\/es\\\/#website\",\"url\":\"https:\\\/\\\/api.croghan.bank\\\/es\\\/\",\"name\":\"Banco Croghan sin cabeza\",\"description\":\"\",\"potentialAction\":[{\"@type\":\"SearchAction\",\"target\":{\"@type\":\"EntryPoint\",\"urlTemplate\":\"https:\\\/\\\/api.croghan.bank\\\/es\\\/?s={search_term_string}\"},\"query-input\":{\"@type\":\"PropertyValueSpecification\",\"valueRequired\":true,\"valueName\":\"search_term_string\"}}],\"inLanguage\":\"es\"}]}<\/script>\n<!-- \/ Yoast SEO plugin. -->","yoast_head_json":{"title":"Banca Personal | Banco Colonial Croghan","description":"Cuentas corrientes, ahorros, tarjetas de cr\u00e9dito, hipotecas y pr\u00e9stamos personales construidos en torno a tu vida \u2014 gestionados por banqueros que te conocen. Explora la banca personal.","robots":{"index":"noindex","follow":"follow","max-snippet":"max-snippet:-1","max-image-preview":"max-image-preview:large","max-video-preview":"max-video-preview:-1"},"og_locale":"es_ES","og_type":"article","og_title":"Banca Personal | Banco Colonial Croghan","og_description":"Cuentas corrientes, ahorros, tarjetas de cr\u00e9dito, hipotecas y pr\u00e9stamos personales construidos en torno a tu vida \u2014 gestionados por banqueros que te conocen. Explora la banca personal.","og_url":"https:\/\/api.croghan.bank\/es\/personal\/","og_site_name":"Banco Croghan sin cabeza","article_modified_time":"2026-04-21T19:43:19+00:00","twitter_card":"summary_large_image","schema":{"@context":"https:\/\/schema.org","@graph":[{"@type":"WebPage","@id":"https:\/\/api.croghan.bank\/es\/personal\/","url":"https:\/\/api.croghan.bank\/es\/personal\/","name":"Banca Personal | Banco Colonial Croghan","isPartOf":{"@id":"https:\/\/api.croghan.bank\/es\/#website"},"datePublished":"2025-01-14T17:42:50+00:00","dateModified":"2026-04-21T19:43:19+00:00","description":"Cuentas corrientes, ahorros, tarjetas de cr\u00e9dito, hipotecas y pr\u00e9stamos personales construidos en torno a tu vida \u2014 gestionados por banqueros que te conocen. Explora la banca personal.","breadcrumb":{"@id":"https:\/\/api.croghan.bank\/es\/personal\/#breadcrumb"},"inLanguage":"es","potentialAction":[{"@type":"ReadAction","target":["https:\/\/api.croghan.bank\/es\/personal\/"]}]},{"@type":"BreadcrumbList","@id":"https:\/\/api.croghan.bank\/es\/personal\/#breadcrumb","itemListElement":[{"@type":"ListItem","position":1,"name":"Hogar","item":"https:\/\/api.croghan.bank\/es\/"},{"@type":"ListItem","position":2,"name":"Personal"}]},{"@type":"WebSite","@id":"https:\/\/api.croghan.bank\/es\/#website","url":"https:\/\/api.croghan.bank\/es\/","name":"Banco Croghan sin cabeza","description":"","potentialAction":[{"@type":"SearchAction","target":{"@type":"EntryPoint","urlTemplate":"https:\/\/api.croghan.bank\/es\/?s={search_term_string}"},"query-input":{"@type":"PropertyValueSpecification","valueRequired":true,"valueName":"search_term_string"}}],"inLanguage":"es"}]}},"_links":{"self":[{"href":"https:\/\/api.croghan.bank\/es\/wp-json\/wp\/v2\/pages\/4511","targetHints":{"allow":["GET"]}}],"collection":[{"href":"https:\/\/api.croghan.bank\/es\/wp-json\/wp\/v2\/pages"}],"about":[{"href":"https:\/\/api.croghan.bank\/es\/wp-json\/wp\/v2\/types\/page"}],"author":[{"embeddable":true,"href":"https:\/\/api.croghan.bank\/es\/wp-json\/wp\/v2\/users\/1"}],"replies":[{"embeddable":true,"href":"https:\/\/api.croghan.bank\/es\/wp-json\/wp\/v2\/comments?post=4511"}],"version-history":[{"count":1,"href":"https:\/\/api.croghan.bank\/es\/wp-json\/wp\/v2\/pages\/4511\/revisions"}],"predecessor-version":[{"id":7617,"href":"https:\/\/api.croghan.bank\/es\/wp-json\/wp\/v2\/pages\/4511\/revisions\/7617"}],"wp:attachment":[{"href":"https:\/\/api.croghan.bank\/es\/wp-json\/wp\/v2\/media?parent=4511"}],"wp:term":[{"taxonomy":"category","embeddable":true,"href":"https:\/\/api.croghan.bank\/es\/wp-json\/wp\/v2\/categories?post=4511"},{"taxonomy":"post_tag","embeddable":true,"href":"https:\/\/api.croghan.bank\/es\/wp-json\/wp\/v2\/tags?post=4511"}],"curies":[{"name":"wp","href":"https:\/\/api.w.org\/{rel}","templated":true}]}}