{"id":4519,"date":"2025-01-15T22:54:53","date_gmt":"2025-01-15T22:54:53","guid":{"rendered":"https:\/\/api.croghan.bank\/personal\/prestamos-personales\/prestamos-para-barcos\/"},"modified":"2026-04-21T19:43:05","modified_gmt":"2026-04-21T19:43:05","slug":"prestamos-para-barcos","status":"publish","type":"page","link":"https:\/\/api.croghan.bank\/es\/personal\/prestamos-personales\/prestamos-para-barcos\/","title":{"rendered":"Pr\u00e9stamos para barcos"},"content":{"rendered":"","protected":false},"excerpt":{"rendered":"","protected":false},"author":1,"featured_media":0,"parent":4491,"menu_order":0,"comment_status":"closed","ping_status":"closed","template":"","meta":{"_acf_changed":false,"inline_featured_image":false,"footnotes":""},"categories":[],"tags":[],"class_list":["post-4519","page","type-page","status-publish","hentry"],"acf":{"modules":[{"acf_fc_layout":"bread_crumb_nav_hero","title":"<h1>Pr\u00e9stamos para barcos<\/h1>","subtitle":"","content":"Ya sea que est\u00e9 comprando su primer barco, actualiz\u00e1ndolo a una embarcaci\u00f3n de lujo o refinanciando un pr\u00e9stamo existente, estamos aqu\u00ed para ayudarlo a hacer realidad su sue\u00f1o de tener un barco. Nuestros pr\u00e9stamos para embarcaciones est\u00e1n dise\u00f1ados teniendo en cuenta la flexibilidad para garantizar que obtenga las mejores opciones de financiaci\u00f3n adaptadas a sus necesidades. ","buttons":[{"button":{"link":{"title":"Cont\u00e1ctenos","url":"\/contact-us","target":""},"button_style":"solid","button_color":"dBlue","opens_modal":false,"video":null}},{"button":{"link":{"title":"Buscar una ubicaci\u00f3n","url":"\/locations","target":""},"button_style":"outlined","button_color":"dBlue","opens_modal":false,"video":null}}],"module_anchor_id":"","module_padding_inner":"noPaddingInner","module_spacing_after":"defaultSpacingAfter"},{"acf_fc_layout":"floating_cards","eyebrow":"","title":"<h2>Caracter\u00edsticas del pr\u00e9stamo de embarcaciones<\/h2>","content":"En Croghan, ofrecemos pr\u00e9stamos para embarcaciones con caracter\u00edsticas dise\u00f1adas para adaptarse a su presupuesto y estilo de vida. Ya sea que compre una embarcaci\u00f3n por primera vez o sea un marinero experimentado, lo tenemos cubierto con tarifas competitivas y t\u00e9rminos de pago flexibles. ","buttons":null,"cards_alignment":"cardsRight","card_style_type":"cardTypeBasic","floating_cards":[{"icon":"","icon_dark_mode":null,"eyebrow":"","title":"<h3>Opciones a medida<\/h3>","description":"Nuestros especialistas en pr\u00e9stamos trabajan en estrecha colaboraci\u00f3n con usted para encontrar las mejores opciones que se adapten a su situaci\u00f3n financiera y analizan los t\u00e9rminos del pr\u00e9stamo para que coincidan con sus necesidades espec\u00edficas.","image":null,"link":null},{"icon":"","icon_dark_mode":null,"eyebrow":"","title":"<h3>Aprobaciones r\u00e1pidas<\/h3>","description":"Nuestro r\u00e1pido proceso de aprobaci\u00f3n significa que no tendr\u00e1 que esperar mucho para comenzar su viaje hacia la propiedad de una embarcaci\u00f3n.","image":null,"link":null}],"module_background_style":"solidColorBlue","module_anchor_id":"","module_padding_inner":"noPaddingInner","module_spacing_after":"noSpacingAfter"},{"acf_fc_layout":"full_width_media","media_type":"image","image":4151,"video":null,"video_youtube":"","video_poster_image":null,"module_upper_half_background_color":"blue","module_lower_half_background_color":"white","module_anchor_id":"","module_padding_inner":"noPaddingInner","module_spacing_after":"defaultSpacingAfter"},{"acf_fc_layout":"horizontal_cards_slider","eyebrow":"","title":"<h2>Socios de concesionarios del condado de Ottawa<\/h2>","content":"","slider_cards":[{"card_type":"sequence","card_media_type":"image","rating":1,"number":1,"content":"<h4>Empresa de Navegaci\u00f3n Happy Days<\/h4>\n4151 W Fremont Road\nPuerto Clinton, OH\n\n<a href=\"tel:4197322116\">419-732-2116<\/a>\n\n\u00a0","author":"","image":null,"video":null,"video_poster_image":null,"links":null},{"card_type":"sequence","card_media_type":"image","rating":1,"number":2,"content":"<h4>Empresa de Navegaci\u00f3n Happy Days<\/h4>\n1451 NE Camino de Catawba\nPuerto Clinton, OH\n\n<a href=\"tel:4197322116\">419-732-2116<\/a>\n\n\u00a0","author":"","image":null,"video":null,"video_poster_image":null,"links":null}],"module_background_color":"white","module_anchor_id":"","module_padding_inner":"noPaddingInner","module_spacing_after":"defaultSpacingAfter"},{"acf_fc_layout":"floating_cards","eyebrow":"","title":"<h2>Financiaci\u00f3n de embarcaciones con la que puede contar<\/h2>","content":"Cuando elige Croghan para su pr\u00e9stamo de embarcaci\u00f3n, est\u00e1 eligiendo un socio que comprende la comunidad n\u00e1utica local y se compromete a brindar opciones de financiamiento personalizadas y flexibles.","buttons":null,"cards_alignment":"cardsLeft","card_style_type":"cardTypeBasic","floating_cards":[{"icon":3701,"icon_dark_mode":null,"eyebrow":"","title":"<h3>Tarifas competitivas<\/h3>","description":"Ofrecemos tarifas competitivas para que la propiedad de la embarcaci\u00f3n sea asequible y est\u00e9 al alcance de la mano.","image":null,"link":null},{"icon":3687,"icon_dark_mode":null,"eyebrow":"","title":"<h3>Especialistas en pr\u00e9stamos para embarcaciones<\/h3>","description":"Nuestros experimentados especialistas en pr\u00e9stamos para embarcaciones est\u00e1n aqu\u00ed para guiarlo en cada paso del camino, asegurando un proceso de financiamiento fluido y sencillo.","image":null,"link":null},{"icon":3681,"icon_dark_mode":null,"eyebrow":"","title":"<h3>Plazos de pago flexibles<\/h3>","description":"Nuestros t\u00e9rminos de pr\u00e9stamo flexibles le permiten elegir un plan de pago que se adapte a su presupuesto y cronograma.","image":null,"link":null}],"module_background_style":"accentTriangle","module_anchor_id":"","module_padding_inner":"noPaddingInner","module_spacing_after":"defaultSpacingAfter"},{"acf_fc_layout":"floating_cards","eyebrow":"","title":"<h2>Lo que puedes esperar de Croghan<\/h2>","content":"Con Croghan Colonial Bank, no solo obtiene financiamiento, sino que tambi\u00e9n obtiene un socio de confianza que prioriza sus objetivos financieros.","buttons":null,"cards_alignment":"cardsRight","card_style_type":"cardTypeBasic","floating_cards":[{"icon":3675,"icon_dark_mode":null,"eyebrow":"","title":"<h3>Proceso simple y transparente<\/h3>","description":"Lo guiamos a trav\u00e9s de cada paso, asegur\u00e1ndonos de que comprenda los t\u00e9rminos y tome decisiones informadas.","image":null,"link":null},{"icon":3717,"icon_dark_mode":null,"eyebrow":"","title":"<h3>Soporte Personalizado<\/h3>","description":"Ofrecemos asesoramiento personalizado y opciones de pr\u00e9stamo flexibles para garantizar un proceso fluido de principio a fin.","image":null,"link":null},{"icon":3719,"icon_dark_mode":null,"eyebrow":"","title":"<h3>Experiencia local<\/h3>","description":"Nuestra experiencia en el mercado local significa que le brindamos el apoyo que necesita para tomar las mejores decisiones financieras.","image":null,"link":null}],"module_background_style":"accentTriangle","module_anchor_id":"","module_padding_inner":"noPaddingInner","module_spacing_after":"defaultSpacingAfter"},{"acf_fc_layout":"content_card_pattern_accent","image":3959,"eyebrow":"","title":"<h2>D\u00e9 el primer paso hacia la propiedad de una embarcaci\u00f3n<\/h2>","content":"\u00bfListo para comenzar su viaje hacia la propiedad de un barco? Solicite su pr\u00e9stamo para embarcaciones en l\u00ednea, visite una oficina local o comun\u00edquese con uno de nuestros especialistas en pr\u00e9stamos para analizar sus opciones de financiamiento. ","buttons":[{"button":{"link":{"title":"Ll\u00e1manos","url":"tel:8882764426","target":""},"button_style":"solid","button_color":"dBlue","opens_modal":false,"video":null}},{"button":{"link":{"title":"Buscar una ubicaci\u00f3n","url":"\/locations","target":""},"button_style":"outlined","button_color":"dBlue","opens_modal":false,"video":null}}],"disclaimer":"","module_image_alignment":"imageRight","module_card_background_color":"cardBackgroundGrey","module_anchor_id":"","module_padding_inner":"paddingInnerBottom","module_spacing_after":"compactSpacingAfter"},{"acf_fc_layout":"accordion","eyebrow":null,"accordion_items":null,"module_anchor_id":null,"module_padding_inner":null,"module_spacing_after":null},{"acf_fc_layout":"location_pre_footer","module_anchor_id":"","module_padding_inner":"noPaddingInner","module_spacing_after":"defaultSpacingAfter"}]},"yoast_head":"<!-- This site is optimized with the Yoast SEO plugin v27.5 - https:\/\/yoast.com\/product\/yoast-seo-wordpress\/ -->\n<title>Pr\u00e9stamos para embarcaciones y embarcaciones | Banco Colonial Croghan<\/title>\n<meta name=\"description\" content=\"Financia tu pr\u00f3ximo barco o embarcaci\u00f3n con Croghan. Tarifas fijas competitivas, condiciones flexibles y suscripci\u00f3n local \u2014 desde aparejos de pesca hasta cruceros en el lago Erie.\" \/>\n<meta name=\"robots\" content=\"noindex, follow, max-snippet:-1, max-image-preview:large, max-video-preview:-1\" \/>\n<meta property=\"og:locale\" content=\"es_ES\" \/>\n<meta property=\"og:type\" content=\"article\" \/>\n<meta property=\"og:title\" content=\"Pr\u00e9stamos para embarcaciones y embarcaciones | Banco Colonial Croghan\" \/>\n<meta property=\"og:description\" content=\"Financia tu pr\u00f3ximo barco o embarcaci\u00f3n con Croghan. Tarifas fijas competitivas, condiciones flexibles y suscripci\u00f3n local \u2014 desde aparejos de pesca hasta cruceros en el lago Erie.\" \/>\n<meta property=\"og:url\" content=\"https:\/\/api.croghan.bank\/es\/personal\/prestamos-personales\/prestamos-para-barcos\/\" \/>\n<meta property=\"og:site_name\" content=\"Banco Croghan sin cabeza\" \/>\n<meta property=\"article:modified_time\" content=\"2026-04-21T19:43:05+00:00\" \/>\n<meta name=\"twitter:card\" content=\"summary_large_image\" \/>\n<script type=\"application\/ld+json\" class=\"yoast-schema-graph\">{\"@context\":\"https:\\\/\\\/schema.org\",\"@graph\":[{\"@type\":\"WebPage\",\"@id\":\"https:\\\/\\\/api.croghan.bank\\\/es\\\/personal\\\/prestamos-personales\\\/prestamos-para-barcos\\\/\",\"url\":\"https:\\\/\\\/api.croghan.bank\\\/es\\\/personal\\\/prestamos-personales\\\/prestamos-para-barcos\\\/\",\"name\":\"Pr\u00e9stamos para embarcaciones y embarcaciones | Banco Colonial Croghan\",\"isPartOf\":{\"@id\":\"https:\\\/\\\/api.croghan.bank\\\/es\\\/#website\"},\"datePublished\":\"2025-01-15T22:54:53+00:00\",\"dateModified\":\"2026-04-21T19:43:05+00:00\",\"description\":\"Financia tu pr\u00f3ximo barco o embarcaci\u00f3n con Croghan. Tarifas fijas competitivas, condiciones flexibles y suscripci\u00f3n local \u2014 desde aparejos de pesca hasta cruceros en el lago Erie.\",\"breadcrumb\":{\"@id\":\"https:\\\/\\\/api.croghan.bank\\\/es\\\/personal\\\/prestamos-personales\\\/prestamos-para-barcos\\\/#breadcrumb\"},\"inLanguage\":\"es\",\"potentialAction\":[{\"@type\":\"ReadAction\",\"target\":[\"https:\\\/\\\/api.croghan.bank\\\/es\\\/personal\\\/prestamos-personales\\\/prestamos-para-barcos\\\/\"]}]},{\"@type\":\"BreadcrumbList\",\"@id\":\"https:\\\/\\\/api.croghan.bank\\\/es\\\/personal\\\/prestamos-personales\\\/prestamos-para-barcos\\\/#breadcrumb\",\"itemListElement\":[{\"@type\":\"ListItem\",\"position\":1,\"name\":\"Hogar\",\"item\":\"https:\\\/\\\/api.croghan.bank\\\/es\\\/\"},{\"@type\":\"ListItem\",\"position\":2,\"name\":\"Personal\",\"item\":\"https:\\\/\\\/api.croghan.bank\\\/es\\\/personal\\\/\"},{\"@type\":\"ListItem\",\"position\":3,\"name\":\"Pr\u00e9stamos Personales\",\"item\":\"https:\\\/\\\/api.croghan.bank\\\/es\\\/personal\\\/prestamos-personales\\\/\"},{\"@type\":\"ListItem\",\"position\":4,\"name\":\"Pr\u00e9stamos para barcos\"}]},{\"@type\":\"WebSite\",\"@id\":\"https:\\\/\\\/api.croghan.bank\\\/es\\\/#website\",\"url\":\"https:\\\/\\\/api.croghan.bank\\\/es\\\/\",\"name\":\"Banco Croghan sin cabeza\",\"description\":\"\",\"potentialAction\":[{\"@type\":\"SearchAction\",\"target\":{\"@type\":\"EntryPoint\",\"urlTemplate\":\"https:\\\/\\\/api.croghan.bank\\\/es\\\/?s={search_term_string}\"},\"query-input\":{\"@type\":\"PropertyValueSpecification\",\"valueRequired\":true,\"valueName\":\"search_term_string\"}}],\"inLanguage\":\"es\"}]}<\/script>\n<!-- \/ Yoast SEO plugin. -->","yoast_head_json":{"title":"Pr\u00e9stamos para embarcaciones y embarcaciones | Banco Colonial Croghan","description":"Financia tu pr\u00f3ximo barco o embarcaci\u00f3n con Croghan. Tarifas fijas competitivas, condiciones flexibles y suscripci\u00f3n local \u2014 desde aparejos de pesca hasta cruceros en el lago Erie.","robots":{"index":"noindex","follow":"follow","max-snippet":"max-snippet:-1","max-image-preview":"max-image-preview:large","max-video-preview":"max-video-preview:-1"},"og_locale":"es_ES","og_type":"article","og_title":"Pr\u00e9stamos para embarcaciones y embarcaciones | Banco Colonial Croghan","og_description":"Financia tu pr\u00f3ximo barco o embarcaci\u00f3n con Croghan. Tarifas fijas competitivas, condiciones flexibles y suscripci\u00f3n local \u2014 desde aparejos de pesca hasta cruceros en el lago Erie.","og_url":"https:\/\/api.croghan.bank\/es\/personal\/prestamos-personales\/prestamos-para-barcos\/","og_site_name":"Banco Croghan sin cabeza","article_modified_time":"2026-04-21T19:43:05+00:00","twitter_card":"summary_large_image","schema":{"@context":"https:\/\/schema.org","@graph":[{"@type":"WebPage","@id":"https:\/\/api.croghan.bank\/es\/personal\/prestamos-personales\/prestamos-para-barcos\/","url":"https:\/\/api.croghan.bank\/es\/personal\/prestamos-personales\/prestamos-para-barcos\/","name":"Pr\u00e9stamos para embarcaciones y embarcaciones | Banco Colonial Croghan","isPartOf":{"@id":"https:\/\/api.croghan.bank\/es\/#website"},"datePublished":"2025-01-15T22:54:53+00:00","dateModified":"2026-04-21T19:43:05+00:00","description":"Financia tu pr\u00f3ximo barco o embarcaci\u00f3n con Croghan. Tarifas fijas competitivas, condiciones flexibles y suscripci\u00f3n local \u2014 desde aparejos de pesca hasta cruceros en el lago Erie.","breadcrumb":{"@id":"https:\/\/api.croghan.bank\/es\/personal\/prestamos-personales\/prestamos-para-barcos\/#breadcrumb"},"inLanguage":"es","potentialAction":[{"@type":"ReadAction","target":["https:\/\/api.croghan.bank\/es\/personal\/prestamos-personales\/prestamos-para-barcos\/"]}]},{"@type":"BreadcrumbList","@id":"https:\/\/api.croghan.bank\/es\/personal\/prestamos-personales\/prestamos-para-barcos\/#breadcrumb","itemListElement":[{"@type":"ListItem","position":1,"name":"Hogar","item":"https:\/\/api.croghan.bank\/es\/"},{"@type":"ListItem","position":2,"name":"Personal","item":"https:\/\/api.croghan.bank\/es\/personal\/"},{"@type":"ListItem","position":3,"name":"Pr\u00e9stamos Personales","item":"https:\/\/api.croghan.bank\/es\/personal\/prestamos-personales\/"},{"@type":"ListItem","position":4,"name":"Pr\u00e9stamos para barcos"}]},{"@type":"WebSite","@id":"https:\/\/api.croghan.bank\/es\/#website","url":"https:\/\/api.croghan.bank\/es\/","name":"Banco Croghan sin cabeza","description":"","potentialAction":[{"@type":"SearchAction","target":{"@type":"EntryPoint","urlTemplate":"https:\/\/api.croghan.bank\/es\/?s={search_term_string}"},"query-input":{"@type":"PropertyValueSpecification","valueRequired":true,"valueName":"search_term_string"}}],"inLanguage":"es"}]}},"_links":{"self":[{"href":"https:\/\/api.croghan.bank\/es\/wp-json\/wp\/v2\/pages\/4519","targetHints":{"allow":["GET"]}}],"collection":[{"href":"https:\/\/api.croghan.bank\/es\/wp-json\/wp\/v2\/pages"}],"about":[{"href":"https:\/\/api.croghan.bank\/es\/wp-json\/wp\/v2\/types\/page"}],"author":[{"embeddable":true,"href":"https:\/\/api.croghan.bank\/es\/wp-json\/wp\/v2\/users\/1"}],"replies":[{"embeddable":true,"href":"https:\/\/api.croghan.bank\/es\/wp-json\/wp\/v2\/comments?post=4519"}],"version-history":[{"count":1,"href":"https:\/\/api.croghan.bank\/es\/wp-json\/wp\/v2\/pages\/4519\/revisions"}],"predecessor-version":[{"id":7373,"href":"https:\/\/api.croghan.bank\/es\/wp-json\/wp\/v2\/pages\/4519\/revisions\/7373"}],"up":[{"embeddable":true,"href":"https:\/\/api.croghan.bank\/es\/wp-json\/wp\/v2\/pages\/4491"}],"wp:attachment":[{"href":"https:\/\/api.croghan.bank\/es\/wp-json\/wp\/v2\/media?parent=4519"}],"wp:term":[{"taxonomy":"category","embeddable":true,"href":"https:\/\/api.croghan.bank\/es\/wp-json\/wp\/v2\/categories?post=4519"},{"taxonomy":"post_tag","embeddable":true,"href":"https:\/\/api.croghan.bank\/es\/wp-json\/wp\/v2\/tags?post=4519"}],"curies":[{"name":"wp","href":"https:\/\/api.w.org\/{rel}","templated":true}]}}