{"id":4520,"date":"2025-01-15T22:57:42","date_gmt":"2025-01-15T22:57:42","guid":{"rendered":"https:\/\/api.croghan.bank\/personal\/prestamos-hipotecarios\/convencional\/"},"modified":"2026-04-21T19:43:06","modified_gmt":"2026-04-21T19:43:06","slug":"convencional","status":"publish","type":"page","link":"https:\/\/api.croghan.bank\/es\/personal\/prestamos-hipotecarios\/convencional\/","title":{"rendered":"Convencional"},"content":{"rendered":"","protected":false},"excerpt":{"rendered":"","protected":false},"author":1,"featured_media":0,"parent":4446,"menu_order":0,"comment_status":"closed","ping_status":"closed","template":"","meta":{"_acf_changed":false,"inline_featured_image":false,"footnotes":""},"categories":[],"tags":[],"class_list":["post-4520","page","type-page","status-publish","hentry"],"acf":{"modules":[{"acf_fc_layout":"bread_crumb_nav_hero","title":"<h1>Pr\u00e9stamos Hipotecarios Convencionales<\/h1>","subtitle":"","content":"\u00bfEst\u00e1 listo para comprar una casa sin las complejidades de los programas respaldados por el gobierno? Una hipoteca convencional puede ser justo lo que necesitas. Estos pr\u00e9stamos ofrecen una forma sencilla y confiable de financiar su casa con tasas competitivas y t\u00e9rminos flexibles.  ","buttons":[{"button":{"link":{"title":"Aplica hoy","url":"https:\/\/croghancolonialbank.flexapp1003.com\/loanportal\/login","target":"_blank"},"button_style":"solid","button_color":"dBlue","opens_modal":false,"video":null}},{"button":{"link":{"title":"Cont\u00e1ctenos","url":"\/contact-us","target":""},"button_style":"outlined","button_color":"dBlue","opens_modal":false,"video":null}}],"module_anchor_id":"","module_padding_inner":"noPaddingInner","module_spacing_after":"defaultSpacingAfter"},{"acf_fc_layout":"floating_cards","eyebrow":"","title":"<h2>Caracter\u00edsticas de los pr\u00e9stamos convencionales<\/h2>","content":"En Croghan Colonial Bank, ofrecemos hipotecas convencionales con t\u00e9rminos flexibles y opciones de pago inicial asequibles que se adaptan a sus necesidades. Nuestros pr\u00e9stamos son ideales para prestatarios con un historial crediticio s\u00f3lido e ingresos estables. ","buttons":null,"cards_alignment":"cardsRight","card_style_type":"cardTypeBasic","floating_cards":[{"icon":"","icon_dark_mode":"","eyebrow":"","title":"<h3>Tarifas fijas o ajustables<\/h3>","description":"Elija una hipoteca de tasa fija para pagos predecibles o una hipoteca de tasa ajustable (ARM) para una tasa inicial m\u00e1s baja que se ajusta con el tiempo.","image":null,"link":null},{"icon":"","icon_dark_mode":"","eyebrow":"","title":"<h3>Opciones de pago inicial bajo<\/h3>","description":"Comience con tan solo un 3% de pago inicial y haga realidad su sue\u00f1o de ser propietario de una vivienda.","image":null,"link":null},{"icon":"","icon_dark_mode":"","eyebrow":"","title":"<h3>Tama\u00f1os de pr\u00e9stamos flexibles<\/h3>","description":"Los pr\u00e9stamos convencionales pueden financiar residencias principales, segundas residencias y propiedades de inversi\u00f3n.","image":null,"link":null}],"module_background_style":"solidColorBlue","module_anchor_id":"","module_padding_inner":"noPaddingInner","module_spacing_after":"noSpacingAfter"},{"acf_fc_layout":"full_width_media","media_type":"image","image":4017,"video":null,"video_youtube":"","video_poster_image":null,"module_upper_half_background_color":"blue","module_lower_half_background_color":"white","module_anchor_id":"","module_padding_inner":"noPaddingInner","module_spacing_after":"noSpacingAfter"},{"acf_fc_layout":"floating_cards","eyebrow":"","title":"<h2>Lo que puedes esperar de Croghan<\/h2>","content":"Cuando elige Croghan para su hipoteca convencional, se est\u00e1 asociando con un prestamista de confianza que ofrece tasas competitivas, asesoramiento personalizado y un proceso simple y transparente. Nuestro equipo est\u00e1 aqu\u00ed para ayudarlo a obtener financiamiento que se alinee con sus objetivos de propiedad de vivienda. ","buttons":null,"cards_alignment":"cardsLeft","card_style_type":"cardTypeBasic","floating_cards":[{"icon":3675,"icon_dark_mode":4352,"eyebrow":"","title":"<h3>Recorrido por el proceso y las finanzas<\/h3>","description":"Nuestros experimentados oficiales de pr\u00e9stamos lo guiar\u00e1n a trav\u00e9s de cada paso del proceso hipotecario, desde la solicitud hasta el cierre. Nos aseguraremos de que comprenda las finanzas involucradas, para que pueda tomar decisiones seguras. ","image":null,"link":null},{"icon":3717,"icon_dark_mode":4380,"eyebrow":"","title":"<h3>Soporte Personalizado<\/h3>","description":"Desde el proceso de solicitud hasta el d\u00eda del cierre, recibir\u00e1 soporte personalizado adaptado a sus necesidades espec\u00edficas. Estamos comprometidos a hacer que su experiencia de compra de vivienda sea lo m\u00e1s fluida posible. ","image":null,"link":null},{"icon":3719,"icon_dark_mode":4354,"eyebrow":"","title":"<h3>Expertos locales<\/h3>","description":"Con a\u00f1os de experiencia en el mercado local, nuestro equipo sabe c\u00f3mo navegar por los entresijos del panorama inmobiliario de la zona. Estamos aqu\u00ed para facilitarle el proceso hipotecario. ","image":null,"link":null}],"module_background_style":"accentTriangle","module_anchor_id":"","module_padding_inner":"noPaddingInner","module_spacing_after":"defaultSpacingAfter"},{"acf_fc_layout":"content_card_pattern_accent","image":4018,"eyebrow":"","title":"<h2>D\u00e9 el siguiente paso hacia la propiedad de una vivienda<\/h2>","content":"\u00bfListo para hacer realidad la casa de sus sue\u00f1os? Con los pr\u00e9stamos hipotecarios convencionales de Croghan, puede dar con confianza el siguiente paso en su viaje de compra de vivienda. Solicite en l\u00ednea o vis\u00edtenos en persona para explorar sus opciones y comenzar con uno de nuestros especialistas en hipotecas hoy mismo.  ","buttons":[{"button":{"link":{"title":"Aplicar en l\u00ednea","url":"https:\/\/www.croghanmortgage.com\/loanportal\/login","target":"_blank"},"button_style":"solid","button_color":"dBlue","opens_modal":false,"video":null}},{"button":{"link":{"title":"Cont\u00e1ctenos","url":"\/contact-us","target":""},"button_style":"outlined","button_color":"dBlue","opens_modal":false,"video":null}}],"disclaimer":"","module_image_alignment":"imageLeft","module_card_background_color":"cardBackgroundGrey","module_anchor_id":"","module_padding_inner":"paddingInnerBottom","module_spacing_after":"compactSpacingAfter"},{"acf_fc_layout":"accordion","eyebrow":null,"accordion_items":null,"module_anchor_id":null,"module_padding_inner":null,"module_spacing_after":null},{"acf_fc_layout":"location_pre_footer","module_anchor_id":"","module_padding_inner":"noPaddingInner","module_spacing_after":"noSpacingAfter"}]},"yoast_head":"<!-- This site is optimized with the Yoast SEO plugin v27.5 - https:\/\/yoast.com\/product\/yoast-seo-wordpress\/ -->\n<title>Pr\u00e9stamo Hipotecario Convencional | Banco Colonial Croghan<\/title>\n<meta name=\"description\" content=\"Una hipoteca convencional de Croghan ofrece tipos fijos o ajustables competitivos, condiciones flexibles y una evaluaci\u00f3n local r\u00e1pida \u2014 ideal para compradores con buen cr\u00e9dito.\" \/>\n<meta name=\"robots\" content=\"noindex, follow, max-snippet:-1, max-image-preview:large, max-video-preview:-1\" \/>\n<meta property=\"og:locale\" content=\"es_ES\" \/>\n<meta property=\"og:type\" content=\"article\" \/>\n<meta property=\"og:title\" content=\"Pr\u00e9stamo Hipotecario Convencional | Banco Colonial Croghan\" \/>\n<meta property=\"og:description\" content=\"Una hipoteca convencional de Croghan ofrece tipos fijos o ajustables competitivos, condiciones flexibles y una evaluaci\u00f3n local r\u00e1pida \u2014 ideal para compradores con buen cr\u00e9dito.\" \/>\n<meta property=\"og:url\" content=\"https:\/\/api.croghan.bank\/es\/personal\/prestamos-hipotecarios\/convencional\/\" \/>\n<meta property=\"og:site_name\" content=\"Banco Croghan sin cabeza\" \/>\n<meta property=\"article:modified_time\" content=\"2026-04-21T19:43:06+00:00\" \/>\n<meta name=\"twitter:card\" content=\"summary_large_image\" \/>\n<script type=\"application\/ld+json\" class=\"yoast-schema-graph\">{\"@context\":\"https:\\\/\\\/schema.org\",\"@graph\":[{\"@type\":\"WebPage\",\"@id\":\"https:\\\/\\\/api.croghan.bank\\\/es\\\/personal\\\/prestamos-hipotecarios\\\/convencional\\\/\",\"url\":\"https:\\\/\\\/api.croghan.bank\\\/es\\\/personal\\\/prestamos-hipotecarios\\\/convencional\\\/\",\"name\":\"Pr\u00e9stamo Hipotecario Convencional | Banco Colonial Croghan\",\"isPartOf\":{\"@id\":\"https:\\\/\\\/api.croghan.bank\\\/es\\\/#website\"},\"datePublished\":\"2025-01-15T22:57:42+00:00\",\"dateModified\":\"2026-04-21T19:43:06+00:00\",\"description\":\"Una hipoteca convencional de Croghan ofrece tipos fijos o ajustables competitivos, condiciones flexibles y una evaluaci\u00f3n local r\u00e1pida \u2014 ideal para compradores con buen cr\u00e9dito.\",\"breadcrumb\":{\"@id\":\"https:\\\/\\\/api.croghan.bank\\\/es\\\/personal\\\/prestamos-hipotecarios\\\/convencional\\\/#breadcrumb\"},\"inLanguage\":\"es\",\"potentialAction\":[{\"@type\":\"ReadAction\",\"target\":[\"https:\\\/\\\/api.croghan.bank\\\/es\\\/personal\\\/prestamos-hipotecarios\\\/convencional\\\/\"]}]},{\"@type\":\"BreadcrumbList\",\"@id\":\"https:\\\/\\\/api.croghan.bank\\\/es\\\/personal\\\/prestamos-hipotecarios\\\/convencional\\\/#breadcrumb\",\"itemListElement\":[{\"@type\":\"ListItem\",\"position\":1,\"name\":\"Hogar\",\"item\":\"https:\\\/\\\/api.croghan.bank\\\/es\\\/\"},{\"@type\":\"ListItem\",\"position\":2,\"name\":\"Personal\",\"item\":\"https:\\\/\\\/api.croghan.bank\\\/es\\\/personal\\\/\"},{\"@type\":\"ListItem\",\"position\":3,\"name\":\"Pr\u00e9stamos Hipotecarios\",\"item\":\"https:\\\/\\\/api.croghan.bank\\\/es\\\/personal\\\/prestamos-hipotecarios\\\/\"},{\"@type\":\"ListItem\",\"position\":4,\"name\":\"Convencional\"}]},{\"@type\":\"WebSite\",\"@id\":\"https:\\\/\\\/api.croghan.bank\\\/es\\\/#website\",\"url\":\"https:\\\/\\\/api.croghan.bank\\\/es\\\/\",\"name\":\"Banco Croghan sin cabeza\",\"description\":\"\",\"potentialAction\":[{\"@type\":\"SearchAction\",\"target\":{\"@type\":\"EntryPoint\",\"urlTemplate\":\"https:\\\/\\\/api.croghan.bank\\\/es\\\/?s={search_term_string}\"},\"query-input\":{\"@type\":\"PropertyValueSpecification\",\"valueRequired\":true,\"valueName\":\"search_term_string\"}}],\"inLanguage\":\"es\"}]}<\/script>\n<!-- \/ Yoast SEO plugin. -->","yoast_head_json":{"title":"Pr\u00e9stamo Hipotecario Convencional | Banco Colonial Croghan","description":"Una hipoteca convencional de Croghan ofrece tipos fijos o ajustables competitivos, condiciones flexibles y una evaluaci\u00f3n local r\u00e1pida \u2014 ideal para compradores con buen cr\u00e9dito.","robots":{"index":"noindex","follow":"follow","max-snippet":"max-snippet:-1","max-image-preview":"max-image-preview:large","max-video-preview":"max-video-preview:-1"},"og_locale":"es_ES","og_type":"article","og_title":"Pr\u00e9stamo Hipotecario Convencional | Banco Colonial Croghan","og_description":"Una hipoteca convencional de Croghan ofrece tipos fijos o ajustables competitivos, condiciones flexibles y una evaluaci\u00f3n local r\u00e1pida \u2014 ideal para compradores con buen cr\u00e9dito.","og_url":"https:\/\/api.croghan.bank\/es\/personal\/prestamos-hipotecarios\/convencional\/","og_site_name":"Banco Croghan sin cabeza","article_modified_time":"2026-04-21T19:43:06+00:00","twitter_card":"summary_large_image","schema":{"@context":"https:\/\/schema.org","@graph":[{"@type":"WebPage","@id":"https:\/\/api.croghan.bank\/es\/personal\/prestamos-hipotecarios\/convencional\/","url":"https:\/\/api.croghan.bank\/es\/personal\/prestamos-hipotecarios\/convencional\/","name":"Pr\u00e9stamo Hipotecario Convencional | Banco Colonial Croghan","isPartOf":{"@id":"https:\/\/api.croghan.bank\/es\/#website"},"datePublished":"2025-01-15T22:57:42+00:00","dateModified":"2026-04-21T19:43:06+00:00","description":"Una hipoteca convencional de Croghan ofrece tipos fijos o ajustables competitivos, condiciones flexibles y una evaluaci\u00f3n local r\u00e1pida \u2014 ideal para compradores con buen cr\u00e9dito.","breadcrumb":{"@id":"https:\/\/api.croghan.bank\/es\/personal\/prestamos-hipotecarios\/convencional\/#breadcrumb"},"inLanguage":"es","potentialAction":[{"@type":"ReadAction","target":["https:\/\/api.croghan.bank\/es\/personal\/prestamos-hipotecarios\/convencional\/"]}]},{"@type":"BreadcrumbList","@id":"https:\/\/api.croghan.bank\/es\/personal\/prestamos-hipotecarios\/convencional\/#breadcrumb","itemListElement":[{"@type":"ListItem","position":1,"name":"Hogar","item":"https:\/\/api.croghan.bank\/es\/"},{"@type":"ListItem","position":2,"name":"Personal","item":"https:\/\/api.croghan.bank\/es\/personal\/"},{"@type":"ListItem","position":3,"name":"Pr\u00e9stamos Hipotecarios","item":"https:\/\/api.croghan.bank\/es\/personal\/prestamos-hipotecarios\/"},{"@type":"ListItem","position":4,"name":"Convencional"}]},{"@type":"WebSite","@id":"https:\/\/api.croghan.bank\/es\/#website","url":"https:\/\/api.croghan.bank\/es\/","name":"Banco Croghan sin cabeza","description":"","potentialAction":[{"@type":"SearchAction","target":{"@type":"EntryPoint","urlTemplate":"https:\/\/api.croghan.bank\/es\/?s={search_term_string}"},"query-input":{"@type":"PropertyValueSpecification","valueRequired":true,"valueName":"search_term_string"}}],"inLanguage":"es"}]}},"_links":{"self":[{"href":"https:\/\/api.croghan.bank\/es\/wp-json\/wp\/v2\/pages\/4520","targetHints":{"allow":["GET"]}}],"collection":[{"href":"https:\/\/api.croghan.bank\/es\/wp-json\/wp\/v2\/pages"}],"about":[{"href":"https:\/\/api.croghan.bank\/es\/wp-json\/wp\/v2\/types\/page"}],"author":[{"embeddable":true,"href":"https:\/\/api.croghan.bank\/es\/wp-json\/wp\/v2\/users\/1"}],"replies":[{"embeddable":true,"href":"https:\/\/api.croghan.bank\/es\/wp-json\/wp\/v2\/comments?post=4520"}],"version-history":[{"count":1,"href":"https:\/\/api.croghan.bank\/es\/wp-json\/wp\/v2\/pages\/4520\/revisions"}],"predecessor-version":[{"id":7598,"href":"https:\/\/api.croghan.bank\/es\/wp-json\/wp\/v2\/pages\/4520\/revisions\/7598"}],"up":[{"embeddable":true,"href":"https:\/\/api.croghan.bank\/es\/wp-json\/wp\/v2\/pages\/4446"}],"wp:attachment":[{"href":"https:\/\/api.croghan.bank\/es\/wp-json\/wp\/v2\/media?parent=4520"}],"wp:term":[{"taxonomy":"category","embeddable":true,"href":"https:\/\/api.croghan.bank\/es\/wp-json\/wp\/v2\/categories?post=4520"},{"taxonomy":"post_tag","embeddable":true,"href":"https:\/\/api.croghan.bank\/es\/wp-json\/wp\/v2\/tags?post=4520"}],"curies":[{"name":"wp","href":"https:\/\/api.w.org\/{rel}","templated":true}]}}