{"id":4521,"date":"2025-01-15T22:55:20","date_gmt":"2025-01-15T22:55:20","guid":{"rendered":"https:\/\/api.croghan.bank\/personal\/prestamos-personales\/motocicleta-y-recreativo\/"},"modified":"2026-04-21T19:43:02","modified_gmt":"2026-04-21T19:43:02","slug":"motocicleta-y-recreativo","status":"publish","type":"page","link":"https:\/\/api.croghan.bank\/es\/personal\/prestamos-personales\/motocicleta-y-recreativo\/","title":{"rendered":"Motocicleta y Recreativo"},"content":{"rendered":"","protected":false},"excerpt":{"rendered":"","protected":false},"author":1,"featured_media":0,"parent":4491,"menu_order":0,"comment_status":"closed","ping_status":"closed","template":"","meta":{"_acf_changed":false,"inline_featured_image":false,"footnotes":""},"categories":[],"tags":[],"class_list":["post-4521","page","type-page","status-publish","hentry"],"acf":{"modules":[{"acf_fc_layout":"bread_crumb_nav_hero","title":"<h1>Pr\u00e9stamos para motocicletas y recreativos<\/h1>","subtitle":"","content":"\u00bfListo para montar, deslizarte o deslizarte? Ya sea que se trate de una motocicleta, un veh\u00edculo todo terreno, una moto acu\u00e1tica, una moto de nieve o incluso un remolque para remolcar su equipo, nuestros pr\u00e9stamos para motocicletas y veh\u00edculos todoterreno ofrecen tasas competitivas y t\u00e9rminos flexibles, para que pueda concentrarse en su pr\u00f3xima aventura. ","buttons":[{"button":{"link":{"title":"Cont\u00e1ctenos","url":"\/contact-us","target":""},"button_style":"solid","button_color":"dBlue","opens_modal":false,"video":null}},{"button":{"link":{"title":"Buscar una ubicaci\u00f3n","url":"\/locations","target":""},"button_style":"outlined","button_color":"dBlue","opens_modal":false,"video":null}}],"module_anchor_id":"","module_padding_inner":"noPaddingInner","module_spacing_after":"defaultSpacingAfter"},{"acf_fc_layout":"floating_cards","eyebrow":"","title":"<h2>Caracter\u00edsticas y beneficios del pr\u00e9stamo para motocicletas y veh\u00edculos todoterreno<\/h2>","content":"Financia tu pr\u00f3xima emoci\u00f3n con un pr\u00e9stamo dise\u00f1ado para tu estilo de vida:","buttons":null,"cards_alignment":"cardsRight","card_style_type":"cardTypeBasic","floating_cards":[{"icon":"","icon_dark_mode":null,"eyebrow":"","title":"<h3>Pr\u00e9stamos desde $2,500<\/h3>","description":"Obtenga financiamiento para motocicletas nuevas o usadas, veh\u00edculos todo terreno, motos acu\u00e1ticas y m\u00e1s.","image":null,"link":null},{"icon":"","icon_dark_mode":null,"eyebrow":"","title":"<h3>Tasas de inter\u00e9s fijas<\/h3>","description":"Disfruta de pagos mensuales predecibles sin sorpresas.","image":null,"link":null},{"icon":"","icon_dark_mode":null,"eyebrow":"","title":"<h3>T\u00e9rminos de pr\u00e9stamo flexibles<\/h3>","description":"Elija un plan de pago que funcione para usted.","image":null,"link":null}],"module_background_style":"solidColorBlue","module_anchor_id":"","module_padding_inner":"noPaddingInner","module_spacing_after":"noSpacingAfter"},{"acf_fc_layout":"full_width_media","media_type":"image","image":3960,"video":null,"video_youtube":"","video_poster_image":null,"module_upper_half_background_color":"blue","module_lower_half_background_color":"white","module_anchor_id":"","module_padding_inner":"noPaddingInner","module_spacing_after":"defaultSpacingAfter"},{"acf_fc_layout":"fifty_fifty_advanced_content","image":3961,"eyebrow":"","title":"<h2>Explore sus opciones de financiamiento<\/h2>","content":"Los pr\u00e9stamos para motocicletas y veh\u00edculos todoterreno est\u00e1n garantizados:\n<ul>\n \t<li><strong>Pr\u00e9stamos garantizados<\/strong> : tasas de inter\u00e9s m\u00e1s bajas, pueden requerir un pago inicial y usar su veh\u00edculo como garant\u00eda.<\/li>\n<\/ul>\nSu historial crediticio, sus ingresos y el plazo del pr\u00e9stamo determinar\u00e1n sus tasas y aprobaci\u00f3n.","buttons":null,"module_image_alignment":"imageRight","module_background_color":"white","module_anchor_id":"","module_padding_inner":"noPaddingInner","module_spacing_after":"defaultSpacingAfter"},{"acf_fc_layout":"floating_cards","eyebrow":"","title":"<h2>Lo que puedes esperar de Croghan<\/h2>","content":"Cuando eliges Croghan Colonial Bank para tu pr\u00e9stamo de motocicleta o veh\u00edculo todoterreno, no solo obtienes financiamiento, sino que tambi\u00e9n obtienes un socio comprometido con tu aventura.","buttons":null,"cards_alignment":"cardsLeft","card_style_type":"cardTypeBasic","floating_cards":[{"icon":3675,"icon_dark_mode":null,"eyebrow":"","title":"<h3>Proceso simple y transparente<\/h3>","description":"Nuestro equipo lo guiar\u00e1 a trav\u00e9s de cada paso de la solicitud de pr\u00e9stamo, asegur\u00e1ndose de que comprenda los t\u00e9rminos y pueda tomar decisiones informadas.","image":null,"link":null},{"icon":3717,"icon_dark_mode":null,"eyebrow":"","title":"<h3>Soporte Personalizado<\/h3>","description":"Desde la solicitud hasta la aprobaci\u00f3n final, ofrecemos asesoramiento personalizado para garantizar que el pr\u00e9stamo se adapte a sus necesidades y objetivos, haciendo que el proceso sea tan sencillo como su pr\u00f3ximo viaje.","image":null,"link":null},{"icon":3719,"icon_dark_mode":null,"eyebrow":"","title":"<h3>Experiencia local<\/h3>","description":"Con a\u00f1os de experiencia en el mercado local, estamos aqu\u00ed para brindarle el apoyo y la orientaci\u00f3n que necesita para encontrar las mejores opciones de financiamiento.","image":null,"link":null}],"module_background_style":"accentTriangle","module_anchor_id":"","module_padding_inner":"noPaddingInner","module_spacing_after":"defaultSpacingAfter"},{"acf_fc_layout":"content_card_pattern_accent","image":3962,"eyebrow":"","title":"<h2>Comience su pr\u00e9stamo hoy mismo<\/h2>","content":"La aventura te llama, \u00a1vamos a financiarte! Visite una oficina o cont\u00e1ctenos para comenzar. ","buttons":[{"button":{"link":{"title":"Ll\u00e1manos","url":"tel:8882764426","target":""},"button_style":"solid","button_color":"dBlue","opens_modal":false,"video":null}},{"button":{"link":{"title":"Buscar una ubicaci\u00f3n","url":"\/locations","target":""},"button_style":"outlined","button_color":"dBlue","opens_modal":false,"video":null}}],"disclaimer":"","module_image_alignment":"imageRight","module_card_background_color":"cardBackgroundGrey","module_anchor_id":"","module_padding_inner":"paddingInnerBottom","module_spacing_after":"compactSpacingAfter"},{"acf_fc_layout":"accordion","eyebrow":null,"accordion_items":null,"module_anchor_id":null,"module_padding_inner":null,"module_spacing_after":null},{"acf_fc_layout":"location_pre_footer","module_anchor_id":"","module_padding_inner":"noPaddingInner","module_spacing_after":"defaultSpacingAfter"}]},"yoast_head":"<!-- This site is optimized with the Yoast SEO plugin v27.5 - https:\/\/yoast.com\/product\/yoast-seo-wordpress\/ -->\n<title>Pr\u00e9stamos para motocicletas | Pr\u00e9stamos recreativos | Croghan<\/title>\n<meta name=\"description\" content=\"Los pr\u00e9stamos para motos y recreaci\u00f3n de Croghan financian motos nuevas o usadas, quads, motos de nieve y mucho m\u00e1s \u2014 tipos competitivos y decisiones r\u00e1pidas cerca de casa.\" \/>\n<meta name=\"robots\" content=\"noindex, follow, max-snippet:-1, max-image-preview:large, max-video-preview:-1\" \/>\n<meta property=\"og:locale\" content=\"es_ES\" \/>\n<meta property=\"og:type\" content=\"article\" \/>\n<meta property=\"og:title\" content=\"Pr\u00e9stamos para motocicletas | Pr\u00e9stamos recreativos | Croghan\" \/>\n<meta property=\"og:description\" content=\"Los pr\u00e9stamos para motos y recreaci\u00f3n de Croghan financian motos nuevas o usadas, quads, motos de nieve y mucho m\u00e1s \u2014 tipos competitivos y decisiones r\u00e1pidas cerca de casa.\" \/>\n<meta property=\"og:url\" content=\"https:\/\/api.croghan.bank\/es\/personal\/prestamos-personales\/motocicleta-y-recreativo\/\" \/>\n<meta property=\"og:site_name\" content=\"Banco Croghan sin cabeza\" \/>\n<meta property=\"article:modified_time\" content=\"2026-04-21T19:43:02+00:00\" \/>\n<meta name=\"twitter:card\" content=\"summary_large_image\" \/>\n<script type=\"application\/ld+json\" class=\"yoast-schema-graph\">{\"@context\":\"https:\\\/\\\/schema.org\",\"@graph\":[{\"@type\":\"WebPage\",\"@id\":\"https:\\\/\\\/api.croghan.bank\\\/es\\\/personal\\\/prestamos-personales\\\/motocicleta-y-recreativo\\\/\",\"url\":\"https:\\\/\\\/api.croghan.bank\\\/es\\\/personal\\\/prestamos-personales\\\/motocicleta-y-recreativo\\\/\",\"name\":\"Pr\u00e9stamos para motocicletas | Pr\u00e9stamos recreativos | Croghan\",\"isPartOf\":{\"@id\":\"https:\\\/\\\/api.croghan.bank\\\/es\\\/#website\"},\"datePublished\":\"2025-01-15T22:55:20+00:00\",\"dateModified\":\"2026-04-21T19:43:02+00:00\",\"description\":\"Los pr\u00e9stamos para motos y recreaci\u00f3n de Croghan financian motos nuevas o usadas, quads, motos de nieve y mucho m\u00e1s \u2014 tipos competitivos y decisiones r\u00e1pidas cerca de casa.\",\"breadcrumb\":{\"@id\":\"https:\\\/\\\/api.croghan.bank\\\/es\\\/personal\\\/prestamos-personales\\\/motocicleta-y-recreativo\\\/#breadcrumb\"},\"inLanguage\":\"es\",\"potentialAction\":[{\"@type\":\"ReadAction\",\"target\":[\"https:\\\/\\\/api.croghan.bank\\\/es\\\/personal\\\/prestamos-personales\\\/motocicleta-y-recreativo\\\/\"]}]},{\"@type\":\"BreadcrumbList\",\"@id\":\"https:\\\/\\\/api.croghan.bank\\\/es\\\/personal\\\/prestamos-personales\\\/motocicleta-y-recreativo\\\/#breadcrumb\",\"itemListElement\":[{\"@type\":\"ListItem\",\"position\":1,\"name\":\"Hogar\",\"item\":\"https:\\\/\\\/api.croghan.bank\\\/es\\\/\"},{\"@type\":\"ListItem\",\"position\":2,\"name\":\"Personal\",\"item\":\"https:\\\/\\\/api.croghan.bank\\\/es\\\/personal\\\/\"},{\"@type\":\"ListItem\",\"position\":3,\"name\":\"Pr\u00e9stamos Personales\",\"item\":\"https:\\\/\\\/api.croghan.bank\\\/es\\\/personal\\\/prestamos-personales\\\/\"},{\"@type\":\"ListItem\",\"position\":4,\"name\":\"Motocicleta y Recreativo\"}]},{\"@type\":\"WebSite\",\"@id\":\"https:\\\/\\\/api.croghan.bank\\\/es\\\/#website\",\"url\":\"https:\\\/\\\/api.croghan.bank\\\/es\\\/\",\"name\":\"Banco Croghan sin cabeza\",\"description\":\"\",\"potentialAction\":[{\"@type\":\"SearchAction\",\"target\":{\"@type\":\"EntryPoint\",\"urlTemplate\":\"https:\\\/\\\/api.croghan.bank\\\/es\\\/?s={search_term_string}\"},\"query-input\":{\"@type\":\"PropertyValueSpecification\",\"valueRequired\":true,\"valueName\":\"search_term_string\"}}],\"inLanguage\":\"es\"}]}<\/script>\n<!-- \/ Yoast SEO plugin. -->","yoast_head_json":{"title":"Pr\u00e9stamos para motocicletas | Pr\u00e9stamos recreativos | Croghan","description":"Los pr\u00e9stamos para motos y recreaci\u00f3n de Croghan financian motos nuevas o usadas, quads, motos de nieve y mucho m\u00e1s \u2014 tipos competitivos y decisiones r\u00e1pidas cerca de casa.","robots":{"index":"noindex","follow":"follow","max-snippet":"max-snippet:-1","max-image-preview":"max-image-preview:large","max-video-preview":"max-video-preview:-1"},"og_locale":"es_ES","og_type":"article","og_title":"Pr\u00e9stamos para motocicletas | Pr\u00e9stamos recreativos | Croghan","og_description":"Los pr\u00e9stamos para motos y recreaci\u00f3n de Croghan financian motos nuevas o usadas, quads, motos de nieve y mucho m\u00e1s \u2014 tipos competitivos y decisiones r\u00e1pidas cerca de casa.","og_url":"https:\/\/api.croghan.bank\/es\/personal\/prestamos-personales\/motocicleta-y-recreativo\/","og_site_name":"Banco Croghan sin cabeza","article_modified_time":"2026-04-21T19:43:02+00:00","twitter_card":"summary_large_image","schema":{"@context":"https:\/\/schema.org","@graph":[{"@type":"WebPage","@id":"https:\/\/api.croghan.bank\/es\/personal\/prestamos-personales\/motocicleta-y-recreativo\/","url":"https:\/\/api.croghan.bank\/es\/personal\/prestamos-personales\/motocicleta-y-recreativo\/","name":"Pr\u00e9stamos para motocicletas | Pr\u00e9stamos recreativos | Croghan","isPartOf":{"@id":"https:\/\/api.croghan.bank\/es\/#website"},"datePublished":"2025-01-15T22:55:20+00:00","dateModified":"2026-04-21T19:43:02+00:00","description":"Los pr\u00e9stamos para motos y recreaci\u00f3n de Croghan financian motos nuevas o usadas, quads, motos de nieve y mucho m\u00e1s \u2014 tipos competitivos y decisiones r\u00e1pidas cerca de casa.","breadcrumb":{"@id":"https:\/\/api.croghan.bank\/es\/personal\/prestamos-personales\/motocicleta-y-recreativo\/#breadcrumb"},"inLanguage":"es","potentialAction":[{"@type":"ReadAction","target":["https:\/\/api.croghan.bank\/es\/personal\/prestamos-personales\/motocicleta-y-recreativo\/"]}]},{"@type":"BreadcrumbList","@id":"https:\/\/api.croghan.bank\/es\/personal\/prestamos-personales\/motocicleta-y-recreativo\/#breadcrumb","itemListElement":[{"@type":"ListItem","position":1,"name":"Hogar","item":"https:\/\/api.croghan.bank\/es\/"},{"@type":"ListItem","position":2,"name":"Personal","item":"https:\/\/api.croghan.bank\/es\/personal\/"},{"@type":"ListItem","position":3,"name":"Pr\u00e9stamos Personales","item":"https:\/\/api.croghan.bank\/es\/personal\/prestamos-personales\/"},{"@type":"ListItem","position":4,"name":"Motocicleta y Recreativo"}]},{"@type":"WebSite","@id":"https:\/\/api.croghan.bank\/es\/#website","url":"https:\/\/api.croghan.bank\/es\/","name":"Banco Croghan sin cabeza","description":"","potentialAction":[{"@type":"SearchAction","target":{"@type":"EntryPoint","urlTemplate":"https:\/\/api.croghan.bank\/es\/?s={search_term_string}"},"query-input":{"@type":"PropertyValueSpecification","valueRequired":true,"valueName":"search_term_string"}}],"inLanguage":"es"}]}},"_links":{"self":[{"href":"https:\/\/api.croghan.bank\/es\/wp-json\/wp\/v2\/pages\/4521","targetHints":{"allow":["GET"]}}],"collection":[{"href":"https:\/\/api.croghan.bank\/es\/wp-json\/wp\/v2\/pages"}],"about":[{"href":"https:\/\/api.croghan.bank\/es\/wp-json\/wp\/v2\/types\/page"}],"author":[{"embeddable":true,"href":"https:\/\/api.croghan.bank\/es\/wp-json\/wp\/v2\/users\/1"}],"replies":[{"embeddable":true,"href":"https:\/\/api.croghan.bank\/es\/wp-json\/wp\/v2\/comments?post=4521"}],"version-history":[{"count":1,"href":"https:\/\/api.croghan.bank\/es\/wp-json\/wp\/v2\/pages\/4521\/revisions"}],"predecessor-version":[{"id":7588,"href":"https:\/\/api.croghan.bank\/es\/wp-json\/wp\/v2\/pages\/4521\/revisions\/7588"}],"up":[{"embeddable":true,"href":"https:\/\/api.croghan.bank\/es\/wp-json\/wp\/v2\/pages\/4491"}],"wp:attachment":[{"href":"https:\/\/api.croghan.bank\/es\/wp-json\/wp\/v2\/media?parent=4521"}],"wp:term":[{"taxonomy":"category","embeddable":true,"href":"https:\/\/api.croghan.bank\/es\/wp-json\/wp\/v2\/categories?post=4521"},{"taxonomy":"post_tag","embeddable":true,"href":"https:\/\/api.croghan.bank\/es\/wp-json\/wp\/v2\/tags?post=4521"}],"curies":[{"name":"wp","href":"https:\/\/api.w.org\/{rel}","templated":true}]}}