{"id":4522,"date":"2025-01-15T22:57:59","date_gmt":"2025-01-15T22:57:59","guid":{"rendered":"https:\/\/api.croghan.bank\/personal\/prestamos-hipotecarios\/renovacion-de-estilo-de-casa\/"},"modified":"2026-04-21T19:43:08","modified_gmt":"2026-04-21T19:43:08","slug":"renovacion-de-estilo-de-casa","status":"publish","type":"page","link":"https:\/\/api.croghan.bank\/es\/personal\/prestamos-hipotecarios\/renovacion-de-estilo-de-casa\/","title":{"rendered":"Renovaci\u00f3n de estilo de casa"},"content":{"rendered":"","protected":false},"excerpt":{"rendered":"","protected":false},"author":1,"featured_media":0,"parent":4446,"menu_order":0,"comment_status":"closed","ping_status":"closed","template":"","meta":{"_acf_changed":false,"inline_featured_image":false,"footnotes":""},"categories":[],"tags":[],"class_list":["post-4522","page","type-page","status-publish","hentry"],"acf":{"modules":[{"acf_fc_layout":"bread_crumb_nav_hero","title":"<h1>Pr\u00e9stamo para renovaci\u00f3n de viviendas<\/h1>","subtitle":"","content":"Convierta su casa para remodelar en la casa de sus sue\u00f1os con un pr\u00e9stamo de renovaci\u00f3n Fannie Mae HomeStyle\u00ae. Ya sea que est\u00e9 comprando una propiedad que necesita reparaciones significativas o refinanciando su casa actual para financiar mejoras, este pr\u00e9stamo agrupa sus gastos de hipoteca y renovaci\u00f3n en un solo pago mensual. ","buttons":[{"button":{"link":{"title":"Aplicar en l\u00ednea","url":"http:\/\/croghancolonialbank.flexapp1003.com\/loanportal\/","target":"_blank"},"button_style":"solid","button_color":"dBlue","opens_modal":false,"video":null}},{"button":{"link":{"title":"Cont\u00e1ctenos","url":"\/contact-us","target":""},"button_style":"outlined","button_color":"dBlue","opens_modal":false,"video":null}}],"module_anchor_id":"","module_padding_inner":"noPaddingInner","module_spacing_after":"defaultSpacingAfter"},{"acf_fc_layout":"floating_cards","eyebrow":"","title":"<h2>Caracter\u00edsticas y beneficios del pr\u00e9stamo para renovaci\u00f3n HomeStyle\u00ae<\/h2>","content":"El pr\u00e9stamo de renovaci\u00f3n HomeStyle\u00ae ofrece ventajas \u00fanicas tanto para los compradores como para los propietarios de viviendas:","buttons":null,"cards_alignment":"cardsRight","card_style_type":"cardTypeBasic","floating_cards":[{"icon":"","icon_dark_mode":"","eyebrow":"","title":"<h3>Financiamiento todo en uno<\/h3>","description":"Compre o refinancie su casa y financie renovaciones con un solo pr\u00e9stamo y un pago mensual.","image":null,"link":null},{"icon":"","icon_dark_mode":"","eyebrow":"","title":"<h3>Gastos de bolsillo m\u00ednimos<\/h3>","description":"Extraiga hasta un 50% por adelantado para los materiales de renovaci\u00f3n: comience r\u00e1pidamente sin agotar sus ahorros.","image":null,"link":null},{"icon":"","icon_dark_mode":"","eyebrow":"","title":"<h3>Opciones de renovaci\u00f3n flexibles<\/h3>","description":"Desde actualizaciones cosm\u00e9ticas hasta remodelaciones importantes, financie casi cualquier mejora que agregue valor a su hogar.","image":null,"link":null},{"icon":"","icon_dark_mode":"","eyebrow":"","title":"<h3>Financiar los costos de vivienda temporal<\/h3>","description":"Incluya hasta seis meses de pagos de hipoteca si su casa est\u00e1 inhabitable durante las renovaciones.","image":null,"link":null},{"icon":"","icon_dark_mode":"","eyebrow":"","title":"<h3>T\u00e9rminos competitivos<\/h3>","description":"Pr\u00e9stamos a tasa fija totalmente amortizables disponibles a tasas competitivas.","image":null,"link":null},{"icon":"","icon_dark_mode":"","eyebrow":"","title":"<h3>Pago inicial bajo<\/h3>","description":"Opciones tan bajas como 3% de pago inicial para compradores de vivienda que califiquen.*","image":null,"link":null}],"module_background_style":"solidColorBlue","module_anchor_id":"","module_padding_inner":"noPaddingInner","module_spacing_after":"noSpacingAfter"},{"acf_fc_layout":"full_width_media","media_type":"image","image":4019,"video":null,"video_youtube":"","video_poster_image":null,"module_upper_half_background_color":"blue","module_lower_half_background_color":"white","module_anchor_id":"","module_padding_inner":"noPaddingInner","module_spacing_after":"defaultSpacingAfter"},{"acf_fc_layout":"floating_cards","eyebrow":"","title":"<h2>Tipos de reformas que puedes financiar<\/h2>","content":"Con HomeStyle\u00ae, sus posibilidades de renovaci\u00f3n son amplias. Las renovaciones deben ser permanentes y agregar valor a la casa. Las mejoras elegibles incluyen:  ","buttons":null,"cards_alignment":"cardsLeft","card_style_type":"cardTypeBasic","floating_cards":[{"icon":"","icon_dark_mode":"","eyebrow":"","title":"<h3>Remodelaci\u00f3n interior<\/h3>","description":"Cocinas, ba\u00f1os, pisos, pintura y actualizaciones interiores completas.","image":null,"link":null},{"icon":"","icon_dark_mode":"","eyebrow":"","title":"<h3>Reparaciones estructurales<\/h3>","description":"Techos, cimentaciones, sistemas de calefacci\u00f3n, ventilaci\u00f3n y aire acondicionado, plomer\u00eda, actualizaciones el\u00e9ctricas y m\u00e1s.","image":null,"link":null},{"icon":"","icon_dark_mode":"","eyebrow":"","title":"<h3>Adiciones a la casa<\/h3>","description":"Construya nuevas habitaciones, unidades accesorias, suites para suegros o apartamentos en el s\u00f3tano.","image":null,"link":null},{"icon":"","icon_dark_mode":"","eyebrow":"","title":"<h3>Eficiencia energ\u00e9tica y actualizaciones inteligentes<\/h3>","description":"Ventanas de bajo consumo, tecnolog\u00eda de hogar inteligente, generadores de energ\u00eda de respaldo y soluciones de almacenamiento de bater\u00edas.","image":null,"link":null},{"icon":"","icon_dark_mode":"","eyebrow":"","title":"<h3>Caracter\u00edsticas al aire libre y de lujo<\/h3>","description":"Paisajismo, cocinas al aire libre, terrazas, patios o incluso piscinas enterradas.","image":null,"link":null}],"module_background_style":"accentTriangle","module_anchor_id":"","module_padding_inner":"noPaddingInner","module_spacing_after":"defaultSpacingAfter"},{"acf_fc_layout":"accordion","eyebrow":null,"accordion_items":null,"module_anchor_id":null,"module_padding_inner":null,"module_spacing_after":null},{"acf_fc_layout":"floating_cards","eyebrow":"","title":"<h2>Lo que puedes esperar de Croghan<\/h2>","content":"En Croghan, nuestros expertos en hipotecas brindan un servicio personalizado y orientaci\u00f3n a lo largo de su proceso de pr\u00e9stamo para renovaci\u00f3n.","buttons":null,"cards_alignment":"cardsLeft","card_style_type":"cardTypeBasic","floating_cards":[{"icon":3719,"icon_dark_mode":4354,"eyebrow":"","title":"<h3>Experiencia local<\/h3>","description":"Nuestros especialistas comprenden los mercados inmobiliarios locales y las pautas de renovaci\u00f3n.","image":null,"link":null},{"icon":3701,"icon_dark_mode":4377,"eyebrow":"","title":"<h3>Tarifas competitivas<\/h3>","description":"Disfruta de atractivas tasas de inter\u00e9s adaptadas a tu situaci\u00f3n financiera.","image":null,"link":null},{"icon":3717,"icon_dark_mode":4380,"eyebrow":"","title":"<h3>Soporte personalizado<\/h3>","description":"Ayudamos en cada paso, desde la aprobaci\u00f3n previa hasta la finalizaci\u00f3n del proyecto.","image":null,"link":null}],"module_background_style":"accentTriangle","module_anchor_id":"","module_padding_inner":"noPaddingInner","module_spacing_after":"defaultSpacingAfter"},{"acf_fc_layout":"content_card_pattern_accent","image":4020,"eyebrow":"","title":"<h2>Haga realidad la casa de sus sue\u00f1os<\/h2>","content":"Ya sea que est\u00e9 comprando una casa para remodelar o mejorando su hogar actual, el pr\u00e9stamo de renovaci\u00f3n HomeStyle\u00ae simplifica el financiamiento de su proyecto. P\u00f3ngase en contacto con Croghan hoy mismo para ver lo f\u00e1cil y asequible que puede ser la renovaci\u00f3n. ","buttons":[{"button":{"link":{"title":"Aplicar en l\u00ednea","url":"http:\/\/croghancolonialbank.flexapp1003.com\/loanportal\/","target":"_blank"},"button_style":"solid","button_color":"dBlue","opens_modal":false,"video":null}},{"button":{"link":{"title":"Cont\u00e1ctenos","url":"\/contact-us","target":""},"button_style":"outlined","button_color":"dBlue","opens_modal":false,"video":null}}],"disclaimer":"","module_image_alignment":"imageLeft","module_card_background_color":"cardBackgroundGrey","module_anchor_id":"","module_padding_inner":"paddingInnerBottom","module_spacing_after":"compactSpacingAfter"},{"acf_fc_layout":"accordion","eyebrow":null,"accordion_items":null,"module_anchor_id":null,"module_padding_inner":null,"module_spacing_after":null},{"acf_fc_layout":"location_pre_footer","module_anchor_id":"","module_padding_inner":"noPaddingInner","module_spacing_after":"noSpacingAfter"}]},"yoast_head":"<!-- This site is optimized with the Yoast SEO plugin v27.5 - https:\/\/yoast.com\/product\/yoast-seo-wordpress\/ -->\n<title>Pr\u00e9stamo para Renovaci\u00f3n de HomeStyle | Banco Colonial Croghan<\/title>\n<meta name=\"description\" content=\"Compra y reforma con una hipoteca \u00fanica de HomeStyle Renovation. Incluye los costes de reformas en tu pr\u00e9stamo: mejora una casa antigua o personaliza la siguiente.\" \/>\n<meta name=\"robots\" content=\"noindex, follow, max-snippet:-1, max-image-preview:large, max-video-preview:-1\" \/>\n<meta property=\"og:locale\" content=\"es_ES\" \/>\n<meta property=\"og:type\" content=\"article\" \/>\n<meta property=\"og:title\" content=\"Pr\u00e9stamo para Renovaci\u00f3n de HomeStyle | Banco Colonial Croghan\" \/>\n<meta property=\"og:description\" content=\"Compra y reforma con una hipoteca \u00fanica de HomeStyle Renovation. Incluye los costes de reformas en tu pr\u00e9stamo: mejora una casa antigua o personaliza la siguiente.\" \/>\n<meta property=\"og:url\" content=\"https:\/\/api.croghan.bank\/es\/personal\/prestamos-hipotecarios\/renovacion-de-estilo-de-casa\/\" \/>\n<meta property=\"og:site_name\" content=\"Banco Croghan sin cabeza\" \/>\n<meta property=\"article:modified_time\" content=\"2026-04-21T19:43:08+00:00\" \/>\n<meta name=\"twitter:card\" content=\"summary_large_image\" \/>\n<script type=\"application\/ld+json\" class=\"yoast-schema-graph\">{\"@context\":\"https:\\\/\\\/schema.org\",\"@graph\":[{\"@type\":\"WebPage\",\"@id\":\"https:\\\/\\\/api.croghan.bank\\\/es\\\/personal\\\/prestamos-hipotecarios\\\/renovacion-de-estilo-de-casa\\\/\",\"url\":\"https:\\\/\\\/api.croghan.bank\\\/es\\\/personal\\\/prestamos-hipotecarios\\\/renovacion-de-estilo-de-casa\\\/\",\"name\":\"Pr\u00e9stamo para Renovaci\u00f3n de HomeStyle | Banco Colonial Croghan\",\"isPartOf\":{\"@id\":\"https:\\\/\\\/api.croghan.bank\\\/es\\\/#website\"},\"datePublished\":\"2025-01-15T22:57:59+00:00\",\"dateModified\":\"2026-04-21T19:43:08+00:00\",\"description\":\"Compra y reforma con una hipoteca \u00fanica de HomeStyle Renovation. Incluye los costes de reformas en tu pr\u00e9stamo: mejora una casa antigua o personaliza la siguiente.\",\"breadcrumb\":{\"@id\":\"https:\\\/\\\/api.croghan.bank\\\/es\\\/personal\\\/prestamos-hipotecarios\\\/renovacion-de-estilo-de-casa\\\/#breadcrumb\"},\"inLanguage\":\"es\",\"potentialAction\":[{\"@type\":\"ReadAction\",\"target\":[\"https:\\\/\\\/api.croghan.bank\\\/es\\\/personal\\\/prestamos-hipotecarios\\\/renovacion-de-estilo-de-casa\\\/\"]}]},{\"@type\":\"BreadcrumbList\",\"@id\":\"https:\\\/\\\/api.croghan.bank\\\/es\\\/personal\\\/prestamos-hipotecarios\\\/renovacion-de-estilo-de-casa\\\/#breadcrumb\",\"itemListElement\":[{\"@type\":\"ListItem\",\"position\":1,\"name\":\"Hogar\",\"item\":\"https:\\\/\\\/api.croghan.bank\\\/es\\\/\"},{\"@type\":\"ListItem\",\"position\":2,\"name\":\"Personal\",\"item\":\"https:\\\/\\\/api.croghan.bank\\\/es\\\/personal\\\/\"},{\"@type\":\"ListItem\",\"position\":3,\"name\":\"Pr\u00e9stamos Hipotecarios\",\"item\":\"https:\\\/\\\/api.croghan.bank\\\/es\\\/personal\\\/prestamos-hipotecarios\\\/\"},{\"@type\":\"ListItem\",\"position\":4,\"name\":\"Renovaci\u00f3n de estilo de casa\"}]},{\"@type\":\"WebSite\",\"@id\":\"https:\\\/\\\/api.croghan.bank\\\/es\\\/#website\",\"url\":\"https:\\\/\\\/api.croghan.bank\\\/es\\\/\",\"name\":\"Banco Croghan sin cabeza\",\"description\":\"\",\"potentialAction\":[{\"@type\":\"SearchAction\",\"target\":{\"@type\":\"EntryPoint\",\"urlTemplate\":\"https:\\\/\\\/api.croghan.bank\\\/es\\\/?s={search_term_string}\"},\"query-input\":{\"@type\":\"PropertyValueSpecification\",\"valueRequired\":true,\"valueName\":\"search_term_string\"}}],\"inLanguage\":\"es\"}]}<\/script>\n<!-- \/ Yoast SEO plugin. -->","yoast_head_json":{"title":"Pr\u00e9stamo para Renovaci\u00f3n de HomeStyle | Banco Colonial Croghan","description":"Compra y reforma con una hipoteca \u00fanica de HomeStyle Renovation. Incluye los costes de reformas en tu pr\u00e9stamo: mejora una casa antigua o personaliza la siguiente.","robots":{"index":"noindex","follow":"follow","max-snippet":"max-snippet:-1","max-image-preview":"max-image-preview:large","max-video-preview":"max-video-preview:-1"},"og_locale":"es_ES","og_type":"article","og_title":"Pr\u00e9stamo para Renovaci\u00f3n de HomeStyle | Banco Colonial Croghan","og_description":"Compra y reforma con una hipoteca \u00fanica de HomeStyle Renovation. Incluye los costes de reformas en tu pr\u00e9stamo: mejora una casa antigua o personaliza la siguiente.","og_url":"https:\/\/api.croghan.bank\/es\/personal\/prestamos-hipotecarios\/renovacion-de-estilo-de-casa\/","og_site_name":"Banco Croghan sin cabeza","article_modified_time":"2026-04-21T19:43:08+00:00","twitter_card":"summary_large_image","schema":{"@context":"https:\/\/schema.org","@graph":[{"@type":"WebPage","@id":"https:\/\/api.croghan.bank\/es\/personal\/prestamos-hipotecarios\/renovacion-de-estilo-de-casa\/","url":"https:\/\/api.croghan.bank\/es\/personal\/prestamos-hipotecarios\/renovacion-de-estilo-de-casa\/","name":"Pr\u00e9stamo para Renovaci\u00f3n de HomeStyle | Banco Colonial Croghan","isPartOf":{"@id":"https:\/\/api.croghan.bank\/es\/#website"},"datePublished":"2025-01-15T22:57:59+00:00","dateModified":"2026-04-21T19:43:08+00:00","description":"Compra y reforma con una hipoteca \u00fanica de HomeStyle Renovation. Incluye los costes de reformas en tu pr\u00e9stamo: mejora una casa antigua o personaliza la siguiente.","breadcrumb":{"@id":"https:\/\/api.croghan.bank\/es\/personal\/prestamos-hipotecarios\/renovacion-de-estilo-de-casa\/#breadcrumb"},"inLanguage":"es","potentialAction":[{"@type":"ReadAction","target":["https:\/\/api.croghan.bank\/es\/personal\/prestamos-hipotecarios\/renovacion-de-estilo-de-casa\/"]}]},{"@type":"BreadcrumbList","@id":"https:\/\/api.croghan.bank\/es\/personal\/prestamos-hipotecarios\/renovacion-de-estilo-de-casa\/#breadcrumb","itemListElement":[{"@type":"ListItem","position":1,"name":"Hogar","item":"https:\/\/api.croghan.bank\/es\/"},{"@type":"ListItem","position":2,"name":"Personal","item":"https:\/\/api.croghan.bank\/es\/personal\/"},{"@type":"ListItem","position":3,"name":"Pr\u00e9stamos Hipotecarios","item":"https:\/\/api.croghan.bank\/es\/personal\/prestamos-hipotecarios\/"},{"@type":"ListItem","position":4,"name":"Renovaci\u00f3n de estilo de casa"}]},{"@type":"WebSite","@id":"https:\/\/api.croghan.bank\/es\/#website","url":"https:\/\/api.croghan.bank\/es\/","name":"Banco Croghan sin cabeza","description":"","potentialAction":[{"@type":"SearchAction","target":{"@type":"EntryPoint","urlTemplate":"https:\/\/api.croghan.bank\/es\/?s={search_term_string}"},"query-input":{"@type":"PropertyValueSpecification","valueRequired":true,"valueName":"search_term_string"}}],"inLanguage":"es"}]}},"_links":{"self":[{"href":"https:\/\/api.croghan.bank\/es\/wp-json\/wp\/v2\/pages\/4522","targetHints":{"allow":["GET"]}}],"collection":[{"href":"https:\/\/api.croghan.bank\/es\/wp-json\/wp\/v2\/pages"}],"about":[{"href":"https:\/\/api.croghan.bank\/es\/wp-json\/wp\/v2\/types\/page"}],"author":[{"embeddable":true,"href":"https:\/\/api.croghan.bank\/es\/wp-json\/wp\/v2\/users\/1"}],"replies":[{"embeddable":true,"href":"https:\/\/api.croghan.bank\/es\/wp-json\/wp\/v2\/comments?post=4522"}],"version-history":[{"count":1,"href":"https:\/\/api.croghan.bank\/es\/wp-json\/wp\/v2\/pages\/4522\/revisions"}],"predecessor-version":[{"id":7271,"href":"https:\/\/api.croghan.bank\/es\/wp-json\/wp\/v2\/pages\/4522\/revisions\/7271"}],"up":[{"embeddable":true,"href":"https:\/\/api.croghan.bank\/es\/wp-json\/wp\/v2\/pages\/4446"}],"wp:attachment":[{"href":"https:\/\/api.croghan.bank\/es\/wp-json\/wp\/v2\/media?parent=4522"}],"wp:term":[{"taxonomy":"category","embeddable":true,"href":"https:\/\/api.croghan.bank\/es\/wp-json\/wp\/v2\/categories?post=4522"},{"taxonomy":"post_tag","embeddable":true,"href":"https:\/\/api.croghan.bank\/es\/wp-json\/wp\/v2\/tags?post=4522"}],"curies":[{"name":"wp","href":"https:\/\/api.w.org\/{rel}","templated":true}]}}