{"id":4523,"date":"2025-01-15T22:55:44","date_gmt":"2025-01-15T22:55:44","guid":{"rendered":"https:\/\/api.croghan.bank\/personal\/prestamos-personales\/prestamos-para-vehiculos-recreativos\/"},"modified":"2026-04-21T19:43:01","modified_gmt":"2026-04-21T19:43:01","slug":"prestamos-para-vehiculos-recreativos","status":"publish","type":"page","link":"https:\/\/api.croghan.bank\/es\/personal\/prestamos-personales\/prestamos-para-vehiculos-recreativos\/","title":{"rendered":"Pr\u00e9stamos para veh\u00edculos recreativos"},"content":{"rendered":"","protected":false},"excerpt":{"rendered":"","protected":false},"author":1,"featured_media":0,"parent":4491,"menu_order":0,"comment_status":"closed","ping_status":"closed","template":"","meta":{"_acf_changed":false,"inline_featured_image":false,"footnotes":""},"categories":[],"tags":[],"class_list":["post-4523","page","type-page","status-publish","hentry"],"acf":{"modules":[{"acf_fc_layout":"bread_crumb_nav_hero","title":"<h1>Pr\u00e9stamos para veh\u00edculos recreativos<\/h1>","subtitle":"","content":"Croghan Colonial Bank ofrece financiamiento flexible para ayudarlo a comprar el RV que se adapte a su estilo de vida. Ya sea que est\u00e9 buscando una casa rodante, una caravana o un remolque de viaje, ofrecemos tasas competitivas y opciones de pr\u00e9stamo para que pueda emprender su pr\u00f3xima aventura. ","buttons":[{"button":{"link":{"title":"Cont\u00e1ctenos","url":"\/contact-us","target":""},"button_style":"solid","button_color":"dBlue","opens_modal":false,"video":null}},{"button":{"link":{"title":"Buscar una ubicaci\u00f3n","url":"\/locations","target":""},"button_style":"outlined","button_color":"dBlue","opens_modal":false,"video":null}}],"module_anchor_id":"","module_padding_inner":"noPaddingInner","module_spacing_after":"defaultSpacingAfter"},{"acf_fc_layout":"floating_cards","eyebrow":"","title":"<h2>Opciones de pr\u00e9stamos para veh\u00edculos recreativos<\/h2>","content":"Nuestros pr\u00e9stamos para veh\u00edculos recreativos le dan la libertad de explorar:","buttons":null,"cards_alignment":"cardsRight","card_style_type":"cardTypeBasic","floating_cards":[{"icon":"","icon_dark_mode":"","eyebrow":"","title":"<h3>Pr\u00e9stamos desde $10,000<\/h3>","description":"Financia tu pr\u00f3ximo viaje con un pr\u00e9stamo que se ajuste a tu presupuesto.","image":null,"link":null},{"icon":"","icon_dark_mode":"","eyebrow":"","title":"<h3>T\u00e9rminos de pr\u00e9stamo flexibles<\/h3>","description":"Elija un per\u00edodo de pago que funcione para usted.","image":null,"link":null},{"icon":"","icon_dark_mode":"","eyebrow":"","title":"<h3>Tasas de inter\u00e9s fijas<\/h3>","description":"Asegura un pago mensual predecible.","image":null,"link":null}],"module_background_style":"solidColorBlue","module_anchor_id":"","module_padding_inner":"noPaddingInner","module_spacing_after":"noSpacingAfter"},{"acf_fc_layout":"full_width_media","media_type":"image","image":3998,"video":null,"video_youtube":"","video_poster_image":null,"module_upper_half_background_color":"blue","module_lower_half_background_color":"white","module_anchor_id":"","module_padding_inner":"noPaddingInner","module_spacing_after":"compactSpacingAfter"},{"acf_fc_layout":"fifty_fifty_content","eyebrow":"","title":"<h2>\u00bfQu\u00e9 es un pr\u00e9stamo para veh\u00edculos recreativos?<\/h2>","content":"Un pr\u00e9stamo para veh\u00edculos recreativos es un pr\u00e9stamo a plazos con pagos mensuales fijos durante un per\u00edodo determinado. Si elige un pr\u00e9stamo garantizado para veh\u00edculos recreativos, el veh\u00edculo en s\u00ed sirve como garant\u00eda, similar a un pr\u00e9stamo para autom\u00f3vil. Tambi\u00e9n est\u00e1n disponibles pr\u00e9stamos para veh\u00edculos recreativos sin garant\u00eda, en funci\u00f3n de su solvencia, ingresos e historial financiero.  \n\nSus opciones de financiamiento pueden variar seg\u00fan la marca, el modelo y el a\u00f1o de la casa rodante, as\u00ed como seg\u00fan su perfil crediticio. Es por eso que es importante comprender los t\u00e9rminos del pr\u00e9stamo antes de realizar una compra. ","buttons":null,"module_background_color":"white","module_anchor_id":"","module_padding_inner":"noPaddingInner","module_spacing_after":"defaultSpacingAfter"},{"acf_fc_layout":"horizontal_cards_slider","eyebrow":"","title":"<h2>Lo que puedes esperar de Croghan<\/h2>","content":"En Croghan, hacemos que el financiamiento de veh\u00edculos recreativos sea simple y sin estr\u00e9s con orientaci\u00f3n experta y un proceso de pr\u00e9stamo sin problemas.","slider_cards":[{"card_type":"testimonial","card_media_type":"image","rating":1,"number":1,"content":"<h4>Town & Country RV Center<\/h4>\nAutopista 900 West McPherson\nClyde, OH\n\n<a href=\"tel:419-547-0708\">419-547-0708<\/a>","author":"","image":null,"video":null,"video_poster_image":null,"links":null},{"card_type":"testimonial","card_media_type":"image","rating":1,"number":2,"content":"<h4>Casas m\u00f3viles y centro de viajes de Young<\/h4>\n1450 Calle Dickinson\nFremont, OH\n\n<a href=\"tel:419-334-2648\">419-334-2648<\/a>","author":"","image":null,"video":null,"video_poster_image":null,"links":null}],"module_background_color":"white","module_anchor_id":"","module_padding_inner":"noPaddingInner","module_spacing_after":"defaultSpacingAfter"},{"acf_fc_layout":"floating_cards","eyebrow":"","title":"<h2>\u00bfListo para comenzar tu aventura?<\/h2>","content":"Ya sea que sea propietario de un veh\u00edculo recreativo por primera vez o se actualice al modelo de sus sue\u00f1os, estamos aqu\u00ed para ayudarlo a salir a la carretera.","buttons":[{"button":{"link":{"title":"Ll\u00e1manos","url":"tel:8882764426","target":""},"button_style":"solid","button_color":"dBlue","opens_modal":false,"video":null}},{"button":{"link":{"title":"Buscar una ubicaci\u00f3n","url":"\/locations","target":""},"button_style":"outlined","button_color":"dBlue","opens_modal":false,"video":null}}],"cards_alignment":"cardsRight","card_style_type":"cardTypeBasic","floating_cards":[{"icon":null,"icon_dark_mode":null,"eyebrow":"","title":"<h3>Financiamiento Competitivo y Flexible<\/h3>","description":"Ofrecemos tarifas competitivas y opciones de pago personalizables para adaptarse a su presupuesto y estilo de vida.","image":null,"link":null},{"icon":null,"icon_dark_mode":null,"eyebrow":"","title":"<h3>Socios de concesionarios locales<\/h3>","description":"\u00bfBuscas una casa rodante? \u00a1Echa un vistazo a nuestros socios locales de confianza y hazles saber que quieres financiar con Croghan Colonial Bank! ","image":null,"link":null},{"icon":null,"icon_dark_mode":null,"eyebrow":"","title":"<h3>Proceso simple y transparente<\/h3>","description":"Nuestro sencillo proceso de solicitud y los claros t\u00e9rminos del pr\u00e9stamo lo ayudan a navegar el financiamiento con confianza.","image":null,"link":null}],"module_background_style":"accentTriangle","module_anchor_id":"","module_padding_inner":"paddingInnerBottom","module_spacing_after":"compactSpacingAfter"},{"acf_fc_layout":"content_card_pattern_accent","image":null,"eyebrow":"","title":"<h2>\u00bfListo para comenzar tu aventura?<\/h2>","content":"Ya sea que sea propietario de un veh\u00edculo recreativo por primera vez o se actualice al modelo de sus sue\u00f1os, estamos aqu\u00ed para ayudarlo a salir a la carretera.","buttons":[{"button":{"link":{"title":"Ll\u00e1manos","url":"tel:8882764426","target":""},"button_style":"solid","button_color":"blue","opens_modal":false,"video":null}},{"button":{"link":{"title":"Buscar una ubicaci\u00f3n","url":"\/locations","target":""},"button_style":"solid","button_color":"blue","opens_modal":false,"video":null}}],"disclaimer":"","module_image_alignment":"imageLeft","module_card_background_color":"cardBackgroundBlue","module_anchor_id":"","module_padding_inner":"noPaddingInner","module_spacing_after":"defaultSpacingAfter"},{"acf_fc_layout":"accordion","eyebrow":null,"accordion_items":null,"module_anchor_id":null,"module_padding_inner":null,"module_spacing_after":null},{"acf_fc_layout":"location_pre_footer","module_anchor_id":"","module_padding_inner":"noPaddingInner","module_spacing_after":"defaultSpacingAfter"}]},"yoast_head":"<!-- This site is optimized with the Yoast SEO plugin v27.5 - https:\/\/yoast.com\/product\/yoast-seo-wordpress\/ -->\n<title>Pr\u00e9stamos para autocaravanas | Banco Colonial Croghan<\/title>\n<meta name=\"description\" content=\"Ponte en marcha con un pr\u00e9stamo Croghan para autocaravanas para veh\u00edculos recreativos nuevos o usados. Tipos competitivos, condiciones flexibles y un banquero que gestiona los detalles localmente.\" \/>\n<meta name=\"robots\" content=\"noindex, follow, max-snippet:-1, max-image-preview:large, max-video-preview:-1\" \/>\n<meta property=\"og:locale\" content=\"es_ES\" \/>\n<meta property=\"og:type\" content=\"article\" \/>\n<meta property=\"og:title\" content=\"Pr\u00e9stamos para autocaravanas | Banco Colonial Croghan\" \/>\n<meta property=\"og:description\" content=\"Ponte en marcha con un pr\u00e9stamo Croghan para autocaravanas para veh\u00edculos recreativos nuevos o usados. Tipos competitivos, condiciones flexibles y un banquero que gestiona los detalles localmente.\" \/>\n<meta property=\"og:url\" content=\"https:\/\/api.croghan.bank\/es\/personal\/prestamos-personales\/prestamos-para-vehiculos-recreativos\/\" \/>\n<meta property=\"og:site_name\" content=\"Banco Croghan sin cabeza\" \/>\n<meta property=\"article:modified_time\" content=\"2026-04-21T19:43:01+00:00\" \/>\n<meta name=\"twitter:card\" content=\"summary_large_image\" \/>\n<script type=\"application\/ld+json\" class=\"yoast-schema-graph\">{\"@context\":\"https:\\\/\\\/schema.org\",\"@graph\":[{\"@type\":\"WebPage\",\"@id\":\"https:\\\/\\\/api.croghan.bank\\\/es\\\/personal\\\/prestamos-personales\\\/prestamos-para-vehiculos-recreativos\\\/\",\"url\":\"https:\\\/\\\/api.croghan.bank\\\/es\\\/personal\\\/prestamos-personales\\\/prestamos-para-vehiculos-recreativos\\\/\",\"name\":\"Pr\u00e9stamos para autocaravanas | Banco Colonial Croghan\",\"isPartOf\":{\"@id\":\"https:\\\/\\\/api.croghan.bank\\\/es\\\/#website\"},\"datePublished\":\"2025-01-15T22:55:44+00:00\",\"dateModified\":\"2026-04-21T19:43:01+00:00\",\"description\":\"Ponte en marcha con un pr\u00e9stamo Croghan para autocaravanas para veh\u00edculos recreativos nuevos o usados. Tipos competitivos, condiciones flexibles y un banquero que gestiona los detalles localmente.\",\"breadcrumb\":{\"@id\":\"https:\\\/\\\/api.croghan.bank\\\/es\\\/personal\\\/prestamos-personales\\\/prestamos-para-vehiculos-recreativos\\\/#breadcrumb\"},\"inLanguage\":\"es\",\"potentialAction\":[{\"@type\":\"ReadAction\",\"target\":[\"https:\\\/\\\/api.croghan.bank\\\/es\\\/personal\\\/prestamos-personales\\\/prestamos-para-vehiculos-recreativos\\\/\"]}]},{\"@type\":\"BreadcrumbList\",\"@id\":\"https:\\\/\\\/api.croghan.bank\\\/es\\\/personal\\\/prestamos-personales\\\/prestamos-para-vehiculos-recreativos\\\/#breadcrumb\",\"itemListElement\":[{\"@type\":\"ListItem\",\"position\":1,\"name\":\"Hogar\",\"item\":\"https:\\\/\\\/api.croghan.bank\\\/es\\\/\"},{\"@type\":\"ListItem\",\"position\":2,\"name\":\"Personal\",\"item\":\"https:\\\/\\\/api.croghan.bank\\\/es\\\/personal\\\/\"},{\"@type\":\"ListItem\",\"position\":3,\"name\":\"Pr\u00e9stamos Personales\",\"item\":\"https:\\\/\\\/api.croghan.bank\\\/es\\\/personal\\\/prestamos-personales\\\/\"},{\"@type\":\"ListItem\",\"position\":4,\"name\":\"Pr\u00e9stamos para veh\u00edculos recreativos\"}]},{\"@type\":\"WebSite\",\"@id\":\"https:\\\/\\\/api.croghan.bank\\\/es\\\/#website\",\"url\":\"https:\\\/\\\/api.croghan.bank\\\/es\\\/\",\"name\":\"Banco Croghan sin cabeza\",\"description\":\"\",\"potentialAction\":[{\"@type\":\"SearchAction\",\"target\":{\"@type\":\"EntryPoint\",\"urlTemplate\":\"https:\\\/\\\/api.croghan.bank\\\/es\\\/?s={search_term_string}\"},\"query-input\":{\"@type\":\"PropertyValueSpecification\",\"valueRequired\":true,\"valueName\":\"search_term_string\"}}],\"inLanguage\":\"es\"}]}<\/script>\n<!-- \/ Yoast SEO plugin. -->","yoast_head_json":{"title":"Pr\u00e9stamos para autocaravanas | Banco Colonial Croghan","description":"Ponte en marcha con un pr\u00e9stamo Croghan para autocaravanas para veh\u00edculos recreativos nuevos o usados. Tipos competitivos, condiciones flexibles y un banquero que gestiona los detalles localmente.","robots":{"index":"noindex","follow":"follow","max-snippet":"max-snippet:-1","max-image-preview":"max-image-preview:large","max-video-preview":"max-video-preview:-1"},"og_locale":"es_ES","og_type":"article","og_title":"Pr\u00e9stamos para autocaravanas | Banco Colonial Croghan","og_description":"Ponte en marcha con un pr\u00e9stamo Croghan para autocaravanas para veh\u00edculos recreativos nuevos o usados. Tipos competitivos, condiciones flexibles y un banquero que gestiona los detalles localmente.","og_url":"https:\/\/api.croghan.bank\/es\/personal\/prestamos-personales\/prestamos-para-vehiculos-recreativos\/","og_site_name":"Banco Croghan sin cabeza","article_modified_time":"2026-04-21T19:43:01+00:00","twitter_card":"summary_large_image","schema":{"@context":"https:\/\/schema.org","@graph":[{"@type":"WebPage","@id":"https:\/\/api.croghan.bank\/es\/personal\/prestamos-personales\/prestamos-para-vehiculos-recreativos\/","url":"https:\/\/api.croghan.bank\/es\/personal\/prestamos-personales\/prestamos-para-vehiculos-recreativos\/","name":"Pr\u00e9stamos para autocaravanas | Banco Colonial Croghan","isPartOf":{"@id":"https:\/\/api.croghan.bank\/es\/#website"},"datePublished":"2025-01-15T22:55:44+00:00","dateModified":"2026-04-21T19:43:01+00:00","description":"Ponte en marcha con un pr\u00e9stamo Croghan para autocaravanas para veh\u00edculos recreativos nuevos o usados. Tipos competitivos, condiciones flexibles y un banquero que gestiona los detalles localmente.","breadcrumb":{"@id":"https:\/\/api.croghan.bank\/es\/personal\/prestamos-personales\/prestamos-para-vehiculos-recreativos\/#breadcrumb"},"inLanguage":"es","potentialAction":[{"@type":"ReadAction","target":["https:\/\/api.croghan.bank\/es\/personal\/prestamos-personales\/prestamos-para-vehiculos-recreativos\/"]}]},{"@type":"BreadcrumbList","@id":"https:\/\/api.croghan.bank\/es\/personal\/prestamos-personales\/prestamos-para-vehiculos-recreativos\/#breadcrumb","itemListElement":[{"@type":"ListItem","position":1,"name":"Hogar","item":"https:\/\/api.croghan.bank\/es\/"},{"@type":"ListItem","position":2,"name":"Personal","item":"https:\/\/api.croghan.bank\/es\/personal\/"},{"@type":"ListItem","position":3,"name":"Pr\u00e9stamos Personales","item":"https:\/\/api.croghan.bank\/es\/personal\/prestamos-personales\/"},{"@type":"ListItem","position":4,"name":"Pr\u00e9stamos para veh\u00edculos recreativos"}]},{"@type":"WebSite","@id":"https:\/\/api.croghan.bank\/es\/#website","url":"https:\/\/api.croghan.bank\/es\/","name":"Banco Croghan sin cabeza","description":"","potentialAction":[{"@type":"SearchAction","target":{"@type":"EntryPoint","urlTemplate":"https:\/\/api.croghan.bank\/es\/?s={search_term_string}"},"query-input":{"@type":"PropertyValueSpecification","valueRequired":true,"valueName":"search_term_string"}}],"inLanguage":"es"}]}},"_links":{"self":[{"href":"https:\/\/api.croghan.bank\/es\/wp-json\/wp\/v2\/pages\/4523","targetHints":{"allow":["GET"]}}],"collection":[{"href":"https:\/\/api.croghan.bank\/es\/wp-json\/wp\/v2\/pages"}],"about":[{"href":"https:\/\/api.croghan.bank\/es\/wp-json\/wp\/v2\/types\/page"}],"author":[{"embeddable":true,"href":"https:\/\/api.croghan.bank\/es\/wp-json\/wp\/v2\/users\/1"}],"replies":[{"embeddable":true,"href":"https:\/\/api.croghan.bank\/es\/wp-json\/wp\/v2\/comments?post=4523"}],"version-history":[{"count":1,"href":"https:\/\/api.croghan.bank\/es\/wp-json\/wp\/v2\/pages\/4523\/revisions"}],"predecessor-version":[{"id":7420,"href":"https:\/\/api.croghan.bank\/es\/wp-json\/wp\/v2\/pages\/4523\/revisions\/7420"}],"up":[{"embeddable":true,"href":"https:\/\/api.croghan.bank\/es\/wp-json\/wp\/v2\/pages\/4491"}],"wp:attachment":[{"href":"https:\/\/api.croghan.bank\/es\/wp-json\/wp\/v2\/media?parent=4523"}],"wp:term":[{"taxonomy":"category","embeddable":true,"href":"https:\/\/api.croghan.bank\/es\/wp-json\/wp\/v2\/categories?post=4523"},{"taxonomy":"post_tag","embeddable":true,"href":"https:\/\/api.croghan.bank\/es\/wp-json\/wp\/v2\/tags?post=4523"}],"curies":[{"name":"wp","href":"https:\/\/api.w.org\/{rel}","templated":true}]}}