{"id":4524,"date":"2025-01-15T22:58:14","date_gmt":"2025-01-15T22:58:14","guid":{"rendered":"https:\/\/api.croghan.bank\/personal\/prestamos-hipotecarios\/fha-y-va\/"},"modified":"2026-04-21T19:43:06","modified_gmt":"2026-04-21T19:43:06","slug":"fha-y-va","status":"publish","type":"page","link":"https:\/\/api.croghan.bank\/es\/personal\/prestamos-hipotecarios\/fha-y-va\/","title":{"rendered":"FHA y VA"},"content":{"rendered":"","protected":false},"excerpt":{"rendered":"","protected":false},"author":1,"featured_media":0,"parent":4446,"menu_order":0,"comment_status":"closed","ping_status":"closed","template":"","meta":{"_acf_changed":false,"inline_featured_image":false,"footnotes":""},"categories":[],"tags":[],"class_list":["post-4524","page","type-page","status-publish","hentry"],"acf":{"modules":[{"acf_fc_layout":"bread_crumb_nav_hero","title":"<h1>Pr\u00e9stamos hipotecarios FHA y VA<\/h1>","subtitle":"","content":"Ya sea que sea un comprador de vivienda por primera vez, un veterano o alguien con opciones limitadas de pago inicial, los pr\u00e9stamos hipotecarios de FHA y VA brindan formas flexibles y asequibles de lograr ser propietario de una vivienda. Ambos tipos de pr\u00e9stamos est\u00e1n respaldados por el gobierno y ofrecen beneficios atractivos como pagos iniciales m\u00e1s bajos, criterios de calificaci\u00f3n m\u00e1s f\u00e1ciles y tasas competitivas. ","buttons":[{"button":{"link":{"title":"Aplicar en l\u00ednea","url":"http:\/\/croghancolonialbank.flexapp1003.com\/loanportal\/","target":"_blank"},"button_style":"solid","button_color":"dBlue","opens_modal":false,"video":null}},{"button":{"link":{"title":"Cont\u00e1ctenos","url":"\/contact-us","target":""},"button_style":"outlined","button_color":"dBlue","opens_modal":false,"video":null}}],"module_anchor_id":"","module_padding_inner":"noPaddingInner","module_spacing_after":"defaultSpacingAfter"},{"acf_fc_layout":"comparison_cards","eyebrow":"","title":"<h2>Pr\u00e9stamos FHA vs. VA: \u00bfCu\u00e1l es el adecuado para usted?<\/h2>","content":"Elegir entre un pr\u00e9stamo de la FHA o del VA depende de su situaci\u00f3n financiera \u00fanica y de su elegibilidad:","comparison_cards":[{"icon":3716,"icon_dark_mode":4371,"content":"<h3>Pr\u00e9stamos de la FHA<\/h3>\nLos pr\u00e9stamos de la FHA son accesibles para una amplia gama de prestatarios, ofrecen pagos iniciales bajos y est\u00e1ndares de calificaci\u00f3n flexibles."},{"icon":3716,"icon_dark_mode":4371,"content":"<h3>Pr\u00e9stamos VA<\/h3>\nLos pr\u00e9stamos VA ofrecen t\u00e9rminos excepcionales para veteranos calificados, miembros del servicio activo y c\u00f3nyuges de militares, a menudo sin necesidad de pago inicial ni seguro hipotecario."}],"module_anchor_id":"","module_padding_inner":"noPaddingInner","module_spacing_after":"defaultSpacingAfter"},{"acf_fc_layout":"full_width_media","media_type":"image","image":4021,"video":null,"video_youtube":"","video_poster_image":null,"module_upper_half_background_color":"blue","module_lower_half_background_color":"white","module_anchor_id":"","module_padding_inner":"noPaddingInner","module_spacing_after":"noSpacingAfter"},{"acf_fc_layout":"floating_cards","eyebrow":"","title":"<h2>Caracter\u00edsticas y beneficios del pr\u00e9stamo FHA<\/h2>","content":"Nota: Los pr\u00e9stamos de la FHA requieren primas de seguro hipotecario (MIP, por sus siglas en ingl\u00e9s), tanto iniciales como anuales, que se pueden financiar en el monto de su pr\u00e9stamo.","buttons":null,"cards_alignment":"cardsLeft","card_style_type":"cardTypeBasic","floating_cards":[{"icon":"","icon_dark_mode":"","eyebrow":"","title":"<h3>Pago inicial bajo<\/h3>","description":"Tan bajo como 3.5%, lo que facilita la compra de una casa antes.","image":null,"link":null},{"icon":"","icon_dark_mode":"","eyebrow":"","title":"<h3>Opciones de tasa fija<\/h3>","description":"Disfruta de pagos mensuales predecibles.","image":null,"link":null},{"icon":"","icon_dark_mode":"","eyebrow":"","title":"<h3>Requisitos de cr\u00e9dito flexibles<\/h3>","description":"Ideal si tu historial crediticio es limitado o menos que perfecto.","image":null,"link":null},{"icon":"","icon_dark_mode":"","eyebrow":"","title":"<h3>Montos de pr\u00e9stamos accesibles<\/h3>","description":"Los l\u00edmites de los pr\u00e9stamos var\u00edan seg\u00fan el condado, seg\u00fan el mercado inmobiliario de su \u00e1rea.","image":null,"link":null}],"module_background_style":"accentTriangle","module_anchor_id":"","module_padding_inner":"noPaddingInner","module_spacing_after":"noSpacingAfter"},{"acf_fc_layout":"floating_cards","eyebrow":"","title":"<h2>Caracter\u00edsticas y beneficios del pr\u00e9stamo VA<\/h2>","content":"Nota: Se aplica una tarifa de financiamiento del VA, aunque se puede renunciar a ella o reducirla seg\u00fan las circunstancias, como el estado de discapacidad o el monto del pago inicial.","buttons":null,"cards_alignment":"cardsRight","card_style_type":"cardTypeBasic","floating_cards":[{"icon":"","icon_dark_mode":"","eyebrow":"","title":"<h3>Hasta el 100% de financiaci\u00f3n<\/h3>","description":"Los prestatarios calificados pueden comprar una casa sin pago inicial.*","image":null,"link":null},{"icon":"","icon_dark_mode":"","eyebrow":"","title":"<h3>Est\u00e1ndares de calificaci\u00f3n flexibles<\/h3>","description":"Calificaci\u00f3n m\u00e1s f\u00e1cil, incluso con un historial crediticio limitado.","image":null,"link":null},{"icon":"","icon_dark_mode":"","eyebrow":"","title":"<h3>No se requiere seguro hipotecario<\/h3>","description":"A diferencia de los pr\u00e9stamos de la FHA, los pr\u00e9stamos del VA no requieren un seguro hipotecario mensual, lo que podr\u00eda ahorrarle miles de d\u00f3lares.","image":null,"link":null},{"icon":"","icon_dark_mode":"","eyebrow":"","title":"<h3>Exclusivo para militares y familias<\/h3>","description":"Disponible solo para veteranos, miembros del servicio y c\u00f3nyuges sobrevivientes elegibles.","image":null,"link":null},{"icon":"","icon_dark_mode":"","eyebrow":"","title":"<h3>Tarifas competitivas<\/h3>","description":"A menudo tasas de inter\u00e9s m\u00e1s bajas en comparaci\u00f3n con otros tipos de pr\u00e9stamos.","image":null,"link":null}],"module_background_style":"accentTriangle","module_anchor_id":"","module_padding_inner":"noPaddingInner","module_spacing_after":"noSpacingAfter"},{"acf_fc_layout":"comparison_table","title":"<h2>Requisitos de elegibilidad<\/h2>","content":"","table_layout_columns":"tableThreeColumns","table_2_column":null,"table_3_column":[{"column_1":"","column_2":"Pr\u00e9stamo de la FHA","column_3":"Pr\u00e9stamo VA"},{"column_1":"Pago inicial requerido","column_2":"3.5% m\u00ednimo","column_3":"$0 m\u00ednimo"},{"column_1":"Requisitos de puntaje de cr\u00e9dito","column_2":"Flexible; Se aceptan puntajes de cr\u00e9dito m\u00e1s bajos","column_3":"Generalmente m\u00e1s flexible que el convencional"},{"column_1":"Se requiere seguro hipotecario","column_2":"S\u00ed (inicial y anual)","column_3":"No"},{"column_1":"Afiliaci\u00f3n militar requerida","column_2":"No","column_3":"S\u00ed"},{"column_1":"L\u00edmites de pr\u00e9stamo","column_2":"Espec\u00edfico del condado","column_3":"Espec\u00edfico del condado"},{"column_1":"Documentaci\u00f3n adicional","column_2":"Documentos hipotecarios est\u00e1ndar","column_3":"Se requiere Certificado de Elegibilidad (COE)"}],"table_4_column":null,"table_5_column":null,"module_anchor_id":"","module_padding_inner":"noPaddingInner","module_spacing_after":"defaultSpacingAfter"},{"acf_fc_layout":"floating_cards","eyebrow":"","title":"<h2>Lo que puedes esperar de Croghan<\/h2>","content":"Cuando elige Croghan para su pr\u00e9stamo de la FHA o VA, se est\u00e1 asociando con un prestamista de confianza comprometido con el \u00e9xito de su propiedad de vivienda.","buttons":null,"cards_alignment":"cardsLeft","card_style_type":"cardTypeBasic","floating_cards":[{"icon":3675,"icon_dark_mode":4352,"eyebrow":"","title":"<h3>Proceso simple y transparente<\/h3>","description":"Lo guiaremos a trav\u00e9s de cada paso de su solicitud de pr\u00e9stamo, asegur\u00e1ndonos de que comprenda los t\u00e9rminos y se sienta seguro en cada paso del camino.","image":null,"link":null},{"icon":3717,"icon_dark_mode":4380,"eyebrow":"","title":"<h3>Soporte Personalizado<\/h3>","description":"Desde la aprobaci\u00f3n previa hasta el d\u00eda del cierre, nuestro equipo est\u00e1 aqu\u00ed para ofrecer apoyo personalizado, haciendo que el proceso de compra de una vivienda sea lo m\u00e1s fluido y eficiente posible.","image":null,"link":null},{"icon":3719,"icon_dark_mode":4354,"eyebrow":"","title":"<h3>Expertos locales<\/h3>","description":"Con a\u00f1os de experiencia sirviendo a nuestra comunidad, brindamos asesoramiento y apoyo personalizados adaptados a sus necesidades \u00fanicas.","image":null,"link":null}],"module_background_style":"accentTriangle","module_anchor_id":"","module_padding_inner":"noPaddingInner","module_spacing_after":"defaultSpacingAfter"},{"acf_fc_layout":"content_card_pattern_accent","image":4022,"eyebrow":"","title":"<h2>Asegure su camino hacia la propiedad de vivienda<\/h2>","content":"Con pr\u00e9stamos de la FHA y el VA, Croghan est\u00e1 aqu\u00ed para ayudarlo a dar el siguiente paso hacia la propiedad de una vivienda. \u00bfListo para empezar? Solicite en l\u00ednea ahora o con\u00e9ctese con uno de nuestros expertos en hipotecas para encontrar el pr\u00e9stamo perfecto para usted.  ","buttons":[{"button":{"link":{"title":"Aplicar en l\u00ednea","url":"http:\/\/croghancolonialbank.flexapp1003.com\/loanportal\/","target":"_blank"},"button_style":"solid","button_color":"dBlue","opens_modal":false,"video":null}},{"button":{"link":{"title":"Cont\u00e1ctenos","url":"\/contact-us","target":""},"button_style":"outlined","button_color":"dBlue","opens_modal":false,"video":null}}],"disclaimer":"","module_image_alignment":"imageLeft","module_card_background_color":"cardBackgroundGrey","module_anchor_id":"","module_padding_inner":"paddingInnerBottom","module_spacing_after":"compactSpacingAfter"},{"acf_fc_layout":"accordion","eyebrow":null,"accordion_items":null,"module_anchor_id":null,"module_padding_inner":null,"module_spacing_after":null},{"acf_fc_layout":"location_pre_footer","module_anchor_id":"","module_padding_inner":"noPaddingInner","module_spacing_after":"noSpacingAfter"}]},"yoast_head":"<!-- This site is optimized with the Yoast SEO plugin v27.5 - https:\/\/yoast.com\/product\/yoast-seo-wordpress\/ -->\n<title>Pr\u00e9stamo FHA | Pr\u00e9stamo VA | Banco Colonial Croghan<\/title>\n<meta name=\"description\" content=\"Los pr\u00e9stamos FHA y VA de Croghan hacen que la propiedad de vivienda sea accesible con opciones de entrada baja o nula para compradores cualificados, veteranos y miembros en servicio activo.\" \/>\n<meta name=\"robots\" content=\"noindex, follow, max-snippet:-1, max-image-preview:large, max-video-preview:-1\" \/>\n<meta property=\"og:locale\" content=\"es_ES\" \/>\n<meta property=\"og:type\" content=\"article\" \/>\n<meta property=\"og:title\" content=\"Pr\u00e9stamo FHA | Pr\u00e9stamo VA | Banco Colonial Croghan\" \/>\n<meta property=\"og:description\" content=\"Los pr\u00e9stamos FHA y VA de Croghan hacen que la propiedad de vivienda sea accesible con opciones de entrada baja o nula para compradores cualificados, veteranos y miembros en servicio activo.\" \/>\n<meta property=\"og:url\" content=\"https:\/\/api.croghan.bank\/es\/personal\/prestamos-hipotecarios\/fha-y-va\/\" \/>\n<meta property=\"og:site_name\" content=\"Banco Croghan sin cabeza\" \/>\n<meta property=\"article:modified_time\" content=\"2026-04-21T19:43:06+00:00\" \/>\n<meta name=\"twitter:card\" content=\"summary_large_image\" \/>\n<script type=\"application\/ld+json\" class=\"yoast-schema-graph\">{\"@context\":\"https:\\\/\\\/schema.org\",\"@graph\":[{\"@type\":\"WebPage\",\"@id\":\"https:\\\/\\\/api.croghan.bank\\\/es\\\/personal\\\/prestamos-hipotecarios\\\/fha-y-va\\\/\",\"url\":\"https:\\\/\\\/api.croghan.bank\\\/es\\\/personal\\\/prestamos-hipotecarios\\\/fha-y-va\\\/\",\"name\":\"Pr\u00e9stamo FHA | Pr\u00e9stamo VA | Banco Colonial Croghan\",\"isPartOf\":{\"@id\":\"https:\\\/\\\/api.croghan.bank\\\/es\\\/#website\"},\"datePublished\":\"2025-01-15T22:58:14+00:00\",\"dateModified\":\"2026-04-21T19:43:06+00:00\",\"description\":\"Los pr\u00e9stamos FHA y VA de Croghan hacen que la propiedad de vivienda sea accesible con opciones de entrada baja o nula para compradores cualificados, veteranos y miembros en servicio activo.\",\"breadcrumb\":{\"@id\":\"https:\\\/\\\/api.croghan.bank\\\/es\\\/personal\\\/prestamos-hipotecarios\\\/fha-y-va\\\/#breadcrumb\"},\"inLanguage\":\"es\",\"potentialAction\":[{\"@type\":\"ReadAction\",\"target\":[\"https:\\\/\\\/api.croghan.bank\\\/es\\\/personal\\\/prestamos-hipotecarios\\\/fha-y-va\\\/\"]}]},{\"@type\":\"BreadcrumbList\",\"@id\":\"https:\\\/\\\/api.croghan.bank\\\/es\\\/personal\\\/prestamos-hipotecarios\\\/fha-y-va\\\/#breadcrumb\",\"itemListElement\":[{\"@type\":\"ListItem\",\"position\":1,\"name\":\"Hogar\",\"item\":\"https:\\\/\\\/api.croghan.bank\\\/es\\\/\"},{\"@type\":\"ListItem\",\"position\":2,\"name\":\"Personal\",\"item\":\"https:\\\/\\\/api.croghan.bank\\\/es\\\/personal\\\/\"},{\"@type\":\"ListItem\",\"position\":3,\"name\":\"Pr\u00e9stamos Hipotecarios\",\"item\":\"https:\\\/\\\/api.croghan.bank\\\/es\\\/personal\\\/prestamos-hipotecarios\\\/\"},{\"@type\":\"ListItem\",\"position\":4,\"name\":\"FHA y VA\"}]},{\"@type\":\"WebSite\",\"@id\":\"https:\\\/\\\/api.croghan.bank\\\/es\\\/#website\",\"url\":\"https:\\\/\\\/api.croghan.bank\\\/es\\\/\",\"name\":\"Banco Croghan sin cabeza\",\"description\":\"\",\"potentialAction\":[{\"@type\":\"SearchAction\",\"target\":{\"@type\":\"EntryPoint\",\"urlTemplate\":\"https:\\\/\\\/api.croghan.bank\\\/es\\\/?s={search_term_string}\"},\"query-input\":{\"@type\":\"PropertyValueSpecification\",\"valueRequired\":true,\"valueName\":\"search_term_string\"}}],\"inLanguage\":\"es\"}]}<\/script>\n<!-- \/ Yoast SEO plugin. -->","yoast_head_json":{"title":"Pr\u00e9stamo FHA | Pr\u00e9stamo VA | Banco Colonial Croghan","description":"Los pr\u00e9stamos FHA y VA de Croghan hacen que la propiedad de vivienda sea accesible con opciones de entrada baja o nula para compradores cualificados, veteranos y miembros en servicio activo.","robots":{"index":"noindex","follow":"follow","max-snippet":"max-snippet:-1","max-image-preview":"max-image-preview:large","max-video-preview":"max-video-preview:-1"},"og_locale":"es_ES","og_type":"article","og_title":"Pr\u00e9stamo FHA | Pr\u00e9stamo VA | Banco Colonial Croghan","og_description":"Los pr\u00e9stamos FHA y VA de Croghan hacen que la propiedad de vivienda sea accesible con opciones de entrada baja o nula para compradores cualificados, veteranos y miembros en servicio activo.","og_url":"https:\/\/api.croghan.bank\/es\/personal\/prestamos-hipotecarios\/fha-y-va\/","og_site_name":"Banco Croghan sin cabeza","article_modified_time":"2026-04-21T19:43:06+00:00","twitter_card":"summary_large_image","schema":{"@context":"https:\/\/schema.org","@graph":[{"@type":"WebPage","@id":"https:\/\/api.croghan.bank\/es\/personal\/prestamos-hipotecarios\/fha-y-va\/","url":"https:\/\/api.croghan.bank\/es\/personal\/prestamos-hipotecarios\/fha-y-va\/","name":"Pr\u00e9stamo FHA | Pr\u00e9stamo VA | Banco Colonial Croghan","isPartOf":{"@id":"https:\/\/api.croghan.bank\/es\/#website"},"datePublished":"2025-01-15T22:58:14+00:00","dateModified":"2026-04-21T19:43:06+00:00","description":"Los pr\u00e9stamos FHA y VA de Croghan hacen que la propiedad de vivienda sea accesible con opciones de entrada baja o nula para compradores cualificados, veteranos y miembros en servicio activo.","breadcrumb":{"@id":"https:\/\/api.croghan.bank\/es\/personal\/prestamos-hipotecarios\/fha-y-va\/#breadcrumb"},"inLanguage":"es","potentialAction":[{"@type":"ReadAction","target":["https:\/\/api.croghan.bank\/es\/personal\/prestamos-hipotecarios\/fha-y-va\/"]}]},{"@type":"BreadcrumbList","@id":"https:\/\/api.croghan.bank\/es\/personal\/prestamos-hipotecarios\/fha-y-va\/#breadcrumb","itemListElement":[{"@type":"ListItem","position":1,"name":"Hogar","item":"https:\/\/api.croghan.bank\/es\/"},{"@type":"ListItem","position":2,"name":"Personal","item":"https:\/\/api.croghan.bank\/es\/personal\/"},{"@type":"ListItem","position":3,"name":"Pr\u00e9stamos Hipotecarios","item":"https:\/\/api.croghan.bank\/es\/personal\/prestamos-hipotecarios\/"},{"@type":"ListItem","position":4,"name":"FHA y VA"}]},{"@type":"WebSite","@id":"https:\/\/api.croghan.bank\/es\/#website","url":"https:\/\/api.croghan.bank\/es\/","name":"Banco Croghan sin cabeza","description":"","potentialAction":[{"@type":"SearchAction","target":{"@type":"EntryPoint","urlTemplate":"https:\/\/api.croghan.bank\/es\/?s={search_term_string}"},"query-input":{"@type":"PropertyValueSpecification","valueRequired":true,"valueName":"search_term_string"}}],"inLanguage":"es"}]}},"_links":{"self":[{"href":"https:\/\/api.croghan.bank\/es\/wp-json\/wp\/v2\/pages\/4524","targetHints":{"allow":["GET"]}}],"collection":[{"href":"https:\/\/api.croghan.bank\/es\/wp-json\/wp\/v2\/pages"}],"about":[{"href":"https:\/\/api.croghan.bank\/es\/wp-json\/wp\/v2\/types\/page"}],"author":[{"embeddable":true,"href":"https:\/\/api.croghan.bank\/es\/wp-json\/wp\/v2\/users\/1"}],"replies":[{"embeddable":true,"href":"https:\/\/api.croghan.bank\/es\/wp-json\/wp\/v2\/comments?post=4524"}],"version-history":[{"count":1,"href":"https:\/\/api.croghan.bank\/es\/wp-json\/wp\/v2\/pages\/4524\/revisions"}],"predecessor-version":[{"id":7599,"href":"https:\/\/api.croghan.bank\/es\/wp-json\/wp\/v2\/pages\/4524\/revisions\/7599"}],"up":[{"embeddable":true,"href":"https:\/\/api.croghan.bank\/es\/wp-json\/wp\/v2\/pages\/4446"}],"wp:attachment":[{"href":"https:\/\/api.croghan.bank\/es\/wp-json\/wp\/v2\/media?parent=4524"}],"wp:term":[{"taxonomy":"category","embeddable":true,"href":"https:\/\/api.croghan.bank\/es\/wp-json\/wp\/v2\/categories?post=4524"},{"taxonomy":"post_tag","embeddable":true,"href":"https:\/\/api.croghan.bank\/es\/wp-json\/wp\/v2\/tags?post=4524"}],"curies":[{"name":"wp","href":"https:\/\/api.w.org\/{rel}","templated":true}]}}