{"id":4526,"date":"2025-01-15T22:56:30","date_gmt":"2025-01-15T22:56:30","guid":{"rendered":"https:\/\/api.croghan.bank\/personal\/prestamos-hipotecarios\/comprador-de-vivienda-por-primera-vez\/"},"modified":"2026-04-21T19:43:11","modified_gmt":"2026-04-21T19:43:11","slug":"comprador-de-vivienda-por-primera-vez","status":"publish","type":"page","link":"https:\/\/api.croghan.bank\/es\/personal\/prestamos-hipotecarios\/comprador-de-vivienda-por-primera-vez\/","title":{"rendered":"Comprador de vivienda por primera vez"},"content":{"rendered":"","protected":false},"excerpt":{"rendered":"","protected":false},"author":1,"featured_media":0,"parent":4446,"menu_order":0,"comment_status":"closed","ping_status":"closed","template":"","meta":{"_acf_changed":false,"inline_featured_image":false,"footnotes":""},"categories":[],"tags":[],"class_list":["post-4526","page","type-page","status-publish","hentry"],"acf":{"modules":[{"acf_fc_layout":"bread_crumb_nav_hero","title":"<h1>Comprador de vivienda por primera vez<\/h1>","subtitle":"","content":"Comprar su primera casa puede ser un proceso abrumador, especialmente cuando no est\u00e1 seguro de por d\u00f3nde empezar. Con tantas opciones de pr\u00e9stamos y programas disponibles, es natural sentirse inseguro. \u00bfLa buena noticia? Hay una variedad de opciones de pr\u00e9stamos dise\u00f1adas espec\u00edficamente para ayudar a hacer realidad su sue\u00f1o de ser propietario de una vivienda.   ","buttons":[{"button":{"link":{"title":"Aplica hoy","url":"https:\/\/croghancolonialbank.flexapp1003.com\/loanportal\/login","target":"_blank"},"button_style":"solid","button_color":"dBlue","opens_modal":false,"video":null}},{"button":{"link":{"title":"Cont\u00e1ctenos","url":"\/contact-us","target":""},"button_style":"outlined","button_color":"dBlue","opens_modal":false,"video":null}}],"module_anchor_id":"","module_padding_inner":"noPaddingInner","module_spacing_after":"defaultSpacingAfter"},{"acf_fc_layout":"interactive_cards_slider","cards":[{"card_type":"basic","image":4009,"eyebrow":"Pr\u00e9stamos Convencionales","title":"Para un cr\u00e9dito s\u00f3lido","preview_content":"Una excelente opci\u00f3n si tiene un buen puntaje de cr\u00e9dito y puede pagar un pago inicial est\u00e1ndar. Con tasas de inter\u00e9s competitivas, los pr\u00e9stamos convencionales ofrecen flexibilidad para muchos compradores y son perfectos si est\u00e1 financieramente preparado para ser propietario de una vivienda y tiene la capacidad de hacer un pago inicial m\u00e1s grande. ","buttons":null,"flyout_content":{"interactive_flyout_modules":{"interactive_flyout":null}}},{"card_type":"basic","image":4010,"eyebrow":"Pr\u00e9stamos de la FHA","title":"Pago inicial bajo","preview_content":"Hipotecas respaldadas por el gobierno, ideales para compradores primerizos. Con un requisito de pago inicial m\u00e1s bajo (tan bajo como 3.5%), estos pr\u00e9stamos son una excelente opci\u00f3n para aquellos con puntajes de cr\u00e9dito m\u00e1s bajos o ahorros limitados. Si reci\u00e9n est\u00e1 comenzando su viaje como propietario de vivienda, un pr\u00e9stamo de la FHA podr\u00eda ayudar a que el proceso sea m\u00e1s accesible.  ","buttons":null,"flyout_content":{"interactive_flyout_modules":{"interactive_flyout":null}}},{"card_type":"basic","image":4011,"eyebrow":"Pr\u00e9stamos VA","title":"Para los veteranos","preview_content":"Disponible para miembros actuales y anteriores del servicio, que ofrece financiamiento del 100% sin pago inicial y tasas competitivas. Si eres elegible, este tipo de pr\u00e9stamo puede ser una oportunidad incre\u00edble para comprar tu primera casa sin la carga financiera de un gran costo inicial. ","buttons":null,"flyout_content":{"interactive_flyout_modules":{"interactive_flyout":null}}},{"card_type":"basic","image":4012,"eyebrow":"Pr\u00e9stamos de Desarrollo Rural del USDA","title":"Zonas Rurales","preview_content":"Dise\u00f1ado para compradores que compran viviendas en \u00e1reas rurales elegibles. Estos pr\u00e9stamos no requieren pago inicial y ofrecen tasas de inter\u00e9s bajas, lo que los convierte en una excelente opci\u00f3n para compradores primerizos con recursos financieros limitados que desean establecerse en comunidades rurales. ","buttons":null,"flyout_content":{"interactive_flyout_modules":{"interactive_flyout":null}}}],"card_image_alignment":"imageRight","module_anchor_id":"","module_padding_inner":"noPaddingInner","module_spacing_after":"defaultSpacingAfter"},{"acf_fc_layout":"floating_cards","eyebrow":"","title":"<h2>Nuestra Dedicaci\u00f3n a Nuestros Clientes<\/h2>","content":"Nos dedicamos a ayudarlo a navegar el proceso de compra de una vivienda con facilidad y confianza. Nuestro compromiso con el servicio personalizado significa que estaremos a su lado en cada paso. Ya sea que est\u00e9 explorando opciones de pr\u00e9stamo o prepar\u00e1ndose para el d\u00eda de cierre, puede confiar en nosotros para obtener orientaci\u00f3n y apoyo de expertos.  ","buttons":null,"cards_alignment":"cardsRight","card_style_type":"cardTypeBasic","floating_cards":[{"icon":3712,"icon_dark_mode":4364,"eyebrow":"","title":"<h3>Orientaci\u00f3n experta<\/h3>","description":"","image":null,"link":null},{"icon":3705,"icon_dark_mode":4376,"eyebrow":"","title":"<h3>Opciones de pr\u00e9stamo a medida<\/h3>","description":"","image":null,"link":null},{"icon":3713,"icon_dark_mode":4386,"eyebrow":"","title":"<h3>Conocimiento local<\/h3>","description":"","image":null,"link":null},{"icon":3679,"icon_dark_mode":4385,"eyebrow":"","title":"<h3>Soporte Personalizado<\/h3>","description":"","image":null,"link":null}],"module_background_style":"accentTriangle","module_anchor_id":"","module_padding_inner":"noPaddingInner","module_spacing_after":"defaultSpacingAfter"},{"acf_fc_layout":"content_card_pattern_accent","image":4013,"eyebrow":"","title":"<h2>Conceptos b\u00e1sicos para la compra de una vivienda<\/h2>","content":"Comprar una casa es una gran decisi\u00f3n. Con la ayuda de su Agente de Bienes Ra\u00edces y Oficial de Pr\u00e9stamos Hipotecarios, puede ser un proceso sencillo. \n\n<strong>Cuente con su agente inmobiliario para<\/strong>:\n\nMuestre las casas adecuadas y negocie con su carta de Pre-Aprobaci\u00f3n.\n\n<strong>Cuente con su oficial de pr\u00e9stamos hipotecarios para<\/strong>:\n\nAyudarlo a elegir el pr\u00e9stamo adecuado, mantenerlo actualizado y obtener las mejores tasas.\n\n<strong>Cuente con usted para<\/strong>:\n\nMant\u00e9ngase en contacto, proporcione documentos r\u00e1pidamente, tome decisiones objetivas y obtenga una aprobaci\u00f3n previa temprano.","buttons":null,"disclaimer":"","module_image_alignment":"imageLeft","module_card_background_color":"cardBackgroundWhite","module_anchor_id":"","module_padding_inner":"paddingInnerBottom","module_spacing_after":"compactSpacingAfter"},{"acf_fc_layout":"floating_cards","eyebrow":"","title":"<h2>Lo que puedes esperar de Croghan<\/h2>","content":"Cuando elige Croghan Colonial Bank para su pr\u00e9stamo hipotecario, se est\u00e1 asociando con un prestamista de confianza comprometido con su \u00e9xito.","buttons":null,"cards_alignment":"cardsRight","card_style_type":"cardTypeBasic","floating_cards":[{"icon":3675,"icon_dark_mode":4352,"eyebrow":"","title":"<h3>Proceso simple y transparente<\/h3>","description":"Lo guiaremos a trav\u00e9s de cada paso de la solicitud, asegur\u00e1ndonos de que comprenda el proceso y se sienta seguro de sus decisiones.","image":null,"link":null},{"icon":3717,"icon_dark_mode":4380,"eyebrow":"","title":"<h3>Soporte Personalizado<\/h3>","description":"Desde la solicitud hasta el cierre, ofrecemos orientaci\u00f3n personalizada para garantizar una experiencia fluida y exitosa.","image":null,"link":null},{"icon":3719,"icon_dark_mode":4354,"eyebrow":"","title":"<h3>Experiencia local<\/h3>","description":"Con un s\u00f3lido conocimiento del mercado local, le brindamos el apoyo que necesita para tomar las mejores decisiones para su futuro financiero.","image":null,"link":null}],"module_background_style":"accentTriangle","module_anchor_id":"","module_padding_inner":"noPaddingInner","module_spacing_after":"defaultSpacingAfter"},{"acf_fc_layout":"content_card_pattern_accent","image":4014,"eyebrow":"","title":"<h2>Solicite su pr\u00e9stamo hoy mismo<\/h2>","content":"\u00bfListo para dar el siguiente paso hacia la propiedad de una vivienda? Nuestro sencillo proceso de solicitud hace que sea f\u00e1cil comenzar. Solicite en l\u00ednea, visite una de nuestras oficinas o cont\u00e1ctenos para explorar opciones de financiamiento que se adapten a sus necesidades.  ","buttons":[{"button":{"link":{"title":"Aplica hoy","url":"http:\/\/croghancolonialbank.flexapp1003.com\/loanportal\/","target":"_blank"},"button_style":"solid","button_color":"dBlue","opens_modal":false,"video":null}},{"button":{"link":{"title":"Cont\u00e1ctenos","url":"\/contact-us","target":""},"button_style":"outlined","button_color":"dBlue","opens_modal":false,"video":null}}],"disclaimer":"","module_image_alignment":"imageLeft","module_card_background_color":"cardBackgroundGrey","module_anchor_id":"","module_padding_inner":"paddingInnerBottom","module_spacing_after":"compactSpacingAfter"},{"acf_fc_layout":"accordion","eyebrow":null,"accordion_items":null,"module_anchor_id":null,"module_padding_inner":null,"module_spacing_after":null},{"acf_fc_layout":"location_pre_footer","module_anchor_id":"","module_padding_inner":"noPaddingInner","module_spacing_after":"noSpacingAfter"}]},"yoast_head":"<!-- This site is optimized with the Yoast SEO plugin v27.5 - https:\/\/yoast.com\/product\/yoast-seo-wordpress\/ -->\n<title>Pr\u00e9stamo para compradores de vivienda por primera vez | Banco Colonial Croghan<\/title>\n<meta name=\"description\" content=\"\u00bfTe vas a convertir en un propietario primerizo? Croghan ofrece pr\u00e9stamos para compradores primerizos con bajo pago inicial, con suscripci\u00f3n local y apoyo paso a paso de un asesor real.\" \/>\n<meta name=\"robots\" content=\"noindex, follow, max-snippet:-1, max-image-preview:large, max-video-preview:-1\" \/>\n<meta property=\"og:locale\" content=\"es_ES\" \/>\n<meta property=\"og:type\" content=\"article\" \/>\n<meta property=\"og:title\" content=\"Pr\u00e9stamo para compradores de vivienda por primera vez | Banco Colonial Croghan\" \/>\n<meta property=\"og:description\" content=\"\u00bfTe vas a convertir en un propietario primerizo? Croghan ofrece pr\u00e9stamos para compradores primerizos con bajo pago inicial, con suscripci\u00f3n local y apoyo paso a paso de un asesor real.\" \/>\n<meta property=\"og:url\" content=\"https:\/\/api.croghan.bank\/es\/personal\/prestamos-hipotecarios\/comprador-de-vivienda-por-primera-vez\/\" \/>\n<meta property=\"og:site_name\" content=\"Banco Croghan sin cabeza\" \/>\n<meta property=\"article:modified_time\" content=\"2026-04-21T19:43:11+00:00\" \/>\n<meta name=\"twitter:card\" content=\"summary_large_image\" \/>\n<script type=\"application\/ld+json\" class=\"yoast-schema-graph\">{\"@context\":\"https:\\\/\\\/schema.org\",\"@graph\":[{\"@type\":\"WebPage\",\"@id\":\"https:\\\/\\\/api.croghan.bank\\\/es\\\/personal\\\/prestamos-hipotecarios\\\/comprador-de-vivienda-por-primera-vez\\\/\",\"url\":\"https:\\\/\\\/api.croghan.bank\\\/es\\\/personal\\\/prestamos-hipotecarios\\\/comprador-de-vivienda-por-primera-vez\\\/\",\"name\":\"Pr\u00e9stamo para compradores de vivienda por primera vez | Banco Colonial Croghan\",\"isPartOf\":{\"@id\":\"https:\\\/\\\/api.croghan.bank\\\/es\\\/#website\"},\"datePublished\":\"2025-01-15T22:56:30+00:00\",\"dateModified\":\"2026-04-21T19:43:11+00:00\",\"description\":\"\u00bfTe vas a convertir en un propietario primerizo? Croghan ofrece pr\u00e9stamos para compradores primerizos con bajo pago inicial, con suscripci\u00f3n local y apoyo paso a paso de un asesor real.\",\"breadcrumb\":{\"@id\":\"https:\\\/\\\/api.croghan.bank\\\/es\\\/personal\\\/prestamos-hipotecarios\\\/comprador-de-vivienda-por-primera-vez\\\/#breadcrumb\"},\"inLanguage\":\"es\",\"potentialAction\":[{\"@type\":\"ReadAction\",\"target\":[\"https:\\\/\\\/api.croghan.bank\\\/es\\\/personal\\\/prestamos-hipotecarios\\\/comprador-de-vivienda-por-primera-vez\\\/\"]}]},{\"@type\":\"BreadcrumbList\",\"@id\":\"https:\\\/\\\/api.croghan.bank\\\/es\\\/personal\\\/prestamos-hipotecarios\\\/comprador-de-vivienda-por-primera-vez\\\/#breadcrumb\",\"itemListElement\":[{\"@type\":\"ListItem\",\"position\":1,\"name\":\"Hogar\",\"item\":\"https:\\\/\\\/api.croghan.bank\\\/es\\\/\"},{\"@type\":\"ListItem\",\"position\":2,\"name\":\"Personal\",\"item\":\"https:\\\/\\\/api.croghan.bank\\\/es\\\/personal\\\/\"},{\"@type\":\"ListItem\",\"position\":3,\"name\":\"Pr\u00e9stamos Hipotecarios\",\"item\":\"https:\\\/\\\/api.croghan.bank\\\/es\\\/personal\\\/prestamos-hipotecarios\\\/\"},{\"@type\":\"ListItem\",\"position\":4,\"name\":\"Comprador de vivienda por primera vez\"}]},{\"@type\":\"WebSite\",\"@id\":\"https:\\\/\\\/api.croghan.bank\\\/es\\\/#website\",\"url\":\"https:\\\/\\\/api.croghan.bank\\\/es\\\/\",\"name\":\"Banco Croghan sin cabeza\",\"description\":\"\",\"potentialAction\":[{\"@type\":\"SearchAction\",\"target\":{\"@type\":\"EntryPoint\",\"urlTemplate\":\"https:\\\/\\\/api.croghan.bank\\\/es\\\/?s={search_term_string}\"},\"query-input\":{\"@type\":\"PropertyValueSpecification\",\"valueRequired\":true,\"valueName\":\"search_term_string\"}}],\"inLanguage\":\"es\"}]}<\/script>\n<!-- \/ Yoast SEO plugin. -->","yoast_head_json":{"title":"Pr\u00e9stamo para compradores de vivienda por primera vez | Banco Colonial Croghan","description":"\u00bfTe vas a convertir en un propietario primerizo? Croghan ofrece pr\u00e9stamos para compradores primerizos con bajo pago inicial, con suscripci\u00f3n local y apoyo paso a paso de un asesor real.","robots":{"index":"noindex","follow":"follow","max-snippet":"max-snippet:-1","max-image-preview":"max-image-preview:large","max-video-preview":"max-video-preview:-1"},"og_locale":"es_ES","og_type":"article","og_title":"Pr\u00e9stamo para compradores de vivienda por primera vez | Banco Colonial Croghan","og_description":"\u00bfTe vas a convertir en un propietario primerizo? Croghan ofrece pr\u00e9stamos para compradores primerizos con bajo pago inicial, con suscripci\u00f3n local y apoyo paso a paso de un asesor real.","og_url":"https:\/\/api.croghan.bank\/es\/personal\/prestamos-hipotecarios\/comprador-de-vivienda-por-primera-vez\/","og_site_name":"Banco Croghan sin cabeza","article_modified_time":"2026-04-21T19:43:11+00:00","twitter_card":"summary_large_image","schema":{"@context":"https:\/\/schema.org","@graph":[{"@type":"WebPage","@id":"https:\/\/api.croghan.bank\/es\/personal\/prestamos-hipotecarios\/comprador-de-vivienda-por-primera-vez\/","url":"https:\/\/api.croghan.bank\/es\/personal\/prestamos-hipotecarios\/comprador-de-vivienda-por-primera-vez\/","name":"Pr\u00e9stamo para compradores de vivienda por primera vez | Banco Colonial Croghan","isPartOf":{"@id":"https:\/\/api.croghan.bank\/es\/#website"},"datePublished":"2025-01-15T22:56:30+00:00","dateModified":"2026-04-21T19:43:11+00:00","description":"\u00bfTe vas a convertir en un propietario primerizo? Croghan ofrece pr\u00e9stamos para compradores primerizos con bajo pago inicial, con suscripci\u00f3n local y apoyo paso a paso de un asesor real.","breadcrumb":{"@id":"https:\/\/api.croghan.bank\/es\/personal\/prestamos-hipotecarios\/comprador-de-vivienda-por-primera-vez\/#breadcrumb"},"inLanguage":"es","potentialAction":[{"@type":"ReadAction","target":["https:\/\/api.croghan.bank\/es\/personal\/prestamos-hipotecarios\/comprador-de-vivienda-por-primera-vez\/"]}]},{"@type":"BreadcrumbList","@id":"https:\/\/api.croghan.bank\/es\/personal\/prestamos-hipotecarios\/comprador-de-vivienda-por-primera-vez\/#breadcrumb","itemListElement":[{"@type":"ListItem","position":1,"name":"Hogar","item":"https:\/\/api.croghan.bank\/es\/"},{"@type":"ListItem","position":2,"name":"Personal","item":"https:\/\/api.croghan.bank\/es\/personal\/"},{"@type":"ListItem","position":3,"name":"Pr\u00e9stamos Hipotecarios","item":"https:\/\/api.croghan.bank\/es\/personal\/prestamos-hipotecarios\/"},{"@type":"ListItem","position":4,"name":"Comprador de vivienda por primera vez"}]},{"@type":"WebSite","@id":"https:\/\/api.croghan.bank\/es\/#website","url":"https:\/\/api.croghan.bank\/es\/","name":"Banco Croghan sin cabeza","description":"","potentialAction":[{"@type":"SearchAction","target":{"@type":"EntryPoint","urlTemplate":"https:\/\/api.croghan.bank\/es\/?s={search_term_string}"},"query-input":{"@type":"PropertyValueSpecification","valueRequired":true,"valueName":"search_term_string"}}],"inLanguage":"es"}]}},"_links":{"self":[{"href":"https:\/\/api.croghan.bank\/es\/wp-json\/wp\/v2\/pages\/4526","targetHints":{"allow":["GET"]}}],"collection":[{"href":"https:\/\/api.croghan.bank\/es\/wp-json\/wp\/v2\/pages"}],"about":[{"href":"https:\/\/api.croghan.bank\/es\/wp-json\/wp\/v2\/types\/page"}],"author":[{"embeddable":true,"href":"https:\/\/api.croghan.bank\/es\/wp-json\/wp\/v2\/users\/1"}],"replies":[{"embeddable":true,"href":"https:\/\/api.croghan.bank\/es\/wp-json\/wp\/v2\/comments?post=4526"}],"version-history":[{"count":1,"href":"https:\/\/api.croghan.bank\/es\/wp-json\/wp\/v2\/pages\/4526\/revisions"}],"predecessor-version":[{"id":7606,"href":"https:\/\/api.croghan.bank\/es\/wp-json\/wp\/v2\/pages\/4526\/revisions\/7606"}],"up":[{"embeddable":true,"href":"https:\/\/api.croghan.bank\/es\/wp-json\/wp\/v2\/pages\/4446"}],"wp:attachment":[{"href":"https:\/\/api.croghan.bank\/es\/wp-json\/wp\/v2\/media?parent=4526"}],"wp:term":[{"taxonomy":"category","embeddable":true,"href":"https:\/\/api.croghan.bank\/es\/wp-json\/wp\/v2\/categories?post=4526"},{"taxonomy":"post_tag","embeddable":true,"href":"https:\/\/api.croghan.bank\/es\/wp-json\/wp\/v2\/tags?post=4526"}],"curies":[{"name":"wp","href":"https:\/\/api.w.org\/{rel}","templated":true}]}}