{"id":4527,"date":"2025-01-16T20:27:01","date_gmt":"2025-01-16T20:27:01","guid":{"rendered":"https:\/\/api.croghan.bank\/sobre-nosotros\/testimonios\/"},"modified":"2026-04-21T19:42:49","modified_gmt":"2026-04-21T19:42:49","slug":"testimonios","status":"publish","type":"page","link":"https:\/\/api.croghan.bank\/es\/sobre-nosotros\/testimonios\/","title":{"rendered":"Testimonios"},"content":{"rendered":"","protected":false},"excerpt":{"rendered":"","protected":false},"author":1,"featured_media":0,"parent":4470,"menu_order":0,"comment_status":"closed","ping_status":"closed","template":"","meta":{"_acf_changed":false,"inline_featured_image":false,"footnotes":""},"categories":[],"tags":[],"class_list":["post-4527","page","type-page","status-publish","hentry"],"acf":{"modules":[{"acf_fc_layout":"bread_crumb_nav_hero","title":"<h1>Testimonios de clientes<\/h1>","subtitle":"","content":"En Croghan, nos enorgullecemos de nuestro compromiso con la satisfacci\u00f3n del cliente. Pero no se f\u00ede solo de nuestra palabra: vea por qu\u00e9 tantos clientes conf\u00edan y disfrutan trabajando con Croghan y nuestro equipo dedicado. ","buttons":null,"module_anchor_id":"","module_padding_inner":"noPaddingInner","module_spacing_after":"defaultSpacingAfter"},{"acf_fc_layout":"testimonials_listing","module_anchor_id":"","module_padding_inner":"noPaddingInner","module_spacing_after":"defaultSpacingAfter"},{"acf_fc_layout":"location_pre_footer","module_anchor_id":"","module_padding_inner":"noPaddingInner","module_spacing_after":"noSpacingAfter"}]},"yoast_head":"<!-- This site is optimized with the Yoast SEO plugin v27.5 - https:\/\/yoast.com\/product\/yoast-seo-wordpress\/ -->\n<title>Testimonios de clientes | Banco Colonial Croghan<\/title>\n<meta name=\"description\" content=\"Historias reales de clientes de Croghan \u2014 empresas de Ohio como JupMode, Westview Veterinary, SERVPRO y Thomas Steel comparten por qu\u00e9 tienen banca local.\" \/>\n<meta name=\"robots\" content=\"noindex, follow, max-snippet:-1, max-image-preview:large, max-video-preview:-1\" \/>\n<meta property=\"og:locale\" content=\"es_ES\" \/>\n<meta property=\"og:type\" content=\"article\" \/>\n<meta property=\"og:title\" content=\"Testimonios de clientes | Banco Colonial Croghan\" \/>\n<meta property=\"og:description\" content=\"Historias reales de clientes de Croghan \u2014 empresas de Ohio como JupMode, Westview Veterinary, SERVPRO y Thomas Steel comparten por qu\u00e9 tienen banca local.\" \/>\n<meta property=\"og:url\" content=\"https:\/\/api.croghan.bank\/es\/sobre-nosotros\/testimonios\/\" \/>\n<meta property=\"og:site_name\" content=\"Banco Croghan sin cabeza\" \/>\n<meta property=\"article:modified_time\" content=\"2026-04-21T19:42:49+00:00\" \/>\n<meta name=\"twitter:card\" content=\"summary_large_image\" \/>\n<script type=\"application\/ld+json\" class=\"yoast-schema-graph\">{\"@context\":\"https:\\\/\\\/schema.org\",\"@graph\":[{\"@type\":\"WebPage\",\"@id\":\"https:\\\/\\\/api.croghan.bank\\\/es\\\/sobre-nosotros\\\/testimonios\\\/\",\"url\":\"https:\\\/\\\/api.croghan.bank\\\/es\\\/sobre-nosotros\\\/testimonios\\\/\",\"name\":\"Testimonios de clientes | Banco Colonial Croghan\",\"isPartOf\":{\"@id\":\"https:\\\/\\\/api.croghan.bank\\\/es\\\/#website\"},\"datePublished\":\"2025-01-16T20:27:01+00:00\",\"dateModified\":\"2026-04-21T19:42:49+00:00\",\"description\":\"Historias reales de clientes de Croghan \u2014 empresas de Ohio como JupMode, Westview Veterinary, SERVPRO y Thomas Steel comparten por qu\u00e9 tienen banca local.\",\"breadcrumb\":{\"@id\":\"https:\\\/\\\/api.croghan.bank\\\/es\\\/sobre-nosotros\\\/testimonios\\\/#breadcrumb\"},\"inLanguage\":\"es\",\"potentialAction\":[{\"@type\":\"ReadAction\",\"target\":[\"https:\\\/\\\/api.croghan.bank\\\/es\\\/sobre-nosotros\\\/testimonios\\\/\"]}]},{\"@type\":\"BreadcrumbList\",\"@id\":\"https:\\\/\\\/api.croghan.bank\\\/es\\\/sobre-nosotros\\\/testimonios\\\/#breadcrumb\",\"itemListElement\":[{\"@type\":\"ListItem\",\"position\":1,\"name\":\"Hogar\",\"item\":\"https:\\\/\\\/api.croghan.bank\\\/es\\\/\"},{\"@type\":\"ListItem\",\"position\":2,\"name\":\"Sobre nosotros\",\"item\":\"https:\\\/\\\/api.croghan.bank\\\/es\\\/sobre-nosotros\\\/\"},{\"@type\":\"ListItem\",\"position\":3,\"name\":\"Testimonios\"}]},{\"@type\":\"WebSite\",\"@id\":\"https:\\\/\\\/api.croghan.bank\\\/es\\\/#website\",\"url\":\"https:\\\/\\\/api.croghan.bank\\\/es\\\/\",\"name\":\"Banco Croghan sin cabeza\",\"description\":\"\",\"potentialAction\":[{\"@type\":\"SearchAction\",\"target\":{\"@type\":\"EntryPoint\",\"urlTemplate\":\"https:\\\/\\\/api.croghan.bank\\\/es\\\/?s={search_term_string}\"},\"query-input\":{\"@type\":\"PropertyValueSpecification\",\"valueRequired\":true,\"valueName\":\"search_term_string\"}}],\"inLanguage\":\"es\"}]}<\/script>\n<!-- \/ Yoast SEO plugin. -->","yoast_head_json":{"title":"Testimonios de clientes | Banco Colonial Croghan","description":"Historias reales de clientes de Croghan \u2014 empresas de Ohio como JupMode, Westview Veterinary, SERVPRO y Thomas Steel comparten por qu\u00e9 tienen banca local.","robots":{"index":"noindex","follow":"follow","max-snippet":"max-snippet:-1","max-image-preview":"max-image-preview:large","max-video-preview":"max-video-preview:-1"},"og_locale":"es_ES","og_type":"article","og_title":"Testimonios de clientes | Banco Colonial Croghan","og_description":"Historias reales de clientes de Croghan \u2014 empresas de Ohio como JupMode, Westview Veterinary, SERVPRO y Thomas Steel comparten por qu\u00e9 tienen banca local.","og_url":"https:\/\/api.croghan.bank\/es\/sobre-nosotros\/testimonios\/","og_site_name":"Banco Croghan sin cabeza","article_modified_time":"2026-04-21T19:42:49+00:00","twitter_card":"summary_large_image","schema":{"@context":"https:\/\/schema.org","@graph":[{"@type":"WebPage","@id":"https:\/\/api.croghan.bank\/es\/sobre-nosotros\/testimonios\/","url":"https:\/\/api.croghan.bank\/es\/sobre-nosotros\/testimonios\/","name":"Testimonios de clientes | Banco Colonial Croghan","isPartOf":{"@id":"https:\/\/api.croghan.bank\/es\/#website"},"datePublished":"2025-01-16T20:27:01+00:00","dateModified":"2026-04-21T19:42:49+00:00","description":"Historias reales de clientes de Croghan \u2014 empresas de Ohio como JupMode, Westview Veterinary, SERVPRO y Thomas Steel comparten por qu\u00e9 tienen banca local.","breadcrumb":{"@id":"https:\/\/api.croghan.bank\/es\/sobre-nosotros\/testimonios\/#breadcrumb"},"inLanguage":"es","potentialAction":[{"@type":"ReadAction","target":["https:\/\/api.croghan.bank\/es\/sobre-nosotros\/testimonios\/"]}]},{"@type":"BreadcrumbList","@id":"https:\/\/api.croghan.bank\/es\/sobre-nosotros\/testimonios\/#breadcrumb","itemListElement":[{"@type":"ListItem","position":1,"name":"Hogar","item":"https:\/\/api.croghan.bank\/es\/"},{"@type":"ListItem","position":2,"name":"Sobre nosotros","item":"https:\/\/api.croghan.bank\/es\/sobre-nosotros\/"},{"@type":"ListItem","position":3,"name":"Testimonios"}]},{"@type":"WebSite","@id":"https:\/\/api.croghan.bank\/es\/#website","url":"https:\/\/api.croghan.bank\/es\/","name":"Banco Croghan sin cabeza","description":"","potentialAction":[{"@type":"SearchAction","target":{"@type":"EntryPoint","urlTemplate":"https:\/\/api.croghan.bank\/es\/?s={search_term_string}"},"query-input":{"@type":"PropertyValueSpecification","valueRequired":true,"valueName":"search_term_string"}}],"inLanguage":"es"}]}},"_links":{"self":[{"href":"https:\/\/api.croghan.bank\/es\/wp-json\/wp\/v2\/pages\/4527","targetHints":{"allow":["GET"]}}],"collection":[{"href":"https:\/\/api.croghan.bank\/es\/wp-json\/wp\/v2\/pages"}],"about":[{"href":"https:\/\/api.croghan.bank\/es\/wp-json\/wp\/v2\/types\/page"}],"author":[{"embeddable":true,"href":"https:\/\/api.croghan.bank\/es\/wp-json\/wp\/v2\/users\/1"}],"replies":[{"embeddable":true,"href":"https:\/\/api.croghan.bank\/es\/wp-json\/wp\/v2\/comments?post=4527"}],"version-history":[{"count":1,"href":"https:\/\/api.croghan.bank\/es\/wp-json\/wp\/v2\/pages\/4527\/revisions"}],"predecessor-version":[{"id":7569,"href":"https:\/\/api.croghan.bank\/es\/wp-json\/wp\/v2\/pages\/4527\/revisions\/7569"}],"up":[{"embeddable":true,"href":"https:\/\/api.croghan.bank\/es\/wp-json\/wp\/v2\/pages\/4470"}],"wp:attachment":[{"href":"https:\/\/api.croghan.bank\/es\/wp-json\/wp\/v2\/media?parent=4527"}],"wp:term":[{"taxonomy":"category","embeddable":true,"href":"https:\/\/api.croghan.bank\/es\/wp-json\/wp\/v2\/categories?post=4527"},{"taxonomy":"post_tag","embeddable":true,"href":"https:\/\/api.croghan.bank\/es\/wp-json\/wp\/v2\/tags?post=4527"}],"curies":[{"name":"wp","href":"https:\/\/api.w.org\/{rel}","templated":true}]}}