{"id":4528,"date":"2025-01-15T22:57:25","date_gmt":"2025-01-15T22:57:25","guid":{"rendered":"https:\/\/api.croghan.bank\/personal\/prestamos-hipotecarios\/construccion\/"},"modified":"2026-04-21T19:43:07","modified_gmt":"2026-04-21T19:43:07","slug":"construccion","status":"publish","type":"page","link":"https:\/\/api.croghan.bank\/es\/personal\/prestamos-hipotecarios\/construccion\/","title":{"rendered":"Construcci\u00f3n"},"content":{"rendered":"","protected":false},"excerpt":{"rendered":"","protected":false},"author":1,"featured_media":0,"parent":4446,"menu_order":0,"comment_status":"closed","ping_status":"closed","template":"","meta":{"_acf_changed":false,"inline_featured_image":false,"footnotes":""},"categories":[],"tags":[],"class_list":["post-4528","page","type-page","status-publish","hentry"],"acf":{"modules":[{"acf_fc_layout":"bread_crumb_nav_hero","title":"<h1>Programa de Pr\u00e9stamos para la Construcci\u00f3n<\/h1>","subtitle":"","content":"Construir una casa es emocionante, pero financiarla no deber\u00eda ser complicado. El Pr\u00e9stamo de Construcci\u00f3n de Cierre \u00danico de Croghan Colonial Bank agiliza el proceso al combinar la construcci\u00f3n y el financiamiento permanente en un solo pr\u00e9stamo. Eso significa una solicitud, un conjunto de costos de cierre y una transici\u00f3n suave de la construcci\u00f3n a la hipoteca, lo que le permite ahorrar tiempo y dinero.  ","buttons":[{"button":{"link":{"title":"Aplicar en l\u00ednea","url":"https:\/\/croghancolonialbank.flexapp1003.com\/loanportal\/login","target":"_blank"},"button_style":"solid","button_color":"dBlue","opens_modal":false,"video":null}},{"button":{"link":{"title":"Cont\u00e1ctenos","url":"\/contact-us","target":""},"button_style":"outlined","button_color":"dBlue","opens_modal":false,"video":null}}],"module_anchor_id":"","module_padding_inner":"noPaddingInner","module_spacing_after":"defaultSpacingAfter"},{"acf_fc_layout":"floating_cards","eyebrow":"","title":"<h2>Caracter\u00edsticas de los pr\u00e9stamos para la construcci\u00f3n<\/h2>","content":"Nuestro Pr\u00e9stamo de Construcci\u00f3n de Cierre \u00danico est\u00e1 dise\u00f1ado para simplificar el proceso de construcci\u00f3n de viviendas con estos beneficios:","buttons":null,"cards_alignment":"cardsRight","card_style_type":"cardTypeBasic","floating_cards":[{"icon":"","icon_dark_mode":"","eyebrow":"","title":"<h3>Cierre por \u00fanica vez<\/h3>","description":"Sin necesidad de m\u00faltiples pr\u00e9stamos o papeleo adicional. Un pr\u00e9stamo cubre tanto la construcci\u00f3n como el financiamiento hipotecario. ","image":null,"link":null},{"icon":"","icon_dark_mode":"","eyebrow":"","title":"<h3>Per\u00edodos de construcci\u00f3n de 9 y 12 meses<\/h3>","description":"Disfruta de tiempo de sobra para completar tu construcci\u00f3n.","image":null,"link":null},{"icon":"","icon_dark_mode":"","eyebrow":"","title":"<h3>Hasta un 95% de relaci\u00f3n pr\u00e9stamo-valor<\/h3>","description":"Obtenga financiamiento de hasta el 95% del valor de la vivienda (es posible que se requiera un seguro hipotecario privado).","image":null,"link":null},{"icon":"","icon_dark_mode":"","eyebrow":"","title":"<h3>Aplicable para construcciones completas y renovaciones<\/h3>","description":"Podemos ayudarlo, ya sea que est\u00e9 construyendo desde cero o renovando una casa existente.","image":null,"link":null},{"icon":"","icon_dark_mode":"","eyebrow":"","title":"<h3>Pagos de solo intereses durante la construcci\u00f3n<\/h3>","description":"Mantenga los pagos manejables mientras se construye su casa.","image":null,"link":null},{"icon":"","icon_dark_mode":"","eyebrow":"","title":"<h3>Las autoconstrucciones no son elegibles para este programa<\/h3>","description":"","image":null,"link":null},{"icon":"","icon_dark_mode":"","eyebrow":"","title":"<h3>T\u00e9rminos de pr\u00e9stamo flexibles<\/h3>","description":"Elija entre una variedad de opciones de hipotecas de tasa ajustable (ARM, por sus siglas en ingl\u00e9s) que se adapten a sus objetivos financieros.","image":null,"link":null}],"module_background_style":"solidColorBlue","module_anchor_id":"","module_padding_inner":"noPaddingInner","module_spacing_after":"noSpacingAfter"},{"acf_fc_layout":"full_width_media","media_type":"image","image":4015,"video":null,"video_youtube":"","video_poster_image":null,"module_upper_half_background_color":"blue","module_lower_half_background_color":"white","module_anchor_id":"","module_padding_inner":"noPaddingInner","module_spacing_after":"compactSpacingAfter"},{"acf_fc_layout":"floating_cards","eyebrow":"","title":"<h2>Lo que puedes esperar de Croghan<\/h2>","content":"En Croghan, entendemos el proceso de construcci\u00f3n de una casa y estamos aqu\u00ed para guiarlo en cada paso del camino.","buttons":null,"cards_alignment":"cardsLeft","card_style_type":"cardTypeBasic","floating_cards":[{"icon":"","icon_dark_mode":"","eyebrow":"","title":"<h3>Un Proceso de Pr\u00e9stamo Simplificado<\/h3>","description":"Con una solicitud y un cierre, hacemos que el financiamiento sea sencillo, sin tener que hacer malabarismos con varios pr\u00e9stamos o sorpresas inesperadas. Nuestro equipo trabaja en estrecha colaboraci\u00f3n con usted para garantizar una experiencia fluida y sin estr\u00e9s de principio a fin. ","image":null,"link":null},{"icon":"","icon_dark_mode":"","eyebrow":"","title":"<h3>F\u00e1cil acceso a los fondos<\/h3>","description":"En lugar de recibir una suma global, los fondos se desembolsan en etapas, aline\u00e1ndose con los hitos clave de la construcci\u00f3n. Esto mantiene los pagos flexibles y garantiza que su constructor tenga la financiaci\u00f3n necesaria en el momento adecuado. ","image":null,"link":null},{"icon":"","icon_dark_mode":"","eyebrow":"","title":"<h3>Apoyo y orientaci\u00f3n de expertos<\/h3>","description":"Desde la preaprobaci\u00f3n hasta la conversi\u00f3n final del pr\u00e9stamo, nuestros expertos en hipotecas lo ayudan a navegar por el financiamiento, responder preguntas y mantener su proyecto en marcha.","image":null,"link":null}],"module_background_style":"accentTriangle","module_anchor_id":"","module_padding_inner":"noPaddingInner","module_spacing_after":"noSpacingAfter"},{"acf_fc_layout":"content_card_pattern_accent","image":4016,"eyebrow":"","title":"<h2>D\u00e9 el primer paso hacia la casa de sus sue\u00f1os<\/h2>","content":"Comenzar su viaje de construcci\u00f3n de viviendas nunca ha sido tan f\u00e1cil. Una aplicaci\u00f3n, un conjunto de costos de cierre y opciones de pago flexibles garantizan un proceso fluido y sin complicaciones de principio a fin. Comencemos hoy: presente su solicitud en l\u00ednea o con\u00e9ctese con uno de nuestros expertos en hipotecas para explorar sus opciones de financiamiento.  ","buttons":[{"button":{"link":{"title":"Aplicar en l\u00ednea","url":"http:\/\/croghancolonialbank.flexapp1003.com\/loanportal\/","target":"_blank"},"button_style":"solid","button_color":"dBlue","opens_modal":false,"video":null}},{"button":{"link":{"title":"Cont\u00e1ctenos","url":"\/contact-us","target":""},"button_style":"outlined","button_color":"dBlue","opens_modal":false,"video":null}}],"disclaimer":"","module_image_alignment":"imageLeft","module_card_background_color":"cardBackgroundGrey","module_anchor_id":"","module_padding_inner":"noPaddingInner","module_spacing_after":"compactSpacingAfter"},{"acf_fc_layout":"accordion","eyebrow":null,"accordion_items":null,"module_anchor_id":null,"module_padding_inner":null,"module_spacing_after":null},{"acf_fc_layout":"location_pre_footer","module_anchor_id":"","module_padding_inner":"noPaddingInner","module_spacing_after":"noSpacingAfter"}]},"yoast_head":"<!-- This site is optimized with the Yoast SEO plugin v27.5 - https:\/\/yoast.com\/product\/yoast-seo-wordpress\/ -->\n<title>Pr\u00e9stamo para la construcci\u00f3n de viviendas | Banco Colonial Croghan<\/title>\n<meta name=\"description\" content=\"Construye tu nueva casa con un pr\u00e9stamo para construcci\u00f3n Croghan. Cierre \u00fanico, calendarios flexibles de retiradas y orientaci\u00f3n de un prestamista de Ohio que conoce a los constructores.\" \/>\n<meta name=\"robots\" content=\"noindex, follow, max-snippet:-1, max-image-preview:large, max-video-preview:-1\" \/>\n<meta property=\"og:locale\" content=\"es_ES\" \/>\n<meta property=\"og:type\" content=\"article\" \/>\n<meta property=\"og:title\" content=\"Pr\u00e9stamo para la construcci\u00f3n de viviendas | Banco Colonial Croghan\" \/>\n<meta property=\"og:description\" content=\"Construye tu nueva casa con un pr\u00e9stamo para construcci\u00f3n Croghan. Cierre \u00fanico, calendarios flexibles de retiradas y orientaci\u00f3n de un prestamista de Ohio que conoce a los constructores.\" \/>\n<meta property=\"og:url\" content=\"https:\/\/api.croghan.bank\/es\/personal\/prestamos-hipotecarios\/construccion\/\" \/>\n<meta property=\"og:site_name\" content=\"Banco Croghan sin cabeza\" \/>\n<meta property=\"article:modified_time\" content=\"2026-04-21T19:43:07+00:00\" \/>\n<meta name=\"twitter:card\" content=\"summary_large_image\" \/>\n<script type=\"application\/ld+json\" class=\"yoast-schema-graph\">{\"@context\":\"https:\\\/\\\/schema.org\",\"@graph\":[{\"@type\":\"WebPage\",\"@id\":\"https:\\\/\\\/api.croghan.bank\\\/es\\\/personal\\\/prestamos-hipotecarios\\\/construccion\\\/\",\"url\":\"https:\\\/\\\/api.croghan.bank\\\/es\\\/personal\\\/prestamos-hipotecarios\\\/construccion\\\/\",\"name\":\"Pr\u00e9stamo para la construcci\u00f3n de viviendas | Banco Colonial Croghan\",\"isPartOf\":{\"@id\":\"https:\\\/\\\/api.croghan.bank\\\/es\\\/#website\"},\"datePublished\":\"2025-01-15T22:57:25+00:00\",\"dateModified\":\"2026-04-21T19:43:07+00:00\",\"description\":\"Construye tu nueva casa con un pr\u00e9stamo para construcci\u00f3n Croghan. Cierre \u00fanico, calendarios flexibles de retiradas y orientaci\u00f3n de un prestamista de Ohio que conoce a los constructores.\",\"breadcrumb\":{\"@id\":\"https:\\\/\\\/api.croghan.bank\\\/es\\\/personal\\\/prestamos-hipotecarios\\\/construccion\\\/#breadcrumb\"},\"inLanguage\":\"es\",\"potentialAction\":[{\"@type\":\"ReadAction\",\"target\":[\"https:\\\/\\\/api.croghan.bank\\\/es\\\/personal\\\/prestamos-hipotecarios\\\/construccion\\\/\"]}]},{\"@type\":\"BreadcrumbList\",\"@id\":\"https:\\\/\\\/api.croghan.bank\\\/es\\\/personal\\\/prestamos-hipotecarios\\\/construccion\\\/#breadcrumb\",\"itemListElement\":[{\"@type\":\"ListItem\",\"position\":1,\"name\":\"Hogar\",\"item\":\"https:\\\/\\\/api.croghan.bank\\\/es\\\/\"},{\"@type\":\"ListItem\",\"position\":2,\"name\":\"Personal\",\"item\":\"https:\\\/\\\/api.croghan.bank\\\/es\\\/personal\\\/\"},{\"@type\":\"ListItem\",\"position\":3,\"name\":\"Pr\u00e9stamos Hipotecarios\",\"item\":\"https:\\\/\\\/api.croghan.bank\\\/es\\\/personal\\\/prestamos-hipotecarios\\\/\"},{\"@type\":\"ListItem\",\"position\":4,\"name\":\"Construcci\u00f3n\"}]},{\"@type\":\"WebSite\",\"@id\":\"https:\\\/\\\/api.croghan.bank\\\/es\\\/#website\",\"url\":\"https:\\\/\\\/api.croghan.bank\\\/es\\\/\",\"name\":\"Banco Croghan sin cabeza\",\"description\":\"\",\"potentialAction\":[{\"@type\":\"SearchAction\",\"target\":{\"@type\":\"EntryPoint\",\"urlTemplate\":\"https:\\\/\\\/api.croghan.bank\\\/es\\\/?s={search_term_string}\"},\"query-input\":{\"@type\":\"PropertyValueSpecification\",\"valueRequired\":true,\"valueName\":\"search_term_string\"}}],\"inLanguage\":\"es\"}]}<\/script>\n<!-- \/ Yoast SEO plugin. -->","yoast_head_json":{"title":"Pr\u00e9stamo para la construcci\u00f3n de viviendas | Banco Colonial Croghan","description":"Construye tu nueva casa con un pr\u00e9stamo para construcci\u00f3n Croghan. Cierre \u00fanico, calendarios flexibles de retiradas y orientaci\u00f3n de un prestamista de Ohio que conoce a los constructores.","robots":{"index":"noindex","follow":"follow","max-snippet":"max-snippet:-1","max-image-preview":"max-image-preview:large","max-video-preview":"max-video-preview:-1"},"og_locale":"es_ES","og_type":"article","og_title":"Pr\u00e9stamo para la construcci\u00f3n de viviendas | Banco Colonial Croghan","og_description":"Construye tu nueva casa con un pr\u00e9stamo para construcci\u00f3n Croghan. Cierre \u00fanico, calendarios flexibles de retiradas y orientaci\u00f3n de un prestamista de Ohio que conoce a los constructores.","og_url":"https:\/\/api.croghan.bank\/es\/personal\/prestamos-hipotecarios\/construccion\/","og_site_name":"Banco Croghan sin cabeza","article_modified_time":"2026-04-21T19:43:07+00:00","twitter_card":"summary_large_image","schema":{"@context":"https:\/\/schema.org","@graph":[{"@type":"WebPage","@id":"https:\/\/api.croghan.bank\/es\/personal\/prestamos-hipotecarios\/construccion\/","url":"https:\/\/api.croghan.bank\/es\/personal\/prestamos-hipotecarios\/construccion\/","name":"Pr\u00e9stamo para la construcci\u00f3n de viviendas | Banco Colonial Croghan","isPartOf":{"@id":"https:\/\/api.croghan.bank\/es\/#website"},"datePublished":"2025-01-15T22:57:25+00:00","dateModified":"2026-04-21T19:43:07+00:00","description":"Construye tu nueva casa con un pr\u00e9stamo para construcci\u00f3n Croghan. Cierre \u00fanico, calendarios flexibles de retiradas y orientaci\u00f3n de un prestamista de Ohio que conoce a los constructores.","breadcrumb":{"@id":"https:\/\/api.croghan.bank\/es\/personal\/prestamos-hipotecarios\/construccion\/#breadcrumb"},"inLanguage":"es","potentialAction":[{"@type":"ReadAction","target":["https:\/\/api.croghan.bank\/es\/personal\/prestamos-hipotecarios\/construccion\/"]}]},{"@type":"BreadcrumbList","@id":"https:\/\/api.croghan.bank\/es\/personal\/prestamos-hipotecarios\/construccion\/#breadcrumb","itemListElement":[{"@type":"ListItem","position":1,"name":"Hogar","item":"https:\/\/api.croghan.bank\/es\/"},{"@type":"ListItem","position":2,"name":"Personal","item":"https:\/\/api.croghan.bank\/es\/personal\/"},{"@type":"ListItem","position":3,"name":"Pr\u00e9stamos Hipotecarios","item":"https:\/\/api.croghan.bank\/es\/personal\/prestamos-hipotecarios\/"},{"@type":"ListItem","position":4,"name":"Construcci\u00f3n"}]},{"@type":"WebSite","@id":"https:\/\/api.croghan.bank\/es\/#website","url":"https:\/\/api.croghan.bank\/es\/","name":"Banco Croghan sin cabeza","description":"","potentialAction":[{"@type":"SearchAction","target":{"@type":"EntryPoint","urlTemplate":"https:\/\/api.croghan.bank\/es\/?s={search_term_string}"},"query-input":{"@type":"PropertyValueSpecification","valueRequired":true,"valueName":"search_term_string"}}],"inLanguage":"es"}]}},"_links":{"self":[{"href":"https:\/\/api.croghan.bank\/es\/wp-json\/wp\/v2\/pages\/4528","targetHints":{"allow":["GET"]}}],"collection":[{"href":"https:\/\/api.croghan.bank\/es\/wp-json\/wp\/v2\/pages"}],"about":[{"href":"https:\/\/api.croghan.bank\/es\/wp-json\/wp\/v2\/types\/page"}],"author":[{"embeddable":true,"href":"https:\/\/api.croghan.bank\/es\/wp-json\/wp\/v2\/users\/1"}],"replies":[{"embeddable":true,"href":"https:\/\/api.croghan.bank\/es\/wp-json\/wp\/v2\/comments?post=4528"}],"version-history":[{"count":1,"href":"https:\/\/api.croghan.bank\/es\/wp-json\/wp\/v2\/pages\/4528\/revisions"}],"predecessor-version":[{"id":7601,"href":"https:\/\/api.croghan.bank\/es\/wp-json\/wp\/v2\/pages\/4528\/revisions\/7601"}],"up":[{"embeddable":true,"href":"https:\/\/api.croghan.bank\/es\/wp-json\/wp\/v2\/pages\/4446"}],"wp:attachment":[{"href":"https:\/\/api.croghan.bank\/es\/wp-json\/wp\/v2\/media?parent=4528"}],"wp:term":[{"taxonomy":"category","embeddable":true,"href":"https:\/\/api.croghan.bank\/es\/wp-json\/wp\/v2\/categories?post=4528"},{"taxonomy":"post_tag","embeddable":true,"href":"https:\/\/api.croghan.bank\/es\/wp-json\/wp\/v2\/tags?post=4528"}],"curies":[{"name":"wp","href":"https:\/\/api.w.org\/{rel}","templated":true}]}}