{"id":4529,"date":"2025-01-16T20:35:13","date_gmt":"2025-01-16T20:35:13","guid":{"rendered":"https:\/\/api.croghan.bank\/negocio\/cuentas-corrientes\/"},"modified":"2026-04-21T19:43:01","modified_gmt":"2026-04-21T19:43:01","slug":"cuentas-corrientes","status":"publish","type":"page","link":"https:\/\/api.croghan.bank\/es\/negocio\/cuentas-corrientes\/","title":{"rendered":"Cuentas Corrientes"},"content":{"rendered":"","protected":false},"excerpt":{"rendered":"","protected":false},"author":1,"featured_media":0,"parent":4487,"menu_order":0,"comment_status":"closed","ping_status":"closed","template":"","meta":{"_acf_changed":false,"inline_featured_image":false,"footnotes":""},"categories":[],"tags":[],"class_list":["post-4529","page","type-page","status-publish","hentry"],"acf":{"modules":[{"acf_fc_layout":"bread_crumb_nav_hero","title":"<h1>Banca dise\u00f1ada para los negocios<\/h1>","subtitle":"","content":"Su negocio merece una cuenta de cheques que evolucione junto con sus necesidades. Nuestras cuentas est\u00e1n dise\u00f1adas para cumplir con los requisitos financieros \u00fanicos de su empresa. Brindamos opciones flexibles, seguras y convenientes para ayudarlo a administrar las finanzas de su negocio sin esfuerzo. Explore nuestras soluciones de cheques comerciales hoy mismo para encontrar la que mejor se adapte a sus objetivos.   ","buttons":null,"module_anchor_id":"","module_padding_inner":"noPaddingInner","module_spacing_after":"defaultSpacingAfter"},{"acf_fc_layout":"sidebar_links_and_content","functionality_type":"static","selected_menu":"4","selected_menu_item":"82","content_items":[{"card_type":"B\u00e1sico","sidebar_label":"$uite de negocios digitales","image":3756,"title":"Banca sin esfuerzo para peque\u00f1as empresas","content":"El $uite de Negocios Digitales est\u00e1 dise\u00f1ado para peque\u00f1as empresas que necesitan simplicidad y eficiencia en su gesti\u00f3n financiera. Con transacciones electr\u00f3nicas, banca en l\u00ednea o acceso a aplicaciones m\u00f3viles, esta cuenta ofrece flexibilidad y comodidad. Disfruta de funciones como dep\u00f3sitos m\u00f3viles, alertas de cuenta en tiempo real y tarjetas de cr\u00e9dito comerciales con l\u00edmites personalizables, lo que facilita estar al tanto de tus finanzas y concentrarte en hacer crecer tu negocio.  ","buttons":[{"button":{"link":{"title":"Aprende m\u00e1s","url":"\/business\/checking-accounts\/digital-business-suite","target":""},"button_style":"solid","button_color":"dBlue","opens_modal":false,"video":null},"open_flyout":false}],"flyout_content":{"interactive_flyout_modules":{"interactive_flyout":null}}},{"card_type":"B\u00e1sico","sidebar_label":"Negocios Comerciales $uite","image":3902,"title":"Eleve la banca de su empresa","content":"La cuenta de $uite de negocios comerciales est\u00e1 dise\u00f1ada para empresas m\u00e1s grandes con necesidades financieras avanzadas. Con funciones como obtener cr\u00e9dito para compensar tarifas, alertas de cuenta personalizables y s\u00f3lidas herramientas de banca en l\u00ednea, puede administrar su flujo de efectivo de manera eficiente y segura. Disfrute de flexibilidad y soluciones personalizadas para respaldar su negocio a medida que crece.  ","buttons":[{"button":{"link":{"title":"Aprende m\u00e1s","url":"\/business\/checking-accounts\/commercial-business-suite","target":""},"button_style":"solid","button_color":"dBlue","opens_modal":false,"video":null},"open_flyout":false}],"flyout_content":{"interactive_flyout_modules":{"interactive_flyout":null}}}],"module_anchor_id":"","module_padding_inner":"noPaddingInner","module_spacing_after":"defaultSpacingAfter"},{"acf_fc_layout":"content_card_pattern_accent","image":4157,"eyebrow":"","title":"<h2>Educaci\u00f3n financiera para empresas<\/h2>","content":"Un negocio fuerte comienza con empleados financieramente seguros. Cuando su equipo comprende los conceptos b\u00e1sicos de las finanzas personales y empresariales, puede tomar decisiones informadas que beneficien tanto su futuro como el \u00e9xito de su empresa. \n\nEn Croghan, creemos que la educaci\u00f3n financiera es una parte clave de la construcci\u00f3n de una fuerza laboral pr\u00f3spera. Es por eso que nos asociamos con empresas locales para brindar sesiones de educaci\u00f3n financiera sobre temas como consolidaci\u00f3n de deudas, estrategias de inversi\u00f3n, prevenci\u00f3n de fraudes y planificaci\u00f3n para la jubilaci\u00f3n. ","buttons":[{"button":{"link":{"title":"Visite el Centro Educativo","url":"\/resources\/education-center","target":""},"button_style":"solid","button_color":"dBlue","opens_modal":false,"video":null}}],"disclaimer":"","module_image_alignment":"imageLeft","module_card_background_color":"cardBackgroundGrey","module_anchor_id":"","module_padding_inner":"noPaddingInner","module_spacing_after":"defaultSpacingAfter"},{"acf_fc_layout":"horizontal_cards_slider","eyebrow":"","title":"<h2>Rese\u00f1as que hablan por s\u00ed mismas.<\/h2>","content":"","slider_cards":[{"card_type":"testimonial","card_media_type":"image","rating":5,"number":"","content":"Croghan supera mis expectativas. No me imagino a ning\u00fan otro banco dando el mismo servicio al cliente.  No eres solo un n\u00famero. Cuidar\u00e1n de tus cosas como si fueran suyas. Todos brindan los mismos servicios, pero al final del d\u00eda, lo \u00fanico que importa es la atenci\u00f3n al cliente.","author":"James Gao, owner of SERVPRO","image":null,"video":null,"video_poster_image":null,"links":null},{"card_type":"media","card_media_type":"video","rating":5,"number":"","content":"<strong>Dr. Ryan Zimmerman<\/strong>\nHospital Veterinario de Westview","author":"Amy D.","image":null,"video":4239,"video_poster_image":4250,"links":null},{"card_type":"testimonial","card_media_type":"image","rating":5,"number":"","content":"Una cosa que siempre me ha gustado y apreciado es que somos una empresa m\u00e1s peque\u00f1a, pero no somos solo un n\u00famero para ellos. Nos sentimos importantes. ","author":"Tom Hedrick, HBE Machine","image":null,"video":null,"video_poster_image":null,"links":null}],"module_background_color":"white","module_anchor_id":"","module_padding_inner":"noPaddingInner","module_spacing_after":"defaultSpacingAfter"},{"acf_fc_layout":"accordion","eyebrow":null,"accordion_items":null,"module_anchor_id":null,"module_padding_inner":null,"module_spacing_after":null},{"acf_fc_layout":"location_pre_footer","module_anchor_id":"","module_padding_inner":"noPaddingInner","module_spacing_after":"noSpacingAfter"}]},"yoast_head":"<!-- This site is optimized with the Yoast SEO plugin v27.5 - https:\/\/yoast.com\/product\/yoast-seo-wordpress\/ -->\n<title>Cuenta corriente empresarial | Banco Colonial Croghan<\/title>\n<meta name=\"description\" content=\"Compara las cuentas corrientes digitales y comerciales de Croghan&#039;s Business Suite. Bajas comisiones, banca online, dep\u00f3sitos m\u00f3viles y gesti\u00f3n de efectivo integrados.\" \/>\n<meta name=\"robots\" content=\"noindex, follow, max-snippet:-1, max-image-preview:large, max-video-preview:-1\" \/>\n<meta property=\"og:locale\" content=\"es_ES\" \/>\n<meta property=\"og:type\" content=\"article\" \/>\n<meta property=\"og:title\" content=\"Cuenta corriente empresarial | Banco Colonial Croghan\" \/>\n<meta property=\"og:description\" content=\"Compara las cuentas corrientes digitales y comerciales de Croghan&#039;s Business Suite. Bajas comisiones, banca online, dep\u00f3sitos m\u00f3viles y gesti\u00f3n de efectivo integrados.\" \/>\n<meta property=\"og:url\" content=\"https:\/\/api.croghan.bank\/es\/negocio\/cuentas-corrientes\/\" \/>\n<meta property=\"og:site_name\" content=\"Banco Croghan sin cabeza\" \/>\n<meta property=\"article:modified_time\" content=\"2026-04-21T19:43:01+00:00\" \/>\n<meta name=\"twitter:card\" content=\"summary_large_image\" \/>\n<script type=\"application\/ld+json\" class=\"yoast-schema-graph\">{\"@context\":\"https:\\\/\\\/schema.org\",\"@graph\":[{\"@type\":\"WebPage\",\"@id\":\"https:\\\/\\\/api.croghan.bank\\\/es\\\/negocio\\\/cuentas-corrientes\\\/\",\"url\":\"https:\\\/\\\/api.croghan.bank\\\/es\\\/negocio\\\/cuentas-corrientes\\\/\",\"name\":\"Cuenta corriente empresarial | Banco Colonial Croghan\",\"isPartOf\":{\"@id\":\"https:\\\/\\\/api.croghan.bank\\\/es\\\/#website\"},\"datePublished\":\"2025-01-16T20:35:13+00:00\",\"dateModified\":\"2026-04-21T19:43:01+00:00\",\"description\":\"Compara las cuentas corrientes digitales y comerciales de Croghan's Business Suite. Bajas comisiones, banca online, dep\u00f3sitos m\u00f3viles y gesti\u00f3n de efectivo integrados.\",\"breadcrumb\":{\"@id\":\"https:\\\/\\\/api.croghan.bank\\\/es\\\/negocio\\\/cuentas-corrientes\\\/#breadcrumb\"},\"inLanguage\":\"es\",\"potentialAction\":[{\"@type\":\"ReadAction\",\"target\":[\"https:\\\/\\\/api.croghan.bank\\\/es\\\/negocio\\\/cuentas-corrientes\\\/\"]}]},{\"@type\":\"BreadcrumbList\",\"@id\":\"https:\\\/\\\/api.croghan.bank\\\/es\\\/negocio\\\/cuentas-corrientes\\\/#breadcrumb\",\"itemListElement\":[{\"@type\":\"ListItem\",\"position\":1,\"name\":\"Hogar\",\"item\":\"https:\\\/\\\/api.croghan.bank\\\/es\\\/\"},{\"@type\":\"ListItem\",\"position\":2,\"name\":\"Negocio\",\"item\":\"https:\\\/\\\/api.croghan.bank\\\/es\\\/negocio\\\/\"},{\"@type\":\"ListItem\",\"position\":3,\"name\":\"Cuentas Corrientes\"}]},{\"@type\":\"WebSite\",\"@id\":\"https:\\\/\\\/api.croghan.bank\\\/es\\\/#website\",\"url\":\"https:\\\/\\\/api.croghan.bank\\\/es\\\/\",\"name\":\"Banco Croghan sin cabeza\",\"description\":\"\",\"potentialAction\":[{\"@type\":\"SearchAction\",\"target\":{\"@type\":\"EntryPoint\",\"urlTemplate\":\"https:\\\/\\\/api.croghan.bank\\\/es\\\/?s={search_term_string}\"},\"query-input\":{\"@type\":\"PropertyValueSpecification\",\"valueRequired\":true,\"valueName\":\"search_term_string\"}}],\"inLanguage\":\"es\"}]}<\/script>\n<!-- \/ Yoast SEO plugin. -->","yoast_head_json":{"title":"Cuenta corriente empresarial | Banco Colonial Croghan","description":"Compara las cuentas corrientes digitales y comerciales de Croghan's Business Suite. Bajas comisiones, banca online, dep\u00f3sitos m\u00f3viles y gesti\u00f3n de efectivo integrados.","robots":{"index":"noindex","follow":"follow","max-snippet":"max-snippet:-1","max-image-preview":"max-image-preview:large","max-video-preview":"max-video-preview:-1"},"og_locale":"es_ES","og_type":"article","og_title":"Cuenta corriente empresarial | Banco Colonial Croghan","og_description":"Compara las cuentas corrientes digitales y comerciales de Croghan's Business Suite. Bajas comisiones, banca online, dep\u00f3sitos m\u00f3viles y gesti\u00f3n de efectivo integrados.","og_url":"https:\/\/api.croghan.bank\/es\/negocio\/cuentas-corrientes\/","og_site_name":"Banco Croghan sin cabeza","article_modified_time":"2026-04-21T19:43:01+00:00","twitter_card":"summary_large_image","schema":{"@context":"https:\/\/schema.org","@graph":[{"@type":"WebPage","@id":"https:\/\/api.croghan.bank\/es\/negocio\/cuentas-corrientes\/","url":"https:\/\/api.croghan.bank\/es\/negocio\/cuentas-corrientes\/","name":"Cuenta corriente empresarial | Banco Colonial Croghan","isPartOf":{"@id":"https:\/\/api.croghan.bank\/es\/#website"},"datePublished":"2025-01-16T20:35:13+00:00","dateModified":"2026-04-21T19:43:01+00:00","description":"Compara las cuentas corrientes digitales y comerciales de Croghan's Business Suite. Bajas comisiones, banca online, dep\u00f3sitos m\u00f3viles y gesti\u00f3n de efectivo integrados.","breadcrumb":{"@id":"https:\/\/api.croghan.bank\/es\/negocio\/cuentas-corrientes\/#breadcrumb"},"inLanguage":"es","potentialAction":[{"@type":"ReadAction","target":["https:\/\/api.croghan.bank\/es\/negocio\/cuentas-corrientes\/"]}]},{"@type":"BreadcrumbList","@id":"https:\/\/api.croghan.bank\/es\/negocio\/cuentas-corrientes\/#breadcrumb","itemListElement":[{"@type":"ListItem","position":1,"name":"Hogar","item":"https:\/\/api.croghan.bank\/es\/"},{"@type":"ListItem","position":2,"name":"Negocio","item":"https:\/\/api.croghan.bank\/es\/negocio\/"},{"@type":"ListItem","position":3,"name":"Cuentas Corrientes"}]},{"@type":"WebSite","@id":"https:\/\/api.croghan.bank\/es\/#website","url":"https:\/\/api.croghan.bank\/es\/","name":"Banco Croghan sin cabeza","description":"","potentialAction":[{"@type":"SearchAction","target":{"@type":"EntryPoint","urlTemplate":"https:\/\/api.croghan.bank\/es\/?s={search_term_string}"},"query-input":{"@type":"PropertyValueSpecification","valueRequired":true,"valueName":"search_term_string"}}],"inLanguage":"es"}]}},"_links":{"self":[{"href":"https:\/\/api.croghan.bank\/es\/wp-json\/wp\/v2\/pages\/4529","targetHints":{"allow":["GET"]}}],"collection":[{"href":"https:\/\/api.croghan.bank\/es\/wp-json\/wp\/v2\/pages"}],"about":[{"href":"https:\/\/api.croghan.bank\/es\/wp-json\/wp\/v2\/types\/page"}],"author":[{"embeddable":true,"href":"https:\/\/api.croghan.bank\/es\/wp-json\/wp\/v2\/users\/1"}],"replies":[{"embeddable":true,"href":"https:\/\/api.croghan.bank\/es\/wp-json\/wp\/v2\/comments?post=4529"}],"version-history":[{"count":1,"href":"https:\/\/api.croghan.bank\/es\/wp-json\/wp\/v2\/pages\/4529\/revisions"}],"predecessor-version":[{"id":7585,"href":"https:\/\/api.croghan.bank\/es\/wp-json\/wp\/v2\/pages\/4529\/revisions\/7585"}],"up":[{"embeddable":true,"href":"https:\/\/api.croghan.bank\/es\/wp-json\/wp\/v2\/pages\/4487"}],"wp:attachment":[{"href":"https:\/\/api.croghan.bank\/es\/wp-json\/wp\/v2\/media?parent=4529"}],"wp:term":[{"taxonomy":"category","embeddable":true,"href":"https:\/\/api.croghan.bank\/es\/wp-json\/wp\/v2\/categories?post=4529"},{"taxonomy":"post_tag","embeddable":true,"href":"https:\/\/api.croghan.bank\/es\/wp-json\/wp\/v2\/tags?post=4529"}],"curies":[{"name":"wp","href":"https:\/\/api.w.org\/{rel}","templated":true}]}}