{"id":4531,"date":"2025-01-16T20:36:19","date_gmt":"2025-01-16T20:36:19","guid":{"rendered":"https:\/\/api.croghan.bank\/negocio\/prestamos-comerciales\/"},"modified":"2026-04-21T19:42:59","modified_gmt":"2026-04-21T19:42:59","slug":"prestamos-comerciales","status":"publish","type":"page","link":"https:\/\/api.croghan.bank\/es\/negocio\/prestamos-comerciales\/","title":{"rendered":"Pr\u00e9stamos comerciales"},"content":{"rendered":"","protected":false},"excerpt":{"rendered":"","protected":false},"author":1,"featured_media":0,"parent":4487,"menu_order":0,"comment_status":"closed","ping_status":"closed","template":"","meta":{"_acf_changed":false,"inline_featured_image":false,"footnotes":""},"categories":[51],"tags":[],"class_list":["post-4531","page","type-page","status-publish","hentry","category-negocio"],"acf":{"modules":[{"acf_fc_layout":"bread_crumb_nav_hero","title":"<h1>Encontrar el pr\u00e9stamo comercial adecuado para ti<\/h1>","subtitle":"","content":"En Croghan Colonial Bank, entendemos que el crecimiento y el mantenimiento de un negocio exitoso requieren el apoyo financiero adecuado. Ya sea que est\u00e9 comenzando su primera ubicaci\u00f3n, expandiendo sus operaciones o invirtiendo en el equipo que necesita, ofrecemos pr\u00e9stamos comerciales y l\u00edneas de cr\u00e9dito dise\u00f1adas para ayudarlo a prosperar. Nuestro equipo trabaja con usted uno a uno para encontrar la soluci\u00f3n adecuada para las necesidades \u00fanicas de su negocio.  ","buttons":null,"module_anchor_id":"","module_padding_inner":"noPaddingInner","module_spacing_after":"defaultSpacingAfter"},{"acf_fc_layout":"sidebar_links_and_content","functionality_type":"static","selected_menu":"4","selected_menu_item":"85","content_items":[{"card_type":"B\u00e1sico","sidebar_label":"Pr\u00e9stamos para peque\u00f1as empresas","image":6701,"title":"Dise\u00f1ado para peque\u00f1as empresas","content":"Los pr\u00e9stamos para peque\u00f1as empresas generalmente se usan para iniciar un negocio, comprar inventario o equipo, comprar bienes ra\u00edces o expandir un negocio existente. Ofrecemos una experiencia personalizada con un experto en pr\u00e9stamos comerciales para ayudarlo a comprender su negocio y brindarle opciones de pr\u00e9stamo personalizadas. ","buttons":[{"button":{"link":{"title":"Aprende m\u00e1s","url":"\/business\/business-loans\/small-business-loans","target":""},"button_style":"solid","button_color":"dBlue","opens_modal":false,"video":null},"open_flyout":false}],"flyout_content":{"interactive_flyout_modules":{"interactive_flyout":null}}},{"card_type":"B\u00e1sico","sidebar_label":"Pr\u00e9stamos de Bienes Ra\u00edces Comerciales","image":6700,"title":"Invierte en tu futuro","content":"Ya sea que est\u00e9 construyendo, adquiriendo o refinanciando, tener el socio financiero adecuado es clave para su \u00e9xito. Croghan ofrece soluciones flexibles de pr\u00e9stamos para bienes ra\u00edces comerciales para ayudar a hacer crecer su negocio. ","buttons":[{"button":{"link":{"title":"Aprende m\u00e1s","url":"\/business\/business-loans\/commercial-real-estate","target":""},"button_style":"solid","button_color":"dBlue","opens_modal":false,"video":null},"open_flyout":false}],"flyout_content":{"interactive_flyout_modules":{"interactive_flyout":null}}},{"card_type":"B\u00e1sico","sidebar_label":"Pr\u00e9stamos de la SBA","image":6699,"title":"Potencie su negocio","content":"Nuestros pr\u00e9stamos de la SBA ofrecen financiamiento flexible para ayudarlo a iniciar, expandir o mantener su negocio, desde inventario y equipo hasta bienes ra\u00edces. Disfrute de una consulta personalizada con un experto en pr\u00e9stamos para peque\u00f1as empresas para revisar su elegibilidad y explorar opciones de pr\u00e9stamos personalizadas. ","buttons":[{"button":{"link":{"title":"Aprende m\u00e1s","url":"\/business\/business-loans\/sba","target":""},"button_style":"solid","button_color":"dBlue","opens_modal":false,"video":null},"open_flyout":false}],"flyout_content":{"interactive_flyout_modules":{"interactive_flyout":null}}},{"card_type":"B\u00e1sico","sidebar_label":"Pr\u00e9stamos y Arrendamiento de Equipos","image":6704,"title":"Prep\u00e1rese para el crecimiento","content":"Hacer crecer su negocio puede ser un desaf\u00edo, especialmente cuando se trata de comprar maquinaria grande. Con nuestras opciones de pr\u00e9stamos y arrendamiento, puede adquirir equipos agr\u00edcolas y comerciales esenciales sin las costosas demoras. ","buttons":[{"button":{"link":{"title":"Aprende m\u00e1s","url":"\/business\/business-loans\/equipment","target":""},"button_style":"solid","button_color":"dBlue","opens_modal":false,"video":null},"open_flyout":false}],"flyout_content":{"interactive_flyout_modules":{"interactive_flyout":null}}}],"module_anchor_id":"","module_padding_inner":"noPaddingInner","module_spacing_after":"defaultSpacingAfter"},{"acf_fc_layout":"floating_cards","eyebrow":"","title":"<h2>Beneficios \u00fanicos de los pr\u00e9stamos comerciales<\/h2>","content":"Ofrecemos pr\u00e9stamos comerciales con opciones flexibles dise\u00f1adas para ayudarlo a alcanzar sus objetivos comerciales. Ya sea que est\u00e9 buscando financiamiento para la expansi\u00f3n o necesite financiamiento para equipos, ofrecemos tarifas competitivas y t\u00e9rminos personalizados. Con una aprobaci\u00f3n r\u00e1pida y un equipo de pr\u00e9stamos dedicado, facilitamos el financiamiento de su pr\u00f3xima empresa comercial.  ","buttons":null,"cards_alignment":"cardsRight","card_style_type":"cardTypeBasic","floating_cards":[{"icon":3705,"icon_dark_mode":"","eyebrow":"","title":"<h3>Opciones de pr\u00e9stamo flexibles<\/h3>","description":"","image":null,"link":null},{"icon":3717,"icon_dark_mode":"","eyebrow":"","title":"<h3>Servicio Personalizado<\/h3>","description":"","image":null,"link":null},{"icon":3701,"icon_dark_mode":"","eyebrow":"","title":"<h3>Tarifas competitivas<\/h3>","description":"","image":null,"link":null},{"icon":3917,"icon_dark_mode":"","eyebrow":"","title":"<h3>L\u00edneas de cr\u00e9dito disponibles<\/h3>","description":"","image":null,"link":null},{"icon":3711,"icon_dark_mode":"","eyebrow":"","title":"<h3>Proceso de aprobaci\u00f3n r\u00e1pido<\/h3>","description":"","image":null,"link":null},{"icon":3681,"icon_dark_mode":"","eyebrow":"","title":"<h3>Condiciones de pago personalizadas<\/h3>","description":"","image":null,"link":null}],"module_background_style":"accentTriangle","module_anchor_id":"","module_padding_inner":"noPaddingInner","module_spacing_after":"defaultSpacingAfter"},{"acf_fc_layout":"content_card_pattern_accent","image":3918,"eyebrow":"Requisitos del pr\u00e9stamo comercial","title":"<h2>Lo que necesitas saber<\/h2>","content":"Obtener un pr\u00e9stamo comercial puede ser un paso clave en la expansi\u00f3n de su negocio, pero es esencial comprender los requisitos del pr\u00e9stamo. Cada producto de pr\u00e9stamo tiene calificaciones, t\u00e9rminos de pago y beneficios espec\u00edficos, y elegir el correcto depende de las necesidades \u00fanicas de su negocio. Los expertos en pr\u00e9stamos comerciales de Croghan pueden ayudarlo a guiarlo a trav\u00e9s del proceso para encontrar la mejor opci\u00f3n para su negocio.  ","buttons":[{"button":{"link":{"title":"Ll\u00e1manos","url":"tel:8882764426","target":""},"button_style":"solid","button_color":"dBlue","opens_modal":false,"video":null}},{"button":{"link":{"title":"Buscar una ubicaci\u00f3n","url":"\/locations","target":""},"button_style":"outlined","button_color":"dBlue","opens_modal":false,"video":null}}],"disclaimer":"","module_image_alignment":"imageLeft","module_card_background_color":"cardBackgroundGrey","module_anchor_id":"","module_padding_inner":"noPaddingInner","module_spacing_after":"defaultSpacingAfter"},{"acf_fc_layout":"horizontal_cards_slider","eyebrow":"","title":"<h2>Rese\u00f1as que hablan por s\u00ed mismas.<\/h2>","content":"","slider_cards":[{"card_type":"testimonial","card_media_type":"image","rating":5,"number":"","content":"Al trabajar con Croghan, es m\u00e1s dinero que podemos invertir en la comunidad local. Trabajar con una empresa local ha significado una experiencia mucho m\u00e1s personalizada para nosotros, lo cual es tan raro en los tiempos que corren. ","author":"Holger Wissel, CFO, Borgers U.S. Holding LP","image":null,"video":null,"video_poster_image":null,"links":null},{"card_type":"media","card_media_type":"video","rating":5,"number":"","content":"<strong>John Amato\n<\/strong>Jupmode","author":"Holger Wissel","image":null,"video":4090,"video_poster_image":4091,"links":null},{"card_type":"testimonial","card_media_type":"image","rating":5,"number":"","content":"Una cosa que siempre me ha gustado y apreciado es que somos una empresa m\u00e1s peque\u00f1a, pero no somos solo un n\u00famero para ellos. Nos sentimos importantes. ","author":"Tom Hedrick, HBE Machine","image":null,"video":null,"video_poster_image":null,"links":null}],"module_background_color":"white","module_anchor_id":"","module_padding_inner":"noPaddingInner","module_spacing_after":"defaultSpacingAfter"},{"acf_fc_layout":"accordion","eyebrow":null,"accordion_items":null,"module_anchor_id":null,"module_padding_inner":null,"module_spacing_after":null},{"acf_fc_layout":"location_pre_footer","module_anchor_id":"","module_padding_inner":"noPaddingInner","module_spacing_after":"defaultSpacingAfter"}]},"yoast_head":"<!-- This site is optimized with the Yoast SEO plugin v27.5 - https:\/\/yoast.com\/product\/yoast-seo-wordpress\/ -->\n<title>Pr\u00e9stamos comerciales | Banco Colonial Croghan<\/title>\n<meta name=\"description\" content=\"Pr\u00e9stamos a plazo, l\u00edneas de cr\u00e9dito, SBA, financiaci\u00f3n de bienes ra\u00edces comerciales y equipos para empresas de Ohio \u2014 respaldados localmente por prestamistas que realmente conocer\u00e1s.\" \/>\n<meta name=\"robots\" content=\"noindex, follow, max-snippet:-1, max-image-preview:large, max-video-preview:-1\" \/>\n<meta property=\"og:locale\" content=\"es_ES\" \/>\n<meta property=\"og:type\" content=\"article\" \/>\n<meta property=\"og:title\" content=\"Pr\u00e9stamos comerciales | Banco Colonial Croghan\" \/>\n<meta property=\"og:description\" content=\"Pr\u00e9stamos a plazo, l\u00edneas de cr\u00e9dito, SBA, financiaci\u00f3n de bienes ra\u00edces comerciales y equipos para empresas de Ohio \u2014 respaldados localmente por prestamistas que realmente conocer\u00e1s.\" \/>\n<meta property=\"og:url\" content=\"https:\/\/api.croghan.bank\/es\/negocio\/prestamos-comerciales\/\" \/>\n<meta property=\"og:site_name\" content=\"Banco Croghan sin cabeza\" \/>\n<meta property=\"article:modified_time\" content=\"2026-04-21T19:42:59+00:00\" \/>\n<meta name=\"twitter:card\" content=\"summary_large_image\" \/>\n<script type=\"application\/ld+json\" class=\"yoast-schema-graph\">{\"@context\":\"https:\\\/\\\/schema.org\",\"@graph\":[{\"@type\":\"WebPage\",\"@id\":\"https:\\\/\\\/api.croghan.bank\\\/es\\\/negocio\\\/prestamos-comerciales\\\/\",\"url\":\"https:\\\/\\\/api.croghan.bank\\\/es\\\/negocio\\\/prestamos-comerciales\\\/\",\"name\":\"Pr\u00e9stamos comerciales | Banco Colonial Croghan\",\"isPartOf\":{\"@id\":\"https:\\\/\\\/api.croghan.bank\\\/es\\\/#website\"},\"datePublished\":\"2025-01-16T20:36:19+00:00\",\"dateModified\":\"2026-04-21T19:42:59+00:00\",\"description\":\"Pr\u00e9stamos a plazo, l\u00edneas de cr\u00e9dito, SBA, financiaci\u00f3n de bienes ra\u00edces comerciales y equipos para empresas de Ohio \u2014 respaldados localmente por prestamistas que realmente conocer\u00e1s.\",\"breadcrumb\":{\"@id\":\"https:\\\/\\\/api.croghan.bank\\\/es\\\/negocio\\\/prestamos-comerciales\\\/#breadcrumb\"},\"inLanguage\":\"es\",\"potentialAction\":[{\"@type\":\"ReadAction\",\"target\":[\"https:\\\/\\\/api.croghan.bank\\\/es\\\/negocio\\\/prestamos-comerciales\\\/\"]}]},{\"@type\":\"BreadcrumbList\",\"@id\":\"https:\\\/\\\/api.croghan.bank\\\/es\\\/negocio\\\/prestamos-comerciales\\\/#breadcrumb\",\"itemListElement\":[{\"@type\":\"ListItem\",\"position\":1,\"name\":\"Hogar\",\"item\":\"https:\\\/\\\/api.croghan.bank\\\/es\\\/\"},{\"@type\":\"ListItem\",\"position\":2,\"name\":\"Negocio\",\"item\":\"https:\\\/\\\/api.croghan.bank\\\/es\\\/negocio\\\/\"},{\"@type\":\"ListItem\",\"position\":3,\"name\":\"Pr\u00e9stamos comerciales\"}]},{\"@type\":\"WebSite\",\"@id\":\"https:\\\/\\\/api.croghan.bank\\\/es\\\/#website\",\"url\":\"https:\\\/\\\/api.croghan.bank\\\/es\\\/\",\"name\":\"Banco Croghan sin cabeza\",\"description\":\"\",\"potentialAction\":[{\"@type\":\"SearchAction\",\"target\":{\"@type\":\"EntryPoint\",\"urlTemplate\":\"https:\\\/\\\/api.croghan.bank\\\/es\\\/?s={search_term_string}\"},\"query-input\":{\"@type\":\"PropertyValueSpecification\",\"valueRequired\":true,\"valueName\":\"search_term_string\"}}],\"inLanguage\":\"es\"}]}<\/script>\n<!-- \/ Yoast SEO plugin. -->","yoast_head_json":{"title":"Pr\u00e9stamos comerciales | Banco Colonial Croghan","description":"Pr\u00e9stamos a plazo, l\u00edneas de cr\u00e9dito, SBA, financiaci\u00f3n de bienes ra\u00edces comerciales y equipos para empresas de Ohio \u2014 respaldados localmente por prestamistas que realmente conocer\u00e1s.","robots":{"index":"noindex","follow":"follow","max-snippet":"max-snippet:-1","max-image-preview":"max-image-preview:large","max-video-preview":"max-video-preview:-1"},"og_locale":"es_ES","og_type":"article","og_title":"Pr\u00e9stamos comerciales | Banco Colonial Croghan","og_description":"Pr\u00e9stamos a plazo, l\u00edneas de cr\u00e9dito, SBA, financiaci\u00f3n de bienes ra\u00edces comerciales y equipos para empresas de Ohio \u2014 respaldados localmente por prestamistas que realmente conocer\u00e1s.","og_url":"https:\/\/api.croghan.bank\/es\/negocio\/prestamos-comerciales\/","og_site_name":"Banco Croghan sin cabeza","article_modified_time":"2026-04-21T19:42:59+00:00","twitter_card":"summary_large_image","schema":{"@context":"https:\/\/schema.org","@graph":[{"@type":"WebPage","@id":"https:\/\/api.croghan.bank\/es\/negocio\/prestamos-comerciales\/","url":"https:\/\/api.croghan.bank\/es\/negocio\/prestamos-comerciales\/","name":"Pr\u00e9stamos comerciales | Banco Colonial Croghan","isPartOf":{"@id":"https:\/\/api.croghan.bank\/es\/#website"},"datePublished":"2025-01-16T20:36:19+00:00","dateModified":"2026-04-21T19:42:59+00:00","description":"Pr\u00e9stamos a plazo, l\u00edneas de cr\u00e9dito, SBA, financiaci\u00f3n de bienes ra\u00edces comerciales y equipos para empresas de Ohio \u2014 respaldados localmente por prestamistas que realmente conocer\u00e1s.","breadcrumb":{"@id":"https:\/\/api.croghan.bank\/es\/negocio\/prestamos-comerciales\/#breadcrumb"},"inLanguage":"es","potentialAction":[{"@type":"ReadAction","target":["https:\/\/api.croghan.bank\/es\/negocio\/prestamos-comerciales\/"]}]},{"@type":"BreadcrumbList","@id":"https:\/\/api.croghan.bank\/es\/negocio\/prestamos-comerciales\/#breadcrumb","itemListElement":[{"@type":"ListItem","position":1,"name":"Hogar","item":"https:\/\/api.croghan.bank\/es\/"},{"@type":"ListItem","position":2,"name":"Negocio","item":"https:\/\/api.croghan.bank\/es\/negocio\/"},{"@type":"ListItem","position":3,"name":"Pr\u00e9stamos comerciales"}]},{"@type":"WebSite","@id":"https:\/\/api.croghan.bank\/es\/#website","url":"https:\/\/api.croghan.bank\/es\/","name":"Banco Croghan sin cabeza","description":"","potentialAction":[{"@type":"SearchAction","target":{"@type":"EntryPoint","urlTemplate":"https:\/\/api.croghan.bank\/es\/?s={search_term_string}"},"query-input":{"@type":"PropertyValueSpecification","valueRequired":true,"valueName":"search_term_string"}}],"inLanguage":"es"}]}},"_links":{"self":[{"href":"https:\/\/api.croghan.bank\/es\/wp-json\/wp\/v2\/pages\/4531","targetHints":{"allow":["GET"]}}],"collection":[{"href":"https:\/\/api.croghan.bank\/es\/wp-json\/wp\/v2\/pages"}],"about":[{"href":"https:\/\/api.croghan.bank\/es\/wp-json\/wp\/v2\/types\/page"}],"author":[{"embeddable":true,"href":"https:\/\/api.croghan.bank\/es\/wp-json\/wp\/v2\/users\/1"}],"replies":[{"embeddable":true,"href":"https:\/\/api.croghan.bank\/es\/wp-json\/wp\/v2\/comments?post=4531"}],"version-history":[{"count":1,"href":"https:\/\/api.croghan.bank\/es\/wp-json\/wp\/v2\/pages\/4531\/revisions"}],"predecessor-version":[{"id":7201,"href":"https:\/\/api.croghan.bank\/es\/wp-json\/wp\/v2\/pages\/4531\/revisions\/7201"}],"up":[{"embeddable":true,"href":"https:\/\/api.croghan.bank\/es\/wp-json\/wp\/v2\/pages\/4487"}],"wp:attachment":[{"href":"https:\/\/api.croghan.bank\/es\/wp-json\/wp\/v2\/media?parent=4531"}],"wp:term":[{"taxonomy":"category","embeddable":true,"href":"https:\/\/api.croghan.bank\/es\/wp-json\/wp\/v2\/categories?post=4531"},{"taxonomy":"post_tag","embeddable":true,"href":"https:\/\/api.croghan.bank\/es\/wp-json\/wp\/v2\/tags?post=4531"}],"curies":[{"name":"wp","href":"https:\/\/api.w.org\/{rel}","templated":true}]}}