{"id":4532,"date":"2025-03-27T14:29:41","date_gmt":"2025-03-27T14:29:41","guid":{"rendered":"https:\/\/api.croghan.bank\/recursos\/solicitar-una-hipoteca\/lista-de-verificacion-de-la-aplicacion\/"},"modified":"2026-04-21T19:42:50","modified_gmt":"2026-04-21T19:42:50","slug":"lista-de-verificacion-de-la-aplicacion","status":"publish","type":"page","link":"https:\/\/api.croghan.bank\/es\/recursos\/solicitar-una-hipoteca\/lista-de-verificacion-de-la-aplicacion\/","title":{"rendered":"Lista de verificaci\u00f3n de la aplicaci\u00f3n"},"content":{"rendered":"","protected":false},"excerpt":{"rendered":"","protected":false},"author":1,"featured_media":0,"parent":4461,"menu_order":0,"comment_status":"closed","ping_status":"closed","template":"","meta":{"_acf_changed":false,"inline_featured_image":false,"footnotes":""},"categories":[],"tags":[],"class_list":["post-4532","page","type-page","status-publish","hentry"],"acf":{"modules":[{"acf_fc_layout":"bread_crumb_nav_hero","title":"<h1>Est\u00e9 preparado para un proceso de pr\u00e9stamo m\u00e1s fluido<\/h1>","subtitle":"","content":"Reunir los documentos correctos con anticipaci\u00f3n puede hacer que su solicitud de hipoteca sea m\u00e1s r\u00e1pida y menos estresante. Los prestamistas requieren registros financieros y personales para evaluar sus ingresos, activos, historial crediticio y antecedentes residenciales. Use esta lista de verificaci\u00f3n para prepararse para un proceso de pr\u00e9stamo sin problemas.  ","buttons":[{"button":{"link":{"title":"Aplica hoy","url":"http:\/\/croghancolonialbank.flexapp1003.com\/loanportal\/","target":"_blank"},"button_style":"solid","button_color":"dBlue","opens_modal":false,"video":null}},{"button":{"link":{"title":"Cont\u00e1ctenos","url":"\/contact-us","target":""},"button_style":"outlined","button_color":"dBlue","opens_modal":false,"video":null}}],"module_anchor_id":"","module_padding_inner":"noPaddingInner","module_spacing_after":"defaultSpacingAfter"},{"acf_fc_layout":"full_width_media","media_type":"image","image":3800,"video":null,"video_youtube":"","video_poster_image":null,"module_upper_half_background_color":"blue","module_lower_half_background_color":"white","module_anchor_id":"","module_padding_inner":"noPaddingInner","module_spacing_after":"compactSpacingAfter"},{"acf_fc_layout":"content_and_cards_row","title":"<h2>Documentos esenciales para la solicitud de hipoteca<\/h2>","content":"","cards_row":[{"icon":"","icon_dark_mode":null,"eyebrow":"","title":"<h3>Comprobante de ingresos y empleo<\/h3>","content":"Los prestamistas deben verificar que usted tenga ingresos estables y confiables para pagar los pagos de su hipoteca. Es posible que se le pida: \n<ul>\n \t<li><strong>Declaraciones de impuestos y W-2<\/strong> : por lo general, se requieren durante los \u00faltimos dos a\u00f1os para confirmar la estabilidad de los ingresos.<\/li>\n \t<li><strong>Talones de pago recientes<\/strong> : un historial de 30 d\u00edas que muestra las ganancias actuales.<\/li>\n \t<li><strong>Documentaci\u00f3n de ingresos alternativos<\/strong> : incluye manutenci\u00f3n de los hijos, seguro social o pagos por discapacidad.<\/li>\n \t<li><strong>Informaci\u00f3n de contacto del empleador<\/strong> : nombre, direcci\u00f3n y datos de contacto de su empleador.<\/li>\n<\/ul>","link":null},{"icon":"","icon_dark_mode":null,"eyebrow":"","title":"<h3>Comprobante de activos<\/h3>","content":"Los prestamistas eval\u00faan sus reservas financieras para asegurarse de que tenga fondos disponibles para los pagos iniciales, los costos de cierre y las emergencias. Los documentos pueden incluir: \n<ul>\n \t<li><strong>Estados de cuenta bancarios<\/strong> : \u00faltimos 30-60 d\u00edas que muestran los saldos de sus cuentas.<\/li>\n \t<li><strong>Comprobante de propiedades adicionales<\/strong> : si posee otros bienes inmuebles, proporcione documentaci\u00f3n.<\/li>\n \t<li><strong>Cartas de regalo<\/strong> : si recibe asistencia financiera para la compra de su casa, es posible que se requiera una carta que confirme que los fondos son un regalo (no un pr\u00e9stamo).<\/li>\n<\/ul>","link":null},{"icon":"","icon_dark_mode":null,"eyebrow":"","title":"<h3>Cr\u00e9dito e Historial Residencial<\/h3>","content":"Su solvencia juega un papel clave en la aprobaci\u00f3n del pr\u00e9stamo. Est\u00e9 preparado para proporcionar: \n<ul>\n \t<li><strong>Informe de cr\u00e9dito<\/strong> : los prestamistas lo extraer\u00e1n para revisar su historial de pagos y obligaciones de deuda.<\/li>\n \t<li><strong>Comprobante de pagos de alquiler<\/strong> : si actualmente est\u00e1 alquilando, es posible que se solicite el historial de pagos de alquiler anteriores.<\/li>\n \t<li><strong>Lista de direcciones anteriores<\/strong> : los prestamistas pueden solicitar un registro de residencias anteriores e informaci\u00f3n de contacto del propietario.<\/li>\n<\/ul>","link":null}],"module_stacked_rows":false,"module_upper-half_background_color":"blue","module_lower-half_background_color":"white","module_anchor_id":"","module_padding_inner":"noPaddingInner","module_spacing_after":"defaultSpacingAfter"},{"acf_fc_layout":"fifty_fifty_advanced_content","image":3801,"eyebrow":"","title":"<h2>Por qu\u00e9 es importante prepararse con anticipaci\u00f3n<\/h2>","content":"Tener estos documentos listos antes de presentar la solicitud puede:\n<ul>\n \t<li>Acelere la aprobaci\u00f3n de pr\u00e9stamos<\/li>\n \t<li>Reducir el estr\u00e9s y los retrasos<\/li>\n \t<li>Fortalezca su solicitud de hipoteca<\/li>\n<\/ul>","buttons":null,"module_image_alignment":"imageLeft","module_background_color":"white","module_anchor_id":"","module_padding_inner":"noPaddingInner","module_spacing_after":"defaultSpacingAfter"},{"acf_fc_layout":"content_card_pattern_accent","image":3802,"eyebrow":"","title":"<h2>Obtenga orientaci\u00f3n de expertos<\/h2>","content":"Cada situaci\u00f3n hipotecaria es \u00fanica. Nuestros oficiales de pr\u00e9stamos est\u00e1n aqu\u00ed para guiarlo a trav\u00e9s del proceso y asegurarse de que tenga todo lo que necesita para avanzar con confianza. ","buttons":[{"button":{"link":{"title":"Solicitar una hipoteca","url":"http:\/\/croghancolonialbank.flexapp1003.com\/loanportal\/","target":"_blank"},"button_style":"solid","button_color":"dBlue","opens_modal":false,"video":null}},{"button":{"link":{"title":"Cont\u00e1ctenos","url":"\/contact-us","target":""},"button_style":"outlined","button_color":"dBlue","opens_modal":false,"video":null}}],"disclaimer":"","module_image_alignment":"imageRight","module_card_background_color":"cardBackgroundBlue","module_anchor_id":"","module_padding_inner":"paddingInnerBottom","module_spacing_after":"compactSpacingAfter"},{"acf_fc_layout":"accordion","eyebrow":null,"accordion_items":null,"module_anchor_id":null,"module_padding_inner":null,"module_spacing_after":null},{"acf_fc_layout":"location_pre_footer","module_anchor_id":"","module_padding_inner":"noPaddingInner","module_spacing_after":"defaultSpacingAfter"}]},"yoast_head":"<!-- This site is optimized with the Yoast SEO plugin v27.5 - https:\/\/yoast.com\/product\/yoast-seo-wordpress\/ -->\n<title>Lista de verificaci\u00f3n para la solicitud de hipoteca | Banco Colonial Croghan<\/title>\n<meta name=\"description\" content=\"Recibos de n\u00f3mina, declaraciones de impuestos, extractos bancarios, identificaci\u00f3n \u2014 utiliza la lista de verificaci\u00f3n de solicitudes de hipoteca de Croghan para recopilar todo lo que necesitas antes de solicitarlo.\" \/>\n<meta name=\"robots\" content=\"noindex, follow, max-snippet:-1, max-image-preview:large, max-video-preview:-1\" \/>\n<meta property=\"og:locale\" content=\"es_ES\" \/>\n<meta property=\"og:type\" content=\"article\" \/>\n<meta property=\"og:title\" content=\"Lista de verificaci\u00f3n para la solicitud de hipoteca | Banco Colonial Croghan\" \/>\n<meta property=\"og:description\" content=\"Recibos de n\u00f3mina, declaraciones de impuestos, extractos bancarios, identificaci\u00f3n \u2014 utiliza la lista de verificaci\u00f3n de solicitudes de hipoteca de Croghan para recopilar todo lo que necesitas antes de solicitarlo.\" \/>\n<meta property=\"og:url\" content=\"https:\/\/api.croghan.bank\/es\/recursos\/solicitar-una-hipoteca\/lista-de-verificacion-de-la-aplicacion\/\" \/>\n<meta property=\"og:site_name\" content=\"Banco Croghan sin cabeza\" \/>\n<meta property=\"article:modified_time\" content=\"2026-04-21T19:42:50+00:00\" \/>\n<meta name=\"twitter:card\" content=\"summary_large_image\" \/>\n<script type=\"application\/ld+json\" class=\"yoast-schema-graph\">{\"@context\":\"https:\\\/\\\/schema.org\",\"@graph\":[{\"@type\":\"WebPage\",\"@id\":\"https:\\\/\\\/api.croghan.bank\\\/es\\\/recursos\\\/solicitar-una-hipoteca\\\/lista-de-verificacion-de-la-aplicacion\\\/\",\"url\":\"https:\\\/\\\/api.croghan.bank\\\/es\\\/recursos\\\/solicitar-una-hipoteca\\\/lista-de-verificacion-de-la-aplicacion\\\/\",\"name\":\"Lista de verificaci\u00f3n para la solicitud de hipoteca | Banco Colonial Croghan\",\"isPartOf\":{\"@id\":\"https:\\\/\\\/api.croghan.bank\\\/es\\\/#website\"},\"datePublished\":\"2025-03-27T14:29:41+00:00\",\"dateModified\":\"2026-04-21T19:42:50+00:00\",\"description\":\"Recibos de n\u00f3mina, declaraciones de impuestos, extractos bancarios, identificaci\u00f3n \u2014 utiliza la lista de verificaci\u00f3n de solicitudes de hipoteca de Croghan para recopilar todo lo que necesitas antes de solicitarlo.\",\"breadcrumb\":{\"@id\":\"https:\\\/\\\/api.croghan.bank\\\/es\\\/recursos\\\/solicitar-una-hipoteca\\\/lista-de-verificacion-de-la-aplicacion\\\/#breadcrumb\"},\"inLanguage\":\"es\",\"potentialAction\":[{\"@type\":\"ReadAction\",\"target\":[\"https:\\\/\\\/api.croghan.bank\\\/es\\\/recursos\\\/solicitar-una-hipoteca\\\/lista-de-verificacion-de-la-aplicacion\\\/\"]}]},{\"@type\":\"BreadcrumbList\",\"@id\":\"https:\\\/\\\/api.croghan.bank\\\/es\\\/recursos\\\/solicitar-una-hipoteca\\\/lista-de-verificacion-de-la-aplicacion\\\/#breadcrumb\",\"itemListElement\":[{\"@type\":\"ListItem\",\"position\":1,\"name\":\"Hogar\",\"item\":\"https:\\\/\\\/api.croghan.bank\\\/es\\\/\"},{\"@type\":\"ListItem\",\"position\":2,\"name\":\"Recursos\",\"item\":\"https:\\\/\\\/api.croghan.bank\\\/es\\\/recursos\\\/\"},{\"@type\":\"ListItem\",\"position\":3,\"name\":\"Solicitar una hipoteca\",\"item\":\"https:\\\/\\\/api.croghan.bank\\\/es\\\/recursos\\\/solicitar-una-hipoteca\\\/\"},{\"@type\":\"ListItem\",\"position\":4,\"name\":\"Lista de verificaci\u00f3n de la aplicaci\u00f3n\"}]},{\"@type\":\"WebSite\",\"@id\":\"https:\\\/\\\/api.croghan.bank\\\/es\\\/#website\",\"url\":\"https:\\\/\\\/api.croghan.bank\\\/es\\\/\",\"name\":\"Banco Croghan sin cabeza\",\"description\":\"\",\"potentialAction\":[{\"@type\":\"SearchAction\",\"target\":{\"@type\":\"EntryPoint\",\"urlTemplate\":\"https:\\\/\\\/api.croghan.bank\\\/es\\\/?s={search_term_string}\"},\"query-input\":{\"@type\":\"PropertyValueSpecification\",\"valueRequired\":true,\"valueName\":\"search_term_string\"}}],\"inLanguage\":\"es\"}]}<\/script>\n<!-- \/ Yoast SEO plugin. -->","yoast_head_json":{"title":"Lista de verificaci\u00f3n para la solicitud de hipoteca | Banco Colonial Croghan","description":"Recibos de n\u00f3mina, declaraciones de impuestos, extractos bancarios, identificaci\u00f3n \u2014 utiliza la lista de verificaci\u00f3n de solicitudes de hipoteca de Croghan para recopilar todo lo que necesitas antes de solicitarlo.","robots":{"index":"noindex","follow":"follow","max-snippet":"max-snippet:-1","max-image-preview":"max-image-preview:large","max-video-preview":"max-video-preview:-1"},"og_locale":"es_ES","og_type":"article","og_title":"Lista de verificaci\u00f3n para la solicitud de hipoteca | Banco Colonial Croghan","og_description":"Recibos de n\u00f3mina, declaraciones de impuestos, extractos bancarios, identificaci\u00f3n \u2014 utiliza la lista de verificaci\u00f3n de solicitudes de hipoteca de Croghan para recopilar todo lo que necesitas antes de solicitarlo.","og_url":"https:\/\/api.croghan.bank\/es\/recursos\/solicitar-una-hipoteca\/lista-de-verificacion-de-la-aplicacion\/","og_site_name":"Banco Croghan sin cabeza","article_modified_time":"2026-04-21T19:42:50+00:00","twitter_card":"summary_large_image","schema":{"@context":"https:\/\/schema.org","@graph":[{"@type":"WebPage","@id":"https:\/\/api.croghan.bank\/es\/recursos\/solicitar-una-hipoteca\/lista-de-verificacion-de-la-aplicacion\/","url":"https:\/\/api.croghan.bank\/es\/recursos\/solicitar-una-hipoteca\/lista-de-verificacion-de-la-aplicacion\/","name":"Lista de verificaci\u00f3n para la solicitud de hipoteca | Banco Colonial Croghan","isPartOf":{"@id":"https:\/\/api.croghan.bank\/es\/#website"},"datePublished":"2025-03-27T14:29:41+00:00","dateModified":"2026-04-21T19:42:50+00:00","description":"Recibos de n\u00f3mina, declaraciones de impuestos, extractos bancarios, identificaci\u00f3n \u2014 utiliza la lista de verificaci\u00f3n de solicitudes de hipoteca de Croghan para recopilar todo lo que necesitas antes de solicitarlo.","breadcrumb":{"@id":"https:\/\/api.croghan.bank\/es\/recursos\/solicitar-una-hipoteca\/lista-de-verificacion-de-la-aplicacion\/#breadcrumb"},"inLanguage":"es","potentialAction":[{"@type":"ReadAction","target":["https:\/\/api.croghan.bank\/es\/recursos\/solicitar-una-hipoteca\/lista-de-verificacion-de-la-aplicacion\/"]}]},{"@type":"BreadcrumbList","@id":"https:\/\/api.croghan.bank\/es\/recursos\/solicitar-una-hipoteca\/lista-de-verificacion-de-la-aplicacion\/#breadcrumb","itemListElement":[{"@type":"ListItem","position":1,"name":"Hogar","item":"https:\/\/api.croghan.bank\/es\/"},{"@type":"ListItem","position":2,"name":"Recursos","item":"https:\/\/api.croghan.bank\/es\/recursos\/"},{"@type":"ListItem","position":3,"name":"Solicitar una hipoteca","item":"https:\/\/api.croghan.bank\/es\/recursos\/solicitar-una-hipoteca\/"},{"@type":"ListItem","position":4,"name":"Lista de verificaci\u00f3n de la aplicaci\u00f3n"}]},{"@type":"WebSite","@id":"https:\/\/api.croghan.bank\/es\/#website","url":"https:\/\/api.croghan.bank\/es\/","name":"Banco Croghan sin cabeza","description":"","potentialAction":[{"@type":"SearchAction","target":{"@type":"EntryPoint","urlTemplate":"https:\/\/api.croghan.bank\/es\/?s={search_term_string}"},"query-input":{"@type":"PropertyValueSpecification","valueRequired":true,"valueName":"search_term_string"}}],"inLanguage":"es"}]}},"_links":{"self":[{"href":"https:\/\/api.croghan.bank\/es\/wp-json\/wp\/v2\/pages\/4532","targetHints":{"allow":["GET"]}}],"collection":[{"href":"https:\/\/api.croghan.bank\/es\/wp-json\/wp\/v2\/pages"}],"about":[{"href":"https:\/\/api.croghan.bank\/es\/wp-json\/wp\/v2\/types\/page"}],"author":[{"embeddable":true,"href":"https:\/\/api.croghan.bank\/es\/wp-json\/wp\/v2\/users\/1"}],"replies":[{"embeddable":true,"href":"https:\/\/api.croghan.bank\/es\/wp-json\/wp\/v2\/comments?post=4532"}],"version-history":[{"count":1,"href":"https:\/\/api.croghan.bank\/es\/wp-json\/wp\/v2\/pages\/4532\/revisions"}],"predecessor-version":[{"id":7571,"href":"https:\/\/api.croghan.bank\/es\/wp-json\/wp\/v2\/pages\/4532\/revisions\/7571"}],"up":[{"embeddable":true,"href":"https:\/\/api.croghan.bank\/es\/wp-json\/wp\/v2\/pages\/4461"}],"wp:attachment":[{"href":"https:\/\/api.croghan.bank\/es\/wp-json\/wp\/v2\/media?parent=4532"}],"wp:term":[{"taxonomy":"category","embeddable":true,"href":"https:\/\/api.croghan.bank\/es\/wp-json\/wp\/v2\/categories?post=4532"},{"taxonomy":"post_tag","embeddable":true,"href":"https:\/\/api.croghan.bank\/es\/wp-json\/wp\/v2\/tags?post=4532"}],"curies":[{"name":"wp","href":"https:\/\/api.w.org\/{rel}","templated":true}]}}