{"id":4535,"date":"2025-03-27T15:11:15","date_gmt":"2025-03-27T15:11:15","guid":{"rendered":"https:\/\/api.croghan.bank\/recursos\/solicitar-una-hipoteca\/obtenga-la-aprobacion-mas-rapido\/"},"modified":"2026-04-21T19:42:47","modified_gmt":"2026-04-21T19:42:47","slug":"obtenga-la-aprobacion-mas-rapido","status":"publish","type":"page","link":"https:\/\/api.croghan.bank\/es\/recursos\/solicitar-una-hipoteca\/obtenga-la-aprobacion-mas-rapido\/","title":{"rendered":"Obtenga la aprobaci\u00f3n m\u00e1s r\u00e1pido"},"content":{"rendered":"","protected":false},"excerpt":{"rendered":"","protected":false},"author":1,"featured_media":0,"parent":4461,"menu_order":0,"comment_status":"closed","ping_status":"closed","template":"","meta":{"_acf_changed":false,"inline_featured_image":false,"footnotes":""},"categories":[],"tags":[],"class_list":["post-4535","page","type-page","status-publish","hentry"],"acf":{"modules":[{"acf_fc_layout":"bread_crumb_nav_hero","title":"<h1>Acelere el proceso de su hipoteca<\/h1>","subtitle":"","content":"En Croghan Colonial Bank, hacemos que el proceso de pr\u00e9stamo hipotecario sea lo m\u00e1s sencillo posible. Nuestro equipo aprovecha la experiencia local y la tecnolog\u00eda avanzada para ayudarlo a obtener una decisi\u00f3n de pr\u00e9stamo y financiamiento r\u00e1pidamente. \u00bfQuieres que las cosas avancen a\u00fan m\u00e1s r\u00e1pido? Aqu\u00ed hay cinco maneras de acelerar el proceso de hipoteca y entrar en su nuevo hogar antes.   ","buttons":[{"button":{"link":{"title":"Aplica hoy","url":"http:\/\/croghancolonialbank.flexapp1003.com\/loanportal\/","target":"_blank"},"button_style":"solid","button_color":"dBlue","opens_modal":false,"video":null}},{"button":{"link":{"title":"Cont\u00e1ctenos","url":"\/contact-us","target":""},"button_style":"outlined","button_color":"dBlue","opens_modal":false,"video":null}}],"module_anchor_id":"","module_padding_inner":"noPaddingInner","module_spacing_after":"defaultSpacingAfter"},{"acf_fc_layout":"full_width_media","media_type":"image","image":3809,"video":null,"video_youtube":"","video_poster_image":null,"module_upper_half_background_color":"blue","module_lower_half_background_color":"white","module_anchor_id":"","module_padding_inner":"noPaddingInner","module_spacing_after":"defaultSpacingAfter"},{"acf_fc_layout":"floating_cards","eyebrow":"","title":"<h2>5 formas de obtener la aprobaci\u00f3n de su pr\u00e9stamo m\u00e1s r\u00e1pido<\/h2>","content":"","buttons":null,"cards_alignment":"cardsLeft","card_style_type":"cardTypeBasic","floating_cards":[{"icon":"","icon_dark_mode":null,"eyebrow":"","title":"<h3>Mantente organizado<\/h3>","description":"Re\u00fana todos los documentos necesarios con anticipaci\u00f3n y gu\u00e1rdelos en un solo lugar. Esto incluye talones de pago, estados de cuenta bancarios, declaraciones de impuestos y formularios W-2. Tener todo listo reduce los retrasos y hace que el proceso sea menos estresante.  ","image":null,"link":null},{"icon":"","icon_dark_mode":null,"eyebrow":"","title":"<h3>Sea honesto y minucioso en su solicitud<\/h3>","description":"Complete su solicitud de pr\u00e9stamo de manera completa y precisa. Omitir las cuentas de cr\u00e9dito, el historial laboral o las obligaciones financieras puede ralentizar el proceso y crear obst\u00e1culos innecesarios. La transparencia garantiza una aprobaci\u00f3n m\u00e1s fluida y r\u00e1pida.  ","image":null,"link":null},{"icon":"","icon_dark_mode":null,"eyebrow":"","title":"<h3>Responda r\u00e1pidamente a las solicitudes<\/h3>","description":"Su prestamista puede solicitar documentos o aclaraciones adicionales durante el proceso de revisi\u00f3n. Responder con prontitud ayuda a mantener todo en orden y evita retrasos innecesarios. ","image":null,"link":null},{"icon":"","icon_dark_mode":null,"eyebrow":"","title":"<h3>Prep\u00e1rese para las preguntas sobre el informe de cr\u00e9dito<\/h3>","description":"Si tiene pagos atrasados, morosidad pasada u otros problemas de cr\u00e9dito, est\u00e9 preparado para proporcionar una explicaci\u00f3n. Ya sea debido a la p\u00e9rdida del empleo, gastos m\u00e9dicos u otras circunstancias, compartir los detalles por adelantado puede ayudar a su prestamista a comprender su situaci\u00f3n. ","image":null,"link":null},{"icon":"","icon_dark_mode":null,"eyebrow":"","title":"<h3>Programe la evaluaci\u00f3n lo antes posible<\/h3>","description":"La tasaci\u00f3n de la vivienda es uno de los pasos m\u00e1s largos en el proceso de pr\u00e9stamo. Si est\u00e1 refinanciando, programe la cita tan pronto como el tasador llame para evitar esperas innecesarias. Recuerde, los tasadores se enfocan en el valor de la casa, no en el desorden menor, no retrase el proceso por la limpieza de \u00faltimo minuto.  ","image":null,"link":null}],"module_background_style":"accentTriangle","module_anchor_id":"","module_padding_inner":"noPaddingInner","module_spacing_after":"defaultSpacingAfter"},{"acf_fc_layout":"floating_cards","eyebrow":"","title":"<h2>El poder de la preaprobaci\u00f3n de pr\u00e9stamos hipotecarios<\/h2>","content":"Obtener una aprobaci\u00f3n previa antes de comenzar a buscar una casa puede ahorrarle tiempo y brindarle una ventaja competitiva en el mercado. Con una hipoteca preaprobada, podr\u00e1s: ","buttons":null,"cards_alignment":"cardsRight","card_style_type":"cardTypeBasic","floating_cards":[{"icon":"","icon_dark_mode":null,"eyebrow":"","title":"<h3>Conozca su presupuesto<\/h3>","description":"Conc\u00e9ntrese en las casas dentro de su rango de precios.","image":null,"link":null},{"icon":"","icon_dark_mode":null,"eyebrow":"","title":"<h3>Acelere el cierre<\/h3>","description":"Gran parte de la revisi\u00f3n financiera ya se ha completado.","image":null,"link":null},{"icon":"","icon_dark_mode":null,"eyebrow":"","title":"<h3>Fortalezca su oferta<\/h3>","description":"Los vendedores se toman m\u00e1s en serio a los compradores preaprobados.","image":null,"link":null}],"module_background_style":"accentTriangle","module_anchor_id":"","module_padding_inner":"noPaddingInner","module_spacing_after":"defaultSpacingAfter"},{"acf_fc_layout":"fifty_fifty_advanced_content","image":3810,"eyebrow":"","title":"<h2>Lo que necesita para la aprobaci\u00f3n previa<\/h2>","content":"Para obtener la aprobaci\u00f3n previa, deber\u00e1 presentar una solicitud de hipoteca junto con:\n<ul>\n \t<li>Comprobantes de pago recientes de un mes<\/li>\n \t<li>Estados de cuenta bancarios\n y de activos de dos meses (cuentas corrientes, de ahorros, de jubilaci\u00f3n)<\/li>\n \t<li>\u00daltimos dos a\u00f1os de declaraciones W-2<\/li>\n \t<li>Dos a\u00f1os de declaraciones de impuestos (si trabaja por cuenta propia, es un\ncontratista independiente o se basa en comisiones)<\/li>\n<\/ul>\n<strong>Importante<\/strong>: Una preaprobaci\u00f3n no es una garant\u00eda de pr\u00e9stamo. Los cambios en los ingresos, el empleo o las tasas de inter\u00e9s pueden requerir una reevaluaci\u00f3n antes de la aprobaci\u00f3n final del pr\u00e9stamo. ","buttons":null,"module_image_alignment":"imageRight","module_background_color":"white","module_anchor_id":"","module_padding_inner":"noPaddingInner","module_spacing_after":"defaultSpacingAfter"},{"acf_fc_layout":"content_card_pattern_accent","image":3811,"eyebrow":"","title":"<h2>Comience hoy mismo<\/h2>","content":"\u00bfListo para seguir adelante con su pr\u00e9stamo hipotecario? P\u00f3ngase en contacto con Croghan Colonial Bank para iniciar el proceso de preaprobaci\u00f3n y acelerar su camino hacia la propiedad de una vivienda. ","buttons":[{"button":{"link":{"title":"Solicitar una hipoteca","url":"http:\/\/croghancolonialbank.flexapp1003.com\/loanportal\/","target":"_blank"},"button_style":"solid","button_color":"dBlue","opens_modal":false,"video":null}},{"button":{"link":{"title":"Encuentre un oficial de pr\u00e9stamos","url":"\/contact-us","target":""},"button_style":"outlined","button_color":"dBlue","opens_modal":false,"video":null}}],"disclaimer":"","module_image_alignment":"imageLeft","module_card_background_color":"cardBackgroundBlue","module_anchor_id":"","module_padding_inner":"paddingInnerBottom","module_spacing_after":"compactSpacingAfter"},{"acf_fc_layout":"accordion","eyebrow":null,"accordion_items":null,"module_anchor_id":null,"module_padding_inner":null,"module_spacing_after":null},{"acf_fc_layout":"location_pre_footer","module_anchor_id":"","module_padding_inner":"noPaddingInner","module_spacing_after":"defaultSpacingAfter"}]},"yoast_head":"<!-- This site is optimized with the Yoast SEO plugin v27.5 - https:\/\/yoast.com\/product\/yoast-seo-wordpress\/ -->\n<title>Obt\u00e9n la aprobaci\u00f3n de una hipoteca m\u00e1s r\u00e1pido | Croghan<\/title>\n<meta name=\"description\" content=\"Cinco consejos pr\u00e1cticos de asesores hipotecarios de Croghan para acelerar tu aprobaci\u00f3n, desde la preparaci\u00f3n de cr\u00e9ditos y la documentaci\u00f3n hasta la elecci\u00f3n del programa de pr\u00e9stamos adecuado.\" \/>\n<meta name=\"robots\" content=\"noindex, follow, max-snippet:-1, max-image-preview:large, max-video-preview:-1\" \/>\n<meta property=\"og:locale\" content=\"es_ES\" \/>\n<meta property=\"og:type\" content=\"article\" \/>\n<meta property=\"og:title\" content=\"Obt\u00e9n la aprobaci\u00f3n de una hipoteca m\u00e1s r\u00e1pido | Croghan\" \/>\n<meta property=\"og:description\" content=\"Cinco consejos pr\u00e1cticos de asesores hipotecarios de Croghan para acelerar tu aprobaci\u00f3n, desde la preparaci\u00f3n de cr\u00e9ditos y la documentaci\u00f3n hasta la elecci\u00f3n del programa de pr\u00e9stamos adecuado.\" \/>\n<meta property=\"og:url\" content=\"https:\/\/api.croghan.bank\/es\/recursos\/solicitar-una-hipoteca\/obtenga-la-aprobacion-mas-rapido\/\" \/>\n<meta property=\"og:site_name\" content=\"Banco Croghan sin cabeza\" \/>\n<meta property=\"article:modified_time\" content=\"2026-04-21T19:42:47+00:00\" \/>\n<meta name=\"twitter:card\" content=\"summary_large_image\" \/>\n<script type=\"application\/ld+json\" class=\"yoast-schema-graph\">{\"@context\":\"https:\\\/\\\/schema.org\",\"@graph\":[{\"@type\":\"WebPage\",\"@id\":\"https:\\\/\\\/api.croghan.bank\\\/es\\\/recursos\\\/solicitar-una-hipoteca\\\/obtenga-la-aprobacion-mas-rapido\\\/\",\"url\":\"https:\\\/\\\/api.croghan.bank\\\/es\\\/recursos\\\/solicitar-una-hipoteca\\\/obtenga-la-aprobacion-mas-rapido\\\/\",\"name\":\"Obt\u00e9n la aprobaci\u00f3n de una hipoteca m\u00e1s r\u00e1pido | Croghan\",\"isPartOf\":{\"@id\":\"https:\\\/\\\/api.croghan.bank\\\/es\\\/#website\"},\"datePublished\":\"2025-03-27T15:11:15+00:00\",\"dateModified\":\"2026-04-21T19:42:47+00:00\",\"description\":\"Cinco consejos pr\u00e1cticos de asesores hipotecarios de Croghan para acelerar tu aprobaci\u00f3n, desde la preparaci\u00f3n de cr\u00e9ditos y la documentaci\u00f3n hasta la elecci\u00f3n del programa de pr\u00e9stamos adecuado.\",\"breadcrumb\":{\"@id\":\"https:\\\/\\\/api.croghan.bank\\\/es\\\/recursos\\\/solicitar-una-hipoteca\\\/obtenga-la-aprobacion-mas-rapido\\\/#breadcrumb\"},\"inLanguage\":\"es\",\"potentialAction\":[{\"@type\":\"ReadAction\",\"target\":[\"https:\\\/\\\/api.croghan.bank\\\/es\\\/recursos\\\/solicitar-una-hipoteca\\\/obtenga-la-aprobacion-mas-rapido\\\/\"]}]},{\"@type\":\"BreadcrumbList\",\"@id\":\"https:\\\/\\\/api.croghan.bank\\\/es\\\/recursos\\\/solicitar-una-hipoteca\\\/obtenga-la-aprobacion-mas-rapido\\\/#breadcrumb\",\"itemListElement\":[{\"@type\":\"ListItem\",\"position\":1,\"name\":\"Hogar\",\"item\":\"https:\\\/\\\/api.croghan.bank\\\/es\\\/\"},{\"@type\":\"ListItem\",\"position\":2,\"name\":\"Recursos\",\"item\":\"https:\\\/\\\/api.croghan.bank\\\/es\\\/recursos\\\/\"},{\"@type\":\"ListItem\",\"position\":3,\"name\":\"Solicitar una hipoteca\",\"item\":\"https:\\\/\\\/api.croghan.bank\\\/es\\\/recursos\\\/solicitar-una-hipoteca\\\/\"},{\"@type\":\"ListItem\",\"position\":4,\"name\":\"Obtenga la aprobaci\u00f3n m\u00e1s r\u00e1pido\"}]},{\"@type\":\"WebSite\",\"@id\":\"https:\\\/\\\/api.croghan.bank\\\/es\\\/#website\",\"url\":\"https:\\\/\\\/api.croghan.bank\\\/es\\\/\",\"name\":\"Banco Croghan sin cabeza\",\"description\":\"\",\"potentialAction\":[{\"@type\":\"SearchAction\",\"target\":{\"@type\":\"EntryPoint\",\"urlTemplate\":\"https:\\\/\\\/api.croghan.bank\\\/es\\\/?s={search_term_string}\"},\"query-input\":{\"@type\":\"PropertyValueSpecification\",\"valueRequired\":true,\"valueName\":\"search_term_string\"}}],\"inLanguage\":\"es\"}]}<\/script>\n<!-- \/ Yoast SEO plugin. -->","yoast_head_json":{"title":"Obt\u00e9n la aprobaci\u00f3n de una hipoteca m\u00e1s r\u00e1pido | Croghan","description":"Cinco consejos pr\u00e1cticos de asesores hipotecarios de Croghan para acelerar tu aprobaci\u00f3n, desde la preparaci\u00f3n de cr\u00e9ditos y la documentaci\u00f3n hasta la elecci\u00f3n del programa de pr\u00e9stamos adecuado.","robots":{"index":"noindex","follow":"follow","max-snippet":"max-snippet:-1","max-image-preview":"max-image-preview:large","max-video-preview":"max-video-preview:-1"},"og_locale":"es_ES","og_type":"article","og_title":"Obt\u00e9n la aprobaci\u00f3n de una hipoteca m\u00e1s r\u00e1pido | Croghan","og_description":"Cinco consejos pr\u00e1cticos de asesores hipotecarios de Croghan para acelerar tu aprobaci\u00f3n, desde la preparaci\u00f3n de cr\u00e9ditos y la documentaci\u00f3n hasta la elecci\u00f3n del programa de pr\u00e9stamos adecuado.","og_url":"https:\/\/api.croghan.bank\/es\/recursos\/solicitar-una-hipoteca\/obtenga-la-aprobacion-mas-rapido\/","og_site_name":"Banco Croghan sin cabeza","article_modified_time":"2026-04-21T19:42:47+00:00","twitter_card":"summary_large_image","schema":{"@context":"https:\/\/schema.org","@graph":[{"@type":"WebPage","@id":"https:\/\/api.croghan.bank\/es\/recursos\/solicitar-una-hipoteca\/obtenga-la-aprobacion-mas-rapido\/","url":"https:\/\/api.croghan.bank\/es\/recursos\/solicitar-una-hipoteca\/obtenga-la-aprobacion-mas-rapido\/","name":"Obt\u00e9n la aprobaci\u00f3n de una hipoteca m\u00e1s r\u00e1pido | Croghan","isPartOf":{"@id":"https:\/\/api.croghan.bank\/es\/#website"},"datePublished":"2025-03-27T15:11:15+00:00","dateModified":"2026-04-21T19:42:47+00:00","description":"Cinco consejos pr\u00e1cticos de asesores hipotecarios de Croghan para acelerar tu aprobaci\u00f3n, desde la preparaci\u00f3n de cr\u00e9ditos y la documentaci\u00f3n hasta la elecci\u00f3n del programa de pr\u00e9stamos adecuado.","breadcrumb":{"@id":"https:\/\/api.croghan.bank\/es\/recursos\/solicitar-una-hipoteca\/obtenga-la-aprobacion-mas-rapido\/#breadcrumb"},"inLanguage":"es","potentialAction":[{"@type":"ReadAction","target":["https:\/\/api.croghan.bank\/es\/recursos\/solicitar-una-hipoteca\/obtenga-la-aprobacion-mas-rapido\/"]}]},{"@type":"BreadcrumbList","@id":"https:\/\/api.croghan.bank\/es\/recursos\/solicitar-una-hipoteca\/obtenga-la-aprobacion-mas-rapido\/#breadcrumb","itemListElement":[{"@type":"ListItem","position":1,"name":"Hogar","item":"https:\/\/api.croghan.bank\/es\/"},{"@type":"ListItem","position":2,"name":"Recursos","item":"https:\/\/api.croghan.bank\/es\/recursos\/"},{"@type":"ListItem","position":3,"name":"Solicitar una hipoteca","item":"https:\/\/api.croghan.bank\/es\/recursos\/solicitar-una-hipoteca\/"},{"@type":"ListItem","position":4,"name":"Obtenga la aprobaci\u00f3n m\u00e1s r\u00e1pido"}]},{"@type":"WebSite","@id":"https:\/\/api.croghan.bank\/es\/#website","url":"https:\/\/api.croghan.bank\/es\/","name":"Banco Croghan sin cabeza","description":"","potentialAction":[{"@type":"SearchAction","target":{"@type":"EntryPoint","urlTemplate":"https:\/\/api.croghan.bank\/es\/?s={search_term_string}"},"query-input":{"@type":"PropertyValueSpecification","valueRequired":true,"valueName":"search_term_string"}}],"inLanguage":"es"}]}},"_links":{"self":[{"href":"https:\/\/api.croghan.bank\/es\/wp-json\/wp\/v2\/pages\/4535","targetHints":{"allow":["GET"]}}],"collection":[{"href":"https:\/\/api.croghan.bank\/es\/wp-json\/wp\/v2\/pages"}],"about":[{"href":"https:\/\/api.croghan.bank\/es\/wp-json\/wp\/v2\/types\/page"}],"author":[{"embeddable":true,"href":"https:\/\/api.croghan.bank\/es\/wp-json\/wp\/v2\/users\/1"}],"replies":[{"embeddable":true,"href":"https:\/\/api.croghan.bank\/es\/wp-json\/wp\/v2\/comments?post=4535"}],"version-history":[{"count":1,"href":"https:\/\/api.croghan.bank\/es\/wp-json\/wp\/v2\/pages\/4535\/revisions"}],"predecessor-version":[{"id":7566,"href":"https:\/\/api.croghan.bank\/es\/wp-json\/wp\/v2\/pages\/4535\/revisions\/7566"}],"up":[{"embeddable":true,"href":"https:\/\/api.croghan.bank\/es\/wp-json\/wp\/v2\/pages\/4461"}],"wp:attachment":[{"href":"https:\/\/api.croghan.bank\/es\/wp-json\/wp\/v2\/media?parent=4535"}],"wp:term":[{"taxonomy":"category","embeddable":true,"href":"https:\/\/api.croghan.bank\/es\/wp-json\/wp\/v2\/categories?post=4535"},{"taxonomy":"post_tag","embeddable":true,"href":"https:\/\/api.croghan.bank\/es\/wp-json\/wp\/v2\/tags?post=4535"}],"curies":[{"name":"wp","href":"https:\/\/api.w.org\/{rel}","templated":true}]}}